{"id":8943,"date":"2025-01-13T13:52:48","date_gmt":"2025-01-13T13:52:48","guid":{"rendered":"https:\/\/aivlisoft.com\/?post_type=product&#038;p=8943"},"modified":"2025-01-14T13:04:17","modified_gmt":"2025-01-14T13:04:17","slug":"hp-impresora-officejet-200-mobile","status":"publish","type":"product","link":"https:\/\/aivlisoft.net\/shop\/producto\/hp-impresora-officejet-200-mobile\/","title":{"rendered":"HP Impresora Officejet 200 Mobile"},"content":{"rendered":"<p><\/p>\n<table class=\"tabla_caracteristicas k-table\" width=\"100%\">\n<tbody>\n<tr>\n<td><strong>Marca<\/strong><\/td>\n<td>HP<\/td>\n<\/tr>\n<tr>\n<td><strong>Modelo<\/strong><\/td>\n<td><strong>CZ993A#BHC<\/strong><\/td>\n<\/tr>\n<tr>\n<td><strong>Impresi&oacute;n<\/strong><\/td>\n<td><strong>Especificaciones de la impresora<\/strong><br \/>&#8211; Sensor de papel autom&aacute;tico: S&iacute;<br \/>&#8211; Impresi&oacute;n sin bordes: S&iacute; (hasta 127 x 177 mm)<br \/>&#8211; Impresi&oacute;n a doble cara: Manual (soporte para controlador suministrado)<br \/>&#8211; Ciclo de trabajo (mensual, A4): Hasta 500 p&aacute;ginas<br \/>&#8211; Volumen de p&aacute;ginas mensual recomendado: 100 a 300<br \/>&#8211; Bandejas de papel, m&aacute;ximo: 1<br \/>&#8211; Bandejas de papel, est&aacute;ndar: 1<br \/>&#8211; Colores de impresi&oacute;n: S&iacute;<br \/>&#8211; Controladores de impresora incluidos: S&iacute;<br \/>&#8211; Lenguajes de impresi&oacute;n: HP PCL 3 GUI<br \/>&#8211; Precisi&oacute;n en la alineaci&oacute;n vertical: &#8216;+\/- 0,02 mm<br \/>&#8211; Tecnolog&iacute;a de impresi&oacute;n: Inyecci&oacute;n t&eacute;rmica de tinta HP<br \/>&#8211; Funciones principales: Impresi&oacute;n desde USB frontal<br \/>&#8211; Usuario de destino y volumen de impresi&oacute;n: Hasta 3 usuarios<br \/>&#8211; Imprime hasta 300 p&aacute;ginas al mes<br \/><strong>Gesti&oacute;n de soportes de impresi&oacute;n<br \/><\/strong>&#8211; Capacidad de entrada m&aacute;xima (fotograf&iacute;as de 4 x 6 cm): Hasta 20<br \/>&#8211; Capacidad de entrada m&aacute;xima (papel fotogr&aacute;fico): Hasta 20<br \/>&#8211; Capacidad de entrada m&aacute;xima (hojas): Hasta 50<br \/>&#8211; Capacidad de entrada m&aacute;xima (tarjetas): Hasta 20<br \/>&#8211; Capacidad de entrada m&aacute;xima (sobres): Hasta 5<br \/>&#8211; Capacidad de entrada m&aacute;xima (etiquetas): Hasta 5<br \/>&#8211; Capacidad de entrada m&aacute;xima (fotograf&iacute;as de 10 x 15 cm): Hasta 20<br \/>&#8211; Capacidad de entrada m&aacute;xima (transparencias): Hasta 5<br \/>&#8211; Capacidad de entrada: Hasta 50<br \/>&#8211; Capacidad de entrada de papel de serie (tarjetas): Hasta 20<br \/>&#8211; Capacidad de entrada est&aacute;ndar (sobres): Hasta 5<br \/>&#8211; Capacidad de entrada est&aacute;ndar (transparencias): Hasta 5<br \/>&#8211; Entrada de gesti&oacute;n de papel, est&aacute;ndar: Hasta 50<strong><\/strong><br \/><strong>Hora de impresi&oacute;n<br \/><\/strong>&#8211; Primera p&aacute;gina impresa en negro (A4, lista)&nbsp;&nbsp; &nbsp;<br \/>&nbsp; Con CA: en tan solo 12 segundos<br \/>&nbsp; Con bater&iacute;a: en tan solo 12 segundos<br \/>&#8211; Primera p&aacute;gina impresa en color (A4, lista)&nbsp;&nbsp; &nbsp;<br \/>&nbsp; Con CA: en tan solo 14 segundos<br \/>&nbsp; Con bater&iacute;a: en tan solo 15 segundos<strong><br \/>&Aacute;rea de impresi&oacute;n<br \/><\/strong>&#8211; &Aacute;rea de impresi&oacute;n m&aacute;xima: 209,9 x 349,6 mm<br \/>&#8211; Margen inferior (A4): 3 mm <br \/>&#8211; Margen izquierdo (A4): 3 mm <br \/>&#8211; Margen derecho (A4): 3 mm <br \/>&#8211; Margen superior (A4): 3 mm <br \/><strong>Resoluci&oacute;n de impresi&oacute;n<\/strong><br \/>&#8211; Monocromo: hasta 1.200 x 1.200 ppp (cuando imprime desde un ordenador)<br \/>&#8211; Color con resoluci&oacute;n optimizada de hasta 4.800 x 1.200 ppp (cuando se imprime desde un ordenador y a 1.200 ppp de entrada)<\/td>\n<\/tr>\n<tr>\n<td valign=\"top\"><strong>Memoria<\/strong><\/td>\n<td>&#8211; Memoria, est&aacute;ndar: DDR3 de 128 MB memoria m&aacute;x de 128 MB<\/td>\n<\/tr>\n<tr>\n<td valign=\"top\"><strong>Conectividad y comunicaciones<\/strong><\/td>\n<td>&#8211; Capacidad de impresi&oacute;n m&oacute;vil: HP ePrint y Wi-Fi Direct<br \/>&#8211; Conexi&oacute;n inal&aacute;mbrica HP autom&aacute;tica: S&iacute;<br \/>&#8211; Conectividad, est&aacute;ndar: 1 USB 2.0 y Wi-Fi<br \/>&#8211; Funci&oacute;n HP ePrint: S&iacute;<br \/>&#8211; Protocolos de red, compatibles: Soporte de red Wi-Fi<br \/>&#8211; Capacidades de red: S&iacute;, a trav&eacute;s de Wi-Fi integrada<br \/>&#8211; Capacidad inal&aacute;mbrica: S&iacute;, a trav&eacute;s de Wi-Fi integrada<\/td>\n<\/tr>\n<tr>\n<td valign=\"top\"><strong>Otras caracter&iacute;sticas<\/strong><\/td>\n<td><strong>Sistemas operativos compatibles<\/strong><br \/>&#8211; Windows 10, 8.1, 8, 7: 32 bits\/64 bits, 2 GB de espacio disponible en el disco duro, unidad de CD-ROM\/DVD o conexi&oacute;n a Internet, puerto USB, Internet Explorer<br \/>&#8211; Windows Vista: 32 bits solamente, 2 GB de espacio disponible en el disco duro, unidad de CD-ROM\/DVD o conexi&oacute;n a Internet, puerto USB, Internet Explorer 8<br \/>&#8211; Apple OS X Yosemite (v10.10), OS X Mavericks (v10.9), OS X Mountain Lion (v10.8)<br \/>&#8211; 1 GB de espacio disponible en el disco duro<br \/><strong>Procesador<\/strong><br \/>&#8211; Velocidad del procesador: 525 MHz<br \/><strong>Especificaciones de pantalla<\/strong><br \/>&#8211; Pantalla: MGD (pantalla gr&aacute;fica monocroma) de alta resoluci&oacute;n de 5,08 cm (2,0 pulgadas)<br \/><strong>Requisitos m&iacute;nimos del sistema para Macintosh<\/strong><br \/>&#8211; Apple&reg; OS X El Capitan (v10.11), OS X Yosemite (v10.10), OS X Mavericks (v10.9)<br \/>&#8211; 1 GB de espacio disponible<br \/>&#8211; Es necesaria una conexi&oacute;n a Internet<br \/>&#8211; USB<br \/><strong>Requisitos m&iacute;nimos del sistema<\/strong><br \/>&#8211; Windows 10, 8.1, 8, 7: 32 bits\/64 bits, 2 GB de espacio disponible en el disco duro, unidad de CD-ROM\/DVD o conexi&oacute;n a Internet, puerto USB, Internet Explorer<br \/>&#8211; Windows Vista: 32 bits solamente, 2 GB de espacio disponible en el disco duro, unidad de CD-ROM\/DVD o conexi&oacute;n a Internet, puerto USB, Internet Explorer 8<br \/>&#8211; Apple OS X Yosemite (v10.10), OS X Mavericks (v10.9), OS X Mountain Lion (v10.8)<br \/>&#8211; 1 GB de espacio disponible en el disco duro<br \/>&#8211; Es necesaria una conexi&oacute;n a Internet<br \/>&#8211; USB<br \/><strong>Cartuchos y cabezales de impresi&oacute;n<\/strong><br \/>&#8211; Tipos de tinta:<br \/>&#8211; Basada en colorantes (color)<br \/>&#8211; Basada en pigmento (negro)<br \/>&#8211; Rendimiento de p&aacute;gina (cartuchos de entrada): Aprox. 200 p&aacute;ginas en negro, aprox. 120 p&aacute;ginas en tricolor<br \/>&#8211; N&uacute;mero de cartuchos de impresi&oacute;n: 1 negro, 1 color (cian, magenta, amarillo)<br \/>&#8211; Colores de los consumibles de impresi&oacute;n: Negro, tricolor: cian, magenta, amarillo<br \/>&#8211; M&aacute;xima impresi&oacute;n de colores: 2<br \/><strong>Cartuchos de sustituci&oacute;n<\/strong><br \/>&#8211; Cartucho de tinta Original HP 62 negro<br \/>&#8211; Cartucho de tinta Original HP 62 tricolor<br \/>&#8211; Cartucho de tinta Original HP 62XL de alto rendimiento negro<br \/>&#8211; Cartucho de tinta Original HP 62XL de alto rendimiento tricolor<br \/><strong>Bater&iacute;a y alimentaci&oacute;n<\/strong><br \/>&#8211; Voltaje de entrada: de 200 a 240 VCA, de 50 a 60 Hz<br \/>&#8211; Fuente de alimentaci&oacute;n incorporada<br \/>&#8211; Consumo energ&eacute;tico:<br \/>&nbsp; 15 vatios (activo)<br \/>&nbsp; 0,17 vatios (apagado manual)<br \/>&nbsp; 3,9 vatios (en espera)<br \/>&nbsp; 1,14 vatios (suspensi&oacute;n)<br \/><strong>Dimensiones<\/strong><br \/>&#8211; Dimensiones (P x A x L): 364 x 186 x 69 mm<\/td>\n<\/tr>\n<tr>\n<td><strong>Fecha Revisi&oacute;n<\/strong><\/td>\n<td>03-11-2020 por MPM<\/td>\n<\/tr>\n<\/tbody>\n<\/table>\n","protected":false},"excerpt":{"rendered":"<p>Marca HP Modelo CZ993A#BHC Impresi&oacute;n Especificaciones de la impresora&#8211; Sensor de papel autom&aacute;tico: S&iacute;&#8211; Impresi&oacute;n sin bordes: S&iacute; (hasta 127 x 177 mm)&#8211; Impresi&oacute;n a doble cara: Manual (soporte para controlador suministrado)&#8211; Ciclo de trabajo (mensual, A4): Hasta 500 p&aacute;ginas&#8211; Volumen de p&aacute;ginas mensual recomendado: 100 a 300&#8211; Bandejas de papel, m&aacute;ximo: 1&#8211; Bandejas de&hellip;&nbsp;<a href=\"https:\/\/aivlisoft.net\/shop\/producto\/hp-impresora-officejet-200-mobile\/\" rel=\"bookmark\"><span class=\"screen-reader-text\">HP Impresora Officejet 200 Mobile<\/span><\/a><\/p>\n","protected":false},"featured_media":8944,"template":"","meta":{"neve_meta_sidebar":"","neve_meta_container":"","neve_meta_enable_content_width":"","neve_meta_content_width":0,"neve_meta_title_alignment":"","neve_meta_author_avatar":"","neve_post_elements_order":"","neve_meta_disable_header":"","neve_meta_disable_footer":"","neve_meta_disable_title":""},"product_brand":[],"product_cat":[15,3529],"product_tag":[3536],"class_list":{"0":"post-8943","1":"product","2":"type-product","3":"status-publish","4":"has-post-thumbnail","6":"product_cat-sin-categorizar","7":"product_cat-impresoras","8":"product_tag-cz993a","10":"first","11":"instock","12":"taxable","13":"shipping-taxable","14":"purchasable","15":"product-type-simple"},"yoast_head":"<!-- This site is optimized with the Yoast SEO plugin v26.0 - https:\/\/yoast.com\/wordpress\/plugins\/seo\/ -->\n<title>HP Impresora Officejet 200 Mobile - Aivlisoft Inform\u00e1tica<\/title>\n<meta name=\"robots\" content=\"index, follow, max-snippet:-1, max-image-preview:large, max-video-preview:-1\" \/>\n<link rel=\"canonical\" href=\"https:\/\/aivlisoft.net\/shop\/producto\/hp-impresora-officejet-200-mobile\/\" \/>\n<meta property=\"og:locale\" content=\"es_ES\" \/>\n<meta property=\"og:type\" content=\"article\" \/>\n<meta property=\"og:title\" content=\"HP Impresora Officejet 200 Mobile - Aivlisoft Inform\u00e1tica\" \/>\n<meta property=\"og:description\" content=\"Marca HP Modelo CZ993A#BHC Impresi&oacute;n Especificaciones de la impresora&#8211; Sensor de papel autom&aacute;tico: S&iacute;&#8211; Impresi&oacute;n sin bordes: S&iacute; (hasta 127 x 177 mm)&#8211; Impresi&oacute;n a doble cara: Manual (soporte para controlador suministrado)&#8211; Ciclo de trabajo (mensual, A4): Hasta 500 p&aacute;ginas&#8211; Volumen de p&aacute;ginas mensual recomendado: 100 a 300&#8211; Bandejas de papel, m&aacute;ximo: 1&#8211; Bandejas de&hellip;&nbsp;HP Impresora Officejet 200 Mobile\" \/>\n<meta property=\"og:url\" content=\"https:\/\/aivlisoft.net\/shop\/producto\/hp-impresora-officejet-200-mobile\/\" \/>\n<meta property=\"og:site_name\" content=\"Aivlisoft Inform\u00e1tica\" \/>\n<meta property=\"article:modified_time\" content=\"2025-01-14T13:04:17+00:00\" \/>\n<meta property=\"og:image\" content=\"https:\/\/aivlisoft.net\/shop\/wp-content\/uploads\/2025\/01\/FIMIIN0090_800.jpg\" \/>\n\t<meta property=\"og:image:width\" content=\"800\" \/>\n\t<meta property=\"og:image:height\" content=\"800\" \/>\n\t<meta property=\"og:image:type\" content=\"image\/jpeg\" \/>\n<meta name=\"twitter:card\" content=\"summary_large_image\" \/>\n<meta name=\"twitter:label1\" content=\"Tiempo de lectura\" \/>\n\t<meta name=\"twitter:data1\" content=\"5 minutos\" \/>\n<script type=\"application\/ld+json\" class=\"yoast-schema-graph\">{\"@context\":\"https:\/\/schema.org\",\"@graph\":[{\"@type\":\"WebPage\",\"@id\":\"https:\/\/aivlisoft.net\/shop\/producto\/hp-impresora-officejet-200-mobile\/\",\"url\":\"https:\/\/aivlisoft.net\/shop\/producto\/hp-impresora-officejet-200-mobile\/\",\"name\":\"HP Impresora Officejet 200 Mobile - Aivlisoft Inform\u00e1tica\",\"isPartOf\":{\"@id\":\"https:\/\/aivlisoft.net\/shop\/#website\"},\"primaryImageOfPage\":{\"@id\":\"https:\/\/aivlisoft.net\/shop\/producto\/hp-impresora-officejet-200-mobile\/#primaryimage\"},\"image\":{\"@id\":\"https:\/\/aivlisoft.net\/shop\/producto\/hp-impresora-officejet-200-mobile\/#primaryimage\"},\"thumbnailUrl\":\"https:\/\/aivlisoft.net\/shop\/wp-content\/uploads\/2025\/01\/FIMIIN0090_800.jpg\",\"datePublished\":\"2025-01-13T13:52:48+00:00\",\"dateModified\":\"2025-01-14T13:04:17+00:00\",\"breadcrumb\":{\"@id\":\"https:\/\/aivlisoft.net\/shop\/producto\/hp-impresora-officejet-200-mobile\/#breadcrumb\"},\"inLanguage\":\"es\",\"potentialAction\":[{\"@type\":\"ReadAction\",\"target\":[\"https:\/\/aivlisoft.net\/shop\/producto\/hp-impresora-officejet-200-mobile\/\"]}]},{\"@type\":\"ImageObject\",\"inLanguage\":\"es\",\"@id\":\"https:\/\/aivlisoft.net\/shop\/producto\/hp-impresora-officejet-200-mobile\/#primaryimage\",\"url\":\"https:\/\/aivlisoft.net\/shop\/wp-content\/uploads\/2025\/01\/FIMIIN0090_800.jpg\",\"contentUrl\":\"https:\/\/aivlisoft.net\/shop\/wp-content\/uploads\/2025\/01\/FIMIIN0090_800.jpg\",\"width\":800,\"height\":800},{\"@type\":\"BreadcrumbList\",\"@id\":\"https:\/\/aivlisoft.net\/shop\/producto\/hp-impresora-officejet-200-mobile\/#breadcrumb\",\"itemListElement\":[{\"@type\":\"ListItem\",\"position\":1,\"name\":\"Portada\",\"item\":\"https:\/\/aivlisoft.net\/shop\/\"},{\"@type\":\"ListItem\",\"position\":2,\"name\":\"Tienda\",\"item\":\"https:\/\/aivlisoft.net\/shop\/tienda\/\"},{\"@type\":\"ListItem\",\"position\":3,\"name\":\"HP Impresora Officejet 200 Mobile\"}]},{\"@type\":\"WebSite\",\"@id\":\"https:\/\/aivlisoft.net\/shop\/#website\",\"url\":\"https:\/\/aivlisoft.net\/shop\/\",\"name\":\"Aivlisoft Inform\u00e1tica\",\"description\":\"En Aivlisoft Inform\u00e1tica ofrecemos soluciones tecnol\u00f3gicas para empresas: venta de ordenadores, consumibles, perif\u00e9ricos y m\u00e1s. Calidad, atenci\u00f3n personalizada y los mejores precios para tu negocio.\",\"publisher\":{\"@id\":\"https:\/\/aivlisoft.net\/shop\/#organization\"},\"potentialAction\":[{\"@type\":\"SearchAction\",\"target\":{\"@type\":\"EntryPoint\",\"urlTemplate\":\"https:\/\/aivlisoft.net\/shop\/?s={search_term_string}\"},\"query-input\":{\"@type\":\"PropertyValueSpecification\",\"valueRequired\":true,\"valueName\":\"search_term_string\"}}],\"inLanguage\":\"es\"},{\"@type\":\"Organization\",\"@id\":\"https:\/\/aivlisoft.net\/shop\/#organization\",\"name\":\"Aivlisoft Inform\u00e1tica\",\"url\":\"https:\/\/aivlisoft.net\/shop\/\",\"logo\":{\"@type\":\"ImageObject\",\"inLanguage\":\"es\",\"@id\":\"https:\/\/aivlisoft.net\/shop\/#\/schema\/logo\/image\/\",\"url\":\"https:\/\/aivlisoft.net\/shop\/wp-content\/uploads\/2024\/12\/removal.ai_5b848c54-0cdf-4140-95c5-c5536bb7573b-logodef.png\",\"contentUrl\":\"https:\/\/aivlisoft.net\/shop\/wp-content\/uploads\/2024\/12\/removal.ai_5b848c54-0cdf-4140-95c5-c5536bb7573b-logodef.png\",\"width\":484,\"height\":182,\"caption\":\"Aivlisoft Inform\u00e1tica\"},\"image\":{\"@id\":\"https:\/\/aivlisoft.net\/shop\/#\/schema\/logo\/image\/\"}}]}<\/script>\n<!-- \/ Yoast SEO plugin. -->","yoast_head_json":{"title":"HP Impresora Officejet 200 Mobile - Aivlisoft Inform\u00e1tica","robots":{"index":"index","follow":"follow","max-snippet":"max-snippet:-1","max-image-preview":"max-image-preview:large","max-video-preview":"max-video-preview:-1"},"canonical":"https:\/\/aivlisoft.net\/shop\/producto\/hp-impresora-officejet-200-mobile\/","og_locale":"es_ES","og_type":"article","og_title":"HP Impresora Officejet 200 Mobile - Aivlisoft Inform\u00e1tica","og_description":"Marca HP Modelo CZ993A#BHC Impresi&oacute;n Especificaciones de la impresora&#8211; Sensor de papel autom&aacute;tico: S&iacute;&#8211; Impresi&oacute;n sin bordes: S&iacute; (hasta 127 x 177 mm)&#8211; Impresi&oacute;n a doble cara: Manual (soporte para controlador suministrado)&#8211; Ciclo de trabajo (mensual, A4): Hasta 500 p&aacute;ginas&#8211; Volumen de p&aacute;ginas mensual recomendado: 100 a 300&#8211; Bandejas de papel, m&aacute;ximo: 1&#8211; Bandejas de&hellip;&nbsp;HP Impresora Officejet 200 Mobile","og_url":"https:\/\/aivlisoft.net\/shop\/producto\/hp-impresora-officejet-200-mobile\/","og_site_name":"Aivlisoft Inform\u00e1tica","article_modified_time":"2025-01-14T13:04:17+00:00","og_image":[{"width":800,"height":800,"url":"https:\/\/aivlisoft.net\/shop\/wp-content\/uploads\/2025\/01\/FIMIIN0090_800.jpg","type":"image\/jpeg"}],"twitter_card":"summary_large_image","twitter_misc":{"Tiempo de lectura":"5 minutos"},"schema":{"@context":"https:\/\/schema.org","@graph":[{"@type":"WebPage","@id":"https:\/\/aivlisoft.net\/shop\/producto\/hp-impresora-officejet-200-mobile\/","url":"https:\/\/aivlisoft.net\/shop\/producto\/hp-impresora-officejet-200-mobile\/","name":"HP Impresora Officejet 200 Mobile - Aivlisoft Inform\u00e1tica","isPartOf":{"@id":"https:\/\/aivlisoft.net\/shop\/#website"},"primaryImageOfPage":{"@id":"https:\/\/aivlisoft.net\/shop\/producto\/hp-impresora-officejet-200-mobile\/#primaryimage"},"image":{"@id":"https:\/\/aivlisoft.net\/shop\/producto\/hp-impresora-officejet-200-mobile\/#primaryimage"},"thumbnailUrl":"https:\/\/aivlisoft.net\/shop\/wp-content\/uploads\/2025\/01\/FIMIIN0090_800.jpg","datePublished":"2025-01-13T13:52:48+00:00","dateModified":"2025-01-14T13:04:17+00:00","breadcrumb":{"@id":"https:\/\/aivlisoft.net\/shop\/producto\/hp-impresora-officejet-200-mobile\/#breadcrumb"},"inLanguage":"es","potentialAction":[{"@type":"ReadAction","target":["https:\/\/aivlisoft.net\/shop\/producto\/hp-impresora-officejet-200-mobile\/"]}]},{"@type":"ImageObject","inLanguage":"es","@id":"https:\/\/aivlisoft.net\/shop\/producto\/hp-impresora-officejet-200-mobile\/#primaryimage","url":"https:\/\/aivlisoft.net\/shop\/wp-content\/uploads\/2025\/01\/FIMIIN0090_800.jpg","contentUrl":"https:\/\/aivlisoft.net\/shop\/wp-content\/uploads\/2025\/01\/FIMIIN0090_800.jpg","width":800,"height":800},{"@type":"BreadcrumbList","@id":"https:\/\/aivlisoft.net\/shop\/producto\/hp-impresora-officejet-200-mobile\/#breadcrumb","itemListElement":[{"@type":"ListItem","position":1,"name":"Portada","item":"https:\/\/aivlisoft.net\/shop\/"},{"@type":"ListItem","position":2,"name":"Tienda","item":"https:\/\/aivlisoft.net\/shop\/tienda\/"},{"@type":"ListItem","position":3,"name":"HP Impresora Officejet 200 Mobile"}]},{"@type":"WebSite","@id":"https:\/\/aivlisoft.net\/shop\/#website","url":"https:\/\/aivlisoft.net\/shop\/","name":"Aivlisoft Inform\u00e1tica","description":"En Aivlisoft Inform\u00e1tica ofrecemos soluciones tecnol\u00f3gicas para empresas: venta de ordenadores, consumibles, perif\u00e9ricos y m\u00e1s. Calidad, atenci\u00f3n personalizada y los mejores precios para tu negocio.","publisher":{"@id":"https:\/\/aivlisoft.net\/shop\/#organization"},"potentialAction":[{"@type":"SearchAction","target":{"@type":"EntryPoint","urlTemplate":"https:\/\/aivlisoft.net\/shop\/?s={search_term_string}"},"query-input":{"@type":"PropertyValueSpecification","valueRequired":true,"valueName":"search_term_string"}}],"inLanguage":"es"},{"@type":"Organization","@id":"https:\/\/aivlisoft.net\/shop\/#organization","name":"Aivlisoft Inform\u00e1tica","url":"https:\/\/aivlisoft.net\/shop\/","logo":{"@type":"ImageObject","inLanguage":"es","@id":"https:\/\/aivlisoft.net\/shop\/#\/schema\/logo\/image\/","url":"https:\/\/aivlisoft.net\/shop\/wp-content\/uploads\/2024\/12\/removal.ai_5b848c54-0cdf-4140-95c5-c5536bb7573b-logodef.png","contentUrl":"https:\/\/aivlisoft.net\/shop\/wp-content\/uploads\/2024\/12\/removal.ai_5b848c54-0cdf-4140-95c5-c5536bb7573b-logodef.png","width":484,"height":182,"caption":"Aivlisoft Inform\u00e1tica"},"image":{"@id":"https:\/\/aivlisoft.net\/shop\/#\/schema\/logo\/image\/"}}]}},"_links":{"self":[{"href":"https:\/\/aivlisoft.net\/shop\/wp-json\/wp\/v2\/product\/8943","targetHints":{"allow":["GET"]}}],"collection":[{"href":"https:\/\/aivlisoft.net\/shop\/wp-json\/wp\/v2\/product"}],"about":[{"href":"https:\/\/aivlisoft.net\/shop\/wp-json\/wp\/v2\/types\/product"}],"wp:featuredmedia":[{"embeddable":true,"href":"https:\/\/aivlisoft.net\/shop\/wp-json\/wp\/v2\/media\/8944"}],"wp:attachment":[{"href":"https:\/\/aivlisoft.net\/shop\/wp-json\/wp\/v2\/media?parent=8943"}],"wp:term":[{"taxonomy":"product_brand","embeddable":true,"href":"https:\/\/aivlisoft.net\/shop\/wp-json\/wp\/v2\/product_brand?post=8943"},{"taxonomy":"product_cat","embeddable":true,"href":"https:\/\/aivlisoft.net\/shop\/wp-json\/wp\/v2\/product_cat?post=8943"},{"taxonomy":"product_tag","embeddable":true,"href":"https:\/\/aivlisoft.net\/shop\/wp-json\/wp\/v2\/product_tag?post=8943"}],"curies":[{"name":"wp","href":"https:\/\/api.w.org\/{rel}","templated":true}]}}