{"id":8940,"date":"2025-01-13T13:52:47","date_gmt":"2025-01-13T13:52:47","guid":{"rendered":"https:\/\/aivlisoft.com\/?post_type=product&#038;p=8940"},"modified":"2025-01-14T13:04:18","modified_gmt":"2025-01-14T13:04:18","slug":"epson-impresora-ecotank-et-m1120","status":"publish","type":"product","link":"https:\/\/aivlisoft.net\/shop\/producto\/epson-impresora-ecotank-et-m1120\/","title":{"rendered":"Epson Impresora Ecotank ET-M1120"},"content":{"rendered":"<p><strong>Caracter&iacute;sticas principales<\/strong><\/p>\n<p>&#8211; Ahorra 400 EUR durante tres a&ntilde;os: Impresora econ&oacute;mica de dep&oacute;sito de tinta con muchos cartuchos de tinta incluidos<br \/>&#8211; Fiable y duradero: Garant&iacute;a de un a&ntilde;o o 100 000 p&aacute;ginas<br \/>&#8211; Reduce el consumo de energ&iacute;a: Ahorra hasta un 95% en consumo energ&eacute;tico<br \/>&#8211; Rellena y olv&iacute;date de los problemas: Imprime miles de p&aacute;ginas con la tinta incluida<br \/>&#8211; Impresi&oacute;n r&aacute;pida y Wi-Fi: Impresi&oacute;n m&oacute;vil, velocidades de impresi&oacute;n de 15 ppm y sin tiempo de encendido<\/p>\n<table class=\"tabla_caracteristicas k-table\" width=\"100%\">\n<tbody>\n<tr>\n<td><strong>Marca<\/strong><\/td>\n<td>Epson<\/td>\n<\/tr>\n<tr>\n<td><strong>Modelo<\/strong><\/td>\n<td><strong>C11CG96102<\/strong><\/td>\n<\/tr>\n<tr>\n<td valign=\"top\"><strong>Tecnolog&iacute;a<\/strong><\/td>\n<td>&#8211; M&eacute;todo de impresi&oacute;n: Cabezal de impresi&oacute;n PrecisionCore&trade;<br \/>&#8211; Configuraci&oacute;n inyectores: 180 Inyectores negro<br \/>&#8211; Tama&ntilde;o m&aacute;ximo gota: 3 pl<br \/>&#8211; Categor&iacute;a: Consumo individual, Home Office, Grupo de trabajo<br \/>&#8211; Multifunci&oacute;n: Impresi&oacute;n<\/td>\n<\/tr>\n<tr>\n<td valign=\"top\"><strong>Impresi&oacute;n<\/strong><\/td>\n<td>&#8211; Tiempo de salida de primera p&aacute;gina: Monocromo 8 segundos<br \/>&#8211; Velocidad de impresi&oacute;n ISO\/IEC 24734: 15 p&aacute;ginas\/minuto Monocromo<br \/>&#8211; Velocidad de impresi&oacute;n: 32 p&aacute;ginas\/minuto Monocromo (Papel Normal 75 g\/m&sup2;)<br \/>&#8211; Resoluci&oacute;n de impresi&oacute;n: 1.440 x 720 ppp<br \/>&#8211; Ciclo de trabajo: 15.000 p&aacute;ginas mensuales<br \/>&#8211; Recommended Duty Cycle: 250 &#8211; 1.500 p&aacute;ginas mensuales<br \/>&#8211; Colores: Negro<\/td>\n<\/tr>\n<tr>\n<td valign=\"top\"><strong>Manejo de papel<\/strong><\/td>\n<td>&#8211; Formatos papel: Legal, A4<br \/>&#8211; Peso del papel adecuado: 64 g\/m&sup2; &#8211; 90 g\/m&sup2;<br \/>&#8211; D&uacute;plex: NO<br \/>&#8211; Entrada de papel est&aacute;ndar: 150 Hojas Est&aacute;ndar, 150 Hojas Bandeja de papel<br \/>&#8211; Capacidad de la bandeja de salida: 30 Hojas<br \/>&#8211; Capacidad bandeja papel: 150 Hojas Est&aacute;ndar, 150 Hojas fotogr&aacute;ficas<br \/>&#8211; Capacidad m&aacute;xima de entrada de papel: 150<\/td>\n<\/tr>\n<tr>\n<td valign=\"top\"><strong>Otras caracteristicas<\/strong><\/td>\n<td><strong>Conectividad<\/strong><br \/>&#8211; Protocolos de impresi&oacute;n en red: TCP\/IPv4, TCP\/IPv6<br \/>&#8211; Interfaces: USB de alta velocidad: compatible con la especificaci&oacute;n USB 2.0, Wi-Fi Direct<br \/><strong>General<\/strong><br \/>&#8211; consumo de energ&iacute;a: 14 vatio (impresi&oacute;n), TEC 0,2 kWh por semana<br \/>&#8211; Dimensiones del producto (an x prof x alt): 375&lrm; x 267 x 161 mm <br \/>&#8211; Peso: 3,5 kg<br \/>&#8211; Sistemas operativos compatibles: Windows 10, Windows 7, Windows 8, Windows 8.1, Windows 8.1 x64 Edition, Windows Server 2003 R2 x64, Windows Server 2008 (32\/64 bits), Windows Server 2008 R2, Windows Server 2012 (64 bits), Windows Server 2012 R2, Windows Server 2016, Windows Vista x64, Windows XP SP3, Windows XP Professional x64 Edition SP2<br \/>&#8211; Servicios de impresi&oacute;n m&oacute;vil y en la nube: n\/d, Epson Connect (iPrint)<br \/>&#8211; Alimentaci&oacute;n: 220 V, 240V<br \/><strong>Incluye<\/strong><br \/>&#8211; Manual en CD<br \/>&#8211; Instrucciones de instalaci&oacute;n<br \/>&#8211; Certificado de garant&iacute;a<br \/><strong>Rendimiento de la botella incluida<\/strong><br \/>&#8211; Rendimiento de la tinta negra: 6.000 p&aacute;ginas<\/td>\n<\/tr>\n<tr>\n<td><strong>Fecha Revisi&oacute;n<\/strong><\/td>\n<td>17-04-2019 por AVN<\/td>\n<\/tr>\n<\/tbody>\n<\/table>\n","protected":false},"excerpt":{"rendered":"<p>Caracter&iacute;sticas principales &#8211; Ahorra 400 EUR durante tres a&ntilde;os: Impresora econ&oacute;mica de dep&oacute;sito de tinta con muchos cartuchos de tinta incluidos&#8211; Fiable y duradero: Garant&iacute;a de un a&ntilde;o o 100 000 p&aacute;ginas&#8211; Reduce el consumo de energ&iacute;a: Ahorra hasta un 95% en consumo energ&eacute;tico&#8211; Rellena y olv&iacute;date de los problemas: Imprime miles de p&aacute;ginas con&hellip;&nbsp;<a href=\"https:\/\/aivlisoft.net\/shop\/producto\/epson-impresora-ecotank-et-m1120\/\" rel=\"bookmark\"><span class=\"screen-reader-text\">Epson Impresora Ecotank ET-M1120<\/span><\/a><\/p>\n","protected":false},"featured_media":8941,"template":"","meta":{"neve_meta_sidebar":"","neve_meta_container":"","neve_meta_enable_content_width":"","neve_meta_content_width":0,"neve_meta_title_alignment":"","neve_meta_author_avatar":"","neve_post_elements_order":"","neve_meta_disable_header":"","neve_meta_disable_footer":"","neve_meta_disable_title":""},"product_brand":[],"product_cat":[15,3529],"product_tag":[3535],"class_list":{"0":"post-8940","1":"product","2":"type-product","3":"status-publish","4":"has-post-thumbnail","6":"product_cat-sin-categorizar","7":"product_cat-impresoras","8":"product_tag-c11cg96402","10":"first","11":"instock","12":"taxable","13":"shipping-taxable","14":"purchasable","15":"product-type-simple"},"yoast_head":"<!-- This site is optimized with the Yoast SEO plugin v26.0 - https:\/\/yoast.com\/wordpress\/plugins\/seo\/ -->\n<title>Epson Impresora Ecotank ET-M1120 - Aivlisoft Inform\u00e1tica<\/title>\n<meta name=\"robots\" content=\"index, follow, max-snippet:-1, max-image-preview:large, max-video-preview:-1\" \/>\n<link rel=\"canonical\" href=\"https:\/\/aivlisoft.net\/shop\/producto\/epson-impresora-ecotank-et-m1120\/\" \/>\n<meta property=\"og:locale\" content=\"es_ES\" \/>\n<meta property=\"og:type\" content=\"article\" \/>\n<meta property=\"og:title\" content=\"Epson Impresora Ecotank ET-M1120 - Aivlisoft Inform\u00e1tica\" \/>\n<meta property=\"og:description\" content=\"Caracter&iacute;sticas principales &#8211; Ahorra 400 EUR durante tres a&ntilde;os: Impresora econ&oacute;mica de dep&oacute;sito de tinta con muchos cartuchos de tinta incluidos&#8211; Fiable y duradero: Garant&iacute;a de un a&ntilde;o o 100 000 p&aacute;ginas&#8211; Reduce el consumo de energ&iacute;a: Ahorra hasta un 95% en consumo energ&eacute;tico&#8211; Rellena y olv&iacute;date de los problemas: Imprime miles de p&aacute;ginas con&hellip;&nbsp;Epson Impresora Ecotank ET-M1120\" \/>\n<meta property=\"og:url\" content=\"https:\/\/aivlisoft.net\/shop\/producto\/epson-impresora-ecotank-et-m1120\/\" \/>\n<meta property=\"og:site_name\" content=\"Aivlisoft Inform\u00e1tica\" \/>\n<meta property=\"article:modified_time\" content=\"2025-01-14T13:04:18+00:00\" \/>\n<meta property=\"og:image\" content=\"https:\/\/aivlisoft.net\/shop\/wp-content\/uploads\/2025\/01\/FIMIIN0079_800.jpg\" \/>\n\t<meta property=\"og:image:width\" content=\"800\" \/>\n\t<meta property=\"og:image:height\" content=\"800\" \/>\n\t<meta property=\"og:image:type\" content=\"image\/jpeg\" \/>\n<meta name=\"twitter:card\" content=\"summary_large_image\" \/>\n<meta name=\"twitter:label1\" content=\"Tiempo de lectura\" \/>\n\t<meta name=\"twitter:data1\" content=\"2 minutos\" \/>\n<script type=\"application\/ld+json\" class=\"yoast-schema-graph\">{\"@context\":\"https:\/\/schema.org\",\"@graph\":[{\"@type\":\"WebPage\",\"@id\":\"https:\/\/aivlisoft.net\/shop\/producto\/epson-impresora-ecotank-et-m1120\/\",\"url\":\"https:\/\/aivlisoft.net\/shop\/producto\/epson-impresora-ecotank-et-m1120\/\",\"name\":\"Epson Impresora Ecotank ET-M1120 - Aivlisoft Inform\u00e1tica\",\"isPartOf\":{\"@id\":\"https:\/\/aivlisoft.net\/shop\/#website\"},\"primaryImageOfPage\":{\"@id\":\"https:\/\/aivlisoft.net\/shop\/producto\/epson-impresora-ecotank-et-m1120\/#primaryimage\"},\"image\":{\"@id\":\"https:\/\/aivlisoft.net\/shop\/producto\/epson-impresora-ecotank-et-m1120\/#primaryimage\"},\"thumbnailUrl\":\"https:\/\/aivlisoft.net\/shop\/wp-content\/uploads\/2025\/01\/FIMIIN0079_800.jpg\",\"datePublished\":\"2025-01-13T13:52:47+00:00\",\"dateModified\":\"2025-01-14T13:04:18+00:00\",\"breadcrumb\":{\"@id\":\"https:\/\/aivlisoft.net\/shop\/producto\/epson-impresora-ecotank-et-m1120\/#breadcrumb\"},\"inLanguage\":\"es\",\"potentialAction\":[{\"@type\":\"ReadAction\",\"target\":[\"https:\/\/aivlisoft.net\/shop\/producto\/epson-impresora-ecotank-et-m1120\/\"]}]},{\"@type\":\"ImageObject\",\"inLanguage\":\"es\",\"@id\":\"https:\/\/aivlisoft.net\/shop\/producto\/epson-impresora-ecotank-et-m1120\/#primaryimage\",\"url\":\"https:\/\/aivlisoft.net\/shop\/wp-content\/uploads\/2025\/01\/FIMIIN0079_800.jpg\",\"contentUrl\":\"https:\/\/aivlisoft.net\/shop\/wp-content\/uploads\/2025\/01\/FIMIIN0079_800.jpg\",\"width\":800,\"height\":800},{\"@type\":\"BreadcrumbList\",\"@id\":\"https:\/\/aivlisoft.net\/shop\/producto\/epson-impresora-ecotank-et-m1120\/#breadcrumb\",\"itemListElement\":[{\"@type\":\"ListItem\",\"position\":1,\"name\":\"Portada\",\"item\":\"https:\/\/aivlisoft.net\/shop\/\"},{\"@type\":\"ListItem\",\"position\":2,\"name\":\"Tienda\",\"item\":\"https:\/\/aivlisoft.net\/shop\/tienda\/\"},{\"@type\":\"ListItem\",\"position\":3,\"name\":\"Epson Impresora Ecotank ET-M1120\"}]},{\"@type\":\"WebSite\",\"@id\":\"https:\/\/aivlisoft.net\/shop\/#website\",\"url\":\"https:\/\/aivlisoft.net\/shop\/\",\"name\":\"Aivlisoft Inform\u00e1tica\",\"description\":\"En Aivlisoft Inform\u00e1tica ofrecemos soluciones tecnol\u00f3gicas para empresas: venta de ordenadores, consumibles, perif\u00e9ricos y m\u00e1s. Calidad, atenci\u00f3n personalizada y los mejores precios para tu negocio.\",\"publisher\":{\"@id\":\"https:\/\/aivlisoft.net\/shop\/#organization\"},\"potentialAction\":[{\"@type\":\"SearchAction\",\"target\":{\"@type\":\"EntryPoint\",\"urlTemplate\":\"https:\/\/aivlisoft.net\/shop\/?s={search_term_string}\"},\"query-input\":{\"@type\":\"PropertyValueSpecification\",\"valueRequired\":true,\"valueName\":\"search_term_string\"}}],\"inLanguage\":\"es\"},{\"@type\":\"Organization\",\"@id\":\"https:\/\/aivlisoft.net\/shop\/#organization\",\"name\":\"Aivlisoft Inform\u00e1tica\",\"url\":\"https:\/\/aivlisoft.net\/shop\/\",\"logo\":{\"@type\":\"ImageObject\",\"inLanguage\":\"es\",\"@id\":\"https:\/\/aivlisoft.net\/shop\/#\/schema\/logo\/image\/\",\"url\":\"https:\/\/aivlisoft.net\/shop\/wp-content\/uploads\/2024\/12\/removal.ai_5b848c54-0cdf-4140-95c5-c5536bb7573b-logodef.png\",\"contentUrl\":\"https:\/\/aivlisoft.net\/shop\/wp-content\/uploads\/2024\/12\/removal.ai_5b848c54-0cdf-4140-95c5-c5536bb7573b-logodef.png\",\"width\":484,\"height\":182,\"caption\":\"Aivlisoft Inform\u00e1tica\"},\"image\":{\"@id\":\"https:\/\/aivlisoft.net\/shop\/#\/schema\/logo\/image\/\"}}]}<\/script>\n<!-- \/ Yoast SEO plugin. -->","yoast_head_json":{"title":"Epson Impresora Ecotank ET-M1120 - Aivlisoft Inform\u00e1tica","robots":{"index":"index","follow":"follow","max-snippet":"max-snippet:-1","max-image-preview":"max-image-preview:large","max-video-preview":"max-video-preview:-1"},"canonical":"https:\/\/aivlisoft.net\/shop\/producto\/epson-impresora-ecotank-et-m1120\/","og_locale":"es_ES","og_type":"article","og_title":"Epson Impresora Ecotank ET-M1120 - Aivlisoft Inform\u00e1tica","og_description":"Caracter&iacute;sticas principales &#8211; Ahorra 400 EUR durante tres a&ntilde;os: Impresora econ&oacute;mica de dep&oacute;sito de tinta con muchos cartuchos de tinta incluidos&#8211; Fiable y duradero: Garant&iacute;a de un a&ntilde;o o 100 000 p&aacute;ginas&#8211; Reduce el consumo de energ&iacute;a: Ahorra hasta un 95% en consumo energ&eacute;tico&#8211; Rellena y olv&iacute;date de los problemas: Imprime miles de p&aacute;ginas con&hellip;&nbsp;Epson Impresora Ecotank ET-M1120","og_url":"https:\/\/aivlisoft.net\/shop\/producto\/epson-impresora-ecotank-et-m1120\/","og_site_name":"Aivlisoft Inform\u00e1tica","article_modified_time":"2025-01-14T13:04:18+00:00","og_image":[{"width":800,"height":800,"url":"https:\/\/aivlisoft.net\/shop\/wp-content\/uploads\/2025\/01\/FIMIIN0079_800.jpg","type":"image\/jpeg"}],"twitter_card":"summary_large_image","twitter_misc":{"Tiempo de lectura":"2 minutos"},"schema":{"@context":"https:\/\/schema.org","@graph":[{"@type":"WebPage","@id":"https:\/\/aivlisoft.net\/shop\/producto\/epson-impresora-ecotank-et-m1120\/","url":"https:\/\/aivlisoft.net\/shop\/producto\/epson-impresora-ecotank-et-m1120\/","name":"Epson Impresora Ecotank ET-M1120 - Aivlisoft Inform\u00e1tica","isPartOf":{"@id":"https:\/\/aivlisoft.net\/shop\/#website"},"primaryImageOfPage":{"@id":"https:\/\/aivlisoft.net\/shop\/producto\/epson-impresora-ecotank-et-m1120\/#primaryimage"},"image":{"@id":"https:\/\/aivlisoft.net\/shop\/producto\/epson-impresora-ecotank-et-m1120\/#primaryimage"},"thumbnailUrl":"https:\/\/aivlisoft.net\/shop\/wp-content\/uploads\/2025\/01\/FIMIIN0079_800.jpg","datePublished":"2025-01-13T13:52:47+00:00","dateModified":"2025-01-14T13:04:18+00:00","breadcrumb":{"@id":"https:\/\/aivlisoft.net\/shop\/producto\/epson-impresora-ecotank-et-m1120\/#breadcrumb"},"inLanguage":"es","potentialAction":[{"@type":"ReadAction","target":["https:\/\/aivlisoft.net\/shop\/producto\/epson-impresora-ecotank-et-m1120\/"]}]},{"@type":"ImageObject","inLanguage":"es","@id":"https:\/\/aivlisoft.net\/shop\/producto\/epson-impresora-ecotank-et-m1120\/#primaryimage","url":"https:\/\/aivlisoft.net\/shop\/wp-content\/uploads\/2025\/01\/FIMIIN0079_800.jpg","contentUrl":"https:\/\/aivlisoft.net\/shop\/wp-content\/uploads\/2025\/01\/FIMIIN0079_800.jpg","width":800,"height":800},{"@type":"BreadcrumbList","@id":"https:\/\/aivlisoft.net\/shop\/producto\/epson-impresora-ecotank-et-m1120\/#breadcrumb","itemListElement":[{"@type":"ListItem","position":1,"name":"Portada","item":"https:\/\/aivlisoft.net\/shop\/"},{"@type":"ListItem","position":2,"name":"Tienda","item":"https:\/\/aivlisoft.net\/shop\/tienda\/"},{"@type":"ListItem","position":3,"name":"Epson Impresora Ecotank ET-M1120"}]},{"@type":"WebSite","@id":"https:\/\/aivlisoft.net\/shop\/#website","url":"https:\/\/aivlisoft.net\/shop\/","name":"Aivlisoft Inform\u00e1tica","description":"En Aivlisoft Inform\u00e1tica ofrecemos soluciones tecnol\u00f3gicas para empresas: venta de ordenadores, consumibles, perif\u00e9ricos y m\u00e1s. Calidad, atenci\u00f3n personalizada y los mejores precios para tu negocio.","publisher":{"@id":"https:\/\/aivlisoft.net\/shop\/#organization"},"potentialAction":[{"@type":"SearchAction","target":{"@type":"EntryPoint","urlTemplate":"https:\/\/aivlisoft.net\/shop\/?s={search_term_string}"},"query-input":{"@type":"PropertyValueSpecification","valueRequired":true,"valueName":"search_term_string"}}],"inLanguage":"es"},{"@type":"Organization","@id":"https:\/\/aivlisoft.net\/shop\/#organization","name":"Aivlisoft Inform\u00e1tica","url":"https:\/\/aivlisoft.net\/shop\/","logo":{"@type":"ImageObject","inLanguage":"es","@id":"https:\/\/aivlisoft.net\/shop\/#\/schema\/logo\/image\/","url":"https:\/\/aivlisoft.net\/shop\/wp-content\/uploads\/2024\/12\/removal.ai_5b848c54-0cdf-4140-95c5-c5536bb7573b-logodef.png","contentUrl":"https:\/\/aivlisoft.net\/shop\/wp-content\/uploads\/2024\/12\/removal.ai_5b848c54-0cdf-4140-95c5-c5536bb7573b-logodef.png","width":484,"height":182,"caption":"Aivlisoft Inform\u00e1tica"},"image":{"@id":"https:\/\/aivlisoft.net\/shop\/#\/schema\/logo\/image\/"}}]}},"_links":{"self":[{"href":"https:\/\/aivlisoft.net\/shop\/wp-json\/wp\/v2\/product\/8940","targetHints":{"allow":["GET"]}}],"collection":[{"href":"https:\/\/aivlisoft.net\/shop\/wp-json\/wp\/v2\/product"}],"about":[{"href":"https:\/\/aivlisoft.net\/shop\/wp-json\/wp\/v2\/types\/product"}],"wp:featuredmedia":[{"embeddable":true,"href":"https:\/\/aivlisoft.net\/shop\/wp-json\/wp\/v2\/media\/8941"}],"wp:attachment":[{"href":"https:\/\/aivlisoft.net\/shop\/wp-json\/wp\/v2\/media?parent=8940"}],"wp:term":[{"taxonomy":"product_brand","embeddable":true,"href":"https:\/\/aivlisoft.net\/shop\/wp-json\/wp\/v2\/product_brand?post=8940"},{"taxonomy":"product_cat","embeddable":true,"href":"https:\/\/aivlisoft.net\/shop\/wp-json\/wp\/v2\/product_cat?post=8940"},{"taxonomy":"product_tag","embeddable":true,"href":"https:\/\/aivlisoft.net\/shop\/wp-json\/wp\/v2\/product_tag?post=8940"}],"curies":[{"name":"wp","href":"https:\/\/api.w.org\/{rel}","templated":true}]}}