{"id":8933,"date":"2025-01-13T13:52:43","date_gmt":"2025-01-13T13:52:43","guid":{"rendered":"https:\/\/aivlisoft.com\/?post_type=product&#038;p=8933"},"modified":"2025-01-14T13:04:19","modified_gmt":"2025-01-14T13:04:19","slug":"canon-impresora-pixma-ip8750-a3","status":"publish","type":"product","link":"https:\/\/aivlisoft.net\/shop\/producto\/canon-impresora-pixma-ip8750-a3\/","title":{"rendered":"Canon Impresora Pixma IP8750 A3"},"content":{"rendered":"<div>\n<div style=\"text-align: justify;\"><strong>Impresi&oacute;n inal&aacute;mbrica A3+ para el hogar con calidad de laboratorio fotogr&aacute;fico<\/strong><br \/>Disfruta de fotograf&iacute;as de impresionante calidad hasta A3+ con esta impresora de primera calidad de 6 dep&oacute;sitos de tinta independientes. Imprime de forma inal&aacute;mbrica desde cualquier lugar del hogar, incluso desde smartphones, tablets y c&aacute;maras con Wi-Fi. Ideal para entusiastas de la fotograf&iacute;a.<\/div>\n<div style=\"text-align: justify;\">&#8211; Impresora A3+ de primera calidad con conectividad inal&aacute;mbrica para entusiastas de la fotograf&iacute;a<br \/>&#8211; El sistema de 6 tintas incluye tinta gris para obtener excepcionales impresiones en color y en blanco y negro<br \/>&#8211; Eficaces dep&oacute;sitos de tinta independientes sustituibles individualmente y tintas XL opcionales<br \/>&#8211; Impresi&oacute;n desde smartphones y tablets con la aplicaci&oacute;n PIXMA Printing Solution<br \/>&#8211; Compatible con Apple AirPrint, Google Cloud Print y PictBridge inal&aacute;mbrico<\/div>\n<div style=\"text-align: justify;\">&nbsp;<\/div>\n<div style=\"text-align: justify;\"><strong>Impresora fotogr&aacute;fica A3+ de primera calidad<\/strong><br \/>Esta excepcional impresora fotogr&aacute;fica con dise&ntilde;o sofisticado dispone de un sistema avanzado de 6 tintas de color que te permite imprimir fotograf&iacute;as de impresionante calidad en tama&ntilde;os desde 10 x 15 cm hasta A3+ adem&aacute;s de documentos, lo que la convierten en la opci&oacute;n ideal para entusiastas de la fotograf&iacute;a.<\/div>\n<div style=\"text-align: justify;\">&nbsp;<\/div>\n<div style=\"text-align: justify;\"><strong>Rendimiento excepcional<\/strong><br \/>El sistema de 6 colores incluye una tinta gris para lograr fotos en colores m&aacute;s vivos e incre&iacute;bles impresiones en blanco y negro, mientras que la tecnolog&iacute;a de cabezales de impresi&oacute;n FINE con resoluci&oacute;n de hasta 9.600 ppp ofrece un nivel de detalle excepcional con resultados r&aacute;pidos y calidad de laboratorio fotogr&aacute;fico.<\/div>\n<div style=\"text-align: justify;\">&nbsp;<\/div>\n<div style=\"text-align: justify;\"><strong>Conectividad inal&aacute;mbrica<\/strong><br \/>Utiliza y comparte la impresora de forma inal&aacute;mbrica desde cualquier lugar del hogar. Descarga la aplicaci&oacute;n PIXMA Printing Solutions para imprimir desde tus dispositivos inteligentes. Tambi&eacute;n ofrece compatibilidad con Apple AirPrint y Google Cloud Print. Imprime fotos directamente desde c&aacute;maras inal&aacute;mbricas a trav&eacute;s de la conexi&oacute;n PictBridge inal&aacute;mbrica.<\/div>\n<div style=\"text-align: justify;\">&nbsp;<\/div>\n<div style=\"text-align: justify;\"><strong>Ahorra dinero en tinta<\/strong><br \/>Imprime m&aacute;s por menos. Gracias al sistema de tintas independientes con dep&oacute;sitos de tinta reemplazables individualmente solo es necesario cambiar el color que se agota, con lo cual se reducen los residuos. Las tintas XL opcionales te permiten imprimir m&aacute;s p&aacute;ginas y ofrecen ahorros de hasta el 30% por p&aacute;gina en comparaci&oacute;n con las tintas est&aacute;ndar.<\/div>\n<div style=\"text-align: justify;\">&nbsp;<\/div>\n<div style=\"text-align: justify;\"><strong>D&eacute; rienda suelta a su creatividad<\/strong><br \/>Es f&aacute;cil organizar e imprimir tus fotograf&iacute;as con el software My Image Garden. Te permite buscar tus im&aacute;genes y crear dise&ntilde;os atractivos para imprimir, incluida la impresi&oacute;n directa en discos imprimibles. Disfruta de acceso a una gran variedad de contenidos creativos de calidad profesional gracias a CREATIVE PARK PREMIUM.<\/div>\n<div style=\"text-align: justify;\">&nbsp;<\/div>\n<div style=\"text-align: justify;\"><strong>Sistema de tintas h&iacute;brido<\/strong><br \/>Las tintas colorantes (C, M, Y, GY y BK) producen fotograf&iacute;as en color de calidad impresionante mientras que la tinta de pigmento negro (PBK) se utiliza para crear documentos con texto n&iacute;tido y definido. Las tintas originales de Canon disponen del sistema ChromaLife100+ para producir fotos de calidad de laboratorio fotogr&aacute;fico que tambi&eacute;n duran toda la vida.<\/div>\n<\/div>\n<p><\/p>\n<table class=\"tabla_caracteristicas\" width=\"100%\">\n<tbody>\n<tr>\n<td><strong>Marca<\/strong><\/td>\n<td>CANON<\/td>\n<\/tr>\n<tr>\n<td><strong>Modelo<\/strong><\/td>\n<td>Pixma IP8750 (8746B006AA)<\/td>\n<\/tr>\n<tr>\n<td><strong>M&eacute;todo de impresi&oacute;n<\/strong><\/td>\n<td>&#8211; 6 tintas independientes (PGBK, BK, C, M, Y, GY)<br \/>\t\t\t&#8211; Cabezal de impresi&oacute;n FINE de inyecci&oacute;n de tinta con gotas de 1 picolitro (m&iacute;n.)<br \/>\t\t\t&#8211; Tintas ChromaLife100+&nbsp;&nbsp; &nbsp;<\/td>\n<\/tr>\n<tr>\n<td valign=\"top\"><strong>Conexi&oacute;n<\/strong><\/td>\n<td>\n<div>&#8211; Hi-Speed USB&nbsp;&nbsp; &nbsp;<br \/>\t\t\t&#8211; Wi-Fi IEEE802.11 b\/g\/n&sup1;&nbsp;&nbsp; &nbsp;<br \/>\t\t\tCompatibilidad de aplicaciones: &nbsp;&nbsp;&nbsp;<br \/>\t\t\t&#8211; Aplicaci&oacute;n PIXMA Printing Solutions&sup1;<br \/>\t\t\t&#8211; Apple AirPrint<br \/>\t\t\t&#8211; Google Cloud Print<br \/>\t\t\t&#8211; PictBridge inal&aacute;mbrica<\/div>\n<\/td>\n<\/tr>\n<tr>\n<td valign=\"top\"><strong>Impresi&oacute;n<\/strong><\/td>\n<td>\n<div>Resoluci&oacute;n de impresi&oacute;n: Hasta 9.600 x 2.400 ppp&nbsp;&nbsp;&nbsp;<br \/>\t\t\tVelocidad de impresi&oacute;n de documentos en blanco y negro: Aprox. 14,5 ipm&nbsp;&nbsp;<br \/>\t\t\tVelocidad de impresi&oacute;n de documentos en color: Aprox. 10,4 ipm<br \/>\t\t\tVelocidad de impresi&oacute;n de fotograf&iacute;as:<br \/>\t\t\t&#8211; 10 x 15 cm sin bordes: aprox. 36 segundos<br \/>\t\t\t&#8211; A3+ con bordes: aprox. 120 segundos<br \/>\t\t\tImpresi&oacute;n sin bordes: S&iacute; (A3+, A3, A4, LTR, LDR, 25 x 30 cm, 20 x 25 cm, 13 x 18 cm, 10 x 15 cm)&nbsp;&nbsp; &nbsp;<br \/>\t\t\tImpresi&oacute;n a dos caras: Funcionamiento manual&nbsp;&nbsp; &nbsp;<br \/>\t\t\tImpresi&oacute;n directa de discos: S&iacute; (software incluido)<\/div>\n<\/td>\n<\/tr>\n<tr>\n<td valign=\"top\"><strong>Manejo papel<\/strong><\/td>\n<td>\n<div>Entrada m&aacute;xima de papel: &nbsp;<br \/>\t\t\t&#8211; M&aacute;x. 150 hojas de papel normal<br \/>\t\t\t&#8211; M&aacute;x. 20 hojas de papel fotogr&aacute;fico&nbsp;&nbsp; &nbsp;<br \/>\t\t\tTama&ntilde;os del papel: A3+, A3, A4, A5, B4, B5, LTR, LGL, LDR, 25 x 30 cm, 20 x 25 cm, 13 x 18 cm, 10 x 15 cm&nbsp;&nbsp; &nbsp;<br \/>\t\t\tGramaje del papel:<br \/>\t\t\t&#8211; Papel normal: 64 &#8211; 105 g\/m&sup2;<br \/>\t\t\t&#8211; Papel fotogr&aacute;fico de Canon hasta 300 g\/m&sup2; (PT-101)<\/div>\n<\/td>\n<\/tr>\n<tr>\n<td valign=\"top\"><strong>Otras caracter&iacute;sticas<\/strong><\/td>\n<td>\n<div>Cartuchos de tinta est&aacute;ndar &nbsp;&nbsp; &nbsp;<br \/>\t\t\t&#8211; PGI-550PGBK (negro pigmentado)<br \/>\t\t\t&#8211; CLI-551BK (negro)<br \/>\t\t\t&#8211; CLI-551C (cian)<br \/>\t\t\t&#8211; CLI-551M (magenta)<br \/>\t\t\t&#8211; CLI-551Y (amarillo)<br \/>\t\t\t&#8211; CLI-551GY (gris)&nbsp;&nbsp; &nbsp;<br \/>\t\t\tCartuchos de tinta XL opcionales &nbsp;&nbsp; &nbsp;<br \/>\t\t\t&#8211; PGI-550PGBK XL (negro pigmentado XL)<br \/>\t\t\t&#8211; CLI-551BK XL (negro XL)<br \/>\t\t\t&#8211; CLI-551C XL (cian XL)<br \/>\t\t\t&#8211; CLI-551M XL (magenta XL)<br \/>\t\t\t&#8211; CLI-551Y XL (amarillo XL)<br \/>\t\t\t&#8211; CLI-551GY XL (gris XL)<br \/>\t\t\tDimensiones (An x Pr x Al: 590 x 331 x 159 mm&nbsp;&nbsp; &nbsp;<br \/>\t\t\tPeso: 8,5 kg&nbsp;&nbsp; &nbsp;<br \/>\t\t\tFuente de alimentaci&oacute;n: CA 100-240 V, 50\/60 Hz&nbsp;&nbsp; &nbsp;<br \/>\t\t\tConsumo de energ&iacute;a:<br \/>\t\t\t&#8211; En espera: aprox. 1,9 W (conexi&oacute;n Wi-Fi al PC)<br \/>\t\t\t&#8211; Apagada: aprox. 0,3 W<br \/>\t\t\t&#8211; Imprimiendo: aproximadamente 23 W (conexi&oacute;n Wi-Fi al PC)<\/div>\n<\/td>\n<\/tr>\n<tr>\n<td><strong>Fecha Revisi&oacute;n<\/strong><\/td>\n<td>30-09-2014 por DAV<\/td>\n<\/tr>\n<\/tbody>\n<\/table>\n","protected":false},"excerpt":{"rendered":"<p>Impresi&oacute;n inal&aacute;mbrica A3+ para el hogar con calidad de laboratorio fotogr&aacute;ficoDisfruta de fotograf&iacute;as de impresionante calidad hasta A3+ con esta impresora de primera calidad de 6 dep&oacute;sitos de tinta independientes. Imprime de forma inal&aacute;mbrica desde cualquier lugar del hogar, incluso desde smartphones, tablets y c&aacute;maras con Wi-Fi. Ideal para entusiastas de la fotograf&iacute;a. &#8211; Impresora&hellip;&nbsp;<a href=\"https:\/\/aivlisoft.net\/shop\/producto\/canon-impresora-pixma-ip8750-a3\/\" rel=\"bookmark\"><span class=\"screen-reader-text\">Canon Impresora Pixma IP8750 A3<\/span><\/a><\/p>\n","protected":false},"featured_media":8934,"template":"","meta":{"neve_meta_sidebar":"","neve_meta_container":"","neve_meta_enable_content_width":"","neve_meta_content_width":0,"neve_meta_title_alignment":"","neve_meta_author_avatar":"","neve_post_elements_order":"","neve_meta_disable_header":"","neve_meta_disable_footer":"","neve_meta_disable_title":""},"product_brand":[],"product_cat":[15,3529],"product_tag":[3533],"class_list":{"0":"post-8933","1":"product","2":"type-product","3":"status-publish","4":"has-post-thumbnail","6":"product_cat-sin-categorizar","7":"product_cat-impresoras","8":"product_tag-8746b006","10":"first","11":"instock","12":"taxable","13":"shipping-taxable","14":"purchasable","15":"product-type-simple"},"yoast_head":"<!-- This site is optimized with the Yoast SEO plugin v26.0 - https:\/\/yoast.com\/wordpress\/plugins\/seo\/ -->\n<title>Canon Impresora Pixma IP8750 A3 - Aivlisoft Inform\u00e1tica<\/title>\n<meta name=\"robots\" content=\"index, follow, max-snippet:-1, max-image-preview:large, max-video-preview:-1\" \/>\n<link rel=\"canonical\" href=\"https:\/\/aivlisoft.net\/shop\/producto\/canon-impresora-pixma-ip8750-a3\/\" \/>\n<meta property=\"og:locale\" content=\"es_ES\" \/>\n<meta property=\"og:type\" content=\"article\" \/>\n<meta property=\"og:title\" content=\"Canon Impresora Pixma IP8750 A3 - Aivlisoft Inform\u00e1tica\" \/>\n<meta property=\"og:description\" content=\"Impresi&oacute;n inal&aacute;mbrica A3+ para el hogar con calidad de laboratorio fotogr&aacute;ficoDisfruta de fotograf&iacute;as de impresionante calidad hasta A3+ con esta impresora de primera calidad de 6 dep&oacute;sitos de tinta independientes. Imprime de forma inal&aacute;mbrica desde cualquier lugar del hogar, incluso desde smartphones, tablets y c&aacute;maras con Wi-Fi. Ideal para entusiastas de la fotograf&iacute;a. &#8211; Impresora&hellip;&nbsp;Canon Impresora Pixma IP8750 A3\" \/>\n<meta property=\"og:url\" content=\"https:\/\/aivlisoft.net\/shop\/producto\/canon-impresora-pixma-ip8750-a3\/\" \/>\n<meta property=\"og:site_name\" content=\"Aivlisoft Inform\u00e1tica\" \/>\n<meta property=\"article:modified_time\" content=\"2025-01-14T13:04:19+00:00\" \/>\n<meta property=\"og:image\" content=\"https:\/\/aivlisoft.net\/shop\/wp-content\/uploads\/2025\/01\/FIMIIN0057_large.jpg\" \/>\n\t<meta property=\"og:image:width\" content=\"400\" \/>\n\t<meta property=\"og:image:height\" content=\"400\" \/>\n\t<meta property=\"og:image:type\" content=\"image\/jpeg\" \/>\n<meta name=\"twitter:card\" content=\"summary_large_image\" \/>\n<meta name=\"twitter:label1\" content=\"Tiempo de lectura\" \/>\n\t<meta name=\"twitter:data1\" content=\"5 minutos\" \/>\n<script type=\"application\/ld+json\" class=\"yoast-schema-graph\">{\"@context\":\"https:\/\/schema.org\",\"@graph\":[{\"@type\":\"WebPage\",\"@id\":\"https:\/\/aivlisoft.net\/shop\/producto\/canon-impresora-pixma-ip8750-a3\/\",\"url\":\"https:\/\/aivlisoft.net\/shop\/producto\/canon-impresora-pixma-ip8750-a3\/\",\"name\":\"Canon Impresora Pixma IP8750 A3 - Aivlisoft Inform\u00e1tica\",\"isPartOf\":{\"@id\":\"https:\/\/aivlisoft.net\/shop\/#website\"},\"primaryImageOfPage\":{\"@id\":\"https:\/\/aivlisoft.net\/shop\/producto\/canon-impresora-pixma-ip8750-a3\/#primaryimage\"},\"image\":{\"@id\":\"https:\/\/aivlisoft.net\/shop\/producto\/canon-impresora-pixma-ip8750-a3\/#primaryimage\"},\"thumbnailUrl\":\"https:\/\/aivlisoft.net\/shop\/wp-content\/uploads\/2025\/01\/FIMIIN0057_large.jpg\",\"datePublished\":\"2025-01-13T13:52:43+00:00\",\"dateModified\":\"2025-01-14T13:04:19+00:00\",\"breadcrumb\":{\"@id\":\"https:\/\/aivlisoft.net\/shop\/producto\/canon-impresora-pixma-ip8750-a3\/#breadcrumb\"},\"inLanguage\":\"es\",\"potentialAction\":[{\"@type\":\"ReadAction\",\"target\":[\"https:\/\/aivlisoft.net\/shop\/producto\/canon-impresora-pixma-ip8750-a3\/\"]}]},{\"@type\":\"ImageObject\",\"inLanguage\":\"es\",\"@id\":\"https:\/\/aivlisoft.net\/shop\/producto\/canon-impresora-pixma-ip8750-a3\/#primaryimage\",\"url\":\"https:\/\/aivlisoft.net\/shop\/wp-content\/uploads\/2025\/01\/FIMIIN0057_large.jpg\",\"contentUrl\":\"https:\/\/aivlisoft.net\/shop\/wp-content\/uploads\/2025\/01\/FIMIIN0057_large.jpg\",\"width\":400,\"height\":400},{\"@type\":\"BreadcrumbList\",\"@id\":\"https:\/\/aivlisoft.net\/shop\/producto\/canon-impresora-pixma-ip8750-a3\/#breadcrumb\",\"itemListElement\":[{\"@type\":\"ListItem\",\"position\":1,\"name\":\"Portada\",\"item\":\"https:\/\/aivlisoft.net\/shop\/\"},{\"@type\":\"ListItem\",\"position\":2,\"name\":\"Tienda\",\"item\":\"https:\/\/aivlisoft.net\/shop\/tienda\/\"},{\"@type\":\"ListItem\",\"position\":3,\"name\":\"Canon Impresora Pixma IP8750 A3\"}]},{\"@type\":\"WebSite\",\"@id\":\"https:\/\/aivlisoft.net\/shop\/#website\",\"url\":\"https:\/\/aivlisoft.net\/shop\/\",\"name\":\"Aivlisoft Inform\u00e1tica\",\"description\":\"En Aivlisoft Inform\u00e1tica ofrecemos soluciones tecnol\u00f3gicas para empresas: venta de ordenadores, consumibles, perif\u00e9ricos y m\u00e1s. Calidad, atenci\u00f3n personalizada y los mejores precios para tu negocio.\",\"publisher\":{\"@id\":\"https:\/\/aivlisoft.net\/shop\/#organization\"},\"potentialAction\":[{\"@type\":\"SearchAction\",\"target\":{\"@type\":\"EntryPoint\",\"urlTemplate\":\"https:\/\/aivlisoft.net\/shop\/?s={search_term_string}\"},\"query-input\":{\"@type\":\"PropertyValueSpecification\",\"valueRequired\":true,\"valueName\":\"search_term_string\"}}],\"inLanguage\":\"es\"},{\"@type\":\"Organization\",\"@id\":\"https:\/\/aivlisoft.net\/shop\/#organization\",\"name\":\"Aivlisoft Inform\u00e1tica\",\"url\":\"https:\/\/aivlisoft.net\/shop\/\",\"logo\":{\"@type\":\"ImageObject\",\"inLanguage\":\"es\",\"@id\":\"https:\/\/aivlisoft.net\/shop\/#\/schema\/logo\/image\/\",\"url\":\"https:\/\/aivlisoft.net\/shop\/wp-content\/uploads\/2024\/12\/removal.ai_5b848c54-0cdf-4140-95c5-c5536bb7573b-logodef.png\",\"contentUrl\":\"https:\/\/aivlisoft.net\/shop\/wp-content\/uploads\/2024\/12\/removal.ai_5b848c54-0cdf-4140-95c5-c5536bb7573b-logodef.png\",\"width\":484,\"height\":182,\"caption\":\"Aivlisoft Inform\u00e1tica\"},\"image\":{\"@id\":\"https:\/\/aivlisoft.net\/shop\/#\/schema\/logo\/image\/\"}}]}<\/script>\n<!-- \/ Yoast SEO plugin. -->","yoast_head_json":{"title":"Canon Impresora Pixma IP8750 A3 - Aivlisoft Inform\u00e1tica","robots":{"index":"index","follow":"follow","max-snippet":"max-snippet:-1","max-image-preview":"max-image-preview:large","max-video-preview":"max-video-preview:-1"},"canonical":"https:\/\/aivlisoft.net\/shop\/producto\/canon-impresora-pixma-ip8750-a3\/","og_locale":"es_ES","og_type":"article","og_title":"Canon Impresora Pixma IP8750 A3 - Aivlisoft Inform\u00e1tica","og_description":"Impresi&oacute;n inal&aacute;mbrica A3+ para el hogar con calidad de laboratorio fotogr&aacute;ficoDisfruta de fotograf&iacute;as de impresionante calidad hasta A3+ con esta impresora de primera calidad de 6 dep&oacute;sitos de tinta independientes. Imprime de forma inal&aacute;mbrica desde cualquier lugar del hogar, incluso desde smartphones, tablets y c&aacute;maras con Wi-Fi. Ideal para entusiastas de la fotograf&iacute;a. &#8211; Impresora&hellip;&nbsp;Canon Impresora Pixma IP8750 A3","og_url":"https:\/\/aivlisoft.net\/shop\/producto\/canon-impresora-pixma-ip8750-a3\/","og_site_name":"Aivlisoft Inform\u00e1tica","article_modified_time":"2025-01-14T13:04:19+00:00","og_image":[{"width":400,"height":400,"url":"https:\/\/aivlisoft.net\/shop\/wp-content\/uploads\/2025\/01\/FIMIIN0057_large.jpg","type":"image\/jpeg"}],"twitter_card":"summary_large_image","twitter_misc":{"Tiempo de lectura":"5 minutos"},"schema":{"@context":"https:\/\/schema.org","@graph":[{"@type":"WebPage","@id":"https:\/\/aivlisoft.net\/shop\/producto\/canon-impresora-pixma-ip8750-a3\/","url":"https:\/\/aivlisoft.net\/shop\/producto\/canon-impresora-pixma-ip8750-a3\/","name":"Canon Impresora Pixma IP8750 A3 - Aivlisoft Inform\u00e1tica","isPartOf":{"@id":"https:\/\/aivlisoft.net\/shop\/#website"},"primaryImageOfPage":{"@id":"https:\/\/aivlisoft.net\/shop\/producto\/canon-impresora-pixma-ip8750-a3\/#primaryimage"},"image":{"@id":"https:\/\/aivlisoft.net\/shop\/producto\/canon-impresora-pixma-ip8750-a3\/#primaryimage"},"thumbnailUrl":"https:\/\/aivlisoft.net\/shop\/wp-content\/uploads\/2025\/01\/FIMIIN0057_large.jpg","datePublished":"2025-01-13T13:52:43+00:00","dateModified":"2025-01-14T13:04:19+00:00","breadcrumb":{"@id":"https:\/\/aivlisoft.net\/shop\/producto\/canon-impresora-pixma-ip8750-a3\/#breadcrumb"},"inLanguage":"es","potentialAction":[{"@type":"ReadAction","target":["https:\/\/aivlisoft.net\/shop\/producto\/canon-impresora-pixma-ip8750-a3\/"]}]},{"@type":"ImageObject","inLanguage":"es","@id":"https:\/\/aivlisoft.net\/shop\/producto\/canon-impresora-pixma-ip8750-a3\/#primaryimage","url":"https:\/\/aivlisoft.net\/shop\/wp-content\/uploads\/2025\/01\/FIMIIN0057_large.jpg","contentUrl":"https:\/\/aivlisoft.net\/shop\/wp-content\/uploads\/2025\/01\/FIMIIN0057_large.jpg","width":400,"height":400},{"@type":"BreadcrumbList","@id":"https:\/\/aivlisoft.net\/shop\/producto\/canon-impresora-pixma-ip8750-a3\/#breadcrumb","itemListElement":[{"@type":"ListItem","position":1,"name":"Portada","item":"https:\/\/aivlisoft.net\/shop\/"},{"@type":"ListItem","position":2,"name":"Tienda","item":"https:\/\/aivlisoft.net\/shop\/tienda\/"},{"@type":"ListItem","position":3,"name":"Canon Impresora Pixma IP8750 A3"}]},{"@type":"WebSite","@id":"https:\/\/aivlisoft.net\/shop\/#website","url":"https:\/\/aivlisoft.net\/shop\/","name":"Aivlisoft Inform\u00e1tica","description":"En Aivlisoft Inform\u00e1tica ofrecemos soluciones tecnol\u00f3gicas para empresas: venta de ordenadores, consumibles, perif\u00e9ricos y m\u00e1s. Calidad, atenci\u00f3n personalizada y los mejores precios para tu negocio.","publisher":{"@id":"https:\/\/aivlisoft.net\/shop\/#organization"},"potentialAction":[{"@type":"SearchAction","target":{"@type":"EntryPoint","urlTemplate":"https:\/\/aivlisoft.net\/shop\/?s={search_term_string}"},"query-input":{"@type":"PropertyValueSpecification","valueRequired":true,"valueName":"search_term_string"}}],"inLanguage":"es"},{"@type":"Organization","@id":"https:\/\/aivlisoft.net\/shop\/#organization","name":"Aivlisoft Inform\u00e1tica","url":"https:\/\/aivlisoft.net\/shop\/","logo":{"@type":"ImageObject","inLanguage":"es","@id":"https:\/\/aivlisoft.net\/shop\/#\/schema\/logo\/image\/","url":"https:\/\/aivlisoft.net\/shop\/wp-content\/uploads\/2024\/12\/removal.ai_5b848c54-0cdf-4140-95c5-c5536bb7573b-logodef.png","contentUrl":"https:\/\/aivlisoft.net\/shop\/wp-content\/uploads\/2024\/12\/removal.ai_5b848c54-0cdf-4140-95c5-c5536bb7573b-logodef.png","width":484,"height":182,"caption":"Aivlisoft Inform\u00e1tica"},"image":{"@id":"https:\/\/aivlisoft.net\/shop\/#\/schema\/logo\/image\/"}}]}},"_links":{"self":[{"href":"https:\/\/aivlisoft.net\/shop\/wp-json\/wp\/v2\/product\/8933","targetHints":{"allow":["GET"]}}],"collection":[{"href":"https:\/\/aivlisoft.net\/shop\/wp-json\/wp\/v2\/product"}],"about":[{"href":"https:\/\/aivlisoft.net\/shop\/wp-json\/wp\/v2\/types\/product"}],"wp:featuredmedia":[{"embeddable":true,"href":"https:\/\/aivlisoft.net\/shop\/wp-json\/wp\/v2\/media\/8934"}],"wp:attachment":[{"href":"https:\/\/aivlisoft.net\/shop\/wp-json\/wp\/v2\/media?parent=8933"}],"wp:term":[{"taxonomy":"product_brand","embeddable":true,"href":"https:\/\/aivlisoft.net\/shop\/wp-json\/wp\/v2\/product_brand?post=8933"},{"taxonomy":"product_cat","embeddable":true,"href":"https:\/\/aivlisoft.net\/shop\/wp-json\/wp\/v2\/product_cat?post=8933"},{"taxonomy":"product_tag","embeddable":true,"href":"https:\/\/aivlisoft.net\/shop\/wp-json\/wp\/v2\/product_tag?post=8933"}],"curies":[{"name":"wp","href":"https:\/\/api.w.org\/{rel}","templated":true}]}}