{"id":8930,"date":"2025-01-13T13:52:42","date_gmt":"2025-01-13T13:52:42","guid":{"rendered":"https:\/\/aivlisoft.com\/?post_type=product&#038;p=8930"},"modified":"2025-01-14T13:04:20","modified_gmt":"2025-01-14T13:04:20","slug":"canon-impresora-pixma-ix6850-a3","status":"publish","type":"product","link":"https:\/\/aivlisoft.net\/shop\/producto\/canon-impresora-pixma-ix6850-a3\/","title":{"rendered":"Canon Impresora Pixma IX6850 A3"},"content":{"rendered":"<div>\n<div>\t\t<strong>Canon PIXMA iX6850<\/strong><\/div>\n<div>\t\t&nbsp;<\/div>\n<div>\t\tImpresora A3+ para oficina, inal&aacute;mbrica, compacta y de alto rendimiento<\/div>\n<div>\t\tEsta impresora A3+ para oficina de alto rendimiento ofrece conectividad Wi-Fi y Ethernet, adem&aacute;s de impresi&oacute;n desde dispositivos m&oacute;viles. Los 5 dep&oacute;sitos de tinta independientes ofrecen de forma eficaz documentos empresariales y fotograf&iacute;as de calidad excelente.<\/div>\n<div>\t\t&nbsp;<\/div>\n<div>\t\t<strong>Descripci&oacute;n general<\/strong><\/div>\n<div>\t\t&nbsp;<\/div>\n<div>\t\tImpresora empresarial A3+ ultracompacta y de alto rendimiento<\/div>\n<div>\t\tF&aacute;cil de compartir con conectividad inal&aacute;mbrica y Ethernet<\/div>\n<div>\t\tImpresiones de excelente calidad sin residuos con sistema de 5 tintas independientes, sustituibles individualmente<\/div>\n<div>\t\tImpresi&oacute;n s&uacute;per r&aacute;pida de documentos: A4 ISO ESAT 14,5 ipm en blanco y negro\/10,4 ipm en color<\/div>\n<div>\t\tImprime m&aacute;s por menos con las tintas opcionales XL y XXL<\/div>\n<\/div>\n<p><\/p>\n<table class=\"tabla_caracteristicas\" width=\"100%\">\n<tbody>\n<tr>\n<td valign=\"top\" width=\"35%\">\t\t\t\t<b><small><font face=\"Tahoma,Arial, Helvetica, sans-serif\" style=\"font-size: 11px;\">Marca<\/font><\/small><\/b><\/td>\n<td valign=\"top\">\t\t\t\t<font face=\"Tahoma,Arial, Helvetica, sans-serif\" style=\"font-size: 11px;\">CANON<\/font><\/td>\n<\/tr>\n<tr>\n<td valign=\"top\" width=\"35%\">\t\t\t\t<b><font face=\"Tahoma,Arial, Helvetica, sans-serif\" style=\"font-size: 11px;\">Modelo<\/font><\/b><\/td>\n<td valign=\"top\">\t\t\t\t<font face=\"Tahoma,Arial, Helvetica, sans-serif\" style=\"font-size: 11px;\">Pixma iX6850<\/font><\/td>\n<\/tr>\n<tr>\n<td valign=\"top\" width=\"35%\">\t\t\t\t<b><small><font face=\"Tahoma,Arial, Helvetica, sans-serif\" style=\"font-size: 11px;\">M&eacute;todo de impresi&oacute;n<\/font><\/small><\/b><\/td>\n<td valign=\"top\">\t\t\t\t<font face=\"Tahoma,Arial, Helvetica, sans-serif\" style=\"font-size: 11px;\">Inyecci&oacute;n<br \/>\t\t\t\t<\/font><\/td>\n<\/tr>\n<tr>\n<td valign=\"top\" width=\"35%\">\t\t\t\t<b><small><font face=\"Tahoma,Arial, Helvetica, sans-serif\" style=\"font-size: 11px;\">Impresi&oacute;n<\/font><\/small><\/b><\/td>\n<td valign=\"top\">\n<div>\t\t\t\t\t<font face=\"Tahoma,Arial, Helvetica, sans-serif\" style=\"font-size: 11px;\">Velocidad de impresi&oacute;n, negro: <br \/>\t\t\t\t\t&#8211; Aprox. 14,5 ppm<br \/>\t\t\t\t\tVelocidad de impresi&oacute;n, color: <br \/>\t\t\t\t\t&#8211; Aprox 10,4 ppm<\/font><\/div>\n<div>\t\t\t\t\t<font face=\"Tahoma,Arial, Helvetica, sans-serif\" style=\"font-size: 11px;\">&#8211; Velocidad impresion fotograf&iacute;as: 10x15cm sin bordes aprox. 36 segundos<\/font><\/div>\n<div>\t\t\t\t\t<font face=\"Tahoma,Arial, Helvetica, sans-serif\" style=\"font-size: 11px;\">&nbsp; &nbsp;A3+ con bordes: aprox. 120 segundos<\/font><\/div>\n<div>\t\t\t\t\t<font face=\"Tahoma,Arial, Helvetica, sans-serif\" style=\"font-size: 11px;\">&#8211; Resoluci&oacute;n de impresi&oacute;n: hasta 9.600 x 2.400 ppp<br \/>\t\t\t\t\t&#8211; Rendimiento 12.000 &nbsp;p&aacute;ginas \/ mes <\/font><\/div>\n<div>\t\t\t\t\t<font face=\"Tahoma,Arial, Helvetica, sans-serif\" style=\"font-size: 11px;\">&#8211; Gramaje de<span style=\"font-size:11px;\"> pap<\/span>el:&nbsp;<\/font><\/div>\n<div>\t\t\t\t\t<span style=\"font-size:11px;\"><span style=\"font-family:arial,helvetica,sans-serif;\">Papel normal: 64 &#8211; 105 g\/m&sup2;<\/span><\/span><\/div>\n<div>\t\t\t\t\t<span style=\"font-size:11px;\"><span style=\"font-family:arial,helvetica,sans-serif;\">Papel fotogr&aacute;fico de Canon hasta 300 g\/m&sup2; (PT-101)<\/span><\/span><\/div>\n<\/td>\n<\/tr>\n<tr>\n<td valign=\"top\" width=\"35%\">\t\t\t\t<b><small><font face=\"Tahoma,Arial, Helvetica, sans-serif\" style=\"font-size: 11px;\">Manejo papel<\/font><\/small><\/b><\/td>\n<td valign=\"top\">\n<div>\t\t\t\t\t<font face=\"Tahoma,Arial, Helvetica, sans-serif\"><span style=\"font-size: 11px;\">&#8211; Bandeja entrada 150 hojas &nbsp;papel normal 20 hojas papel fotogr&aacute;fico<\/span><br \/>\t\t\t\t\t<span style=\"font-size: 11px;\"> &#8211; Impresi&oacute;n a doble cara: Manual<\/span><br \/>\t\t\t\t\t<span style=\"font-size: 11px;\"> &#8211;&nbsp;Impresi&oacute;n sin bordes: Si<\/span><br \/>\t\t\t\t\t<span style=\"font-size: 11px;\"> &#8211; Tama&ntilde;os de material admitidos:&nbsp;A3+, A3, A4, A5, B4, B5, LTR, LGL, LDR, 25 x 30 cm, 20 x 25 cm, 13 x 18 cm, 10 x 15 cm<\/span><br \/>\t\t\t\t\t<span style=\"font-size: 11px;\"> &#8211; Tipos de soportes:&nbsp;<\/span><\/font><\/div>\n<div>\t\t\t\t\t<span style=\"font-size: 11px; font-family: Tahoma, Arial, Helvetica, sans-serif;\">Papel normal<\/span><\/div>\n<div>\t\t\t\t\t<font face=\"Tahoma,Arial, Helvetica, sans-serif\"><span style=\"font-size: 11px;\">Sobres (DL, COM10)<\/span><\/font><\/div>\n<div>\t\t\t\t\t<font face=\"Tahoma,Arial, Helvetica, sans-serif\"><span style=\"font-size: 11px;\">Canon Pro Platinum (PT-101)<\/span><\/font><\/div>\n<div>\t\t\t\t\t<font face=\"Tahoma,Arial, Helvetica, sans-serif\"><span style=\"font-size: 11px;\">Canon Pro Luster (LU-101)<\/span><\/font><\/div>\n<div>\t\t\t\t\t<font face=\"Tahoma,Arial, Helvetica, sans-serif\"><span style=\"font-size: 11px;\">Canon Fotogr&aacute;fico Brillo II (PP-201)<\/span><\/font><\/div>\n<div>\t\t\t\t\t<font face=\"Tahoma,Arial, Helvetica, sans-serif\"><span style=\"font-size: 11px;\">Canon Plus Semi Brillante (SG-101)<\/span><\/font><\/div>\n<div>\t\t\t\t\t<font face=\"Tahoma,Arial, Helvetica, sans-serif\"><span style=\"font-size: 11px;\">Canon Brillo &quot;Uso Diario&quot; (GP-501)<\/span><\/font><\/div>\n<div>\t\t\t\t\t<font face=\"Tahoma,Arial, Helvetica, sans-serif\"><span style=\"font-size: 11px;\">Canon Mate (MP-101)<\/span><\/font><\/div>\n<div>\t\t\t\t\t<font face=\"Tahoma,Arial, Helvetica, sans-serif\"><span style=\"font-size: 11px;\">Papel Canon de Alta Resoluci&oacute;n (HR-101N)<\/span><\/font><\/div>\n<div>\t\t\t\t\t<font face=\"Tahoma,Arial, Helvetica, sans-serif\"><span style=\"font-size: 11px;\">Etiquetas Fotogr&aacute;ficas Adhesivas Canon (PS-101)<\/span><\/font><\/div>\n<p>\t\t\t\t<span style=\"font-size: 11px; font-family: Tahoma, Arial, Helvetica, sans-serif;\">Transfer para camisetas de Canon (TR-301)<\/span><\/td>\n<\/tr>\n<tr>\n<td valign=\"top\" width=\"35%\">\t\t\t\t<b><small><font face=\"Tahoma,Arial, Helvetica, sans-serif\" style=\"font-size: 11px;\">Otras caracter&iacute;sticas<\/font><\/small><\/b><\/td>\n<td valign=\"top\">\n<div>\t\t\t\t\t<font face=\"Tahoma,Arial, Helvetica, sans-serif\" style=\"font-size: 11px;\">Conectividad: <\/font><\/div>\n<div>\t\t\t\t\t<font face=\"Tahoma,Arial, Helvetica, sans-serif\" style=\"font-size: 11px;\">&#8211; 1 puerto USB 2.0 de alta velocidad, Ethernet 10\/100mps, Wifi IEEE802.11 b\/g\/n&nbsp;<\/font><\/div>\n<div>\t\t\t\t\t<font face=\"Tahoma,Arial, Helvetica, sans-serif\" style=\"font-size: 11px;\">&#8211; Cartuchos de tinta: <\/font><\/div>\n<div>\t\t\t\t\t<font face=\"Tahoma,Arial, Helvetica, sans-serif\" style=\"font-size: 11px;\">PGI-550PGBK (negro pigmentado)<\/font><\/div>\n<div>\t\t\t\t\t<font face=\"Tahoma,Arial, Helvetica, sans-serif\" style=\"font-size: 11px;\">CLI-551BK (negro)<\/font><\/div>\n<div>\t\t\t\t\t<font face=\"Tahoma,Arial, Helvetica, sans-serif\" style=\"font-size: 11px;\">CLI-551C (cian)<\/font><\/div>\n<div>\t\t\t\t\t<font face=\"Tahoma,Arial, Helvetica, sans-serif\" style=\"font-size: 11px;\">CLI-551M (magenta)<\/font><\/div>\n<div>\t\t\t\t\t<font face=\"Tahoma,Arial, Helvetica, sans-serif\" style=\"font-size: 11px;\">CLI-551Y (amarillo) <\/font><\/div>\n<div>\t\t\t\t\t<font face=\"Tahoma,Arial, Helvetica, sans-serif\" style=\"font-size: 11px;\">&#8211; Cartuchos opcionales:<\/font><\/div>\n<div>\t\t\t\t\t<font face=\"Tahoma,Arial, Helvetica, sans-serif\" style=\"font-size: 11px;\">PGI-555PGBK XXL (negro pigmentado XXL)<\/font><\/div>\n<div>\t\t\t\t\t<font face=\"Tahoma,Arial, Helvetica, sans-serif\" style=\"font-size: 11px;\">PGI-550PGBK XL (negro pigmentado XL)<\/font><\/div>\n<div>\t\t\t\t\t<font face=\"Tahoma,Arial, Helvetica, sans-serif\" style=\"font-size: 11px;\">CLI-551BK XL (negro XL)<\/font><\/div>\n<div>\t\t\t\t\t<font face=\"Tahoma,Arial, Helvetica, sans-serif\" style=\"font-size: 11px;\">CLI-551C XL (cian XL)<\/font><\/div>\n<div>\t\t\t\t\t<font face=\"Tahoma,Arial, Helvetica, sans-serif\" style=\"font-size: 11px;\">CLI-551M XL (magenta XL)<\/font><\/div>\n<div>\t\t\t\t\t<font face=\"Tahoma,Arial, Helvetica, sans-serif\" style=\"font-size: 11px;\">CLI-551Y XL (amarillo XL) &nbsp;<\/font><\/div>\n<div>\t\t\t\t\t<font face=\"Tahoma,Arial, Helvetica, sans-serif\" style=\"font-size: 11px;\">&#8211; N&uacute;mero cartuchos impresi&oacute;n:5 (1 negro, 1 negro pigmentado, 1 cian, 1 magenta 1 amarillo)<\/font><\/div>\n<div>\t\t\t\t\t<font face=\"Tahoma,Arial, Helvetica, sans-serif\" style=\"font-size: 11px;\">&#8211; Dimensiones (P x A x L): 584 x 310 x 159 mm<\/font><\/div>\n<div>\t\t\t\t\t<font face=\"Tahoma,Arial, Helvetica, sans-serif\" style=\"font-size: 11px;\">&#8211; Tensi&oacute;n de entrada: de 100 a 240 VCA ) 50\/60 Hz<\/font><\/div>\n<div>\t\t\t\t\t<font face=\"Tahoma,Arial, Helvetica, sans-serif\" style=\"font-size: 11px;\">&#8211; Consumo de energ&iacute;a:<\/font><\/div>\n<div>\n<div>\t\t\t\t\t\t<font face=\"Tahoma,Arial, Helvetica, sans-serif\" style=\"font-size: 11px;\">En espera: aprox. 2,0 W (conexi&oacute;n Wi-Fi al PC)<\/font><\/div>\n<div>\t\t\t\t\t\t<font face=\"Tahoma,Arial, Helvetica, sans-serif\" style=\"font-size: 11px;\">Apagada: aprox. 0,3 W<\/font><\/div>\n<div>\t\t\t\t\t\t<font face=\"Tahoma,Arial, Helvetica, sans-serif\" style=\"font-size: 11px;\">Imprimiendo: aproximadamente 24 W<\/font><\/div>\n<p>\t\t\t\t\t<font face=\"Tahoma,Arial, Helvetica, sans-serif\" style=\"font-size: 11px;\">&#8211; Peso: 8,1 kg<\/font><\/div>\n<\/td>\n<\/tr>\n<tr>\n<td valign=\"top\" width=\"35%\">\t\t\t\t<b><small><font face=\"Tahoma,Arial, Helvetica, sans-serif\" style=\"font-size: 11px;\">Contenido Caja<br \/>\t\t\t\t<\/font><\/small><\/b><\/td>\n<td valign=\"top\">\t\t\t\t<font face=\"Tahoma,Arial, Helvetica, sans-serif\" style=\"font-size: 11px;\">&#8211; Impresora Canon Pixma iX6850<br \/>\t\t\t\t&#8211; cartuchos &nbsp;de tinta<br \/>\t\t\t\t&#8211; alimentaci&oacute;n el&eacute;ctrica<br \/>\t\t\t\t&#8211; cable de alimentaci&oacute;n<br \/>\t\t\t\t&#8211; CD de software<br \/>\t\t\t\t<\/font><\/td>\n<\/tr>\n<tr>\n<td valign=\"top\">\t\t\t\t<b><small><font face=\"Tahoma,Arial, Helvetica, sans-serif\" style=\"font-size: 11px;\">Fecha Revisi&oacute;n<\/font><\/small><\/b><\/td>\n<td valign=\"top\">\t\t\t\t<font face=\"Tahoma,Arial, Helvetica, sans-serif\" style=\"font-size: 11px;\">26-02-2014 por MIG<\/font><\/td>\n<\/tr>\n<\/tbody>\n<\/table>\n","protected":false},"excerpt":{"rendered":"<p>Canon PIXMA iX6850 &nbsp; Impresora A3+ para oficina, inal&aacute;mbrica, compacta y de alto rendimiento Esta impresora A3+ para oficina de alto rendimiento ofrece conectividad Wi-Fi y Ethernet, adem&aacute;s de impresi&oacute;n desde dispositivos m&oacute;viles. Los 5 dep&oacute;sitos de tinta independientes ofrecen de forma eficaz documentos empresariales y fotograf&iacute;as de calidad excelente. &nbsp; Descripci&oacute;n general &nbsp; Impresora&hellip;&nbsp;<a href=\"https:\/\/aivlisoft.net\/shop\/producto\/canon-impresora-pixma-ix6850-a3\/\" rel=\"bookmark\"><span class=\"screen-reader-text\">Canon Impresora Pixma IX6850 A3<\/span><\/a><\/p>\n","protected":false},"featured_media":8931,"template":"","meta":{"neve_meta_sidebar":"","neve_meta_container":"","neve_meta_enable_content_width":"","neve_meta_content_width":0,"neve_meta_title_alignment":"","neve_meta_author_avatar":"","neve_post_elements_order":"","neve_meta_disable_header":"","neve_meta_disable_footer":"","neve_meta_disable_title":""},"product_brand":[],"product_cat":[15,3529],"product_tag":[3532],"class_list":{"0":"post-8930","1":"product","2":"type-product","3":"status-publish","4":"has-post-thumbnail","6":"product_cat-sin-categorizar","7":"product_cat-impresoras","8":"product_tag-8747b006","10":"first","11":"instock","12":"taxable","13":"shipping-taxable","14":"purchasable","15":"product-type-simple"},"yoast_head":"<!-- This site is optimized with the Yoast SEO plugin v26.0 - https:\/\/yoast.com\/wordpress\/plugins\/seo\/ -->\n<title>Canon Impresora Pixma IX6850 A3 - Aivlisoft Inform\u00e1tica<\/title>\n<meta name=\"robots\" content=\"index, follow, max-snippet:-1, max-image-preview:large, max-video-preview:-1\" \/>\n<link rel=\"canonical\" href=\"https:\/\/aivlisoft.net\/shop\/producto\/canon-impresora-pixma-ix6850-a3\/\" \/>\n<meta property=\"og:locale\" content=\"es_ES\" \/>\n<meta property=\"og:type\" content=\"article\" \/>\n<meta property=\"og:title\" content=\"Canon Impresora Pixma IX6850 A3 - Aivlisoft Inform\u00e1tica\" \/>\n<meta property=\"og:description\" content=\"Canon PIXMA iX6850 &nbsp; Impresora A3+ para oficina, inal&aacute;mbrica, compacta y de alto rendimiento Esta impresora A3+ para oficina de alto rendimiento ofrece conectividad Wi-Fi y Ethernet, adem&aacute;s de impresi&oacute;n desde dispositivos m&oacute;viles. Los 5 dep&oacute;sitos de tinta independientes ofrecen de forma eficaz documentos empresariales y fotograf&iacute;as de calidad excelente. &nbsp; Descripci&oacute;n general &nbsp; Impresora&hellip;&nbsp;Canon Impresora Pixma IX6850 A3\" \/>\n<meta property=\"og:url\" content=\"https:\/\/aivlisoft.net\/shop\/producto\/canon-impresora-pixma-ix6850-a3\/\" \/>\n<meta property=\"og:site_name\" content=\"Aivlisoft Inform\u00e1tica\" \/>\n<meta property=\"article:modified_time\" content=\"2025-01-14T13:04:20+00:00\" \/>\n<meta property=\"og:image\" content=\"https:\/\/aivlisoft.net\/shop\/wp-content\/uploads\/2025\/01\/FIMIIN0055_800.jpg\" \/>\n\t<meta property=\"og:image:width\" content=\"800\" \/>\n\t<meta property=\"og:image:height\" content=\"800\" \/>\n\t<meta property=\"og:image:type\" content=\"image\/jpeg\" \/>\n<meta name=\"twitter:card\" content=\"summary_large_image\" \/>\n<meta name=\"twitter:label1\" content=\"Tiempo de lectura\" \/>\n\t<meta name=\"twitter:data1\" content=\"3 minutos\" \/>\n<script type=\"application\/ld+json\" class=\"yoast-schema-graph\">{\"@context\":\"https:\/\/schema.org\",\"@graph\":[{\"@type\":\"WebPage\",\"@id\":\"https:\/\/aivlisoft.net\/shop\/producto\/canon-impresora-pixma-ix6850-a3\/\",\"url\":\"https:\/\/aivlisoft.net\/shop\/producto\/canon-impresora-pixma-ix6850-a3\/\",\"name\":\"Canon Impresora Pixma IX6850 A3 - Aivlisoft Inform\u00e1tica\",\"isPartOf\":{\"@id\":\"https:\/\/aivlisoft.net\/shop\/#website\"},\"primaryImageOfPage\":{\"@id\":\"https:\/\/aivlisoft.net\/shop\/producto\/canon-impresora-pixma-ix6850-a3\/#primaryimage\"},\"image\":{\"@id\":\"https:\/\/aivlisoft.net\/shop\/producto\/canon-impresora-pixma-ix6850-a3\/#primaryimage\"},\"thumbnailUrl\":\"https:\/\/aivlisoft.net\/shop\/wp-content\/uploads\/2025\/01\/FIMIIN0055_800.jpg\",\"datePublished\":\"2025-01-13T13:52:42+00:00\",\"dateModified\":\"2025-01-14T13:04:20+00:00\",\"breadcrumb\":{\"@id\":\"https:\/\/aivlisoft.net\/shop\/producto\/canon-impresora-pixma-ix6850-a3\/#breadcrumb\"},\"inLanguage\":\"es\",\"potentialAction\":[{\"@type\":\"ReadAction\",\"target\":[\"https:\/\/aivlisoft.net\/shop\/producto\/canon-impresora-pixma-ix6850-a3\/\"]}]},{\"@type\":\"ImageObject\",\"inLanguage\":\"es\",\"@id\":\"https:\/\/aivlisoft.net\/shop\/producto\/canon-impresora-pixma-ix6850-a3\/#primaryimage\",\"url\":\"https:\/\/aivlisoft.net\/shop\/wp-content\/uploads\/2025\/01\/FIMIIN0055_800.jpg\",\"contentUrl\":\"https:\/\/aivlisoft.net\/shop\/wp-content\/uploads\/2025\/01\/FIMIIN0055_800.jpg\",\"width\":800,\"height\":800},{\"@type\":\"BreadcrumbList\",\"@id\":\"https:\/\/aivlisoft.net\/shop\/producto\/canon-impresora-pixma-ix6850-a3\/#breadcrumb\",\"itemListElement\":[{\"@type\":\"ListItem\",\"position\":1,\"name\":\"Portada\",\"item\":\"https:\/\/aivlisoft.net\/shop\/\"},{\"@type\":\"ListItem\",\"position\":2,\"name\":\"Tienda\",\"item\":\"https:\/\/aivlisoft.net\/shop\/tienda\/\"},{\"@type\":\"ListItem\",\"position\":3,\"name\":\"Canon Impresora Pixma IX6850 A3\"}]},{\"@type\":\"WebSite\",\"@id\":\"https:\/\/aivlisoft.net\/shop\/#website\",\"url\":\"https:\/\/aivlisoft.net\/shop\/\",\"name\":\"Aivlisoft Inform\u00e1tica\",\"description\":\"En Aivlisoft Inform\u00e1tica ofrecemos soluciones tecnol\u00f3gicas para empresas: venta de ordenadores, consumibles, perif\u00e9ricos y m\u00e1s. Calidad, atenci\u00f3n personalizada y los mejores precios para tu negocio.\",\"publisher\":{\"@id\":\"https:\/\/aivlisoft.net\/shop\/#organization\"},\"potentialAction\":[{\"@type\":\"SearchAction\",\"target\":{\"@type\":\"EntryPoint\",\"urlTemplate\":\"https:\/\/aivlisoft.net\/shop\/?s={search_term_string}\"},\"query-input\":{\"@type\":\"PropertyValueSpecification\",\"valueRequired\":true,\"valueName\":\"search_term_string\"}}],\"inLanguage\":\"es\"},{\"@type\":\"Organization\",\"@id\":\"https:\/\/aivlisoft.net\/shop\/#organization\",\"name\":\"Aivlisoft Inform\u00e1tica\",\"url\":\"https:\/\/aivlisoft.net\/shop\/\",\"logo\":{\"@type\":\"ImageObject\",\"inLanguage\":\"es\",\"@id\":\"https:\/\/aivlisoft.net\/shop\/#\/schema\/logo\/image\/\",\"url\":\"https:\/\/aivlisoft.net\/shop\/wp-content\/uploads\/2024\/12\/removal.ai_5b848c54-0cdf-4140-95c5-c5536bb7573b-logodef.png\",\"contentUrl\":\"https:\/\/aivlisoft.net\/shop\/wp-content\/uploads\/2024\/12\/removal.ai_5b848c54-0cdf-4140-95c5-c5536bb7573b-logodef.png\",\"width\":484,\"height\":182,\"caption\":\"Aivlisoft Inform\u00e1tica\"},\"image\":{\"@id\":\"https:\/\/aivlisoft.net\/shop\/#\/schema\/logo\/image\/\"}}]}<\/script>\n<!-- \/ Yoast SEO plugin. -->","yoast_head_json":{"title":"Canon Impresora Pixma IX6850 A3 - Aivlisoft Inform\u00e1tica","robots":{"index":"index","follow":"follow","max-snippet":"max-snippet:-1","max-image-preview":"max-image-preview:large","max-video-preview":"max-video-preview:-1"},"canonical":"https:\/\/aivlisoft.net\/shop\/producto\/canon-impresora-pixma-ix6850-a3\/","og_locale":"es_ES","og_type":"article","og_title":"Canon Impresora Pixma IX6850 A3 - Aivlisoft Inform\u00e1tica","og_description":"Canon PIXMA iX6850 &nbsp; Impresora A3+ para oficina, inal&aacute;mbrica, compacta y de alto rendimiento Esta impresora A3+ para oficina de alto rendimiento ofrece conectividad Wi-Fi y Ethernet, adem&aacute;s de impresi&oacute;n desde dispositivos m&oacute;viles. Los 5 dep&oacute;sitos de tinta independientes ofrecen de forma eficaz documentos empresariales y fotograf&iacute;as de calidad excelente. &nbsp; Descripci&oacute;n general &nbsp; Impresora&hellip;&nbsp;Canon Impresora Pixma IX6850 A3","og_url":"https:\/\/aivlisoft.net\/shop\/producto\/canon-impresora-pixma-ix6850-a3\/","og_site_name":"Aivlisoft Inform\u00e1tica","article_modified_time":"2025-01-14T13:04:20+00:00","og_image":[{"width":800,"height":800,"url":"https:\/\/aivlisoft.net\/shop\/wp-content\/uploads\/2025\/01\/FIMIIN0055_800.jpg","type":"image\/jpeg"}],"twitter_card":"summary_large_image","twitter_misc":{"Tiempo de lectura":"3 minutos"},"schema":{"@context":"https:\/\/schema.org","@graph":[{"@type":"WebPage","@id":"https:\/\/aivlisoft.net\/shop\/producto\/canon-impresora-pixma-ix6850-a3\/","url":"https:\/\/aivlisoft.net\/shop\/producto\/canon-impresora-pixma-ix6850-a3\/","name":"Canon Impresora Pixma IX6850 A3 - Aivlisoft Inform\u00e1tica","isPartOf":{"@id":"https:\/\/aivlisoft.net\/shop\/#website"},"primaryImageOfPage":{"@id":"https:\/\/aivlisoft.net\/shop\/producto\/canon-impresora-pixma-ix6850-a3\/#primaryimage"},"image":{"@id":"https:\/\/aivlisoft.net\/shop\/producto\/canon-impresora-pixma-ix6850-a3\/#primaryimage"},"thumbnailUrl":"https:\/\/aivlisoft.net\/shop\/wp-content\/uploads\/2025\/01\/FIMIIN0055_800.jpg","datePublished":"2025-01-13T13:52:42+00:00","dateModified":"2025-01-14T13:04:20+00:00","breadcrumb":{"@id":"https:\/\/aivlisoft.net\/shop\/producto\/canon-impresora-pixma-ix6850-a3\/#breadcrumb"},"inLanguage":"es","potentialAction":[{"@type":"ReadAction","target":["https:\/\/aivlisoft.net\/shop\/producto\/canon-impresora-pixma-ix6850-a3\/"]}]},{"@type":"ImageObject","inLanguage":"es","@id":"https:\/\/aivlisoft.net\/shop\/producto\/canon-impresora-pixma-ix6850-a3\/#primaryimage","url":"https:\/\/aivlisoft.net\/shop\/wp-content\/uploads\/2025\/01\/FIMIIN0055_800.jpg","contentUrl":"https:\/\/aivlisoft.net\/shop\/wp-content\/uploads\/2025\/01\/FIMIIN0055_800.jpg","width":800,"height":800},{"@type":"BreadcrumbList","@id":"https:\/\/aivlisoft.net\/shop\/producto\/canon-impresora-pixma-ix6850-a3\/#breadcrumb","itemListElement":[{"@type":"ListItem","position":1,"name":"Portada","item":"https:\/\/aivlisoft.net\/shop\/"},{"@type":"ListItem","position":2,"name":"Tienda","item":"https:\/\/aivlisoft.net\/shop\/tienda\/"},{"@type":"ListItem","position":3,"name":"Canon Impresora Pixma IX6850 A3"}]},{"@type":"WebSite","@id":"https:\/\/aivlisoft.net\/shop\/#website","url":"https:\/\/aivlisoft.net\/shop\/","name":"Aivlisoft Inform\u00e1tica","description":"En Aivlisoft Inform\u00e1tica ofrecemos soluciones tecnol\u00f3gicas para empresas: venta de ordenadores, consumibles, perif\u00e9ricos y m\u00e1s. Calidad, atenci\u00f3n personalizada y los mejores precios para tu negocio.","publisher":{"@id":"https:\/\/aivlisoft.net\/shop\/#organization"},"potentialAction":[{"@type":"SearchAction","target":{"@type":"EntryPoint","urlTemplate":"https:\/\/aivlisoft.net\/shop\/?s={search_term_string}"},"query-input":{"@type":"PropertyValueSpecification","valueRequired":true,"valueName":"search_term_string"}}],"inLanguage":"es"},{"@type":"Organization","@id":"https:\/\/aivlisoft.net\/shop\/#organization","name":"Aivlisoft Inform\u00e1tica","url":"https:\/\/aivlisoft.net\/shop\/","logo":{"@type":"ImageObject","inLanguage":"es","@id":"https:\/\/aivlisoft.net\/shop\/#\/schema\/logo\/image\/","url":"https:\/\/aivlisoft.net\/shop\/wp-content\/uploads\/2024\/12\/removal.ai_5b848c54-0cdf-4140-95c5-c5536bb7573b-logodef.png","contentUrl":"https:\/\/aivlisoft.net\/shop\/wp-content\/uploads\/2024\/12\/removal.ai_5b848c54-0cdf-4140-95c5-c5536bb7573b-logodef.png","width":484,"height":182,"caption":"Aivlisoft Inform\u00e1tica"},"image":{"@id":"https:\/\/aivlisoft.net\/shop\/#\/schema\/logo\/image\/"}}]}},"_links":{"self":[{"href":"https:\/\/aivlisoft.net\/shop\/wp-json\/wp\/v2\/product\/8930","targetHints":{"allow":["GET"]}}],"collection":[{"href":"https:\/\/aivlisoft.net\/shop\/wp-json\/wp\/v2\/product"}],"about":[{"href":"https:\/\/aivlisoft.net\/shop\/wp-json\/wp\/v2\/types\/product"}],"wp:featuredmedia":[{"embeddable":true,"href":"https:\/\/aivlisoft.net\/shop\/wp-json\/wp\/v2\/media\/8931"}],"wp:attachment":[{"href":"https:\/\/aivlisoft.net\/shop\/wp-json\/wp\/v2\/media?parent=8930"}],"wp:term":[{"taxonomy":"product_brand","embeddable":true,"href":"https:\/\/aivlisoft.net\/shop\/wp-json\/wp\/v2\/product_brand?post=8930"},{"taxonomy":"product_cat","embeddable":true,"href":"https:\/\/aivlisoft.net\/shop\/wp-json\/wp\/v2\/product_cat?post=8930"},{"taxonomy":"product_tag","embeddable":true,"href":"https:\/\/aivlisoft.net\/shop\/wp-json\/wp\/v2\/product_tag?post=8930"}],"curies":[{"name":"wp","href":"https:\/\/api.w.org\/{rel}","templated":true}]}}