{"id":8906,"date":"2025-01-13T13:52:27","date_gmt":"2025-01-13T13:52:27","guid":{"rendered":"https:\/\/aivlisoft.com\/?post_type=product&#038;p=8906"},"modified":"2025-01-15T11:18:59","modified_gmt":"2025-01-15T11:18:59","slug":"honeywell-pda-eda52-5-android-11-wifi","status":"publish","type":"product","link":"https:\/\/aivlisoft.net\/shop\/producto\/honeywell-pda-eda52-5-android-11-wifi\/","title":{"rendered":"Honeywell PDA EDA52 5&#8243; Android 11 Wifi"},"content":{"rendered":"<p><\/p>\n<div style=\"text-align:justify;\">&nbsp;<\/div>\n<table class=\"tabla_caracteristicas k-table\" width=\"100%\">\n<tr>\n<td valign=\"top\"><strong>Marca<\/strong><\/td>\n<td>Honeywell<\/td>\n<\/tr>\n<tr>\n<td valign=\"top\"><strong>Modelo<\/strong><\/td>\n<td><strong>EDA52-00AE31N21RK<\/strong><\/td>\n<\/tr>\n<tr>\n<td valign=\"top\"><strong>Procesador<\/strong><\/td>\n<td>&#8211; Procesador: Qualcomm Snapdragon SM6115, Cuatro n&uacute;cleos Kryo de alto rendimiento 2.0 GHz + Cuatro n&uacute;cleos Kryo de baja potencia 1.8 GHz<br \/>\t\t\t&#8211; Sistema operativo: Android 11, y actualizable a Android 13<br \/>\t\t\t&#8211; Expansi&oacute;n de almacenamiento: MicroSD (hasta 128 GB)<br \/>\t\t\t&#8211; Motor de barrido: Lector de imagen delgado<\/td>\n<\/tr>\n<tr>\n<td valign=\"top\"><strong>Pantalla<\/strong><\/td>\n<td>&#8211; Tama&ntilde;o de la pantalla: Gorilla Glass 5, <strong>5,5 <\/strong>pulgadas<br \/>\t\t\t&#8211; Resoluci&oacute;n: 1440 x 720 alta definici&oacute;n<br \/>\t\t\t&#8211; Retroiluminaci&oacute;n: LED<br \/>\t\t\t&#8211; Pantalla t&aacute;ctil: Capacitiva multit&aacute;ctil (CTP), GFF<br \/>\t\t\t&#8211; Teclas fijas: 5 teclas laterales para subir\/bajar el volumen, teclas de escaneado derecha e izquierda y encendido\/apagado<\/td>\n<\/tr>\n<tr>\n<td valign=\"top\"><strong>Conectividad<\/strong><\/td>\n<td>&#8211; Interfaz PC: USB 2.0 con interfaz Tipo-C<br \/>\t\t\t&#8211; Puertos de interfaz: conexi&oacute;n de 2 pines en la parte inferior<br \/>\t\t\t&#8211; WLAN (certificaci&oacute;n Wi-Fi Alliance): IEEE 802.11 a\/b\/g\/n\/ac<br \/>\t\t\t&#8211; Caracter&iacute;sticas adicionales de WLAN: 802.11 d\/e\/h\/i\/k\/ r\/u\/w<br \/>\t\t\t&#8211; Seguridad WLAN: OPEN, WEP, WPA\/WPA2 (Personal y CORPORATIVA WPA2), WPA3 (OWE, SAE, Enterprise)<br \/>\t\t\t&#8211; EAP compatible con WLAN: TLS, PEAP, TTLS, PWD, LEAP<br \/>\t\t\t&#8211; Bluetooth&reg;: Bluetooth clase 5.1<br \/>\t\t\t&#8211; Radio WWAN:<br \/>\t\t\t&nbsp; GSM\/EDGE: Bandas 2, 3, 5, 8<br \/>\t\t\t&nbsp; UMTS\/HSPA+: Bandas 1, 2, 4, 5, 6, 8, 9, 19<br \/>\t\t\t&nbsp; FDD-LTE: Bandas 1, 2, 3, 4, 5, 7, 8, 9, 12,13,17,19,20,25,26,28,30,66<br \/>\t\t\t&nbsp; TDD-LTE: Bandas 38, 39, 40, 41<br \/>\t\t\t&#8211; NFC: Comunicaci&oacute;n de campo cercano integrada<br \/>\t\t\t&#8211; Protocolos compatibles con el GPS (s&oacute;lo WWAN): Receptor simult&aacute;neo compatible con GPS, GLONASS y BeiDou<\/td>\n<\/tr>\n<tr>\n<td valign=\"top\"><strong>Otras Caracter&iacute;sticas<\/strong><\/td>\n<td>&#8211; Dimensiones (LxAnxAl): 159 mm x 75 mm x 14,4 mm<br \/>\t\t\t&#8211; Peso: 258 g<br \/>\t\t\t<strong>C&aacute;mara<\/strong><br \/>\t\t\t&#8211; C&aacute;mara trasera: c&aacute;mara a color de 13 megap&iacute;xeles<br \/>\t\t\t&#8211; C&aacute;mara delantera: c&aacute;mara a color de 5 megap&iacute;xeles<br \/>\t\t\t<strong>LED<\/strong><br \/>\t\t\t&#8211; Indicador de estado de la bater&iacute;a: rojo\/verde\/azul<br \/>\t\t\t&#8211; Indicaci&oacute;n de escaneado: rojo\/verde<br \/>\t\t\t&#8211; Sensores: sensor de aceleraci&oacute;n, sensor de luz y<br \/>\t\t\t&#8211; sensor de proximidad<br \/>\t\t\t&#8211; Localizaci&oacute;n e idioma: Ingl&eacute;s internacional<br \/>\t\t\t<strong>Bater&iacute;a<\/strong><br \/>\t\t\t&#8211; Bater&iacute;a: Li-Ion, 3,8 V, 4500 mAh, extra&iacute;ble<br \/>\t\t\t&#8211; Tiempo de carga: menos de 3,5 horas<br \/>\t\t\t&#8211; Duraci&oacute;n de la bater&iacute;a: m&aacute;s de 12 horas<br \/>\t\t\t&#8211; Reloj en tiempo real (RTC): 10 min de autonom&iacute;a mediante supercap<\/td>\n<\/tr>\n<tr>\n<td valign=\"top\"><strong>Fecha de revisi&oacute;n<\/strong><\/td>\n<td>11-05-2022 por MPM<\/td>\n<\/tr>\n<\/table>\n","protected":false},"excerpt":{"rendered":"<p>&nbsp; Marca Honeywell Modelo EDA52-00AE31N21RK Procesador &#8211; Procesador: Qualcomm Snapdragon SM6115, Cuatro n&uacute;cleos Kryo de alto rendimiento 2.0 GHz + Cuatro n&uacute;cleos Kryo de baja potencia 1.8 GHz &#8211; Sistema operativo: Android 11, y actualizable a Android 13 &#8211; Expansi&oacute;n de almacenamiento: MicroSD (hasta 128 GB) &#8211; Motor de barrido: Lector de imagen delgado Pantalla&hellip;&nbsp;<a href=\"https:\/\/aivlisoft.net\/shop\/producto\/honeywell-pda-eda52-5-android-11-wifi\/\" rel=\"bookmark\"><span class=\"screen-reader-text\">Honeywell PDA EDA52 5&#8243; Android 11 Wifi<\/span><\/a><\/p>\n","protected":false},"featured_media":8907,"template":"","meta":{"neve_meta_sidebar":"","neve_meta_container":"","neve_meta_enable_content_width":"","neve_meta_content_width":0,"neve_meta_title_alignment":"","neve_meta_author_avatar":"","neve_post_elements_order":"","neve_meta_disable_header":"","neve_meta_disable_footer":"","neve_meta_disable_title":""},"product_brand":[],"product_cat":[15,8725],"product_tag":[3513],"class_list":{"0":"post-8906","1":"product","2":"type-product","3":"status-publish","4":"has-post-thumbnail","6":"product_cat-sin-categorizar","7":"product_cat-lectores-y-terminales","8":"product_tag-eda52-00ae31n21rk","10":"first","11":"instock","12":"taxable","13":"shipping-taxable","14":"purchasable","15":"product-type-simple"},"yoast_head":"<!-- This site is optimized with the Yoast SEO plugin v26.0 - https:\/\/yoast.com\/wordpress\/plugins\/seo\/ -->\n<title>Honeywell PDA EDA52 5&quot; Android 11 Wifi - Aivlisoft Inform\u00e1tica<\/title>\n<meta name=\"robots\" content=\"index, follow, max-snippet:-1, max-image-preview:large, max-video-preview:-1\" \/>\n<link rel=\"canonical\" href=\"https:\/\/aivlisoft.net\/shop\/producto\/honeywell-pda-eda52-5-android-11-wifi\/\" \/>\n<meta property=\"og:locale\" content=\"es_ES\" \/>\n<meta property=\"og:type\" content=\"article\" \/>\n<meta property=\"og:title\" content=\"Honeywell PDA EDA52 5&quot; Android 11 Wifi - Aivlisoft Inform\u00e1tica\" \/>\n<meta property=\"og:description\" content=\"&nbsp; Marca Honeywell Modelo EDA52-00AE31N21RK Procesador &#8211; Procesador: Qualcomm Snapdragon SM6115, Cuatro n&uacute;cleos Kryo de alto rendimiento 2.0 GHz + Cuatro n&uacute;cleos Kryo de baja potencia 1.8 GHz &#8211; Sistema operativo: Android 11, y actualizable a Android 13 &#8211; Expansi&oacute;n de almacenamiento: MicroSD (hasta 128 GB) &#8211; Motor de barrido: Lector de imagen delgado Pantalla&hellip;&nbsp;Honeywell PDA EDA52 5&#8243; Android 11 Wifi\" \/>\n<meta property=\"og:url\" content=\"https:\/\/aivlisoft.net\/shop\/producto\/honeywell-pda-eda52-5-android-11-wifi\/\" \/>\n<meta property=\"og:site_name\" content=\"Aivlisoft Inform\u00e1tica\" \/>\n<meta property=\"article:modified_time\" content=\"2025-01-15T11:18:59+00:00\" \/>\n<meta property=\"og:image\" content=\"https:\/\/aivlisoft.net\/shop\/wp-content\/uploads\/2025\/01\/FESLCB0206_800.jpg\" \/>\n\t<meta property=\"og:image:width\" content=\"800\" \/>\n\t<meta property=\"og:image:height\" content=\"800\" \/>\n\t<meta property=\"og:image:type\" content=\"image\/jpeg\" \/>\n<meta name=\"twitter:card\" content=\"summary_large_image\" \/>\n<meta name=\"twitter:label1\" content=\"Tiempo de lectura\" \/>\n\t<meta name=\"twitter:data1\" content=\"2 minutos\" \/>\n<script type=\"application\/ld+json\" class=\"yoast-schema-graph\">{\"@context\":\"https:\/\/schema.org\",\"@graph\":[{\"@type\":\"WebPage\",\"@id\":\"https:\/\/aivlisoft.net\/shop\/producto\/honeywell-pda-eda52-5-android-11-wifi\/\",\"url\":\"https:\/\/aivlisoft.net\/shop\/producto\/honeywell-pda-eda52-5-android-11-wifi\/\",\"name\":\"Honeywell PDA EDA52 5\\\" Android 11 Wifi - Aivlisoft Inform\u00e1tica\",\"isPartOf\":{\"@id\":\"https:\/\/aivlisoft.net\/shop\/#website\"},\"primaryImageOfPage\":{\"@id\":\"https:\/\/aivlisoft.net\/shop\/producto\/honeywell-pda-eda52-5-android-11-wifi\/#primaryimage\"},\"image\":{\"@id\":\"https:\/\/aivlisoft.net\/shop\/producto\/honeywell-pda-eda52-5-android-11-wifi\/#primaryimage\"},\"thumbnailUrl\":\"https:\/\/aivlisoft.net\/shop\/wp-content\/uploads\/2025\/01\/FESLCB0206_800.jpg\",\"datePublished\":\"2025-01-13T13:52:27+00:00\",\"dateModified\":\"2025-01-15T11:18:59+00:00\",\"breadcrumb\":{\"@id\":\"https:\/\/aivlisoft.net\/shop\/producto\/honeywell-pda-eda52-5-android-11-wifi\/#breadcrumb\"},\"inLanguage\":\"es\",\"potentialAction\":[{\"@type\":\"ReadAction\",\"target\":[\"https:\/\/aivlisoft.net\/shop\/producto\/honeywell-pda-eda52-5-android-11-wifi\/\"]}]},{\"@type\":\"ImageObject\",\"inLanguage\":\"es\",\"@id\":\"https:\/\/aivlisoft.net\/shop\/producto\/honeywell-pda-eda52-5-android-11-wifi\/#primaryimage\",\"url\":\"https:\/\/aivlisoft.net\/shop\/wp-content\/uploads\/2025\/01\/FESLCB0206_800.jpg\",\"contentUrl\":\"https:\/\/aivlisoft.net\/shop\/wp-content\/uploads\/2025\/01\/FESLCB0206_800.jpg\",\"width\":800,\"height\":800},{\"@type\":\"BreadcrumbList\",\"@id\":\"https:\/\/aivlisoft.net\/shop\/producto\/honeywell-pda-eda52-5-android-11-wifi\/#breadcrumb\",\"itemListElement\":[{\"@type\":\"ListItem\",\"position\":1,\"name\":\"Portada\",\"item\":\"https:\/\/aivlisoft.net\/shop\/\"},{\"@type\":\"ListItem\",\"position\":2,\"name\":\"Tienda\",\"item\":\"https:\/\/aivlisoft.net\/shop\/tienda\/\"},{\"@type\":\"ListItem\",\"position\":3,\"name\":\"Honeywell PDA EDA52 5&#8243; Android 11 Wifi\"}]},{\"@type\":\"WebSite\",\"@id\":\"https:\/\/aivlisoft.net\/shop\/#website\",\"url\":\"https:\/\/aivlisoft.net\/shop\/\",\"name\":\"Aivlisoft Inform\u00e1tica\",\"description\":\"En Aivlisoft Inform\u00e1tica ofrecemos soluciones tecnol\u00f3gicas para empresas: venta de ordenadores, consumibles, perif\u00e9ricos y m\u00e1s. Calidad, atenci\u00f3n personalizada y los mejores precios para tu negocio.\",\"publisher\":{\"@id\":\"https:\/\/aivlisoft.net\/shop\/#organization\"},\"potentialAction\":[{\"@type\":\"SearchAction\",\"target\":{\"@type\":\"EntryPoint\",\"urlTemplate\":\"https:\/\/aivlisoft.net\/shop\/?s={search_term_string}\"},\"query-input\":{\"@type\":\"PropertyValueSpecification\",\"valueRequired\":true,\"valueName\":\"search_term_string\"}}],\"inLanguage\":\"es\"},{\"@type\":\"Organization\",\"@id\":\"https:\/\/aivlisoft.net\/shop\/#organization\",\"name\":\"Aivlisoft Inform\u00e1tica\",\"url\":\"https:\/\/aivlisoft.net\/shop\/\",\"logo\":{\"@type\":\"ImageObject\",\"inLanguage\":\"es\",\"@id\":\"https:\/\/aivlisoft.net\/shop\/#\/schema\/logo\/image\/\",\"url\":\"https:\/\/aivlisoft.net\/shop\/wp-content\/uploads\/2024\/12\/removal.ai_5b848c54-0cdf-4140-95c5-c5536bb7573b-logodef.png\",\"contentUrl\":\"https:\/\/aivlisoft.net\/shop\/wp-content\/uploads\/2024\/12\/removal.ai_5b848c54-0cdf-4140-95c5-c5536bb7573b-logodef.png\",\"width\":484,\"height\":182,\"caption\":\"Aivlisoft Inform\u00e1tica\"},\"image\":{\"@id\":\"https:\/\/aivlisoft.net\/shop\/#\/schema\/logo\/image\/\"}}]}<\/script>\n<!-- \/ Yoast SEO plugin. -->","yoast_head_json":{"title":"Honeywell PDA EDA52 5\" Android 11 Wifi - Aivlisoft Inform\u00e1tica","robots":{"index":"index","follow":"follow","max-snippet":"max-snippet:-1","max-image-preview":"max-image-preview:large","max-video-preview":"max-video-preview:-1"},"canonical":"https:\/\/aivlisoft.net\/shop\/producto\/honeywell-pda-eda52-5-android-11-wifi\/","og_locale":"es_ES","og_type":"article","og_title":"Honeywell PDA EDA52 5\" Android 11 Wifi - Aivlisoft Inform\u00e1tica","og_description":"&nbsp; Marca Honeywell Modelo EDA52-00AE31N21RK Procesador &#8211; Procesador: Qualcomm Snapdragon SM6115, Cuatro n&uacute;cleos Kryo de alto rendimiento 2.0 GHz + Cuatro n&uacute;cleos Kryo de baja potencia 1.8 GHz &#8211; Sistema operativo: Android 11, y actualizable a Android 13 &#8211; Expansi&oacute;n de almacenamiento: MicroSD (hasta 128 GB) &#8211; Motor de barrido: Lector de imagen delgado Pantalla&hellip;&nbsp;Honeywell PDA EDA52 5&#8243; Android 11 Wifi","og_url":"https:\/\/aivlisoft.net\/shop\/producto\/honeywell-pda-eda52-5-android-11-wifi\/","og_site_name":"Aivlisoft Inform\u00e1tica","article_modified_time":"2025-01-15T11:18:59+00:00","og_image":[{"width":800,"height":800,"url":"https:\/\/aivlisoft.net\/shop\/wp-content\/uploads\/2025\/01\/FESLCB0206_800.jpg","type":"image\/jpeg"}],"twitter_card":"summary_large_image","twitter_misc":{"Tiempo de lectura":"2 minutos"},"schema":{"@context":"https:\/\/schema.org","@graph":[{"@type":"WebPage","@id":"https:\/\/aivlisoft.net\/shop\/producto\/honeywell-pda-eda52-5-android-11-wifi\/","url":"https:\/\/aivlisoft.net\/shop\/producto\/honeywell-pda-eda52-5-android-11-wifi\/","name":"Honeywell PDA EDA52 5\" Android 11 Wifi - Aivlisoft Inform\u00e1tica","isPartOf":{"@id":"https:\/\/aivlisoft.net\/shop\/#website"},"primaryImageOfPage":{"@id":"https:\/\/aivlisoft.net\/shop\/producto\/honeywell-pda-eda52-5-android-11-wifi\/#primaryimage"},"image":{"@id":"https:\/\/aivlisoft.net\/shop\/producto\/honeywell-pda-eda52-5-android-11-wifi\/#primaryimage"},"thumbnailUrl":"https:\/\/aivlisoft.net\/shop\/wp-content\/uploads\/2025\/01\/FESLCB0206_800.jpg","datePublished":"2025-01-13T13:52:27+00:00","dateModified":"2025-01-15T11:18:59+00:00","breadcrumb":{"@id":"https:\/\/aivlisoft.net\/shop\/producto\/honeywell-pda-eda52-5-android-11-wifi\/#breadcrumb"},"inLanguage":"es","potentialAction":[{"@type":"ReadAction","target":["https:\/\/aivlisoft.net\/shop\/producto\/honeywell-pda-eda52-5-android-11-wifi\/"]}]},{"@type":"ImageObject","inLanguage":"es","@id":"https:\/\/aivlisoft.net\/shop\/producto\/honeywell-pda-eda52-5-android-11-wifi\/#primaryimage","url":"https:\/\/aivlisoft.net\/shop\/wp-content\/uploads\/2025\/01\/FESLCB0206_800.jpg","contentUrl":"https:\/\/aivlisoft.net\/shop\/wp-content\/uploads\/2025\/01\/FESLCB0206_800.jpg","width":800,"height":800},{"@type":"BreadcrumbList","@id":"https:\/\/aivlisoft.net\/shop\/producto\/honeywell-pda-eda52-5-android-11-wifi\/#breadcrumb","itemListElement":[{"@type":"ListItem","position":1,"name":"Portada","item":"https:\/\/aivlisoft.net\/shop\/"},{"@type":"ListItem","position":2,"name":"Tienda","item":"https:\/\/aivlisoft.net\/shop\/tienda\/"},{"@type":"ListItem","position":3,"name":"Honeywell PDA EDA52 5&#8243; Android 11 Wifi"}]},{"@type":"WebSite","@id":"https:\/\/aivlisoft.net\/shop\/#website","url":"https:\/\/aivlisoft.net\/shop\/","name":"Aivlisoft Inform\u00e1tica","description":"En Aivlisoft Inform\u00e1tica ofrecemos soluciones tecnol\u00f3gicas para empresas: venta de ordenadores, consumibles, perif\u00e9ricos y m\u00e1s. Calidad, atenci\u00f3n personalizada y los mejores precios para tu negocio.","publisher":{"@id":"https:\/\/aivlisoft.net\/shop\/#organization"},"potentialAction":[{"@type":"SearchAction","target":{"@type":"EntryPoint","urlTemplate":"https:\/\/aivlisoft.net\/shop\/?s={search_term_string}"},"query-input":{"@type":"PropertyValueSpecification","valueRequired":true,"valueName":"search_term_string"}}],"inLanguage":"es"},{"@type":"Organization","@id":"https:\/\/aivlisoft.net\/shop\/#organization","name":"Aivlisoft Inform\u00e1tica","url":"https:\/\/aivlisoft.net\/shop\/","logo":{"@type":"ImageObject","inLanguage":"es","@id":"https:\/\/aivlisoft.net\/shop\/#\/schema\/logo\/image\/","url":"https:\/\/aivlisoft.net\/shop\/wp-content\/uploads\/2024\/12\/removal.ai_5b848c54-0cdf-4140-95c5-c5536bb7573b-logodef.png","contentUrl":"https:\/\/aivlisoft.net\/shop\/wp-content\/uploads\/2024\/12\/removal.ai_5b848c54-0cdf-4140-95c5-c5536bb7573b-logodef.png","width":484,"height":182,"caption":"Aivlisoft Inform\u00e1tica"},"image":{"@id":"https:\/\/aivlisoft.net\/shop\/#\/schema\/logo\/image\/"}}]}},"_links":{"self":[{"href":"https:\/\/aivlisoft.net\/shop\/wp-json\/wp\/v2\/product\/8906","targetHints":{"allow":["GET"]}}],"collection":[{"href":"https:\/\/aivlisoft.net\/shop\/wp-json\/wp\/v2\/product"}],"about":[{"href":"https:\/\/aivlisoft.net\/shop\/wp-json\/wp\/v2\/types\/product"}],"wp:featuredmedia":[{"embeddable":true,"href":"https:\/\/aivlisoft.net\/shop\/wp-json\/wp\/v2\/media\/8907"}],"wp:attachment":[{"href":"https:\/\/aivlisoft.net\/shop\/wp-json\/wp\/v2\/media?parent=8906"}],"wp:term":[{"taxonomy":"product_brand","embeddable":true,"href":"https:\/\/aivlisoft.net\/shop\/wp-json\/wp\/v2\/product_brand?post=8906"},{"taxonomy":"product_cat","embeddable":true,"href":"https:\/\/aivlisoft.net\/shop\/wp-json\/wp\/v2\/product_cat?post=8906"},{"taxonomy":"product_tag","embeddable":true,"href":"https:\/\/aivlisoft.net\/shop\/wp-json\/wp\/v2\/product_tag?post=8906"}],"curies":[{"name":"wp","href":"https:\/\/api.w.org\/{rel}","templated":true}]}}