{"id":8902,"date":"2025-01-13T13:52:26","date_gmt":"2025-01-13T13:52:26","guid":{"rendered":"https:\/\/aivlisoft.com\/?post_type=product&#038;p=8902"},"modified":"2025-01-15T11:18:59","modified_gmt":"2025-01-15T11:18:59","slug":"honeywell-pda-eda51iig-5-2d-android-10-wifi4g-lt","status":"publish","type":"product","link":"https:\/\/aivlisoft.net\/shop\/producto\/honeywell-pda-eda51iig-5-2d-android-10-wifi4g-lt\/","title":{"rendered":"Honeywell PDA EDA51IIG 5&#8243; 2D Android 10 Wifi+4G LT"},"content":{"rendered":"<p>&nbsp;<\/p>\n<table class=\"tabla_caracteristicas k-table\" width=\"100%\">\n<tr>\n<td valign=\"top\"><strong>Marca<\/strong><\/td>\n<td>Honeywell<\/td>\n<\/tr>\n<tr>\n<td valign=\"top\"><strong>Modelo<\/strong><\/td>\n<td><strong>EDA51-1-B623SQGRK<\/strong><\/td>\n<\/tr>\n<tr>\n<td valign=\"top\"><strong>Caracter&iacute;sticas<\/strong><\/td>\n<td>&#8211; Procesador: Qualcomm Snapdragon SDM450, 1.8 GHz octa-core<br \/>\t\t\t&#8211; Memoria: <strong> <\/strong><strong>16 GB<\/strong> Flash\/<strong>2 GB<\/strong> RAM<br \/>\t\t\t&#8211; Sistema operativo: <strong>Android<\/strong><br \/>\t\t\t&#8211; Pantalla: 12.7cm (1280&#215;720)<br \/>\t\t\t&#8211; Red: WLAN, WLAN\/WWAN<br \/>\t\t\t&#8211; C&aacute;mara trasera<br \/>\t\t\t&#8211; Plataforma: ScanPal<br \/>\t\t\t&#8211; Rango de escaneo: rango est&aacute;ndar<br \/>\t\t\t&#8211; Tipo de sistema operativo: Android<br \/>\t\t\t&#8211; Teclado: pantalla t&aacute;ctil<br \/>\t\t\t&#8211; Durabilidad: Durable 1,2 m (4 pies) rm<br \/>\t\t\t&#8211; Especificaciones de ca&iacute;da: 300 veces a 0,5 m (1,64 pies)<br \/>\t\t\t&#8211; Especificaciones de ca&iacute;das: M&uacute;ltiples ca&iacute;das desde 1,2 m (4 pies) sobre hormig&oacute;n a temperatura ambiente<br \/>\t\t\t&#8211; Dimensiones: 15.7 x 7.82 x 1.69 cm<\/td>\n<\/tr>\n<tr>\n<td valign=\"top\"><strong>Fecha Revisi&oacute;n<\/strong><\/td>\n<td>23-03-2022 por MPM<\/td>\n<\/tr>\n<\/table>\n","protected":false},"excerpt":{"rendered":"<p>&nbsp; Marca Honeywell Modelo EDA51-1-B623SQGRK Caracter&iacute;sticas &#8211; Procesador: Qualcomm Snapdragon SDM450, 1.8 GHz octa-core &#8211; Memoria: 16 GB Flash\/2 GB RAM &#8211; Sistema operativo: Android &#8211; Pantalla: 12.7cm (1280&#215;720) &#8211; Red: WLAN, WLAN\/WWAN &#8211; C&aacute;mara trasera &#8211; Plataforma: ScanPal &#8211; Rango de escaneo: rango est&aacute;ndar &#8211; Tipo de sistema operativo: Android &#8211; Teclado: pantalla t&aacute;ctil&hellip;&nbsp;<a href=\"https:\/\/aivlisoft.net\/shop\/producto\/honeywell-pda-eda51iig-5-2d-android-10-wifi4g-lt\/\" rel=\"bookmark\"><span class=\"screen-reader-text\">Honeywell PDA EDA51IIG 5&#8243; 2D Android 10 Wifi+4G LT<\/span><\/a><\/p>\n","protected":false},"featured_media":8903,"template":"","meta":{"neve_meta_sidebar":"","neve_meta_container":"","neve_meta_enable_content_width":"","neve_meta_content_width":0,"neve_meta_title_alignment":"","neve_meta_author_avatar":"","neve_post_elements_order":"","neve_meta_disable_header":"","neve_meta_disable_footer":"","neve_meta_disable_title":""},"product_brand":[],"product_cat":[15,8725],"product_tag":[3512],"class_list":{"0":"post-8902","1":"product","2":"type-product","3":"status-publish","4":"has-post-thumbnail","6":"product_cat-sin-categorizar","7":"product_cat-lectores-y-terminales","8":"product_tag-eda51-1-b623sqgrk","10":"first","11":"instock","12":"taxable","13":"shipping-taxable","14":"purchasable","15":"product-type-simple"},"yoast_head":"<!-- This site is optimized with the Yoast SEO plugin v26.0 - https:\/\/yoast.com\/wordpress\/plugins\/seo\/ -->\n<title>Honeywell PDA EDA51IIG 5&quot; 2D Android 10 Wifi+4G LT - Aivlisoft Inform\u00e1tica<\/title>\n<meta name=\"robots\" content=\"index, follow, max-snippet:-1, max-image-preview:large, max-video-preview:-1\" \/>\n<link rel=\"canonical\" href=\"https:\/\/aivlisoft.net\/shop\/producto\/honeywell-pda-eda51iig-5-2d-android-10-wifi4g-lt\/\" \/>\n<meta property=\"og:locale\" content=\"es_ES\" \/>\n<meta property=\"og:type\" content=\"article\" \/>\n<meta property=\"og:title\" content=\"Honeywell PDA EDA51IIG 5&quot; 2D Android 10 Wifi+4G LT - Aivlisoft Inform\u00e1tica\" \/>\n<meta property=\"og:description\" content=\"&nbsp; Marca Honeywell Modelo EDA51-1-B623SQGRK Caracter&iacute;sticas &#8211; Procesador: Qualcomm Snapdragon SDM450, 1.8 GHz octa-core &#8211; Memoria: 16 GB Flash\/2 GB RAM &#8211; Sistema operativo: Android &#8211; Pantalla: 12.7cm (1280&#215;720) &#8211; Red: WLAN, WLAN\/WWAN &#8211; C&aacute;mara trasera &#8211; Plataforma: ScanPal &#8211; Rango de escaneo: rango est&aacute;ndar &#8211; Tipo de sistema operativo: Android &#8211; Teclado: pantalla t&aacute;ctil&hellip;&nbsp;Honeywell PDA EDA51IIG 5&#8243; 2D Android 10 Wifi+4G LT\" \/>\n<meta property=\"og:url\" content=\"https:\/\/aivlisoft.net\/shop\/producto\/honeywell-pda-eda51iig-5-2d-android-10-wifi4g-lt\/\" \/>\n<meta property=\"og:site_name\" content=\"Aivlisoft Inform\u00e1tica\" \/>\n<meta property=\"article:modified_time\" content=\"2025-01-15T11:18:59+00:00\" \/>\n<meta property=\"og:image\" content=\"https:\/\/aivlisoft.net\/shop\/wp-content\/uploads\/2025\/01\/FESLCB0204_800.jpg\" \/>\n\t<meta property=\"og:image:width\" content=\"800\" \/>\n\t<meta property=\"og:image:height\" content=\"800\" \/>\n\t<meta property=\"og:image:type\" content=\"image\/jpeg\" \/>\n<meta name=\"twitter:card\" content=\"summary_large_image\" \/>\n<meta name=\"twitter:label1\" content=\"Tiempo de lectura\" \/>\n\t<meta name=\"twitter:data1\" content=\"1 minuto\" \/>\n<script type=\"application\/ld+json\" class=\"yoast-schema-graph\">{\"@context\":\"https:\/\/schema.org\",\"@graph\":[{\"@type\":\"WebPage\",\"@id\":\"https:\/\/aivlisoft.net\/shop\/producto\/honeywell-pda-eda51iig-5-2d-android-10-wifi4g-lt\/\",\"url\":\"https:\/\/aivlisoft.net\/shop\/producto\/honeywell-pda-eda51iig-5-2d-android-10-wifi4g-lt\/\",\"name\":\"Honeywell PDA EDA51IIG 5\\\" 2D Android 10 Wifi+4G LT - Aivlisoft Inform\u00e1tica\",\"isPartOf\":{\"@id\":\"https:\/\/aivlisoft.net\/shop\/#website\"},\"primaryImageOfPage\":{\"@id\":\"https:\/\/aivlisoft.net\/shop\/producto\/honeywell-pda-eda51iig-5-2d-android-10-wifi4g-lt\/#primaryimage\"},\"image\":{\"@id\":\"https:\/\/aivlisoft.net\/shop\/producto\/honeywell-pda-eda51iig-5-2d-android-10-wifi4g-lt\/#primaryimage\"},\"thumbnailUrl\":\"https:\/\/aivlisoft.net\/shop\/wp-content\/uploads\/2025\/01\/FESLCB0204_800.jpg\",\"datePublished\":\"2025-01-13T13:52:26+00:00\",\"dateModified\":\"2025-01-15T11:18:59+00:00\",\"breadcrumb\":{\"@id\":\"https:\/\/aivlisoft.net\/shop\/producto\/honeywell-pda-eda51iig-5-2d-android-10-wifi4g-lt\/#breadcrumb\"},\"inLanguage\":\"es\",\"potentialAction\":[{\"@type\":\"ReadAction\",\"target\":[\"https:\/\/aivlisoft.net\/shop\/producto\/honeywell-pda-eda51iig-5-2d-android-10-wifi4g-lt\/\"]}]},{\"@type\":\"ImageObject\",\"inLanguage\":\"es\",\"@id\":\"https:\/\/aivlisoft.net\/shop\/producto\/honeywell-pda-eda51iig-5-2d-android-10-wifi4g-lt\/#primaryimage\",\"url\":\"https:\/\/aivlisoft.net\/shop\/wp-content\/uploads\/2025\/01\/FESLCB0204_800.jpg\",\"contentUrl\":\"https:\/\/aivlisoft.net\/shop\/wp-content\/uploads\/2025\/01\/FESLCB0204_800.jpg\",\"width\":800,\"height\":800},{\"@type\":\"BreadcrumbList\",\"@id\":\"https:\/\/aivlisoft.net\/shop\/producto\/honeywell-pda-eda51iig-5-2d-android-10-wifi4g-lt\/#breadcrumb\",\"itemListElement\":[{\"@type\":\"ListItem\",\"position\":1,\"name\":\"Portada\",\"item\":\"https:\/\/aivlisoft.net\/shop\/\"},{\"@type\":\"ListItem\",\"position\":2,\"name\":\"Tienda\",\"item\":\"https:\/\/aivlisoft.net\/shop\/tienda\/\"},{\"@type\":\"ListItem\",\"position\":3,\"name\":\"Honeywell PDA EDA51IIG 5&#8243; 2D Android 10 Wifi+4G LT\"}]},{\"@type\":\"WebSite\",\"@id\":\"https:\/\/aivlisoft.net\/shop\/#website\",\"url\":\"https:\/\/aivlisoft.net\/shop\/\",\"name\":\"Aivlisoft Inform\u00e1tica\",\"description\":\"En Aivlisoft Inform\u00e1tica ofrecemos soluciones tecnol\u00f3gicas para empresas: venta de ordenadores, consumibles, perif\u00e9ricos y m\u00e1s. Calidad, atenci\u00f3n personalizada y los mejores precios para tu negocio.\",\"publisher\":{\"@id\":\"https:\/\/aivlisoft.net\/shop\/#organization\"},\"potentialAction\":[{\"@type\":\"SearchAction\",\"target\":{\"@type\":\"EntryPoint\",\"urlTemplate\":\"https:\/\/aivlisoft.net\/shop\/?s={search_term_string}\"},\"query-input\":{\"@type\":\"PropertyValueSpecification\",\"valueRequired\":true,\"valueName\":\"search_term_string\"}}],\"inLanguage\":\"es\"},{\"@type\":\"Organization\",\"@id\":\"https:\/\/aivlisoft.net\/shop\/#organization\",\"name\":\"Aivlisoft Inform\u00e1tica\",\"url\":\"https:\/\/aivlisoft.net\/shop\/\",\"logo\":{\"@type\":\"ImageObject\",\"inLanguage\":\"es\",\"@id\":\"https:\/\/aivlisoft.net\/shop\/#\/schema\/logo\/image\/\",\"url\":\"https:\/\/aivlisoft.net\/shop\/wp-content\/uploads\/2024\/12\/removal.ai_5b848c54-0cdf-4140-95c5-c5536bb7573b-logodef.png\",\"contentUrl\":\"https:\/\/aivlisoft.net\/shop\/wp-content\/uploads\/2024\/12\/removal.ai_5b848c54-0cdf-4140-95c5-c5536bb7573b-logodef.png\",\"width\":484,\"height\":182,\"caption\":\"Aivlisoft Inform\u00e1tica\"},\"image\":{\"@id\":\"https:\/\/aivlisoft.net\/shop\/#\/schema\/logo\/image\/\"}}]}<\/script>\n<!-- \/ Yoast SEO plugin. -->","yoast_head_json":{"title":"Honeywell PDA EDA51IIG 5\" 2D Android 10 Wifi+4G LT - Aivlisoft Inform\u00e1tica","robots":{"index":"index","follow":"follow","max-snippet":"max-snippet:-1","max-image-preview":"max-image-preview:large","max-video-preview":"max-video-preview:-1"},"canonical":"https:\/\/aivlisoft.net\/shop\/producto\/honeywell-pda-eda51iig-5-2d-android-10-wifi4g-lt\/","og_locale":"es_ES","og_type":"article","og_title":"Honeywell PDA EDA51IIG 5\" 2D Android 10 Wifi+4G LT - Aivlisoft Inform\u00e1tica","og_description":"&nbsp; Marca Honeywell Modelo EDA51-1-B623SQGRK Caracter&iacute;sticas &#8211; Procesador: Qualcomm Snapdragon SDM450, 1.8 GHz octa-core &#8211; Memoria: 16 GB Flash\/2 GB RAM &#8211; Sistema operativo: Android &#8211; Pantalla: 12.7cm (1280&#215;720) &#8211; Red: WLAN, WLAN\/WWAN &#8211; C&aacute;mara trasera &#8211; Plataforma: ScanPal &#8211; Rango de escaneo: rango est&aacute;ndar &#8211; Tipo de sistema operativo: Android &#8211; Teclado: pantalla t&aacute;ctil&hellip;&nbsp;Honeywell PDA EDA51IIG 5&#8243; 2D Android 10 Wifi+4G LT","og_url":"https:\/\/aivlisoft.net\/shop\/producto\/honeywell-pda-eda51iig-5-2d-android-10-wifi4g-lt\/","og_site_name":"Aivlisoft Inform\u00e1tica","article_modified_time":"2025-01-15T11:18:59+00:00","og_image":[{"width":800,"height":800,"url":"https:\/\/aivlisoft.net\/shop\/wp-content\/uploads\/2025\/01\/FESLCB0204_800.jpg","type":"image\/jpeg"}],"twitter_card":"summary_large_image","twitter_misc":{"Tiempo de lectura":"1 minuto"},"schema":{"@context":"https:\/\/schema.org","@graph":[{"@type":"WebPage","@id":"https:\/\/aivlisoft.net\/shop\/producto\/honeywell-pda-eda51iig-5-2d-android-10-wifi4g-lt\/","url":"https:\/\/aivlisoft.net\/shop\/producto\/honeywell-pda-eda51iig-5-2d-android-10-wifi4g-lt\/","name":"Honeywell PDA EDA51IIG 5\" 2D Android 10 Wifi+4G LT - Aivlisoft Inform\u00e1tica","isPartOf":{"@id":"https:\/\/aivlisoft.net\/shop\/#website"},"primaryImageOfPage":{"@id":"https:\/\/aivlisoft.net\/shop\/producto\/honeywell-pda-eda51iig-5-2d-android-10-wifi4g-lt\/#primaryimage"},"image":{"@id":"https:\/\/aivlisoft.net\/shop\/producto\/honeywell-pda-eda51iig-5-2d-android-10-wifi4g-lt\/#primaryimage"},"thumbnailUrl":"https:\/\/aivlisoft.net\/shop\/wp-content\/uploads\/2025\/01\/FESLCB0204_800.jpg","datePublished":"2025-01-13T13:52:26+00:00","dateModified":"2025-01-15T11:18:59+00:00","breadcrumb":{"@id":"https:\/\/aivlisoft.net\/shop\/producto\/honeywell-pda-eda51iig-5-2d-android-10-wifi4g-lt\/#breadcrumb"},"inLanguage":"es","potentialAction":[{"@type":"ReadAction","target":["https:\/\/aivlisoft.net\/shop\/producto\/honeywell-pda-eda51iig-5-2d-android-10-wifi4g-lt\/"]}]},{"@type":"ImageObject","inLanguage":"es","@id":"https:\/\/aivlisoft.net\/shop\/producto\/honeywell-pda-eda51iig-5-2d-android-10-wifi4g-lt\/#primaryimage","url":"https:\/\/aivlisoft.net\/shop\/wp-content\/uploads\/2025\/01\/FESLCB0204_800.jpg","contentUrl":"https:\/\/aivlisoft.net\/shop\/wp-content\/uploads\/2025\/01\/FESLCB0204_800.jpg","width":800,"height":800},{"@type":"BreadcrumbList","@id":"https:\/\/aivlisoft.net\/shop\/producto\/honeywell-pda-eda51iig-5-2d-android-10-wifi4g-lt\/#breadcrumb","itemListElement":[{"@type":"ListItem","position":1,"name":"Portada","item":"https:\/\/aivlisoft.net\/shop\/"},{"@type":"ListItem","position":2,"name":"Tienda","item":"https:\/\/aivlisoft.net\/shop\/tienda\/"},{"@type":"ListItem","position":3,"name":"Honeywell PDA EDA51IIG 5&#8243; 2D Android 10 Wifi+4G LT"}]},{"@type":"WebSite","@id":"https:\/\/aivlisoft.net\/shop\/#website","url":"https:\/\/aivlisoft.net\/shop\/","name":"Aivlisoft Inform\u00e1tica","description":"En Aivlisoft Inform\u00e1tica ofrecemos soluciones tecnol\u00f3gicas para empresas: venta de ordenadores, consumibles, perif\u00e9ricos y m\u00e1s. Calidad, atenci\u00f3n personalizada y los mejores precios para tu negocio.","publisher":{"@id":"https:\/\/aivlisoft.net\/shop\/#organization"},"potentialAction":[{"@type":"SearchAction","target":{"@type":"EntryPoint","urlTemplate":"https:\/\/aivlisoft.net\/shop\/?s={search_term_string}"},"query-input":{"@type":"PropertyValueSpecification","valueRequired":true,"valueName":"search_term_string"}}],"inLanguage":"es"},{"@type":"Organization","@id":"https:\/\/aivlisoft.net\/shop\/#organization","name":"Aivlisoft Inform\u00e1tica","url":"https:\/\/aivlisoft.net\/shop\/","logo":{"@type":"ImageObject","inLanguage":"es","@id":"https:\/\/aivlisoft.net\/shop\/#\/schema\/logo\/image\/","url":"https:\/\/aivlisoft.net\/shop\/wp-content\/uploads\/2024\/12\/removal.ai_5b848c54-0cdf-4140-95c5-c5536bb7573b-logodef.png","contentUrl":"https:\/\/aivlisoft.net\/shop\/wp-content\/uploads\/2024\/12\/removal.ai_5b848c54-0cdf-4140-95c5-c5536bb7573b-logodef.png","width":484,"height":182,"caption":"Aivlisoft Inform\u00e1tica"},"image":{"@id":"https:\/\/aivlisoft.net\/shop\/#\/schema\/logo\/image\/"}}]}},"_links":{"self":[{"href":"https:\/\/aivlisoft.net\/shop\/wp-json\/wp\/v2\/product\/8902","targetHints":{"allow":["GET"]}}],"collection":[{"href":"https:\/\/aivlisoft.net\/shop\/wp-json\/wp\/v2\/product"}],"about":[{"href":"https:\/\/aivlisoft.net\/shop\/wp-json\/wp\/v2\/types\/product"}],"wp:featuredmedia":[{"embeddable":true,"href":"https:\/\/aivlisoft.net\/shop\/wp-json\/wp\/v2\/media\/8903"}],"wp:attachment":[{"href":"https:\/\/aivlisoft.net\/shop\/wp-json\/wp\/v2\/media?parent=8902"}],"wp:term":[{"taxonomy":"product_brand","embeddable":true,"href":"https:\/\/aivlisoft.net\/shop\/wp-json\/wp\/v2\/product_brand?post=8902"},{"taxonomy":"product_cat","embeddable":true,"href":"https:\/\/aivlisoft.net\/shop\/wp-json\/wp\/v2\/product_cat?post=8902"},{"taxonomy":"product_tag","embeddable":true,"href":"https:\/\/aivlisoft.net\/shop\/wp-json\/wp\/v2\/product_tag?post=8902"}],"curies":[{"name":"wp","href":"https:\/\/api.w.org\/{rel}","templated":true}]}}