{"id":8898,"date":"2025-01-13T13:52:21","date_gmt":"2025-01-13T13:52:21","guid":{"rendered":"https:\/\/aivlisoft.com\/?post_type=product&#038;p=8898"},"modified":"2025-01-15T11:19:01","modified_gmt":"2025-01-15T11:19:01","slug":"zebra-pda-tc21-5-4gb-64gb-se4710","status":"publish","type":"product","link":"https:\/\/aivlisoft.net\/shop\/producto\/zebra-pda-tc21-5-4gb-64gb-se4710\/","title":{"rendered":"Zebra PDA TC21 5&#8243; 4GB \/ 64GB SE4710"},"content":{"rendered":"<p><\/p>\n<p>&nbsp;<\/p>\n<table class=\"tabla_caracteristicas k-table\" width=\"100%\">\n<tr>\n<td valign=\"top\"><strong>Marca<\/strong><\/td>\n<td>Zebra<\/td>\n<\/tr>\n<tr>\n<td valign=\"top\"><strong>Modelo<\/strong><\/td>\n<td><strong>TC210K-01A422-A6<\/strong><\/td>\n<\/tr>\n<tr>\n<td valign=\"top\"><strong>Caracter&iacute;sticas<\/strong><\/td>\n<td><strong>Caracter&iacute;sticas f&iacute;sicas<\/strong><br \/>\t\t\t&#8211; Pantalla: HD en color de <strong>5,0&#8243;<\/strong> (1280 x 720); iluminaci&oacute;n posterior LED; Corning&reg; Gorilla&reg; Glass<br \/>\t\t\t&#8211; Ventana del generador de imagen: Corning&reg; Gorilla&reg; Glass<br \/>\t\t\t&#8211; Panel t&aacute;ctil: Panel t&aacute;ctil capacitivo; multit&aacute;ctil<br \/>\t\t\t&#8211; Alimentaci&oacute;n: Li-Ion recargable extra&iacute;ble\/reparable<br \/>\t\t\t&nbsp; Capacidad est&aacute;ndar de <strong>3300 mAh<\/strong><br \/>\t\t\t&#8211; Ranura de ampliaci&oacute;n: 1 x ranura para micro SD de 128 GB<br \/>\t\t\t&#8211; SIM: 1 ranura Nano<br \/>\t\t\t&#8211; Conexiones de red: WLAN, WPAN, USB 2.0 hi-speed (host y cliente)<br \/>\t\t\t&#8211; Notificaciones: Tono sonoro; LED multicolor; vibraci&oacute;n<br \/>\t\t\t&#8211; Teclado: Teclado en pantalla<br \/>\t\t\t&#8211; Audio:<br \/>\t\t\t&nbsp; Altavoz &#8211; 1W<br \/>\t\t\t&nbsp; Compatibilidad con voz (altavoz\/receptor interno y micr&oacute;fonos)<br \/>\t\t\t&#8211; Botones:<br \/>\t\t\t&nbsp; Escaneado en ambos lados; subir\/bajar volumen; encendido;<br \/>\t\t\t&nbsp; teclas push-to-talk (PTT); tecla de alerta HC<br \/>\t\t\t&#8211; Dimensiones: 156 x 79 x 13,7 mm<br \/>\t\t\t&#8211; Peso: 239 g<br \/>\t\t\t<strong>Caracter&iacute;sticas de rendimiento<\/strong><br \/>\t\t\t&#8211; CPU: <strong>Qualcomm Snapdragon 660<\/strong> de 8 n&uacute;cleos, 1,8 GHz<br \/>\t\t\t&#8211; Sistema operativo: <strong>Android 10 <\/strong>con compatibilidad integrada para futuras versiones Android<br \/>\t\t\t&#8211; Memoria: Memoria RAM de <strong>4GB<\/strong><br \/>\t\t\t&#8211; Almacenamiento: Flash de <strong>64GB<\/strong><br \/>\t\t\tBanda de radiofrecuencia<br \/>\t\t\t&#8211; GSM: 850\/900\/1800\/1900<br \/>\t\t\t&#8211; UMTS: B1\/B2\/B3\/B4\/B5\/B8\/B9\/B19<br \/>\t\t\t&#8211; LTE-FDD: B1\/B2\/B3\/B4\/B5\/B7\/B8\/B19\/B20\/B28<br \/>\t\t\t&#8211; LTE-TDD: B38\/B40\/B41<br \/>\t\t\t&#8211; LTE: Categor&iacute;a 6<br \/>\t\t\t<strong>Conectividad<\/strong><br \/>\t\t\t&#8211; Bluetooth: 5.0 BLE Clase 2<br \/>\t\t\t&#8211; Radio WLAN: IEEE 802.11 a\/b\/g\/n\/ac\/d\/h\/i\/r\/k\/v\/w; Wi-Fi certified; IPv4, IPv6<br \/>\t\t\t&#8211; Velocidad de datos<br \/>\t\t\t&nbsp; 2,4 GHz: 802.11b\/g\/n &mdash; 20 MHz, 40 MHz &mdash; hasta 150 Mbps<br \/>\t\t\t&nbsp; 5 GHz: 802.11a\/g\/n\/ac &ndash; 20MHz, 40MHz, 80MHz &ndash; hasta 433 Mbps<br \/>\t\t\t<strong>Interactive Sensor Technology (IST)<\/strong><br \/>\t\t\t&#8211; Sensor de luz: Ajusta autom&aacute;ticamente el brillo de la iluminaci&oacute;n posterior de la pantalla<br \/>\t\t\t&#8211; Sensor de movimiento: Aceler&oacute;metro de 3 ejes con giroscopio MEMS<br \/>\t\t\t&#8211; Sensor de proximidad: Detecta autom&aacute;ticamente cuando el usuario se coloca el auricular junto a la cabeza durante una llamada telef&oacute;nica para desactivar la salida de pantalla y la entrada t&aacute;ctil<br \/>\t\t\t<strong>Captura de datos<\/strong><br \/>\t\t\t&#8211; Escaneado:<br \/>\t\t\t&nbsp; Generador de imagen 1D\/2D SE4100 opcional<br \/>\t\t\t&#8211; Escaneado de c&oacute;digos de barras disponible con la c&aacute;mara; software de descodificaci&oacute;n de c&oacute;digos de barras incluido<br \/>\t\t\t&#8211; C&aacute;mara: C&aacute;mara trasera de 13 MP; c&aacute;mara delantera de 2 MP<br \/>\t\t\t&#8211; NFC: Integrado; tarjetas compatibles MIFARE, ISO 14443 A&amp;B , FeliCa , ISO 15693 y NFC Forum; alcance de lectura de hasta 50 mm<\/td>\n<\/tr>\n<tr>\n<td valign=\"top\"><strong>Fecha Revisi&oacute;n<\/strong><\/td>\n<td>06-05-2024 por RTY<\/td>\n<\/tr>\n<\/table>\n","protected":false},"excerpt":{"rendered":"<p>&nbsp; Marca Zebra Modelo TC210K-01A422-A6 Caracter&iacute;sticas Caracter&iacute;sticas f&iacute;sicas &#8211; Pantalla: HD en color de 5,0&#8243; (1280 x 720); iluminaci&oacute;n posterior LED; Corning&reg; Gorilla&reg; Glass &#8211; Ventana del generador de imagen: Corning&reg; Gorilla&reg; Glass &#8211; Panel t&aacute;ctil: Panel t&aacute;ctil capacitivo; multit&aacute;ctil &#8211; Alimentaci&oacute;n: Li-Ion recargable extra&iacute;ble\/reparable &nbsp; Capacidad est&aacute;ndar de 3300 mAh &#8211; Ranura de ampliaci&oacute;n:&hellip;&nbsp;<a href=\"https:\/\/aivlisoft.net\/shop\/producto\/zebra-pda-tc21-5-4gb-64gb-se4710\/\" rel=\"bookmark\"><span class=\"screen-reader-text\">Zebra PDA TC21 5&#8243; 4GB \/ 64GB SE4710<\/span><\/a><\/p>\n","protected":false},"featured_media":8899,"template":"","meta":{"neve_meta_sidebar":"","neve_meta_container":"","neve_meta_enable_content_width":"","neve_meta_content_width":0,"neve_meta_title_alignment":"","neve_meta_author_avatar":"","neve_post_elements_order":"","neve_meta_disable_header":"","neve_meta_disable_footer":"","neve_meta_disable_title":""},"product_brand":[],"product_cat":[15,8725],"product_tag":[3502],"class_list":{"0":"post-8898","1":"product","2":"type-product","3":"status-publish","4":"has-post-thumbnail","6":"product_cat-sin-categorizar","7":"product_cat-lectores-y-terminales","8":"product_tag-tc210k-01a422-a6","10":"first","11":"instock","12":"taxable","13":"shipping-taxable","14":"purchasable","15":"product-type-simple"},"yoast_head":"<!-- This site is optimized with the Yoast SEO plugin v26.0 - https:\/\/yoast.com\/wordpress\/plugins\/seo\/ -->\n<title>Zebra PDA TC21 5&quot; 4GB \/ 64GB SE4710 - Aivlisoft Inform\u00e1tica<\/title>\n<meta name=\"robots\" content=\"index, follow, max-snippet:-1, max-image-preview:large, max-video-preview:-1\" \/>\n<link rel=\"canonical\" href=\"https:\/\/aivlisoft.net\/shop\/producto\/zebra-pda-tc21-5-4gb-64gb-se4710\/\" \/>\n<meta property=\"og:locale\" content=\"es_ES\" \/>\n<meta property=\"og:type\" content=\"article\" \/>\n<meta property=\"og:title\" content=\"Zebra PDA TC21 5&quot; 4GB \/ 64GB SE4710 - Aivlisoft Inform\u00e1tica\" \/>\n<meta property=\"og:description\" content=\"&nbsp; Marca Zebra Modelo TC210K-01A422-A6 Caracter&iacute;sticas Caracter&iacute;sticas f&iacute;sicas &#8211; Pantalla: HD en color de 5,0&#8243; (1280 x 720); iluminaci&oacute;n posterior LED; Corning&reg; Gorilla&reg; Glass &#8211; Ventana del generador de imagen: Corning&reg; Gorilla&reg; Glass &#8211; Panel t&aacute;ctil: Panel t&aacute;ctil capacitivo; multit&aacute;ctil &#8211; Alimentaci&oacute;n: Li-Ion recargable extra&iacute;ble\/reparable &nbsp; Capacidad est&aacute;ndar de 3300 mAh &#8211; Ranura de ampliaci&oacute;n:&hellip;&nbsp;Zebra PDA TC21 5&#8243; 4GB \/ 64GB SE4710\" \/>\n<meta property=\"og:url\" content=\"https:\/\/aivlisoft.net\/shop\/producto\/zebra-pda-tc21-5-4gb-64gb-se4710\/\" \/>\n<meta property=\"og:site_name\" content=\"Aivlisoft Inform\u00e1tica\" \/>\n<meta property=\"article:modified_time\" content=\"2025-01-15T11:19:01+00:00\" \/>\n<meta property=\"og:image\" content=\"https:\/\/aivlisoft.net\/shop\/wp-content\/uploads\/2025\/01\/FESLCB0169_800.jpg\" \/>\n\t<meta property=\"og:image:width\" content=\"800\" \/>\n\t<meta property=\"og:image:height\" content=\"800\" \/>\n\t<meta property=\"og:image:type\" content=\"image\/jpeg\" \/>\n<meta name=\"twitter:card\" content=\"summary_large_image\" \/>\n<meta name=\"twitter:label1\" content=\"Tiempo de lectura\" \/>\n\t<meta name=\"twitter:data1\" content=\"2 minutos\" \/>\n<script type=\"application\/ld+json\" class=\"yoast-schema-graph\">{\"@context\":\"https:\/\/schema.org\",\"@graph\":[{\"@type\":\"WebPage\",\"@id\":\"https:\/\/aivlisoft.net\/shop\/producto\/zebra-pda-tc21-5-4gb-64gb-se4710\/\",\"url\":\"https:\/\/aivlisoft.net\/shop\/producto\/zebra-pda-tc21-5-4gb-64gb-se4710\/\",\"name\":\"Zebra PDA TC21 5\\\" 4GB \/ 64GB SE4710 - Aivlisoft Inform\u00e1tica\",\"isPartOf\":{\"@id\":\"https:\/\/aivlisoft.net\/shop\/#website\"},\"primaryImageOfPage\":{\"@id\":\"https:\/\/aivlisoft.net\/shop\/producto\/zebra-pda-tc21-5-4gb-64gb-se4710\/#primaryimage\"},\"image\":{\"@id\":\"https:\/\/aivlisoft.net\/shop\/producto\/zebra-pda-tc21-5-4gb-64gb-se4710\/#primaryimage\"},\"thumbnailUrl\":\"https:\/\/aivlisoft.net\/shop\/wp-content\/uploads\/2025\/01\/FESLCB0169_800.jpg\",\"datePublished\":\"2025-01-13T13:52:21+00:00\",\"dateModified\":\"2025-01-15T11:19:01+00:00\",\"breadcrumb\":{\"@id\":\"https:\/\/aivlisoft.net\/shop\/producto\/zebra-pda-tc21-5-4gb-64gb-se4710\/#breadcrumb\"},\"inLanguage\":\"es\",\"potentialAction\":[{\"@type\":\"ReadAction\",\"target\":[\"https:\/\/aivlisoft.net\/shop\/producto\/zebra-pda-tc21-5-4gb-64gb-se4710\/\"]}]},{\"@type\":\"ImageObject\",\"inLanguage\":\"es\",\"@id\":\"https:\/\/aivlisoft.net\/shop\/producto\/zebra-pda-tc21-5-4gb-64gb-se4710\/#primaryimage\",\"url\":\"https:\/\/aivlisoft.net\/shop\/wp-content\/uploads\/2025\/01\/FESLCB0169_800.jpg\",\"contentUrl\":\"https:\/\/aivlisoft.net\/shop\/wp-content\/uploads\/2025\/01\/FESLCB0169_800.jpg\",\"width\":800,\"height\":800},{\"@type\":\"BreadcrumbList\",\"@id\":\"https:\/\/aivlisoft.net\/shop\/producto\/zebra-pda-tc21-5-4gb-64gb-se4710\/#breadcrumb\",\"itemListElement\":[{\"@type\":\"ListItem\",\"position\":1,\"name\":\"Portada\",\"item\":\"https:\/\/aivlisoft.net\/shop\/\"},{\"@type\":\"ListItem\",\"position\":2,\"name\":\"Tienda\",\"item\":\"https:\/\/aivlisoft.net\/shop\/tienda\/\"},{\"@type\":\"ListItem\",\"position\":3,\"name\":\"Zebra PDA TC21 5&#8243; 4GB \/ 64GB SE4710\"}]},{\"@type\":\"WebSite\",\"@id\":\"https:\/\/aivlisoft.net\/shop\/#website\",\"url\":\"https:\/\/aivlisoft.net\/shop\/\",\"name\":\"Aivlisoft Inform\u00e1tica\",\"description\":\"En Aivlisoft Inform\u00e1tica ofrecemos soluciones tecnol\u00f3gicas para empresas: venta de ordenadores, consumibles, perif\u00e9ricos y m\u00e1s. Calidad, atenci\u00f3n personalizada y los mejores precios para tu negocio.\",\"publisher\":{\"@id\":\"https:\/\/aivlisoft.net\/shop\/#organization\"},\"potentialAction\":[{\"@type\":\"SearchAction\",\"target\":{\"@type\":\"EntryPoint\",\"urlTemplate\":\"https:\/\/aivlisoft.net\/shop\/?s={search_term_string}\"},\"query-input\":{\"@type\":\"PropertyValueSpecification\",\"valueRequired\":true,\"valueName\":\"search_term_string\"}}],\"inLanguage\":\"es\"},{\"@type\":\"Organization\",\"@id\":\"https:\/\/aivlisoft.net\/shop\/#organization\",\"name\":\"Aivlisoft Inform\u00e1tica\",\"url\":\"https:\/\/aivlisoft.net\/shop\/\",\"logo\":{\"@type\":\"ImageObject\",\"inLanguage\":\"es\",\"@id\":\"https:\/\/aivlisoft.net\/shop\/#\/schema\/logo\/image\/\",\"url\":\"https:\/\/aivlisoft.net\/shop\/wp-content\/uploads\/2024\/12\/removal.ai_5b848c54-0cdf-4140-95c5-c5536bb7573b-logodef.png\",\"contentUrl\":\"https:\/\/aivlisoft.net\/shop\/wp-content\/uploads\/2024\/12\/removal.ai_5b848c54-0cdf-4140-95c5-c5536bb7573b-logodef.png\",\"width\":484,\"height\":182,\"caption\":\"Aivlisoft Inform\u00e1tica\"},\"image\":{\"@id\":\"https:\/\/aivlisoft.net\/shop\/#\/schema\/logo\/image\/\"}}]}<\/script>\n<!-- \/ Yoast SEO plugin. -->","yoast_head_json":{"title":"Zebra PDA TC21 5\" 4GB \/ 64GB SE4710 - Aivlisoft Inform\u00e1tica","robots":{"index":"index","follow":"follow","max-snippet":"max-snippet:-1","max-image-preview":"max-image-preview:large","max-video-preview":"max-video-preview:-1"},"canonical":"https:\/\/aivlisoft.net\/shop\/producto\/zebra-pda-tc21-5-4gb-64gb-se4710\/","og_locale":"es_ES","og_type":"article","og_title":"Zebra PDA TC21 5\" 4GB \/ 64GB SE4710 - Aivlisoft Inform\u00e1tica","og_description":"&nbsp; Marca Zebra Modelo TC210K-01A422-A6 Caracter&iacute;sticas Caracter&iacute;sticas f&iacute;sicas &#8211; Pantalla: HD en color de 5,0&#8243; (1280 x 720); iluminaci&oacute;n posterior LED; Corning&reg; Gorilla&reg; Glass &#8211; Ventana del generador de imagen: Corning&reg; Gorilla&reg; Glass &#8211; Panel t&aacute;ctil: Panel t&aacute;ctil capacitivo; multit&aacute;ctil &#8211; Alimentaci&oacute;n: Li-Ion recargable extra&iacute;ble\/reparable &nbsp; Capacidad est&aacute;ndar de 3300 mAh &#8211; Ranura de ampliaci&oacute;n:&hellip;&nbsp;Zebra PDA TC21 5&#8243; 4GB \/ 64GB SE4710","og_url":"https:\/\/aivlisoft.net\/shop\/producto\/zebra-pda-tc21-5-4gb-64gb-se4710\/","og_site_name":"Aivlisoft Inform\u00e1tica","article_modified_time":"2025-01-15T11:19:01+00:00","og_image":[{"width":800,"height":800,"url":"https:\/\/aivlisoft.net\/shop\/wp-content\/uploads\/2025\/01\/FESLCB0169_800.jpg","type":"image\/jpeg"}],"twitter_card":"summary_large_image","twitter_misc":{"Tiempo de lectura":"2 minutos"},"schema":{"@context":"https:\/\/schema.org","@graph":[{"@type":"WebPage","@id":"https:\/\/aivlisoft.net\/shop\/producto\/zebra-pda-tc21-5-4gb-64gb-se4710\/","url":"https:\/\/aivlisoft.net\/shop\/producto\/zebra-pda-tc21-5-4gb-64gb-se4710\/","name":"Zebra PDA TC21 5\" 4GB \/ 64GB SE4710 - Aivlisoft Inform\u00e1tica","isPartOf":{"@id":"https:\/\/aivlisoft.net\/shop\/#website"},"primaryImageOfPage":{"@id":"https:\/\/aivlisoft.net\/shop\/producto\/zebra-pda-tc21-5-4gb-64gb-se4710\/#primaryimage"},"image":{"@id":"https:\/\/aivlisoft.net\/shop\/producto\/zebra-pda-tc21-5-4gb-64gb-se4710\/#primaryimage"},"thumbnailUrl":"https:\/\/aivlisoft.net\/shop\/wp-content\/uploads\/2025\/01\/FESLCB0169_800.jpg","datePublished":"2025-01-13T13:52:21+00:00","dateModified":"2025-01-15T11:19:01+00:00","breadcrumb":{"@id":"https:\/\/aivlisoft.net\/shop\/producto\/zebra-pda-tc21-5-4gb-64gb-se4710\/#breadcrumb"},"inLanguage":"es","potentialAction":[{"@type":"ReadAction","target":["https:\/\/aivlisoft.net\/shop\/producto\/zebra-pda-tc21-5-4gb-64gb-se4710\/"]}]},{"@type":"ImageObject","inLanguage":"es","@id":"https:\/\/aivlisoft.net\/shop\/producto\/zebra-pda-tc21-5-4gb-64gb-se4710\/#primaryimage","url":"https:\/\/aivlisoft.net\/shop\/wp-content\/uploads\/2025\/01\/FESLCB0169_800.jpg","contentUrl":"https:\/\/aivlisoft.net\/shop\/wp-content\/uploads\/2025\/01\/FESLCB0169_800.jpg","width":800,"height":800},{"@type":"BreadcrumbList","@id":"https:\/\/aivlisoft.net\/shop\/producto\/zebra-pda-tc21-5-4gb-64gb-se4710\/#breadcrumb","itemListElement":[{"@type":"ListItem","position":1,"name":"Portada","item":"https:\/\/aivlisoft.net\/shop\/"},{"@type":"ListItem","position":2,"name":"Tienda","item":"https:\/\/aivlisoft.net\/shop\/tienda\/"},{"@type":"ListItem","position":3,"name":"Zebra PDA TC21 5&#8243; 4GB \/ 64GB SE4710"}]},{"@type":"WebSite","@id":"https:\/\/aivlisoft.net\/shop\/#website","url":"https:\/\/aivlisoft.net\/shop\/","name":"Aivlisoft Inform\u00e1tica","description":"En Aivlisoft Inform\u00e1tica ofrecemos soluciones tecnol\u00f3gicas para empresas: venta de ordenadores, consumibles, perif\u00e9ricos y m\u00e1s. Calidad, atenci\u00f3n personalizada y los mejores precios para tu negocio.","publisher":{"@id":"https:\/\/aivlisoft.net\/shop\/#organization"},"potentialAction":[{"@type":"SearchAction","target":{"@type":"EntryPoint","urlTemplate":"https:\/\/aivlisoft.net\/shop\/?s={search_term_string}"},"query-input":{"@type":"PropertyValueSpecification","valueRequired":true,"valueName":"search_term_string"}}],"inLanguage":"es"},{"@type":"Organization","@id":"https:\/\/aivlisoft.net\/shop\/#organization","name":"Aivlisoft Inform\u00e1tica","url":"https:\/\/aivlisoft.net\/shop\/","logo":{"@type":"ImageObject","inLanguage":"es","@id":"https:\/\/aivlisoft.net\/shop\/#\/schema\/logo\/image\/","url":"https:\/\/aivlisoft.net\/shop\/wp-content\/uploads\/2024\/12\/removal.ai_5b848c54-0cdf-4140-95c5-c5536bb7573b-logodef.png","contentUrl":"https:\/\/aivlisoft.net\/shop\/wp-content\/uploads\/2024\/12\/removal.ai_5b848c54-0cdf-4140-95c5-c5536bb7573b-logodef.png","width":484,"height":182,"caption":"Aivlisoft Inform\u00e1tica"},"image":{"@id":"https:\/\/aivlisoft.net\/shop\/#\/schema\/logo\/image\/"}}]}},"_links":{"self":[{"href":"https:\/\/aivlisoft.net\/shop\/wp-json\/wp\/v2\/product\/8898","targetHints":{"allow":["GET"]}}],"collection":[{"href":"https:\/\/aivlisoft.net\/shop\/wp-json\/wp\/v2\/product"}],"about":[{"href":"https:\/\/aivlisoft.net\/shop\/wp-json\/wp\/v2\/types\/product"}],"wp:featuredmedia":[{"embeddable":true,"href":"https:\/\/aivlisoft.net\/shop\/wp-json\/wp\/v2\/media\/8899"}],"wp:attachment":[{"href":"https:\/\/aivlisoft.net\/shop\/wp-json\/wp\/v2\/media?parent=8898"}],"wp:term":[{"taxonomy":"product_brand","embeddable":true,"href":"https:\/\/aivlisoft.net\/shop\/wp-json\/wp\/v2\/product_brand?post=8898"},{"taxonomy":"product_cat","embeddable":true,"href":"https:\/\/aivlisoft.net\/shop\/wp-json\/wp\/v2\/product_cat?post=8898"},{"taxonomy":"product_tag","embeddable":true,"href":"https:\/\/aivlisoft.net\/shop\/wp-json\/wp\/v2\/product_tag?post=8898"}],"curies":[{"name":"wp","href":"https:\/\/api.w.org\/{rel}","templated":true}]}}