{"id":8891,"date":"2025-01-13T13:52:12","date_gmt":"2025-01-13T13:52:12","guid":{"rendered":"https:\/\/aivlisoft.com\/?post_type=product&#038;p=8891"},"modified":"2025-01-14T10:43:14","modified_gmt":"2025-01-14T10:43:14","slug":"posiberica-detector-billetes-falsos-pos-330","status":"publish","type":"product","link":"https:\/\/aivlisoft.net\/shop\/producto\/posiberica-detector-billetes-falsos-pos-330\/","title":{"rendered":"Posiberica Detector Billetes Falsos POS-330"},"content":{"rendered":"<p>Detector de billetes falsos de reducidas dimensiones y de gran calidad.<br \/>Detecta con total fiabilidad todos los billetes de euro en circulaci&oacute;n.<\/p>\n<p>El POS-330, es un aparato concebido para detectar de una manera r&aacute;pida y fiable los billetes falsos. Es un aparato de sobremesa con bater&iacute;a recargable, por lo que facilita su portabilidad. Reconoce las 4 caras del billete, de alta velocidad y seguridad.<\/p>\n<p>En el display de 12-bits muestra tanto el valor de lo que vamos introduciendo como el n&ordm; de billetes. Incorpora la &uacute;ltima tecnolog&iacute;a en reconocimiento de billetes por lo que es un equipo ideal para cualquier tipo de comercio.<\/p>\n<p>&nbsp;<\/p>\n<table class=\"tabla_caracteristicas k-table\" width=\"100%\">\n<tr>\n<td><strong>Marca<\/strong><\/td>\n<td>Posiberica<\/td>\n<\/tr>\n<tr>\n<td><strong>Modelo<\/strong><\/td>\n<td><strong>DCME330B5<\/strong><\/td>\n<\/tr>\n<tr>\n<td valign=\"top\"><strong>Caracteristicas<\/strong><\/td>\n<td>&#8211; El funcionamiento del aparato es motorizado.<br \/>\t\t\t&#8211; Alimentaci&oacute;n manual del billete.<br \/>\t\t\t&#8211; La bater&iacute;a tiene una autonom&iacute;a de 500 ciclos aproximadamente.<br \/>\t\t\t&#8211; Visualizaci&oacute;n en el display del valor del billete.<br \/>\t\t\t&#8211; Acumulaci&oacute;n de los billetes que acepta la m&aacute;quina.<br \/>\t\t\t&#8211; <strong>Actualizaci&oacute;n mediante conexi&oacute;n USB<\/strong><\/td>\n<\/tr>\n<tr>\n<td><strong>Otras caracter&iacute;sticas<\/strong><\/td>\n<td>&#8211; Alto (mm): 75<br \/>\t\t\t&#8211; Ancho (mm): 125<br \/>\t\t\t&#8211; Fondo (mm): 138<br \/>\t\t\t&#8211; Peso (Kg): 0,6<br \/>\t\t\t&#8211; Detecci&oacute;n hilo seguridad<br \/>\t\t\t&#8211; Detecci&oacute;n UV-MG-IR<br \/>\t\t\t&#8211; Motorizado<br \/>\t\t\t&#8211; Port&aacute;til: Bater&iacute;a recargable (No Incluida)<br \/>\t\t\t&#8211; Capacidad Bater&iacute;a: Lithium 7,5V<br \/>\t\t\t&#8211; Velocidad: 0,5 sg.<br \/>\t\t\t&#8211; Reconocimiento del valor del billete<br \/>\t\t\t&#8211; Entrada multiposicional<br \/>\t\t\t&#8211; Seguridad: Muy alta<\/td>\n<\/tr>\n<tr>\n<td><strong>Fecha Revisi&oacute;n<\/strong><\/td>\n<td>07-05-2018 por MSB<\/td>\n<\/tr>\n<\/table>\n","protected":false},"excerpt":{"rendered":"<p>Detector de billetes falsos de reducidas dimensiones y de gran calidad.Detecta con total fiabilidad todos los billetes de euro en circulaci&oacute;n. El POS-330, es un aparato concebido para detectar de una manera r&aacute;pida y fiable los billetes falsos. Es un aparato de sobremesa con bater&iacute;a recargable, por lo que facilita su portabilidad. Reconoce las 4&hellip;&nbsp;<a href=\"https:\/\/aivlisoft.net\/shop\/producto\/posiberica-detector-billetes-falsos-pos-330\/\" rel=\"bookmark\"><span class=\"screen-reader-text\">Posiberica Detector Billetes Falsos POS-330<\/span><\/a><\/p>\n","protected":false},"featured_media":8892,"template":"","meta":{"neve_meta_sidebar":"","neve_meta_container":"","neve_meta_enable_content_width":"","neve_meta_content_width":0,"neve_meta_title_alignment":"","neve_meta_author_avatar":"","neve_post_elements_order":"","neve_meta_disable_header":"","neve_meta_disable_footer":"","neve_meta_disable_title":""},"product_brand":[],"product_cat":[8713],"product_tag":[3482],"class_list":{"0":"post-8891","1":"product","2":"type-product","3":"status-publish","4":"has-post-thumbnail","6":"product_cat-lectores-billetes","7":"product_tag-dcme33sb5","9":"first","10":"instock","11":"taxable","12":"shipping-taxable","13":"purchasable","14":"product-type-simple"},"yoast_head":"<!-- This site is optimized with the Yoast SEO plugin v26.0 - https:\/\/yoast.com\/wordpress\/plugins\/seo\/ -->\n<title>Posiberica Detector Billetes Falsos POS-330 - Aivlisoft Inform\u00e1tica<\/title>\n<meta name=\"robots\" content=\"index, follow, max-snippet:-1, max-image-preview:large, max-video-preview:-1\" \/>\n<link rel=\"canonical\" href=\"https:\/\/aivlisoft.net\/shop\/producto\/posiberica-detector-billetes-falsos-pos-330\/\" \/>\n<meta property=\"og:locale\" content=\"es_ES\" \/>\n<meta property=\"og:type\" content=\"article\" \/>\n<meta property=\"og:title\" content=\"Posiberica Detector Billetes Falsos POS-330 - Aivlisoft Inform\u00e1tica\" \/>\n<meta property=\"og:description\" content=\"Detector de billetes falsos de reducidas dimensiones y de gran calidad.Detecta con total fiabilidad todos los billetes de euro en circulaci&oacute;n. El POS-330, es un aparato concebido para detectar de una manera r&aacute;pida y fiable los billetes falsos. Es un aparato de sobremesa con bater&iacute;a recargable, por lo que facilita su portabilidad. Reconoce las 4&hellip;&nbsp;Posiberica Detector Billetes Falsos POS-330\" \/>\n<meta property=\"og:url\" content=\"https:\/\/aivlisoft.net\/shop\/producto\/posiberica-detector-billetes-falsos-pos-330\/\" \/>\n<meta property=\"og:site_name\" content=\"Aivlisoft Inform\u00e1tica\" \/>\n<meta property=\"article:modified_time\" content=\"2025-01-14T10:43:14+00:00\" \/>\n<meta property=\"og:image\" content=\"https:\/\/aivlisoft.net\/shop\/wp-content\/uploads\/2025\/01\/FESLBI0014_800.jpg\" \/>\n\t<meta property=\"og:image:width\" content=\"800\" \/>\n\t<meta property=\"og:image:height\" content=\"800\" \/>\n\t<meta property=\"og:image:type\" content=\"image\/jpeg\" \/>\n<meta name=\"twitter:card\" content=\"summary_large_image\" \/>\n<meta name=\"twitter:label1\" content=\"Tiempo de lectura\" \/>\n\t<meta name=\"twitter:data1\" content=\"1 minuto\" \/>\n<script type=\"application\/ld+json\" class=\"yoast-schema-graph\">{\"@context\":\"https:\/\/schema.org\",\"@graph\":[{\"@type\":\"WebPage\",\"@id\":\"https:\/\/aivlisoft.net\/shop\/producto\/posiberica-detector-billetes-falsos-pos-330\/\",\"url\":\"https:\/\/aivlisoft.net\/shop\/producto\/posiberica-detector-billetes-falsos-pos-330\/\",\"name\":\"Posiberica Detector Billetes Falsos POS-330 - Aivlisoft Inform\u00e1tica\",\"isPartOf\":{\"@id\":\"https:\/\/aivlisoft.net\/shop\/#website\"},\"primaryImageOfPage\":{\"@id\":\"https:\/\/aivlisoft.net\/shop\/producto\/posiberica-detector-billetes-falsos-pos-330\/#primaryimage\"},\"image\":{\"@id\":\"https:\/\/aivlisoft.net\/shop\/producto\/posiberica-detector-billetes-falsos-pos-330\/#primaryimage\"},\"thumbnailUrl\":\"https:\/\/aivlisoft.net\/shop\/wp-content\/uploads\/2025\/01\/FESLBI0014_800.jpg\",\"datePublished\":\"2025-01-13T13:52:12+00:00\",\"dateModified\":\"2025-01-14T10:43:14+00:00\",\"breadcrumb\":{\"@id\":\"https:\/\/aivlisoft.net\/shop\/producto\/posiberica-detector-billetes-falsos-pos-330\/#breadcrumb\"},\"inLanguage\":\"es\",\"potentialAction\":[{\"@type\":\"ReadAction\",\"target\":[\"https:\/\/aivlisoft.net\/shop\/producto\/posiberica-detector-billetes-falsos-pos-330\/\"]}]},{\"@type\":\"ImageObject\",\"inLanguage\":\"es\",\"@id\":\"https:\/\/aivlisoft.net\/shop\/producto\/posiberica-detector-billetes-falsos-pos-330\/#primaryimage\",\"url\":\"https:\/\/aivlisoft.net\/shop\/wp-content\/uploads\/2025\/01\/FESLBI0014_800.jpg\",\"contentUrl\":\"https:\/\/aivlisoft.net\/shop\/wp-content\/uploads\/2025\/01\/FESLBI0014_800.jpg\",\"width\":800,\"height\":800},{\"@type\":\"BreadcrumbList\",\"@id\":\"https:\/\/aivlisoft.net\/shop\/producto\/posiberica-detector-billetes-falsos-pos-330\/#breadcrumb\",\"itemListElement\":[{\"@type\":\"ListItem\",\"position\":1,\"name\":\"Portada\",\"item\":\"https:\/\/aivlisoft.net\/shop\/\"},{\"@type\":\"ListItem\",\"position\":2,\"name\":\"Tienda\",\"item\":\"https:\/\/aivlisoft.net\/shop\/tienda\/\"},{\"@type\":\"ListItem\",\"position\":3,\"name\":\"Posiberica Detector Billetes Falsos POS-330\"}]},{\"@type\":\"WebSite\",\"@id\":\"https:\/\/aivlisoft.net\/shop\/#website\",\"url\":\"https:\/\/aivlisoft.net\/shop\/\",\"name\":\"Aivlisoft Inform\u00e1tica\",\"description\":\"En Aivlisoft Inform\u00e1tica ofrecemos soluciones tecnol\u00f3gicas para empresas: venta de ordenadores, consumibles, perif\u00e9ricos y m\u00e1s. Calidad, atenci\u00f3n personalizada y los mejores precios para tu negocio.\",\"publisher\":{\"@id\":\"https:\/\/aivlisoft.net\/shop\/#organization\"},\"potentialAction\":[{\"@type\":\"SearchAction\",\"target\":{\"@type\":\"EntryPoint\",\"urlTemplate\":\"https:\/\/aivlisoft.net\/shop\/?s={search_term_string}\"},\"query-input\":{\"@type\":\"PropertyValueSpecification\",\"valueRequired\":true,\"valueName\":\"search_term_string\"}}],\"inLanguage\":\"es\"},{\"@type\":\"Organization\",\"@id\":\"https:\/\/aivlisoft.net\/shop\/#organization\",\"name\":\"Aivlisoft Inform\u00e1tica\",\"url\":\"https:\/\/aivlisoft.net\/shop\/\",\"logo\":{\"@type\":\"ImageObject\",\"inLanguage\":\"es\",\"@id\":\"https:\/\/aivlisoft.net\/shop\/#\/schema\/logo\/image\/\",\"url\":\"https:\/\/aivlisoft.net\/shop\/wp-content\/uploads\/2024\/12\/removal.ai_5b848c54-0cdf-4140-95c5-c5536bb7573b-logodef.png\",\"contentUrl\":\"https:\/\/aivlisoft.net\/shop\/wp-content\/uploads\/2024\/12\/removal.ai_5b848c54-0cdf-4140-95c5-c5536bb7573b-logodef.png\",\"width\":484,\"height\":182,\"caption\":\"Aivlisoft Inform\u00e1tica\"},\"image\":{\"@id\":\"https:\/\/aivlisoft.net\/shop\/#\/schema\/logo\/image\/\"}}]}<\/script>\n<!-- \/ Yoast SEO plugin. -->","yoast_head_json":{"title":"Posiberica Detector Billetes Falsos POS-330 - Aivlisoft Inform\u00e1tica","robots":{"index":"index","follow":"follow","max-snippet":"max-snippet:-1","max-image-preview":"max-image-preview:large","max-video-preview":"max-video-preview:-1"},"canonical":"https:\/\/aivlisoft.net\/shop\/producto\/posiberica-detector-billetes-falsos-pos-330\/","og_locale":"es_ES","og_type":"article","og_title":"Posiberica Detector Billetes Falsos POS-330 - Aivlisoft Inform\u00e1tica","og_description":"Detector de billetes falsos de reducidas dimensiones y de gran calidad.Detecta con total fiabilidad todos los billetes de euro en circulaci&oacute;n. El POS-330, es un aparato concebido para detectar de una manera r&aacute;pida y fiable los billetes falsos. Es un aparato de sobremesa con bater&iacute;a recargable, por lo que facilita su portabilidad. Reconoce las 4&hellip;&nbsp;Posiberica Detector Billetes Falsos POS-330","og_url":"https:\/\/aivlisoft.net\/shop\/producto\/posiberica-detector-billetes-falsos-pos-330\/","og_site_name":"Aivlisoft Inform\u00e1tica","article_modified_time":"2025-01-14T10:43:14+00:00","og_image":[{"width":800,"height":800,"url":"https:\/\/aivlisoft.net\/shop\/wp-content\/uploads\/2025\/01\/FESLBI0014_800.jpg","type":"image\/jpeg"}],"twitter_card":"summary_large_image","twitter_misc":{"Tiempo de lectura":"1 minuto"},"schema":{"@context":"https:\/\/schema.org","@graph":[{"@type":"WebPage","@id":"https:\/\/aivlisoft.net\/shop\/producto\/posiberica-detector-billetes-falsos-pos-330\/","url":"https:\/\/aivlisoft.net\/shop\/producto\/posiberica-detector-billetes-falsos-pos-330\/","name":"Posiberica Detector Billetes Falsos POS-330 - Aivlisoft Inform\u00e1tica","isPartOf":{"@id":"https:\/\/aivlisoft.net\/shop\/#website"},"primaryImageOfPage":{"@id":"https:\/\/aivlisoft.net\/shop\/producto\/posiberica-detector-billetes-falsos-pos-330\/#primaryimage"},"image":{"@id":"https:\/\/aivlisoft.net\/shop\/producto\/posiberica-detector-billetes-falsos-pos-330\/#primaryimage"},"thumbnailUrl":"https:\/\/aivlisoft.net\/shop\/wp-content\/uploads\/2025\/01\/FESLBI0014_800.jpg","datePublished":"2025-01-13T13:52:12+00:00","dateModified":"2025-01-14T10:43:14+00:00","breadcrumb":{"@id":"https:\/\/aivlisoft.net\/shop\/producto\/posiberica-detector-billetes-falsos-pos-330\/#breadcrumb"},"inLanguage":"es","potentialAction":[{"@type":"ReadAction","target":["https:\/\/aivlisoft.net\/shop\/producto\/posiberica-detector-billetes-falsos-pos-330\/"]}]},{"@type":"ImageObject","inLanguage":"es","@id":"https:\/\/aivlisoft.net\/shop\/producto\/posiberica-detector-billetes-falsos-pos-330\/#primaryimage","url":"https:\/\/aivlisoft.net\/shop\/wp-content\/uploads\/2025\/01\/FESLBI0014_800.jpg","contentUrl":"https:\/\/aivlisoft.net\/shop\/wp-content\/uploads\/2025\/01\/FESLBI0014_800.jpg","width":800,"height":800},{"@type":"BreadcrumbList","@id":"https:\/\/aivlisoft.net\/shop\/producto\/posiberica-detector-billetes-falsos-pos-330\/#breadcrumb","itemListElement":[{"@type":"ListItem","position":1,"name":"Portada","item":"https:\/\/aivlisoft.net\/shop\/"},{"@type":"ListItem","position":2,"name":"Tienda","item":"https:\/\/aivlisoft.net\/shop\/tienda\/"},{"@type":"ListItem","position":3,"name":"Posiberica Detector Billetes Falsos POS-330"}]},{"@type":"WebSite","@id":"https:\/\/aivlisoft.net\/shop\/#website","url":"https:\/\/aivlisoft.net\/shop\/","name":"Aivlisoft Inform\u00e1tica","description":"En Aivlisoft Inform\u00e1tica ofrecemos soluciones tecnol\u00f3gicas para empresas: venta de ordenadores, consumibles, perif\u00e9ricos y m\u00e1s. Calidad, atenci\u00f3n personalizada y los mejores precios para tu negocio.","publisher":{"@id":"https:\/\/aivlisoft.net\/shop\/#organization"},"potentialAction":[{"@type":"SearchAction","target":{"@type":"EntryPoint","urlTemplate":"https:\/\/aivlisoft.net\/shop\/?s={search_term_string}"},"query-input":{"@type":"PropertyValueSpecification","valueRequired":true,"valueName":"search_term_string"}}],"inLanguage":"es"},{"@type":"Organization","@id":"https:\/\/aivlisoft.net\/shop\/#organization","name":"Aivlisoft Inform\u00e1tica","url":"https:\/\/aivlisoft.net\/shop\/","logo":{"@type":"ImageObject","inLanguage":"es","@id":"https:\/\/aivlisoft.net\/shop\/#\/schema\/logo\/image\/","url":"https:\/\/aivlisoft.net\/shop\/wp-content\/uploads\/2024\/12\/removal.ai_5b848c54-0cdf-4140-95c5-c5536bb7573b-logodef.png","contentUrl":"https:\/\/aivlisoft.net\/shop\/wp-content\/uploads\/2024\/12\/removal.ai_5b848c54-0cdf-4140-95c5-c5536bb7573b-logodef.png","width":484,"height":182,"caption":"Aivlisoft Inform\u00e1tica"},"image":{"@id":"https:\/\/aivlisoft.net\/shop\/#\/schema\/logo\/image\/"}}]}},"_links":{"self":[{"href":"https:\/\/aivlisoft.net\/shop\/wp-json\/wp\/v2\/product\/8891","targetHints":{"allow":["GET"]}}],"collection":[{"href":"https:\/\/aivlisoft.net\/shop\/wp-json\/wp\/v2\/product"}],"about":[{"href":"https:\/\/aivlisoft.net\/shop\/wp-json\/wp\/v2\/types\/product"}],"wp:featuredmedia":[{"embeddable":true,"href":"https:\/\/aivlisoft.net\/shop\/wp-json\/wp\/v2\/media\/8892"}],"wp:attachment":[{"href":"https:\/\/aivlisoft.net\/shop\/wp-json\/wp\/v2\/media?parent=8891"}],"wp:term":[{"taxonomy":"product_brand","embeddable":true,"href":"https:\/\/aivlisoft.net\/shop\/wp-json\/wp\/v2\/product_brand?post=8891"},{"taxonomy":"product_cat","embeddable":true,"href":"https:\/\/aivlisoft.net\/shop\/wp-json\/wp\/v2\/product_cat?post=8891"},{"taxonomy":"product_tag","embeddable":true,"href":"https:\/\/aivlisoft.net\/shop\/wp-json\/wp\/v2\/product_tag?post=8891"}],"curies":[{"name":"wp","href":"https:\/\/api.w.org\/{rel}","templated":true}]}}