{"id":8889,"date":"2025-01-13T13:52:12","date_gmt":"2025-01-13T13:52:12","guid":{"rendered":"https:\/\/aivlisoft.com\/?post_type=product&#038;p=8889"},"modified":"2025-01-14T10:43:13","modified_gmt":"2025-01-14T10:43:13","slug":"mustek-balanza-minerva-56ppi-15-kg-peso","status":"publish","type":"product","link":"https:\/\/aivlisoft.net\/shop\/producto\/mustek-balanza-minerva-56ppi-15-kg-peso\/","title":{"rendered":"Mustek Balanza Minerva 56PPI &#8211; 15 KG &#8211; Peso"},"content":{"rendered":"<p>&nbsp;<\/p>\n<table class=\"tabla_caracteristicas k-table\" width=\"100%\">\n<tbody>\n<tr>\n<td width=\"25%\"><strong><small>Marca<\/small><\/strong><\/td>\n<td width=\"75%\">Mustek<\/td>\n<\/tr>\n<tr>\n<td width=\"25%\"><strong>Modelo<\/strong><\/td>\n<td>\n<div>Minerva 56PPI<\/div>\n<div>(56PPI-15)<\/div>\n<\/td>\n<\/tr>\n<tr>\n<td width=\"25%\"><strong><small>Funciones<\/small><\/strong><\/td>\n<td>Balanza peso precio importe<\/td>\n<\/tr>\n<tr>\n<td width=\"25%\"><strong>Caracteristicas<\/strong><\/td>\n<td>&#8211; Doble display LCD con d&iacute;gitos de 14.5mm<br \/>&#8211; Conexi&oacute;n RS232 (PC\/TPV)<br \/>&#8211; Auto cero y seguimiento de cero<br \/>&#8211; Funci&oacute;n TARA.<br \/>&#8211; Funci&oacute;n cambio.<br \/>&#8211; Precio unitario por Kg o cada 100 g.<br \/>&#8211; Teclado de 20 teclas.<br \/>&#8211; 3 teclas de memoria\/precio.<br \/>&#8211; 100 PLU&rsquo;s.<br \/>&#8211; Indicador de carga y bater&iacute;a.<br \/>&#8211; Plato de acero inoxidable.<br \/>&#8211; Pies de goma antideslizantes y ajustables en altura.<br \/>&#8211; Compartimiento bater&iacute;a de f&aacute;cil acceso.<br \/>&#8211; Incluye:<br \/>Cubierta protectora.<br \/>Cable RS232 de comunicaci&oacute;n.<br \/>Fuente alimentaci&oacute;n interna y cable de corriente.<\/td>\n<\/tr>\n<tr>\n<td><strong><small>Fecha Revisi&oacute;n<\/small><\/strong><\/td>\n<td>14-03-2014 por FE4<\/td>\n<\/tr>\n<\/tbody>\n<\/table>\n","protected":false},"excerpt":{"rendered":"<p>&nbsp; Marca Mustek Modelo Minerva 56PPI (56PPI-15) Funciones Balanza peso precio importe Caracteristicas &#8211; Doble display LCD con d&iacute;gitos de 14.5mm&#8211; Conexi&oacute;n RS232 (PC\/TPV)&#8211; Auto cero y seguimiento de cero&#8211; Funci&oacute;n TARA.&#8211; Funci&oacute;n cambio.&#8211; Precio unitario por Kg o cada 100 g.&#8211; Teclado de 20 teclas.&#8211; 3 teclas de memoria\/precio.&#8211; 100 PLU&rsquo;s.&#8211; Indicador de carga&hellip;&nbsp;<a href=\"https:\/\/aivlisoft.net\/shop\/producto\/mustek-balanza-minerva-56ppi-15-kg-peso\/\" rel=\"bookmark\"><span class=\"screen-reader-text\">Mustek Balanza Minerva 56PPI &#8211; 15 KG &#8211; Peso<\/span><\/a><\/p>\n","protected":false},"featured_media":8890,"template":"","meta":{"neve_meta_sidebar":"","neve_meta_container":"","neve_meta_enable_content_width":"","neve_meta_content_width":0,"neve_meta_title_alignment":"","neve_meta_author_avatar":"","neve_post_elements_order":"","neve_meta_disable_header":"","neve_meta_disable_footer":"","neve_meta_disable_title":""},"product_brand":[],"product_cat":[8713],"product_tag":[3481],"class_list":{"0":"post-8889","1":"product","2":"type-product","3":"status-publish","4":"has-post-thumbnail","6":"product_cat-lectores-billetes","7":"product_tag-56ppi-15","9":"first","10":"instock","11":"taxable","12":"shipping-taxable","13":"purchasable","14":"product-type-simple"},"yoast_head":"<!-- This site is optimized with the Yoast SEO plugin v26.0 - https:\/\/yoast.com\/wordpress\/plugins\/seo\/ -->\n<title>Mustek Balanza Minerva 56PPI - 15 KG - Peso - Aivlisoft Inform\u00e1tica<\/title>\n<meta name=\"robots\" content=\"index, follow, max-snippet:-1, max-image-preview:large, max-video-preview:-1\" \/>\n<link rel=\"canonical\" href=\"https:\/\/aivlisoft.net\/shop\/producto\/mustek-balanza-minerva-56ppi-15-kg-peso\/\" \/>\n<meta property=\"og:locale\" content=\"es_ES\" \/>\n<meta property=\"og:type\" content=\"article\" \/>\n<meta property=\"og:title\" content=\"Mustek Balanza Minerva 56PPI - 15 KG - Peso - Aivlisoft Inform\u00e1tica\" \/>\n<meta property=\"og:description\" content=\"&nbsp; Marca Mustek Modelo Minerva 56PPI (56PPI-15) Funciones Balanza peso precio importe Caracteristicas &#8211; Doble display LCD con d&iacute;gitos de 14.5mm&#8211; Conexi&oacute;n RS232 (PC\/TPV)&#8211; Auto cero y seguimiento de cero&#8211; Funci&oacute;n TARA.&#8211; Funci&oacute;n cambio.&#8211; Precio unitario por Kg o cada 100 g.&#8211; Teclado de 20 teclas.&#8211; 3 teclas de memoria\/precio.&#8211; 100 PLU&rsquo;s.&#8211; Indicador de carga&hellip;&nbsp;Mustek Balanza Minerva 56PPI &#8211; 15 KG &#8211; Peso\" \/>\n<meta property=\"og:url\" content=\"https:\/\/aivlisoft.net\/shop\/producto\/mustek-balanza-minerva-56ppi-15-kg-peso\/\" \/>\n<meta property=\"og:site_name\" content=\"Aivlisoft Inform\u00e1tica\" \/>\n<meta property=\"article:modified_time\" content=\"2025-01-14T10:43:13+00:00\" \/>\n<meta property=\"og:image\" content=\"https:\/\/aivlisoft.net\/shop\/wp-content\/uploads\/2025\/01\/FESLBI0004_800.jpg\" \/>\n\t<meta property=\"og:image:width\" content=\"800\" \/>\n\t<meta property=\"og:image:height\" content=\"800\" \/>\n\t<meta property=\"og:image:type\" content=\"image\/jpeg\" \/>\n<meta name=\"twitter:card\" content=\"summary_large_image\" \/>\n<meta name=\"twitter:label1\" content=\"Tiempo de lectura\" \/>\n\t<meta name=\"twitter:data1\" content=\"1 minuto\" \/>\n<script type=\"application\/ld+json\" class=\"yoast-schema-graph\">{\"@context\":\"https:\/\/schema.org\",\"@graph\":[{\"@type\":\"WebPage\",\"@id\":\"https:\/\/aivlisoft.net\/shop\/producto\/mustek-balanza-minerva-56ppi-15-kg-peso\/\",\"url\":\"https:\/\/aivlisoft.net\/shop\/producto\/mustek-balanza-minerva-56ppi-15-kg-peso\/\",\"name\":\"Mustek Balanza Minerva 56PPI - 15 KG - Peso - Aivlisoft Inform\u00e1tica\",\"isPartOf\":{\"@id\":\"https:\/\/aivlisoft.net\/shop\/#website\"},\"primaryImageOfPage\":{\"@id\":\"https:\/\/aivlisoft.net\/shop\/producto\/mustek-balanza-minerva-56ppi-15-kg-peso\/#primaryimage\"},\"image\":{\"@id\":\"https:\/\/aivlisoft.net\/shop\/producto\/mustek-balanza-minerva-56ppi-15-kg-peso\/#primaryimage\"},\"thumbnailUrl\":\"https:\/\/aivlisoft.net\/shop\/wp-content\/uploads\/2025\/01\/FESLBI0004_800.jpg\",\"datePublished\":\"2025-01-13T13:52:12+00:00\",\"dateModified\":\"2025-01-14T10:43:13+00:00\",\"breadcrumb\":{\"@id\":\"https:\/\/aivlisoft.net\/shop\/producto\/mustek-balanza-minerva-56ppi-15-kg-peso\/#breadcrumb\"},\"inLanguage\":\"es\",\"potentialAction\":[{\"@type\":\"ReadAction\",\"target\":[\"https:\/\/aivlisoft.net\/shop\/producto\/mustek-balanza-minerva-56ppi-15-kg-peso\/\"]}]},{\"@type\":\"ImageObject\",\"inLanguage\":\"es\",\"@id\":\"https:\/\/aivlisoft.net\/shop\/producto\/mustek-balanza-minerva-56ppi-15-kg-peso\/#primaryimage\",\"url\":\"https:\/\/aivlisoft.net\/shop\/wp-content\/uploads\/2025\/01\/FESLBI0004_800.jpg\",\"contentUrl\":\"https:\/\/aivlisoft.net\/shop\/wp-content\/uploads\/2025\/01\/FESLBI0004_800.jpg\",\"width\":800,\"height\":800},{\"@type\":\"BreadcrumbList\",\"@id\":\"https:\/\/aivlisoft.net\/shop\/producto\/mustek-balanza-minerva-56ppi-15-kg-peso\/#breadcrumb\",\"itemListElement\":[{\"@type\":\"ListItem\",\"position\":1,\"name\":\"Portada\",\"item\":\"https:\/\/aivlisoft.net\/shop\/\"},{\"@type\":\"ListItem\",\"position\":2,\"name\":\"Tienda\",\"item\":\"https:\/\/aivlisoft.net\/shop\/tienda\/\"},{\"@type\":\"ListItem\",\"position\":3,\"name\":\"Mustek Balanza Minerva 56PPI &#8211; 15 KG &#8211; Peso\"}]},{\"@type\":\"WebSite\",\"@id\":\"https:\/\/aivlisoft.net\/shop\/#website\",\"url\":\"https:\/\/aivlisoft.net\/shop\/\",\"name\":\"Aivlisoft Inform\u00e1tica\",\"description\":\"En Aivlisoft Inform\u00e1tica ofrecemos soluciones tecnol\u00f3gicas para empresas: venta de ordenadores, consumibles, perif\u00e9ricos y m\u00e1s. Calidad, atenci\u00f3n personalizada y los mejores precios para tu negocio.\",\"publisher\":{\"@id\":\"https:\/\/aivlisoft.net\/shop\/#organization\"},\"potentialAction\":[{\"@type\":\"SearchAction\",\"target\":{\"@type\":\"EntryPoint\",\"urlTemplate\":\"https:\/\/aivlisoft.net\/shop\/?s={search_term_string}\"},\"query-input\":{\"@type\":\"PropertyValueSpecification\",\"valueRequired\":true,\"valueName\":\"search_term_string\"}}],\"inLanguage\":\"es\"},{\"@type\":\"Organization\",\"@id\":\"https:\/\/aivlisoft.net\/shop\/#organization\",\"name\":\"Aivlisoft Inform\u00e1tica\",\"url\":\"https:\/\/aivlisoft.net\/shop\/\",\"logo\":{\"@type\":\"ImageObject\",\"inLanguage\":\"es\",\"@id\":\"https:\/\/aivlisoft.net\/shop\/#\/schema\/logo\/image\/\",\"url\":\"https:\/\/aivlisoft.net\/shop\/wp-content\/uploads\/2024\/12\/removal.ai_5b848c54-0cdf-4140-95c5-c5536bb7573b-logodef.png\",\"contentUrl\":\"https:\/\/aivlisoft.net\/shop\/wp-content\/uploads\/2024\/12\/removal.ai_5b848c54-0cdf-4140-95c5-c5536bb7573b-logodef.png\",\"width\":484,\"height\":182,\"caption\":\"Aivlisoft Inform\u00e1tica\"},\"image\":{\"@id\":\"https:\/\/aivlisoft.net\/shop\/#\/schema\/logo\/image\/\"}}]}<\/script>\n<!-- \/ Yoast SEO plugin. -->","yoast_head_json":{"title":"Mustek Balanza Minerva 56PPI - 15 KG - Peso - Aivlisoft Inform\u00e1tica","robots":{"index":"index","follow":"follow","max-snippet":"max-snippet:-1","max-image-preview":"max-image-preview:large","max-video-preview":"max-video-preview:-1"},"canonical":"https:\/\/aivlisoft.net\/shop\/producto\/mustek-balanza-minerva-56ppi-15-kg-peso\/","og_locale":"es_ES","og_type":"article","og_title":"Mustek Balanza Minerva 56PPI - 15 KG - Peso - Aivlisoft Inform\u00e1tica","og_description":"&nbsp; Marca Mustek Modelo Minerva 56PPI (56PPI-15) Funciones Balanza peso precio importe Caracteristicas &#8211; Doble display LCD con d&iacute;gitos de 14.5mm&#8211; Conexi&oacute;n RS232 (PC\/TPV)&#8211; Auto cero y seguimiento de cero&#8211; Funci&oacute;n TARA.&#8211; Funci&oacute;n cambio.&#8211; Precio unitario por Kg o cada 100 g.&#8211; Teclado de 20 teclas.&#8211; 3 teclas de memoria\/precio.&#8211; 100 PLU&rsquo;s.&#8211; Indicador de carga&hellip;&nbsp;Mustek Balanza Minerva 56PPI &#8211; 15 KG &#8211; Peso","og_url":"https:\/\/aivlisoft.net\/shop\/producto\/mustek-balanza-minerva-56ppi-15-kg-peso\/","og_site_name":"Aivlisoft Inform\u00e1tica","article_modified_time":"2025-01-14T10:43:13+00:00","og_image":[{"width":800,"height":800,"url":"https:\/\/aivlisoft.net\/shop\/wp-content\/uploads\/2025\/01\/FESLBI0004_800.jpg","type":"image\/jpeg"}],"twitter_card":"summary_large_image","twitter_misc":{"Tiempo de lectura":"1 minuto"},"schema":{"@context":"https:\/\/schema.org","@graph":[{"@type":"WebPage","@id":"https:\/\/aivlisoft.net\/shop\/producto\/mustek-balanza-minerva-56ppi-15-kg-peso\/","url":"https:\/\/aivlisoft.net\/shop\/producto\/mustek-balanza-minerva-56ppi-15-kg-peso\/","name":"Mustek Balanza Minerva 56PPI - 15 KG - Peso - Aivlisoft Inform\u00e1tica","isPartOf":{"@id":"https:\/\/aivlisoft.net\/shop\/#website"},"primaryImageOfPage":{"@id":"https:\/\/aivlisoft.net\/shop\/producto\/mustek-balanza-minerva-56ppi-15-kg-peso\/#primaryimage"},"image":{"@id":"https:\/\/aivlisoft.net\/shop\/producto\/mustek-balanza-minerva-56ppi-15-kg-peso\/#primaryimage"},"thumbnailUrl":"https:\/\/aivlisoft.net\/shop\/wp-content\/uploads\/2025\/01\/FESLBI0004_800.jpg","datePublished":"2025-01-13T13:52:12+00:00","dateModified":"2025-01-14T10:43:13+00:00","breadcrumb":{"@id":"https:\/\/aivlisoft.net\/shop\/producto\/mustek-balanza-minerva-56ppi-15-kg-peso\/#breadcrumb"},"inLanguage":"es","potentialAction":[{"@type":"ReadAction","target":["https:\/\/aivlisoft.net\/shop\/producto\/mustek-balanza-minerva-56ppi-15-kg-peso\/"]}]},{"@type":"ImageObject","inLanguage":"es","@id":"https:\/\/aivlisoft.net\/shop\/producto\/mustek-balanza-minerva-56ppi-15-kg-peso\/#primaryimage","url":"https:\/\/aivlisoft.net\/shop\/wp-content\/uploads\/2025\/01\/FESLBI0004_800.jpg","contentUrl":"https:\/\/aivlisoft.net\/shop\/wp-content\/uploads\/2025\/01\/FESLBI0004_800.jpg","width":800,"height":800},{"@type":"BreadcrumbList","@id":"https:\/\/aivlisoft.net\/shop\/producto\/mustek-balanza-minerva-56ppi-15-kg-peso\/#breadcrumb","itemListElement":[{"@type":"ListItem","position":1,"name":"Portada","item":"https:\/\/aivlisoft.net\/shop\/"},{"@type":"ListItem","position":2,"name":"Tienda","item":"https:\/\/aivlisoft.net\/shop\/tienda\/"},{"@type":"ListItem","position":3,"name":"Mustek Balanza Minerva 56PPI &#8211; 15 KG &#8211; Peso"}]},{"@type":"WebSite","@id":"https:\/\/aivlisoft.net\/shop\/#website","url":"https:\/\/aivlisoft.net\/shop\/","name":"Aivlisoft Inform\u00e1tica","description":"En Aivlisoft Inform\u00e1tica ofrecemos soluciones tecnol\u00f3gicas para empresas: venta de ordenadores, consumibles, perif\u00e9ricos y m\u00e1s. Calidad, atenci\u00f3n personalizada y los mejores precios para tu negocio.","publisher":{"@id":"https:\/\/aivlisoft.net\/shop\/#organization"},"potentialAction":[{"@type":"SearchAction","target":{"@type":"EntryPoint","urlTemplate":"https:\/\/aivlisoft.net\/shop\/?s={search_term_string}"},"query-input":{"@type":"PropertyValueSpecification","valueRequired":true,"valueName":"search_term_string"}}],"inLanguage":"es"},{"@type":"Organization","@id":"https:\/\/aivlisoft.net\/shop\/#organization","name":"Aivlisoft Inform\u00e1tica","url":"https:\/\/aivlisoft.net\/shop\/","logo":{"@type":"ImageObject","inLanguage":"es","@id":"https:\/\/aivlisoft.net\/shop\/#\/schema\/logo\/image\/","url":"https:\/\/aivlisoft.net\/shop\/wp-content\/uploads\/2024\/12\/removal.ai_5b848c54-0cdf-4140-95c5-c5536bb7573b-logodef.png","contentUrl":"https:\/\/aivlisoft.net\/shop\/wp-content\/uploads\/2024\/12\/removal.ai_5b848c54-0cdf-4140-95c5-c5536bb7573b-logodef.png","width":484,"height":182,"caption":"Aivlisoft Inform\u00e1tica"},"image":{"@id":"https:\/\/aivlisoft.net\/shop\/#\/schema\/logo\/image\/"}}]}},"_links":{"self":[{"href":"https:\/\/aivlisoft.net\/shop\/wp-json\/wp\/v2\/product\/8889","targetHints":{"allow":["GET"]}}],"collection":[{"href":"https:\/\/aivlisoft.net\/shop\/wp-json\/wp\/v2\/product"}],"about":[{"href":"https:\/\/aivlisoft.net\/shop\/wp-json\/wp\/v2\/types\/product"}],"wp:featuredmedia":[{"embeddable":true,"href":"https:\/\/aivlisoft.net\/shop\/wp-json\/wp\/v2\/media\/8890"}],"wp:attachment":[{"href":"https:\/\/aivlisoft.net\/shop\/wp-json\/wp\/v2\/media?parent=8889"}],"wp:term":[{"taxonomy":"product_brand","embeddable":true,"href":"https:\/\/aivlisoft.net\/shop\/wp-json\/wp\/v2\/product_brand?post=8889"},{"taxonomy":"product_cat","embeddable":true,"href":"https:\/\/aivlisoft.net\/shop\/wp-json\/wp\/v2\/product_cat?post=8889"},{"taxonomy":"product_tag","embeddable":true,"href":"https:\/\/aivlisoft.net\/shop\/wp-json\/wp\/v2\/product_tag?post=8889"}],"curies":[{"name":"wp","href":"https:\/\/api.w.org\/{rel}","templated":true}]}}