{"id":8884,"date":"2025-01-13T13:52:10","date_gmt":"2025-01-13T13:52:10","guid":{"rendered":"https:\/\/aivlisoft.com\/?post_type=product&#038;p=8884"},"modified":"2025-01-14T10:43:13","modified_gmt":"2025-01-14T10:43:13","slug":"hp-escaner-scanjet-pro-2600-f1","status":"publish","type":"product","link":"https:\/\/aivlisoft.net\/shop\/producto\/hp-escaner-scanjet-pro-2600-f1\/","title":{"rendered":"HP Escaner ScanJet Pro 2600 F1"},"content":{"rendered":"<p><\/p>\n<table class=\"tabla_caracteristicas\" width=\"100%\">\n<tr>\n<td valign=\"top\"><strong>Marca<\/strong><\/td>\n<td>HP<\/td>\n<\/tr>\n<tr>\n<td valign=\"top\"><strong>Modelo<\/strong><\/td>\n<td><strong>20G05A#B19<\/strong><\/td>\n<\/tr>\n<tr>\n<td valign=\"top\"><strong>Escaneo<\/strong><\/td>\n<td>&#8211; Tipo de esc&aacute;ner:<br \/>\t\t\t&nbsp; AAD<br \/>\t\t\t&nbsp; Tecnolog&iacute;a de escaneado CIS<br \/>\t\t\t&nbsp; Superficie plana<br \/>\t\t\t&#8211; Tecnolog&iacute;a de escaneo:<br \/>\t\t\t&nbsp; AAD<br \/>\t\t\t&nbsp; Superficie plana<br \/>\t\t\t&nbsp; Sensor de imagen por contacto (CIS)<br \/>\t\t\t&#8211; Modos de acceso al esc&aacute;ner:<br \/>\t\t\t&nbsp; Funci&oacute;n de escaneado del panel frontal: Guardar como PDF, Guardar como JPEG, Enviar por correo electr&oacute;nico como PDF y Enviar a la nube.<br \/>\t\t\t&nbsp; HP Scan en Win OS, HP Easy Scan\/ICA en Mac OS y aplicaciones de terceros a trav&eacute;s de TWAIN<br \/>\t\t\t&#8211; Versi&oacute;n TWAIN: Versi&oacute;n 2.4<br \/>\t\t\t&#8211; Escaneo en color<br \/>\t\t\t&#8211; Ajustes en ppp de la resoluci&oacute;n de salida: 75; 150; 200; 240; 300; 400; 500; 600; 1200 ppp<br \/>\t\t\t&#8211; Rango de escalado o ampliaci&oacute;n de la imagen: No realiza ninguna escala arbitraria<br \/>\t\t\t&#8211; Tama&ntilde;o del escaneo ADF:<br \/>\t\t\t&nbsp; M&aacute;ximo 216 x 3100 mm<br \/>\t\t\t&nbsp; M&iacute;nimo 89 x 148 mm<br \/>\t\t\t&nbsp; Plano: 216 x 297 mm<br \/>\t\t\t&#8211; Velocidad de escaneado:Hasta 25 ppm\/50 ipm (blanco y negro, gris y color, 300 ppp)<br \/>\t\t\t&#8211; Resoluci&oacute;n del esc&aacute;ner:<br \/>\t\t\t&nbsp; &Oacute;ptico Hasta 600 ppp (color y monocromo, AAD)<br \/>\t\t\t&nbsp; Hasta 1200 ppp (color y monocromo, superficie plana)<br \/>\t\t\t&nbsp; Hardware: Hasta 600 x 600 ppp (color y monocromo, AAD)<br \/>\t\t\t&nbsp; Hasta 1200 x 1200 ppp (color y monocromo, superficie plana)<br \/>\t\t\t&#8211; Formato del archivo de escaneo: Para p&aacute;ginas de imagen y texto: PDF, JPEG, PNG, BMP, TIF, Text(TXT), Texto enriquecido(RTF), PDF CON FUNCI&Oacute;N DE B&Uacute;SQUEDA, PDF\/A, Word(DOC), Word(DOCX), Excel(XLS), Excel(XLSX), CS<\/td>\n<\/tr>\n<tr>\n<td valign=\"top\"><strong>Soportes<\/strong><\/td>\n<td>&#8211; Tipos de soporte: Papel (banda, de inyecci&oacute;n de tinta, fotogr&aacute;fico, com&uacute;n), sobres, etiquetas, tarjetas (de &iacute;ndice y de felicitaci&oacute;n)<br \/>\t\t\t&#8211; Tama&ntilde;o del soporte (ADF): Carta; Legal; Ejecutivo; A4; A5; A6; B5; B5 (JIS)<br \/>\t\t\t&#8211; Peso del soporte (ADF): De 60 a 105 g\/m2<\/td>\n<\/tr>\n<tr>\n<td valign=\"top\"><strong>Caracter&iacute;sticas<\/strong><\/td>\n<td>&#8211; Niveles de la escala de gris\/profundidad de bits: 256\/24 bits (externo), 48 bits (interno)<br \/>\t\t\t&#8211; Ciclo de trabajo: Ciclo de trabajo diario recomendado: 1500 p&aacute;ginas (AAD)<br \/>\t\t\t&#8211; Capacidad del alimentador autom&aacute;tico de documentos: Est&aacute;ndar, 60 hojas (80 g\/m&sup2;)<br \/>\t\t\t&#8211; Conectividad: Est&aacute;ndar USB 2.0<br \/>\t\t\t&#8211; Memoria: Est&aacute;ndar 256 MB<br \/>\t\t\t&#8211; Manipulaci&oacute;n de los soportes<br \/>\t\t\t&#8211; Sistemas operativos compatibles:<br \/>\t\t\t&nbsp; Windows 11; Windows 10; Windows 8; Windows 8.1; Windows 7; Windows Server<br \/>\t\t\t&nbsp; macOS 10.14 Mojave; macOS 10.15 Catalina; macOS 11 Big Sur; macOS 12 Monterey<br \/>\t\t\t&nbsp; Linux<br \/>\t\t\t&#8211; Requisitos m&iacute;nimos del sistema Ordenador:&nbsp;<br \/>\t\t\t&nbsp; Microsoft Windows (11, 10, 8,1 y 7: 32 bits y 64 bits, 2008 R2, 2012 R2, 2016, 2019)<br \/>\t\t\t&nbsp; 2 GB de espacio disponible en el disco duro, conexi&oacute;n a Internet Microsoft Internet Explorer o cualquier navegador<br \/>\t\t\t&#8211; Software incluido: Software HP Scan, controlador de dispositivo para esc&aacute;ner HP, controlador de esc&aacute;ner HP WIA, controlador de esc&aacute;ner HP TWAIN, utilidad de herramientas del esc&aacute;ner HP<br \/>\t\t\t&#8211; Gesti&oacute;n de la seguridad: Bot&oacute;n de encendido\/apagado<br \/>\t\t\t<strong>Alimentaci&oacute;n<\/strong><br \/>\t\t\t&#8211; Voltaje de entrada: de 100 a 240 VCA<br \/>\t\t\t&#8211; Consumo:&nbsp;<br \/>\t\t\t&nbsp; 12,90 vatios (Activo &#8211; Escaneando)<br \/>\t\t\t&nbsp; 5 vatios (Listo)<br \/>\t\t\t&nbsp; 1,11 vatios (Suspensi&oacute;n)<br \/>\t\t\t&nbsp; 0,06 (Apagado autom&aacute;tico)<br \/>\t\t\t&nbsp; 0,06 (Apagado manual)<br \/>\t\t\t&nbsp; ENERGY STAR<br \/>\t\t\t<strong>Dimensiones y peso<\/strong><br \/>\t\t\t&#8211; 491,5 x 422,28 x 387,42 mm<br \/>\t\t\t&#8211; 5,4 kg<br \/>\t\t\t<strong>Contenido&nbsp;<\/strong><br \/>\t\t\t&#8211; 20G05A Esc&aacute;ner HP ScanJet Pro 2600 f1<br \/>\t\t\t&#8211; Gu&iacute;a de instalaci&oacute;n<br \/>\t\t\t&#8211; Folletos de apoyo<br \/>\t\t\t&#8211; Cojines<br \/>\t\t\t&#8211; Cable USB<br \/>\t\t\t&#8211; Adaptador de alimentaci&oacute;n<br \/>\t\t\t&#8211; Cables de alimentaci&oacute;n<\/td>\n<\/tr>\n<tr>\n<td valign=\"top\"><strong>Fecha de revisi&oacute;n<\/strong><\/td>\n<td>19-11-2024 por RTY<\/td>\n<\/tr>\n<\/table>\n","protected":false},"excerpt":{"rendered":"<p>Marca HP Modelo 20G05A#B19 Escaneo &#8211; Tipo de esc&aacute;ner: &nbsp; AAD &nbsp; Tecnolog&iacute;a de escaneado CIS &nbsp; Superficie plana &#8211; Tecnolog&iacute;a de escaneo: &nbsp; AAD &nbsp; Superficie plana &nbsp; Sensor de imagen por contacto (CIS) &#8211; Modos de acceso al esc&aacute;ner: &nbsp; Funci&oacute;n de escaneado del panel frontal: Guardar como PDF, Guardar como JPEG, Enviar&hellip;&nbsp;<a href=\"https:\/\/aivlisoft.net\/shop\/producto\/hp-escaner-scanjet-pro-2600-f1\/\" rel=\"bookmark\"><span class=\"screen-reader-text\">HP Escaner ScanJet Pro 2600 F1<\/span><\/a><\/p>\n","protected":false},"featured_media":8885,"template":"","meta":{"neve_meta_sidebar":"","neve_meta_container":"","neve_meta_enable_content_width":"","neve_meta_content_width":0,"neve_meta_title_alignment":"","neve_meta_author_avatar":"","neve_post_elements_order":"","neve_meta_disable_header":"","neve_meta_disable_footer":"","neve_meta_disable_title":""},"product_brand":[],"product_cat":[8712],"product_tag":[3480],"class_list":{"0":"post-8884","1":"product","2":"type-product","3":"status-publish","4":"has-post-thumbnail","6":"product_cat-sobremesa","7":"product_tag-20g05ab19","9":"first","10":"instock","11":"taxable","12":"shipping-taxable","13":"purchasable","14":"product-type-simple"},"yoast_head":"<!-- This site is optimized with the Yoast SEO plugin v26.0 - https:\/\/yoast.com\/wordpress\/plugins\/seo\/ -->\n<title>HP Escaner ScanJet Pro 2600 F1 - Aivlisoft Inform\u00e1tica<\/title>\n<meta name=\"robots\" content=\"index, follow, max-snippet:-1, max-image-preview:large, max-video-preview:-1\" \/>\n<link rel=\"canonical\" href=\"https:\/\/aivlisoft.net\/shop\/producto\/hp-escaner-scanjet-pro-2600-f1\/\" \/>\n<meta property=\"og:locale\" content=\"es_ES\" \/>\n<meta property=\"og:type\" content=\"article\" \/>\n<meta property=\"og:title\" content=\"HP Escaner ScanJet Pro 2600 F1 - Aivlisoft Inform\u00e1tica\" \/>\n<meta property=\"og:description\" content=\"Marca HP Modelo 20G05A#B19 Escaneo &#8211; Tipo de esc&aacute;ner: &nbsp; AAD &nbsp; Tecnolog&iacute;a de escaneado CIS &nbsp; Superficie plana &#8211; Tecnolog&iacute;a de escaneo: &nbsp; AAD &nbsp; Superficie plana &nbsp; Sensor de imagen por contacto (CIS) &#8211; Modos de acceso al esc&aacute;ner: &nbsp; Funci&oacute;n de escaneado del panel frontal: Guardar como PDF, Guardar como JPEG, Enviar&hellip;&nbsp;HP Escaner ScanJet Pro 2600 F1\" \/>\n<meta property=\"og:url\" content=\"https:\/\/aivlisoft.net\/shop\/producto\/hp-escaner-scanjet-pro-2600-f1\/\" \/>\n<meta property=\"og:site_name\" content=\"Aivlisoft Inform\u00e1tica\" \/>\n<meta property=\"article:modified_time\" content=\"2025-01-14T10:43:13+00:00\" \/>\n<meta property=\"og:image\" content=\"https:\/\/aivlisoft.net\/shop\/wp-content\/uploads\/2025\/01\/FESESO0135_800.jpg\" \/>\n\t<meta property=\"og:image:width\" content=\"800\" \/>\n\t<meta property=\"og:image:height\" content=\"800\" \/>\n\t<meta property=\"og:image:type\" content=\"image\/jpeg\" \/>\n<meta name=\"twitter:card\" content=\"summary_large_image\" \/>\n<meta name=\"twitter:label1\" content=\"Tiempo de lectura\" \/>\n\t<meta name=\"twitter:data1\" content=\"3 minutos\" \/>\n<script type=\"application\/ld+json\" class=\"yoast-schema-graph\">{\"@context\":\"https:\/\/schema.org\",\"@graph\":[{\"@type\":\"WebPage\",\"@id\":\"https:\/\/aivlisoft.net\/shop\/producto\/hp-escaner-scanjet-pro-2600-f1\/\",\"url\":\"https:\/\/aivlisoft.net\/shop\/producto\/hp-escaner-scanjet-pro-2600-f1\/\",\"name\":\"HP Escaner ScanJet Pro 2600 F1 - Aivlisoft Inform\u00e1tica\",\"isPartOf\":{\"@id\":\"https:\/\/aivlisoft.net\/shop\/#website\"},\"primaryImageOfPage\":{\"@id\":\"https:\/\/aivlisoft.net\/shop\/producto\/hp-escaner-scanjet-pro-2600-f1\/#primaryimage\"},\"image\":{\"@id\":\"https:\/\/aivlisoft.net\/shop\/producto\/hp-escaner-scanjet-pro-2600-f1\/#primaryimage\"},\"thumbnailUrl\":\"https:\/\/aivlisoft.net\/shop\/wp-content\/uploads\/2025\/01\/FESESO0135_800.jpg\",\"datePublished\":\"2025-01-13T13:52:10+00:00\",\"dateModified\":\"2025-01-14T10:43:13+00:00\",\"breadcrumb\":{\"@id\":\"https:\/\/aivlisoft.net\/shop\/producto\/hp-escaner-scanjet-pro-2600-f1\/#breadcrumb\"},\"inLanguage\":\"es\",\"potentialAction\":[{\"@type\":\"ReadAction\",\"target\":[\"https:\/\/aivlisoft.net\/shop\/producto\/hp-escaner-scanjet-pro-2600-f1\/\"]}]},{\"@type\":\"ImageObject\",\"inLanguage\":\"es\",\"@id\":\"https:\/\/aivlisoft.net\/shop\/producto\/hp-escaner-scanjet-pro-2600-f1\/#primaryimage\",\"url\":\"https:\/\/aivlisoft.net\/shop\/wp-content\/uploads\/2025\/01\/FESESO0135_800.jpg\",\"contentUrl\":\"https:\/\/aivlisoft.net\/shop\/wp-content\/uploads\/2025\/01\/FESESO0135_800.jpg\",\"width\":800,\"height\":800},{\"@type\":\"BreadcrumbList\",\"@id\":\"https:\/\/aivlisoft.net\/shop\/producto\/hp-escaner-scanjet-pro-2600-f1\/#breadcrumb\",\"itemListElement\":[{\"@type\":\"ListItem\",\"position\":1,\"name\":\"Portada\",\"item\":\"https:\/\/aivlisoft.net\/shop\/\"},{\"@type\":\"ListItem\",\"position\":2,\"name\":\"Tienda\",\"item\":\"https:\/\/aivlisoft.net\/shop\/tienda\/\"},{\"@type\":\"ListItem\",\"position\":3,\"name\":\"HP Escaner ScanJet Pro 2600 F1\"}]},{\"@type\":\"WebSite\",\"@id\":\"https:\/\/aivlisoft.net\/shop\/#website\",\"url\":\"https:\/\/aivlisoft.net\/shop\/\",\"name\":\"Aivlisoft Inform\u00e1tica\",\"description\":\"En Aivlisoft Inform\u00e1tica ofrecemos soluciones tecnol\u00f3gicas para empresas: venta de ordenadores, consumibles, perif\u00e9ricos y m\u00e1s. Calidad, atenci\u00f3n personalizada y los mejores precios para tu negocio.\",\"publisher\":{\"@id\":\"https:\/\/aivlisoft.net\/shop\/#organization\"},\"potentialAction\":[{\"@type\":\"SearchAction\",\"target\":{\"@type\":\"EntryPoint\",\"urlTemplate\":\"https:\/\/aivlisoft.net\/shop\/?s={search_term_string}\"},\"query-input\":{\"@type\":\"PropertyValueSpecification\",\"valueRequired\":true,\"valueName\":\"search_term_string\"}}],\"inLanguage\":\"es\"},{\"@type\":\"Organization\",\"@id\":\"https:\/\/aivlisoft.net\/shop\/#organization\",\"name\":\"Aivlisoft Inform\u00e1tica\",\"url\":\"https:\/\/aivlisoft.net\/shop\/\",\"logo\":{\"@type\":\"ImageObject\",\"inLanguage\":\"es\",\"@id\":\"https:\/\/aivlisoft.net\/shop\/#\/schema\/logo\/image\/\",\"url\":\"https:\/\/aivlisoft.net\/shop\/wp-content\/uploads\/2024\/12\/removal.ai_5b848c54-0cdf-4140-95c5-c5536bb7573b-logodef.png\",\"contentUrl\":\"https:\/\/aivlisoft.net\/shop\/wp-content\/uploads\/2024\/12\/removal.ai_5b848c54-0cdf-4140-95c5-c5536bb7573b-logodef.png\",\"width\":484,\"height\":182,\"caption\":\"Aivlisoft Inform\u00e1tica\"},\"image\":{\"@id\":\"https:\/\/aivlisoft.net\/shop\/#\/schema\/logo\/image\/\"}}]}<\/script>\n<!-- \/ Yoast SEO plugin. -->","yoast_head_json":{"title":"HP Escaner ScanJet Pro 2600 F1 - Aivlisoft Inform\u00e1tica","robots":{"index":"index","follow":"follow","max-snippet":"max-snippet:-1","max-image-preview":"max-image-preview:large","max-video-preview":"max-video-preview:-1"},"canonical":"https:\/\/aivlisoft.net\/shop\/producto\/hp-escaner-scanjet-pro-2600-f1\/","og_locale":"es_ES","og_type":"article","og_title":"HP Escaner ScanJet Pro 2600 F1 - Aivlisoft Inform\u00e1tica","og_description":"Marca HP Modelo 20G05A#B19 Escaneo &#8211; Tipo de esc&aacute;ner: &nbsp; AAD &nbsp; Tecnolog&iacute;a de escaneado CIS &nbsp; Superficie plana &#8211; Tecnolog&iacute;a de escaneo: &nbsp; AAD &nbsp; Superficie plana &nbsp; Sensor de imagen por contacto (CIS) &#8211; Modos de acceso al esc&aacute;ner: &nbsp; Funci&oacute;n de escaneado del panel frontal: Guardar como PDF, Guardar como JPEG, Enviar&hellip;&nbsp;HP Escaner ScanJet Pro 2600 F1","og_url":"https:\/\/aivlisoft.net\/shop\/producto\/hp-escaner-scanjet-pro-2600-f1\/","og_site_name":"Aivlisoft Inform\u00e1tica","article_modified_time":"2025-01-14T10:43:13+00:00","og_image":[{"width":800,"height":800,"url":"https:\/\/aivlisoft.net\/shop\/wp-content\/uploads\/2025\/01\/FESESO0135_800.jpg","type":"image\/jpeg"}],"twitter_card":"summary_large_image","twitter_misc":{"Tiempo de lectura":"3 minutos"},"schema":{"@context":"https:\/\/schema.org","@graph":[{"@type":"WebPage","@id":"https:\/\/aivlisoft.net\/shop\/producto\/hp-escaner-scanjet-pro-2600-f1\/","url":"https:\/\/aivlisoft.net\/shop\/producto\/hp-escaner-scanjet-pro-2600-f1\/","name":"HP Escaner ScanJet Pro 2600 F1 - Aivlisoft Inform\u00e1tica","isPartOf":{"@id":"https:\/\/aivlisoft.net\/shop\/#website"},"primaryImageOfPage":{"@id":"https:\/\/aivlisoft.net\/shop\/producto\/hp-escaner-scanjet-pro-2600-f1\/#primaryimage"},"image":{"@id":"https:\/\/aivlisoft.net\/shop\/producto\/hp-escaner-scanjet-pro-2600-f1\/#primaryimage"},"thumbnailUrl":"https:\/\/aivlisoft.net\/shop\/wp-content\/uploads\/2025\/01\/FESESO0135_800.jpg","datePublished":"2025-01-13T13:52:10+00:00","dateModified":"2025-01-14T10:43:13+00:00","breadcrumb":{"@id":"https:\/\/aivlisoft.net\/shop\/producto\/hp-escaner-scanjet-pro-2600-f1\/#breadcrumb"},"inLanguage":"es","potentialAction":[{"@type":"ReadAction","target":["https:\/\/aivlisoft.net\/shop\/producto\/hp-escaner-scanjet-pro-2600-f1\/"]}]},{"@type":"ImageObject","inLanguage":"es","@id":"https:\/\/aivlisoft.net\/shop\/producto\/hp-escaner-scanjet-pro-2600-f1\/#primaryimage","url":"https:\/\/aivlisoft.net\/shop\/wp-content\/uploads\/2025\/01\/FESESO0135_800.jpg","contentUrl":"https:\/\/aivlisoft.net\/shop\/wp-content\/uploads\/2025\/01\/FESESO0135_800.jpg","width":800,"height":800},{"@type":"BreadcrumbList","@id":"https:\/\/aivlisoft.net\/shop\/producto\/hp-escaner-scanjet-pro-2600-f1\/#breadcrumb","itemListElement":[{"@type":"ListItem","position":1,"name":"Portada","item":"https:\/\/aivlisoft.net\/shop\/"},{"@type":"ListItem","position":2,"name":"Tienda","item":"https:\/\/aivlisoft.net\/shop\/tienda\/"},{"@type":"ListItem","position":3,"name":"HP Escaner ScanJet Pro 2600 F1"}]},{"@type":"WebSite","@id":"https:\/\/aivlisoft.net\/shop\/#website","url":"https:\/\/aivlisoft.net\/shop\/","name":"Aivlisoft Inform\u00e1tica","description":"En Aivlisoft Inform\u00e1tica ofrecemos soluciones tecnol\u00f3gicas para empresas: venta de ordenadores, consumibles, perif\u00e9ricos y m\u00e1s. Calidad, atenci\u00f3n personalizada y los mejores precios para tu negocio.","publisher":{"@id":"https:\/\/aivlisoft.net\/shop\/#organization"},"potentialAction":[{"@type":"SearchAction","target":{"@type":"EntryPoint","urlTemplate":"https:\/\/aivlisoft.net\/shop\/?s={search_term_string}"},"query-input":{"@type":"PropertyValueSpecification","valueRequired":true,"valueName":"search_term_string"}}],"inLanguage":"es"},{"@type":"Organization","@id":"https:\/\/aivlisoft.net\/shop\/#organization","name":"Aivlisoft Inform\u00e1tica","url":"https:\/\/aivlisoft.net\/shop\/","logo":{"@type":"ImageObject","inLanguage":"es","@id":"https:\/\/aivlisoft.net\/shop\/#\/schema\/logo\/image\/","url":"https:\/\/aivlisoft.net\/shop\/wp-content\/uploads\/2024\/12\/removal.ai_5b848c54-0cdf-4140-95c5-c5536bb7573b-logodef.png","contentUrl":"https:\/\/aivlisoft.net\/shop\/wp-content\/uploads\/2024\/12\/removal.ai_5b848c54-0cdf-4140-95c5-c5536bb7573b-logodef.png","width":484,"height":182,"caption":"Aivlisoft Inform\u00e1tica"},"image":{"@id":"https:\/\/aivlisoft.net\/shop\/#\/schema\/logo\/image\/"}}]}},"_links":{"self":[{"href":"https:\/\/aivlisoft.net\/shop\/wp-json\/wp\/v2\/product\/8884","targetHints":{"allow":["GET"]}}],"collection":[{"href":"https:\/\/aivlisoft.net\/shop\/wp-json\/wp\/v2\/product"}],"about":[{"href":"https:\/\/aivlisoft.net\/shop\/wp-json\/wp\/v2\/types\/product"}],"wp:featuredmedia":[{"embeddable":true,"href":"https:\/\/aivlisoft.net\/shop\/wp-json\/wp\/v2\/media\/8885"}],"wp:attachment":[{"href":"https:\/\/aivlisoft.net\/shop\/wp-json\/wp\/v2\/media?parent=8884"}],"wp:term":[{"taxonomy":"product_brand","embeddable":true,"href":"https:\/\/aivlisoft.net\/shop\/wp-json\/wp\/v2\/product_brand?post=8884"},{"taxonomy":"product_cat","embeddable":true,"href":"https:\/\/aivlisoft.net\/shop\/wp-json\/wp\/v2\/product_cat?post=8884"},{"taxonomy":"product_tag","embeddable":true,"href":"https:\/\/aivlisoft.net\/shop\/wp-json\/wp\/v2\/product_tag?post=8884"}],"curies":[{"name":"wp","href":"https:\/\/api.w.org\/{rel}","templated":true}]}}