{"id":8491,"date":"2025-01-13T13:48:10","date_gmt":"2025-01-13T13:48:10","guid":{"rendered":"https:\/\/aivlisoft.com\/?post_type=product&#038;p=8491"},"modified":"2025-01-14T10:40:06","modified_gmt":"2025-01-14T10:40:06","slug":"kingston-datatraveler-dtx-256gb-usb-3-2-gen1-negro","status":"publish","type":"product","link":"https:\/\/aivlisoft.net\/shop\/producto\/kingston-datatraveler-dtx-256gb-usb-3-2-gen1-negro\/","title":{"rendered":"Kingston DataTraveler DTX 256GB USB 3.2 Gen1 Negro"},"content":{"rendered":"<p>DataTraveler&reg;&nbsp; Exodia&nbsp; de&nbsp; Kingston&nbsp; alcanza&nbsp; un&nbsp; rendimiento&nbsp; de&nbsp; grado&nbsp; USB&nbsp; 3.2&nbsp; Gen&nbsp; 1,&nbsp; que&nbsp; facilita&nbsp; el&nbsp; acceso&nbsp; a&nbsp; port&aacute;tiles,&nbsp; equipos&nbsp; de&nbsp; sobremesa,&nbsp; monitores&nbsp; y&nbsp; otros&nbsp; dispositivos&nbsp; digitales.&nbsp; DT&nbsp; Exodia&nbsp; permite&nbsp; r&aacute;pidas&nbsp; transferencias&nbsp; y&nbsp; facilita&nbsp; el&nbsp; almacenamiento&nbsp; de&nbsp; documentos,&nbsp; m&uacute;sica,&nbsp; v&iacute;deo&nbsp; y&nbsp; mucho&nbsp; m&aacute;s.&nbsp; Por&nbsp; su&nbsp; pr&aacute;ctico&nbsp; dise&ntilde;o y modernos colores, son ideales para el uso diario en el trabajo, el hogar, los&nbsp; estudios&nbsp; o&nbsp; dondequiera&nbsp; que&nbsp; lleve&nbsp; sus&nbsp; datos.&nbsp; DT&nbsp; Exodia&nbsp; est&aacute;&nbsp; disponible&nbsp; en&nbsp; capacidades de hasta 256 GB.<\/p>\n<table class=\"tabla_caracteristicas k-table\" width=\"100%\">\n<tr>\n<td><strong>Marca<\/strong><\/td>\n<td>Kingston<\/td>\n<\/tr>\n<tr>\n<td><strong>Modelo<\/strong><\/td>\n<td><strong>DTX\/256GB<\/strong><\/td>\n<\/tr>\n<tr>\n<td><strong>Capacidad<\/strong><\/td>\n<td>&#8211; <strong>256GB<\/strong><\/td>\n<\/tr>\n<tr>\n<td valign=\"top\"><strong>Caracter&iacute;sticas<\/strong><\/td>\n<td>&#8211; Velocidad: USB 3.2 Gen 1<br \/>\t\t\t&#8211; Dimensiones: 67,3 mm x 21,04 mm x 10,14 mm<br \/>\t\t\t&#8211; Peso: 11 g<br \/>\t\t\t&#8211; Compatible con:<br \/>\t\t\t&nbsp; Windows&reg; 10, 8.1, 8<br \/>\t\t\t&nbsp; Mac OS (v.10.10.x +)<br \/>\t\t\t&nbsp; Linux (v. 2.6.x +)<br \/>\t\t\t&nbsp; Chrome OS&trade;<\/td>\n<\/tr>\n<tr>\n<td><strong>Fecha de revisi&oacute;n<\/strong><\/td>\n<td>08-01-2021 por MSB<\/td>\n<\/tr>\n<\/table>\n","protected":false},"excerpt":{"rendered":"<p>DataTraveler&reg;&nbsp; Exodia&nbsp; de&nbsp; Kingston&nbsp; alcanza&nbsp; un&nbsp; rendimiento&nbsp; de&nbsp; grado&nbsp; USB&nbsp; 3.2&nbsp; Gen&nbsp; 1,&nbsp; que&nbsp; facilita&nbsp; el&nbsp; acceso&nbsp; a&nbsp; port&aacute;tiles,&nbsp; equipos&nbsp; de&nbsp; sobremesa,&nbsp; monitores&nbsp; y&nbsp; otros&nbsp; dispositivos&nbsp; digitales.&nbsp; DT&nbsp; Exodia&nbsp; permite&nbsp; r&aacute;pidas&nbsp; transferencias&nbsp; y&nbsp; facilita&nbsp; el&nbsp; almacenamiento&nbsp; de&nbsp; documentos,&nbsp; m&uacute;sica,&nbsp; v&iacute;deo&nbsp; y&nbsp; mucho&nbsp; m&aacute;s.&nbsp; Por&nbsp; su&nbsp; pr&aacute;ctico&nbsp; dise&ntilde;o y modernos colores, son ideales para el uso&hellip;&nbsp;<a href=\"https:\/\/aivlisoft.net\/shop\/producto\/kingston-datatraveler-dtx-256gb-usb-3-2-gen1-negro\/\" rel=\"bookmark\"><span class=\"screen-reader-text\">Kingston DataTraveler DTX 256GB USB 3.2 Gen1 Negro<\/span><\/a><\/p>\n","protected":false},"featured_media":8492,"template":"","meta":{"neve_meta_sidebar":"","neve_meta_container":"","neve_meta_enable_content_width":"","neve_meta_content_width":0,"neve_meta_title_alignment":"","neve_meta_author_avatar":"","neve_post_elements_order":"","neve_meta_disable_header":"","neve_meta_disable_footer":"","neve_meta_disable_title":""},"product_brand":[],"product_cat":[15],"product_tag":[3169],"class_list":{"0":"post-8491","1":"product","2":"type-product","3":"status-publish","4":"has-post-thumbnail","6":"product_cat-sin-categorizar","7":"product_tag-dtx-256gb","9":"first","10":"instock","11":"taxable","12":"shipping-taxable","13":"purchasable","14":"product-type-simple"},"yoast_head":"<!-- This site is optimized with the Yoast SEO plugin v26.0 - https:\/\/yoast.com\/wordpress\/plugins\/seo\/ -->\n<title>Kingston DataTraveler DTX 256GB USB 3.2 Gen1 Negro - Aivlisoft Inform\u00e1tica<\/title>\n<meta name=\"robots\" content=\"index, follow, max-snippet:-1, max-image-preview:large, max-video-preview:-1\" \/>\n<link rel=\"canonical\" href=\"https:\/\/aivlisoft.net\/shop\/producto\/kingston-datatraveler-dtx-256gb-usb-3-2-gen1-negro\/\" \/>\n<meta property=\"og:locale\" content=\"es_ES\" \/>\n<meta property=\"og:type\" content=\"article\" \/>\n<meta property=\"og:title\" content=\"Kingston DataTraveler DTX 256GB USB 3.2 Gen1 Negro - Aivlisoft Inform\u00e1tica\" \/>\n<meta property=\"og:description\" content=\"DataTraveler&reg;&nbsp; Exodia&nbsp; de&nbsp; Kingston&nbsp; alcanza&nbsp; un&nbsp; rendimiento&nbsp; de&nbsp; grado&nbsp; USB&nbsp; 3.2&nbsp; Gen&nbsp; 1,&nbsp; que&nbsp; facilita&nbsp; el&nbsp; acceso&nbsp; a&nbsp; port&aacute;tiles,&nbsp; equipos&nbsp; de&nbsp; sobremesa,&nbsp; monitores&nbsp; y&nbsp; otros&nbsp; dispositivos&nbsp; digitales.&nbsp; DT&nbsp; Exodia&nbsp; permite&nbsp; r&aacute;pidas&nbsp; transferencias&nbsp; y&nbsp; facilita&nbsp; el&nbsp; almacenamiento&nbsp; de&nbsp; documentos,&nbsp; m&uacute;sica,&nbsp; v&iacute;deo&nbsp; y&nbsp; mucho&nbsp; m&aacute;s.&nbsp; Por&nbsp; su&nbsp; pr&aacute;ctico&nbsp; dise&ntilde;o y modernos colores, son ideales para el uso&hellip;&nbsp;Kingston DataTraveler DTX 256GB USB 3.2 Gen1 Negro\" \/>\n<meta property=\"og:url\" content=\"https:\/\/aivlisoft.net\/shop\/producto\/kingston-datatraveler-dtx-256gb-usb-3-2-gen1-negro\/\" \/>\n<meta property=\"og:site_name\" content=\"Aivlisoft Inform\u00e1tica\" \/>\n<meta property=\"article:modified_time\" content=\"2025-01-14T10:40:06+00:00\" \/>\n<meta property=\"og:image\" content=\"https:\/\/aivlisoft.net\/shop\/wp-content\/uploads\/2025\/01\/FAELAP0565_800.jpg\" \/>\n\t<meta property=\"og:image:width\" content=\"800\" \/>\n\t<meta property=\"og:image:height\" content=\"800\" \/>\n\t<meta property=\"og:image:type\" content=\"image\/jpeg\" \/>\n<meta name=\"twitter:card\" content=\"summary_large_image\" \/>\n<meta name=\"twitter:label1\" content=\"Tiempo de lectura\" \/>\n\t<meta name=\"twitter:data1\" content=\"1 minuto\" \/>\n<script type=\"application\/ld+json\" class=\"yoast-schema-graph\">{\"@context\":\"https:\/\/schema.org\",\"@graph\":[{\"@type\":\"WebPage\",\"@id\":\"https:\/\/aivlisoft.net\/shop\/producto\/kingston-datatraveler-dtx-256gb-usb-3-2-gen1-negro\/\",\"url\":\"https:\/\/aivlisoft.net\/shop\/producto\/kingston-datatraveler-dtx-256gb-usb-3-2-gen1-negro\/\",\"name\":\"Kingston DataTraveler DTX 256GB USB 3.2 Gen1 Negro - Aivlisoft Inform\u00e1tica\",\"isPartOf\":{\"@id\":\"https:\/\/aivlisoft.net\/shop\/#website\"},\"primaryImageOfPage\":{\"@id\":\"https:\/\/aivlisoft.net\/shop\/producto\/kingston-datatraveler-dtx-256gb-usb-3-2-gen1-negro\/#primaryimage\"},\"image\":{\"@id\":\"https:\/\/aivlisoft.net\/shop\/producto\/kingston-datatraveler-dtx-256gb-usb-3-2-gen1-negro\/#primaryimage\"},\"thumbnailUrl\":\"https:\/\/aivlisoft.net\/shop\/wp-content\/uploads\/2025\/01\/FAELAP0565_800.jpg\",\"datePublished\":\"2025-01-13T13:48:10+00:00\",\"dateModified\":\"2025-01-14T10:40:06+00:00\",\"breadcrumb\":{\"@id\":\"https:\/\/aivlisoft.net\/shop\/producto\/kingston-datatraveler-dtx-256gb-usb-3-2-gen1-negro\/#breadcrumb\"},\"inLanguage\":\"es\",\"potentialAction\":[{\"@type\":\"ReadAction\",\"target\":[\"https:\/\/aivlisoft.net\/shop\/producto\/kingston-datatraveler-dtx-256gb-usb-3-2-gen1-negro\/\"]}]},{\"@type\":\"ImageObject\",\"inLanguage\":\"es\",\"@id\":\"https:\/\/aivlisoft.net\/shop\/producto\/kingston-datatraveler-dtx-256gb-usb-3-2-gen1-negro\/#primaryimage\",\"url\":\"https:\/\/aivlisoft.net\/shop\/wp-content\/uploads\/2025\/01\/FAELAP0565_800.jpg\",\"contentUrl\":\"https:\/\/aivlisoft.net\/shop\/wp-content\/uploads\/2025\/01\/FAELAP0565_800.jpg\",\"width\":800,\"height\":800},{\"@type\":\"BreadcrumbList\",\"@id\":\"https:\/\/aivlisoft.net\/shop\/producto\/kingston-datatraveler-dtx-256gb-usb-3-2-gen1-negro\/#breadcrumb\",\"itemListElement\":[{\"@type\":\"ListItem\",\"position\":1,\"name\":\"Portada\",\"item\":\"https:\/\/aivlisoft.net\/shop\/\"},{\"@type\":\"ListItem\",\"position\":2,\"name\":\"Tienda\",\"item\":\"https:\/\/aivlisoft.net\/shop\/tienda\/\"},{\"@type\":\"ListItem\",\"position\":3,\"name\":\"Kingston DataTraveler DTX 256GB USB 3.2 Gen1 Negro\"}]},{\"@type\":\"WebSite\",\"@id\":\"https:\/\/aivlisoft.net\/shop\/#website\",\"url\":\"https:\/\/aivlisoft.net\/shop\/\",\"name\":\"Aivlisoft Inform\u00e1tica\",\"description\":\"En Aivlisoft Inform\u00e1tica ofrecemos soluciones tecnol\u00f3gicas para empresas: venta de ordenadores, consumibles, perif\u00e9ricos y m\u00e1s. Calidad, atenci\u00f3n personalizada y los mejores precios para tu negocio.\",\"publisher\":{\"@id\":\"https:\/\/aivlisoft.net\/shop\/#organization\"},\"potentialAction\":[{\"@type\":\"SearchAction\",\"target\":{\"@type\":\"EntryPoint\",\"urlTemplate\":\"https:\/\/aivlisoft.net\/shop\/?s={search_term_string}\"},\"query-input\":{\"@type\":\"PropertyValueSpecification\",\"valueRequired\":true,\"valueName\":\"search_term_string\"}}],\"inLanguage\":\"es\"},{\"@type\":\"Organization\",\"@id\":\"https:\/\/aivlisoft.net\/shop\/#organization\",\"name\":\"Aivlisoft Inform\u00e1tica\",\"url\":\"https:\/\/aivlisoft.net\/shop\/\",\"logo\":{\"@type\":\"ImageObject\",\"inLanguage\":\"es\",\"@id\":\"https:\/\/aivlisoft.net\/shop\/#\/schema\/logo\/image\/\",\"url\":\"https:\/\/aivlisoft.net\/shop\/wp-content\/uploads\/2024\/12\/removal.ai_5b848c54-0cdf-4140-95c5-c5536bb7573b-logodef.png\",\"contentUrl\":\"https:\/\/aivlisoft.net\/shop\/wp-content\/uploads\/2024\/12\/removal.ai_5b848c54-0cdf-4140-95c5-c5536bb7573b-logodef.png\",\"width\":484,\"height\":182,\"caption\":\"Aivlisoft Inform\u00e1tica\"},\"image\":{\"@id\":\"https:\/\/aivlisoft.net\/shop\/#\/schema\/logo\/image\/\"}}]}<\/script>\n<!-- \/ Yoast SEO plugin. -->","yoast_head_json":{"title":"Kingston DataTraveler DTX 256GB USB 3.2 Gen1 Negro - Aivlisoft Inform\u00e1tica","robots":{"index":"index","follow":"follow","max-snippet":"max-snippet:-1","max-image-preview":"max-image-preview:large","max-video-preview":"max-video-preview:-1"},"canonical":"https:\/\/aivlisoft.net\/shop\/producto\/kingston-datatraveler-dtx-256gb-usb-3-2-gen1-negro\/","og_locale":"es_ES","og_type":"article","og_title":"Kingston DataTraveler DTX 256GB USB 3.2 Gen1 Negro - Aivlisoft Inform\u00e1tica","og_description":"DataTraveler&reg;&nbsp; Exodia&nbsp; de&nbsp; Kingston&nbsp; alcanza&nbsp; un&nbsp; rendimiento&nbsp; de&nbsp; grado&nbsp; USB&nbsp; 3.2&nbsp; Gen&nbsp; 1,&nbsp; que&nbsp; facilita&nbsp; el&nbsp; acceso&nbsp; a&nbsp; port&aacute;tiles,&nbsp; equipos&nbsp; de&nbsp; sobremesa,&nbsp; monitores&nbsp; y&nbsp; otros&nbsp; dispositivos&nbsp; digitales.&nbsp; DT&nbsp; Exodia&nbsp; permite&nbsp; r&aacute;pidas&nbsp; transferencias&nbsp; y&nbsp; facilita&nbsp; el&nbsp; almacenamiento&nbsp; de&nbsp; documentos,&nbsp; m&uacute;sica,&nbsp; v&iacute;deo&nbsp; y&nbsp; mucho&nbsp; m&aacute;s.&nbsp; Por&nbsp; su&nbsp; pr&aacute;ctico&nbsp; dise&ntilde;o y modernos colores, son ideales para el uso&hellip;&nbsp;Kingston DataTraveler DTX 256GB USB 3.2 Gen1 Negro","og_url":"https:\/\/aivlisoft.net\/shop\/producto\/kingston-datatraveler-dtx-256gb-usb-3-2-gen1-negro\/","og_site_name":"Aivlisoft Inform\u00e1tica","article_modified_time":"2025-01-14T10:40:06+00:00","og_image":[{"width":800,"height":800,"url":"https:\/\/aivlisoft.net\/shop\/wp-content\/uploads\/2025\/01\/FAELAP0565_800.jpg","type":"image\/jpeg"}],"twitter_card":"summary_large_image","twitter_misc":{"Tiempo de lectura":"1 minuto"},"schema":{"@context":"https:\/\/schema.org","@graph":[{"@type":"WebPage","@id":"https:\/\/aivlisoft.net\/shop\/producto\/kingston-datatraveler-dtx-256gb-usb-3-2-gen1-negro\/","url":"https:\/\/aivlisoft.net\/shop\/producto\/kingston-datatraveler-dtx-256gb-usb-3-2-gen1-negro\/","name":"Kingston DataTraveler DTX 256GB USB 3.2 Gen1 Negro - Aivlisoft Inform\u00e1tica","isPartOf":{"@id":"https:\/\/aivlisoft.net\/shop\/#website"},"primaryImageOfPage":{"@id":"https:\/\/aivlisoft.net\/shop\/producto\/kingston-datatraveler-dtx-256gb-usb-3-2-gen1-negro\/#primaryimage"},"image":{"@id":"https:\/\/aivlisoft.net\/shop\/producto\/kingston-datatraveler-dtx-256gb-usb-3-2-gen1-negro\/#primaryimage"},"thumbnailUrl":"https:\/\/aivlisoft.net\/shop\/wp-content\/uploads\/2025\/01\/FAELAP0565_800.jpg","datePublished":"2025-01-13T13:48:10+00:00","dateModified":"2025-01-14T10:40:06+00:00","breadcrumb":{"@id":"https:\/\/aivlisoft.net\/shop\/producto\/kingston-datatraveler-dtx-256gb-usb-3-2-gen1-negro\/#breadcrumb"},"inLanguage":"es","potentialAction":[{"@type":"ReadAction","target":["https:\/\/aivlisoft.net\/shop\/producto\/kingston-datatraveler-dtx-256gb-usb-3-2-gen1-negro\/"]}]},{"@type":"ImageObject","inLanguage":"es","@id":"https:\/\/aivlisoft.net\/shop\/producto\/kingston-datatraveler-dtx-256gb-usb-3-2-gen1-negro\/#primaryimage","url":"https:\/\/aivlisoft.net\/shop\/wp-content\/uploads\/2025\/01\/FAELAP0565_800.jpg","contentUrl":"https:\/\/aivlisoft.net\/shop\/wp-content\/uploads\/2025\/01\/FAELAP0565_800.jpg","width":800,"height":800},{"@type":"BreadcrumbList","@id":"https:\/\/aivlisoft.net\/shop\/producto\/kingston-datatraveler-dtx-256gb-usb-3-2-gen1-negro\/#breadcrumb","itemListElement":[{"@type":"ListItem","position":1,"name":"Portada","item":"https:\/\/aivlisoft.net\/shop\/"},{"@type":"ListItem","position":2,"name":"Tienda","item":"https:\/\/aivlisoft.net\/shop\/tienda\/"},{"@type":"ListItem","position":3,"name":"Kingston DataTraveler DTX 256GB USB 3.2 Gen1 Negro"}]},{"@type":"WebSite","@id":"https:\/\/aivlisoft.net\/shop\/#website","url":"https:\/\/aivlisoft.net\/shop\/","name":"Aivlisoft Inform\u00e1tica","description":"En Aivlisoft Inform\u00e1tica ofrecemos soluciones tecnol\u00f3gicas para empresas: venta de ordenadores, consumibles, perif\u00e9ricos y m\u00e1s. Calidad, atenci\u00f3n personalizada y los mejores precios para tu negocio.","publisher":{"@id":"https:\/\/aivlisoft.net\/shop\/#organization"},"potentialAction":[{"@type":"SearchAction","target":{"@type":"EntryPoint","urlTemplate":"https:\/\/aivlisoft.net\/shop\/?s={search_term_string}"},"query-input":{"@type":"PropertyValueSpecification","valueRequired":true,"valueName":"search_term_string"}}],"inLanguage":"es"},{"@type":"Organization","@id":"https:\/\/aivlisoft.net\/shop\/#organization","name":"Aivlisoft Inform\u00e1tica","url":"https:\/\/aivlisoft.net\/shop\/","logo":{"@type":"ImageObject","inLanguage":"es","@id":"https:\/\/aivlisoft.net\/shop\/#\/schema\/logo\/image\/","url":"https:\/\/aivlisoft.net\/shop\/wp-content\/uploads\/2024\/12\/removal.ai_5b848c54-0cdf-4140-95c5-c5536bb7573b-logodef.png","contentUrl":"https:\/\/aivlisoft.net\/shop\/wp-content\/uploads\/2024\/12\/removal.ai_5b848c54-0cdf-4140-95c5-c5536bb7573b-logodef.png","width":484,"height":182,"caption":"Aivlisoft Inform\u00e1tica"},"image":{"@id":"https:\/\/aivlisoft.net\/shop\/#\/schema\/logo\/image\/"}}]}},"_links":{"self":[{"href":"https:\/\/aivlisoft.net\/shop\/wp-json\/wp\/v2\/product\/8491","targetHints":{"allow":["GET"]}}],"collection":[{"href":"https:\/\/aivlisoft.net\/shop\/wp-json\/wp\/v2\/product"}],"about":[{"href":"https:\/\/aivlisoft.net\/shop\/wp-json\/wp\/v2\/types\/product"}],"wp:featuredmedia":[{"embeddable":true,"href":"https:\/\/aivlisoft.net\/shop\/wp-json\/wp\/v2\/media\/8492"}],"wp:attachment":[{"href":"https:\/\/aivlisoft.net\/shop\/wp-json\/wp\/v2\/media?parent=8491"}],"wp:term":[{"taxonomy":"product_brand","embeddable":true,"href":"https:\/\/aivlisoft.net\/shop\/wp-json\/wp\/v2\/product_brand?post=8491"},{"taxonomy":"product_cat","embeddable":true,"href":"https:\/\/aivlisoft.net\/shop\/wp-json\/wp\/v2\/product_cat?post=8491"},{"taxonomy":"product_tag","embeddable":true,"href":"https:\/\/aivlisoft.net\/shop\/wp-json\/wp\/v2\/product_tag?post=8491"}],"curies":[{"name":"wp","href":"https:\/\/api.w.org\/{rel}","templated":true}]}}