{"id":8475,"date":"2025-01-13T13:48:04","date_gmt":"2025-01-13T13:48:04","guid":{"rendered":"https:\/\/aivlisoft.com\/?post_type=product&#038;p=8475"},"modified":"2025-01-14T10:40:02","modified_gmt":"2025-01-14T10:40:02","slug":"kingston-datatraveler-dtkn-128gb-usb-3-2-gen1-plat","status":"publish","type":"product","link":"https:\/\/aivlisoft.net\/shop\/producto\/kingston-datatraveler-dtkn-128gb-usb-3-2-gen1-plat\/","title":{"rendered":"Kingston DataTraveler DTKN 128GB USB 3.2 Gen1 Plat"},"content":{"rendered":"<p>DataTraveler&reg; Kyson de Kingston es una unidad USB Flash Tipo A con velocidades de transferencia extremadamente r&aacute;pidas (de hasta 200 MB\/s en lectura y 60 MB\/s en escritura, lo cual permite transferencias de archivos r&aacute;pidas y c&oacute;modas. Con hasta 256 GB de capacidad de almacenamiento, podr&aacute; guardar y compartir sobre la marcha fotos, v&iacute;deos, m&uacute;sica y otros contenidos. El dise&ntilde;o met&aacute;lico sin capuch&oacute;n le quita la preocupaci&oacute;n de perder el capuch&oacute;n, y la funcional presilla facilita llevarlo consigo dondequiera que vaya.<\/p>\n<table class=\"tabla_caracteristicas k-table\" width=\"100%\">\n<tr>\n<td><strong>Marca<\/strong><\/td>\n<td>Kingston<\/td>\n<\/tr>\n<tr>\n<td><strong>Modelo<\/strong><\/td>\n<td><strong>DTKN\/128GB<\/strong><\/td>\n<\/tr>\n<tr>\n<td><strong>Capacidad<\/strong><\/td>\n<td>&#8211; <strong>128GB<\/strong><\/td>\n<\/tr>\n<tr>\n<td valign=\"top\"><strong>Caracter&iacute;sticas<\/strong><\/td>\n<td>&#8211; Velocidad: USB 3.2 Gen 1<br \/>\t\t\t&nbsp; 200 MB\/s en lectura<br \/>\t\t\t&nbsp; 60 MB\/s en escritura<br \/>\t\t\t&#8211; Dimensiones: 39 mm x 12,6 mm x 4,9 mm<br \/>\t\t\t&#8211; Peso: 4 g<br \/>\t\t\t&#8211; Compatible con:<br \/>\t\t\t&nbsp; Windows&reg; 10, 8.1, 8<br \/>\t\t\t&nbsp; Mac OS (v.10.10.x +)<br \/>\t\t\t&nbsp; Linux (v. 2.6.x +)<br \/>\t\t\t&nbsp; Chrome OS&trade;<\/td>\n<\/tr>\n<tr>\n<td><strong>Fecha de revisi&oacute;n<\/strong><\/td>\n<td>04-01-2021 por MSB<\/td>\n<\/tr>\n<\/table>\n","protected":false},"excerpt":{"rendered":"<p>DataTraveler&reg; Kyson de Kingston es una unidad USB Flash Tipo A con velocidades de transferencia extremadamente r&aacute;pidas (de hasta 200 MB\/s en lectura y 60 MB\/s en escritura, lo cual permite transferencias de archivos r&aacute;pidas y c&oacute;modas. Con hasta 256 GB de capacidad de almacenamiento, podr&aacute; guardar y compartir sobre la marcha fotos, v&iacute;deos, m&uacute;sica&hellip;&nbsp;<a href=\"https:\/\/aivlisoft.net\/shop\/producto\/kingston-datatraveler-dtkn-128gb-usb-3-2-gen1-plat\/\" rel=\"bookmark\"><span class=\"screen-reader-text\">Kingston DataTraveler DTKN 128GB USB 3.2 Gen1 Plat<\/span><\/a><\/p>\n","protected":false},"featured_media":8476,"template":"","meta":{"neve_meta_sidebar":"","neve_meta_container":"","neve_meta_enable_content_width":"","neve_meta_content_width":0,"neve_meta_title_alignment":"","neve_meta_author_avatar":"","neve_post_elements_order":"","neve_meta_disable_header":"","neve_meta_disable_footer":"","neve_meta_disable_title":""},"product_brand":[],"product_cat":[15],"product_tag":[3165],"class_list":{"0":"post-8475","1":"product","2":"type-product","3":"status-publish","4":"has-post-thumbnail","6":"product_cat-sin-categorizar","7":"product_tag-dtkn-128gb","9":"first","10":"instock","11":"taxable","12":"shipping-taxable","13":"purchasable","14":"product-type-simple"},"yoast_head":"<!-- This site is optimized with the Yoast SEO plugin v26.0 - https:\/\/yoast.com\/wordpress\/plugins\/seo\/ -->\n<title>Kingston DataTraveler DTKN 128GB USB 3.2 Gen1 Plat - Aivlisoft Inform\u00e1tica<\/title>\n<meta name=\"robots\" content=\"index, follow, max-snippet:-1, max-image-preview:large, max-video-preview:-1\" \/>\n<link rel=\"canonical\" href=\"https:\/\/aivlisoft.net\/shop\/producto\/kingston-datatraveler-dtkn-128gb-usb-3-2-gen1-plat\/\" \/>\n<meta property=\"og:locale\" content=\"es_ES\" \/>\n<meta property=\"og:type\" content=\"article\" \/>\n<meta property=\"og:title\" content=\"Kingston DataTraveler DTKN 128GB USB 3.2 Gen1 Plat - Aivlisoft Inform\u00e1tica\" \/>\n<meta property=\"og:description\" content=\"DataTraveler&reg; Kyson de Kingston es una unidad USB Flash Tipo A con velocidades de transferencia extremadamente r&aacute;pidas (de hasta 200 MB\/s en lectura y 60 MB\/s en escritura, lo cual permite transferencias de archivos r&aacute;pidas y c&oacute;modas. Con hasta 256 GB de capacidad de almacenamiento, podr&aacute; guardar y compartir sobre la marcha fotos, v&iacute;deos, m&uacute;sica&hellip;&nbsp;Kingston DataTraveler DTKN 128GB USB 3.2 Gen1 Plat\" \/>\n<meta property=\"og:url\" content=\"https:\/\/aivlisoft.net\/shop\/producto\/kingston-datatraveler-dtkn-128gb-usb-3-2-gen1-plat\/\" \/>\n<meta property=\"og:site_name\" content=\"Aivlisoft Inform\u00e1tica\" \/>\n<meta property=\"article:modified_time\" content=\"2025-01-14T10:40:02+00:00\" \/>\n<meta property=\"og:image\" content=\"https:\/\/aivlisoft.net\/shop\/wp-content\/uploads\/2025\/01\/FAELAP0560_800.jpg\" \/>\n\t<meta property=\"og:image:width\" content=\"800\" \/>\n\t<meta property=\"og:image:height\" content=\"800\" \/>\n\t<meta property=\"og:image:type\" content=\"image\/jpeg\" \/>\n<meta name=\"twitter:card\" content=\"summary_large_image\" \/>\n<meta name=\"twitter:label1\" content=\"Tiempo de lectura\" \/>\n\t<meta name=\"twitter:data1\" content=\"1 minuto\" \/>\n<script type=\"application\/ld+json\" class=\"yoast-schema-graph\">{\"@context\":\"https:\/\/schema.org\",\"@graph\":[{\"@type\":\"WebPage\",\"@id\":\"https:\/\/aivlisoft.net\/shop\/producto\/kingston-datatraveler-dtkn-128gb-usb-3-2-gen1-plat\/\",\"url\":\"https:\/\/aivlisoft.net\/shop\/producto\/kingston-datatraveler-dtkn-128gb-usb-3-2-gen1-plat\/\",\"name\":\"Kingston DataTraveler DTKN 128GB USB 3.2 Gen1 Plat - Aivlisoft Inform\u00e1tica\",\"isPartOf\":{\"@id\":\"https:\/\/aivlisoft.net\/shop\/#website\"},\"primaryImageOfPage\":{\"@id\":\"https:\/\/aivlisoft.net\/shop\/producto\/kingston-datatraveler-dtkn-128gb-usb-3-2-gen1-plat\/#primaryimage\"},\"image\":{\"@id\":\"https:\/\/aivlisoft.net\/shop\/producto\/kingston-datatraveler-dtkn-128gb-usb-3-2-gen1-plat\/#primaryimage\"},\"thumbnailUrl\":\"https:\/\/aivlisoft.net\/shop\/wp-content\/uploads\/2025\/01\/FAELAP0560_800.jpg\",\"datePublished\":\"2025-01-13T13:48:04+00:00\",\"dateModified\":\"2025-01-14T10:40:02+00:00\",\"breadcrumb\":{\"@id\":\"https:\/\/aivlisoft.net\/shop\/producto\/kingston-datatraveler-dtkn-128gb-usb-3-2-gen1-plat\/#breadcrumb\"},\"inLanguage\":\"es\",\"potentialAction\":[{\"@type\":\"ReadAction\",\"target\":[\"https:\/\/aivlisoft.net\/shop\/producto\/kingston-datatraveler-dtkn-128gb-usb-3-2-gen1-plat\/\"]}]},{\"@type\":\"ImageObject\",\"inLanguage\":\"es\",\"@id\":\"https:\/\/aivlisoft.net\/shop\/producto\/kingston-datatraveler-dtkn-128gb-usb-3-2-gen1-plat\/#primaryimage\",\"url\":\"https:\/\/aivlisoft.net\/shop\/wp-content\/uploads\/2025\/01\/FAELAP0560_800.jpg\",\"contentUrl\":\"https:\/\/aivlisoft.net\/shop\/wp-content\/uploads\/2025\/01\/FAELAP0560_800.jpg\",\"width\":800,\"height\":800},{\"@type\":\"BreadcrumbList\",\"@id\":\"https:\/\/aivlisoft.net\/shop\/producto\/kingston-datatraveler-dtkn-128gb-usb-3-2-gen1-plat\/#breadcrumb\",\"itemListElement\":[{\"@type\":\"ListItem\",\"position\":1,\"name\":\"Portada\",\"item\":\"https:\/\/aivlisoft.net\/shop\/\"},{\"@type\":\"ListItem\",\"position\":2,\"name\":\"Tienda\",\"item\":\"https:\/\/aivlisoft.net\/shop\/tienda\/\"},{\"@type\":\"ListItem\",\"position\":3,\"name\":\"Kingston DataTraveler DTKN 128GB USB 3.2 Gen1 Plat\"}]},{\"@type\":\"WebSite\",\"@id\":\"https:\/\/aivlisoft.net\/shop\/#website\",\"url\":\"https:\/\/aivlisoft.net\/shop\/\",\"name\":\"Aivlisoft Inform\u00e1tica\",\"description\":\"En Aivlisoft Inform\u00e1tica ofrecemos soluciones tecnol\u00f3gicas para empresas: venta de ordenadores, consumibles, perif\u00e9ricos y m\u00e1s. Calidad, atenci\u00f3n personalizada y los mejores precios para tu negocio.\",\"publisher\":{\"@id\":\"https:\/\/aivlisoft.net\/shop\/#organization\"},\"potentialAction\":[{\"@type\":\"SearchAction\",\"target\":{\"@type\":\"EntryPoint\",\"urlTemplate\":\"https:\/\/aivlisoft.net\/shop\/?s={search_term_string}\"},\"query-input\":{\"@type\":\"PropertyValueSpecification\",\"valueRequired\":true,\"valueName\":\"search_term_string\"}}],\"inLanguage\":\"es\"},{\"@type\":\"Organization\",\"@id\":\"https:\/\/aivlisoft.net\/shop\/#organization\",\"name\":\"Aivlisoft Inform\u00e1tica\",\"url\":\"https:\/\/aivlisoft.net\/shop\/\",\"logo\":{\"@type\":\"ImageObject\",\"inLanguage\":\"es\",\"@id\":\"https:\/\/aivlisoft.net\/shop\/#\/schema\/logo\/image\/\",\"url\":\"https:\/\/aivlisoft.net\/shop\/wp-content\/uploads\/2024\/12\/removal.ai_5b848c54-0cdf-4140-95c5-c5536bb7573b-logodef.png\",\"contentUrl\":\"https:\/\/aivlisoft.net\/shop\/wp-content\/uploads\/2024\/12\/removal.ai_5b848c54-0cdf-4140-95c5-c5536bb7573b-logodef.png\",\"width\":484,\"height\":182,\"caption\":\"Aivlisoft Inform\u00e1tica\"},\"image\":{\"@id\":\"https:\/\/aivlisoft.net\/shop\/#\/schema\/logo\/image\/\"}}]}<\/script>\n<!-- \/ Yoast SEO plugin. -->","yoast_head_json":{"title":"Kingston DataTraveler DTKN 128GB USB 3.2 Gen1 Plat - Aivlisoft Inform\u00e1tica","robots":{"index":"index","follow":"follow","max-snippet":"max-snippet:-1","max-image-preview":"max-image-preview:large","max-video-preview":"max-video-preview:-1"},"canonical":"https:\/\/aivlisoft.net\/shop\/producto\/kingston-datatraveler-dtkn-128gb-usb-3-2-gen1-plat\/","og_locale":"es_ES","og_type":"article","og_title":"Kingston DataTraveler DTKN 128GB USB 3.2 Gen1 Plat - Aivlisoft Inform\u00e1tica","og_description":"DataTraveler&reg; Kyson de Kingston es una unidad USB Flash Tipo A con velocidades de transferencia extremadamente r&aacute;pidas (de hasta 200 MB\/s en lectura y 60 MB\/s en escritura, lo cual permite transferencias de archivos r&aacute;pidas y c&oacute;modas. Con hasta 256 GB de capacidad de almacenamiento, podr&aacute; guardar y compartir sobre la marcha fotos, v&iacute;deos, m&uacute;sica&hellip;&nbsp;Kingston DataTraveler DTKN 128GB USB 3.2 Gen1 Plat","og_url":"https:\/\/aivlisoft.net\/shop\/producto\/kingston-datatraveler-dtkn-128gb-usb-3-2-gen1-plat\/","og_site_name":"Aivlisoft Inform\u00e1tica","article_modified_time":"2025-01-14T10:40:02+00:00","og_image":[{"width":800,"height":800,"url":"https:\/\/aivlisoft.net\/shop\/wp-content\/uploads\/2025\/01\/FAELAP0560_800.jpg","type":"image\/jpeg"}],"twitter_card":"summary_large_image","twitter_misc":{"Tiempo de lectura":"1 minuto"},"schema":{"@context":"https:\/\/schema.org","@graph":[{"@type":"WebPage","@id":"https:\/\/aivlisoft.net\/shop\/producto\/kingston-datatraveler-dtkn-128gb-usb-3-2-gen1-plat\/","url":"https:\/\/aivlisoft.net\/shop\/producto\/kingston-datatraveler-dtkn-128gb-usb-3-2-gen1-plat\/","name":"Kingston DataTraveler DTKN 128GB USB 3.2 Gen1 Plat - Aivlisoft Inform\u00e1tica","isPartOf":{"@id":"https:\/\/aivlisoft.net\/shop\/#website"},"primaryImageOfPage":{"@id":"https:\/\/aivlisoft.net\/shop\/producto\/kingston-datatraveler-dtkn-128gb-usb-3-2-gen1-plat\/#primaryimage"},"image":{"@id":"https:\/\/aivlisoft.net\/shop\/producto\/kingston-datatraveler-dtkn-128gb-usb-3-2-gen1-plat\/#primaryimage"},"thumbnailUrl":"https:\/\/aivlisoft.net\/shop\/wp-content\/uploads\/2025\/01\/FAELAP0560_800.jpg","datePublished":"2025-01-13T13:48:04+00:00","dateModified":"2025-01-14T10:40:02+00:00","breadcrumb":{"@id":"https:\/\/aivlisoft.net\/shop\/producto\/kingston-datatraveler-dtkn-128gb-usb-3-2-gen1-plat\/#breadcrumb"},"inLanguage":"es","potentialAction":[{"@type":"ReadAction","target":["https:\/\/aivlisoft.net\/shop\/producto\/kingston-datatraveler-dtkn-128gb-usb-3-2-gen1-plat\/"]}]},{"@type":"ImageObject","inLanguage":"es","@id":"https:\/\/aivlisoft.net\/shop\/producto\/kingston-datatraveler-dtkn-128gb-usb-3-2-gen1-plat\/#primaryimage","url":"https:\/\/aivlisoft.net\/shop\/wp-content\/uploads\/2025\/01\/FAELAP0560_800.jpg","contentUrl":"https:\/\/aivlisoft.net\/shop\/wp-content\/uploads\/2025\/01\/FAELAP0560_800.jpg","width":800,"height":800},{"@type":"BreadcrumbList","@id":"https:\/\/aivlisoft.net\/shop\/producto\/kingston-datatraveler-dtkn-128gb-usb-3-2-gen1-plat\/#breadcrumb","itemListElement":[{"@type":"ListItem","position":1,"name":"Portada","item":"https:\/\/aivlisoft.net\/shop\/"},{"@type":"ListItem","position":2,"name":"Tienda","item":"https:\/\/aivlisoft.net\/shop\/tienda\/"},{"@type":"ListItem","position":3,"name":"Kingston DataTraveler DTKN 128GB USB 3.2 Gen1 Plat"}]},{"@type":"WebSite","@id":"https:\/\/aivlisoft.net\/shop\/#website","url":"https:\/\/aivlisoft.net\/shop\/","name":"Aivlisoft Inform\u00e1tica","description":"En Aivlisoft Inform\u00e1tica ofrecemos soluciones tecnol\u00f3gicas para empresas: venta de ordenadores, consumibles, perif\u00e9ricos y m\u00e1s. Calidad, atenci\u00f3n personalizada y los mejores precios para tu negocio.","publisher":{"@id":"https:\/\/aivlisoft.net\/shop\/#organization"},"potentialAction":[{"@type":"SearchAction","target":{"@type":"EntryPoint","urlTemplate":"https:\/\/aivlisoft.net\/shop\/?s={search_term_string}"},"query-input":{"@type":"PropertyValueSpecification","valueRequired":true,"valueName":"search_term_string"}}],"inLanguage":"es"},{"@type":"Organization","@id":"https:\/\/aivlisoft.net\/shop\/#organization","name":"Aivlisoft Inform\u00e1tica","url":"https:\/\/aivlisoft.net\/shop\/","logo":{"@type":"ImageObject","inLanguage":"es","@id":"https:\/\/aivlisoft.net\/shop\/#\/schema\/logo\/image\/","url":"https:\/\/aivlisoft.net\/shop\/wp-content\/uploads\/2024\/12\/removal.ai_5b848c54-0cdf-4140-95c5-c5536bb7573b-logodef.png","contentUrl":"https:\/\/aivlisoft.net\/shop\/wp-content\/uploads\/2024\/12\/removal.ai_5b848c54-0cdf-4140-95c5-c5536bb7573b-logodef.png","width":484,"height":182,"caption":"Aivlisoft Inform\u00e1tica"},"image":{"@id":"https:\/\/aivlisoft.net\/shop\/#\/schema\/logo\/image\/"}}]}},"_links":{"self":[{"href":"https:\/\/aivlisoft.net\/shop\/wp-json\/wp\/v2\/product\/8475","targetHints":{"allow":["GET"]}}],"collection":[{"href":"https:\/\/aivlisoft.net\/shop\/wp-json\/wp\/v2\/product"}],"about":[{"href":"https:\/\/aivlisoft.net\/shop\/wp-json\/wp\/v2\/types\/product"}],"wp:featuredmedia":[{"embeddable":true,"href":"https:\/\/aivlisoft.net\/shop\/wp-json\/wp\/v2\/media\/8476"}],"wp:attachment":[{"href":"https:\/\/aivlisoft.net\/shop\/wp-json\/wp\/v2\/media?parent=8475"}],"wp:term":[{"taxonomy":"product_brand","embeddable":true,"href":"https:\/\/aivlisoft.net\/shop\/wp-json\/wp\/v2\/product_brand?post=8475"},{"taxonomy":"product_cat","embeddable":true,"href":"https:\/\/aivlisoft.net\/shop\/wp-json\/wp\/v2\/product_cat?post=8475"},{"taxonomy":"product_tag","embeddable":true,"href":"https:\/\/aivlisoft.net\/shop\/wp-json\/wp\/v2\/product_tag?post=8475"}],"curies":[{"name":"wp","href":"https:\/\/api.w.org\/{rel}","templated":true}]}}