{"id":7980,"date":"2025-01-13T13:43:59","date_gmt":"2025-01-13T13:43:59","guid":{"rendered":"https:\/\/aivlisoft.com\/?post_type=product&#038;p=7980"},"modified":"2025-01-14T10:37:03","modified_gmt":"2025-01-14T10:37:03","slug":"spc-bascula-inteligente-atenea-fit-3","status":"publish","type":"product","link":"https:\/\/aivlisoft.net\/shop\/producto\/spc-bascula-inteligente-atenea-fit-3\/","title":{"rendered":"SPC Bascula inteligente Atenea Fit 3"},"content":{"rendered":"<p><strong>Atenea Fit Pro<\/strong><br \/>Es una b&aacute;scula de bioimpedancia que muestra con precisi&oacute;n el porcentaje y los kilos de grasa corporal respecto al peso y la masa muscular, adem&aacute;s de su distribuci&oacute;n entre torso, piernas y brazos haciendo distinci&oacute;n entre extremidades derechas e izquierdas.<br \/>Tambi&eacute;n incluye masa &oacute;sea, IMC, tasa de prote&iacute;na, metabolismo basal, grasa subcut&aacute;nea, peso corporal magro y porcentaje de agua.<br \/>Y por supuesto, un gran indicador de salud: el nivel de grasa visceral. A menudo se habla de grasa corporal, abdominal y visceral sin hacer diferenciaci&oacute;n entre ellas, pero distinguir esta &uacute;ltima es vital para evitar problemas cardiovasculares, diabetes tipo 2 e hipertensi&oacute;n.<br \/>Un total de 28 m&eacute;tricas corporales para que tengas informaci&oacute;n completa, segmentada y veraz que te facilite la puesta en marcha de un plan efectivo con el que alcanzar tu mejor versi&oacute;n.<\/p>\n<p>Una b&aacute;scula con solo 4 electrodos mide solo la composici&oacute;n corporal de las piernas y aplica algoritmos para estimar los datos del resto del cuerpo<br \/>Pero, en el caso de Atenea Fit Pro, adem&aacute;s de los 4 electrodos situados en la base para extraer informaci&oacute;n de las extremidades inferiores, hay 4 electrodos m&aacute;s en la barra de medici&oacute;n para analizar las extremidades superiores y el torso.<br \/>Y esta es la gran diferencia: que entra en contacto con pies y manos.<br \/>De esta forma, sus 8 electrodos hacen un recorrido completo al cuerpo para obtener datos globales pero reales, precisos y segmentados de la composici&oacute;n corporal.<\/p>\n<table class=\"tabla_caracteristicas\" width=\"100%\">\n<tr>\n<td valign=\"top\"><strong>Marca<\/strong><\/td>\n<td>SPC<\/td>\n<\/tr>\n<tr>\n<td valign=\"top\"><strong>Modelo<\/strong><\/td>\n<td><strong>6503B<\/strong><\/td>\n<\/tr>\n<tr>\n<td valign=\"top\"><strong>Caracter&iacute;sticas<\/strong><\/td>\n<td><strong>Conectividad<\/strong><br \/>\t\t\t&#8211; Bluetooth 4.2<br \/>\t\t\t<strong>Peso<\/strong><br \/>\t\t\t&#8211; Rango de peso: 5-180 KG<br \/>\t\t\t&#8211; Unidades: Kg \/ lb \/ st<br \/>\t\t\t<strong>Par&aacute;metros de medici&oacute;n<\/strong><br \/>\t\t\t&#8211; Peso corporal<br \/>\t\t\t&#8211; Grasa corporal (kg. &#8211; %)<br \/>\t\t\t&#8211; Masa muscular (kg. &#8211; %)<br \/>\t\t\t&#8211; IMC<br \/>\t\t\t&#8211; Masa &oacute;sea<br \/>\t\t\t&#8211; Tasa de prote&iacute;na<br \/>\t\t\t&#8211; Metabolismo basal<br \/>\t\t\t&#8211; Valoraci&oacute;n de grasa visceral<br \/>\t\t\t&#8211; Edad corporal<br \/>\t\t\t&#8211; Peso corporal magro<br \/>\t\t\t&#8211; Grasa subcutanea (kg.- %)<br \/>\t\t\t&#8211; Agua<br \/>\t\t\t&#8211; Peso ideal<br \/>\t\t\t&#8211; Grasa en torso<br \/>\t\t\t&#8211; Grasa en brazos (izquierdo, derecho)<br \/>\t\t\t&#8211; Grasa en piernas (izquierda, derecha)<br \/>\t\t\t&#8211; M&uacute;sculo en torso<br \/>\t\t\t&#8211; M&uacute;sculo en brazos (izquierdo, derecho)<br \/>\t\t\t&#8211; M&uacute;sculo en piernas (izquierda, derecha)<br \/>\t\t\t&#8211; Tipo de cuerpo<br \/>\t\t\t&#8211; Puntuaci&oacute;n corporal<br \/>\t\t\t<strong>Dimensiones y peso<\/strong><br \/>\t\t\t&#8211; 320 x 40X 360 mm<br \/>\t\t\t&#8211; 2.235 g<br \/>\t\t\t<strong>Contenido<\/strong><br \/>\t\t\t&#8211; B&aacute;scula corporal inteligente SPC Atenea Fit Pro<br \/>\t\t\t&#8211; 4 pilas AAA<br \/>\t\t\t&#8211; Gu&iacute;a r&aacute;pida<\/td>\n<\/tr>\n<tr>\n<td valign=\"top\"><strong>Fecha de revisi&oacute;n<\/strong><\/td>\n<td>01-02-2023 por RTY<\/td>\n<\/tr>\n<\/table>\n","protected":false},"excerpt":{"rendered":"<p>Atenea Fit ProEs una b&aacute;scula de bioimpedancia que muestra con precisi&oacute;n el porcentaje y los kilos de grasa corporal respecto al peso y la masa muscular, adem&aacute;s de su distribuci&oacute;n entre torso, piernas y brazos haciendo distinci&oacute;n entre extremidades derechas e izquierdas.Tambi&eacute;n incluye masa &oacute;sea, IMC, tasa de prote&iacute;na, metabolismo basal, grasa subcut&aacute;nea, peso corporal&hellip;&nbsp;<a href=\"https:\/\/aivlisoft.net\/shop\/producto\/spc-bascula-inteligente-atenea-fit-3\/\" rel=\"bookmark\"><span class=\"screen-reader-text\">SPC Bascula inteligente Atenea Fit 3<\/span><\/a><\/p>\n","protected":false},"featured_media":7981,"template":"","meta":{"neve_meta_sidebar":"","neve_meta_container":"","neve_meta_enable_content_width":"","neve_meta_content_width":0,"neve_meta_title_alignment":"","neve_meta_author_avatar":"","neve_post_elements_order":"","neve_meta_disable_header":"","neve_meta_disable_footer":"","neve_meta_disable_title":""},"product_brand":[],"product_cat":[15],"product_tag":[2968],"class_list":{"0":"post-7980","1":"product","2":"type-product","3":"status-publish","4":"has-post-thumbnail","6":"product_cat-sin-categorizar","7":"product_tag-6503b","9":"first","10":"instock","11":"taxable","12":"shipping-taxable","13":"purchasable","14":"product-type-simple"},"yoast_head":"<!-- This site is optimized with the Yoast SEO plugin v26.0 - https:\/\/yoast.com\/wordpress\/plugins\/seo\/ -->\n<title>SPC Bascula inteligente Atenea Fit 3 - Aivlisoft Inform\u00e1tica<\/title>\n<meta name=\"robots\" content=\"index, follow, max-snippet:-1, max-image-preview:large, max-video-preview:-1\" \/>\n<link rel=\"canonical\" href=\"https:\/\/aivlisoft.net\/shop\/producto\/spc-bascula-inteligente-atenea-fit-3\/\" \/>\n<meta property=\"og:locale\" content=\"es_ES\" \/>\n<meta property=\"og:type\" content=\"article\" \/>\n<meta property=\"og:title\" content=\"SPC Bascula inteligente Atenea Fit 3 - Aivlisoft Inform\u00e1tica\" \/>\n<meta property=\"og:description\" content=\"Atenea Fit ProEs una b&aacute;scula de bioimpedancia que muestra con precisi&oacute;n el porcentaje y los kilos de grasa corporal respecto al peso y la masa muscular, adem&aacute;s de su distribuci&oacute;n entre torso, piernas y brazos haciendo distinci&oacute;n entre extremidades derechas e izquierdas.Tambi&eacute;n incluye masa &oacute;sea, IMC, tasa de prote&iacute;na, metabolismo basal, grasa subcut&aacute;nea, peso corporal&hellip;&nbsp;SPC Bascula inteligente Atenea Fit 3\" \/>\n<meta property=\"og:url\" content=\"https:\/\/aivlisoft.net\/shop\/producto\/spc-bascula-inteligente-atenea-fit-3\/\" \/>\n<meta property=\"og:site_name\" content=\"Aivlisoft Inform\u00e1tica\" \/>\n<meta property=\"article:modified_time\" content=\"2025-01-14T10:37:03+00:00\" \/>\n<meta property=\"og:image\" content=\"https:\/\/aivlisoft.net\/shop\/wp-content\/uploads\/2025\/01\/EPESYB0173_800.jpg\" \/>\n\t<meta property=\"og:image:width\" content=\"800\" \/>\n\t<meta property=\"og:image:height\" content=\"800\" \/>\n\t<meta property=\"og:image:type\" content=\"image\/jpeg\" \/>\n<meta name=\"twitter:card\" content=\"summary_large_image\" \/>\n<meta name=\"twitter:label1\" content=\"Tiempo de lectura\" \/>\n\t<meta name=\"twitter:data1\" content=\"2 minutos\" \/>\n<script type=\"application\/ld+json\" class=\"yoast-schema-graph\">{\"@context\":\"https:\/\/schema.org\",\"@graph\":[{\"@type\":\"WebPage\",\"@id\":\"https:\/\/aivlisoft.net\/shop\/producto\/spc-bascula-inteligente-atenea-fit-3\/\",\"url\":\"https:\/\/aivlisoft.net\/shop\/producto\/spc-bascula-inteligente-atenea-fit-3\/\",\"name\":\"SPC Bascula inteligente Atenea Fit 3 - Aivlisoft Inform\u00e1tica\",\"isPartOf\":{\"@id\":\"https:\/\/aivlisoft.net\/shop\/#website\"},\"primaryImageOfPage\":{\"@id\":\"https:\/\/aivlisoft.net\/shop\/producto\/spc-bascula-inteligente-atenea-fit-3\/#primaryimage\"},\"image\":{\"@id\":\"https:\/\/aivlisoft.net\/shop\/producto\/spc-bascula-inteligente-atenea-fit-3\/#primaryimage\"},\"thumbnailUrl\":\"https:\/\/aivlisoft.net\/shop\/wp-content\/uploads\/2025\/01\/EPESYB0173_800.jpg\",\"datePublished\":\"2025-01-13T13:43:59+00:00\",\"dateModified\":\"2025-01-14T10:37:03+00:00\",\"breadcrumb\":{\"@id\":\"https:\/\/aivlisoft.net\/shop\/producto\/spc-bascula-inteligente-atenea-fit-3\/#breadcrumb\"},\"inLanguage\":\"es\",\"potentialAction\":[{\"@type\":\"ReadAction\",\"target\":[\"https:\/\/aivlisoft.net\/shop\/producto\/spc-bascula-inteligente-atenea-fit-3\/\"]}]},{\"@type\":\"ImageObject\",\"inLanguage\":\"es\",\"@id\":\"https:\/\/aivlisoft.net\/shop\/producto\/spc-bascula-inteligente-atenea-fit-3\/#primaryimage\",\"url\":\"https:\/\/aivlisoft.net\/shop\/wp-content\/uploads\/2025\/01\/EPESYB0173_800.jpg\",\"contentUrl\":\"https:\/\/aivlisoft.net\/shop\/wp-content\/uploads\/2025\/01\/EPESYB0173_800.jpg\",\"width\":800,\"height\":800},{\"@type\":\"BreadcrumbList\",\"@id\":\"https:\/\/aivlisoft.net\/shop\/producto\/spc-bascula-inteligente-atenea-fit-3\/#breadcrumb\",\"itemListElement\":[{\"@type\":\"ListItem\",\"position\":1,\"name\":\"Portada\",\"item\":\"https:\/\/aivlisoft.net\/shop\/\"},{\"@type\":\"ListItem\",\"position\":2,\"name\":\"Tienda\",\"item\":\"https:\/\/aivlisoft.net\/shop\/tienda\/\"},{\"@type\":\"ListItem\",\"position\":3,\"name\":\"SPC Bascula inteligente Atenea Fit 3\"}]},{\"@type\":\"WebSite\",\"@id\":\"https:\/\/aivlisoft.net\/shop\/#website\",\"url\":\"https:\/\/aivlisoft.net\/shop\/\",\"name\":\"Aivlisoft Inform\u00e1tica\",\"description\":\"En Aivlisoft Inform\u00e1tica ofrecemos soluciones tecnol\u00f3gicas para empresas: venta de ordenadores, consumibles, perif\u00e9ricos y m\u00e1s. Calidad, atenci\u00f3n personalizada y los mejores precios para tu negocio.\",\"publisher\":{\"@id\":\"https:\/\/aivlisoft.net\/shop\/#organization\"},\"potentialAction\":[{\"@type\":\"SearchAction\",\"target\":{\"@type\":\"EntryPoint\",\"urlTemplate\":\"https:\/\/aivlisoft.net\/shop\/?s={search_term_string}\"},\"query-input\":{\"@type\":\"PropertyValueSpecification\",\"valueRequired\":true,\"valueName\":\"search_term_string\"}}],\"inLanguage\":\"es\"},{\"@type\":\"Organization\",\"@id\":\"https:\/\/aivlisoft.net\/shop\/#organization\",\"name\":\"Aivlisoft Inform\u00e1tica\",\"url\":\"https:\/\/aivlisoft.net\/shop\/\",\"logo\":{\"@type\":\"ImageObject\",\"inLanguage\":\"es\",\"@id\":\"https:\/\/aivlisoft.net\/shop\/#\/schema\/logo\/image\/\",\"url\":\"https:\/\/aivlisoft.net\/shop\/wp-content\/uploads\/2024\/12\/removal.ai_5b848c54-0cdf-4140-95c5-c5536bb7573b-logodef.png\",\"contentUrl\":\"https:\/\/aivlisoft.net\/shop\/wp-content\/uploads\/2024\/12\/removal.ai_5b848c54-0cdf-4140-95c5-c5536bb7573b-logodef.png\",\"width\":484,\"height\":182,\"caption\":\"Aivlisoft Inform\u00e1tica\"},\"image\":{\"@id\":\"https:\/\/aivlisoft.net\/shop\/#\/schema\/logo\/image\/\"}}]}<\/script>\n<!-- \/ Yoast SEO plugin. -->","yoast_head_json":{"title":"SPC Bascula inteligente Atenea Fit 3 - Aivlisoft Inform\u00e1tica","robots":{"index":"index","follow":"follow","max-snippet":"max-snippet:-1","max-image-preview":"max-image-preview:large","max-video-preview":"max-video-preview:-1"},"canonical":"https:\/\/aivlisoft.net\/shop\/producto\/spc-bascula-inteligente-atenea-fit-3\/","og_locale":"es_ES","og_type":"article","og_title":"SPC Bascula inteligente Atenea Fit 3 - Aivlisoft Inform\u00e1tica","og_description":"Atenea Fit ProEs una b&aacute;scula de bioimpedancia que muestra con precisi&oacute;n el porcentaje y los kilos de grasa corporal respecto al peso y la masa muscular, adem&aacute;s de su distribuci&oacute;n entre torso, piernas y brazos haciendo distinci&oacute;n entre extremidades derechas e izquierdas.Tambi&eacute;n incluye masa &oacute;sea, IMC, tasa de prote&iacute;na, metabolismo basal, grasa subcut&aacute;nea, peso corporal&hellip;&nbsp;SPC Bascula inteligente Atenea Fit 3","og_url":"https:\/\/aivlisoft.net\/shop\/producto\/spc-bascula-inteligente-atenea-fit-3\/","og_site_name":"Aivlisoft Inform\u00e1tica","article_modified_time":"2025-01-14T10:37:03+00:00","og_image":[{"width":800,"height":800,"url":"https:\/\/aivlisoft.net\/shop\/wp-content\/uploads\/2025\/01\/EPESYB0173_800.jpg","type":"image\/jpeg"}],"twitter_card":"summary_large_image","twitter_misc":{"Tiempo de lectura":"2 minutos"},"schema":{"@context":"https:\/\/schema.org","@graph":[{"@type":"WebPage","@id":"https:\/\/aivlisoft.net\/shop\/producto\/spc-bascula-inteligente-atenea-fit-3\/","url":"https:\/\/aivlisoft.net\/shop\/producto\/spc-bascula-inteligente-atenea-fit-3\/","name":"SPC Bascula inteligente Atenea Fit 3 - Aivlisoft Inform\u00e1tica","isPartOf":{"@id":"https:\/\/aivlisoft.net\/shop\/#website"},"primaryImageOfPage":{"@id":"https:\/\/aivlisoft.net\/shop\/producto\/spc-bascula-inteligente-atenea-fit-3\/#primaryimage"},"image":{"@id":"https:\/\/aivlisoft.net\/shop\/producto\/spc-bascula-inteligente-atenea-fit-3\/#primaryimage"},"thumbnailUrl":"https:\/\/aivlisoft.net\/shop\/wp-content\/uploads\/2025\/01\/EPESYB0173_800.jpg","datePublished":"2025-01-13T13:43:59+00:00","dateModified":"2025-01-14T10:37:03+00:00","breadcrumb":{"@id":"https:\/\/aivlisoft.net\/shop\/producto\/spc-bascula-inteligente-atenea-fit-3\/#breadcrumb"},"inLanguage":"es","potentialAction":[{"@type":"ReadAction","target":["https:\/\/aivlisoft.net\/shop\/producto\/spc-bascula-inteligente-atenea-fit-3\/"]}]},{"@type":"ImageObject","inLanguage":"es","@id":"https:\/\/aivlisoft.net\/shop\/producto\/spc-bascula-inteligente-atenea-fit-3\/#primaryimage","url":"https:\/\/aivlisoft.net\/shop\/wp-content\/uploads\/2025\/01\/EPESYB0173_800.jpg","contentUrl":"https:\/\/aivlisoft.net\/shop\/wp-content\/uploads\/2025\/01\/EPESYB0173_800.jpg","width":800,"height":800},{"@type":"BreadcrumbList","@id":"https:\/\/aivlisoft.net\/shop\/producto\/spc-bascula-inteligente-atenea-fit-3\/#breadcrumb","itemListElement":[{"@type":"ListItem","position":1,"name":"Portada","item":"https:\/\/aivlisoft.net\/shop\/"},{"@type":"ListItem","position":2,"name":"Tienda","item":"https:\/\/aivlisoft.net\/shop\/tienda\/"},{"@type":"ListItem","position":3,"name":"SPC Bascula inteligente Atenea Fit 3"}]},{"@type":"WebSite","@id":"https:\/\/aivlisoft.net\/shop\/#website","url":"https:\/\/aivlisoft.net\/shop\/","name":"Aivlisoft Inform\u00e1tica","description":"En Aivlisoft Inform\u00e1tica ofrecemos soluciones tecnol\u00f3gicas para empresas: venta de ordenadores, consumibles, perif\u00e9ricos y m\u00e1s. Calidad, atenci\u00f3n personalizada y los mejores precios para tu negocio.","publisher":{"@id":"https:\/\/aivlisoft.net\/shop\/#organization"},"potentialAction":[{"@type":"SearchAction","target":{"@type":"EntryPoint","urlTemplate":"https:\/\/aivlisoft.net\/shop\/?s={search_term_string}"},"query-input":{"@type":"PropertyValueSpecification","valueRequired":true,"valueName":"search_term_string"}}],"inLanguage":"es"},{"@type":"Organization","@id":"https:\/\/aivlisoft.net\/shop\/#organization","name":"Aivlisoft Inform\u00e1tica","url":"https:\/\/aivlisoft.net\/shop\/","logo":{"@type":"ImageObject","inLanguage":"es","@id":"https:\/\/aivlisoft.net\/shop\/#\/schema\/logo\/image\/","url":"https:\/\/aivlisoft.net\/shop\/wp-content\/uploads\/2024\/12\/removal.ai_5b848c54-0cdf-4140-95c5-c5536bb7573b-logodef.png","contentUrl":"https:\/\/aivlisoft.net\/shop\/wp-content\/uploads\/2024\/12\/removal.ai_5b848c54-0cdf-4140-95c5-c5536bb7573b-logodef.png","width":484,"height":182,"caption":"Aivlisoft Inform\u00e1tica"},"image":{"@id":"https:\/\/aivlisoft.net\/shop\/#\/schema\/logo\/image\/"}}]}},"_links":{"self":[{"href":"https:\/\/aivlisoft.net\/shop\/wp-json\/wp\/v2\/product\/7980","targetHints":{"allow":["GET"]}}],"collection":[{"href":"https:\/\/aivlisoft.net\/shop\/wp-json\/wp\/v2\/product"}],"about":[{"href":"https:\/\/aivlisoft.net\/shop\/wp-json\/wp\/v2\/types\/product"}],"wp:featuredmedia":[{"embeddable":true,"href":"https:\/\/aivlisoft.net\/shop\/wp-json\/wp\/v2\/media\/7981"}],"wp:attachment":[{"href":"https:\/\/aivlisoft.net\/shop\/wp-json\/wp\/v2\/media?parent=7980"}],"wp:term":[{"taxonomy":"product_brand","embeddable":true,"href":"https:\/\/aivlisoft.net\/shop\/wp-json\/wp\/v2\/product_brand?post=7980"},{"taxonomy":"product_cat","embeddable":true,"href":"https:\/\/aivlisoft.net\/shop\/wp-json\/wp\/v2\/product_cat?post=7980"},{"taxonomy":"product_tag","embeddable":true,"href":"https:\/\/aivlisoft.net\/shop\/wp-json\/wp\/v2\/product_tag?post=7980"}],"curies":[{"name":"wp","href":"https:\/\/api.w.org\/{rel}","templated":true}]}}