{"id":7965,"date":"2025-01-13T13:43:54","date_gmt":"2025-01-13T13:43:54","guid":{"rendered":"https:\/\/aivlisoft.com\/?post_type=product&#038;p=7965"},"modified":"2025-01-14T10:37:00","modified_gmt":"2025-01-14T10:37:00","slug":"spc-ventilador-techo-confort-dc-max-2","status":"publish","type":"product","link":"https:\/\/aivlisoft.net\/shop\/producto\/spc-ventilador-techo-confort-dc-max-2\/","title":{"rendered":"SPC Ventilador techo CONFORT DC Max 2"},"content":{"rendered":"<p><\/p>\n<table class=\"tabla_caracteristicas\" width=\"100%\">\n<tr>\n<td valign=\"top\"><strong>Marca<\/strong><\/td>\n<td><strong>SPC<\/strong><\/td>\n<\/tr>\n<tr>\n<td valign=\"top\"><strong>Modelo<\/strong><\/td>\n<td><strong>6499B<\/strong><\/td>\n<\/tr>\n<tr>\n<td valign=\"top\"><strong>Caracter&iacute;sticas<\/strong><\/td>\n<td>&#8211; Voltaje: 220-240 v<br \/>\t\t\t&#8211; Frecuencia: 50-60 hz<br \/>\t\t\t&#8211; Motor DC: 43W<br \/>\t\t\t&#8211; Modo verano \/ invierno<br \/>\t\t\t&#8211; Velocidades: 6<br \/>\t\t\t&#8211; Modos de uso: 4. Normal \/ sue&ntilde;o \/ natural \/ brisa<br \/>\t\t\t&#8211; Horas de vida (l&aacute;mpara): 30000 horas<br \/>\t\t\t&#8211; Consumo: 8.8W \/ 12.5W \/ 17.2W \/ 23W \/ 32W \/ 43W<br \/>\t\t\t&#8211; Flujo de aire: 2680m&sup3; \/ 3152m&sup3; \/ 3425m&sup3; \/ 4035m&sup3; \/ 4521m&sup3; \/ 5032m&sup3;<br \/>\t\t\t&#8211; RPM:101 \/ 119 \/ 135 \/ 154 \/ 175 \/ 192<br \/>\t\t\t&#8211; Nivel de ruido: 21dB \/ 24dB \/ 31dB \/ 34dB \/ 40dB \/ 43dB<br \/>\t\t\t&#8211; &Aacute;ngulo de apertura: 166&ordm;<br \/>\t\t\t&#8211; &Aacute;ngulo de luz: 150&ordm;<br \/>\t\t\t&#8211; L&uacute;menes: 1620lm<br \/>\t\t\t&#8211; Potencia luminosa (w): 18W<br \/>\t\t\t&#8211; Temperatura de color: 3000k-4000k-6000k<br \/>\t\t\t&#8211; IP: IP 20<br \/>\t\t\t&#8211; Apto para techo inclinado: Inclinaci&oacute;n &lt;13 grados<br \/>\t\t\t&#8211; Categoria energ&eacute;tica : F<br \/>\t\t\t&#8211; Pilas (mando a distancia) . S&iacute;. 2 x AAA (incluidas)<br \/>\t\t\t&#8211; Temporizador: Personalizable. App \/ Mando a distancia<br \/>\t\t\t<strong>Compatibilidad<\/strong><br \/>\t\t\t&#8211; SPC IoT app<br \/>\t\t\t&#8211; Android<br \/>\t\t\t&#8211; iOS<br \/>\t\t\t&#8211; Amazon Alexa<br \/>\t\t\t&#8211; Google Assistant<br \/>\t\t\t<strong>Dise&ntilde;o<\/strong><br \/>\t\t\t&#8211; Acabado: Mate<br \/>\t\t\t&#8211; N&ordm; de palas: 3<br \/>\t\t\t&#8211; Material de las palas: ABS<br \/>\t\t\t&#8211; Color de las palas: Blanco<br \/>\t\t\t&#8211; Altura regulable<br \/>\t\t\t<strong>Dimensiones y peso<\/strong><br \/>\t\t\t&#8211; 34,5 x 132 cm<br \/>\t\t\t&#8211; 5,028 kg<br \/>\t\t\t<strong>Contenido<\/strong><br \/>\t\t\t&#8211; Ventilador de techo SPC CONFORTO DC MAX 2<br \/>\t\t\t&#8211; Kit de instalaci&oacute;n<br \/>\t\t\t&#8211; Mando a distancia y manual de usuario<\/td>\n<\/tr>\n<tr>\n<td valign=\"top\"><strong>Fecha de revisi&oacute;n<\/strong><\/td>\n<td>26-04-2023 por RTY<\/td>\n<\/tr>\n<\/table>\n","protected":false},"excerpt":{"rendered":"<p>Marca SPC Modelo 6499B Caracter&iacute;sticas &#8211; Voltaje: 220-240 v &#8211; Frecuencia: 50-60 hz &#8211; Motor DC: 43W &#8211; Modo verano \/ invierno &#8211; Velocidades: 6 &#8211; Modos de uso: 4. Normal \/ sue&ntilde;o \/ natural \/ brisa &#8211; Horas de vida (l&aacute;mpara): 30000 horas &#8211; Consumo: 8.8W \/ 12.5W \/ 17.2W \/ 23W \/ 32W&hellip;&nbsp;<a href=\"https:\/\/aivlisoft.net\/shop\/producto\/spc-ventilador-techo-confort-dc-max-2\/\" rel=\"bookmark\"><span class=\"screen-reader-text\">SPC Ventilador techo CONFORT DC Max 2<\/span><\/a><\/p>\n","protected":false},"featured_media":7966,"template":"","meta":{"neve_meta_sidebar":"","neve_meta_container":"","neve_meta_enable_content_width":"","neve_meta_content_width":0,"neve_meta_title_alignment":"","neve_meta_author_avatar":"","neve_post_elements_order":"","neve_meta_disable_header":"","neve_meta_disable_footer":"","neve_meta_disable_title":""},"product_brand":[],"product_cat":[15],"product_tag":[2963],"class_list":{"0":"post-7965","1":"product","2":"type-product","3":"status-publish","4":"has-post-thumbnail","6":"product_cat-sin-categorizar","7":"product_tag-6499b","9":"first","10":"instock","11":"taxable","12":"shipping-taxable","13":"purchasable","14":"product-type-simple"},"yoast_head":"<!-- This site is optimized with the Yoast SEO plugin v26.0 - https:\/\/yoast.com\/wordpress\/plugins\/seo\/ -->\n<title>SPC Ventilador techo CONFORT DC Max 2 - Aivlisoft Inform\u00e1tica<\/title>\n<meta name=\"robots\" content=\"index, follow, max-snippet:-1, max-image-preview:large, max-video-preview:-1\" \/>\n<link rel=\"canonical\" href=\"https:\/\/aivlisoft.net\/shop\/producto\/spc-ventilador-techo-confort-dc-max-2\/\" \/>\n<meta property=\"og:locale\" content=\"es_ES\" \/>\n<meta property=\"og:type\" content=\"article\" \/>\n<meta property=\"og:title\" content=\"SPC Ventilador techo CONFORT DC Max 2 - Aivlisoft Inform\u00e1tica\" \/>\n<meta property=\"og:description\" content=\"Marca SPC Modelo 6499B Caracter&iacute;sticas &#8211; Voltaje: 220-240 v &#8211; Frecuencia: 50-60 hz &#8211; Motor DC: 43W &#8211; Modo verano \/ invierno &#8211; Velocidades: 6 &#8211; Modos de uso: 4. Normal \/ sue&ntilde;o \/ natural \/ brisa &#8211; Horas de vida (l&aacute;mpara): 30000 horas &#8211; Consumo: 8.8W \/ 12.5W \/ 17.2W \/ 23W \/ 32W&hellip;&nbsp;SPC Ventilador techo CONFORT DC Max 2\" \/>\n<meta property=\"og:url\" content=\"https:\/\/aivlisoft.net\/shop\/producto\/spc-ventilador-techo-confort-dc-max-2\/\" \/>\n<meta property=\"og:site_name\" content=\"Aivlisoft Inform\u00e1tica\" \/>\n<meta property=\"article:modified_time\" content=\"2025-01-14T10:37:00+00:00\" \/>\n<meta property=\"og:image\" content=\"https:\/\/aivlisoft.net\/shop\/wp-content\/uploads\/2025\/01\/EPELIM0050_800.jpg\" \/>\n\t<meta property=\"og:image:width\" content=\"800\" \/>\n\t<meta property=\"og:image:height\" content=\"800\" \/>\n\t<meta property=\"og:image:type\" content=\"image\/jpeg\" \/>\n<meta name=\"twitter:card\" content=\"summary_large_image\" \/>\n<meta name=\"twitter:label1\" content=\"Tiempo de lectura\" \/>\n\t<meta name=\"twitter:data1\" content=\"1 minuto\" \/>\n<script type=\"application\/ld+json\" class=\"yoast-schema-graph\">{\"@context\":\"https:\/\/schema.org\",\"@graph\":[{\"@type\":\"WebPage\",\"@id\":\"https:\/\/aivlisoft.net\/shop\/producto\/spc-ventilador-techo-confort-dc-max-2\/\",\"url\":\"https:\/\/aivlisoft.net\/shop\/producto\/spc-ventilador-techo-confort-dc-max-2\/\",\"name\":\"SPC Ventilador techo CONFORT DC Max 2 - Aivlisoft Inform\u00e1tica\",\"isPartOf\":{\"@id\":\"https:\/\/aivlisoft.net\/shop\/#website\"},\"primaryImageOfPage\":{\"@id\":\"https:\/\/aivlisoft.net\/shop\/producto\/spc-ventilador-techo-confort-dc-max-2\/#primaryimage\"},\"image\":{\"@id\":\"https:\/\/aivlisoft.net\/shop\/producto\/spc-ventilador-techo-confort-dc-max-2\/#primaryimage\"},\"thumbnailUrl\":\"https:\/\/aivlisoft.net\/shop\/wp-content\/uploads\/2025\/01\/EPELIM0050_800.jpg\",\"datePublished\":\"2025-01-13T13:43:54+00:00\",\"dateModified\":\"2025-01-14T10:37:00+00:00\",\"breadcrumb\":{\"@id\":\"https:\/\/aivlisoft.net\/shop\/producto\/spc-ventilador-techo-confort-dc-max-2\/#breadcrumb\"},\"inLanguage\":\"es\",\"potentialAction\":[{\"@type\":\"ReadAction\",\"target\":[\"https:\/\/aivlisoft.net\/shop\/producto\/spc-ventilador-techo-confort-dc-max-2\/\"]}]},{\"@type\":\"ImageObject\",\"inLanguage\":\"es\",\"@id\":\"https:\/\/aivlisoft.net\/shop\/producto\/spc-ventilador-techo-confort-dc-max-2\/#primaryimage\",\"url\":\"https:\/\/aivlisoft.net\/shop\/wp-content\/uploads\/2025\/01\/EPELIM0050_800.jpg\",\"contentUrl\":\"https:\/\/aivlisoft.net\/shop\/wp-content\/uploads\/2025\/01\/EPELIM0050_800.jpg\",\"width\":800,\"height\":800},{\"@type\":\"BreadcrumbList\",\"@id\":\"https:\/\/aivlisoft.net\/shop\/producto\/spc-ventilador-techo-confort-dc-max-2\/#breadcrumb\",\"itemListElement\":[{\"@type\":\"ListItem\",\"position\":1,\"name\":\"Portada\",\"item\":\"https:\/\/aivlisoft.net\/shop\/\"},{\"@type\":\"ListItem\",\"position\":2,\"name\":\"Tienda\",\"item\":\"https:\/\/aivlisoft.net\/shop\/tienda\/\"},{\"@type\":\"ListItem\",\"position\":3,\"name\":\"SPC Ventilador techo CONFORT DC Max 2\"}]},{\"@type\":\"WebSite\",\"@id\":\"https:\/\/aivlisoft.net\/shop\/#website\",\"url\":\"https:\/\/aivlisoft.net\/shop\/\",\"name\":\"Aivlisoft Inform\u00e1tica\",\"description\":\"En Aivlisoft Inform\u00e1tica ofrecemos soluciones tecnol\u00f3gicas para empresas: venta de ordenadores, consumibles, perif\u00e9ricos y m\u00e1s. Calidad, atenci\u00f3n personalizada y los mejores precios para tu negocio.\",\"publisher\":{\"@id\":\"https:\/\/aivlisoft.net\/shop\/#organization\"},\"potentialAction\":[{\"@type\":\"SearchAction\",\"target\":{\"@type\":\"EntryPoint\",\"urlTemplate\":\"https:\/\/aivlisoft.net\/shop\/?s={search_term_string}\"},\"query-input\":{\"@type\":\"PropertyValueSpecification\",\"valueRequired\":true,\"valueName\":\"search_term_string\"}}],\"inLanguage\":\"es\"},{\"@type\":\"Organization\",\"@id\":\"https:\/\/aivlisoft.net\/shop\/#organization\",\"name\":\"Aivlisoft Inform\u00e1tica\",\"url\":\"https:\/\/aivlisoft.net\/shop\/\",\"logo\":{\"@type\":\"ImageObject\",\"inLanguage\":\"es\",\"@id\":\"https:\/\/aivlisoft.net\/shop\/#\/schema\/logo\/image\/\",\"url\":\"https:\/\/aivlisoft.net\/shop\/wp-content\/uploads\/2024\/12\/removal.ai_5b848c54-0cdf-4140-95c5-c5536bb7573b-logodef.png\",\"contentUrl\":\"https:\/\/aivlisoft.net\/shop\/wp-content\/uploads\/2024\/12\/removal.ai_5b848c54-0cdf-4140-95c5-c5536bb7573b-logodef.png\",\"width\":484,\"height\":182,\"caption\":\"Aivlisoft Inform\u00e1tica\"},\"image\":{\"@id\":\"https:\/\/aivlisoft.net\/shop\/#\/schema\/logo\/image\/\"}}]}<\/script>\n<!-- \/ Yoast SEO plugin. -->","yoast_head_json":{"title":"SPC Ventilador techo CONFORT DC Max 2 - Aivlisoft Inform\u00e1tica","robots":{"index":"index","follow":"follow","max-snippet":"max-snippet:-1","max-image-preview":"max-image-preview:large","max-video-preview":"max-video-preview:-1"},"canonical":"https:\/\/aivlisoft.net\/shop\/producto\/spc-ventilador-techo-confort-dc-max-2\/","og_locale":"es_ES","og_type":"article","og_title":"SPC Ventilador techo CONFORT DC Max 2 - Aivlisoft Inform\u00e1tica","og_description":"Marca SPC Modelo 6499B Caracter&iacute;sticas &#8211; Voltaje: 220-240 v &#8211; Frecuencia: 50-60 hz &#8211; Motor DC: 43W &#8211; Modo verano \/ invierno &#8211; Velocidades: 6 &#8211; Modos de uso: 4. Normal \/ sue&ntilde;o \/ natural \/ brisa &#8211; Horas de vida (l&aacute;mpara): 30000 horas &#8211; Consumo: 8.8W \/ 12.5W \/ 17.2W \/ 23W \/ 32W&hellip;&nbsp;SPC Ventilador techo CONFORT DC Max 2","og_url":"https:\/\/aivlisoft.net\/shop\/producto\/spc-ventilador-techo-confort-dc-max-2\/","og_site_name":"Aivlisoft Inform\u00e1tica","article_modified_time":"2025-01-14T10:37:00+00:00","og_image":[{"width":800,"height":800,"url":"https:\/\/aivlisoft.net\/shop\/wp-content\/uploads\/2025\/01\/EPELIM0050_800.jpg","type":"image\/jpeg"}],"twitter_card":"summary_large_image","twitter_misc":{"Tiempo de lectura":"1 minuto"},"schema":{"@context":"https:\/\/schema.org","@graph":[{"@type":"WebPage","@id":"https:\/\/aivlisoft.net\/shop\/producto\/spc-ventilador-techo-confort-dc-max-2\/","url":"https:\/\/aivlisoft.net\/shop\/producto\/spc-ventilador-techo-confort-dc-max-2\/","name":"SPC Ventilador techo CONFORT DC Max 2 - Aivlisoft Inform\u00e1tica","isPartOf":{"@id":"https:\/\/aivlisoft.net\/shop\/#website"},"primaryImageOfPage":{"@id":"https:\/\/aivlisoft.net\/shop\/producto\/spc-ventilador-techo-confort-dc-max-2\/#primaryimage"},"image":{"@id":"https:\/\/aivlisoft.net\/shop\/producto\/spc-ventilador-techo-confort-dc-max-2\/#primaryimage"},"thumbnailUrl":"https:\/\/aivlisoft.net\/shop\/wp-content\/uploads\/2025\/01\/EPELIM0050_800.jpg","datePublished":"2025-01-13T13:43:54+00:00","dateModified":"2025-01-14T10:37:00+00:00","breadcrumb":{"@id":"https:\/\/aivlisoft.net\/shop\/producto\/spc-ventilador-techo-confort-dc-max-2\/#breadcrumb"},"inLanguage":"es","potentialAction":[{"@type":"ReadAction","target":["https:\/\/aivlisoft.net\/shop\/producto\/spc-ventilador-techo-confort-dc-max-2\/"]}]},{"@type":"ImageObject","inLanguage":"es","@id":"https:\/\/aivlisoft.net\/shop\/producto\/spc-ventilador-techo-confort-dc-max-2\/#primaryimage","url":"https:\/\/aivlisoft.net\/shop\/wp-content\/uploads\/2025\/01\/EPELIM0050_800.jpg","contentUrl":"https:\/\/aivlisoft.net\/shop\/wp-content\/uploads\/2025\/01\/EPELIM0050_800.jpg","width":800,"height":800},{"@type":"BreadcrumbList","@id":"https:\/\/aivlisoft.net\/shop\/producto\/spc-ventilador-techo-confort-dc-max-2\/#breadcrumb","itemListElement":[{"@type":"ListItem","position":1,"name":"Portada","item":"https:\/\/aivlisoft.net\/shop\/"},{"@type":"ListItem","position":2,"name":"Tienda","item":"https:\/\/aivlisoft.net\/shop\/tienda\/"},{"@type":"ListItem","position":3,"name":"SPC Ventilador techo CONFORT DC Max 2"}]},{"@type":"WebSite","@id":"https:\/\/aivlisoft.net\/shop\/#website","url":"https:\/\/aivlisoft.net\/shop\/","name":"Aivlisoft Inform\u00e1tica","description":"En Aivlisoft Inform\u00e1tica ofrecemos soluciones tecnol\u00f3gicas para empresas: venta de ordenadores, consumibles, perif\u00e9ricos y m\u00e1s. Calidad, atenci\u00f3n personalizada y los mejores precios para tu negocio.","publisher":{"@id":"https:\/\/aivlisoft.net\/shop\/#organization"},"potentialAction":[{"@type":"SearchAction","target":{"@type":"EntryPoint","urlTemplate":"https:\/\/aivlisoft.net\/shop\/?s={search_term_string}"},"query-input":{"@type":"PropertyValueSpecification","valueRequired":true,"valueName":"search_term_string"}}],"inLanguage":"es"},{"@type":"Organization","@id":"https:\/\/aivlisoft.net\/shop\/#organization","name":"Aivlisoft Inform\u00e1tica","url":"https:\/\/aivlisoft.net\/shop\/","logo":{"@type":"ImageObject","inLanguage":"es","@id":"https:\/\/aivlisoft.net\/shop\/#\/schema\/logo\/image\/","url":"https:\/\/aivlisoft.net\/shop\/wp-content\/uploads\/2024\/12\/removal.ai_5b848c54-0cdf-4140-95c5-c5536bb7573b-logodef.png","contentUrl":"https:\/\/aivlisoft.net\/shop\/wp-content\/uploads\/2024\/12\/removal.ai_5b848c54-0cdf-4140-95c5-c5536bb7573b-logodef.png","width":484,"height":182,"caption":"Aivlisoft Inform\u00e1tica"},"image":{"@id":"https:\/\/aivlisoft.net\/shop\/#\/schema\/logo\/image\/"}}]}},"_links":{"self":[{"href":"https:\/\/aivlisoft.net\/shop\/wp-json\/wp\/v2\/product\/7965","targetHints":{"allow":["GET"]}}],"collection":[{"href":"https:\/\/aivlisoft.net\/shop\/wp-json\/wp\/v2\/product"}],"about":[{"href":"https:\/\/aivlisoft.net\/shop\/wp-json\/wp\/v2\/types\/product"}],"wp:featuredmedia":[{"embeddable":true,"href":"https:\/\/aivlisoft.net\/shop\/wp-json\/wp\/v2\/media\/7966"}],"wp:attachment":[{"href":"https:\/\/aivlisoft.net\/shop\/wp-json\/wp\/v2\/media?parent=7965"}],"wp:term":[{"taxonomy":"product_brand","embeddable":true,"href":"https:\/\/aivlisoft.net\/shop\/wp-json\/wp\/v2\/product_brand?post=7965"},{"taxonomy":"product_cat","embeddable":true,"href":"https:\/\/aivlisoft.net\/shop\/wp-json\/wp\/v2\/product_cat?post=7965"},{"taxonomy":"product_tag","embeddable":true,"href":"https:\/\/aivlisoft.net\/shop\/wp-json\/wp\/v2\/product_tag?post=7965"}],"curies":[{"name":"wp","href":"https:\/\/api.w.org\/{rel}","templated":true}]}}