{"id":7959,"date":"2025-01-13T13:43:50","date_gmt":"2025-01-13T13:43:50","guid":{"rendered":"https:\/\/aivlisoft.com\/?post_type=product&#038;p=7959"},"modified":"2025-01-14T10:36:56","modified_gmt":"2025-01-14T10:36:56","slug":"spc-baamba-gyro-pro-4400","status":"publish","type":"product","link":"https:\/\/aivlisoft.net\/shop\/producto\/spc-baamba-gyro-pro-4400\/","title":{"rendered":"SPC BAAMBA GYRO PRO 4400"},"content":{"rendered":"<p>Robot aspirador 4 en 1 que barre, aspira, pasa la mopa y friega todo tipo de suelos. Gracias a su novedosa tecnolog&iacute;a Gyro 4.0, limpia cada cent&iacute;metro de suelo y lo hace de una forma totalmente ordenada. Adem&aacute;s, para una comodidad total puedes ponerla en marcha mediante mando o a trav&eacute;s de la aplicaci&oacute;n SPC IoT.<br \/>Este robot aspirador cuenta con la tecnolog&iacute;a Pro Suction: una potente turbina que maximiza su gran fuerza de succi&oacute;n hasta los 4400 pascales. Gracias a sus cuatro potencias, recoge todo tipo de suciedad a fondo garantizando un suelo siempre limpio, en cualquier superficie.<br \/>SPC Baamba&reg; Pro Suction 4400 cuenta con una gran bater&iacute;a de Ion-Litio de 5200 mAh. Adem&aacute;s de su gran autonom&iacute;a, cuando el dispositivo identifica que se est&aacute; agotando la bater&iacute;a, el robot regresa autom&aacute;ticamente a la base de carga para recargarla. &nbsp;<br \/>El robot aspirador proporcionar&aacute; una limpieza intensiva de cualquier superficie y espacio gracias a sus 6 modos de limpieza. Para limpiar a&uacute;n m&aacute;s en profundidad, se podr&aacute; complementar el proceso con uno de sus 3 niveles de fregado (Eco, Normal, Pro) o de sus cuatro potencias de succi&oacute;n (Eco, Low, Normal o Pro).<br \/>&nbsp;<\/p>\n<table class=\"tabla_caracteristicas k-table\" width=\"100%\">\n<tr>\n<td><strong>Marca<\/strong><\/td>\n<td>SPC<\/td>\n<\/tr>\n<tr>\n<td><strong>Modelo<\/strong><\/td>\n<td>6404N<\/td>\n<\/tr>\n<tr>\n<td><strong>Caracteristicas<\/strong><\/td>\n<td>&#8211; Voltaje de entrada: 230V<br \/>\t\t\t&#8211; Bater&iacute;a: 5200 mAh Li-ion<br \/>\t\t\t&#8211; Autonom&iacute;a de trabajo: 160 minutos<br \/>\t\t\t&#8211; Tiempo de carga: 4-6 horas<br \/>\t\t\t&#8211; Potencia de succi&oacute;n: 4400pa<br \/>\t\t\t&#8211; Alcance: 100m2<br \/>\t\t\t&#8211; Sensores anti colisi&oacute;n: 11 pares<br \/>\t\t\t&#8211; Sensores anti ca&iacute;da: 3 pares<br \/>\t\t\t&#8211; Cepillo central: 1<br \/>\t\t\t&#8211; Cepillos laterales: 2<br \/>\t\t\t&#8211; Capacidad tanque de polvo: 0.6L<br \/>\t\t\t&#8211; Capacidad tanque de agua: 350 ml<br \/>\t\t\t&#8211; Niveles de fregado: Eco, normal, Pro<br \/>\t\t\t&#8211; Capacidad de subir alturas: 2 cm<br \/>\t\t\t&#8211; Sistema de purificaci&oacute;n de aire: HEPA<br \/>\t\t\t&#8211; Navegaci&oacute;n: Smart Gyro 4.0<br \/>\t\t\t&#8211; 6 modos de limpieza: Auto, Esquinas, Mopa, Espiral, Manual, Vuelta a casa<br \/>\t\t\t&#8211; Modos de succi&oacute;n: Eco, Low, Normal, Pro<br \/>\t\t\t&#8211; Apto para los siguientes tipos de suelo: Madera, azulejo, alfombra, piedra<br \/>\t\t\t&#8211; Control mediante app: Si<br \/>\t\t\t&#8211; Mando a distancia: Si<br \/>\t\t\t&#8211; Ruido igual o inferior a 64<br \/>\t\t\t&#8211; Cinta magn&eacute;tica: Si<br \/>\t\t\t&#8211; Dimensi&oacute;n: 330 * 75 mm<br \/>\t\t\t&#8211; Peso: 5,0 kg.<br \/>\t\t\t<strong>Compatible con:<\/strong><br \/>\t\t\t&#8211; Android.<br \/>\t\t\t&#8211; IOS.<br \/>\t\t\t&#8211; Amazon Alexa.<br \/>\t\t\t&#8211; Google Assistant.<br \/>\t\t\t<strong>Contenido<\/strong><br \/>\t\t\t&#8211; Robot aspirador inteligente SPC Baamba &reg; Gyro Pro Suction 4400<br \/>\t\t\t&#8211; Adaptador AC<br \/>\t\t\t&#8211; Base de carga<br \/>\t\t\t&#8211; Mando a distancia<br \/>\t\t\t&#8211; Tanque de polvo y agua<br \/>\t\t\t&#8211; 4 cepillos laterales<br \/>\t\t\t&#8211; 2 mopas microfibra<br \/>\t\t\t&#8211; 2 filtros HEPA<br \/>\t\t\t&#8211; Manual de instrucciones<br \/>\t\t\t&#8211; Gu&iacute;a r&aacute;pida<\/td>\n<\/tr>\n<tr>\n<td><strong>Fecha de revisi&oacute;n<\/strong><\/td>\n<td>18-05-2021 por YMC<\/td>\n<\/tr>\n<\/table>\n","protected":false},"excerpt":{"rendered":"<p>Robot aspirador 4 en 1 que barre, aspira, pasa la mopa y friega todo tipo de suelos. Gracias a su novedosa tecnolog&iacute;a Gyro 4.0, limpia cada cent&iacute;metro de suelo y lo hace de una forma totalmente ordenada. Adem&aacute;s, para una comodidad total puedes ponerla en marcha mediante mando o a trav&eacute;s de la aplicaci&oacute;n SPC&hellip;&nbsp;<a href=\"https:\/\/aivlisoft.net\/shop\/producto\/spc-baamba-gyro-pro-4400\/\" rel=\"bookmark\"><span class=\"screen-reader-text\">SPC BAAMBA GYRO PRO 4400<\/span><\/a><\/p>\n","protected":false},"featured_media":7960,"template":"","meta":{"neve_meta_sidebar":"","neve_meta_container":"","neve_meta_enable_content_width":"","neve_meta_content_width":0,"neve_meta_title_alignment":"","neve_meta_author_avatar":"","neve_post_elements_order":"","neve_meta_disable_header":"","neve_meta_disable_footer":"","neve_meta_disable_title":""},"product_brand":[],"product_cat":[15],"product_tag":[2961],"class_list":{"0":"post-7959","1":"product","2":"type-product","3":"status-publish","4":"has-post-thumbnail","6":"product_cat-sin-categorizar","7":"product_tag-6404n","9":"first","10":"instock","11":"taxable","12":"shipping-taxable","13":"purchasable","14":"product-type-simple"},"yoast_head":"<!-- This site is optimized with the Yoast SEO plugin v26.0 - https:\/\/yoast.com\/wordpress\/plugins\/seo\/ -->\n<title>SPC BAAMBA GYRO PRO 4400 - Aivlisoft Inform\u00e1tica<\/title>\n<meta name=\"robots\" content=\"index, follow, max-snippet:-1, max-image-preview:large, max-video-preview:-1\" \/>\n<link rel=\"canonical\" href=\"https:\/\/aivlisoft.net\/shop\/producto\/spc-baamba-gyro-pro-4400\/\" \/>\n<meta property=\"og:locale\" content=\"es_ES\" \/>\n<meta property=\"og:type\" content=\"article\" \/>\n<meta property=\"og:title\" content=\"SPC BAAMBA GYRO PRO 4400 - Aivlisoft Inform\u00e1tica\" \/>\n<meta property=\"og:description\" content=\"Robot aspirador 4 en 1 que barre, aspira, pasa la mopa y friega todo tipo de suelos. Gracias a su novedosa tecnolog&iacute;a Gyro 4.0, limpia cada cent&iacute;metro de suelo y lo hace de una forma totalmente ordenada. Adem&aacute;s, para una comodidad total puedes ponerla en marcha mediante mando o a trav&eacute;s de la aplicaci&oacute;n SPC&hellip;&nbsp;SPC BAAMBA GYRO PRO 4400\" \/>\n<meta property=\"og:url\" content=\"https:\/\/aivlisoft.net\/shop\/producto\/spc-baamba-gyro-pro-4400\/\" \/>\n<meta property=\"og:site_name\" content=\"Aivlisoft Inform\u00e1tica\" \/>\n<meta property=\"article:modified_time\" content=\"2025-01-14T10:36:56+00:00\" \/>\n<meta property=\"og:image\" content=\"https:\/\/aivlisoft.net\/shop\/wp-content\/uploads\/2025\/01\/EPELIM0035_800.jpg\" \/>\n\t<meta property=\"og:image:width\" content=\"800\" \/>\n\t<meta property=\"og:image:height\" content=\"800\" \/>\n\t<meta property=\"og:image:type\" content=\"image\/jpeg\" \/>\n<meta name=\"twitter:card\" content=\"summary_large_image\" \/>\n<meta name=\"twitter:label1\" content=\"Tiempo de lectura\" \/>\n\t<meta name=\"twitter:data1\" content=\"2 minutos\" \/>\n<script type=\"application\/ld+json\" class=\"yoast-schema-graph\">{\"@context\":\"https:\/\/schema.org\",\"@graph\":[{\"@type\":\"WebPage\",\"@id\":\"https:\/\/aivlisoft.net\/shop\/producto\/spc-baamba-gyro-pro-4400\/\",\"url\":\"https:\/\/aivlisoft.net\/shop\/producto\/spc-baamba-gyro-pro-4400\/\",\"name\":\"SPC BAAMBA GYRO PRO 4400 - Aivlisoft Inform\u00e1tica\",\"isPartOf\":{\"@id\":\"https:\/\/aivlisoft.net\/shop\/#website\"},\"primaryImageOfPage\":{\"@id\":\"https:\/\/aivlisoft.net\/shop\/producto\/spc-baamba-gyro-pro-4400\/#primaryimage\"},\"image\":{\"@id\":\"https:\/\/aivlisoft.net\/shop\/producto\/spc-baamba-gyro-pro-4400\/#primaryimage\"},\"thumbnailUrl\":\"https:\/\/aivlisoft.net\/shop\/wp-content\/uploads\/2025\/01\/EPELIM0035_800.jpg\",\"datePublished\":\"2025-01-13T13:43:50+00:00\",\"dateModified\":\"2025-01-14T10:36:56+00:00\",\"breadcrumb\":{\"@id\":\"https:\/\/aivlisoft.net\/shop\/producto\/spc-baamba-gyro-pro-4400\/#breadcrumb\"},\"inLanguage\":\"es\",\"potentialAction\":[{\"@type\":\"ReadAction\",\"target\":[\"https:\/\/aivlisoft.net\/shop\/producto\/spc-baamba-gyro-pro-4400\/\"]}]},{\"@type\":\"ImageObject\",\"inLanguage\":\"es\",\"@id\":\"https:\/\/aivlisoft.net\/shop\/producto\/spc-baamba-gyro-pro-4400\/#primaryimage\",\"url\":\"https:\/\/aivlisoft.net\/shop\/wp-content\/uploads\/2025\/01\/EPELIM0035_800.jpg\",\"contentUrl\":\"https:\/\/aivlisoft.net\/shop\/wp-content\/uploads\/2025\/01\/EPELIM0035_800.jpg\",\"width\":800,\"height\":800},{\"@type\":\"BreadcrumbList\",\"@id\":\"https:\/\/aivlisoft.net\/shop\/producto\/spc-baamba-gyro-pro-4400\/#breadcrumb\",\"itemListElement\":[{\"@type\":\"ListItem\",\"position\":1,\"name\":\"Portada\",\"item\":\"https:\/\/aivlisoft.net\/shop\/\"},{\"@type\":\"ListItem\",\"position\":2,\"name\":\"Tienda\",\"item\":\"https:\/\/aivlisoft.net\/shop\/tienda\/\"},{\"@type\":\"ListItem\",\"position\":3,\"name\":\"SPC BAAMBA GYRO PRO 4400\"}]},{\"@type\":\"WebSite\",\"@id\":\"https:\/\/aivlisoft.net\/shop\/#website\",\"url\":\"https:\/\/aivlisoft.net\/shop\/\",\"name\":\"Aivlisoft Inform\u00e1tica\",\"description\":\"En Aivlisoft Inform\u00e1tica ofrecemos soluciones tecnol\u00f3gicas para empresas: venta de ordenadores, consumibles, perif\u00e9ricos y m\u00e1s. Calidad, atenci\u00f3n personalizada y los mejores precios para tu negocio.\",\"publisher\":{\"@id\":\"https:\/\/aivlisoft.net\/shop\/#organization\"},\"potentialAction\":[{\"@type\":\"SearchAction\",\"target\":{\"@type\":\"EntryPoint\",\"urlTemplate\":\"https:\/\/aivlisoft.net\/shop\/?s={search_term_string}\"},\"query-input\":{\"@type\":\"PropertyValueSpecification\",\"valueRequired\":true,\"valueName\":\"search_term_string\"}}],\"inLanguage\":\"es\"},{\"@type\":\"Organization\",\"@id\":\"https:\/\/aivlisoft.net\/shop\/#organization\",\"name\":\"Aivlisoft Inform\u00e1tica\",\"url\":\"https:\/\/aivlisoft.net\/shop\/\",\"logo\":{\"@type\":\"ImageObject\",\"inLanguage\":\"es\",\"@id\":\"https:\/\/aivlisoft.net\/shop\/#\/schema\/logo\/image\/\",\"url\":\"https:\/\/aivlisoft.net\/shop\/wp-content\/uploads\/2024\/12\/removal.ai_5b848c54-0cdf-4140-95c5-c5536bb7573b-logodef.png\",\"contentUrl\":\"https:\/\/aivlisoft.net\/shop\/wp-content\/uploads\/2024\/12\/removal.ai_5b848c54-0cdf-4140-95c5-c5536bb7573b-logodef.png\",\"width\":484,\"height\":182,\"caption\":\"Aivlisoft Inform\u00e1tica\"},\"image\":{\"@id\":\"https:\/\/aivlisoft.net\/shop\/#\/schema\/logo\/image\/\"}}]}<\/script>\n<!-- \/ Yoast SEO plugin. -->","yoast_head_json":{"title":"SPC BAAMBA GYRO PRO 4400 - Aivlisoft Inform\u00e1tica","robots":{"index":"index","follow":"follow","max-snippet":"max-snippet:-1","max-image-preview":"max-image-preview:large","max-video-preview":"max-video-preview:-1"},"canonical":"https:\/\/aivlisoft.net\/shop\/producto\/spc-baamba-gyro-pro-4400\/","og_locale":"es_ES","og_type":"article","og_title":"SPC BAAMBA GYRO PRO 4400 - Aivlisoft Inform\u00e1tica","og_description":"Robot aspirador 4 en 1 que barre, aspira, pasa la mopa y friega todo tipo de suelos. Gracias a su novedosa tecnolog&iacute;a Gyro 4.0, limpia cada cent&iacute;metro de suelo y lo hace de una forma totalmente ordenada. Adem&aacute;s, para una comodidad total puedes ponerla en marcha mediante mando o a trav&eacute;s de la aplicaci&oacute;n SPC&hellip;&nbsp;SPC BAAMBA GYRO PRO 4400","og_url":"https:\/\/aivlisoft.net\/shop\/producto\/spc-baamba-gyro-pro-4400\/","og_site_name":"Aivlisoft Inform\u00e1tica","article_modified_time":"2025-01-14T10:36:56+00:00","og_image":[{"width":800,"height":800,"url":"https:\/\/aivlisoft.net\/shop\/wp-content\/uploads\/2025\/01\/EPELIM0035_800.jpg","type":"image\/jpeg"}],"twitter_card":"summary_large_image","twitter_misc":{"Tiempo de lectura":"2 minutos"},"schema":{"@context":"https:\/\/schema.org","@graph":[{"@type":"WebPage","@id":"https:\/\/aivlisoft.net\/shop\/producto\/spc-baamba-gyro-pro-4400\/","url":"https:\/\/aivlisoft.net\/shop\/producto\/spc-baamba-gyro-pro-4400\/","name":"SPC BAAMBA GYRO PRO 4400 - Aivlisoft Inform\u00e1tica","isPartOf":{"@id":"https:\/\/aivlisoft.net\/shop\/#website"},"primaryImageOfPage":{"@id":"https:\/\/aivlisoft.net\/shop\/producto\/spc-baamba-gyro-pro-4400\/#primaryimage"},"image":{"@id":"https:\/\/aivlisoft.net\/shop\/producto\/spc-baamba-gyro-pro-4400\/#primaryimage"},"thumbnailUrl":"https:\/\/aivlisoft.net\/shop\/wp-content\/uploads\/2025\/01\/EPELIM0035_800.jpg","datePublished":"2025-01-13T13:43:50+00:00","dateModified":"2025-01-14T10:36:56+00:00","breadcrumb":{"@id":"https:\/\/aivlisoft.net\/shop\/producto\/spc-baamba-gyro-pro-4400\/#breadcrumb"},"inLanguage":"es","potentialAction":[{"@type":"ReadAction","target":["https:\/\/aivlisoft.net\/shop\/producto\/spc-baamba-gyro-pro-4400\/"]}]},{"@type":"ImageObject","inLanguage":"es","@id":"https:\/\/aivlisoft.net\/shop\/producto\/spc-baamba-gyro-pro-4400\/#primaryimage","url":"https:\/\/aivlisoft.net\/shop\/wp-content\/uploads\/2025\/01\/EPELIM0035_800.jpg","contentUrl":"https:\/\/aivlisoft.net\/shop\/wp-content\/uploads\/2025\/01\/EPELIM0035_800.jpg","width":800,"height":800},{"@type":"BreadcrumbList","@id":"https:\/\/aivlisoft.net\/shop\/producto\/spc-baamba-gyro-pro-4400\/#breadcrumb","itemListElement":[{"@type":"ListItem","position":1,"name":"Portada","item":"https:\/\/aivlisoft.net\/shop\/"},{"@type":"ListItem","position":2,"name":"Tienda","item":"https:\/\/aivlisoft.net\/shop\/tienda\/"},{"@type":"ListItem","position":3,"name":"SPC BAAMBA GYRO PRO 4400"}]},{"@type":"WebSite","@id":"https:\/\/aivlisoft.net\/shop\/#website","url":"https:\/\/aivlisoft.net\/shop\/","name":"Aivlisoft Inform\u00e1tica","description":"En Aivlisoft Inform\u00e1tica ofrecemos soluciones tecnol\u00f3gicas para empresas: venta de ordenadores, consumibles, perif\u00e9ricos y m\u00e1s. Calidad, atenci\u00f3n personalizada y los mejores precios para tu negocio.","publisher":{"@id":"https:\/\/aivlisoft.net\/shop\/#organization"},"potentialAction":[{"@type":"SearchAction","target":{"@type":"EntryPoint","urlTemplate":"https:\/\/aivlisoft.net\/shop\/?s={search_term_string}"},"query-input":{"@type":"PropertyValueSpecification","valueRequired":true,"valueName":"search_term_string"}}],"inLanguage":"es"},{"@type":"Organization","@id":"https:\/\/aivlisoft.net\/shop\/#organization","name":"Aivlisoft Inform\u00e1tica","url":"https:\/\/aivlisoft.net\/shop\/","logo":{"@type":"ImageObject","inLanguage":"es","@id":"https:\/\/aivlisoft.net\/shop\/#\/schema\/logo\/image\/","url":"https:\/\/aivlisoft.net\/shop\/wp-content\/uploads\/2024\/12\/removal.ai_5b848c54-0cdf-4140-95c5-c5536bb7573b-logodef.png","contentUrl":"https:\/\/aivlisoft.net\/shop\/wp-content\/uploads\/2024\/12\/removal.ai_5b848c54-0cdf-4140-95c5-c5536bb7573b-logodef.png","width":484,"height":182,"caption":"Aivlisoft Inform\u00e1tica"},"image":{"@id":"https:\/\/aivlisoft.net\/shop\/#\/schema\/logo\/image\/"}}]}},"_links":{"self":[{"href":"https:\/\/aivlisoft.net\/shop\/wp-json\/wp\/v2\/product\/7959","targetHints":{"allow":["GET"]}}],"collection":[{"href":"https:\/\/aivlisoft.net\/shop\/wp-json\/wp\/v2\/product"}],"about":[{"href":"https:\/\/aivlisoft.net\/shop\/wp-json\/wp\/v2\/types\/product"}],"wp:featuredmedia":[{"embeddable":true,"href":"https:\/\/aivlisoft.net\/shop\/wp-json\/wp\/v2\/media\/7960"}],"wp:attachment":[{"href":"https:\/\/aivlisoft.net\/shop\/wp-json\/wp\/v2\/media?parent=7959"}],"wp:term":[{"taxonomy":"product_brand","embeddable":true,"href":"https:\/\/aivlisoft.net\/shop\/wp-json\/wp\/v2\/product_brand?post=7959"},{"taxonomy":"product_cat","embeddable":true,"href":"https:\/\/aivlisoft.net\/shop\/wp-json\/wp\/v2\/product_cat?post=7959"},{"taxonomy":"product_tag","embeddable":true,"href":"https:\/\/aivlisoft.net\/shop\/wp-json\/wp\/v2\/product_tag?post=7959"}],"curies":[{"name":"wp","href":"https:\/\/api.w.org\/{rel}","templated":true}]}}