{"id":7921,"date":"2025-01-13T13:43:34","date_gmt":"2025-01-13T13:43:34","guid":{"rendered":"https:\/\/aivlisoft.com\/?post_type=product&#038;p=7921"},"modified":"2025-01-14T10:36:45","modified_gmt":"2025-01-14T10:36:45","slug":"spc-bombilla-inteligente-aura450-wifi","status":"publish","type":"product","link":"https:\/\/aivlisoft.net\/shop\/producto\/spc-bombilla-inteligente-aura450-wifi\/","title":{"rendered":"SPC Bombilla Inteligente AURA450 Wifi"},"content":{"rendered":"<p><strong>PERSONALIZA EL AMBIENTE<\/strong><br \/>&iexcl;Ponle color y calor a tu d&iacute;a&hellip; y a tu casa! Con la bombilla inteligente Aura 3 en 1, a trav&eacute;s de la app SPC IoT, podr&aacute;s controlar y regular el color, tonalidad de blanco y la intensidad de la luz de tu casa.<\/p>\n<p><strong>DA LA LUZ DESDE CUALQUIER LUGAR<\/strong><br \/>&iquest;Quieres programar las bombillas Aura para que se enciendan 5 minutos antes de tu llegada? &iquest;Esta noche tienes planes, pero quieres que, desde el exterior, se vea luz en casa?&nbsp; A trav&eacute;s de la app de SPC IoT puedes establecer una regla, en cualquier momento y desde cualquier lugar, para que las luces se enciendan o apaguen cuando t&uacute; lo determines.<\/p>\n<p><strong>COMPATIBLE CON LOS PRINCIPALES ASISTENTES DE VOZ<\/strong><br \/>&iquest;Eres todo un pro del hogar inteligente y los Asistentes de Voz? Entonces te resultar&aacute; muy sencillo sincronizar tu SPC Aura con Amazon Alexa y Google Home a trav&eacute;s de la skill y action de SPC IoT. &iexcl;Llena de luz y tonalidades tu smart home!<\/p>\n<p><strong>UN COMPLETO ECOSISTEMA INTELIGENTE<\/strong><br \/>&iexcl;Toca, experimenta, prueba, trastea en la app SPC IoT para interconectar los diferentes dispositivos inteligentes de tu casa! Sincroniza bombillas, c&aacute;maras, enchufes, alarmas, sensores&#8230; Con la App SPC IoT las posibilidades son infinitas. It&rsquo;s so easy!<\/p>\n<table class=\"tabla_caracteristicas k-table\" width=\"100%\">\n<tr>\n<td><strong>Marca<\/strong><\/td>\n<td>SPC<\/td>\n<\/tr>\n<tr>\n<td><strong>Modelo<\/strong><\/td>\n<td><strong>6114B<\/strong><\/td>\n<\/tr>\n<tr>\n<td><strong>Caracter&iacute;sticas<\/strong><\/td>\n<td>&#8211; Conector GU10<br \/>\t\t\t&#8211; Color RGB y blanco (2700K-6500K)<br \/>\t\t\t&#8211; Potencia 5.5W<br \/>\t\t\t&#8211; Equivalente 40W<br \/>\t\t\t&#8211; Flujo luminoso total 450 (Im)<br \/>\t\t\t&#8211; 15000 horas de duraci&oacute;n.<br \/>\t\t\t&#8211; Longitud de 56 mm<br \/>\t\t\t&#8211; Clase energ&eacute;tica A+<br \/>\t\t\t<strong>Compatible con<\/strong><br \/>\t\t\t&#8211; Android<br \/>\t\t\t&#8211; IOS<br \/>\t\t\t&#8211; Amazon Alexa<br \/>\t\t\t&#8211; Google Assistant<br \/>\t\t\t<strong>Contenido<\/strong><br \/>\t\t\t&#8211; 2 x Bombilla Aura 450<br \/>\t\t\t&#8211; Gu&iacute;a r&aacute;pida<\/td>\n<\/tr>\n<tr>\n<td><strong>Fecha de revisi&oacute;n<\/strong><\/td>\n<td>01-02-2021 por MPM<\/td>\n<\/tr>\n<\/table>\n","protected":false},"excerpt":{"rendered":"<p>PERSONALIZA EL AMBIENTE&iexcl;Ponle color y calor a tu d&iacute;a&hellip; y a tu casa! Con la bombilla inteligente Aura 3 en 1, a trav&eacute;s de la app SPC IoT, podr&aacute;s controlar y regular el color, tonalidad de blanco y la intensidad de la luz de tu casa. DA LA LUZ DESDE CUALQUIER LUGAR&iquest;Quieres programar las bombillas&hellip;&nbsp;<a href=\"https:\/\/aivlisoft.net\/shop\/producto\/spc-bombilla-inteligente-aura450-wifi\/\" rel=\"bookmark\"><span class=\"screen-reader-text\">SPC Bombilla Inteligente AURA450 Wifi<\/span><\/a><\/p>\n","protected":false},"featured_media":7922,"template":"","meta":{"neve_meta_sidebar":"","neve_meta_container":"","neve_meta_enable_content_width":"","neve_meta_content_width":0,"neve_meta_title_alignment":"","neve_meta_author_avatar":"","neve_post_elements_order":"","neve_meta_disable_header":"","neve_meta_disable_footer":"","neve_meta_disable_title":""},"product_brand":[],"product_cat":[15],"product_tag":[2946],"class_list":{"0":"post-7921","1":"product","2":"type-product","3":"status-publish","4":"has-post-thumbnail","6":"product_cat-sin-categorizar","7":"product_tag-6114b","9":"first","10":"instock","11":"taxable","12":"shipping-taxable","13":"purchasable","14":"product-type-simple"},"yoast_head":"<!-- This site is optimized with the Yoast SEO plugin v26.0 - https:\/\/yoast.com\/wordpress\/plugins\/seo\/ -->\n<title>SPC Bombilla Inteligente AURA450 Wifi - Aivlisoft Inform\u00e1tica<\/title>\n<meta name=\"robots\" content=\"index, follow, max-snippet:-1, max-image-preview:large, max-video-preview:-1\" \/>\n<link rel=\"canonical\" href=\"https:\/\/aivlisoft.net\/shop\/producto\/spc-bombilla-inteligente-aura450-wifi\/\" \/>\n<meta property=\"og:locale\" content=\"es_ES\" \/>\n<meta property=\"og:type\" content=\"article\" \/>\n<meta property=\"og:title\" content=\"SPC Bombilla Inteligente AURA450 Wifi - Aivlisoft Inform\u00e1tica\" \/>\n<meta property=\"og:description\" content=\"PERSONALIZA EL AMBIENTE&iexcl;Ponle color y calor a tu d&iacute;a&hellip; y a tu casa! Con la bombilla inteligente Aura 3 en 1, a trav&eacute;s de la app SPC IoT, podr&aacute;s controlar y regular el color, tonalidad de blanco y la intensidad de la luz de tu casa. DA LA LUZ DESDE CUALQUIER LUGAR&iquest;Quieres programar las bombillas&hellip;&nbsp;SPC Bombilla Inteligente AURA450 Wifi\" \/>\n<meta property=\"og:url\" content=\"https:\/\/aivlisoft.net\/shop\/producto\/spc-bombilla-inteligente-aura450-wifi\/\" \/>\n<meta property=\"og:site_name\" content=\"Aivlisoft Inform\u00e1tica\" \/>\n<meta property=\"article:modified_time\" content=\"2025-01-14T10:36:45+00:00\" \/>\n<meta property=\"og:image\" content=\"https:\/\/aivlisoft.net\/shop\/wp-content\/uploads\/2025\/01\/EILIAE0030_800.jpg\" \/>\n\t<meta property=\"og:image:width\" content=\"800\" \/>\n\t<meta property=\"og:image:height\" content=\"800\" \/>\n\t<meta property=\"og:image:type\" content=\"image\/jpeg\" \/>\n<meta name=\"twitter:card\" content=\"summary_large_image\" \/>\n<meta name=\"twitter:label1\" content=\"Tiempo de lectura\" \/>\n\t<meta name=\"twitter:data1\" content=\"2 minutos\" \/>\n<script type=\"application\/ld+json\" class=\"yoast-schema-graph\">{\"@context\":\"https:\/\/schema.org\",\"@graph\":[{\"@type\":\"WebPage\",\"@id\":\"https:\/\/aivlisoft.net\/shop\/producto\/spc-bombilla-inteligente-aura450-wifi\/\",\"url\":\"https:\/\/aivlisoft.net\/shop\/producto\/spc-bombilla-inteligente-aura450-wifi\/\",\"name\":\"SPC Bombilla Inteligente AURA450 Wifi - Aivlisoft Inform\u00e1tica\",\"isPartOf\":{\"@id\":\"https:\/\/aivlisoft.net\/shop\/#website\"},\"primaryImageOfPage\":{\"@id\":\"https:\/\/aivlisoft.net\/shop\/producto\/spc-bombilla-inteligente-aura450-wifi\/#primaryimage\"},\"image\":{\"@id\":\"https:\/\/aivlisoft.net\/shop\/producto\/spc-bombilla-inteligente-aura450-wifi\/#primaryimage\"},\"thumbnailUrl\":\"https:\/\/aivlisoft.net\/shop\/wp-content\/uploads\/2025\/01\/EILIAE0030_800.jpg\",\"datePublished\":\"2025-01-13T13:43:34+00:00\",\"dateModified\":\"2025-01-14T10:36:45+00:00\",\"breadcrumb\":{\"@id\":\"https:\/\/aivlisoft.net\/shop\/producto\/spc-bombilla-inteligente-aura450-wifi\/#breadcrumb\"},\"inLanguage\":\"es\",\"potentialAction\":[{\"@type\":\"ReadAction\",\"target\":[\"https:\/\/aivlisoft.net\/shop\/producto\/spc-bombilla-inteligente-aura450-wifi\/\"]}]},{\"@type\":\"ImageObject\",\"inLanguage\":\"es\",\"@id\":\"https:\/\/aivlisoft.net\/shop\/producto\/spc-bombilla-inteligente-aura450-wifi\/#primaryimage\",\"url\":\"https:\/\/aivlisoft.net\/shop\/wp-content\/uploads\/2025\/01\/EILIAE0030_800.jpg\",\"contentUrl\":\"https:\/\/aivlisoft.net\/shop\/wp-content\/uploads\/2025\/01\/EILIAE0030_800.jpg\",\"width\":800,\"height\":800},{\"@type\":\"BreadcrumbList\",\"@id\":\"https:\/\/aivlisoft.net\/shop\/producto\/spc-bombilla-inteligente-aura450-wifi\/#breadcrumb\",\"itemListElement\":[{\"@type\":\"ListItem\",\"position\":1,\"name\":\"Portada\",\"item\":\"https:\/\/aivlisoft.net\/shop\/\"},{\"@type\":\"ListItem\",\"position\":2,\"name\":\"Tienda\",\"item\":\"https:\/\/aivlisoft.net\/shop\/tienda\/\"},{\"@type\":\"ListItem\",\"position\":3,\"name\":\"SPC Bombilla Inteligente AURA450 Wifi\"}]},{\"@type\":\"WebSite\",\"@id\":\"https:\/\/aivlisoft.net\/shop\/#website\",\"url\":\"https:\/\/aivlisoft.net\/shop\/\",\"name\":\"Aivlisoft Inform\u00e1tica\",\"description\":\"En Aivlisoft Inform\u00e1tica ofrecemos soluciones tecnol\u00f3gicas para empresas: venta de ordenadores, consumibles, perif\u00e9ricos y m\u00e1s. Calidad, atenci\u00f3n personalizada y los mejores precios para tu negocio.\",\"publisher\":{\"@id\":\"https:\/\/aivlisoft.net\/shop\/#organization\"},\"potentialAction\":[{\"@type\":\"SearchAction\",\"target\":{\"@type\":\"EntryPoint\",\"urlTemplate\":\"https:\/\/aivlisoft.net\/shop\/?s={search_term_string}\"},\"query-input\":{\"@type\":\"PropertyValueSpecification\",\"valueRequired\":true,\"valueName\":\"search_term_string\"}}],\"inLanguage\":\"es\"},{\"@type\":\"Organization\",\"@id\":\"https:\/\/aivlisoft.net\/shop\/#organization\",\"name\":\"Aivlisoft Inform\u00e1tica\",\"url\":\"https:\/\/aivlisoft.net\/shop\/\",\"logo\":{\"@type\":\"ImageObject\",\"inLanguage\":\"es\",\"@id\":\"https:\/\/aivlisoft.net\/shop\/#\/schema\/logo\/image\/\",\"url\":\"https:\/\/aivlisoft.net\/shop\/wp-content\/uploads\/2024\/12\/removal.ai_5b848c54-0cdf-4140-95c5-c5536bb7573b-logodef.png\",\"contentUrl\":\"https:\/\/aivlisoft.net\/shop\/wp-content\/uploads\/2024\/12\/removal.ai_5b848c54-0cdf-4140-95c5-c5536bb7573b-logodef.png\",\"width\":484,\"height\":182,\"caption\":\"Aivlisoft Inform\u00e1tica\"},\"image\":{\"@id\":\"https:\/\/aivlisoft.net\/shop\/#\/schema\/logo\/image\/\"}}]}<\/script>\n<!-- \/ Yoast SEO plugin. -->","yoast_head_json":{"title":"SPC Bombilla Inteligente AURA450 Wifi - Aivlisoft Inform\u00e1tica","robots":{"index":"index","follow":"follow","max-snippet":"max-snippet:-1","max-image-preview":"max-image-preview:large","max-video-preview":"max-video-preview:-1"},"canonical":"https:\/\/aivlisoft.net\/shop\/producto\/spc-bombilla-inteligente-aura450-wifi\/","og_locale":"es_ES","og_type":"article","og_title":"SPC Bombilla Inteligente AURA450 Wifi - Aivlisoft Inform\u00e1tica","og_description":"PERSONALIZA EL AMBIENTE&iexcl;Ponle color y calor a tu d&iacute;a&hellip; y a tu casa! Con la bombilla inteligente Aura 3 en 1, a trav&eacute;s de la app SPC IoT, podr&aacute;s controlar y regular el color, tonalidad de blanco y la intensidad de la luz de tu casa. DA LA LUZ DESDE CUALQUIER LUGAR&iquest;Quieres programar las bombillas&hellip;&nbsp;SPC Bombilla Inteligente AURA450 Wifi","og_url":"https:\/\/aivlisoft.net\/shop\/producto\/spc-bombilla-inteligente-aura450-wifi\/","og_site_name":"Aivlisoft Inform\u00e1tica","article_modified_time":"2025-01-14T10:36:45+00:00","og_image":[{"width":800,"height":800,"url":"https:\/\/aivlisoft.net\/shop\/wp-content\/uploads\/2025\/01\/EILIAE0030_800.jpg","type":"image\/jpeg"}],"twitter_card":"summary_large_image","twitter_misc":{"Tiempo de lectura":"2 minutos"},"schema":{"@context":"https:\/\/schema.org","@graph":[{"@type":"WebPage","@id":"https:\/\/aivlisoft.net\/shop\/producto\/spc-bombilla-inteligente-aura450-wifi\/","url":"https:\/\/aivlisoft.net\/shop\/producto\/spc-bombilla-inteligente-aura450-wifi\/","name":"SPC Bombilla Inteligente AURA450 Wifi - Aivlisoft Inform\u00e1tica","isPartOf":{"@id":"https:\/\/aivlisoft.net\/shop\/#website"},"primaryImageOfPage":{"@id":"https:\/\/aivlisoft.net\/shop\/producto\/spc-bombilla-inteligente-aura450-wifi\/#primaryimage"},"image":{"@id":"https:\/\/aivlisoft.net\/shop\/producto\/spc-bombilla-inteligente-aura450-wifi\/#primaryimage"},"thumbnailUrl":"https:\/\/aivlisoft.net\/shop\/wp-content\/uploads\/2025\/01\/EILIAE0030_800.jpg","datePublished":"2025-01-13T13:43:34+00:00","dateModified":"2025-01-14T10:36:45+00:00","breadcrumb":{"@id":"https:\/\/aivlisoft.net\/shop\/producto\/spc-bombilla-inteligente-aura450-wifi\/#breadcrumb"},"inLanguage":"es","potentialAction":[{"@type":"ReadAction","target":["https:\/\/aivlisoft.net\/shop\/producto\/spc-bombilla-inteligente-aura450-wifi\/"]}]},{"@type":"ImageObject","inLanguage":"es","@id":"https:\/\/aivlisoft.net\/shop\/producto\/spc-bombilla-inteligente-aura450-wifi\/#primaryimage","url":"https:\/\/aivlisoft.net\/shop\/wp-content\/uploads\/2025\/01\/EILIAE0030_800.jpg","contentUrl":"https:\/\/aivlisoft.net\/shop\/wp-content\/uploads\/2025\/01\/EILIAE0030_800.jpg","width":800,"height":800},{"@type":"BreadcrumbList","@id":"https:\/\/aivlisoft.net\/shop\/producto\/spc-bombilla-inteligente-aura450-wifi\/#breadcrumb","itemListElement":[{"@type":"ListItem","position":1,"name":"Portada","item":"https:\/\/aivlisoft.net\/shop\/"},{"@type":"ListItem","position":2,"name":"Tienda","item":"https:\/\/aivlisoft.net\/shop\/tienda\/"},{"@type":"ListItem","position":3,"name":"SPC Bombilla Inteligente AURA450 Wifi"}]},{"@type":"WebSite","@id":"https:\/\/aivlisoft.net\/shop\/#website","url":"https:\/\/aivlisoft.net\/shop\/","name":"Aivlisoft Inform\u00e1tica","description":"En Aivlisoft Inform\u00e1tica ofrecemos soluciones tecnol\u00f3gicas para empresas: venta de ordenadores, consumibles, perif\u00e9ricos y m\u00e1s. Calidad, atenci\u00f3n personalizada y los mejores precios para tu negocio.","publisher":{"@id":"https:\/\/aivlisoft.net\/shop\/#organization"},"potentialAction":[{"@type":"SearchAction","target":{"@type":"EntryPoint","urlTemplate":"https:\/\/aivlisoft.net\/shop\/?s={search_term_string}"},"query-input":{"@type":"PropertyValueSpecification","valueRequired":true,"valueName":"search_term_string"}}],"inLanguage":"es"},{"@type":"Organization","@id":"https:\/\/aivlisoft.net\/shop\/#organization","name":"Aivlisoft Inform\u00e1tica","url":"https:\/\/aivlisoft.net\/shop\/","logo":{"@type":"ImageObject","inLanguage":"es","@id":"https:\/\/aivlisoft.net\/shop\/#\/schema\/logo\/image\/","url":"https:\/\/aivlisoft.net\/shop\/wp-content\/uploads\/2024\/12\/removal.ai_5b848c54-0cdf-4140-95c5-c5536bb7573b-logodef.png","contentUrl":"https:\/\/aivlisoft.net\/shop\/wp-content\/uploads\/2024\/12\/removal.ai_5b848c54-0cdf-4140-95c5-c5536bb7573b-logodef.png","width":484,"height":182,"caption":"Aivlisoft Inform\u00e1tica"},"image":{"@id":"https:\/\/aivlisoft.net\/shop\/#\/schema\/logo\/image\/"}}]}},"_links":{"self":[{"href":"https:\/\/aivlisoft.net\/shop\/wp-json\/wp\/v2\/product\/7921","targetHints":{"allow":["GET"]}}],"collection":[{"href":"https:\/\/aivlisoft.net\/shop\/wp-json\/wp\/v2\/product"}],"about":[{"href":"https:\/\/aivlisoft.net\/shop\/wp-json\/wp\/v2\/types\/product"}],"wp:featuredmedia":[{"embeddable":true,"href":"https:\/\/aivlisoft.net\/shop\/wp-json\/wp\/v2\/media\/7922"}],"wp:attachment":[{"href":"https:\/\/aivlisoft.net\/shop\/wp-json\/wp\/v2\/media?parent=7921"}],"wp:term":[{"taxonomy":"product_brand","embeddable":true,"href":"https:\/\/aivlisoft.net\/shop\/wp-json\/wp\/v2\/product_brand?post=7921"},{"taxonomy":"product_cat","embeddable":true,"href":"https:\/\/aivlisoft.net\/shop\/wp-json\/wp\/v2\/product_cat?post=7921"},{"taxonomy":"product_tag","embeddable":true,"href":"https:\/\/aivlisoft.net\/shop\/wp-json\/wp\/v2\/product_tag?post=7921"}],"curies":[{"name":"wp","href":"https:\/\/api.w.org\/{rel}","templated":true}]}}