{"id":7542,"date":"2025-01-13T13:39:40","date_gmt":"2025-01-13T13:39:40","guid":{"rendered":"https:\/\/aivlisoft.com\/?post_type=product&#038;p=7542"},"modified":"2025-01-14T16:21:02","modified_gmt":"2025-01-14T16:21:02","slug":"epson-cartucho-603xl-amarillo","status":"publish","type":"product","link":"https:\/\/aivlisoft.net\/shop\/producto\/epson-cartucho-603xl-amarillo\/","title":{"rendered":"Epson Cartucho 603XL Amarillo"},"content":{"rendered":"<p><strong><\/strong><\/p>\n<table class=\"Tabla_Caracteristicas k-table\" width=\"100%\">\n<tbody>\n<tr>\n<td><strong>Marca<\/strong><\/td>\n<td>Epson<\/td>\n<\/tr>\n<tr>\n<td valign=\"top\"><strong>Modelo<\/strong><\/td>\n<td><strong><\/strong><strong>C13T03A44010<\/strong><\/td>\n<\/tr>\n<tr>\n<td valign=\"top\"><strong>Caracter&iacute;sticas<\/strong><\/td>\n<td>&#8211; Tipo de consumible: Cartucho de tinta<br \/>&#8211; Tecnolog&iacute;a de impresi&oacute;n: Chorro de tinta<br \/>&#8211; Color: Amarillo<br \/>&#8211; Capacidad: 4.0 ml<br \/>&#8211; Rendimiento del cartucho: XL<\/td>\n<\/tr>\n<tr>\n<td valign=\"top\"><strong>Compatibilidad<\/strong><\/td>\n<td>&#8211; WorkForce WF-2850DWF<br \/>&#8211; WorkForce WF-2835DWF<br \/>&#8211; WorkForce WF-2830DWF<br \/>&#8211; WorkForce WF-2810DWF <br \/>&#8211; Expression Home XP-4105<br \/>&#8211; Expression Home XP-4100<br \/>&#8211; Expression Home XP-3105<br \/>&#8211; Expression Home XP-3100<br \/>&#8211; Expression Home XP-2105<br \/>&#8211; Expression Home XP-2100<\/td>\n<\/tr>\n<tr>\n<td><strong>Fecha de revisi&oacute;n<\/strong><\/td>\n<td>23-01-2020 por MSB<\/td>\n<\/tr>\n<\/tbody>\n<\/table>\n","protected":false},"excerpt":{"rendered":"<p>Marca Epson Modelo C13T03A44010 Caracter&iacute;sticas &#8211; Tipo de consumible: Cartucho de tinta&#8211; Tecnolog&iacute;a de impresi&oacute;n: Chorro de tinta&#8211; Color: Amarillo&#8211; Capacidad: 4.0 ml&#8211; Rendimiento del cartucho: XL Compatibilidad &#8211; WorkForce WF-2850DWF&#8211; WorkForce WF-2835DWF&#8211; WorkForce WF-2830DWF&#8211; WorkForce WF-2810DWF &#8211; Expression Home XP-4105&#8211; Expression Home XP-4100&#8211; Expression Home XP-3105&#8211; Expression Home XP-3100&#8211; Expression Home XP-2105&#8211; Expression Home&hellip;&nbsp;<a href=\"https:\/\/aivlisoft.net\/shop\/producto\/epson-cartucho-603xl-amarillo\/\" rel=\"bookmark\"><span class=\"screen-reader-text\">Epson Cartucho 603XL Amarillo<\/span><\/a><\/p>\n","protected":false},"featured_media":7543,"template":"","meta":{"neve_meta_sidebar":"","neve_meta_container":"","neve_meta_enable_content_width":"","neve_meta_content_width":0,"neve_meta_title_alignment":"","neve_meta_author_avatar":"","neve_post_elements_order":"","neve_meta_disable_header":"","neve_meta_disable_footer":"","neve_meta_disable_title":""},"product_brand":[],"product_cat":[15,8790,8787],"product_tag":[2544],"class_list":{"0":"post-7542","1":"product","2":"type-product","3":"status-publish","4":"has-post-thumbnail","6":"product_cat-sin-categorizar","7":"product_cat-cartuchos","8":"product_cat-consumibles","9":"product_tag-c13t03a44010","11":"first","12":"instock","13":"taxable","14":"shipping-taxable","15":"purchasable","16":"product-type-simple"},"yoast_head":"<!-- This site is optimized with the Yoast SEO plugin v26.0 - https:\/\/yoast.com\/wordpress\/plugins\/seo\/ -->\n<title>Epson Cartucho 603XL Amarillo - Aivlisoft Inform\u00e1tica<\/title>\n<meta name=\"robots\" content=\"index, follow, max-snippet:-1, max-image-preview:large, max-video-preview:-1\" \/>\n<link rel=\"canonical\" href=\"https:\/\/aivlisoft.net\/shop\/producto\/epson-cartucho-603xl-amarillo\/\" \/>\n<meta property=\"og:locale\" content=\"es_ES\" \/>\n<meta property=\"og:type\" content=\"article\" \/>\n<meta property=\"og:title\" content=\"Epson Cartucho 603XL Amarillo - Aivlisoft Inform\u00e1tica\" \/>\n<meta property=\"og:description\" content=\"Marca Epson Modelo C13T03A44010 Caracter&iacute;sticas &#8211; Tipo de consumible: Cartucho de tinta&#8211; Tecnolog&iacute;a de impresi&oacute;n: Chorro de tinta&#8211; Color: Amarillo&#8211; Capacidad: 4.0 ml&#8211; Rendimiento del cartucho: XL Compatibilidad &#8211; WorkForce WF-2850DWF&#8211; WorkForce WF-2835DWF&#8211; WorkForce WF-2830DWF&#8211; WorkForce WF-2810DWF &#8211; Expression Home XP-4105&#8211; Expression Home XP-4100&#8211; Expression Home XP-3105&#8211; Expression Home XP-3100&#8211; Expression Home XP-2105&#8211; Expression Home&hellip;&nbsp;Epson Cartucho 603XL Amarillo\" \/>\n<meta property=\"og:url\" content=\"https:\/\/aivlisoft.net\/shop\/producto\/epson-cartucho-603xl-amarillo\/\" \/>\n<meta property=\"og:site_name\" content=\"Aivlisoft Inform\u00e1tica\" \/>\n<meta property=\"article:modified_time\" content=\"2025-01-14T16:21:02+00:00\" \/>\n<meta property=\"og:image\" content=\"https:\/\/aivlisoft.net\/shop\/wp-content\/uploads\/2025\/01\/CCICTO0802_800-1.jpg\" \/>\n\t<meta property=\"og:image:width\" content=\"800\" \/>\n\t<meta property=\"og:image:height\" content=\"800\" \/>\n\t<meta property=\"og:image:type\" content=\"image\/jpeg\" \/>\n<meta name=\"twitter:card\" content=\"summary_large_image\" \/>\n<script type=\"application\/ld+json\" class=\"yoast-schema-graph\">{\"@context\":\"https:\/\/schema.org\",\"@graph\":[{\"@type\":\"WebPage\",\"@id\":\"https:\/\/aivlisoft.net\/shop\/producto\/epson-cartucho-603xl-amarillo\/\",\"url\":\"https:\/\/aivlisoft.net\/shop\/producto\/epson-cartucho-603xl-amarillo\/\",\"name\":\"Epson Cartucho 603XL Amarillo - Aivlisoft Inform\u00e1tica\",\"isPartOf\":{\"@id\":\"https:\/\/aivlisoft.net\/shop\/#website\"},\"primaryImageOfPage\":{\"@id\":\"https:\/\/aivlisoft.net\/shop\/producto\/epson-cartucho-603xl-amarillo\/#primaryimage\"},\"image\":{\"@id\":\"https:\/\/aivlisoft.net\/shop\/producto\/epson-cartucho-603xl-amarillo\/#primaryimage\"},\"thumbnailUrl\":\"https:\/\/aivlisoft.net\/shop\/wp-content\/uploads\/2025\/01\/CCICTO0802_800-1.jpg\",\"datePublished\":\"2025-01-13T13:39:40+00:00\",\"dateModified\":\"2025-01-14T16:21:02+00:00\",\"breadcrumb\":{\"@id\":\"https:\/\/aivlisoft.net\/shop\/producto\/epson-cartucho-603xl-amarillo\/#breadcrumb\"},\"inLanguage\":\"es\",\"potentialAction\":[{\"@type\":\"ReadAction\",\"target\":[\"https:\/\/aivlisoft.net\/shop\/producto\/epson-cartucho-603xl-amarillo\/\"]}]},{\"@type\":\"ImageObject\",\"inLanguage\":\"es\",\"@id\":\"https:\/\/aivlisoft.net\/shop\/producto\/epson-cartucho-603xl-amarillo\/#primaryimage\",\"url\":\"https:\/\/aivlisoft.net\/shop\/wp-content\/uploads\/2025\/01\/CCICTO0802_800-1.jpg\",\"contentUrl\":\"https:\/\/aivlisoft.net\/shop\/wp-content\/uploads\/2025\/01\/CCICTO0802_800-1.jpg\",\"width\":800,\"height\":800},{\"@type\":\"BreadcrumbList\",\"@id\":\"https:\/\/aivlisoft.net\/shop\/producto\/epson-cartucho-603xl-amarillo\/#breadcrumb\",\"itemListElement\":[{\"@type\":\"ListItem\",\"position\":1,\"name\":\"Portada\",\"item\":\"https:\/\/aivlisoft.net\/shop\/\"},{\"@type\":\"ListItem\",\"position\":2,\"name\":\"Tienda\",\"item\":\"https:\/\/aivlisoft.net\/shop\/tienda\/\"},{\"@type\":\"ListItem\",\"position\":3,\"name\":\"Epson Cartucho 603XL Amarillo\"}]},{\"@type\":\"WebSite\",\"@id\":\"https:\/\/aivlisoft.net\/shop\/#website\",\"url\":\"https:\/\/aivlisoft.net\/shop\/\",\"name\":\"Aivlisoft Inform\u00e1tica\",\"description\":\"En Aivlisoft Inform\u00e1tica ofrecemos soluciones tecnol\u00f3gicas para empresas: venta de ordenadores, consumibles, perif\u00e9ricos y m\u00e1s. Calidad, atenci\u00f3n personalizada y los mejores precios para tu negocio.\",\"publisher\":{\"@id\":\"https:\/\/aivlisoft.net\/shop\/#organization\"},\"potentialAction\":[{\"@type\":\"SearchAction\",\"target\":{\"@type\":\"EntryPoint\",\"urlTemplate\":\"https:\/\/aivlisoft.net\/shop\/?s={search_term_string}\"},\"query-input\":{\"@type\":\"PropertyValueSpecification\",\"valueRequired\":true,\"valueName\":\"search_term_string\"}}],\"inLanguage\":\"es\"},{\"@type\":\"Organization\",\"@id\":\"https:\/\/aivlisoft.net\/shop\/#organization\",\"name\":\"Aivlisoft Inform\u00e1tica\",\"url\":\"https:\/\/aivlisoft.net\/shop\/\",\"logo\":{\"@type\":\"ImageObject\",\"inLanguage\":\"es\",\"@id\":\"https:\/\/aivlisoft.net\/shop\/#\/schema\/logo\/image\/\",\"url\":\"https:\/\/aivlisoft.net\/shop\/wp-content\/uploads\/2024\/12\/removal.ai_5b848c54-0cdf-4140-95c5-c5536bb7573b-logodef.png\",\"contentUrl\":\"https:\/\/aivlisoft.net\/shop\/wp-content\/uploads\/2024\/12\/removal.ai_5b848c54-0cdf-4140-95c5-c5536bb7573b-logodef.png\",\"width\":484,\"height\":182,\"caption\":\"Aivlisoft Inform\u00e1tica\"},\"image\":{\"@id\":\"https:\/\/aivlisoft.net\/shop\/#\/schema\/logo\/image\/\"}}]}<\/script>\n<!-- \/ Yoast SEO plugin. -->","yoast_head_json":{"title":"Epson Cartucho 603XL Amarillo - Aivlisoft Inform\u00e1tica","robots":{"index":"index","follow":"follow","max-snippet":"max-snippet:-1","max-image-preview":"max-image-preview:large","max-video-preview":"max-video-preview:-1"},"canonical":"https:\/\/aivlisoft.net\/shop\/producto\/epson-cartucho-603xl-amarillo\/","og_locale":"es_ES","og_type":"article","og_title":"Epson Cartucho 603XL Amarillo - Aivlisoft Inform\u00e1tica","og_description":"Marca Epson Modelo C13T03A44010 Caracter&iacute;sticas &#8211; Tipo de consumible: Cartucho de tinta&#8211; Tecnolog&iacute;a de impresi&oacute;n: Chorro de tinta&#8211; Color: Amarillo&#8211; Capacidad: 4.0 ml&#8211; Rendimiento del cartucho: XL Compatibilidad &#8211; WorkForce WF-2850DWF&#8211; WorkForce WF-2835DWF&#8211; WorkForce WF-2830DWF&#8211; WorkForce WF-2810DWF &#8211; Expression Home XP-4105&#8211; Expression Home XP-4100&#8211; Expression Home XP-3105&#8211; Expression Home XP-3100&#8211; Expression Home XP-2105&#8211; Expression Home&hellip;&nbsp;Epson Cartucho 603XL Amarillo","og_url":"https:\/\/aivlisoft.net\/shop\/producto\/epson-cartucho-603xl-amarillo\/","og_site_name":"Aivlisoft Inform\u00e1tica","article_modified_time":"2025-01-14T16:21:02+00:00","og_image":[{"width":800,"height":800,"url":"https:\/\/aivlisoft.net\/shop\/wp-content\/uploads\/2025\/01\/CCICTO0802_800-1.jpg","type":"image\/jpeg"}],"twitter_card":"summary_large_image","schema":{"@context":"https:\/\/schema.org","@graph":[{"@type":"WebPage","@id":"https:\/\/aivlisoft.net\/shop\/producto\/epson-cartucho-603xl-amarillo\/","url":"https:\/\/aivlisoft.net\/shop\/producto\/epson-cartucho-603xl-amarillo\/","name":"Epson Cartucho 603XL Amarillo - Aivlisoft Inform\u00e1tica","isPartOf":{"@id":"https:\/\/aivlisoft.net\/shop\/#website"},"primaryImageOfPage":{"@id":"https:\/\/aivlisoft.net\/shop\/producto\/epson-cartucho-603xl-amarillo\/#primaryimage"},"image":{"@id":"https:\/\/aivlisoft.net\/shop\/producto\/epson-cartucho-603xl-amarillo\/#primaryimage"},"thumbnailUrl":"https:\/\/aivlisoft.net\/shop\/wp-content\/uploads\/2025\/01\/CCICTO0802_800-1.jpg","datePublished":"2025-01-13T13:39:40+00:00","dateModified":"2025-01-14T16:21:02+00:00","breadcrumb":{"@id":"https:\/\/aivlisoft.net\/shop\/producto\/epson-cartucho-603xl-amarillo\/#breadcrumb"},"inLanguage":"es","potentialAction":[{"@type":"ReadAction","target":["https:\/\/aivlisoft.net\/shop\/producto\/epson-cartucho-603xl-amarillo\/"]}]},{"@type":"ImageObject","inLanguage":"es","@id":"https:\/\/aivlisoft.net\/shop\/producto\/epson-cartucho-603xl-amarillo\/#primaryimage","url":"https:\/\/aivlisoft.net\/shop\/wp-content\/uploads\/2025\/01\/CCICTO0802_800-1.jpg","contentUrl":"https:\/\/aivlisoft.net\/shop\/wp-content\/uploads\/2025\/01\/CCICTO0802_800-1.jpg","width":800,"height":800},{"@type":"BreadcrumbList","@id":"https:\/\/aivlisoft.net\/shop\/producto\/epson-cartucho-603xl-amarillo\/#breadcrumb","itemListElement":[{"@type":"ListItem","position":1,"name":"Portada","item":"https:\/\/aivlisoft.net\/shop\/"},{"@type":"ListItem","position":2,"name":"Tienda","item":"https:\/\/aivlisoft.net\/shop\/tienda\/"},{"@type":"ListItem","position":3,"name":"Epson Cartucho 603XL Amarillo"}]},{"@type":"WebSite","@id":"https:\/\/aivlisoft.net\/shop\/#website","url":"https:\/\/aivlisoft.net\/shop\/","name":"Aivlisoft Inform\u00e1tica","description":"En Aivlisoft Inform\u00e1tica ofrecemos soluciones tecnol\u00f3gicas para empresas: venta de ordenadores, consumibles, perif\u00e9ricos y m\u00e1s. Calidad, atenci\u00f3n personalizada y los mejores precios para tu negocio.","publisher":{"@id":"https:\/\/aivlisoft.net\/shop\/#organization"},"potentialAction":[{"@type":"SearchAction","target":{"@type":"EntryPoint","urlTemplate":"https:\/\/aivlisoft.net\/shop\/?s={search_term_string}"},"query-input":{"@type":"PropertyValueSpecification","valueRequired":true,"valueName":"search_term_string"}}],"inLanguage":"es"},{"@type":"Organization","@id":"https:\/\/aivlisoft.net\/shop\/#organization","name":"Aivlisoft Inform\u00e1tica","url":"https:\/\/aivlisoft.net\/shop\/","logo":{"@type":"ImageObject","inLanguage":"es","@id":"https:\/\/aivlisoft.net\/shop\/#\/schema\/logo\/image\/","url":"https:\/\/aivlisoft.net\/shop\/wp-content\/uploads\/2024\/12\/removal.ai_5b848c54-0cdf-4140-95c5-c5536bb7573b-logodef.png","contentUrl":"https:\/\/aivlisoft.net\/shop\/wp-content\/uploads\/2024\/12\/removal.ai_5b848c54-0cdf-4140-95c5-c5536bb7573b-logodef.png","width":484,"height":182,"caption":"Aivlisoft Inform\u00e1tica"},"image":{"@id":"https:\/\/aivlisoft.net\/shop\/#\/schema\/logo\/image\/"}}]}},"_links":{"self":[{"href":"https:\/\/aivlisoft.net\/shop\/wp-json\/wp\/v2\/product\/7542","targetHints":{"allow":["GET"]}}],"collection":[{"href":"https:\/\/aivlisoft.net\/shop\/wp-json\/wp\/v2\/product"}],"about":[{"href":"https:\/\/aivlisoft.net\/shop\/wp-json\/wp\/v2\/types\/product"}],"wp:featuredmedia":[{"embeddable":true,"href":"https:\/\/aivlisoft.net\/shop\/wp-json\/wp\/v2\/media\/7543"}],"wp:attachment":[{"href":"https:\/\/aivlisoft.net\/shop\/wp-json\/wp\/v2\/media?parent=7542"}],"wp:term":[{"taxonomy":"product_brand","embeddable":true,"href":"https:\/\/aivlisoft.net\/shop\/wp-json\/wp\/v2\/product_brand?post=7542"},{"taxonomy":"product_cat","embeddable":true,"href":"https:\/\/aivlisoft.net\/shop\/wp-json\/wp\/v2\/product_cat?post=7542"},{"taxonomy":"product_tag","embeddable":true,"href":"https:\/\/aivlisoft.net\/shop\/wp-json\/wp\/v2\/product_tag?post=7542"}],"curies":[{"name":"wp","href":"https:\/\/api.w.org\/{rel}","templated":true}]}}