{"id":6986,"date":"2025-01-13T13:35:56","date_gmt":"2025-01-13T13:35:56","guid":{"rendered":"https:\/\/aivlisoft.com\/?post_type=product&#038;p=6986"},"modified":"2025-01-14T10:28:59","modified_gmt":"2025-01-14T10:28:59","slug":"brother-cinta-tzefx241-texto-negro-blanco-18mm","status":"publish","type":"product","link":"https:\/\/aivlisoft.net\/shop\/producto\/brother-cinta-tzefx241-texto-negro-blanco-18mm\/","title":{"rendered":"Brother Cinta TzeFX241 Texto Negro\/Blanco 18mm"},"content":{"rendered":"<p><strong>Cinta laminada flexible para rotuladora electr&oacute;nica.<\/strong><\/p>\n<p>&#8211; Para objetos cil&iacute;ndricos o no planos<br \/>&#8211; Texto negro sobre fondo blanco<br \/>&#8211; 6 mm de ancho<br \/>&#8211; 8 metros de longitud<\/p>\n<p>Dise&ntilde;ada para identificar y etiquetar cables u otros objetos cil&iacute;ndricos de peque&ntilde;o di&aacute;metro, las etiquetas flexibles pueden aplicarse de dos formas:<br \/>Colocando el cable en el centro de la etiqueta y pegando las dos mitades una sobre otra creando una etiqueta en forma de bandera<br \/>Colocando la etiqueta sobre el cable y cubri&eacute;ndolo alrededor<br \/>Las cintas laminadas de Brother est&aacute;n dise&ntilde;adas para durar, incluso bajo condiciones extremas y son capaces de aguantar temperaturas extremas, luz solar, agua, sustancias qu&iacute;micas o la abrasi&oacute;n.<br \/>Utilizable en los equipos que muestran el logotipo TZ y TZe. <\/p>\n<p><strong>Compatible con &nbsp;&nbsp; &nbsp;<\/strong><br \/>&#8211; Brother P-Touch PT-1300, PT-1400, PT-1500pc, PT-1600, PT-1650, PT-1700, PT-1750, PT-1760, PT-1800, PT-1800 PLUS, PT-1800E, PT-1800ECC, PT-1810, PT-1830, PT-1830SC, PT-1830VP, PT-1880, PT-1880CT, PT-18R, PT-18RKT, PT-18RZ, PT-1900, PT-1910, PT-1950, PT-1950VP, PT-1960, PT-2030, PT-2030AD, PT-2030VP, PT-210, PT-2100, PT-2100VP, PT-210E, PT-2110, PT-2200, PT-2210, PT-2300, PT-2310, PT-2400, PT-2400E, PT-2400ECC, PT-2410, PT-2420, PT-2420PC, PT-2430PC, PT-2450, PT-2450CC, PT-2450DX, PT-2460, PT-2470, PT-2480, PT-2500, PT-2500C, PT-2500PC, PT-2600, PT-2610,PT-2700, PT-2700VP, PT-2710, PT-2730, PT-2730VP, PT-300, PT-3000, PT-300B, PT-300SP, PT-310, PT-310B, PT-320, PT-330, PT-340, PT-340C, PT-350, PT-350P, PT-3600, PT-520, PT-530, PT-540, PT-540C, PT-550, PT-550A, PT-580C, PT-7500VP, PT-7600VP, PT-9200, PT-9200DX, PT-9200PC, PT-9400, PT-9500, PT-9500pc, PT-9600, PT-9700PC, PT-9800PCN, PT-D400, PT-D400AD, PT-D400VP, PT-D450, PT-D450VP, PT-D600, PT-D600VP, PT-D800W, PT-E300, PT-E300VP, PT-E500, PT-E500VP, PT-E550W, PT-E550WS, PT-E550WSP, PT-E550WVP, PT-E800W, PT-H101TB, PT-H300, PT-H300LI, PT-H500, PT-H500LI, PT-P700, PT-P750TDI, PT-P750W, PT-P750WSP, PT-P900, PT-P900W, PT-P950NW, PT-ST-5<br \/>&#8211; Brother P-Touch EDGE PT-P750WVP<br \/>&#8211; Brother P-Touch R RL-700S<\/p>\n","protected":false},"excerpt":{"rendered":"<p>Cinta laminada flexible para rotuladora electr&oacute;nica. &#8211; Para objetos cil&iacute;ndricos o no planos&#8211; Texto negro sobre fondo blanco&#8211; 6 mm de ancho&#8211; 8 metros de longitud Dise&ntilde;ada para identificar y etiquetar cables u otros objetos cil&iacute;ndricos de peque&ntilde;o di&aacute;metro, las etiquetas flexibles pueden aplicarse de dos formas:Colocando el cable en el centro de la etiqueta&hellip;&nbsp;<a href=\"https:\/\/aivlisoft.net\/shop\/producto\/brother-cinta-tzefx241-texto-negro-blanco-18mm\/\" rel=\"bookmark\"><span class=\"screen-reader-text\">Brother Cinta TzeFX241 Texto Negro\/Blanco 18mm<\/span><\/a><\/p>\n","protected":false},"featured_media":6987,"template":"","meta":{"neve_meta_sidebar":"","neve_meta_container":"","neve_meta_enable_content_width":"","neve_meta_content_width":0,"neve_meta_title_alignment":"","neve_meta_author_avatar":"","neve_post_elements_order":"","neve_meta_disable_header":"","neve_meta_disable_footer":"","neve_meta_disable_title":""},"product_brand":[],"product_cat":[15],"product_tag":[2294],"class_list":{"0":"post-6986","1":"product","2":"type-product","3":"status-publish","4":"has-post-thumbnail","6":"product_cat-sin-categorizar","7":"product_tag-tzefx241","9":"first","10":"instock","11":"taxable","12":"shipping-taxable","13":"purchasable","14":"product-type-simple"},"yoast_head":"<!-- This site is optimized with the Yoast SEO plugin v26.0 - https:\/\/yoast.com\/wordpress\/plugins\/seo\/ -->\n<title>Brother Cinta TzeFX241 Texto Negro\/Blanco 18mm - Aivlisoft Inform\u00e1tica<\/title>\n<meta name=\"robots\" content=\"index, follow, max-snippet:-1, max-image-preview:large, max-video-preview:-1\" \/>\n<link rel=\"canonical\" href=\"https:\/\/aivlisoft.net\/shop\/producto\/brother-cinta-tzefx241-texto-negro-blanco-18mm\/\" \/>\n<meta property=\"og:locale\" content=\"es_ES\" \/>\n<meta property=\"og:type\" content=\"article\" \/>\n<meta property=\"og:title\" content=\"Brother Cinta TzeFX241 Texto Negro\/Blanco 18mm - Aivlisoft Inform\u00e1tica\" \/>\n<meta property=\"og:description\" content=\"Cinta laminada flexible para rotuladora electr&oacute;nica. &#8211; Para objetos cil&iacute;ndricos o no planos&#8211; Texto negro sobre fondo blanco&#8211; 6 mm de ancho&#8211; 8 metros de longitud Dise&ntilde;ada para identificar y etiquetar cables u otros objetos cil&iacute;ndricos de peque&ntilde;o di&aacute;metro, las etiquetas flexibles pueden aplicarse de dos formas:Colocando el cable en el centro de la etiqueta&hellip;&nbsp;Brother Cinta TzeFX241 Texto Negro\/Blanco 18mm\" \/>\n<meta property=\"og:url\" content=\"https:\/\/aivlisoft.net\/shop\/producto\/brother-cinta-tzefx241-texto-negro-blanco-18mm\/\" \/>\n<meta property=\"og:site_name\" content=\"Aivlisoft Inform\u00e1tica\" \/>\n<meta property=\"article:modified_time\" content=\"2025-01-14T10:28:59+00:00\" \/>\n<meta property=\"og:image\" content=\"https:\/\/aivlisoft.net\/shop\/wp-content\/uploads\/2025\/01\/CCICIS0092_800-1.jpg\" \/>\n\t<meta property=\"og:image:width\" content=\"800\" \/>\n\t<meta property=\"og:image:height\" content=\"800\" \/>\n\t<meta property=\"og:image:type\" content=\"image\/jpeg\" \/>\n<meta name=\"twitter:card\" content=\"summary_large_image\" \/>\n<meta name=\"twitter:label1\" content=\"Tiempo de lectura\" \/>\n\t<meta name=\"twitter:data1\" content=\"2 minutos\" \/>\n<script type=\"application\/ld+json\" class=\"yoast-schema-graph\">{\"@context\":\"https:\/\/schema.org\",\"@graph\":[{\"@type\":\"WebPage\",\"@id\":\"https:\/\/aivlisoft.net\/shop\/producto\/brother-cinta-tzefx241-texto-negro-blanco-18mm\/\",\"url\":\"https:\/\/aivlisoft.net\/shop\/producto\/brother-cinta-tzefx241-texto-negro-blanco-18mm\/\",\"name\":\"Brother Cinta TzeFX241 Texto Negro\/Blanco 18mm - Aivlisoft Inform\u00e1tica\",\"isPartOf\":{\"@id\":\"https:\/\/aivlisoft.net\/shop\/#website\"},\"primaryImageOfPage\":{\"@id\":\"https:\/\/aivlisoft.net\/shop\/producto\/brother-cinta-tzefx241-texto-negro-blanco-18mm\/#primaryimage\"},\"image\":{\"@id\":\"https:\/\/aivlisoft.net\/shop\/producto\/brother-cinta-tzefx241-texto-negro-blanco-18mm\/#primaryimage\"},\"thumbnailUrl\":\"https:\/\/aivlisoft.net\/shop\/wp-content\/uploads\/2025\/01\/CCICIS0092_800-1.jpg\",\"datePublished\":\"2025-01-13T13:35:56+00:00\",\"dateModified\":\"2025-01-14T10:28:59+00:00\",\"breadcrumb\":{\"@id\":\"https:\/\/aivlisoft.net\/shop\/producto\/brother-cinta-tzefx241-texto-negro-blanco-18mm\/#breadcrumb\"},\"inLanguage\":\"es\",\"potentialAction\":[{\"@type\":\"ReadAction\",\"target\":[\"https:\/\/aivlisoft.net\/shop\/producto\/brother-cinta-tzefx241-texto-negro-blanco-18mm\/\"]}]},{\"@type\":\"ImageObject\",\"inLanguage\":\"es\",\"@id\":\"https:\/\/aivlisoft.net\/shop\/producto\/brother-cinta-tzefx241-texto-negro-blanco-18mm\/#primaryimage\",\"url\":\"https:\/\/aivlisoft.net\/shop\/wp-content\/uploads\/2025\/01\/CCICIS0092_800-1.jpg\",\"contentUrl\":\"https:\/\/aivlisoft.net\/shop\/wp-content\/uploads\/2025\/01\/CCICIS0092_800-1.jpg\",\"width\":800,\"height\":800},{\"@type\":\"BreadcrumbList\",\"@id\":\"https:\/\/aivlisoft.net\/shop\/producto\/brother-cinta-tzefx241-texto-negro-blanco-18mm\/#breadcrumb\",\"itemListElement\":[{\"@type\":\"ListItem\",\"position\":1,\"name\":\"Portada\",\"item\":\"https:\/\/aivlisoft.net\/shop\/\"},{\"@type\":\"ListItem\",\"position\":2,\"name\":\"Tienda\",\"item\":\"https:\/\/aivlisoft.net\/shop\/tienda\/\"},{\"@type\":\"ListItem\",\"position\":3,\"name\":\"Brother Cinta TzeFX241 Texto Negro\/Blanco 18mm\"}]},{\"@type\":\"WebSite\",\"@id\":\"https:\/\/aivlisoft.net\/shop\/#website\",\"url\":\"https:\/\/aivlisoft.net\/shop\/\",\"name\":\"Aivlisoft Inform\u00e1tica\",\"description\":\"En Aivlisoft Inform\u00e1tica ofrecemos soluciones tecnol\u00f3gicas para empresas: venta de ordenadores, consumibles, perif\u00e9ricos y m\u00e1s. Calidad, atenci\u00f3n personalizada y los mejores precios para tu negocio.\",\"publisher\":{\"@id\":\"https:\/\/aivlisoft.net\/shop\/#organization\"},\"potentialAction\":[{\"@type\":\"SearchAction\",\"target\":{\"@type\":\"EntryPoint\",\"urlTemplate\":\"https:\/\/aivlisoft.net\/shop\/?s={search_term_string}\"},\"query-input\":{\"@type\":\"PropertyValueSpecification\",\"valueRequired\":true,\"valueName\":\"search_term_string\"}}],\"inLanguage\":\"es\"},{\"@type\":\"Organization\",\"@id\":\"https:\/\/aivlisoft.net\/shop\/#organization\",\"name\":\"Aivlisoft Inform\u00e1tica\",\"url\":\"https:\/\/aivlisoft.net\/shop\/\",\"logo\":{\"@type\":\"ImageObject\",\"inLanguage\":\"es\",\"@id\":\"https:\/\/aivlisoft.net\/shop\/#\/schema\/logo\/image\/\",\"url\":\"https:\/\/aivlisoft.net\/shop\/wp-content\/uploads\/2024\/12\/removal.ai_5b848c54-0cdf-4140-95c5-c5536bb7573b-logodef.png\",\"contentUrl\":\"https:\/\/aivlisoft.net\/shop\/wp-content\/uploads\/2024\/12\/removal.ai_5b848c54-0cdf-4140-95c5-c5536bb7573b-logodef.png\",\"width\":484,\"height\":182,\"caption\":\"Aivlisoft Inform\u00e1tica\"},\"image\":{\"@id\":\"https:\/\/aivlisoft.net\/shop\/#\/schema\/logo\/image\/\"}}]}<\/script>\n<!-- \/ Yoast SEO plugin. -->","yoast_head_json":{"title":"Brother Cinta TzeFX241 Texto Negro\/Blanco 18mm - Aivlisoft Inform\u00e1tica","robots":{"index":"index","follow":"follow","max-snippet":"max-snippet:-1","max-image-preview":"max-image-preview:large","max-video-preview":"max-video-preview:-1"},"canonical":"https:\/\/aivlisoft.net\/shop\/producto\/brother-cinta-tzefx241-texto-negro-blanco-18mm\/","og_locale":"es_ES","og_type":"article","og_title":"Brother Cinta TzeFX241 Texto Negro\/Blanco 18mm - Aivlisoft Inform\u00e1tica","og_description":"Cinta laminada flexible para rotuladora electr&oacute;nica. &#8211; Para objetos cil&iacute;ndricos o no planos&#8211; Texto negro sobre fondo blanco&#8211; 6 mm de ancho&#8211; 8 metros de longitud Dise&ntilde;ada para identificar y etiquetar cables u otros objetos cil&iacute;ndricos de peque&ntilde;o di&aacute;metro, las etiquetas flexibles pueden aplicarse de dos formas:Colocando el cable en el centro de la etiqueta&hellip;&nbsp;Brother Cinta TzeFX241 Texto Negro\/Blanco 18mm","og_url":"https:\/\/aivlisoft.net\/shop\/producto\/brother-cinta-tzefx241-texto-negro-blanco-18mm\/","og_site_name":"Aivlisoft Inform\u00e1tica","article_modified_time":"2025-01-14T10:28:59+00:00","og_image":[{"width":800,"height":800,"url":"https:\/\/aivlisoft.net\/shop\/wp-content\/uploads\/2025\/01\/CCICIS0092_800-1.jpg","type":"image\/jpeg"}],"twitter_card":"summary_large_image","twitter_misc":{"Tiempo de lectura":"2 minutos"},"schema":{"@context":"https:\/\/schema.org","@graph":[{"@type":"WebPage","@id":"https:\/\/aivlisoft.net\/shop\/producto\/brother-cinta-tzefx241-texto-negro-blanco-18mm\/","url":"https:\/\/aivlisoft.net\/shop\/producto\/brother-cinta-tzefx241-texto-negro-blanco-18mm\/","name":"Brother Cinta TzeFX241 Texto Negro\/Blanco 18mm - Aivlisoft Inform\u00e1tica","isPartOf":{"@id":"https:\/\/aivlisoft.net\/shop\/#website"},"primaryImageOfPage":{"@id":"https:\/\/aivlisoft.net\/shop\/producto\/brother-cinta-tzefx241-texto-negro-blanco-18mm\/#primaryimage"},"image":{"@id":"https:\/\/aivlisoft.net\/shop\/producto\/brother-cinta-tzefx241-texto-negro-blanco-18mm\/#primaryimage"},"thumbnailUrl":"https:\/\/aivlisoft.net\/shop\/wp-content\/uploads\/2025\/01\/CCICIS0092_800-1.jpg","datePublished":"2025-01-13T13:35:56+00:00","dateModified":"2025-01-14T10:28:59+00:00","breadcrumb":{"@id":"https:\/\/aivlisoft.net\/shop\/producto\/brother-cinta-tzefx241-texto-negro-blanco-18mm\/#breadcrumb"},"inLanguage":"es","potentialAction":[{"@type":"ReadAction","target":["https:\/\/aivlisoft.net\/shop\/producto\/brother-cinta-tzefx241-texto-negro-blanco-18mm\/"]}]},{"@type":"ImageObject","inLanguage":"es","@id":"https:\/\/aivlisoft.net\/shop\/producto\/brother-cinta-tzefx241-texto-negro-blanco-18mm\/#primaryimage","url":"https:\/\/aivlisoft.net\/shop\/wp-content\/uploads\/2025\/01\/CCICIS0092_800-1.jpg","contentUrl":"https:\/\/aivlisoft.net\/shop\/wp-content\/uploads\/2025\/01\/CCICIS0092_800-1.jpg","width":800,"height":800},{"@type":"BreadcrumbList","@id":"https:\/\/aivlisoft.net\/shop\/producto\/brother-cinta-tzefx241-texto-negro-blanco-18mm\/#breadcrumb","itemListElement":[{"@type":"ListItem","position":1,"name":"Portada","item":"https:\/\/aivlisoft.net\/shop\/"},{"@type":"ListItem","position":2,"name":"Tienda","item":"https:\/\/aivlisoft.net\/shop\/tienda\/"},{"@type":"ListItem","position":3,"name":"Brother Cinta TzeFX241 Texto Negro\/Blanco 18mm"}]},{"@type":"WebSite","@id":"https:\/\/aivlisoft.net\/shop\/#website","url":"https:\/\/aivlisoft.net\/shop\/","name":"Aivlisoft Inform\u00e1tica","description":"En Aivlisoft Inform\u00e1tica ofrecemos soluciones tecnol\u00f3gicas para empresas: venta de ordenadores, consumibles, perif\u00e9ricos y m\u00e1s. Calidad, atenci\u00f3n personalizada y los mejores precios para tu negocio.","publisher":{"@id":"https:\/\/aivlisoft.net\/shop\/#organization"},"potentialAction":[{"@type":"SearchAction","target":{"@type":"EntryPoint","urlTemplate":"https:\/\/aivlisoft.net\/shop\/?s={search_term_string}"},"query-input":{"@type":"PropertyValueSpecification","valueRequired":true,"valueName":"search_term_string"}}],"inLanguage":"es"},{"@type":"Organization","@id":"https:\/\/aivlisoft.net\/shop\/#organization","name":"Aivlisoft Inform\u00e1tica","url":"https:\/\/aivlisoft.net\/shop\/","logo":{"@type":"ImageObject","inLanguage":"es","@id":"https:\/\/aivlisoft.net\/shop\/#\/schema\/logo\/image\/","url":"https:\/\/aivlisoft.net\/shop\/wp-content\/uploads\/2024\/12\/removal.ai_5b848c54-0cdf-4140-95c5-c5536bb7573b-logodef.png","contentUrl":"https:\/\/aivlisoft.net\/shop\/wp-content\/uploads\/2024\/12\/removal.ai_5b848c54-0cdf-4140-95c5-c5536bb7573b-logodef.png","width":484,"height":182,"caption":"Aivlisoft Inform\u00e1tica"},"image":{"@id":"https:\/\/aivlisoft.net\/shop\/#\/schema\/logo\/image\/"}}]}},"_links":{"self":[{"href":"https:\/\/aivlisoft.net\/shop\/wp-json\/wp\/v2\/product\/6986","targetHints":{"allow":["GET"]}}],"collection":[{"href":"https:\/\/aivlisoft.net\/shop\/wp-json\/wp\/v2\/product"}],"about":[{"href":"https:\/\/aivlisoft.net\/shop\/wp-json\/wp\/v2\/types\/product"}],"wp:featuredmedia":[{"embeddable":true,"href":"https:\/\/aivlisoft.net\/shop\/wp-json\/wp\/v2\/media\/6987"}],"wp:attachment":[{"href":"https:\/\/aivlisoft.net\/shop\/wp-json\/wp\/v2\/media?parent=6986"}],"wp:term":[{"taxonomy":"product_brand","embeddable":true,"href":"https:\/\/aivlisoft.net\/shop\/wp-json\/wp\/v2\/product_brand?post=6986"},{"taxonomy":"product_cat","embeddable":true,"href":"https:\/\/aivlisoft.net\/shop\/wp-json\/wp\/v2\/product_cat?post=6986"},{"taxonomy":"product_tag","embeddable":true,"href":"https:\/\/aivlisoft.net\/shop\/wp-json\/wp\/v2\/product_tag?post=6986"}],"curies":[{"name":"wp","href":"https:\/\/api.w.org\/{rel}","templated":true}]}}