{"id":6948,"date":"2025-01-13T13:35:39","date_gmt":"2025-01-13T13:35:39","guid":{"rendered":"https:\/\/aivlisoft.com\/?post_type=product&#038;p=6948"},"modified":"2025-01-14T10:28:43","modified_gmt":"2025-01-14T10:28:43","slug":"verbatim-cd-r-700mb-52x-tarrina-10uds","status":"publish","type":"product","link":"https:\/\/aivlisoft.net\/shop\/producto\/verbatim-cd-r-700mb-52x-tarrina-10uds\/","title":{"rendered":"Verbatim CD-R 700MB 52x Tarrina 10Uds"},"content":{"rendered":"<div>\tExcelente resistencia a la radiaci&oacute;n ultravioleta. <br \/>\tVida de archivo: Protecci&oacute;n adicional: hasta 40 a&ntilde;os; AZO: hasta 100 a&ntilde;os. <br \/>\tFrecuencia de error m&aacute;s baja seg&uacute;n una gama de grabadoras de CD.<\/p>\n<p>\tLa superficie de Protecci&oacute;n adicional es una superficie blanca que ofrece protecci&oacute;n adicional al lado vulnerable de etiquetado. Puede escribirse en &eacute;l utilizando un rotulador para CD\/DVD. <\/p><\/div>\n<p><\/p>\n<table class=\"tabla_caracteristicas k-table\" width=\"100%\">\n<tbody>\n<tr>\n<td valign=\"top\" width=\"35%\"><strong><small><span style=\"font-face:Tahoma,Arial, Helvetica, sans-serif;\">Marca<\/span><\/small><\/strong><\/td>\n<td valign=\"top\"><span style=\"font-face:Tahoma,Arial, Helvetica, sans-serif;\">Verbatim<\/span><\/td>\n<\/tr>\n<tr>\n<td valign=\"top\" width=\"35%\"><strong><small><span style=\"font-face:Tahoma,Arial, Helvetica, sans-serif;\">Modelo<\/span><\/small><\/strong><\/td>\n<td valign=\"top\">43437<\/td>\n<\/tr>\n<tr>\n<td valign=\"top\" width=\"35%\"><strong><small><span style=\"font-face:Tahoma,Arial, Helvetica, sans-serif;\">Tipo<\/span><\/small><\/strong><\/td>\n<td valign=\"top\"><strong><span style=\"font-face:Tahoma,Arial, Helvetica, sans-serif;\">CD-RW<\/span><\/strong><\/td>\n<\/tr>\n<tr>\n<td valign=\"top\" width=\"35%\"><strong><small><span style=\"font-face:Tahoma,Arial, Helvetica, sans-serif;\">Capacidad<\/span><\/small><\/strong><\/td>\n<td valign=\"top\">\n<div><span style=\"font-face:Tahoma,Arial, Helvetica, sans-serif;\">700MB &#8211; 10 unidades<\/span><\/div>\n<\/td>\n<\/tr>\n<tr>\n<td valign=\"top\" width=\"35%\"><strong><small><span style=\"font-face:Tahoma,Arial, Helvetica, sans-serif;\">Velocidad<\/span><\/small><\/strong><\/td>\n<td valign=\"top\"><span style=\"font-face:Tahoma,Arial, Helvetica, sans-serif;\">52x<\/span><\/td>\n<\/tr>\n<tr>\n<td valign=\"top\"><strong><small><span style=\"font-face:Tahoma,Arial, Helvetica, sans-serif;\">Fecha Revisi&oacute;n<\/span><\/small><\/strong><\/td>\n<td valign=\"top\"><span style=\"font-face:Tahoma,Arial, Helvetica, sans-serif;\">12-06-2013 por JAV<\/span><\/td>\n<\/tr>\n<\/tbody>\n<\/table>\n","protected":false},"excerpt":{"rendered":"<p>Excelente resistencia a la radiaci&oacute;n ultravioleta. Vida de archivo: Protecci&oacute;n adicional: hasta 40 a&ntilde;os; AZO: hasta 100 a&ntilde;os. Frecuencia de error m&aacute;s baja seg&uacute;n una gama de grabadoras de CD. La superficie de Protecci&oacute;n adicional es una superficie blanca que ofrece protecci&oacute;n adicional al lado vulnerable de etiquetado. Puede escribirse en &eacute;l utilizando un rotulador&hellip;&nbsp;<a href=\"https:\/\/aivlisoft.net\/shop\/producto\/verbatim-cd-r-700mb-52x-tarrina-10uds\/\" rel=\"bookmark\"><span class=\"screen-reader-text\">Verbatim CD-R 700MB 52x Tarrina 10Uds<\/span><\/a><\/p>\n","protected":false},"featured_media":6949,"template":"","meta":{"neve_meta_sidebar":"","neve_meta_container":"","neve_meta_enable_content_width":"","neve_meta_content_width":0,"neve_meta_title_alignment":"","neve_meta_author_avatar":"","neve_post_elements_order":"","neve_meta_disable_header":"","neve_meta_disable_footer":"","neve_meta_disable_title":""},"product_brand":[],"product_cat":[8708],"product_tag":[2274],"class_list":{"0":"post-6948","1":"product","2":"type-product","3":"status-publish","4":"has-post-thumbnail","6":"product_cat-cd-r-rw","7":"product_tag-2274","9":"first","10":"instock","11":"taxable","12":"shipping-taxable","13":"purchasable","14":"product-type-simple"},"yoast_head":"<!-- This site is optimized with the Yoast SEO plugin v26.0 - https:\/\/yoast.com\/wordpress\/plugins\/seo\/ -->\n<title>Verbatim CD-R 700MB 52x Tarrina 10Uds - Aivlisoft Inform\u00e1tica<\/title>\n<meta name=\"robots\" content=\"index, follow, max-snippet:-1, max-image-preview:large, max-video-preview:-1\" \/>\n<link rel=\"canonical\" href=\"https:\/\/aivlisoft.net\/shop\/producto\/verbatim-cd-r-700mb-52x-tarrina-10uds\/\" \/>\n<meta property=\"og:locale\" content=\"es_ES\" \/>\n<meta property=\"og:type\" content=\"article\" \/>\n<meta property=\"og:title\" content=\"Verbatim CD-R 700MB 52x Tarrina 10Uds - Aivlisoft Inform\u00e1tica\" \/>\n<meta property=\"og:description\" content=\"Excelente resistencia a la radiaci&oacute;n ultravioleta. Vida de archivo: Protecci&oacute;n adicional: hasta 40 a&ntilde;os; AZO: hasta 100 a&ntilde;os. Frecuencia de error m&aacute;s baja seg&uacute;n una gama de grabadoras de CD. La superficie de Protecci&oacute;n adicional es una superficie blanca que ofrece protecci&oacute;n adicional al lado vulnerable de etiquetado. Puede escribirse en &eacute;l utilizando un rotulador&hellip;&nbsp;Verbatim CD-R 700MB 52x Tarrina 10Uds\" \/>\n<meta property=\"og:url\" content=\"https:\/\/aivlisoft.net\/shop\/producto\/verbatim-cd-r-700mb-52x-tarrina-10uds\/\" \/>\n<meta property=\"og:site_name\" content=\"Aivlisoft Inform\u00e1tica\" \/>\n<meta property=\"article:modified_time\" content=\"2025-01-14T10:28:43+00:00\" \/>\n<meta property=\"og:image\" content=\"https:\/\/aivlisoft.net\/shop\/wp-content\/uploads\/2025\/01\/CCDCDW0027_large-1.jpg\" \/>\n\t<meta property=\"og:image:width\" content=\"400\" \/>\n\t<meta property=\"og:image:height\" content=\"400\" \/>\n\t<meta property=\"og:image:type\" content=\"image\/jpeg\" \/>\n<meta name=\"twitter:card\" content=\"summary_large_image\" \/>\n<script type=\"application\/ld+json\" class=\"yoast-schema-graph\">{\"@context\":\"https:\/\/schema.org\",\"@graph\":[{\"@type\":\"WebPage\",\"@id\":\"https:\/\/aivlisoft.net\/shop\/producto\/verbatim-cd-r-700mb-52x-tarrina-10uds\/\",\"url\":\"https:\/\/aivlisoft.net\/shop\/producto\/verbatim-cd-r-700mb-52x-tarrina-10uds\/\",\"name\":\"Verbatim CD-R 700MB 52x Tarrina 10Uds - Aivlisoft Inform\u00e1tica\",\"isPartOf\":{\"@id\":\"https:\/\/aivlisoft.net\/shop\/#website\"},\"primaryImageOfPage\":{\"@id\":\"https:\/\/aivlisoft.net\/shop\/producto\/verbatim-cd-r-700mb-52x-tarrina-10uds\/#primaryimage\"},\"image\":{\"@id\":\"https:\/\/aivlisoft.net\/shop\/producto\/verbatim-cd-r-700mb-52x-tarrina-10uds\/#primaryimage\"},\"thumbnailUrl\":\"https:\/\/aivlisoft.net\/shop\/wp-content\/uploads\/2025\/01\/CCDCDW0027_large-1.jpg\",\"datePublished\":\"2025-01-13T13:35:39+00:00\",\"dateModified\":\"2025-01-14T10:28:43+00:00\",\"breadcrumb\":{\"@id\":\"https:\/\/aivlisoft.net\/shop\/producto\/verbatim-cd-r-700mb-52x-tarrina-10uds\/#breadcrumb\"},\"inLanguage\":\"es\",\"potentialAction\":[{\"@type\":\"ReadAction\",\"target\":[\"https:\/\/aivlisoft.net\/shop\/producto\/verbatim-cd-r-700mb-52x-tarrina-10uds\/\"]}]},{\"@type\":\"ImageObject\",\"inLanguage\":\"es\",\"@id\":\"https:\/\/aivlisoft.net\/shop\/producto\/verbatim-cd-r-700mb-52x-tarrina-10uds\/#primaryimage\",\"url\":\"https:\/\/aivlisoft.net\/shop\/wp-content\/uploads\/2025\/01\/CCDCDW0027_large-1.jpg\",\"contentUrl\":\"https:\/\/aivlisoft.net\/shop\/wp-content\/uploads\/2025\/01\/CCDCDW0027_large-1.jpg\",\"width\":400,\"height\":400},{\"@type\":\"BreadcrumbList\",\"@id\":\"https:\/\/aivlisoft.net\/shop\/producto\/verbatim-cd-r-700mb-52x-tarrina-10uds\/#breadcrumb\",\"itemListElement\":[{\"@type\":\"ListItem\",\"position\":1,\"name\":\"Portada\",\"item\":\"https:\/\/aivlisoft.net\/shop\/\"},{\"@type\":\"ListItem\",\"position\":2,\"name\":\"Tienda\",\"item\":\"https:\/\/aivlisoft.net\/shop\/tienda\/\"},{\"@type\":\"ListItem\",\"position\":3,\"name\":\"Verbatim CD-R 700MB 52x Tarrina 10Uds\"}]},{\"@type\":\"WebSite\",\"@id\":\"https:\/\/aivlisoft.net\/shop\/#website\",\"url\":\"https:\/\/aivlisoft.net\/shop\/\",\"name\":\"Aivlisoft Inform\u00e1tica\",\"description\":\"En Aivlisoft Inform\u00e1tica ofrecemos soluciones tecnol\u00f3gicas para empresas: venta de ordenadores, consumibles, perif\u00e9ricos y m\u00e1s. Calidad, atenci\u00f3n personalizada y los mejores precios para tu negocio.\",\"publisher\":{\"@id\":\"https:\/\/aivlisoft.net\/shop\/#organization\"},\"potentialAction\":[{\"@type\":\"SearchAction\",\"target\":{\"@type\":\"EntryPoint\",\"urlTemplate\":\"https:\/\/aivlisoft.net\/shop\/?s={search_term_string}\"},\"query-input\":{\"@type\":\"PropertyValueSpecification\",\"valueRequired\":true,\"valueName\":\"search_term_string\"}}],\"inLanguage\":\"es\"},{\"@type\":\"Organization\",\"@id\":\"https:\/\/aivlisoft.net\/shop\/#organization\",\"name\":\"Aivlisoft Inform\u00e1tica\",\"url\":\"https:\/\/aivlisoft.net\/shop\/\",\"logo\":{\"@type\":\"ImageObject\",\"inLanguage\":\"es\",\"@id\":\"https:\/\/aivlisoft.net\/shop\/#\/schema\/logo\/image\/\",\"url\":\"https:\/\/aivlisoft.net\/shop\/wp-content\/uploads\/2024\/12\/removal.ai_5b848c54-0cdf-4140-95c5-c5536bb7573b-logodef.png\",\"contentUrl\":\"https:\/\/aivlisoft.net\/shop\/wp-content\/uploads\/2024\/12\/removal.ai_5b848c54-0cdf-4140-95c5-c5536bb7573b-logodef.png\",\"width\":484,\"height\":182,\"caption\":\"Aivlisoft Inform\u00e1tica\"},\"image\":{\"@id\":\"https:\/\/aivlisoft.net\/shop\/#\/schema\/logo\/image\/\"}}]}<\/script>\n<!-- \/ Yoast SEO plugin. -->","yoast_head_json":{"title":"Verbatim CD-R 700MB 52x Tarrina 10Uds - Aivlisoft Inform\u00e1tica","robots":{"index":"index","follow":"follow","max-snippet":"max-snippet:-1","max-image-preview":"max-image-preview:large","max-video-preview":"max-video-preview:-1"},"canonical":"https:\/\/aivlisoft.net\/shop\/producto\/verbatim-cd-r-700mb-52x-tarrina-10uds\/","og_locale":"es_ES","og_type":"article","og_title":"Verbatim CD-R 700MB 52x Tarrina 10Uds - Aivlisoft Inform\u00e1tica","og_description":"Excelente resistencia a la radiaci&oacute;n ultravioleta. Vida de archivo: Protecci&oacute;n adicional: hasta 40 a&ntilde;os; AZO: hasta 100 a&ntilde;os. Frecuencia de error m&aacute;s baja seg&uacute;n una gama de grabadoras de CD. La superficie de Protecci&oacute;n adicional es una superficie blanca que ofrece protecci&oacute;n adicional al lado vulnerable de etiquetado. Puede escribirse en &eacute;l utilizando un rotulador&hellip;&nbsp;Verbatim CD-R 700MB 52x Tarrina 10Uds","og_url":"https:\/\/aivlisoft.net\/shop\/producto\/verbatim-cd-r-700mb-52x-tarrina-10uds\/","og_site_name":"Aivlisoft Inform\u00e1tica","article_modified_time":"2025-01-14T10:28:43+00:00","og_image":[{"width":400,"height":400,"url":"https:\/\/aivlisoft.net\/shop\/wp-content\/uploads\/2025\/01\/CCDCDW0027_large-1.jpg","type":"image\/jpeg"}],"twitter_card":"summary_large_image","schema":{"@context":"https:\/\/schema.org","@graph":[{"@type":"WebPage","@id":"https:\/\/aivlisoft.net\/shop\/producto\/verbatim-cd-r-700mb-52x-tarrina-10uds\/","url":"https:\/\/aivlisoft.net\/shop\/producto\/verbatim-cd-r-700mb-52x-tarrina-10uds\/","name":"Verbatim CD-R 700MB 52x Tarrina 10Uds - Aivlisoft Inform\u00e1tica","isPartOf":{"@id":"https:\/\/aivlisoft.net\/shop\/#website"},"primaryImageOfPage":{"@id":"https:\/\/aivlisoft.net\/shop\/producto\/verbatim-cd-r-700mb-52x-tarrina-10uds\/#primaryimage"},"image":{"@id":"https:\/\/aivlisoft.net\/shop\/producto\/verbatim-cd-r-700mb-52x-tarrina-10uds\/#primaryimage"},"thumbnailUrl":"https:\/\/aivlisoft.net\/shop\/wp-content\/uploads\/2025\/01\/CCDCDW0027_large-1.jpg","datePublished":"2025-01-13T13:35:39+00:00","dateModified":"2025-01-14T10:28:43+00:00","breadcrumb":{"@id":"https:\/\/aivlisoft.net\/shop\/producto\/verbatim-cd-r-700mb-52x-tarrina-10uds\/#breadcrumb"},"inLanguage":"es","potentialAction":[{"@type":"ReadAction","target":["https:\/\/aivlisoft.net\/shop\/producto\/verbatim-cd-r-700mb-52x-tarrina-10uds\/"]}]},{"@type":"ImageObject","inLanguage":"es","@id":"https:\/\/aivlisoft.net\/shop\/producto\/verbatim-cd-r-700mb-52x-tarrina-10uds\/#primaryimage","url":"https:\/\/aivlisoft.net\/shop\/wp-content\/uploads\/2025\/01\/CCDCDW0027_large-1.jpg","contentUrl":"https:\/\/aivlisoft.net\/shop\/wp-content\/uploads\/2025\/01\/CCDCDW0027_large-1.jpg","width":400,"height":400},{"@type":"BreadcrumbList","@id":"https:\/\/aivlisoft.net\/shop\/producto\/verbatim-cd-r-700mb-52x-tarrina-10uds\/#breadcrumb","itemListElement":[{"@type":"ListItem","position":1,"name":"Portada","item":"https:\/\/aivlisoft.net\/shop\/"},{"@type":"ListItem","position":2,"name":"Tienda","item":"https:\/\/aivlisoft.net\/shop\/tienda\/"},{"@type":"ListItem","position":3,"name":"Verbatim CD-R 700MB 52x Tarrina 10Uds"}]},{"@type":"WebSite","@id":"https:\/\/aivlisoft.net\/shop\/#website","url":"https:\/\/aivlisoft.net\/shop\/","name":"Aivlisoft Inform\u00e1tica","description":"En Aivlisoft Inform\u00e1tica ofrecemos soluciones tecnol\u00f3gicas para empresas: venta de ordenadores, consumibles, perif\u00e9ricos y m\u00e1s. Calidad, atenci\u00f3n personalizada y los mejores precios para tu negocio.","publisher":{"@id":"https:\/\/aivlisoft.net\/shop\/#organization"},"potentialAction":[{"@type":"SearchAction","target":{"@type":"EntryPoint","urlTemplate":"https:\/\/aivlisoft.net\/shop\/?s={search_term_string}"},"query-input":{"@type":"PropertyValueSpecification","valueRequired":true,"valueName":"search_term_string"}}],"inLanguage":"es"},{"@type":"Organization","@id":"https:\/\/aivlisoft.net\/shop\/#organization","name":"Aivlisoft Inform\u00e1tica","url":"https:\/\/aivlisoft.net\/shop\/","logo":{"@type":"ImageObject","inLanguage":"es","@id":"https:\/\/aivlisoft.net\/shop\/#\/schema\/logo\/image\/","url":"https:\/\/aivlisoft.net\/shop\/wp-content\/uploads\/2024\/12\/removal.ai_5b848c54-0cdf-4140-95c5-c5536bb7573b-logodef.png","contentUrl":"https:\/\/aivlisoft.net\/shop\/wp-content\/uploads\/2024\/12\/removal.ai_5b848c54-0cdf-4140-95c5-c5536bb7573b-logodef.png","width":484,"height":182,"caption":"Aivlisoft Inform\u00e1tica"},"image":{"@id":"https:\/\/aivlisoft.net\/shop\/#\/schema\/logo\/image\/"}}]}},"_links":{"self":[{"href":"https:\/\/aivlisoft.net\/shop\/wp-json\/wp\/v2\/product\/6948","targetHints":{"allow":["GET"]}}],"collection":[{"href":"https:\/\/aivlisoft.net\/shop\/wp-json\/wp\/v2\/product"}],"about":[{"href":"https:\/\/aivlisoft.net\/shop\/wp-json\/wp\/v2\/types\/product"}],"wp:featuredmedia":[{"embeddable":true,"href":"https:\/\/aivlisoft.net\/shop\/wp-json\/wp\/v2\/media\/6949"}],"wp:attachment":[{"href":"https:\/\/aivlisoft.net\/shop\/wp-json\/wp\/v2\/media?parent=6948"}],"wp:term":[{"taxonomy":"product_brand","embeddable":true,"href":"https:\/\/aivlisoft.net\/shop\/wp-json\/wp\/v2\/product_brand?post=6948"},{"taxonomy":"product_cat","embeddable":true,"href":"https:\/\/aivlisoft.net\/shop\/wp-json\/wp\/v2\/product_cat?post=6948"},{"taxonomy":"product_tag","embeddable":true,"href":"https:\/\/aivlisoft.net\/shop\/wp-json\/wp\/v2\/product_tag?post=6948"}],"curies":[{"name":"wp","href":"https:\/\/api.w.org\/{rel}","templated":true}]}}