{"id":6932,"date":"2025-01-13T13:35:29","date_gmt":"2025-01-13T13:35:29","guid":{"rendered":"https:\/\/aivlisoft.com\/?post_type=product&#038;p=6932"},"modified":"2025-01-14T10:28:37","modified_gmt":"2025-01-14T10:28:37","slug":"approx-visor-tpv-7-vfd01-usb","status":"publish","type":"product","link":"https:\/\/aivlisoft.net\/shop\/producto\/approx-visor-tpv-7-vfd01-usb\/","title":{"rendered":"approx Visor TPV 7&#8243; VFD01 USB"},"content":{"rendered":"<p>Visor de cliente alfanum&eacute;rico fluorescente al vac&iacute;o.<\/p>\n<p>Visor de cliente para punto de venta, de 20 caracteres y 2 l&iacute;neas, ideal para informar al cliente del los datos m&aacute;s relevantes del proceso de compra, marcando unidades y precios de los productos a medida que pasan por el lector de c&oacute;digos.<\/p>\n<p>El visor appVFD01 destaca por su funcionalidad y adaptabilidad a diferentes entornos, permitiendo una configuraci&oacute;n a tres alturas y una rotaci&oacute;n del cabezal m&aacute;xima de 355&ordm;.<\/p>\n<table class=\"tabla_caracteristicas k-table\" width=\"100%\">\n<tr>\n<td><strong>Marca<\/strong><\/td>\n<td>approx!<\/td>\n<\/tr>\n<tr>\n<td><strong>Modelo<\/strong><\/td>\n<td><strong>appVFD01<\/strong><\/td>\n<\/tr>\n<tr>\n<td><strong>Caracter&iacute;sticas<\/strong><\/td>\n<td>&#8211; Visualizaci&oacute;n: Pantalla fluorescente al vac&iacute;o<br \/>\t\t\t&#8211; N&ordm; de caracteres: 40 (20 columnas x 2 l&iacute;neas)<br \/>\t\t\t&#8211; Brillo: 500 &#8211; 1.000 cd\/m2<br \/>\t\t\t&#8211; Tipo de car&aacute;cter: 95 Alfanum&eacute;ricos, 32 caracteres internacionales<br \/>\t\t\t&#8211; Tama&ntilde;o del car&aacute;cter: 6.7 (H) x 3.7 (W) mm.<br \/>\t\t\t&#8211; Tama&ntilde;o del punto (X x Y): 0.80 x 0.70 mm.<br \/>\t\t\t&#8211; &Aacute;ngulo de visi&oacute;n: Max. 60&ordm;<br \/>\t\t\t&#8211; Rotaci&oacute;n horizontal: Max. 355&ordm;<br \/>\t\t\t&#8211; Modo de comandos: LD220, EPSON POS D101, AEDEX, UTC\/S, UTC\/P, ADM788, DSP800, CD5220, EMAX, LOGIC CONTROL<br \/>\t\t\t<strong>Interfaz<\/strong><br \/>\t\t\t&#8211; USB<br \/>\t\t\t<strong>Generales<\/strong><br \/>\t\t\t&#8211; Conexi&oacute;n: 9.600 o 19.200 bps<br \/>\t\t\t&#8211; Tiempo medio de vida: 30.000 horas<br \/>\t\t\t&#8211; Consumo: 5-24 VDC<br \/>\t\t\t&#8211; Dimensiones: 169,5 x (Altura variable de 273 a 400) x 98,5 mm.<br \/>\t\t\t&#8211; Peso: 800g.<br \/>\t\t\t&#8211; Color: Negro<br \/>\t\t\t&#8211; Incluye: Cable USB<\/td>\n<\/tr>\n<tr>\n<td><strong>Fecha Revisi&oacute;n<\/strong><\/td>\n<td>07-05-2021 por MSB<\/td>\n<\/tr>\n<\/table>\n","protected":false},"excerpt":{"rendered":"<p>Visor de cliente alfanum&eacute;rico fluorescente al vac&iacute;o. Visor de cliente para punto de venta, de 20 caracteres y 2 l&iacute;neas, ideal para informar al cliente del los datos m&aacute;s relevantes del proceso de compra, marcando unidades y precios de los productos a medida que pasan por el lector de c&oacute;digos. El visor appVFD01 destaca por&hellip;&nbsp;<a href=\"https:\/\/aivlisoft.net\/shop\/producto\/approx-visor-tpv-7-vfd01-usb\/\" rel=\"bookmark\"><span class=\"screen-reader-text\">approx Visor TPV 7&#8243; VFD01 USB<\/span><\/a><\/p>\n","protected":false},"featured_media":6933,"template":"","meta":{"neve_meta_sidebar":"","neve_meta_container":"","neve_meta_enable_content_width":"","neve_meta_content_width":0,"neve_meta_title_alignment":"","neve_meta_author_avatar":"","neve_post_elements_order":"","neve_meta_disable_header":"","neve_meta_disable_footer":"","neve_meta_disable_title":""},"product_brand":[],"product_cat":[8707],"product_tag":[2268],"class_list":{"0":"post-6932","1":"product","2":"type-product","3":"status-publish","4":"has-post-thumbnail","6":"product_cat-visores-para-tpv","7":"product_tag-appvfd01","9":"first","10":"instock","11":"taxable","12":"shipping-taxable","13":"purchasable","14":"product-type-simple"},"yoast_head":"<!-- This site is optimized with the Yoast SEO plugin v26.0 - https:\/\/yoast.com\/wordpress\/plugins\/seo\/ -->\n<title>approx Visor TPV 7&quot; VFD01 USB - Aivlisoft Inform\u00e1tica<\/title>\n<meta name=\"robots\" content=\"index, follow, max-snippet:-1, max-image-preview:large, max-video-preview:-1\" \/>\n<link rel=\"canonical\" href=\"https:\/\/aivlisoft.net\/shop\/producto\/approx-visor-tpv-7-vfd01-usb\/\" \/>\n<meta property=\"og:locale\" content=\"es_ES\" \/>\n<meta property=\"og:type\" content=\"article\" \/>\n<meta property=\"og:title\" content=\"approx Visor TPV 7&quot; VFD01 USB - Aivlisoft Inform\u00e1tica\" \/>\n<meta property=\"og:description\" content=\"Visor de cliente alfanum&eacute;rico fluorescente al vac&iacute;o. Visor de cliente para punto de venta, de 20 caracteres y 2 l&iacute;neas, ideal para informar al cliente del los datos m&aacute;s relevantes del proceso de compra, marcando unidades y precios de los productos a medida que pasan por el lector de c&oacute;digos. El visor appVFD01 destaca por&hellip;&nbsp;approx Visor TPV 7&#8243; VFD01 USB\" \/>\n<meta property=\"og:url\" content=\"https:\/\/aivlisoft.net\/shop\/producto\/approx-visor-tpv-7-vfd01-usb\/\" \/>\n<meta property=\"og:site_name\" content=\"Aivlisoft Inform\u00e1tica\" \/>\n<meta property=\"article:modified_time\" content=\"2025-01-14T10:28:37+00:00\" \/>\n<meta property=\"og:image\" content=\"https:\/\/aivlisoft.net\/shop\/wp-content\/uploads\/2025\/01\/APTAVI0015_800-1.jpg\" \/>\n\t<meta property=\"og:image:width\" content=\"800\" \/>\n\t<meta property=\"og:image:height\" content=\"800\" \/>\n\t<meta property=\"og:image:type\" content=\"image\/jpeg\" \/>\n<meta name=\"twitter:card\" content=\"summary_large_image\" \/>\n<meta name=\"twitter:label1\" content=\"Tiempo de lectura\" \/>\n\t<meta name=\"twitter:data1\" content=\"1 minuto\" \/>\n<script type=\"application\/ld+json\" class=\"yoast-schema-graph\">{\"@context\":\"https:\/\/schema.org\",\"@graph\":[{\"@type\":\"WebPage\",\"@id\":\"https:\/\/aivlisoft.net\/shop\/producto\/approx-visor-tpv-7-vfd01-usb\/\",\"url\":\"https:\/\/aivlisoft.net\/shop\/producto\/approx-visor-tpv-7-vfd01-usb\/\",\"name\":\"approx Visor TPV 7\\\" VFD01 USB - Aivlisoft Inform\u00e1tica\",\"isPartOf\":{\"@id\":\"https:\/\/aivlisoft.net\/shop\/#website\"},\"primaryImageOfPage\":{\"@id\":\"https:\/\/aivlisoft.net\/shop\/producto\/approx-visor-tpv-7-vfd01-usb\/#primaryimage\"},\"image\":{\"@id\":\"https:\/\/aivlisoft.net\/shop\/producto\/approx-visor-tpv-7-vfd01-usb\/#primaryimage\"},\"thumbnailUrl\":\"https:\/\/aivlisoft.net\/shop\/wp-content\/uploads\/2025\/01\/APTAVI0015_800-1.jpg\",\"datePublished\":\"2025-01-13T13:35:29+00:00\",\"dateModified\":\"2025-01-14T10:28:37+00:00\",\"breadcrumb\":{\"@id\":\"https:\/\/aivlisoft.net\/shop\/producto\/approx-visor-tpv-7-vfd01-usb\/#breadcrumb\"},\"inLanguage\":\"es\",\"potentialAction\":[{\"@type\":\"ReadAction\",\"target\":[\"https:\/\/aivlisoft.net\/shop\/producto\/approx-visor-tpv-7-vfd01-usb\/\"]}]},{\"@type\":\"ImageObject\",\"inLanguage\":\"es\",\"@id\":\"https:\/\/aivlisoft.net\/shop\/producto\/approx-visor-tpv-7-vfd01-usb\/#primaryimage\",\"url\":\"https:\/\/aivlisoft.net\/shop\/wp-content\/uploads\/2025\/01\/APTAVI0015_800-1.jpg\",\"contentUrl\":\"https:\/\/aivlisoft.net\/shop\/wp-content\/uploads\/2025\/01\/APTAVI0015_800-1.jpg\",\"width\":800,\"height\":800},{\"@type\":\"BreadcrumbList\",\"@id\":\"https:\/\/aivlisoft.net\/shop\/producto\/approx-visor-tpv-7-vfd01-usb\/#breadcrumb\",\"itemListElement\":[{\"@type\":\"ListItem\",\"position\":1,\"name\":\"Portada\",\"item\":\"https:\/\/aivlisoft.net\/shop\/\"},{\"@type\":\"ListItem\",\"position\":2,\"name\":\"Tienda\",\"item\":\"https:\/\/aivlisoft.net\/shop\/tienda\/\"},{\"@type\":\"ListItem\",\"position\":3,\"name\":\"approx Visor TPV 7&#8243; VFD01 USB\"}]},{\"@type\":\"WebSite\",\"@id\":\"https:\/\/aivlisoft.net\/shop\/#website\",\"url\":\"https:\/\/aivlisoft.net\/shop\/\",\"name\":\"Aivlisoft Inform\u00e1tica\",\"description\":\"En Aivlisoft Inform\u00e1tica ofrecemos soluciones tecnol\u00f3gicas para empresas: venta de ordenadores, consumibles, perif\u00e9ricos y m\u00e1s. Calidad, atenci\u00f3n personalizada y los mejores precios para tu negocio.\",\"publisher\":{\"@id\":\"https:\/\/aivlisoft.net\/shop\/#organization\"},\"potentialAction\":[{\"@type\":\"SearchAction\",\"target\":{\"@type\":\"EntryPoint\",\"urlTemplate\":\"https:\/\/aivlisoft.net\/shop\/?s={search_term_string}\"},\"query-input\":{\"@type\":\"PropertyValueSpecification\",\"valueRequired\":true,\"valueName\":\"search_term_string\"}}],\"inLanguage\":\"es\"},{\"@type\":\"Organization\",\"@id\":\"https:\/\/aivlisoft.net\/shop\/#organization\",\"name\":\"Aivlisoft Inform\u00e1tica\",\"url\":\"https:\/\/aivlisoft.net\/shop\/\",\"logo\":{\"@type\":\"ImageObject\",\"inLanguage\":\"es\",\"@id\":\"https:\/\/aivlisoft.net\/shop\/#\/schema\/logo\/image\/\",\"url\":\"https:\/\/aivlisoft.net\/shop\/wp-content\/uploads\/2024\/12\/removal.ai_5b848c54-0cdf-4140-95c5-c5536bb7573b-logodef.png\",\"contentUrl\":\"https:\/\/aivlisoft.net\/shop\/wp-content\/uploads\/2024\/12\/removal.ai_5b848c54-0cdf-4140-95c5-c5536bb7573b-logodef.png\",\"width\":484,\"height\":182,\"caption\":\"Aivlisoft Inform\u00e1tica\"},\"image\":{\"@id\":\"https:\/\/aivlisoft.net\/shop\/#\/schema\/logo\/image\/\"}}]}<\/script>\n<!-- \/ Yoast SEO plugin. -->","yoast_head_json":{"title":"approx Visor TPV 7\" VFD01 USB - Aivlisoft Inform\u00e1tica","robots":{"index":"index","follow":"follow","max-snippet":"max-snippet:-1","max-image-preview":"max-image-preview:large","max-video-preview":"max-video-preview:-1"},"canonical":"https:\/\/aivlisoft.net\/shop\/producto\/approx-visor-tpv-7-vfd01-usb\/","og_locale":"es_ES","og_type":"article","og_title":"approx Visor TPV 7\" VFD01 USB - Aivlisoft Inform\u00e1tica","og_description":"Visor de cliente alfanum&eacute;rico fluorescente al vac&iacute;o. Visor de cliente para punto de venta, de 20 caracteres y 2 l&iacute;neas, ideal para informar al cliente del los datos m&aacute;s relevantes del proceso de compra, marcando unidades y precios de los productos a medida que pasan por el lector de c&oacute;digos. El visor appVFD01 destaca por&hellip;&nbsp;approx Visor TPV 7&#8243; VFD01 USB","og_url":"https:\/\/aivlisoft.net\/shop\/producto\/approx-visor-tpv-7-vfd01-usb\/","og_site_name":"Aivlisoft Inform\u00e1tica","article_modified_time":"2025-01-14T10:28:37+00:00","og_image":[{"width":800,"height":800,"url":"https:\/\/aivlisoft.net\/shop\/wp-content\/uploads\/2025\/01\/APTAVI0015_800-1.jpg","type":"image\/jpeg"}],"twitter_card":"summary_large_image","twitter_misc":{"Tiempo de lectura":"1 minuto"},"schema":{"@context":"https:\/\/schema.org","@graph":[{"@type":"WebPage","@id":"https:\/\/aivlisoft.net\/shop\/producto\/approx-visor-tpv-7-vfd01-usb\/","url":"https:\/\/aivlisoft.net\/shop\/producto\/approx-visor-tpv-7-vfd01-usb\/","name":"approx Visor TPV 7\" VFD01 USB - Aivlisoft Inform\u00e1tica","isPartOf":{"@id":"https:\/\/aivlisoft.net\/shop\/#website"},"primaryImageOfPage":{"@id":"https:\/\/aivlisoft.net\/shop\/producto\/approx-visor-tpv-7-vfd01-usb\/#primaryimage"},"image":{"@id":"https:\/\/aivlisoft.net\/shop\/producto\/approx-visor-tpv-7-vfd01-usb\/#primaryimage"},"thumbnailUrl":"https:\/\/aivlisoft.net\/shop\/wp-content\/uploads\/2025\/01\/APTAVI0015_800-1.jpg","datePublished":"2025-01-13T13:35:29+00:00","dateModified":"2025-01-14T10:28:37+00:00","breadcrumb":{"@id":"https:\/\/aivlisoft.net\/shop\/producto\/approx-visor-tpv-7-vfd01-usb\/#breadcrumb"},"inLanguage":"es","potentialAction":[{"@type":"ReadAction","target":["https:\/\/aivlisoft.net\/shop\/producto\/approx-visor-tpv-7-vfd01-usb\/"]}]},{"@type":"ImageObject","inLanguage":"es","@id":"https:\/\/aivlisoft.net\/shop\/producto\/approx-visor-tpv-7-vfd01-usb\/#primaryimage","url":"https:\/\/aivlisoft.net\/shop\/wp-content\/uploads\/2025\/01\/APTAVI0015_800-1.jpg","contentUrl":"https:\/\/aivlisoft.net\/shop\/wp-content\/uploads\/2025\/01\/APTAVI0015_800-1.jpg","width":800,"height":800},{"@type":"BreadcrumbList","@id":"https:\/\/aivlisoft.net\/shop\/producto\/approx-visor-tpv-7-vfd01-usb\/#breadcrumb","itemListElement":[{"@type":"ListItem","position":1,"name":"Portada","item":"https:\/\/aivlisoft.net\/shop\/"},{"@type":"ListItem","position":2,"name":"Tienda","item":"https:\/\/aivlisoft.net\/shop\/tienda\/"},{"@type":"ListItem","position":3,"name":"approx Visor TPV 7&#8243; VFD01 USB"}]},{"@type":"WebSite","@id":"https:\/\/aivlisoft.net\/shop\/#website","url":"https:\/\/aivlisoft.net\/shop\/","name":"Aivlisoft Inform\u00e1tica","description":"En Aivlisoft Inform\u00e1tica ofrecemos soluciones tecnol\u00f3gicas para empresas: venta de ordenadores, consumibles, perif\u00e9ricos y m\u00e1s. Calidad, atenci\u00f3n personalizada y los mejores precios para tu negocio.","publisher":{"@id":"https:\/\/aivlisoft.net\/shop\/#organization"},"potentialAction":[{"@type":"SearchAction","target":{"@type":"EntryPoint","urlTemplate":"https:\/\/aivlisoft.net\/shop\/?s={search_term_string}"},"query-input":{"@type":"PropertyValueSpecification","valueRequired":true,"valueName":"search_term_string"}}],"inLanguage":"es"},{"@type":"Organization","@id":"https:\/\/aivlisoft.net\/shop\/#organization","name":"Aivlisoft Inform\u00e1tica","url":"https:\/\/aivlisoft.net\/shop\/","logo":{"@type":"ImageObject","inLanguage":"es","@id":"https:\/\/aivlisoft.net\/shop\/#\/schema\/logo\/image\/","url":"https:\/\/aivlisoft.net\/shop\/wp-content\/uploads\/2024\/12\/removal.ai_5b848c54-0cdf-4140-95c5-c5536bb7573b-logodef.png","contentUrl":"https:\/\/aivlisoft.net\/shop\/wp-content\/uploads\/2024\/12\/removal.ai_5b848c54-0cdf-4140-95c5-c5536bb7573b-logodef.png","width":484,"height":182,"caption":"Aivlisoft Inform\u00e1tica"},"image":{"@id":"https:\/\/aivlisoft.net\/shop\/#\/schema\/logo\/image\/"}}]}},"_links":{"self":[{"href":"https:\/\/aivlisoft.net\/shop\/wp-json\/wp\/v2\/product\/6932","targetHints":{"allow":["GET"]}}],"collection":[{"href":"https:\/\/aivlisoft.net\/shop\/wp-json\/wp\/v2\/product"}],"about":[{"href":"https:\/\/aivlisoft.net\/shop\/wp-json\/wp\/v2\/types\/product"}],"wp:featuredmedia":[{"embeddable":true,"href":"https:\/\/aivlisoft.net\/shop\/wp-json\/wp\/v2\/media\/6933"}],"wp:attachment":[{"href":"https:\/\/aivlisoft.net\/shop\/wp-json\/wp\/v2\/media?parent=6932"}],"wp:term":[{"taxonomy":"product_brand","embeddable":true,"href":"https:\/\/aivlisoft.net\/shop\/wp-json\/wp\/v2\/product_brand?post=6932"},{"taxonomy":"product_cat","embeddable":true,"href":"https:\/\/aivlisoft.net\/shop\/wp-json\/wp\/v2\/product_cat?post=6932"},{"taxonomy":"product_tag","embeddable":true,"href":"https:\/\/aivlisoft.net\/shop\/wp-json\/wp\/v2\/product_tag?post=6932"}],"curies":[{"name":"wp","href":"https:\/\/api.w.org\/{rel}","templated":true}]}}