{"id":6926,"date":"2025-01-13T13:35:27","date_gmt":"2025-01-13T13:35:27","guid":{"rendered":"https:\/\/aivlisoft.com\/?post_type=product&#038;p=6926"},"modified":"2025-01-14T10:28:34","modified_gmt":"2025-01-14T10:28:34","slug":"nanocable-cable-usb-2-0-3a-usb-c-m-m-1-5m-negro","status":"publish","type":"product","link":"https:\/\/aivlisoft.net\/shop\/producto\/nanocable-cable-usb-2-0-3a-usb-c-m-m-1-5m-negro\/","title":{"rendered":"Nanocable Cable USB 2.0 3A USB-C-M\/M 1.5M Negro"},"content":{"rendered":"<p>Ideal para conectar su nuevo dispositivo m&oacute;vil\/tablet USB-C a un ordenador con un puerto USB-A convencional.<\/p>\n<p>El cable ofrece hasta 3 amperios de carga, con lo cual se puede usar para cargar su dispositivo m&oacute;vil, tablet, port&aacute;til etc.<\/p>\n<p>Velocidad de transferencia de datos de hasta 480Mbps.<\/p>\n<p>Compatible con puertos con Thunderbolt&trade; 3.<\/p>\n<p>El conector USB Type-C es m&aacute;s f&aacute;cil de usar que los conectores USB de generaci&oacute;n anterior. Su dise&ntilde;o reversible le permite conectar dispositivos con cualquiera de sus caras hacia arriba. Inserte el cable de forma correcta siempre, sin equivocarse ni causar da&ntilde;os en el puerto.<\/p>\n<p>Este cable USB-C tiene certificaci&oacute;n USB-IF, lo cual significa que cumple con todas las especificaciones sobre USB 2.0.<\/p>\n<table class=\"tabla_caracteristicas k-table\" width=\"100%\">\n<tr>\n<td><strong>Marca<\/strong><\/td>\n<td>NANOCABLE<\/td>\n<\/tr>\n<tr>\n<td><strong>Modelo<\/strong><\/td>\n<td><strong>10.01.2101-L150 <\/strong><\/td>\n<\/tr>\n<tr>\n<td><strong>Caracteristicas<\/strong><\/td>\n<td>&#8211; Longitud: 1.5 metros<br \/>\t\t\t&#8211; Color: Negro<br \/>\t\t\t&#8211; Normativas: RoHS<br \/>\t\t\t&#8211; Test de Funcionamiento: 100% testado<br \/>\t\t\t<strong>Contenido<\/strong><br \/>\t\t\t&#8211; 1 x Cable USB 2.0 3A, tipo USB-C\/M-A\/M, Negro, 1.5 m<\/td>\n<\/tr>\n<tr>\n<td><strong>Fecha de revisi&oacute;n<\/strong><\/td>\n<td>17-10-2024 por A<\/td>\n<\/tr>\n<\/table>\n","protected":false},"excerpt":{"rendered":"<p>Ideal para conectar su nuevo dispositivo m&oacute;vil\/tablet USB-C a un ordenador con un puerto USB-A convencional. El cable ofrece hasta 3 amperios de carga, con lo cual se puede usar para cargar su dispositivo m&oacute;vil, tablet, port&aacute;til etc. Velocidad de transferencia de datos de hasta 480Mbps. Compatible con puertos con Thunderbolt&trade; 3. El conector USB&hellip;&nbsp;<a href=\"https:\/\/aivlisoft.net\/shop\/producto\/nanocable-cable-usb-2-0-3a-usb-c-m-m-1-5m-negro\/\" rel=\"bookmark\"><span class=\"screen-reader-text\">Nanocable Cable USB 2.0 3A USB-C-M\/M 1.5M Negro<\/span><\/a><\/p>\n","protected":false},"featured_media":0,"template":"","meta":{"neve_meta_sidebar":"","neve_meta_container":"","neve_meta_enable_content_width":"","neve_meta_content_width":0,"neve_meta_title_alignment":"","neve_meta_author_avatar":"","neve_post_elements_order":"","neve_meta_disable_header":"","neve_meta_disable_footer":"","neve_meta_disable_title":""},"product_brand":[],"product_cat":[8706],"product_tag":[2262],"class_list":{"0":"post-6926","1":"product","2":"type-product","3":"status-publish","5":"product_cat-cables-y-accesorios-pc","6":"product_tag-10-01-2101-l150","8":"first","9":"instock","10":"taxable","11":"shipping-taxable","12":"purchasable","13":"product-type-simple"},"yoast_head":"<!-- This site is optimized with the Yoast SEO plugin v26.0 - https:\/\/yoast.com\/wordpress\/plugins\/seo\/ -->\n<title>Nanocable Cable USB 2.0 3A USB-C-M\/M 1.5M Negro - Aivlisoft Inform\u00e1tica<\/title>\n<meta name=\"robots\" content=\"index, follow, max-snippet:-1, max-image-preview:large, max-video-preview:-1\" \/>\n<link rel=\"canonical\" href=\"https:\/\/aivlisoft.net\/shop\/producto\/nanocable-cable-usb-2-0-3a-usb-c-m-m-1-5m-negro\/\" \/>\n<meta property=\"og:locale\" content=\"es_ES\" \/>\n<meta property=\"og:type\" content=\"article\" \/>\n<meta property=\"og:title\" content=\"Nanocable Cable USB 2.0 3A USB-C-M\/M 1.5M Negro - Aivlisoft Inform\u00e1tica\" \/>\n<meta property=\"og:description\" content=\"Ideal para conectar su nuevo dispositivo m&oacute;vil\/tablet USB-C a un ordenador con un puerto USB-A convencional. El cable ofrece hasta 3 amperios de carga, con lo cual se puede usar para cargar su dispositivo m&oacute;vil, tablet, port&aacute;til etc. Velocidad de transferencia de datos de hasta 480Mbps. Compatible con puertos con Thunderbolt&trade; 3. El conector USB&hellip;&nbsp;Nanocable Cable USB 2.0 3A USB-C-M\/M 1.5M Negro\" \/>\n<meta property=\"og:url\" content=\"https:\/\/aivlisoft.net\/shop\/producto\/nanocable-cable-usb-2-0-3a-usb-c-m-m-1-5m-negro\/\" \/>\n<meta property=\"og:site_name\" content=\"Aivlisoft Inform\u00e1tica\" \/>\n<meta property=\"article:modified_time\" content=\"2025-01-14T10:28:34+00:00\" \/>\n<meta name=\"twitter:card\" content=\"summary_large_image\" \/>\n<meta name=\"twitter:label1\" content=\"Tiempo de lectura\" \/>\n\t<meta name=\"twitter:data1\" content=\"1 minuto\" \/>\n<script type=\"application\/ld+json\" class=\"yoast-schema-graph\">{\"@context\":\"https:\/\/schema.org\",\"@graph\":[{\"@type\":\"WebPage\",\"@id\":\"https:\/\/aivlisoft.net\/shop\/producto\/nanocable-cable-usb-2-0-3a-usb-c-m-m-1-5m-negro\/\",\"url\":\"https:\/\/aivlisoft.net\/shop\/producto\/nanocable-cable-usb-2-0-3a-usb-c-m-m-1-5m-negro\/\",\"name\":\"Nanocable Cable USB 2.0 3A USB-C-M\/M 1.5M Negro - Aivlisoft Inform\u00e1tica\",\"isPartOf\":{\"@id\":\"https:\/\/aivlisoft.net\/shop\/#website\"},\"datePublished\":\"2025-01-13T13:35:27+00:00\",\"dateModified\":\"2025-01-14T10:28:34+00:00\",\"breadcrumb\":{\"@id\":\"https:\/\/aivlisoft.net\/shop\/producto\/nanocable-cable-usb-2-0-3a-usb-c-m-m-1-5m-negro\/#breadcrumb\"},\"inLanguage\":\"es\",\"potentialAction\":[{\"@type\":\"ReadAction\",\"target\":[\"https:\/\/aivlisoft.net\/shop\/producto\/nanocable-cable-usb-2-0-3a-usb-c-m-m-1-5m-negro\/\"]}]},{\"@type\":\"BreadcrumbList\",\"@id\":\"https:\/\/aivlisoft.net\/shop\/producto\/nanocable-cable-usb-2-0-3a-usb-c-m-m-1-5m-negro\/#breadcrumb\",\"itemListElement\":[{\"@type\":\"ListItem\",\"position\":1,\"name\":\"Portada\",\"item\":\"https:\/\/aivlisoft.net\/shop\/\"},{\"@type\":\"ListItem\",\"position\":2,\"name\":\"Tienda\",\"item\":\"https:\/\/aivlisoft.net\/shop\/tienda\/\"},{\"@type\":\"ListItem\",\"position\":3,\"name\":\"Nanocable Cable USB 2.0 3A USB-C-M\/M 1.5M Negro\"}]},{\"@type\":\"WebSite\",\"@id\":\"https:\/\/aivlisoft.net\/shop\/#website\",\"url\":\"https:\/\/aivlisoft.net\/shop\/\",\"name\":\"Aivlisoft Inform\u00e1tica\",\"description\":\"En Aivlisoft Inform\u00e1tica ofrecemos soluciones tecnol\u00f3gicas para empresas: venta de ordenadores, consumibles, perif\u00e9ricos y m\u00e1s. Calidad, atenci\u00f3n personalizada y los mejores precios para tu negocio.\",\"publisher\":{\"@id\":\"https:\/\/aivlisoft.net\/shop\/#organization\"},\"potentialAction\":[{\"@type\":\"SearchAction\",\"target\":{\"@type\":\"EntryPoint\",\"urlTemplate\":\"https:\/\/aivlisoft.net\/shop\/?s={search_term_string}\"},\"query-input\":{\"@type\":\"PropertyValueSpecification\",\"valueRequired\":true,\"valueName\":\"search_term_string\"}}],\"inLanguage\":\"es\"},{\"@type\":\"Organization\",\"@id\":\"https:\/\/aivlisoft.net\/shop\/#organization\",\"name\":\"Aivlisoft Inform\u00e1tica\",\"url\":\"https:\/\/aivlisoft.net\/shop\/\",\"logo\":{\"@type\":\"ImageObject\",\"inLanguage\":\"es\",\"@id\":\"https:\/\/aivlisoft.net\/shop\/#\/schema\/logo\/image\/\",\"url\":\"https:\/\/aivlisoft.net\/shop\/wp-content\/uploads\/2024\/12\/removal.ai_5b848c54-0cdf-4140-95c5-c5536bb7573b-logodef.png\",\"contentUrl\":\"https:\/\/aivlisoft.net\/shop\/wp-content\/uploads\/2024\/12\/removal.ai_5b848c54-0cdf-4140-95c5-c5536bb7573b-logodef.png\",\"width\":484,\"height\":182,\"caption\":\"Aivlisoft Inform\u00e1tica\"},\"image\":{\"@id\":\"https:\/\/aivlisoft.net\/shop\/#\/schema\/logo\/image\/\"}}]}<\/script>\n<!-- \/ Yoast SEO plugin. -->","yoast_head_json":{"title":"Nanocable Cable USB 2.0 3A USB-C-M\/M 1.5M Negro - Aivlisoft Inform\u00e1tica","robots":{"index":"index","follow":"follow","max-snippet":"max-snippet:-1","max-image-preview":"max-image-preview:large","max-video-preview":"max-video-preview:-1"},"canonical":"https:\/\/aivlisoft.net\/shop\/producto\/nanocable-cable-usb-2-0-3a-usb-c-m-m-1-5m-negro\/","og_locale":"es_ES","og_type":"article","og_title":"Nanocable Cable USB 2.0 3A USB-C-M\/M 1.5M Negro - Aivlisoft Inform\u00e1tica","og_description":"Ideal para conectar su nuevo dispositivo m&oacute;vil\/tablet USB-C a un ordenador con un puerto USB-A convencional. El cable ofrece hasta 3 amperios de carga, con lo cual se puede usar para cargar su dispositivo m&oacute;vil, tablet, port&aacute;til etc. Velocidad de transferencia de datos de hasta 480Mbps. Compatible con puertos con Thunderbolt&trade; 3. El conector USB&hellip;&nbsp;Nanocable Cable USB 2.0 3A USB-C-M\/M 1.5M Negro","og_url":"https:\/\/aivlisoft.net\/shop\/producto\/nanocable-cable-usb-2-0-3a-usb-c-m-m-1-5m-negro\/","og_site_name":"Aivlisoft Inform\u00e1tica","article_modified_time":"2025-01-14T10:28:34+00:00","twitter_card":"summary_large_image","twitter_misc":{"Tiempo de lectura":"1 minuto"},"schema":{"@context":"https:\/\/schema.org","@graph":[{"@type":"WebPage","@id":"https:\/\/aivlisoft.net\/shop\/producto\/nanocable-cable-usb-2-0-3a-usb-c-m-m-1-5m-negro\/","url":"https:\/\/aivlisoft.net\/shop\/producto\/nanocable-cable-usb-2-0-3a-usb-c-m-m-1-5m-negro\/","name":"Nanocable Cable USB 2.0 3A USB-C-M\/M 1.5M Negro - Aivlisoft Inform\u00e1tica","isPartOf":{"@id":"https:\/\/aivlisoft.net\/shop\/#website"},"datePublished":"2025-01-13T13:35:27+00:00","dateModified":"2025-01-14T10:28:34+00:00","breadcrumb":{"@id":"https:\/\/aivlisoft.net\/shop\/producto\/nanocable-cable-usb-2-0-3a-usb-c-m-m-1-5m-negro\/#breadcrumb"},"inLanguage":"es","potentialAction":[{"@type":"ReadAction","target":["https:\/\/aivlisoft.net\/shop\/producto\/nanocable-cable-usb-2-0-3a-usb-c-m-m-1-5m-negro\/"]}]},{"@type":"BreadcrumbList","@id":"https:\/\/aivlisoft.net\/shop\/producto\/nanocable-cable-usb-2-0-3a-usb-c-m-m-1-5m-negro\/#breadcrumb","itemListElement":[{"@type":"ListItem","position":1,"name":"Portada","item":"https:\/\/aivlisoft.net\/shop\/"},{"@type":"ListItem","position":2,"name":"Tienda","item":"https:\/\/aivlisoft.net\/shop\/tienda\/"},{"@type":"ListItem","position":3,"name":"Nanocable Cable USB 2.0 3A USB-C-M\/M 1.5M Negro"}]},{"@type":"WebSite","@id":"https:\/\/aivlisoft.net\/shop\/#website","url":"https:\/\/aivlisoft.net\/shop\/","name":"Aivlisoft Inform\u00e1tica","description":"En Aivlisoft Inform\u00e1tica ofrecemos soluciones tecnol\u00f3gicas para empresas: venta de ordenadores, consumibles, perif\u00e9ricos y m\u00e1s. Calidad, atenci\u00f3n personalizada y los mejores precios para tu negocio.","publisher":{"@id":"https:\/\/aivlisoft.net\/shop\/#organization"},"potentialAction":[{"@type":"SearchAction","target":{"@type":"EntryPoint","urlTemplate":"https:\/\/aivlisoft.net\/shop\/?s={search_term_string}"},"query-input":{"@type":"PropertyValueSpecification","valueRequired":true,"valueName":"search_term_string"}}],"inLanguage":"es"},{"@type":"Organization","@id":"https:\/\/aivlisoft.net\/shop\/#organization","name":"Aivlisoft Inform\u00e1tica","url":"https:\/\/aivlisoft.net\/shop\/","logo":{"@type":"ImageObject","inLanguage":"es","@id":"https:\/\/aivlisoft.net\/shop\/#\/schema\/logo\/image\/","url":"https:\/\/aivlisoft.net\/shop\/wp-content\/uploads\/2024\/12\/removal.ai_5b848c54-0cdf-4140-95c5-c5536bb7573b-logodef.png","contentUrl":"https:\/\/aivlisoft.net\/shop\/wp-content\/uploads\/2024\/12\/removal.ai_5b848c54-0cdf-4140-95c5-c5536bb7573b-logodef.png","width":484,"height":182,"caption":"Aivlisoft Inform\u00e1tica"},"image":{"@id":"https:\/\/aivlisoft.net\/shop\/#\/schema\/logo\/image\/"}}]}},"_links":{"self":[{"href":"https:\/\/aivlisoft.net\/shop\/wp-json\/wp\/v2\/product\/6926","targetHints":{"allow":["GET"]}}],"collection":[{"href":"https:\/\/aivlisoft.net\/shop\/wp-json\/wp\/v2\/product"}],"about":[{"href":"https:\/\/aivlisoft.net\/shop\/wp-json\/wp\/v2\/types\/product"}],"wp:attachment":[{"href":"https:\/\/aivlisoft.net\/shop\/wp-json\/wp\/v2\/media?parent=6926"}],"wp:term":[{"taxonomy":"product_brand","embeddable":true,"href":"https:\/\/aivlisoft.net\/shop\/wp-json\/wp\/v2\/product_brand?post=6926"},{"taxonomy":"product_cat","embeddable":true,"href":"https:\/\/aivlisoft.net\/shop\/wp-json\/wp\/v2\/product_cat?post=6926"},{"taxonomy":"product_tag","embeddable":true,"href":"https:\/\/aivlisoft.net\/shop\/wp-json\/wp\/v2\/product_tag?post=6926"}],"curies":[{"name":"wp","href":"https:\/\/api.w.org\/{rel}","templated":true}]}}