{"id":6847,"date":"2025-01-13T13:34:54","date_gmt":"2025-01-13T13:34:54","guid":{"rendered":"https:\/\/aivlisoft.com\/?post_type=product&#038;p=6847"},"modified":"2025-01-14T10:28:06","modified_gmt":"2025-01-14T10:28:06","slug":"aisens-conversor-usb-c-a-dp-dvi-hdmi-vga-15cm","status":"publish","type":"product","link":"https:\/\/aivlisoft.net\/shop\/producto\/aisens-conversor-usb-c-a-dp-dvi-hdmi-vga-15cm\/","title":{"rendered":"Aisens Conversor USB-C a DP\/DVI\/HDMI\/VGA 15cm"},"content":{"rendered":"<p><\/p>\n<table class=\"tabla_caracteristicas\" width=\"100%\">\n<tr>\n<td valign=\"top\"><strong>Marca<\/strong><\/td>\n<td>Aisens<\/td>\n<\/tr>\n<tr>\n<td valign=\"top\"><strong>Modelo<\/strong><\/td>\n<td><strong>A109-0679 <\/strong><\/td>\n<\/tr>\n<tr>\n<td valign=\"top\"><strong>Caracter&iacute;sticas<\/strong><\/td>\n<td>&#8211; Conversor<strong> USB-C a DISPLAYPORT \/ DVI \/ HDMI \/ VGA<\/strong>, 4 en 1, con conector USB 3.1 Tipo-C en un extremo y DISPLAYPORT 4K@60Hz hembra, DVI hembra, HDMI 4K@60Hz hembra y VGA hembra en el otro.<br \/>\t\t\t&#8211; Permite transmitir se&ntilde;ales de una fuente USB-C a una pantalla DISPLAYPORT, DVI, HDMI o VGA.<br \/>\t\t\t&#8211; Nota: NO todos los dispositivos con conexi&oacute;n USB-C pueden trabajar con este conversor. SOLO los dispositivos con conexi&oacute;n USB-C que soportan el modo DP ALT (El modo DisplayPort Alt o el modo alternativo de DisplayPort) pueden trabajar con este conversor como Thunderbolt 3, USB-C con simbolo &ldquo;D&rdquo; al lado etc. Por favor, consulte con el manual de su dispositivo antes de usar este conversor para evitar problema de compatibilidad.<br \/>\t\t\t&#8211; Compatible con Macbook Pro, Macbook con puerto Thunderbolt 3, Google Chromebook etc.<br \/>\t\t\t&#8211; Nota: El adaptador de v&iacute;deo soporta solo una salida de v&iacute;deo a la vez. Si se efect&uacute;an varias conexiones, solo funcionar&aacute; una de las salidas. Prioridad de la salida de v&iacute;deo: DISPLAYPORT &gt; HDMI &gt; DVI &gt; VGA<br \/>\t\t\t&#8211; No requiere software ni controladores, una soluci&oacute;n totalmente plug and play<br \/>\t\t\t&#8211; Soporta Resoluci&oacute;n m&aacute;xima en DISPLAYPORT 4Kx2K@60Hz<br \/>\t\t\t&#8211; Soporta Resoluci&oacute;n m&aacute;xima en DVI 1080P@60Hz<br \/>\t\t\t&#8211; Soporta Resoluci&oacute;n m&aacute;xima en HDMI 4Kx2K@60Hz<br \/>\t\t\t&#8211; Soporta Resoluci&oacute;n m&aacute;xima en VGA 1080P@60Hz<br \/>\t\t\t&#8211; Longitud: <strong>15 CM<\/strong><br \/>\t\t\t&#8211; Color: Negro<br \/>\t\t\t&#8211; Normativas: RoHS, CE<br \/>\t\t\t&#8211; Test de funcionamiento: 100% testeado<\/td>\n<\/tr>\n<tr>\n<td valign=\"top\"><strong>Fecha de revisi&oacute;n<\/strong><\/td>\n<td>10-07-2024 por A<\/td>\n<\/tr>\n<\/table>\n","protected":false},"excerpt":{"rendered":"<p>Marca Aisens Modelo A109-0679 Caracter&iacute;sticas &#8211; Conversor USB-C a DISPLAYPORT \/ DVI \/ HDMI \/ VGA, 4 en 1, con conector USB 3.1 Tipo-C en un extremo y DISPLAYPORT 4K@60Hz hembra, DVI hembra, HDMI 4K@60Hz hembra y VGA hembra en el otro. &#8211; Permite transmitir se&ntilde;ales de una fuente USB-C a una pantalla DISPLAYPORT, DVI,&hellip;&nbsp;<a href=\"https:\/\/aivlisoft.net\/shop\/producto\/aisens-conversor-usb-c-a-dp-dvi-hdmi-vga-15cm\/\" rel=\"bookmark\"><span class=\"screen-reader-text\">Aisens Conversor USB-C a DP\/DVI\/HDMI\/VGA 15cm<\/span><\/a><\/p>\n","protected":false},"featured_media":6848,"template":"","meta":{"neve_meta_sidebar":"","neve_meta_container":"","neve_meta_enable_content_width":"","neve_meta_content_width":0,"neve_meta_title_alignment":"","neve_meta_author_avatar":"","neve_post_elements_order":"","neve_meta_disable_header":"","neve_meta_disable_footer":"","neve_meta_disable_title":""},"product_brand":[],"product_cat":[8706],"product_tag":[2234],"class_list":{"0":"post-6847","1":"product","2":"type-product","3":"status-publish","4":"has-post-thumbnail","6":"product_cat-cables-y-accesorios-pc","7":"product_tag-a109-0679","9":"first","10":"instock","11":"taxable","12":"shipping-taxable","13":"purchasable","14":"product-type-simple"},"yoast_head":"<!-- This site is optimized with the Yoast SEO plugin v26.0 - https:\/\/yoast.com\/wordpress\/plugins\/seo\/ -->\n<title>Aisens Conversor USB-C a DP\/DVI\/HDMI\/VGA 15cm - Aivlisoft Inform\u00e1tica<\/title>\n<meta name=\"robots\" content=\"index, follow, max-snippet:-1, max-image-preview:large, max-video-preview:-1\" \/>\n<link rel=\"canonical\" href=\"https:\/\/aivlisoft.net\/shop\/producto\/aisens-conversor-usb-c-a-dp-dvi-hdmi-vga-15cm\/\" \/>\n<meta property=\"og:locale\" content=\"es_ES\" \/>\n<meta property=\"og:type\" content=\"article\" \/>\n<meta property=\"og:title\" content=\"Aisens Conversor USB-C a DP\/DVI\/HDMI\/VGA 15cm - Aivlisoft Inform\u00e1tica\" \/>\n<meta property=\"og:description\" content=\"Marca Aisens Modelo A109-0679 Caracter&iacute;sticas &#8211; Conversor USB-C a DISPLAYPORT \/ DVI \/ HDMI \/ VGA, 4 en 1, con conector USB 3.1 Tipo-C en un extremo y DISPLAYPORT 4K@60Hz hembra, DVI hembra, HDMI 4K@60Hz hembra y VGA hembra en el otro. &#8211; Permite transmitir se&ntilde;ales de una fuente USB-C a una pantalla DISPLAYPORT, DVI,&hellip;&nbsp;Aisens Conversor USB-C a DP\/DVI\/HDMI\/VGA 15cm\" \/>\n<meta property=\"og:url\" content=\"https:\/\/aivlisoft.net\/shop\/producto\/aisens-conversor-usb-c-a-dp-dvi-hdmi-vga-15cm\/\" \/>\n<meta property=\"og:site_name\" content=\"Aivlisoft Inform\u00e1tica\" \/>\n<meta property=\"article:modified_time\" content=\"2025-01-14T10:28:06+00:00\" \/>\n<meta property=\"og:image\" content=\"https:\/\/aivlisoft.net\/shop\/wp-content\/uploads\/2025\/01\/APTAPC1140_800-1.jpg\" \/>\n\t<meta property=\"og:image:width\" content=\"800\" \/>\n\t<meta property=\"og:image:height\" content=\"800\" \/>\n\t<meta property=\"og:image:type\" content=\"image\/jpeg\" \/>\n<meta name=\"twitter:card\" content=\"summary_large_image\" \/>\n<meta name=\"twitter:label1\" content=\"Tiempo de lectura\" \/>\n\t<meta name=\"twitter:data1\" content=\"1 minuto\" \/>\n<script type=\"application\/ld+json\" class=\"yoast-schema-graph\">{\"@context\":\"https:\/\/schema.org\",\"@graph\":[{\"@type\":\"WebPage\",\"@id\":\"https:\/\/aivlisoft.net\/shop\/producto\/aisens-conversor-usb-c-a-dp-dvi-hdmi-vga-15cm\/\",\"url\":\"https:\/\/aivlisoft.net\/shop\/producto\/aisens-conversor-usb-c-a-dp-dvi-hdmi-vga-15cm\/\",\"name\":\"Aisens Conversor USB-C a DP\/DVI\/HDMI\/VGA 15cm - Aivlisoft Inform\u00e1tica\",\"isPartOf\":{\"@id\":\"https:\/\/aivlisoft.net\/shop\/#website\"},\"primaryImageOfPage\":{\"@id\":\"https:\/\/aivlisoft.net\/shop\/producto\/aisens-conversor-usb-c-a-dp-dvi-hdmi-vga-15cm\/#primaryimage\"},\"image\":{\"@id\":\"https:\/\/aivlisoft.net\/shop\/producto\/aisens-conversor-usb-c-a-dp-dvi-hdmi-vga-15cm\/#primaryimage\"},\"thumbnailUrl\":\"https:\/\/aivlisoft.net\/shop\/wp-content\/uploads\/2025\/01\/APTAPC1140_800-1.jpg\",\"datePublished\":\"2025-01-13T13:34:54+00:00\",\"dateModified\":\"2025-01-14T10:28:06+00:00\",\"breadcrumb\":{\"@id\":\"https:\/\/aivlisoft.net\/shop\/producto\/aisens-conversor-usb-c-a-dp-dvi-hdmi-vga-15cm\/#breadcrumb\"},\"inLanguage\":\"es\",\"potentialAction\":[{\"@type\":\"ReadAction\",\"target\":[\"https:\/\/aivlisoft.net\/shop\/producto\/aisens-conversor-usb-c-a-dp-dvi-hdmi-vga-15cm\/\"]}]},{\"@type\":\"ImageObject\",\"inLanguage\":\"es\",\"@id\":\"https:\/\/aivlisoft.net\/shop\/producto\/aisens-conversor-usb-c-a-dp-dvi-hdmi-vga-15cm\/#primaryimage\",\"url\":\"https:\/\/aivlisoft.net\/shop\/wp-content\/uploads\/2025\/01\/APTAPC1140_800-1.jpg\",\"contentUrl\":\"https:\/\/aivlisoft.net\/shop\/wp-content\/uploads\/2025\/01\/APTAPC1140_800-1.jpg\",\"width\":800,\"height\":800},{\"@type\":\"BreadcrumbList\",\"@id\":\"https:\/\/aivlisoft.net\/shop\/producto\/aisens-conversor-usb-c-a-dp-dvi-hdmi-vga-15cm\/#breadcrumb\",\"itemListElement\":[{\"@type\":\"ListItem\",\"position\":1,\"name\":\"Portada\",\"item\":\"https:\/\/aivlisoft.net\/shop\/\"},{\"@type\":\"ListItem\",\"position\":2,\"name\":\"Tienda\",\"item\":\"https:\/\/aivlisoft.net\/shop\/tienda\/\"},{\"@type\":\"ListItem\",\"position\":3,\"name\":\"Aisens Conversor USB-C a DP\/DVI\/HDMI\/VGA 15cm\"}]},{\"@type\":\"WebSite\",\"@id\":\"https:\/\/aivlisoft.net\/shop\/#website\",\"url\":\"https:\/\/aivlisoft.net\/shop\/\",\"name\":\"Aivlisoft Inform\u00e1tica\",\"description\":\"En Aivlisoft Inform\u00e1tica ofrecemos soluciones tecnol\u00f3gicas para empresas: venta de ordenadores, consumibles, perif\u00e9ricos y m\u00e1s. Calidad, atenci\u00f3n personalizada y los mejores precios para tu negocio.\",\"publisher\":{\"@id\":\"https:\/\/aivlisoft.net\/shop\/#organization\"},\"potentialAction\":[{\"@type\":\"SearchAction\",\"target\":{\"@type\":\"EntryPoint\",\"urlTemplate\":\"https:\/\/aivlisoft.net\/shop\/?s={search_term_string}\"},\"query-input\":{\"@type\":\"PropertyValueSpecification\",\"valueRequired\":true,\"valueName\":\"search_term_string\"}}],\"inLanguage\":\"es\"},{\"@type\":\"Organization\",\"@id\":\"https:\/\/aivlisoft.net\/shop\/#organization\",\"name\":\"Aivlisoft Inform\u00e1tica\",\"url\":\"https:\/\/aivlisoft.net\/shop\/\",\"logo\":{\"@type\":\"ImageObject\",\"inLanguage\":\"es\",\"@id\":\"https:\/\/aivlisoft.net\/shop\/#\/schema\/logo\/image\/\",\"url\":\"https:\/\/aivlisoft.net\/shop\/wp-content\/uploads\/2024\/12\/removal.ai_5b848c54-0cdf-4140-95c5-c5536bb7573b-logodef.png\",\"contentUrl\":\"https:\/\/aivlisoft.net\/shop\/wp-content\/uploads\/2024\/12\/removal.ai_5b848c54-0cdf-4140-95c5-c5536bb7573b-logodef.png\",\"width\":484,\"height\":182,\"caption\":\"Aivlisoft Inform\u00e1tica\"},\"image\":{\"@id\":\"https:\/\/aivlisoft.net\/shop\/#\/schema\/logo\/image\/\"}}]}<\/script>\n<!-- \/ Yoast SEO plugin. -->","yoast_head_json":{"title":"Aisens Conversor USB-C a DP\/DVI\/HDMI\/VGA 15cm - Aivlisoft Inform\u00e1tica","robots":{"index":"index","follow":"follow","max-snippet":"max-snippet:-1","max-image-preview":"max-image-preview:large","max-video-preview":"max-video-preview:-1"},"canonical":"https:\/\/aivlisoft.net\/shop\/producto\/aisens-conversor-usb-c-a-dp-dvi-hdmi-vga-15cm\/","og_locale":"es_ES","og_type":"article","og_title":"Aisens Conversor USB-C a DP\/DVI\/HDMI\/VGA 15cm - Aivlisoft Inform\u00e1tica","og_description":"Marca Aisens Modelo A109-0679 Caracter&iacute;sticas &#8211; Conversor USB-C a DISPLAYPORT \/ DVI \/ HDMI \/ VGA, 4 en 1, con conector USB 3.1 Tipo-C en un extremo y DISPLAYPORT 4K@60Hz hembra, DVI hembra, HDMI 4K@60Hz hembra y VGA hembra en el otro. &#8211; Permite transmitir se&ntilde;ales de una fuente USB-C a una pantalla DISPLAYPORT, DVI,&hellip;&nbsp;Aisens Conversor USB-C a DP\/DVI\/HDMI\/VGA 15cm","og_url":"https:\/\/aivlisoft.net\/shop\/producto\/aisens-conversor-usb-c-a-dp-dvi-hdmi-vga-15cm\/","og_site_name":"Aivlisoft Inform\u00e1tica","article_modified_time":"2025-01-14T10:28:06+00:00","og_image":[{"width":800,"height":800,"url":"https:\/\/aivlisoft.net\/shop\/wp-content\/uploads\/2025\/01\/APTAPC1140_800-1.jpg","type":"image\/jpeg"}],"twitter_card":"summary_large_image","twitter_misc":{"Tiempo de lectura":"1 minuto"},"schema":{"@context":"https:\/\/schema.org","@graph":[{"@type":"WebPage","@id":"https:\/\/aivlisoft.net\/shop\/producto\/aisens-conversor-usb-c-a-dp-dvi-hdmi-vga-15cm\/","url":"https:\/\/aivlisoft.net\/shop\/producto\/aisens-conversor-usb-c-a-dp-dvi-hdmi-vga-15cm\/","name":"Aisens Conversor USB-C a DP\/DVI\/HDMI\/VGA 15cm - Aivlisoft Inform\u00e1tica","isPartOf":{"@id":"https:\/\/aivlisoft.net\/shop\/#website"},"primaryImageOfPage":{"@id":"https:\/\/aivlisoft.net\/shop\/producto\/aisens-conversor-usb-c-a-dp-dvi-hdmi-vga-15cm\/#primaryimage"},"image":{"@id":"https:\/\/aivlisoft.net\/shop\/producto\/aisens-conversor-usb-c-a-dp-dvi-hdmi-vga-15cm\/#primaryimage"},"thumbnailUrl":"https:\/\/aivlisoft.net\/shop\/wp-content\/uploads\/2025\/01\/APTAPC1140_800-1.jpg","datePublished":"2025-01-13T13:34:54+00:00","dateModified":"2025-01-14T10:28:06+00:00","breadcrumb":{"@id":"https:\/\/aivlisoft.net\/shop\/producto\/aisens-conversor-usb-c-a-dp-dvi-hdmi-vga-15cm\/#breadcrumb"},"inLanguage":"es","potentialAction":[{"@type":"ReadAction","target":["https:\/\/aivlisoft.net\/shop\/producto\/aisens-conversor-usb-c-a-dp-dvi-hdmi-vga-15cm\/"]}]},{"@type":"ImageObject","inLanguage":"es","@id":"https:\/\/aivlisoft.net\/shop\/producto\/aisens-conversor-usb-c-a-dp-dvi-hdmi-vga-15cm\/#primaryimage","url":"https:\/\/aivlisoft.net\/shop\/wp-content\/uploads\/2025\/01\/APTAPC1140_800-1.jpg","contentUrl":"https:\/\/aivlisoft.net\/shop\/wp-content\/uploads\/2025\/01\/APTAPC1140_800-1.jpg","width":800,"height":800},{"@type":"BreadcrumbList","@id":"https:\/\/aivlisoft.net\/shop\/producto\/aisens-conversor-usb-c-a-dp-dvi-hdmi-vga-15cm\/#breadcrumb","itemListElement":[{"@type":"ListItem","position":1,"name":"Portada","item":"https:\/\/aivlisoft.net\/shop\/"},{"@type":"ListItem","position":2,"name":"Tienda","item":"https:\/\/aivlisoft.net\/shop\/tienda\/"},{"@type":"ListItem","position":3,"name":"Aisens Conversor USB-C a DP\/DVI\/HDMI\/VGA 15cm"}]},{"@type":"WebSite","@id":"https:\/\/aivlisoft.net\/shop\/#website","url":"https:\/\/aivlisoft.net\/shop\/","name":"Aivlisoft Inform\u00e1tica","description":"En Aivlisoft Inform\u00e1tica ofrecemos soluciones tecnol\u00f3gicas para empresas: venta de ordenadores, consumibles, perif\u00e9ricos y m\u00e1s. Calidad, atenci\u00f3n personalizada y los mejores precios para tu negocio.","publisher":{"@id":"https:\/\/aivlisoft.net\/shop\/#organization"},"potentialAction":[{"@type":"SearchAction","target":{"@type":"EntryPoint","urlTemplate":"https:\/\/aivlisoft.net\/shop\/?s={search_term_string}"},"query-input":{"@type":"PropertyValueSpecification","valueRequired":true,"valueName":"search_term_string"}}],"inLanguage":"es"},{"@type":"Organization","@id":"https:\/\/aivlisoft.net\/shop\/#organization","name":"Aivlisoft Inform\u00e1tica","url":"https:\/\/aivlisoft.net\/shop\/","logo":{"@type":"ImageObject","inLanguage":"es","@id":"https:\/\/aivlisoft.net\/shop\/#\/schema\/logo\/image\/","url":"https:\/\/aivlisoft.net\/shop\/wp-content\/uploads\/2024\/12\/removal.ai_5b848c54-0cdf-4140-95c5-c5536bb7573b-logodef.png","contentUrl":"https:\/\/aivlisoft.net\/shop\/wp-content\/uploads\/2024\/12\/removal.ai_5b848c54-0cdf-4140-95c5-c5536bb7573b-logodef.png","width":484,"height":182,"caption":"Aivlisoft Inform\u00e1tica"},"image":{"@id":"https:\/\/aivlisoft.net\/shop\/#\/schema\/logo\/image\/"}}]}},"_links":{"self":[{"href":"https:\/\/aivlisoft.net\/shop\/wp-json\/wp\/v2\/product\/6847","targetHints":{"allow":["GET"]}}],"collection":[{"href":"https:\/\/aivlisoft.net\/shop\/wp-json\/wp\/v2\/product"}],"about":[{"href":"https:\/\/aivlisoft.net\/shop\/wp-json\/wp\/v2\/types\/product"}],"wp:featuredmedia":[{"embeddable":true,"href":"https:\/\/aivlisoft.net\/shop\/wp-json\/wp\/v2\/media\/6848"}],"wp:attachment":[{"href":"https:\/\/aivlisoft.net\/shop\/wp-json\/wp\/v2\/media?parent=6847"}],"wp:term":[{"taxonomy":"product_brand","embeddable":true,"href":"https:\/\/aivlisoft.net\/shop\/wp-json\/wp\/v2\/product_brand?post=6847"},{"taxonomy":"product_cat","embeddable":true,"href":"https:\/\/aivlisoft.net\/shop\/wp-json\/wp\/v2\/product_cat?post=6847"},{"taxonomy":"product_tag","embeddable":true,"href":"https:\/\/aivlisoft.net\/shop\/wp-json\/wp\/v2\/product_tag?post=6847"}],"curies":[{"name":"wp","href":"https:\/\/api.w.org\/{rel}","templated":true}]}}