{"id":6716,"date":"2025-01-13T13:34:10","date_gmt":"2025-01-13T13:34:10","guid":{"rendered":"https:\/\/aivlisoft.com\/?post_type=product&#038;p=6716"},"modified":"2025-01-14T10:27:25","modified_gmt":"2025-01-14T10:27:25","slug":"ewent-soporte-auriculares-ajustable-escritorio","status":"publish","type":"product","link":"https:\/\/aivlisoft.net\/shop\/producto\/ewent-soporte-auriculares-ajustable-escritorio\/","title":{"rendered":"EWENT Soporte Auriculares ajustable escritorio"},"content":{"rendered":"<p><strong>Soporte auriculares<\/strong><br \/>Soporte auriculares gaming tipo pinza, con dise&ntilde;o optimizado para mesas y estanter&iacute;as, grandioso para para Bose QuietComfort 35 II, HyperX Cloud Stinger, Sennheiser Game One, Beats Solo 3, JBL Quantum One, Sony Playstation etc.<\/p>\n<p><strong>Ajuste regulable y facil de instalar<\/strong><br \/>El soporte Ewent EW1585 ofrece un ajuste regulable; dispone de rotaci&oacute;n 360&ordm; y cuenta con un sistema integrado de gesti&oacute;n del cableado.<\/p>\n<p><strong>F&aacute;cil de montar<\/strong><br \/>Coloca el soporte en el canto de la mesa y sujetalo con su mando de ajuste.<\/p>\n<p><strong>Libera espacio en tu escritorio<\/strong><br \/>Si no utilizas los auriculares, puede tenerlos recogidos de una manera c&oacute;moda, simple, segura y que ahorre espacio. Perfecto para su oficina o casa.<\/p>\n<p><strong>Uso<\/strong><br \/>Uso adecuado para todos los tipos de auriculares de diadema: auriculares Bluetooth, auriculares con cancelaci&oacute;n de ruido, auriculares para juegos, auriculares para tel&eacute;fono, auriculares para ni&ntilde;os y muchos m&aacute;s.<\/p>\n<p><strong>Placa blanda de silicona, mejor sujecci&oacute;n<\/strong><br \/>La placa del gancho de sujecci&oacute;n dispone de una superficie de silicona que protege la almohadilla de la diadema de los auriculares, evitando da&ntilde;os a los auriculares. Adem&aacute;s, est&aacute; hecho de material s&oacute;lido, duradero.<\/p>\n<p><strong>Antideslizantes<\/strong><br \/>La placa del gancho tiene una protecci&oacute;n de silicona para proteger las superficies de lo que cuelgue en &eacute;l; no raya la superficie de lo que se coloca y no se desliza.<\/p>\n<table class=\"tabla_caracteristicas\" width=\"100%\">\n<tr>\n<td valign=\"top\"><strong>Marca<\/strong><\/td>\n<td>Ewent<\/td>\n<\/tr>\n<tr>\n<td valign=\"top\"><strong>Modelo<\/strong><\/td>\n<td><strong>EW1586<\/strong><\/td>\n<\/tr>\n<tr>\n<td valign=\"top\"><strong>Caracter&iacute;sticas<\/strong><\/td>\n<td>&#8211; Material: Aluminio (anodizado) + Silicona<br \/>\t\t\t&#8211; Dispone de rotaci&oacute;n 360&ordm;<br \/>\t\t\t&#8211; Color: negro<br \/>\t\t\t&#8211; Peso: 90 gr<br \/>\t\t\t&#8211; Dimensiones: 110 x 30 x 92 mm<\/td>\n<\/tr>\n<tr>\n<td valign=\"top\"><strong>Fecha de revisi&oacute;n<\/strong><\/td>\n<td>18-04-2023 por RTY<\/td>\n<\/tr>\n<\/table>\n","protected":false},"excerpt":{"rendered":"<p>Soporte auricularesSoporte auriculares gaming tipo pinza, con dise&ntilde;o optimizado para mesas y estanter&iacute;as, grandioso para para Bose QuietComfort 35 II, HyperX Cloud Stinger, Sennheiser Game One, Beats Solo 3, JBL Quantum One, Sony Playstation etc. Ajuste regulable y facil de instalarEl soporte Ewent EW1585 ofrece un ajuste regulable; dispone de rotaci&oacute;n 360&ordm; y cuenta con&hellip;&nbsp;<a href=\"https:\/\/aivlisoft.net\/shop\/producto\/ewent-soporte-auriculares-ajustable-escritorio\/\" rel=\"bookmark\"><span class=\"screen-reader-text\">EWENT Soporte Auriculares ajustable escritorio<\/span><\/a><\/p>\n","protected":false},"featured_media":6717,"template":"","meta":{"neve_meta_sidebar":"","neve_meta_container":"","neve_meta_enable_content_width":"","neve_meta_content_width":0,"neve_meta_title_alignment":"","neve_meta_author_avatar":"","neve_post_elements_order":"","neve_meta_disable_header":"","neve_meta_disable_footer":"","neve_meta_disable_title":""},"product_brand":[],"product_cat":[8706],"product_tag":[2192],"class_list":{"0":"post-6716","1":"product","2":"type-product","3":"status-publish","4":"has-post-thumbnail","6":"product_cat-cables-y-accesorios-pc","7":"product_tag-ew1585","9":"first","10":"instock","11":"taxable","12":"shipping-taxable","13":"purchasable","14":"product-type-simple"},"yoast_head":"<!-- This site is optimized with the Yoast SEO plugin v26.0 - https:\/\/yoast.com\/wordpress\/plugins\/seo\/ -->\n<title>EWENT Soporte Auriculares ajustable escritorio - Aivlisoft Inform\u00e1tica<\/title>\n<meta name=\"robots\" content=\"index, follow, max-snippet:-1, max-image-preview:large, max-video-preview:-1\" \/>\n<link rel=\"canonical\" href=\"https:\/\/aivlisoft.net\/shop\/producto\/ewent-soporte-auriculares-ajustable-escritorio\/\" \/>\n<meta property=\"og:locale\" content=\"es_ES\" \/>\n<meta property=\"og:type\" content=\"article\" \/>\n<meta property=\"og:title\" content=\"EWENT Soporte Auriculares ajustable escritorio - Aivlisoft Inform\u00e1tica\" \/>\n<meta property=\"og:description\" content=\"Soporte auricularesSoporte auriculares gaming tipo pinza, con dise&ntilde;o optimizado para mesas y estanter&iacute;as, grandioso para para Bose QuietComfort 35 II, HyperX Cloud Stinger, Sennheiser Game One, Beats Solo 3, JBL Quantum One, Sony Playstation etc. Ajuste regulable y facil de instalarEl soporte Ewent EW1585 ofrece un ajuste regulable; dispone de rotaci&oacute;n 360&ordm; y cuenta con&hellip;&nbsp;EWENT Soporte Auriculares ajustable escritorio\" \/>\n<meta property=\"og:url\" content=\"https:\/\/aivlisoft.net\/shop\/producto\/ewent-soporte-auriculares-ajustable-escritorio\/\" \/>\n<meta property=\"og:site_name\" content=\"Aivlisoft Inform\u00e1tica\" \/>\n<meta property=\"article:modified_time\" content=\"2025-01-14T10:27:25+00:00\" \/>\n<meta property=\"og:image\" content=\"https:\/\/aivlisoft.net\/shop\/wp-content\/uploads\/2025\/01\/APTAPC1058_800-1.jpg\" \/>\n\t<meta property=\"og:image:width\" content=\"800\" \/>\n\t<meta property=\"og:image:height\" content=\"800\" \/>\n\t<meta property=\"og:image:type\" content=\"image\/jpeg\" \/>\n<meta name=\"twitter:card\" content=\"summary_large_image\" \/>\n<meta name=\"twitter:label1\" content=\"Tiempo de lectura\" \/>\n\t<meta name=\"twitter:data1\" content=\"1 minuto\" \/>\n<script type=\"application\/ld+json\" class=\"yoast-schema-graph\">{\"@context\":\"https:\/\/schema.org\",\"@graph\":[{\"@type\":\"WebPage\",\"@id\":\"https:\/\/aivlisoft.net\/shop\/producto\/ewent-soporte-auriculares-ajustable-escritorio\/\",\"url\":\"https:\/\/aivlisoft.net\/shop\/producto\/ewent-soporte-auriculares-ajustable-escritorio\/\",\"name\":\"EWENT Soporte Auriculares ajustable escritorio - Aivlisoft Inform\u00e1tica\",\"isPartOf\":{\"@id\":\"https:\/\/aivlisoft.net\/shop\/#website\"},\"primaryImageOfPage\":{\"@id\":\"https:\/\/aivlisoft.net\/shop\/producto\/ewent-soporte-auriculares-ajustable-escritorio\/#primaryimage\"},\"image\":{\"@id\":\"https:\/\/aivlisoft.net\/shop\/producto\/ewent-soporte-auriculares-ajustable-escritorio\/#primaryimage\"},\"thumbnailUrl\":\"https:\/\/aivlisoft.net\/shop\/wp-content\/uploads\/2025\/01\/APTAPC1058_800-1.jpg\",\"datePublished\":\"2025-01-13T13:34:10+00:00\",\"dateModified\":\"2025-01-14T10:27:25+00:00\",\"breadcrumb\":{\"@id\":\"https:\/\/aivlisoft.net\/shop\/producto\/ewent-soporte-auriculares-ajustable-escritorio\/#breadcrumb\"},\"inLanguage\":\"es\",\"potentialAction\":[{\"@type\":\"ReadAction\",\"target\":[\"https:\/\/aivlisoft.net\/shop\/producto\/ewent-soporte-auriculares-ajustable-escritorio\/\"]}]},{\"@type\":\"ImageObject\",\"inLanguage\":\"es\",\"@id\":\"https:\/\/aivlisoft.net\/shop\/producto\/ewent-soporte-auriculares-ajustable-escritorio\/#primaryimage\",\"url\":\"https:\/\/aivlisoft.net\/shop\/wp-content\/uploads\/2025\/01\/APTAPC1058_800-1.jpg\",\"contentUrl\":\"https:\/\/aivlisoft.net\/shop\/wp-content\/uploads\/2025\/01\/APTAPC1058_800-1.jpg\",\"width\":800,\"height\":800},{\"@type\":\"BreadcrumbList\",\"@id\":\"https:\/\/aivlisoft.net\/shop\/producto\/ewent-soporte-auriculares-ajustable-escritorio\/#breadcrumb\",\"itemListElement\":[{\"@type\":\"ListItem\",\"position\":1,\"name\":\"Portada\",\"item\":\"https:\/\/aivlisoft.net\/shop\/\"},{\"@type\":\"ListItem\",\"position\":2,\"name\":\"Tienda\",\"item\":\"https:\/\/aivlisoft.net\/shop\/tienda\/\"},{\"@type\":\"ListItem\",\"position\":3,\"name\":\"EWENT Soporte Auriculares ajustable escritorio\"}]},{\"@type\":\"WebSite\",\"@id\":\"https:\/\/aivlisoft.net\/shop\/#website\",\"url\":\"https:\/\/aivlisoft.net\/shop\/\",\"name\":\"Aivlisoft Inform\u00e1tica\",\"description\":\"En Aivlisoft Inform\u00e1tica ofrecemos soluciones tecnol\u00f3gicas para empresas: venta de ordenadores, consumibles, perif\u00e9ricos y m\u00e1s. Calidad, atenci\u00f3n personalizada y los mejores precios para tu negocio.\",\"publisher\":{\"@id\":\"https:\/\/aivlisoft.net\/shop\/#organization\"},\"potentialAction\":[{\"@type\":\"SearchAction\",\"target\":{\"@type\":\"EntryPoint\",\"urlTemplate\":\"https:\/\/aivlisoft.net\/shop\/?s={search_term_string}\"},\"query-input\":{\"@type\":\"PropertyValueSpecification\",\"valueRequired\":true,\"valueName\":\"search_term_string\"}}],\"inLanguage\":\"es\"},{\"@type\":\"Organization\",\"@id\":\"https:\/\/aivlisoft.net\/shop\/#organization\",\"name\":\"Aivlisoft Inform\u00e1tica\",\"url\":\"https:\/\/aivlisoft.net\/shop\/\",\"logo\":{\"@type\":\"ImageObject\",\"inLanguage\":\"es\",\"@id\":\"https:\/\/aivlisoft.net\/shop\/#\/schema\/logo\/image\/\",\"url\":\"https:\/\/aivlisoft.net\/shop\/wp-content\/uploads\/2024\/12\/removal.ai_5b848c54-0cdf-4140-95c5-c5536bb7573b-logodef.png\",\"contentUrl\":\"https:\/\/aivlisoft.net\/shop\/wp-content\/uploads\/2024\/12\/removal.ai_5b848c54-0cdf-4140-95c5-c5536bb7573b-logodef.png\",\"width\":484,\"height\":182,\"caption\":\"Aivlisoft Inform\u00e1tica\"},\"image\":{\"@id\":\"https:\/\/aivlisoft.net\/shop\/#\/schema\/logo\/image\/\"}}]}<\/script>\n<!-- \/ Yoast SEO plugin. -->","yoast_head_json":{"title":"EWENT Soporte Auriculares ajustable escritorio - Aivlisoft Inform\u00e1tica","robots":{"index":"index","follow":"follow","max-snippet":"max-snippet:-1","max-image-preview":"max-image-preview:large","max-video-preview":"max-video-preview:-1"},"canonical":"https:\/\/aivlisoft.net\/shop\/producto\/ewent-soporte-auriculares-ajustable-escritorio\/","og_locale":"es_ES","og_type":"article","og_title":"EWENT Soporte Auriculares ajustable escritorio - Aivlisoft Inform\u00e1tica","og_description":"Soporte auricularesSoporte auriculares gaming tipo pinza, con dise&ntilde;o optimizado para mesas y estanter&iacute;as, grandioso para para Bose QuietComfort 35 II, HyperX Cloud Stinger, Sennheiser Game One, Beats Solo 3, JBL Quantum One, Sony Playstation etc. Ajuste regulable y facil de instalarEl soporte Ewent EW1585 ofrece un ajuste regulable; dispone de rotaci&oacute;n 360&ordm; y cuenta con&hellip;&nbsp;EWENT Soporte Auriculares ajustable escritorio","og_url":"https:\/\/aivlisoft.net\/shop\/producto\/ewent-soporte-auriculares-ajustable-escritorio\/","og_site_name":"Aivlisoft Inform\u00e1tica","article_modified_time":"2025-01-14T10:27:25+00:00","og_image":[{"width":800,"height":800,"url":"https:\/\/aivlisoft.net\/shop\/wp-content\/uploads\/2025\/01\/APTAPC1058_800-1.jpg","type":"image\/jpeg"}],"twitter_card":"summary_large_image","twitter_misc":{"Tiempo de lectura":"1 minuto"},"schema":{"@context":"https:\/\/schema.org","@graph":[{"@type":"WebPage","@id":"https:\/\/aivlisoft.net\/shop\/producto\/ewent-soporte-auriculares-ajustable-escritorio\/","url":"https:\/\/aivlisoft.net\/shop\/producto\/ewent-soporte-auriculares-ajustable-escritorio\/","name":"EWENT Soporte Auriculares ajustable escritorio - Aivlisoft Inform\u00e1tica","isPartOf":{"@id":"https:\/\/aivlisoft.net\/shop\/#website"},"primaryImageOfPage":{"@id":"https:\/\/aivlisoft.net\/shop\/producto\/ewent-soporte-auriculares-ajustable-escritorio\/#primaryimage"},"image":{"@id":"https:\/\/aivlisoft.net\/shop\/producto\/ewent-soporte-auriculares-ajustable-escritorio\/#primaryimage"},"thumbnailUrl":"https:\/\/aivlisoft.net\/shop\/wp-content\/uploads\/2025\/01\/APTAPC1058_800-1.jpg","datePublished":"2025-01-13T13:34:10+00:00","dateModified":"2025-01-14T10:27:25+00:00","breadcrumb":{"@id":"https:\/\/aivlisoft.net\/shop\/producto\/ewent-soporte-auriculares-ajustable-escritorio\/#breadcrumb"},"inLanguage":"es","potentialAction":[{"@type":"ReadAction","target":["https:\/\/aivlisoft.net\/shop\/producto\/ewent-soporte-auriculares-ajustable-escritorio\/"]}]},{"@type":"ImageObject","inLanguage":"es","@id":"https:\/\/aivlisoft.net\/shop\/producto\/ewent-soporte-auriculares-ajustable-escritorio\/#primaryimage","url":"https:\/\/aivlisoft.net\/shop\/wp-content\/uploads\/2025\/01\/APTAPC1058_800-1.jpg","contentUrl":"https:\/\/aivlisoft.net\/shop\/wp-content\/uploads\/2025\/01\/APTAPC1058_800-1.jpg","width":800,"height":800},{"@type":"BreadcrumbList","@id":"https:\/\/aivlisoft.net\/shop\/producto\/ewent-soporte-auriculares-ajustable-escritorio\/#breadcrumb","itemListElement":[{"@type":"ListItem","position":1,"name":"Portada","item":"https:\/\/aivlisoft.net\/shop\/"},{"@type":"ListItem","position":2,"name":"Tienda","item":"https:\/\/aivlisoft.net\/shop\/tienda\/"},{"@type":"ListItem","position":3,"name":"EWENT Soporte Auriculares ajustable escritorio"}]},{"@type":"WebSite","@id":"https:\/\/aivlisoft.net\/shop\/#website","url":"https:\/\/aivlisoft.net\/shop\/","name":"Aivlisoft Inform\u00e1tica","description":"En Aivlisoft Inform\u00e1tica ofrecemos soluciones tecnol\u00f3gicas para empresas: venta de ordenadores, consumibles, perif\u00e9ricos y m\u00e1s. Calidad, atenci\u00f3n personalizada y los mejores precios para tu negocio.","publisher":{"@id":"https:\/\/aivlisoft.net\/shop\/#organization"},"potentialAction":[{"@type":"SearchAction","target":{"@type":"EntryPoint","urlTemplate":"https:\/\/aivlisoft.net\/shop\/?s={search_term_string}"},"query-input":{"@type":"PropertyValueSpecification","valueRequired":true,"valueName":"search_term_string"}}],"inLanguage":"es"},{"@type":"Organization","@id":"https:\/\/aivlisoft.net\/shop\/#organization","name":"Aivlisoft Inform\u00e1tica","url":"https:\/\/aivlisoft.net\/shop\/","logo":{"@type":"ImageObject","inLanguage":"es","@id":"https:\/\/aivlisoft.net\/shop\/#\/schema\/logo\/image\/","url":"https:\/\/aivlisoft.net\/shop\/wp-content\/uploads\/2024\/12\/removal.ai_5b848c54-0cdf-4140-95c5-c5536bb7573b-logodef.png","contentUrl":"https:\/\/aivlisoft.net\/shop\/wp-content\/uploads\/2024\/12\/removal.ai_5b848c54-0cdf-4140-95c5-c5536bb7573b-logodef.png","width":484,"height":182,"caption":"Aivlisoft Inform\u00e1tica"},"image":{"@id":"https:\/\/aivlisoft.net\/shop\/#\/schema\/logo\/image\/"}}]}},"_links":{"self":[{"href":"https:\/\/aivlisoft.net\/shop\/wp-json\/wp\/v2\/product\/6716","targetHints":{"allow":["GET"]}}],"collection":[{"href":"https:\/\/aivlisoft.net\/shop\/wp-json\/wp\/v2\/product"}],"about":[{"href":"https:\/\/aivlisoft.net\/shop\/wp-json\/wp\/v2\/types\/product"}],"wp:featuredmedia":[{"embeddable":true,"href":"https:\/\/aivlisoft.net\/shop\/wp-json\/wp\/v2\/media\/6717"}],"wp:attachment":[{"href":"https:\/\/aivlisoft.net\/shop\/wp-json\/wp\/v2\/media?parent=6716"}],"wp:term":[{"taxonomy":"product_brand","embeddable":true,"href":"https:\/\/aivlisoft.net\/shop\/wp-json\/wp\/v2\/product_brand?post=6716"},{"taxonomy":"product_cat","embeddable":true,"href":"https:\/\/aivlisoft.net\/shop\/wp-json\/wp\/v2\/product_cat?post=6716"},{"taxonomy":"product_tag","embeddable":true,"href":"https:\/\/aivlisoft.net\/shop\/wp-json\/wp\/v2\/product_tag?post=6716"}],"curies":[{"name":"wp","href":"https:\/\/api.w.org\/{rel}","templated":true}]}}