{"id":6706,"date":"2025-01-13T13:34:05","date_gmt":"2025-01-13T13:34:05","guid":{"rendered":"https:\/\/aivlisoft.com\/?post_type=product&#038;p=6706"},"modified":"2025-01-14T10:27:20","modified_gmt":"2025-01-14T10:27:20","slug":"aisens-adaptador-sata-a-usb-a-3-0-discos-2-5-3-5","status":"publish","type":"product","link":"https:\/\/aivlisoft.net\/shop\/producto\/aisens-adaptador-sata-a-usb-a-3-0-discos-2-5-3-5\/","title":{"rendered":"Aisens Adaptador SATA a USB-A 3.0 Discos 2.5\/3.5"},"content":{"rendered":"<p>La conexi&oacute;n USB 3.0 (USB3.1 GEN1) ofrece una velocidad de transferencia de hasta 5.0Gbps. Incluye un LED para indicar el estado de conexi&oacute;n y acceso a disco duro.<br \/>Totalmente Plug and Play. Enchufar y listo.<br \/>* Nota: Para disco duro de 2.5&Prime;, no se necesita conectar el alimentador. Para disco duro de 3.5&Prime; o lector de DVD, se necesita conectar el alimentador o el dispositivo no va a funcionar.<\/p>\n<table class=\"tabla_caracteristicas k-table\" width=\"100%\">\n<tr>\n<td><strong>Marca<\/strong><\/td>\n<td>Aisens<\/td>\n<\/tr>\n<tr>\n<td><strong>Modelo<\/strong><\/td>\n<td><strong>ASE-35A01B<\/strong><\/td>\n<\/tr>\n<tr>\n<td><strong>Caracter&iacute;sticas<\/strong><\/td>\n<td>&#8211; Conexi&oacute;n USB 3.0 (USB3.1 GEN1), retrocompatible con USB 2.0<br \/>\t\t\t&#8211; Velocidad de transferencia de hasta 5.0Gbps<br \/>\t\t\t&#8211; Compatible con discos duros de 2.5&Prime; y 3.5&rdquo; SATA I 1,5 Gb\/s, SATA II 3 Gb\/s y SATA III 6 Gb\/s<br \/>\t\t\t&#8211; Soporta protocolo UASP que permite un alto rendimiento de transferencia de datos entre el disco duro y USB.<br \/>\t\t\t&nbsp; Se recomienda utilizar disco duro h&iacute;brido para poder alcanzar el m&aacute;ximo rendimiento de transferencia.<br \/>\t\t\t&#8211; Capacidad de disco duro soportada: m&aacute;s de 2TB en sistemas que soporte GPT y hasta 2TB en el resto de sistemas.<br \/>\t\t\t&#8211; Velocidad del disco duro mec&aacute;nico soportada: 4200RPM \/ 5400RPM \/ 7200RPM<br \/>\t\t\t&#8211; Tipo de formatos soportados: FAT32 \/ NTFS \/ eXT2 \/ HFS<br \/>\t\t\t&#8211; Sistemas operativos soportados: Windows 2000\/XP\/VISTA\/Win7\/8\/10, Mac OS 9.X\/Mac OS X\/macOS etc.<br \/>\t\t\t&#8211; Indicador LED de funcionamiento<br \/>\t\t\t&#8211; Alimentaci&oacute;n a trav&eacute;s del adaptador de corriente 12V\/2A<br \/>\t\t\t&#8211; Material: ABS<br \/>\t\t\t&#8211; Color: Negro<br \/>\t\t\t<strong>Contenido<\/strong><br \/>\t\t\t&#8211; 1 x Adaptador USB-A a SATA<br \/>\t\t\t&#8211; 1 x Adaptador de corriente<br \/>\t\t\t&#8211; 1 x Manual de usuario multi-idioma<\/td>\n<\/tr>\n<tr>\n<td><strong>Fecha de revisi&oacute;n<\/strong><\/td>\n<td>30-03-2023 por MSB<\/td>\n<\/tr>\n<\/table>\n","protected":false},"excerpt":{"rendered":"<p>La conexi&oacute;n USB 3.0 (USB3.1 GEN1) ofrece una velocidad de transferencia de hasta 5.0Gbps. Incluye un LED para indicar el estado de conexi&oacute;n y acceso a disco duro.Totalmente Plug and Play. Enchufar y listo.* Nota: Para disco duro de 2.5&Prime;, no se necesita conectar el alimentador. Para disco duro de 3.5&Prime; o lector de DVD,&hellip;&nbsp;<a href=\"https:\/\/aivlisoft.net\/shop\/producto\/aisens-adaptador-sata-a-usb-a-3-0-discos-2-5-3-5\/\" rel=\"bookmark\"><span class=\"screen-reader-text\">Aisens Adaptador SATA a USB-A 3.0 Discos 2.5\/3.5<\/span><\/a><\/p>\n","protected":false},"featured_media":6707,"template":"","meta":{"neve_meta_sidebar":"","neve_meta_container":"","neve_meta_enable_content_width":"","neve_meta_content_width":0,"neve_meta_title_alignment":"","neve_meta_author_avatar":"","neve_post_elements_order":"","neve_meta_disable_header":"","neve_meta_disable_footer":"","neve_meta_disable_title":""},"product_brand":[],"product_cat":[8706],"product_tag":[2189],"class_list":{"0":"post-6706","1":"product","2":"type-product","3":"status-publish","4":"has-post-thumbnail","6":"product_cat-cables-y-accesorios-pc","7":"product_tag-ase-35a01b","9":"first","10":"instock","11":"taxable","12":"shipping-taxable","13":"purchasable","14":"product-type-simple"},"yoast_head":"<!-- This site is optimized with the Yoast SEO plugin v26.0 - https:\/\/yoast.com\/wordpress\/plugins\/seo\/ -->\n<title>Aisens Adaptador SATA a USB-A 3.0 Discos 2.5\/3.5 - Aivlisoft Inform\u00e1tica<\/title>\n<meta name=\"robots\" content=\"index, follow, max-snippet:-1, max-image-preview:large, max-video-preview:-1\" \/>\n<link rel=\"canonical\" href=\"https:\/\/aivlisoft.net\/shop\/producto\/aisens-adaptador-sata-a-usb-a-3-0-discos-2-5-3-5\/\" \/>\n<meta property=\"og:locale\" content=\"es_ES\" \/>\n<meta property=\"og:type\" content=\"article\" \/>\n<meta property=\"og:title\" content=\"Aisens Adaptador SATA a USB-A 3.0 Discos 2.5\/3.5 - Aivlisoft Inform\u00e1tica\" \/>\n<meta property=\"og:description\" content=\"La conexi&oacute;n USB 3.0 (USB3.1 GEN1) ofrece una velocidad de transferencia de hasta 5.0Gbps. Incluye un LED para indicar el estado de conexi&oacute;n y acceso a disco duro.Totalmente Plug and Play. Enchufar y listo.* Nota: Para disco duro de 2.5&Prime;, no se necesita conectar el alimentador. Para disco duro de 3.5&Prime; o lector de DVD,&hellip;&nbsp;Aisens Adaptador SATA a USB-A 3.0 Discos 2.5\/3.5\" \/>\n<meta property=\"og:url\" content=\"https:\/\/aivlisoft.net\/shop\/producto\/aisens-adaptador-sata-a-usb-a-3-0-discos-2-5-3-5\/\" \/>\n<meta property=\"og:site_name\" content=\"Aivlisoft Inform\u00e1tica\" \/>\n<meta property=\"article:modified_time\" content=\"2025-01-14T10:27:20+00:00\" \/>\n<meta property=\"og:image\" content=\"https:\/\/aivlisoft.net\/shop\/wp-content\/uploads\/2025\/01\/APTAPC1052_800-1.jpg\" \/>\n\t<meta property=\"og:image:width\" content=\"800\" \/>\n\t<meta property=\"og:image:height\" content=\"800\" \/>\n\t<meta property=\"og:image:type\" content=\"image\/jpeg\" \/>\n<meta name=\"twitter:card\" content=\"summary_large_image\" \/>\n<meta name=\"twitter:label1\" content=\"Tiempo de lectura\" \/>\n\t<meta name=\"twitter:data1\" content=\"1 minuto\" \/>\n<script type=\"application\/ld+json\" class=\"yoast-schema-graph\">{\"@context\":\"https:\/\/schema.org\",\"@graph\":[{\"@type\":\"WebPage\",\"@id\":\"https:\/\/aivlisoft.net\/shop\/producto\/aisens-adaptador-sata-a-usb-a-3-0-discos-2-5-3-5\/\",\"url\":\"https:\/\/aivlisoft.net\/shop\/producto\/aisens-adaptador-sata-a-usb-a-3-0-discos-2-5-3-5\/\",\"name\":\"Aisens Adaptador SATA a USB-A 3.0 Discos 2.5\/3.5 - Aivlisoft Inform\u00e1tica\",\"isPartOf\":{\"@id\":\"https:\/\/aivlisoft.net\/shop\/#website\"},\"primaryImageOfPage\":{\"@id\":\"https:\/\/aivlisoft.net\/shop\/producto\/aisens-adaptador-sata-a-usb-a-3-0-discos-2-5-3-5\/#primaryimage\"},\"image\":{\"@id\":\"https:\/\/aivlisoft.net\/shop\/producto\/aisens-adaptador-sata-a-usb-a-3-0-discos-2-5-3-5\/#primaryimage\"},\"thumbnailUrl\":\"https:\/\/aivlisoft.net\/shop\/wp-content\/uploads\/2025\/01\/APTAPC1052_800-1.jpg\",\"datePublished\":\"2025-01-13T13:34:05+00:00\",\"dateModified\":\"2025-01-14T10:27:20+00:00\",\"breadcrumb\":{\"@id\":\"https:\/\/aivlisoft.net\/shop\/producto\/aisens-adaptador-sata-a-usb-a-3-0-discos-2-5-3-5\/#breadcrumb\"},\"inLanguage\":\"es\",\"potentialAction\":[{\"@type\":\"ReadAction\",\"target\":[\"https:\/\/aivlisoft.net\/shop\/producto\/aisens-adaptador-sata-a-usb-a-3-0-discos-2-5-3-5\/\"]}]},{\"@type\":\"ImageObject\",\"inLanguage\":\"es\",\"@id\":\"https:\/\/aivlisoft.net\/shop\/producto\/aisens-adaptador-sata-a-usb-a-3-0-discos-2-5-3-5\/#primaryimage\",\"url\":\"https:\/\/aivlisoft.net\/shop\/wp-content\/uploads\/2025\/01\/APTAPC1052_800-1.jpg\",\"contentUrl\":\"https:\/\/aivlisoft.net\/shop\/wp-content\/uploads\/2025\/01\/APTAPC1052_800-1.jpg\",\"width\":800,\"height\":800},{\"@type\":\"BreadcrumbList\",\"@id\":\"https:\/\/aivlisoft.net\/shop\/producto\/aisens-adaptador-sata-a-usb-a-3-0-discos-2-5-3-5\/#breadcrumb\",\"itemListElement\":[{\"@type\":\"ListItem\",\"position\":1,\"name\":\"Portada\",\"item\":\"https:\/\/aivlisoft.net\/shop\/\"},{\"@type\":\"ListItem\",\"position\":2,\"name\":\"Tienda\",\"item\":\"https:\/\/aivlisoft.net\/shop\/tienda\/\"},{\"@type\":\"ListItem\",\"position\":3,\"name\":\"Aisens Adaptador SATA a USB-A 3.0 Discos 2.5\/3.5\"}]},{\"@type\":\"WebSite\",\"@id\":\"https:\/\/aivlisoft.net\/shop\/#website\",\"url\":\"https:\/\/aivlisoft.net\/shop\/\",\"name\":\"Aivlisoft Inform\u00e1tica\",\"description\":\"En Aivlisoft Inform\u00e1tica ofrecemos soluciones tecnol\u00f3gicas para empresas: venta de ordenadores, consumibles, perif\u00e9ricos y m\u00e1s. Calidad, atenci\u00f3n personalizada y los mejores precios para tu negocio.\",\"publisher\":{\"@id\":\"https:\/\/aivlisoft.net\/shop\/#organization\"},\"potentialAction\":[{\"@type\":\"SearchAction\",\"target\":{\"@type\":\"EntryPoint\",\"urlTemplate\":\"https:\/\/aivlisoft.net\/shop\/?s={search_term_string}\"},\"query-input\":{\"@type\":\"PropertyValueSpecification\",\"valueRequired\":true,\"valueName\":\"search_term_string\"}}],\"inLanguage\":\"es\"},{\"@type\":\"Organization\",\"@id\":\"https:\/\/aivlisoft.net\/shop\/#organization\",\"name\":\"Aivlisoft Inform\u00e1tica\",\"url\":\"https:\/\/aivlisoft.net\/shop\/\",\"logo\":{\"@type\":\"ImageObject\",\"inLanguage\":\"es\",\"@id\":\"https:\/\/aivlisoft.net\/shop\/#\/schema\/logo\/image\/\",\"url\":\"https:\/\/aivlisoft.net\/shop\/wp-content\/uploads\/2024\/12\/removal.ai_5b848c54-0cdf-4140-95c5-c5536bb7573b-logodef.png\",\"contentUrl\":\"https:\/\/aivlisoft.net\/shop\/wp-content\/uploads\/2024\/12\/removal.ai_5b848c54-0cdf-4140-95c5-c5536bb7573b-logodef.png\",\"width\":484,\"height\":182,\"caption\":\"Aivlisoft Inform\u00e1tica\"},\"image\":{\"@id\":\"https:\/\/aivlisoft.net\/shop\/#\/schema\/logo\/image\/\"}}]}<\/script>\n<!-- \/ Yoast SEO plugin. -->","yoast_head_json":{"title":"Aisens Adaptador SATA a USB-A 3.0 Discos 2.5\/3.5 - Aivlisoft Inform\u00e1tica","robots":{"index":"index","follow":"follow","max-snippet":"max-snippet:-1","max-image-preview":"max-image-preview:large","max-video-preview":"max-video-preview:-1"},"canonical":"https:\/\/aivlisoft.net\/shop\/producto\/aisens-adaptador-sata-a-usb-a-3-0-discos-2-5-3-5\/","og_locale":"es_ES","og_type":"article","og_title":"Aisens Adaptador SATA a USB-A 3.0 Discos 2.5\/3.5 - Aivlisoft Inform\u00e1tica","og_description":"La conexi&oacute;n USB 3.0 (USB3.1 GEN1) ofrece una velocidad de transferencia de hasta 5.0Gbps. Incluye un LED para indicar el estado de conexi&oacute;n y acceso a disco duro.Totalmente Plug and Play. Enchufar y listo.* Nota: Para disco duro de 2.5&Prime;, no se necesita conectar el alimentador. Para disco duro de 3.5&Prime; o lector de DVD,&hellip;&nbsp;Aisens Adaptador SATA a USB-A 3.0 Discos 2.5\/3.5","og_url":"https:\/\/aivlisoft.net\/shop\/producto\/aisens-adaptador-sata-a-usb-a-3-0-discos-2-5-3-5\/","og_site_name":"Aivlisoft Inform\u00e1tica","article_modified_time":"2025-01-14T10:27:20+00:00","og_image":[{"width":800,"height":800,"url":"https:\/\/aivlisoft.net\/shop\/wp-content\/uploads\/2025\/01\/APTAPC1052_800-1.jpg","type":"image\/jpeg"}],"twitter_card":"summary_large_image","twitter_misc":{"Tiempo de lectura":"1 minuto"},"schema":{"@context":"https:\/\/schema.org","@graph":[{"@type":"WebPage","@id":"https:\/\/aivlisoft.net\/shop\/producto\/aisens-adaptador-sata-a-usb-a-3-0-discos-2-5-3-5\/","url":"https:\/\/aivlisoft.net\/shop\/producto\/aisens-adaptador-sata-a-usb-a-3-0-discos-2-5-3-5\/","name":"Aisens Adaptador SATA a USB-A 3.0 Discos 2.5\/3.5 - Aivlisoft Inform\u00e1tica","isPartOf":{"@id":"https:\/\/aivlisoft.net\/shop\/#website"},"primaryImageOfPage":{"@id":"https:\/\/aivlisoft.net\/shop\/producto\/aisens-adaptador-sata-a-usb-a-3-0-discos-2-5-3-5\/#primaryimage"},"image":{"@id":"https:\/\/aivlisoft.net\/shop\/producto\/aisens-adaptador-sata-a-usb-a-3-0-discos-2-5-3-5\/#primaryimage"},"thumbnailUrl":"https:\/\/aivlisoft.net\/shop\/wp-content\/uploads\/2025\/01\/APTAPC1052_800-1.jpg","datePublished":"2025-01-13T13:34:05+00:00","dateModified":"2025-01-14T10:27:20+00:00","breadcrumb":{"@id":"https:\/\/aivlisoft.net\/shop\/producto\/aisens-adaptador-sata-a-usb-a-3-0-discos-2-5-3-5\/#breadcrumb"},"inLanguage":"es","potentialAction":[{"@type":"ReadAction","target":["https:\/\/aivlisoft.net\/shop\/producto\/aisens-adaptador-sata-a-usb-a-3-0-discos-2-5-3-5\/"]}]},{"@type":"ImageObject","inLanguage":"es","@id":"https:\/\/aivlisoft.net\/shop\/producto\/aisens-adaptador-sata-a-usb-a-3-0-discos-2-5-3-5\/#primaryimage","url":"https:\/\/aivlisoft.net\/shop\/wp-content\/uploads\/2025\/01\/APTAPC1052_800-1.jpg","contentUrl":"https:\/\/aivlisoft.net\/shop\/wp-content\/uploads\/2025\/01\/APTAPC1052_800-1.jpg","width":800,"height":800},{"@type":"BreadcrumbList","@id":"https:\/\/aivlisoft.net\/shop\/producto\/aisens-adaptador-sata-a-usb-a-3-0-discos-2-5-3-5\/#breadcrumb","itemListElement":[{"@type":"ListItem","position":1,"name":"Portada","item":"https:\/\/aivlisoft.net\/shop\/"},{"@type":"ListItem","position":2,"name":"Tienda","item":"https:\/\/aivlisoft.net\/shop\/tienda\/"},{"@type":"ListItem","position":3,"name":"Aisens Adaptador SATA a USB-A 3.0 Discos 2.5\/3.5"}]},{"@type":"WebSite","@id":"https:\/\/aivlisoft.net\/shop\/#website","url":"https:\/\/aivlisoft.net\/shop\/","name":"Aivlisoft Inform\u00e1tica","description":"En Aivlisoft Inform\u00e1tica ofrecemos soluciones tecnol\u00f3gicas para empresas: venta de ordenadores, consumibles, perif\u00e9ricos y m\u00e1s. Calidad, atenci\u00f3n personalizada y los mejores precios para tu negocio.","publisher":{"@id":"https:\/\/aivlisoft.net\/shop\/#organization"},"potentialAction":[{"@type":"SearchAction","target":{"@type":"EntryPoint","urlTemplate":"https:\/\/aivlisoft.net\/shop\/?s={search_term_string}"},"query-input":{"@type":"PropertyValueSpecification","valueRequired":true,"valueName":"search_term_string"}}],"inLanguage":"es"},{"@type":"Organization","@id":"https:\/\/aivlisoft.net\/shop\/#organization","name":"Aivlisoft Inform\u00e1tica","url":"https:\/\/aivlisoft.net\/shop\/","logo":{"@type":"ImageObject","inLanguage":"es","@id":"https:\/\/aivlisoft.net\/shop\/#\/schema\/logo\/image\/","url":"https:\/\/aivlisoft.net\/shop\/wp-content\/uploads\/2024\/12\/removal.ai_5b848c54-0cdf-4140-95c5-c5536bb7573b-logodef.png","contentUrl":"https:\/\/aivlisoft.net\/shop\/wp-content\/uploads\/2024\/12\/removal.ai_5b848c54-0cdf-4140-95c5-c5536bb7573b-logodef.png","width":484,"height":182,"caption":"Aivlisoft Inform\u00e1tica"},"image":{"@id":"https:\/\/aivlisoft.net\/shop\/#\/schema\/logo\/image\/"}}]}},"_links":{"self":[{"href":"https:\/\/aivlisoft.net\/shop\/wp-json\/wp\/v2\/product\/6706","targetHints":{"allow":["GET"]}}],"collection":[{"href":"https:\/\/aivlisoft.net\/shop\/wp-json\/wp\/v2\/product"}],"about":[{"href":"https:\/\/aivlisoft.net\/shop\/wp-json\/wp\/v2\/types\/product"}],"wp:featuredmedia":[{"embeddable":true,"href":"https:\/\/aivlisoft.net\/shop\/wp-json\/wp\/v2\/media\/6707"}],"wp:attachment":[{"href":"https:\/\/aivlisoft.net\/shop\/wp-json\/wp\/v2\/media?parent=6706"}],"wp:term":[{"taxonomy":"product_brand","embeddable":true,"href":"https:\/\/aivlisoft.net\/shop\/wp-json\/wp\/v2\/product_brand?post=6706"},{"taxonomy":"product_cat","embeddable":true,"href":"https:\/\/aivlisoft.net\/shop\/wp-json\/wp\/v2\/product_cat?post=6706"},{"taxonomy":"product_tag","embeddable":true,"href":"https:\/\/aivlisoft.net\/shop\/wp-json\/wp\/v2\/product_tag?post=6706"}],"curies":[{"name":"wp","href":"https:\/\/api.w.org\/{rel}","templated":true}]}}