{"id":6581,"date":"2025-01-13T13:33:24","date_gmt":"2025-01-13T13:33:24","guid":{"rendered":"https:\/\/aivlisoft.com\/?post_type=product&#038;p=6581"},"modified":"2025-01-14T10:26:44","modified_gmt":"2025-01-14T10:26:44","slug":"mars-gaming-almohadilla-mmpxl-xxl-black","status":"publish","type":"product","link":"https:\/\/aivlisoft.net\/shop\/producto\/mars-gaming-almohadilla-mmpxl-xxl-black\/","title":{"rendered":"MARS GAMING Almohadilla MMPXL XXL BLACK"},"content":{"rendered":"<p><strong>Alfombrilla XL MMPXL<\/strong><br \/>Con un tama&ntilde;o XL y un dise&ntilde;o neutro la MMPXL es una alfombrilla de alta calidad dise&ntilde;ada para cubrir todo tu escritorio y apta para cualquier setup.<\/p>\n<p><strong>Tama&ntilde;o XL<\/strong><br \/>La alfombrilla MMPXL ser&aacute; el complemento perfecto para tu teclado y rat&oacute;n. Con su superficie XL cubre todo tu escritorio y te permitir&aacute; manejar tu rat&oacute;n, tanto &oacute;ptico como l&aacute;ser, sin l&iacute;mites.<\/p>\n<p><strong>M&aacute;ximo agarre<\/strong><br \/>Formada por una doble capa, la alfombrilla MMPXL ofrece el mejor agarre a la mesa y un deslizamiento perfecto del rat&oacute;n. Por una parte, su capa superior de nanotejido mejora notablemente el rendimiento del rat&oacute;n, tanto &oacute;ptico como l&aacute;ser. Por otra parte, su capa inferior de goma garantiza un agarre m&aacute;ximo a la mesa, evitando movimientos de la alfombrilla y ofreciendo mayor confort y comodidad a la hora de jugar.<\/p>\n<p><strong>Superficie flexible<\/strong><br \/>La MMPXL se puede enrollar con total comodidad para guardarla cuando no vayas a utilizarla, gracias a sus materiales totalmente flexibles. Esto te ofrece una alfombrilla c&oacute;moda de utilizar y de colocar en cualquier sitio.<\/p>\n<p><strong>Prestaciones avanzadas<\/strong><br \/>Para contrarrestar el desgaste derivado del uso diario de tu alfombrilla, la MMPXL dispone de bordes sellados con un sistema ultra-resistente, as&iacute; como una superficie nanotextil que te garantiza la mejor experiencia y una base con grosor extra para mayor estabilidad en tus partidas.<\/p>\n<p><strong>Dise&ntilde;o neutro<\/strong><br \/>Con su dise&ntilde;o neutro en colores negro o plata, la alfombrilla MMPXL encaja a la perfecci&oacute;n en cualquier dise&ntilde;o de setup y con cualquier perif&eacute;rico, sin robarles protagonismo.<br \/>&nbsp;<\/p>\n<table class=\"tabla_caracteristicas k-table\" width=\"100%\">\n<tr>\n<td><strong>Marca<\/strong><\/td>\n<td>Mars Gaming<\/td>\n<\/tr>\n<tr>\n<td><strong>Modelo<\/strong><\/td>\n<td><strong>MMPXL<\/strong><\/td>\n<\/tr>\n<tr>\n<td valign=\"top\"><strong>Caracter&iacute;sticas<\/strong><\/td>\n<td>\n<div>&#8211; Dimensiones: 800x300mm<br \/>\t\t\t&#8211; Peso: 452g<br \/>\t\t\t&#8211; Material superficie: Nanotextil<br \/>\t\t\t&#8211; Material base: Caucho natural<br \/>\t\t\t&#8211; Bordes: Reforzados<br \/>\t\t\t&#8211; Grosor: 4mm<br \/>\t\t\t&#8211; Extras: Tama&ntilde;o XL<\/div>\n<\/td>\n<\/tr>\n<tr>\n<td><strong>Fecha de revisi&oacute;n<\/strong><\/td>\n<td>11-02-2022 por MPM<\/td>\n<\/tr>\n<\/table>\n","protected":false},"excerpt":{"rendered":"<p>Alfombrilla XL MMPXLCon un tama&ntilde;o XL y un dise&ntilde;o neutro la MMPXL es una alfombrilla de alta calidad dise&ntilde;ada para cubrir todo tu escritorio y apta para cualquier setup. Tama&ntilde;o XLLa alfombrilla MMPXL ser&aacute; el complemento perfecto para tu teclado y rat&oacute;n. Con su superficie XL cubre todo tu escritorio y te permitir&aacute; manejar tu&hellip;&nbsp;<a href=\"https:\/\/aivlisoft.net\/shop\/producto\/mars-gaming-almohadilla-mmpxl-xxl-black\/\" rel=\"bookmark\"><span class=\"screen-reader-text\">MARS GAMING Almohadilla MMPXL XXL BLACK<\/span><\/a><\/p>\n","protected":false},"featured_media":6582,"template":"","meta":{"neve_meta_sidebar":"","neve_meta_container":"","neve_meta_enable_content_width":"","neve_meta_content_width":0,"neve_meta_title_alignment":"","neve_meta_author_avatar":"","neve_post_elements_order":"","neve_meta_disable_header":"","neve_meta_disable_footer":"","neve_meta_disable_title":""},"product_brand":[],"product_cat":[8706],"product_tag":[2155],"class_list":{"0":"post-6581","1":"product","2":"type-product","3":"status-publish","4":"has-post-thumbnail","6":"product_cat-cables-y-accesorios-pc","7":"product_tag-mmpxl","9":"first","10":"instock","11":"taxable","12":"shipping-taxable","13":"purchasable","14":"product-type-simple"},"yoast_head":"<!-- This site is optimized with the Yoast SEO plugin v26.0 - https:\/\/yoast.com\/wordpress\/plugins\/seo\/ -->\n<title>MARS GAMING Almohadilla MMPXL XXL BLACK - Aivlisoft Inform\u00e1tica<\/title>\n<meta name=\"robots\" content=\"index, follow, max-snippet:-1, max-image-preview:large, max-video-preview:-1\" \/>\n<link rel=\"canonical\" href=\"https:\/\/aivlisoft.net\/shop\/producto\/mars-gaming-almohadilla-mmpxl-xxl-black\/\" \/>\n<meta property=\"og:locale\" content=\"es_ES\" \/>\n<meta property=\"og:type\" content=\"article\" \/>\n<meta property=\"og:title\" content=\"MARS GAMING Almohadilla MMPXL XXL BLACK - Aivlisoft Inform\u00e1tica\" \/>\n<meta property=\"og:description\" content=\"Alfombrilla XL MMPXLCon un tama&ntilde;o XL y un dise&ntilde;o neutro la MMPXL es una alfombrilla de alta calidad dise&ntilde;ada para cubrir todo tu escritorio y apta para cualquier setup. Tama&ntilde;o XLLa alfombrilla MMPXL ser&aacute; el complemento perfecto para tu teclado y rat&oacute;n. Con su superficie XL cubre todo tu escritorio y te permitir&aacute; manejar tu&hellip;&nbsp;MARS GAMING Almohadilla MMPXL XXL BLACK\" \/>\n<meta property=\"og:url\" content=\"https:\/\/aivlisoft.net\/shop\/producto\/mars-gaming-almohadilla-mmpxl-xxl-black\/\" \/>\n<meta property=\"og:site_name\" content=\"Aivlisoft Inform\u00e1tica\" \/>\n<meta property=\"article:modified_time\" content=\"2025-01-14T10:26:44+00:00\" \/>\n<meta property=\"og:image\" content=\"https:\/\/aivlisoft.net\/shop\/wp-content\/uploads\/2025\/01\/APTAPC0973_800-1.jpg\" \/>\n\t<meta property=\"og:image:width\" content=\"800\" \/>\n\t<meta property=\"og:image:height\" content=\"800\" \/>\n\t<meta property=\"og:image:type\" content=\"image\/jpeg\" \/>\n<meta name=\"twitter:card\" content=\"summary_large_image\" \/>\n<meta name=\"twitter:label1\" content=\"Tiempo de lectura\" \/>\n\t<meta name=\"twitter:data1\" content=\"2 minutos\" \/>\n<script type=\"application\/ld+json\" class=\"yoast-schema-graph\">{\"@context\":\"https:\/\/schema.org\",\"@graph\":[{\"@type\":\"WebPage\",\"@id\":\"https:\/\/aivlisoft.net\/shop\/producto\/mars-gaming-almohadilla-mmpxl-xxl-black\/\",\"url\":\"https:\/\/aivlisoft.net\/shop\/producto\/mars-gaming-almohadilla-mmpxl-xxl-black\/\",\"name\":\"MARS GAMING Almohadilla MMPXL XXL BLACK - Aivlisoft Inform\u00e1tica\",\"isPartOf\":{\"@id\":\"https:\/\/aivlisoft.net\/shop\/#website\"},\"primaryImageOfPage\":{\"@id\":\"https:\/\/aivlisoft.net\/shop\/producto\/mars-gaming-almohadilla-mmpxl-xxl-black\/#primaryimage\"},\"image\":{\"@id\":\"https:\/\/aivlisoft.net\/shop\/producto\/mars-gaming-almohadilla-mmpxl-xxl-black\/#primaryimage\"},\"thumbnailUrl\":\"https:\/\/aivlisoft.net\/shop\/wp-content\/uploads\/2025\/01\/APTAPC0973_800-1.jpg\",\"datePublished\":\"2025-01-13T13:33:24+00:00\",\"dateModified\":\"2025-01-14T10:26:44+00:00\",\"breadcrumb\":{\"@id\":\"https:\/\/aivlisoft.net\/shop\/producto\/mars-gaming-almohadilla-mmpxl-xxl-black\/#breadcrumb\"},\"inLanguage\":\"es\",\"potentialAction\":[{\"@type\":\"ReadAction\",\"target\":[\"https:\/\/aivlisoft.net\/shop\/producto\/mars-gaming-almohadilla-mmpxl-xxl-black\/\"]}]},{\"@type\":\"ImageObject\",\"inLanguage\":\"es\",\"@id\":\"https:\/\/aivlisoft.net\/shop\/producto\/mars-gaming-almohadilla-mmpxl-xxl-black\/#primaryimage\",\"url\":\"https:\/\/aivlisoft.net\/shop\/wp-content\/uploads\/2025\/01\/APTAPC0973_800-1.jpg\",\"contentUrl\":\"https:\/\/aivlisoft.net\/shop\/wp-content\/uploads\/2025\/01\/APTAPC0973_800-1.jpg\",\"width\":800,\"height\":800},{\"@type\":\"BreadcrumbList\",\"@id\":\"https:\/\/aivlisoft.net\/shop\/producto\/mars-gaming-almohadilla-mmpxl-xxl-black\/#breadcrumb\",\"itemListElement\":[{\"@type\":\"ListItem\",\"position\":1,\"name\":\"Portada\",\"item\":\"https:\/\/aivlisoft.net\/shop\/\"},{\"@type\":\"ListItem\",\"position\":2,\"name\":\"Tienda\",\"item\":\"https:\/\/aivlisoft.net\/shop\/tienda\/\"},{\"@type\":\"ListItem\",\"position\":3,\"name\":\"MARS GAMING Almohadilla MMPXL XXL BLACK\"}]},{\"@type\":\"WebSite\",\"@id\":\"https:\/\/aivlisoft.net\/shop\/#website\",\"url\":\"https:\/\/aivlisoft.net\/shop\/\",\"name\":\"Aivlisoft Inform\u00e1tica\",\"description\":\"En Aivlisoft Inform\u00e1tica ofrecemos soluciones tecnol\u00f3gicas para empresas: venta de ordenadores, consumibles, perif\u00e9ricos y m\u00e1s. Calidad, atenci\u00f3n personalizada y los mejores precios para tu negocio.\",\"publisher\":{\"@id\":\"https:\/\/aivlisoft.net\/shop\/#organization\"},\"potentialAction\":[{\"@type\":\"SearchAction\",\"target\":{\"@type\":\"EntryPoint\",\"urlTemplate\":\"https:\/\/aivlisoft.net\/shop\/?s={search_term_string}\"},\"query-input\":{\"@type\":\"PropertyValueSpecification\",\"valueRequired\":true,\"valueName\":\"search_term_string\"}}],\"inLanguage\":\"es\"},{\"@type\":\"Organization\",\"@id\":\"https:\/\/aivlisoft.net\/shop\/#organization\",\"name\":\"Aivlisoft Inform\u00e1tica\",\"url\":\"https:\/\/aivlisoft.net\/shop\/\",\"logo\":{\"@type\":\"ImageObject\",\"inLanguage\":\"es\",\"@id\":\"https:\/\/aivlisoft.net\/shop\/#\/schema\/logo\/image\/\",\"url\":\"https:\/\/aivlisoft.net\/shop\/wp-content\/uploads\/2024\/12\/removal.ai_5b848c54-0cdf-4140-95c5-c5536bb7573b-logodef.png\",\"contentUrl\":\"https:\/\/aivlisoft.net\/shop\/wp-content\/uploads\/2024\/12\/removal.ai_5b848c54-0cdf-4140-95c5-c5536bb7573b-logodef.png\",\"width\":484,\"height\":182,\"caption\":\"Aivlisoft Inform\u00e1tica\"},\"image\":{\"@id\":\"https:\/\/aivlisoft.net\/shop\/#\/schema\/logo\/image\/\"}}]}<\/script>\n<!-- \/ Yoast SEO plugin. -->","yoast_head_json":{"title":"MARS GAMING Almohadilla MMPXL XXL BLACK - Aivlisoft Inform\u00e1tica","robots":{"index":"index","follow":"follow","max-snippet":"max-snippet:-1","max-image-preview":"max-image-preview:large","max-video-preview":"max-video-preview:-1"},"canonical":"https:\/\/aivlisoft.net\/shop\/producto\/mars-gaming-almohadilla-mmpxl-xxl-black\/","og_locale":"es_ES","og_type":"article","og_title":"MARS GAMING Almohadilla MMPXL XXL BLACK - Aivlisoft Inform\u00e1tica","og_description":"Alfombrilla XL MMPXLCon un tama&ntilde;o XL y un dise&ntilde;o neutro la MMPXL es una alfombrilla de alta calidad dise&ntilde;ada para cubrir todo tu escritorio y apta para cualquier setup. Tama&ntilde;o XLLa alfombrilla MMPXL ser&aacute; el complemento perfecto para tu teclado y rat&oacute;n. Con su superficie XL cubre todo tu escritorio y te permitir&aacute; manejar tu&hellip;&nbsp;MARS GAMING Almohadilla MMPXL XXL BLACK","og_url":"https:\/\/aivlisoft.net\/shop\/producto\/mars-gaming-almohadilla-mmpxl-xxl-black\/","og_site_name":"Aivlisoft Inform\u00e1tica","article_modified_time":"2025-01-14T10:26:44+00:00","og_image":[{"width":800,"height":800,"url":"https:\/\/aivlisoft.net\/shop\/wp-content\/uploads\/2025\/01\/APTAPC0973_800-1.jpg","type":"image\/jpeg"}],"twitter_card":"summary_large_image","twitter_misc":{"Tiempo de lectura":"2 minutos"},"schema":{"@context":"https:\/\/schema.org","@graph":[{"@type":"WebPage","@id":"https:\/\/aivlisoft.net\/shop\/producto\/mars-gaming-almohadilla-mmpxl-xxl-black\/","url":"https:\/\/aivlisoft.net\/shop\/producto\/mars-gaming-almohadilla-mmpxl-xxl-black\/","name":"MARS GAMING Almohadilla MMPXL XXL BLACK - Aivlisoft Inform\u00e1tica","isPartOf":{"@id":"https:\/\/aivlisoft.net\/shop\/#website"},"primaryImageOfPage":{"@id":"https:\/\/aivlisoft.net\/shop\/producto\/mars-gaming-almohadilla-mmpxl-xxl-black\/#primaryimage"},"image":{"@id":"https:\/\/aivlisoft.net\/shop\/producto\/mars-gaming-almohadilla-mmpxl-xxl-black\/#primaryimage"},"thumbnailUrl":"https:\/\/aivlisoft.net\/shop\/wp-content\/uploads\/2025\/01\/APTAPC0973_800-1.jpg","datePublished":"2025-01-13T13:33:24+00:00","dateModified":"2025-01-14T10:26:44+00:00","breadcrumb":{"@id":"https:\/\/aivlisoft.net\/shop\/producto\/mars-gaming-almohadilla-mmpxl-xxl-black\/#breadcrumb"},"inLanguage":"es","potentialAction":[{"@type":"ReadAction","target":["https:\/\/aivlisoft.net\/shop\/producto\/mars-gaming-almohadilla-mmpxl-xxl-black\/"]}]},{"@type":"ImageObject","inLanguage":"es","@id":"https:\/\/aivlisoft.net\/shop\/producto\/mars-gaming-almohadilla-mmpxl-xxl-black\/#primaryimage","url":"https:\/\/aivlisoft.net\/shop\/wp-content\/uploads\/2025\/01\/APTAPC0973_800-1.jpg","contentUrl":"https:\/\/aivlisoft.net\/shop\/wp-content\/uploads\/2025\/01\/APTAPC0973_800-1.jpg","width":800,"height":800},{"@type":"BreadcrumbList","@id":"https:\/\/aivlisoft.net\/shop\/producto\/mars-gaming-almohadilla-mmpxl-xxl-black\/#breadcrumb","itemListElement":[{"@type":"ListItem","position":1,"name":"Portada","item":"https:\/\/aivlisoft.net\/shop\/"},{"@type":"ListItem","position":2,"name":"Tienda","item":"https:\/\/aivlisoft.net\/shop\/tienda\/"},{"@type":"ListItem","position":3,"name":"MARS GAMING Almohadilla MMPXL XXL BLACK"}]},{"@type":"WebSite","@id":"https:\/\/aivlisoft.net\/shop\/#website","url":"https:\/\/aivlisoft.net\/shop\/","name":"Aivlisoft Inform\u00e1tica","description":"En Aivlisoft Inform\u00e1tica ofrecemos soluciones tecnol\u00f3gicas para empresas: venta de ordenadores, consumibles, perif\u00e9ricos y m\u00e1s. Calidad, atenci\u00f3n personalizada y los mejores precios para tu negocio.","publisher":{"@id":"https:\/\/aivlisoft.net\/shop\/#organization"},"potentialAction":[{"@type":"SearchAction","target":{"@type":"EntryPoint","urlTemplate":"https:\/\/aivlisoft.net\/shop\/?s={search_term_string}"},"query-input":{"@type":"PropertyValueSpecification","valueRequired":true,"valueName":"search_term_string"}}],"inLanguage":"es"},{"@type":"Organization","@id":"https:\/\/aivlisoft.net\/shop\/#organization","name":"Aivlisoft Inform\u00e1tica","url":"https:\/\/aivlisoft.net\/shop\/","logo":{"@type":"ImageObject","inLanguage":"es","@id":"https:\/\/aivlisoft.net\/shop\/#\/schema\/logo\/image\/","url":"https:\/\/aivlisoft.net\/shop\/wp-content\/uploads\/2024\/12\/removal.ai_5b848c54-0cdf-4140-95c5-c5536bb7573b-logodef.png","contentUrl":"https:\/\/aivlisoft.net\/shop\/wp-content\/uploads\/2024\/12\/removal.ai_5b848c54-0cdf-4140-95c5-c5536bb7573b-logodef.png","width":484,"height":182,"caption":"Aivlisoft Inform\u00e1tica"},"image":{"@id":"https:\/\/aivlisoft.net\/shop\/#\/schema\/logo\/image\/"}}]}},"_links":{"self":[{"href":"https:\/\/aivlisoft.net\/shop\/wp-json\/wp\/v2\/product\/6581","targetHints":{"allow":["GET"]}}],"collection":[{"href":"https:\/\/aivlisoft.net\/shop\/wp-json\/wp\/v2\/product"}],"about":[{"href":"https:\/\/aivlisoft.net\/shop\/wp-json\/wp\/v2\/types\/product"}],"wp:featuredmedia":[{"embeddable":true,"href":"https:\/\/aivlisoft.net\/shop\/wp-json\/wp\/v2\/media\/6582"}],"wp:attachment":[{"href":"https:\/\/aivlisoft.net\/shop\/wp-json\/wp\/v2\/media?parent=6581"}],"wp:term":[{"taxonomy":"product_brand","embeddable":true,"href":"https:\/\/aivlisoft.net\/shop\/wp-json\/wp\/v2\/product_brand?post=6581"},{"taxonomy":"product_cat","embeddable":true,"href":"https:\/\/aivlisoft.net\/shop\/wp-json\/wp\/v2\/product_cat?post=6581"},{"taxonomy":"product_tag","embeddable":true,"href":"https:\/\/aivlisoft.net\/shop\/wp-json\/wp\/v2\/product_tag?post=6581"}],"curies":[{"name":"wp","href":"https:\/\/api.w.org\/{rel}","templated":true}]}}