{"id":6520,"date":"2025-01-13T13:32:53","date_gmt":"2025-01-13T13:32:53","guid":{"rendered":"https:\/\/aivlisoft.com\/?post_type=product&#038;p=6520"},"modified":"2025-01-14T10:26:05","modified_gmt":"2025-01-14T10:26:05","slug":"ewent-divisor-4k-hdmi-1x2-high-speed","status":"publish","type":"product","link":"https:\/\/aivlisoft.net\/shop\/producto\/ewent-divisor-4k-hdmi-1x2-high-speed\/","title":{"rendered":"Ewent Divisor 4K HDMI 1&#215;2 High Speed"},"content":{"rendered":"<p><strong>Puede mostrar 1 fuente HDMI en 2 televisores<\/strong><br \/>&#8211; Divisor HDMI compacto 1 x 2 compatible con 4K y 3D, transmisi&oacute;n EDID a trav&eacute;s del puerto 1, HDCP 1.4; transmisi&oacute;n de audio HD<br \/>&#8211; Resoluci&oacute;n m&aacute;xima 4 K: 3840&#215;2160 a 30 Hz; formato 3D admitido: 1080p a 30\/60Hz<br \/>&#8211; Compatible con HDMI High Speed (HDMI 1.4)<br \/>&#8211; Conexi&oacute;n Plug and Play; cable de alimentaci&oacute;n USB incluido<\/p>\n<table class=\"tabla_caracteristicas\" width=\"100%\">\n<tr>\n<td><strong>Marca<\/strong><\/td>\n<td>Ewent<\/td>\n<\/tr>\n<tr>\n<td><strong>Modelo<\/strong><\/td>\n<td><strong>EW3720<\/strong><\/td>\n<\/tr>\n<tr>\n<td><strong>Caracteristicas<\/strong><\/td>\n<td>&#8211; Entrada HDMI: 1 x HDMI<br \/>\t\t\t&#8211; Salida HDMI: 2 x HDMI<br \/>\t\t\t&#8211; Versi&oacute;n HDCP: 1.4<br \/>\t\t\t&#8211; Resoluci&oacute;n m&aacute;xima: 3840&#215;2160 @ 30Hz<br \/>\t\t\t&#8211; Formato 3D admitido: 1080p @ 30 \/ 60hz<br \/>\t\t\t&#8211; EDID: paso a trav&eacute;s del puerto 1<br \/>\t\t\t&#8211; Paso de audio: se&ntilde;ales de audio HD<br \/>\t\t\t&#8211; Potencia: 5V mediante cable USB<br \/>\t\t\t&#8211; Corriente m&iacute;nima requerida: 350mA<br \/>\t\t\t&#8211; Longitud del cable: 80 cm<br \/>\t\t\t&#8211; Indicador LED: encendido \/ estado, rojo \/ verde<br \/>\t\t\t&#8211; Dimensiones(An x Alt x Prof): 62 x 11 x 51 mm<br \/>\t\t\t&#8211; Peso: 45g<\/td>\n<\/tr>\n<tr>\n<td><strong>Fecha de revisi&oacute;n<\/strong><\/td>\n<td>26-04-2021 por MSB<\/td>\n<\/tr>\n<\/table>\n","protected":false},"excerpt":{"rendered":"<p>Puede mostrar 1 fuente HDMI en 2 televisores&#8211; Divisor HDMI compacto 1 x 2 compatible con 4K y 3D, transmisi&oacute;n EDID a trav&eacute;s del puerto 1, HDCP 1.4; transmisi&oacute;n de audio HD&#8211; Resoluci&oacute;n m&aacute;xima 4 K: 3840&#215;2160 a 30 Hz; formato 3D admitido: 1080p a 30\/60Hz&#8211; Compatible con HDMI High Speed (HDMI 1.4)&#8211; Conexi&oacute;n Plug&hellip;&nbsp;<a href=\"https:\/\/aivlisoft.net\/shop\/producto\/ewent-divisor-4k-hdmi-1x2-high-speed\/\" rel=\"bookmark\"><span class=\"screen-reader-text\">Ewent Divisor 4K HDMI 1&#215;2 High Speed<\/span><\/a><\/p>\n","protected":false},"featured_media":6521,"template":"","meta":{"neve_meta_sidebar":"","neve_meta_container":"","neve_meta_enable_content_width":"","neve_meta_content_width":0,"neve_meta_title_alignment":"","neve_meta_author_avatar":"","neve_post_elements_order":"","neve_meta_disable_header":"","neve_meta_disable_footer":"","neve_meta_disable_title":""},"product_brand":[],"product_cat":[8706],"product_tag":[2109],"class_list":{"0":"post-6520","1":"product","2":"type-product","3":"status-publish","4":"has-post-thumbnail","6":"product_cat-cables-y-accesorios-pc","7":"product_tag-ew3720","9":"first","10":"instock","11":"taxable","12":"shipping-taxable","13":"purchasable","14":"product-type-simple"},"yoast_head":"<!-- This site is optimized with the Yoast SEO plugin v26.0 - https:\/\/yoast.com\/wordpress\/plugins\/seo\/ -->\n<title>Ewent Divisor 4K HDMI 1x2 High Speed - Aivlisoft Inform\u00e1tica<\/title>\n<meta name=\"robots\" content=\"index, follow, max-snippet:-1, max-image-preview:large, max-video-preview:-1\" \/>\n<link rel=\"canonical\" href=\"https:\/\/aivlisoft.net\/shop\/producto\/ewent-divisor-4k-hdmi-1x2-high-speed\/\" \/>\n<meta property=\"og:locale\" content=\"es_ES\" \/>\n<meta property=\"og:type\" content=\"article\" \/>\n<meta property=\"og:title\" content=\"Ewent Divisor 4K HDMI 1x2 High Speed - Aivlisoft Inform\u00e1tica\" \/>\n<meta property=\"og:description\" content=\"Puede mostrar 1 fuente HDMI en 2 televisores&#8211; Divisor HDMI compacto 1 x 2 compatible con 4K y 3D, transmisi&oacute;n EDID a trav&eacute;s del puerto 1, HDCP 1.4; transmisi&oacute;n de audio HD&#8211; Resoluci&oacute;n m&aacute;xima 4 K: 3840&#215;2160 a 30 Hz; formato 3D admitido: 1080p a 30\/60Hz&#8211; Compatible con HDMI High Speed (HDMI 1.4)&#8211; Conexi&oacute;n Plug&hellip;&nbsp;Ewent Divisor 4K HDMI 1&#215;2 High Speed\" \/>\n<meta property=\"og:url\" content=\"https:\/\/aivlisoft.net\/shop\/producto\/ewent-divisor-4k-hdmi-1x2-high-speed\/\" \/>\n<meta property=\"og:site_name\" content=\"Aivlisoft Inform\u00e1tica\" \/>\n<meta property=\"article:modified_time\" content=\"2025-01-14T10:26:05+00:00\" \/>\n<meta property=\"og:image\" content=\"https:\/\/aivlisoft.net\/shop\/wp-content\/uploads\/2025\/01\/APTAPC0869_800-1.jpg\" \/>\n\t<meta property=\"og:image:width\" content=\"800\" \/>\n\t<meta property=\"og:image:height\" content=\"800\" \/>\n\t<meta property=\"og:image:type\" content=\"image\/jpeg\" \/>\n<meta name=\"twitter:card\" content=\"summary_large_image\" \/>\n<meta name=\"twitter:label1\" content=\"Tiempo de lectura\" \/>\n\t<meta name=\"twitter:data1\" content=\"1 minuto\" \/>\n<script type=\"application\/ld+json\" class=\"yoast-schema-graph\">{\"@context\":\"https:\/\/schema.org\",\"@graph\":[{\"@type\":\"WebPage\",\"@id\":\"https:\/\/aivlisoft.net\/shop\/producto\/ewent-divisor-4k-hdmi-1x2-high-speed\/\",\"url\":\"https:\/\/aivlisoft.net\/shop\/producto\/ewent-divisor-4k-hdmi-1x2-high-speed\/\",\"name\":\"Ewent Divisor 4K HDMI 1x2 High Speed - Aivlisoft Inform\u00e1tica\",\"isPartOf\":{\"@id\":\"https:\/\/aivlisoft.net\/shop\/#website\"},\"primaryImageOfPage\":{\"@id\":\"https:\/\/aivlisoft.net\/shop\/producto\/ewent-divisor-4k-hdmi-1x2-high-speed\/#primaryimage\"},\"image\":{\"@id\":\"https:\/\/aivlisoft.net\/shop\/producto\/ewent-divisor-4k-hdmi-1x2-high-speed\/#primaryimage\"},\"thumbnailUrl\":\"https:\/\/aivlisoft.net\/shop\/wp-content\/uploads\/2025\/01\/APTAPC0869_800-1.jpg\",\"datePublished\":\"2025-01-13T13:32:53+00:00\",\"dateModified\":\"2025-01-14T10:26:05+00:00\",\"breadcrumb\":{\"@id\":\"https:\/\/aivlisoft.net\/shop\/producto\/ewent-divisor-4k-hdmi-1x2-high-speed\/#breadcrumb\"},\"inLanguage\":\"es\",\"potentialAction\":[{\"@type\":\"ReadAction\",\"target\":[\"https:\/\/aivlisoft.net\/shop\/producto\/ewent-divisor-4k-hdmi-1x2-high-speed\/\"]}]},{\"@type\":\"ImageObject\",\"inLanguage\":\"es\",\"@id\":\"https:\/\/aivlisoft.net\/shop\/producto\/ewent-divisor-4k-hdmi-1x2-high-speed\/#primaryimage\",\"url\":\"https:\/\/aivlisoft.net\/shop\/wp-content\/uploads\/2025\/01\/APTAPC0869_800-1.jpg\",\"contentUrl\":\"https:\/\/aivlisoft.net\/shop\/wp-content\/uploads\/2025\/01\/APTAPC0869_800-1.jpg\",\"width\":800,\"height\":800},{\"@type\":\"BreadcrumbList\",\"@id\":\"https:\/\/aivlisoft.net\/shop\/producto\/ewent-divisor-4k-hdmi-1x2-high-speed\/#breadcrumb\",\"itemListElement\":[{\"@type\":\"ListItem\",\"position\":1,\"name\":\"Portada\",\"item\":\"https:\/\/aivlisoft.net\/shop\/\"},{\"@type\":\"ListItem\",\"position\":2,\"name\":\"Tienda\",\"item\":\"https:\/\/aivlisoft.net\/shop\/tienda\/\"},{\"@type\":\"ListItem\",\"position\":3,\"name\":\"Ewent Divisor 4K HDMI 1&#215;2 High Speed\"}]},{\"@type\":\"WebSite\",\"@id\":\"https:\/\/aivlisoft.net\/shop\/#website\",\"url\":\"https:\/\/aivlisoft.net\/shop\/\",\"name\":\"Aivlisoft Inform\u00e1tica\",\"description\":\"En Aivlisoft Inform\u00e1tica ofrecemos soluciones tecnol\u00f3gicas para empresas: venta de ordenadores, consumibles, perif\u00e9ricos y m\u00e1s. Calidad, atenci\u00f3n personalizada y los mejores precios para tu negocio.\",\"publisher\":{\"@id\":\"https:\/\/aivlisoft.net\/shop\/#organization\"},\"potentialAction\":[{\"@type\":\"SearchAction\",\"target\":{\"@type\":\"EntryPoint\",\"urlTemplate\":\"https:\/\/aivlisoft.net\/shop\/?s={search_term_string}\"},\"query-input\":{\"@type\":\"PropertyValueSpecification\",\"valueRequired\":true,\"valueName\":\"search_term_string\"}}],\"inLanguage\":\"es\"},{\"@type\":\"Organization\",\"@id\":\"https:\/\/aivlisoft.net\/shop\/#organization\",\"name\":\"Aivlisoft Inform\u00e1tica\",\"url\":\"https:\/\/aivlisoft.net\/shop\/\",\"logo\":{\"@type\":\"ImageObject\",\"inLanguage\":\"es\",\"@id\":\"https:\/\/aivlisoft.net\/shop\/#\/schema\/logo\/image\/\",\"url\":\"https:\/\/aivlisoft.net\/shop\/wp-content\/uploads\/2024\/12\/removal.ai_5b848c54-0cdf-4140-95c5-c5536bb7573b-logodef.png\",\"contentUrl\":\"https:\/\/aivlisoft.net\/shop\/wp-content\/uploads\/2024\/12\/removal.ai_5b848c54-0cdf-4140-95c5-c5536bb7573b-logodef.png\",\"width\":484,\"height\":182,\"caption\":\"Aivlisoft Inform\u00e1tica\"},\"image\":{\"@id\":\"https:\/\/aivlisoft.net\/shop\/#\/schema\/logo\/image\/\"}}]}<\/script>\n<!-- \/ Yoast SEO plugin. -->","yoast_head_json":{"title":"Ewent Divisor 4K HDMI 1x2 High Speed - Aivlisoft Inform\u00e1tica","robots":{"index":"index","follow":"follow","max-snippet":"max-snippet:-1","max-image-preview":"max-image-preview:large","max-video-preview":"max-video-preview:-1"},"canonical":"https:\/\/aivlisoft.net\/shop\/producto\/ewent-divisor-4k-hdmi-1x2-high-speed\/","og_locale":"es_ES","og_type":"article","og_title":"Ewent Divisor 4K HDMI 1x2 High Speed - Aivlisoft Inform\u00e1tica","og_description":"Puede mostrar 1 fuente HDMI en 2 televisores&#8211; Divisor HDMI compacto 1 x 2 compatible con 4K y 3D, transmisi&oacute;n EDID a trav&eacute;s del puerto 1, HDCP 1.4; transmisi&oacute;n de audio HD&#8211; Resoluci&oacute;n m&aacute;xima 4 K: 3840&#215;2160 a 30 Hz; formato 3D admitido: 1080p a 30\/60Hz&#8211; Compatible con HDMI High Speed (HDMI 1.4)&#8211; Conexi&oacute;n Plug&hellip;&nbsp;Ewent Divisor 4K HDMI 1&#215;2 High Speed","og_url":"https:\/\/aivlisoft.net\/shop\/producto\/ewent-divisor-4k-hdmi-1x2-high-speed\/","og_site_name":"Aivlisoft Inform\u00e1tica","article_modified_time":"2025-01-14T10:26:05+00:00","og_image":[{"width":800,"height":800,"url":"https:\/\/aivlisoft.net\/shop\/wp-content\/uploads\/2025\/01\/APTAPC0869_800-1.jpg","type":"image\/jpeg"}],"twitter_card":"summary_large_image","twitter_misc":{"Tiempo de lectura":"1 minuto"},"schema":{"@context":"https:\/\/schema.org","@graph":[{"@type":"WebPage","@id":"https:\/\/aivlisoft.net\/shop\/producto\/ewent-divisor-4k-hdmi-1x2-high-speed\/","url":"https:\/\/aivlisoft.net\/shop\/producto\/ewent-divisor-4k-hdmi-1x2-high-speed\/","name":"Ewent Divisor 4K HDMI 1x2 High Speed - Aivlisoft Inform\u00e1tica","isPartOf":{"@id":"https:\/\/aivlisoft.net\/shop\/#website"},"primaryImageOfPage":{"@id":"https:\/\/aivlisoft.net\/shop\/producto\/ewent-divisor-4k-hdmi-1x2-high-speed\/#primaryimage"},"image":{"@id":"https:\/\/aivlisoft.net\/shop\/producto\/ewent-divisor-4k-hdmi-1x2-high-speed\/#primaryimage"},"thumbnailUrl":"https:\/\/aivlisoft.net\/shop\/wp-content\/uploads\/2025\/01\/APTAPC0869_800-1.jpg","datePublished":"2025-01-13T13:32:53+00:00","dateModified":"2025-01-14T10:26:05+00:00","breadcrumb":{"@id":"https:\/\/aivlisoft.net\/shop\/producto\/ewent-divisor-4k-hdmi-1x2-high-speed\/#breadcrumb"},"inLanguage":"es","potentialAction":[{"@type":"ReadAction","target":["https:\/\/aivlisoft.net\/shop\/producto\/ewent-divisor-4k-hdmi-1x2-high-speed\/"]}]},{"@type":"ImageObject","inLanguage":"es","@id":"https:\/\/aivlisoft.net\/shop\/producto\/ewent-divisor-4k-hdmi-1x2-high-speed\/#primaryimage","url":"https:\/\/aivlisoft.net\/shop\/wp-content\/uploads\/2025\/01\/APTAPC0869_800-1.jpg","contentUrl":"https:\/\/aivlisoft.net\/shop\/wp-content\/uploads\/2025\/01\/APTAPC0869_800-1.jpg","width":800,"height":800},{"@type":"BreadcrumbList","@id":"https:\/\/aivlisoft.net\/shop\/producto\/ewent-divisor-4k-hdmi-1x2-high-speed\/#breadcrumb","itemListElement":[{"@type":"ListItem","position":1,"name":"Portada","item":"https:\/\/aivlisoft.net\/shop\/"},{"@type":"ListItem","position":2,"name":"Tienda","item":"https:\/\/aivlisoft.net\/shop\/tienda\/"},{"@type":"ListItem","position":3,"name":"Ewent Divisor 4K HDMI 1&#215;2 High Speed"}]},{"@type":"WebSite","@id":"https:\/\/aivlisoft.net\/shop\/#website","url":"https:\/\/aivlisoft.net\/shop\/","name":"Aivlisoft Inform\u00e1tica","description":"En Aivlisoft Inform\u00e1tica ofrecemos soluciones tecnol\u00f3gicas para empresas: venta de ordenadores, consumibles, perif\u00e9ricos y m\u00e1s. Calidad, atenci\u00f3n personalizada y los mejores precios para tu negocio.","publisher":{"@id":"https:\/\/aivlisoft.net\/shop\/#organization"},"potentialAction":[{"@type":"SearchAction","target":{"@type":"EntryPoint","urlTemplate":"https:\/\/aivlisoft.net\/shop\/?s={search_term_string}"},"query-input":{"@type":"PropertyValueSpecification","valueRequired":true,"valueName":"search_term_string"}}],"inLanguage":"es"},{"@type":"Organization","@id":"https:\/\/aivlisoft.net\/shop\/#organization","name":"Aivlisoft Inform\u00e1tica","url":"https:\/\/aivlisoft.net\/shop\/","logo":{"@type":"ImageObject","inLanguage":"es","@id":"https:\/\/aivlisoft.net\/shop\/#\/schema\/logo\/image\/","url":"https:\/\/aivlisoft.net\/shop\/wp-content\/uploads\/2024\/12\/removal.ai_5b848c54-0cdf-4140-95c5-c5536bb7573b-logodef.png","contentUrl":"https:\/\/aivlisoft.net\/shop\/wp-content\/uploads\/2024\/12\/removal.ai_5b848c54-0cdf-4140-95c5-c5536bb7573b-logodef.png","width":484,"height":182,"caption":"Aivlisoft Inform\u00e1tica"},"image":{"@id":"https:\/\/aivlisoft.net\/shop\/#\/schema\/logo\/image\/"}}]}},"_links":{"self":[{"href":"https:\/\/aivlisoft.net\/shop\/wp-json\/wp\/v2\/product\/6520","targetHints":{"allow":["GET"]}}],"collection":[{"href":"https:\/\/aivlisoft.net\/shop\/wp-json\/wp\/v2\/product"}],"about":[{"href":"https:\/\/aivlisoft.net\/shop\/wp-json\/wp\/v2\/types\/product"}],"wp:featuredmedia":[{"embeddable":true,"href":"https:\/\/aivlisoft.net\/shop\/wp-json\/wp\/v2\/media\/6521"}],"wp:attachment":[{"href":"https:\/\/aivlisoft.net\/shop\/wp-json\/wp\/v2\/media?parent=6520"}],"wp:term":[{"taxonomy":"product_brand","embeddable":true,"href":"https:\/\/aivlisoft.net\/shop\/wp-json\/wp\/v2\/product_brand?post=6520"},{"taxonomy":"product_cat","embeddable":true,"href":"https:\/\/aivlisoft.net\/shop\/wp-json\/wp\/v2\/product_cat?post=6520"},{"taxonomy":"product_tag","embeddable":true,"href":"https:\/\/aivlisoft.net\/shop\/wp-json\/wp\/v2\/product_tag?post=6520"}],"curies":[{"name":"wp","href":"https:\/\/api.w.org\/{rel}","templated":true}]}}