{"id":6472,"date":"2025-01-13T13:32:39","date_gmt":"2025-01-13T13:32:39","guid":{"rendered":"https:\/\/aivlisoft.com\/?post_type=product&#038;p=6472"},"modified":"2025-01-14T10:25:50","modified_gmt":"2025-01-14T10:25:50","slug":"delock-adaptador-hdmi-a-macho-vga-hembra","status":"publish","type":"product","link":"https:\/\/aivlisoft.net\/shop\/producto\/delock-adaptador-hdmi-a-macho-vga-hembra\/","title":{"rendered":"Delock Adaptador HDMI-A macho VGA hembra"},"content":{"rendered":"<p>Este adaptador de Delock se puede utilizar para conectar, por ejemplo, un monitor VGA a una interfaz HDMI disponible del sistema.<\/p>\n<table class=\"tabla_caracteristicas k-table\" width=\"100%\">\n<tbody>\n<tr>\n<td valign=\"top\"><strong>Marca<\/strong><\/td>\n<td>Delock<\/td>\n<\/tr>\n<tr>\n<td valign=\"top\"><strong>Modelo<\/strong><\/td>\n<td valign=\"top\"><strong>65902<\/strong><\/td>\n<\/tr>\n<tr>\n<td valign=\"top\"><strong>Conectores<\/strong><\/td>\n<td>&#8211; 1 x High Speed HDMI-A macho de 19 pines &gt; 1 x VGA hembra de 15 pines; 1 x USB 2.0 Tipo Micro-B hembra (opcional para fuente de alimentaci&oacute;n)<\/td>\n<\/tr>\n<tr>\n<td valign=\"top\"><strong>Otras caracter&iacute;sticas<\/strong><\/td>\n<td>&#8211; Conjunto de chips: Algotek AG6200A<br \/>&#8211; Especificaci&oacute;n High Speed HDMI<br \/>&#8211; VGA sin tornillos tuerca<br \/>&#8211; Direcci&oacute;n de se&ntilde;al: Entrada HDMI &gt; Salida VGA<br \/>&#8211; Resoluci&oacute;n m&aacute;xima 1920 x 1200 @ 60 Hz<br \/>&nbsp; (depende del sistema y del hardware conectado)<br \/>&#8211; Solo admite una conexi&oacute;n a un monitor VGA<br \/>&#8211; Color: negro<br \/>&#8211; Dimensiones (LAxANxAL): aprox. 39 x 23 x 14 mm<br \/>&#8211; SO independiente, no es necesaria la instalaci&oacute;n de controladores<\/td>\n<\/tr>\n<tr>\n<td valign=\"top\"><strong>Fecha de revisi&oacute;n<\/strong><\/td>\n<td>10-08-2020 por MSB<\/td>\n<\/tr>\n<\/tbody>\n<\/table>\n","protected":false},"excerpt":{"rendered":"<p>Este adaptador de Delock se puede utilizar para conectar, por ejemplo, un monitor VGA a una interfaz HDMI disponible del sistema. Marca Delock Modelo 65902 Conectores &#8211; 1 x High Speed HDMI-A macho de 19 pines &gt; 1 x VGA hembra de 15 pines; 1 x USB 2.0 Tipo Micro-B hembra (opcional para fuente de&hellip;&nbsp;<a href=\"https:\/\/aivlisoft.net\/shop\/producto\/delock-adaptador-hdmi-a-macho-vga-hembra\/\" rel=\"bookmark\"><span class=\"screen-reader-text\">Delock Adaptador HDMI-A macho VGA hembra<\/span><\/a><\/p>\n","protected":false},"featured_media":6473,"template":"","meta":{"neve_meta_sidebar":"","neve_meta_container":"","neve_meta_enable_content_width":"","neve_meta_content_width":0,"neve_meta_title_alignment":"","neve_meta_author_avatar":"","neve_post_elements_order":"","neve_meta_disable_header":"","neve_meta_disable_footer":"","neve_meta_disable_title":""},"product_brand":[],"product_cat":[8706],"product_tag":[2092],"class_list":{"0":"post-6472","1":"product","2":"type-product","3":"status-publish","4":"has-post-thumbnail","6":"product_cat-cables-y-accesorios-pc","7":"product_tag-2092","9":"first","10":"instock","11":"taxable","12":"shipping-taxable","13":"purchasable","14":"product-type-simple"},"yoast_head":"<!-- This site is optimized with the Yoast SEO plugin v26.0 - https:\/\/yoast.com\/wordpress\/plugins\/seo\/ -->\n<title>Delock Adaptador HDMI-A macho VGA hembra - Aivlisoft Inform\u00e1tica<\/title>\n<meta name=\"robots\" content=\"index, follow, max-snippet:-1, max-image-preview:large, max-video-preview:-1\" \/>\n<link rel=\"canonical\" href=\"https:\/\/aivlisoft.net\/shop\/producto\/delock-adaptador-hdmi-a-macho-vga-hembra\/\" \/>\n<meta property=\"og:locale\" content=\"es_ES\" \/>\n<meta property=\"og:type\" content=\"article\" \/>\n<meta property=\"og:title\" content=\"Delock Adaptador HDMI-A macho VGA hembra - Aivlisoft Inform\u00e1tica\" \/>\n<meta property=\"og:description\" content=\"Este adaptador de Delock se puede utilizar para conectar, por ejemplo, un monitor VGA a una interfaz HDMI disponible del sistema. Marca Delock Modelo 65902 Conectores &#8211; 1 x High Speed HDMI-A macho de 19 pines &gt; 1 x VGA hembra de 15 pines; 1 x USB 2.0 Tipo Micro-B hembra (opcional para fuente de&hellip;&nbsp;Delock Adaptador HDMI-A macho VGA hembra\" \/>\n<meta property=\"og:url\" content=\"https:\/\/aivlisoft.net\/shop\/producto\/delock-adaptador-hdmi-a-macho-vga-hembra\/\" \/>\n<meta property=\"og:site_name\" content=\"Aivlisoft Inform\u00e1tica\" \/>\n<meta property=\"article:modified_time\" content=\"2025-01-14T10:25:50+00:00\" \/>\n<meta property=\"og:image\" content=\"https:\/\/aivlisoft.net\/shop\/wp-content\/uploads\/2025\/01\/APTAPC0831_800-1.jpg\" \/>\n\t<meta property=\"og:image:width\" content=\"800\" \/>\n\t<meta property=\"og:image:height\" content=\"800\" \/>\n\t<meta property=\"og:image:type\" content=\"image\/jpeg\" \/>\n<meta name=\"twitter:card\" content=\"summary_large_image\" \/>\n<meta name=\"twitter:label1\" content=\"Tiempo de lectura\" \/>\n\t<meta name=\"twitter:data1\" content=\"1 minuto\" \/>\n<script type=\"application\/ld+json\" class=\"yoast-schema-graph\">{\"@context\":\"https:\/\/schema.org\",\"@graph\":[{\"@type\":\"WebPage\",\"@id\":\"https:\/\/aivlisoft.net\/shop\/producto\/delock-adaptador-hdmi-a-macho-vga-hembra\/\",\"url\":\"https:\/\/aivlisoft.net\/shop\/producto\/delock-adaptador-hdmi-a-macho-vga-hembra\/\",\"name\":\"Delock Adaptador HDMI-A macho VGA hembra - Aivlisoft Inform\u00e1tica\",\"isPartOf\":{\"@id\":\"https:\/\/aivlisoft.net\/shop\/#website\"},\"primaryImageOfPage\":{\"@id\":\"https:\/\/aivlisoft.net\/shop\/producto\/delock-adaptador-hdmi-a-macho-vga-hembra\/#primaryimage\"},\"image\":{\"@id\":\"https:\/\/aivlisoft.net\/shop\/producto\/delock-adaptador-hdmi-a-macho-vga-hembra\/#primaryimage\"},\"thumbnailUrl\":\"https:\/\/aivlisoft.net\/shop\/wp-content\/uploads\/2025\/01\/APTAPC0831_800-1.jpg\",\"datePublished\":\"2025-01-13T13:32:39+00:00\",\"dateModified\":\"2025-01-14T10:25:50+00:00\",\"breadcrumb\":{\"@id\":\"https:\/\/aivlisoft.net\/shop\/producto\/delock-adaptador-hdmi-a-macho-vga-hembra\/#breadcrumb\"},\"inLanguage\":\"es\",\"potentialAction\":[{\"@type\":\"ReadAction\",\"target\":[\"https:\/\/aivlisoft.net\/shop\/producto\/delock-adaptador-hdmi-a-macho-vga-hembra\/\"]}]},{\"@type\":\"ImageObject\",\"inLanguage\":\"es\",\"@id\":\"https:\/\/aivlisoft.net\/shop\/producto\/delock-adaptador-hdmi-a-macho-vga-hembra\/#primaryimage\",\"url\":\"https:\/\/aivlisoft.net\/shop\/wp-content\/uploads\/2025\/01\/APTAPC0831_800-1.jpg\",\"contentUrl\":\"https:\/\/aivlisoft.net\/shop\/wp-content\/uploads\/2025\/01\/APTAPC0831_800-1.jpg\",\"width\":800,\"height\":800},{\"@type\":\"BreadcrumbList\",\"@id\":\"https:\/\/aivlisoft.net\/shop\/producto\/delock-adaptador-hdmi-a-macho-vga-hembra\/#breadcrumb\",\"itemListElement\":[{\"@type\":\"ListItem\",\"position\":1,\"name\":\"Portada\",\"item\":\"https:\/\/aivlisoft.net\/shop\/\"},{\"@type\":\"ListItem\",\"position\":2,\"name\":\"Tienda\",\"item\":\"https:\/\/aivlisoft.net\/shop\/tienda\/\"},{\"@type\":\"ListItem\",\"position\":3,\"name\":\"Delock Adaptador HDMI-A macho VGA hembra\"}]},{\"@type\":\"WebSite\",\"@id\":\"https:\/\/aivlisoft.net\/shop\/#website\",\"url\":\"https:\/\/aivlisoft.net\/shop\/\",\"name\":\"Aivlisoft Inform\u00e1tica\",\"description\":\"En Aivlisoft Inform\u00e1tica ofrecemos soluciones tecnol\u00f3gicas para empresas: venta de ordenadores, consumibles, perif\u00e9ricos y m\u00e1s. Calidad, atenci\u00f3n personalizada y los mejores precios para tu negocio.\",\"publisher\":{\"@id\":\"https:\/\/aivlisoft.net\/shop\/#organization\"},\"potentialAction\":[{\"@type\":\"SearchAction\",\"target\":{\"@type\":\"EntryPoint\",\"urlTemplate\":\"https:\/\/aivlisoft.net\/shop\/?s={search_term_string}\"},\"query-input\":{\"@type\":\"PropertyValueSpecification\",\"valueRequired\":true,\"valueName\":\"search_term_string\"}}],\"inLanguage\":\"es\"},{\"@type\":\"Organization\",\"@id\":\"https:\/\/aivlisoft.net\/shop\/#organization\",\"name\":\"Aivlisoft Inform\u00e1tica\",\"url\":\"https:\/\/aivlisoft.net\/shop\/\",\"logo\":{\"@type\":\"ImageObject\",\"inLanguage\":\"es\",\"@id\":\"https:\/\/aivlisoft.net\/shop\/#\/schema\/logo\/image\/\",\"url\":\"https:\/\/aivlisoft.net\/shop\/wp-content\/uploads\/2024\/12\/removal.ai_5b848c54-0cdf-4140-95c5-c5536bb7573b-logodef.png\",\"contentUrl\":\"https:\/\/aivlisoft.net\/shop\/wp-content\/uploads\/2024\/12\/removal.ai_5b848c54-0cdf-4140-95c5-c5536bb7573b-logodef.png\",\"width\":484,\"height\":182,\"caption\":\"Aivlisoft Inform\u00e1tica\"},\"image\":{\"@id\":\"https:\/\/aivlisoft.net\/shop\/#\/schema\/logo\/image\/\"}}]}<\/script>\n<!-- \/ Yoast SEO plugin. -->","yoast_head_json":{"title":"Delock Adaptador HDMI-A macho VGA hembra - Aivlisoft Inform\u00e1tica","robots":{"index":"index","follow":"follow","max-snippet":"max-snippet:-1","max-image-preview":"max-image-preview:large","max-video-preview":"max-video-preview:-1"},"canonical":"https:\/\/aivlisoft.net\/shop\/producto\/delock-adaptador-hdmi-a-macho-vga-hembra\/","og_locale":"es_ES","og_type":"article","og_title":"Delock Adaptador HDMI-A macho VGA hembra - Aivlisoft Inform\u00e1tica","og_description":"Este adaptador de Delock se puede utilizar para conectar, por ejemplo, un monitor VGA a una interfaz HDMI disponible del sistema. Marca Delock Modelo 65902 Conectores &#8211; 1 x High Speed HDMI-A macho de 19 pines &gt; 1 x VGA hembra de 15 pines; 1 x USB 2.0 Tipo Micro-B hembra (opcional para fuente de&hellip;&nbsp;Delock Adaptador HDMI-A macho VGA hembra","og_url":"https:\/\/aivlisoft.net\/shop\/producto\/delock-adaptador-hdmi-a-macho-vga-hembra\/","og_site_name":"Aivlisoft Inform\u00e1tica","article_modified_time":"2025-01-14T10:25:50+00:00","og_image":[{"width":800,"height":800,"url":"https:\/\/aivlisoft.net\/shop\/wp-content\/uploads\/2025\/01\/APTAPC0831_800-1.jpg","type":"image\/jpeg"}],"twitter_card":"summary_large_image","twitter_misc":{"Tiempo de lectura":"1 minuto"},"schema":{"@context":"https:\/\/schema.org","@graph":[{"@type":"WebPage","@id":"https:\/\/aivlisoft.net\/shop\/producto\/delock-adaptador-hdmi-a-macho-vga-hembra\/","url":"https:\/\/aivlisoft.net\/shop\/producto\/delock-adaptador-hdmi-a-macho-vga-hembra\/","name":"Delock Adaptador HDMI-A macho VGA hembra - Aivlisoft Inform\u00e1tica","isPartOf":{"@id":"https:\/\/aivlisoft.net\/shop\/#website"},"primaryImageOfPage":{"@id":"https:\/\/aivlisoft.net\/shop\/producto\/delock-adaptador-hdmi-a-macho-vga-hembra\/#primaryimage"},"image":{"@id":"https:\/\/aivlisoft.net\/shop\/producto\/delock-adaptador-hdmi-a-macho-vga-hembra\/#primaryimage"},"thumbnailUrl":"https:\/\/aivlisoft.net\/shop\/wp-content\/uploads\/2025\/01\/APTAPC0831_800-1.jpg","datePublished":"2025-01-13T13:32:39+00:00","dateModified":"2025-01-14T10:25:50+00:00","breadcrumb":{"@id":"https:\/\/aivlisoft.net\/shop\/producto\/delock-adaptador-hdmi-a-macho-vga-hembra\/#breadcrumb"},"inLanguage":"es","potentialAction":[{"@type":"ReadAction","target":["https:\/\/aivlisoft.net\/shop\/producto\/delock-adaptador-hdmi-a-macho-vga-hembra\/"]}]},{"@type":"ImageObject","inLanguage":"es","@id":"https:\/\/aivlisoft.net\/shop\/producto\/delock-adaptador-hdmi-a-macho-vga-hembra\/#primaryimage","url":"https:\/\/aivlisoft.net\/shop\/wp-content\/uploads\/2025\/01\/APTAPC0831_800-1.jpg","contentUrl":"https:\/\/aivlisoft.net\/shop\/wp-content\/uploads\/2025\/01\/APTAPC0831_800-1.jpg","width":800,"height":800},{"@type":"BreadcrumbList","@id":"https:\/\/aivlisoft.net\/shop\/producto\/delock-adaptador-hdmi-a-macho-vga-hembra\/#breadcrumb","itemListElement":[{"@type":"ListItem","position":1,"name":"Portada","item":"https:\/\/aivlisoft.net\/shop\/"},{"@type":"ListItem","position":2,"name":"Tienda","item":"https:\/\/aivlisoft.net\/shop\/tienda\/"},{"@type":"ListItem","position":3,"name":"Delock Adaptador HDMI-A macho VGA hembra"}]},{"@type":"WebSite","@id":"https:\/\/aivlisoft.net\/shop\/#website","url":"https:\/\/aivlisoft.net\/shop\/","name":"Aivlisoft Inform\u00e1tica","description":"En Aivlisoft Inform\u00e1tica ofrecemos soluciones tecnol\u00f3gicas para empresas: venta de ordenadores, consumibles, perif\u00e9ricos y m\u00e1s. Calidad, atenci\u00f3n personalizada y los mejores precios para tu negocio.","publisher":{"@id":"https:\/\/aivlisoft.net\/shop\/#organization"},"potentialAction":[{"@type":"SearchAction","target":{"@type":"EntryPoint","urlTemplate":"https:\/\/aivlisoft.net\/shop\/?s={search_term_string}"},"query-input":{"@type":"PropertyValueSpecification","valueRequired":true,"valueName":"search_term_string"}}],"inLanguage":"es"},{"@type":"Organization","@id":"https:\/\/aivlisoft.net\/shop\/#organization","name":"Aivlisoft Inform\u00e1tica","url":"https:\/\/aivlisoft.net\/shop\/","logo":{"@type":"ImageObject","inLanguage":"es","@id":"https:\/\/aivlisoft.net\/shop\/#\/schema\/logo\/image\/","url":"https:\/\/aivlisoft.net\/shop\/wp-content\/uploads\/2024\/12\/removal.ai_5b848c54-0cdf-4140-95c5-c5536bb7573b-logodef.png","contentUrl":"https:\/\/aivlisoft.net\/shop\/wp-content\/uploads\/2024\/12\/removal.ai_5b848c54-0cdf-4140-95c5-c5536bb7573b-logodef.png","width":484,"height":182,"caption":"Aivlisoft Inform\u00e1tica"},"image":{"@id":"https:\/\/aivlisoft.net\/shop\/#\/schema\/logo\/image\/"}}]}},"_links":{"self":[{"href":"https:\/\/aivlisoft.net\/shop\/wp-json\/wp\/v2\/product\/6472","targetHints":{"allow":["GET"]}}],"collection":[{"href":"https:\/\/aivlisoft.net\/shop\/wp-json\/wp\/v2\/product"}],"about":[{"href":"https:\/\/aivlisoft.net\/shop\/wp-json\/wp\/v2\/types\/product"}],"wp:featuredmedia":[{"embeddable":true,"href":"https:\/\/aivlisoft.net\/shop\/wp-json\/wp\/v2\/media\/6473"}],"wp:attachment":[{"href":"https:\/\/aivlisoft.net\/shop\/wp-json\/wp\/v2\/media?parent=6472"}],"wp:term":[{"taxonomy":"product_brand","embeddable":true,"href":"https:\/\/aivlisoft.net\/shop\/wp-json\/wp\/v2\/product_brand?post=6472"},{"taxonomy":"product_cat","embeddable":true,"href":"https:\/\/aivlisoft.net\/shop\/wp-json\/wp\/v2\/product_cat?post=6472"},{"taxonomy":"product_tag","embeddable":true,"href":"https:\/\/aivlisoft.net\/shop\/wp-json\/wp\/v2\/product_tag?post=6472"}],"curies":[{"name":"wp","href":"https:\/\/api.w.org\/{rel}","templated":true}]}}