{"id":6389,"date":"2025-01-13T13:32:07","date_gmt":"2025-01-13T13:32:07","guid":{"rendered":"https:\/\/aivlisoft.com\/?post_type=product&#038;p=6389"},"modified":"2025-01-14T10:25:24","modified_gmt":"2025-01-14T10:25:24","slug":"nanocable-cable-usb-3-0-prolongador-amplificador-1","status":"publish","type":"product","link":"https:\/\/aivlisoft.net\/shop\/producto\/nanocable-cable-usb-3-0-prolongador-amplificador-1\/","title":{"rendered":"Nanocable Cable USB 3.0 Prolongador Amplificador 1"},"content":{"rendered":"<p><\/p>\n<table class=\"tabla_caracteristicas k-table\" width=\"100%\">\n<tr>\n<td><strong>Marca<\/strong><\/td>\n<td>Nanocable<\/td>\n<\/tr>\n<tr>\n<td><strong>Modelo<\/strong><\/td>\n<td><strong>10.01.0312<\/strong><\/td>\n<\/tr>\n<tr>\n<td><strong>Caracteristicas<\/strong><\/td>\n<td>&#8211; Cable prolongador USB 3.0 con conector tipo A macho en un extremo y tipo A hembra en el otro.<br \/>\t\t\t&#8211; Lleva amplificador para amplificar la se&ntilde;al de USB<br \/>\t\t\t&#8211; M&aacute;xima velocidad de transferencia: 5Gbps<br \/>\t\t\t&#8211; No requiere software ni controladores, una soluci&oacute;n totalmente plug and play<br \/>\t\t\t&#8211; Compatible con USB 2.0<br \/>\t\t\t&#8211; Longitud: 10 m<br \/>\t\t\t&#8211; Color: negro<br \/>\t\t\t&#8211; Normativas: RoHS<br \/>\t\t\t&#8211; Test de Funcionamiento: 100% testado<br \/>\t\t\t<strong>Contenido<\/strong><br \/>\t\t\t&#8211; 1 x Cable USB 3.0 prolongador con amplificador, tipo A\/M-A\/H, 10 m<\/td>\n<\/tr>\n<tr>\n<td><strong>Fecha de revisi&oacute;n<\/strong><\/td>\n<td>28-10-2024 por RTY<\/td>\n<\/tr>\n<\/table>\n","protected":false},"excerpt":{"rendered":"<p>Marca Nanocable Modelo 10.01.0312 Caracteristicas &#8211; Cable prolongador USB 3.0 con conector tipo A macho en un extremo y tipo A hembra en el otro. &#8211; Lleva amplificador para amplificar la se&ntilde;al de USB &#8211; M&aacute;xima velocidad de transferencia: 5Gbps &#8211; No requiere software ni controladores, una soluci&oacute;n totalmente plug and play &#8211; Compatible con&hellip;&nbsp;<a href=\"https:\/\/aivlisoft.net\/shop\/producto\/nanocable-cable-usb-3-0-prolongador-amplificador-1\/\" rel=\"bookmark\"><span class=\"screen-reader-text\">Nanocable Cable USB 3.0 Prolongador Amplificador 1<\/span><\/a><\/p>\n","protected":false},"featured_media":6390,"template":"","meta":{"neve_meta_sidebar":"","neve_meta_container":"","neve_meta_enable_content_width":"","neve_meta_content_width":0,"neve_meta_title_alignment":"","neve_meta_author_avatar":"","neve_post_elements_order":"","neve_meta_disable_header":"","neve_meta_disable_footer":"","neve_meta_disable_title":""},"product_brand":[],"product_cat":[8706],"product_tag":[2064],"class_list":{"0":"post-6389","1":"product","2":"type-product","3":"status-publish","4":"has-post-thumbnail","6":"product_cat-cables-y-accesorios-pc","7":"product_tag-10-01-0312","9":"first","10":"instock","11":"taxable","12":"shipping-taxable","13":"purchasable","14":"product-type-simple"},"yoast_head":"<!-- This site is optimized with the Yoast SEO plugin v26.0 - https:\/\/yoast.com\/wordpress\/plugins\/seo\/ -->\n<title>Nanocable Cable USB 3.0 Prolongador Amplificador 1 - Aivlisoft Inform\u00e1tica<\/title>\n<meta name=\"robots\" content=\"index, follow, max-snippet:-1, max-image-preview:large, max-video-preview:-1\" \/>\n<link rel=\"canonical\" href=\"https:\/\/aivlisoft.net\/shop\/producto\/nanocable-cable-usb-3-0-prolongador-amplificador-1\/\" \/>\n<meta property=\"og:locale\" content=\"es_ES\" \/>\n<meta property=\"og:type\" content=\"article\" \/>\n<meta property=\"og:title\" content=\"Nanocable Cable USB 3.0 Prolongador Amplificador 1 - Aivlisoft Inform\u00e1tica\" \/>\n<meta property=\"og:description\" content=\"Marca Nanocable Modelo 10.01.0312 Caracteristicas &#8211; Cable prolongador USB 3.0 con conector tipo A macho en un extremo y tipo A hembra en el otro. &#8211; Lleva amplificador para amplificar la se&ntilde;al de USB &#8211; M&aacute;xima velocidad de transferencia: 5Gbps &#8211; No requiere software ni controladores, una soluci&oacute;n totalmente plug and play &#8211; Compatible con&hellip;&nbsp;Nanocable Cable USB 3.0 Prolongador Amplificador 1\" \/>\n<meta property=\"og:url\" content=\"https:\/\/aivlisoft.net\/shop\/producto\/nanocable-cable-usb-3-0-prolongador-amplificador-1\/\" \/>\n<meta property=\"og:site_name\" content=\"Aivlisoft Inform\u00e1tica\" \/>\n<meta property=\"article:modified_time\" content=\"2025-01-14T10:25:24+00:00\" \/>\n<meta property=\"og:image\" content=\"https:\/\/aivlisoft.net\/shop\/wp-content\/uploads\/2025\/01\/APTAPC0750_800-1.jpg\" \/>\n\t<meta property=\"og:image:width\" content=\"800\" \/>\n\t<meta property=\"og:image:height\" content=\"800\" \/>\n\t<meta property=\"og:image:type\" content=\"image\/jpeg\" \/>\n<meta name=\"twitter:card\" content=\"summary_large_image\" \/>\n<script type=\"application\/ld+json\" class=\"yoast-schema-graph\">{\"@context\":\"https:\/\/schema.org\",\"@graph\":[{\"@type\":\"WebPage\",\"@id\":\"https:\/\/aivlisoft.net\/shop\/producto\/nanocable-cable-usb-3-0-prolongador-amplificador-1\/\",\"url\":\"https:\/\/aivlisoft.net\/shop\/producto\/nanocable-cable-usb-3-0-prolongador-amplificador-1\/\",\"name\":\"Nanocable Cable USB 3.0 Prolongador Amplificador 1 - Aivlisoft Inform\u00e1tica\",\"isPartOf\":{\"@id\":\"https:\/\/aivlisoft.net\/shop\/#website\"},\"primaryImageOfPage\":{\"@id\":\"https:\/\/aivlisoft.net\/shop\/producto\/nanocable-cable-usb-3-0-prolongador-amplificador-1\/#primaryimage\"},\"image\":{\"@id\":\"https:\/\/aivlisoft.net\/shop\/producto\/nanocable-cable-usb-3-0-prolongador-amplificador-1\/#primaryimage\"},\"thumbnailUrl\":\"https:\/\/aivlisoft.net\/shop\/wp-content\/uploads\/2025\/01\/APTAPC0750_800-1.jpg\",\"datePublished\":\"2025-01-13T13:32:07+00:00\",\"dateModified\":\"2025-01-14T10:25:24+00:00\",\"breadcrumb\":{\"@id\":\"https:\/\/aivlisoft.net\/shop\/producto\/nanocable-cable-usb-3-0-prolongador-amplificador-1\/#breadcrumb\"},\"inLanguage\":\"es\",\"potentialAction\":[{\"@type\":\"ReadAction\",\"target\":[\"https:\/\/aivlisoft.net\/shop\/producto\/nanocable-cable-usb-3-0-prolongador-amplificador-1\/\"]}]},{\"@type\":\"ImageObject\",\"inLanguage\":\"es\",\"@id\":\"https:\/\/aivlisoft.net\/shop\/producto\/nanocable-cable-usb-3-0-prolongador-amplificador-1\/#primaryimage\",\"url\":\"https:\/\/aivlisoft.net\/shop\/wp-content\/uploads\/2025\/01\/APTAPC0750_800-1.jpg\",\"contentUrl\":\"https:\/\/aivlisoft.net\/shop\/wp-content\/uploads\/2025\/01\/APTAPC0750_800-1.jpg\",\"width\":800,\"height\":800},{\"@type\":\"BreadcrumbList\",\"@id\":\"https:\/\/aivlisoft.net\/shop\/producto\/nanocable-cable-usb-3-0-prolongador-amplificador-1\/#breadcrumb\",\"itemListElement\":[{\"@type\":\"ListItem\",\"position\":1,\"name\":\"Portada\",\"item\":\"https:\/\/aivlisoft.net\/shop\/\"},{\"@type\":\"ListItem\",\"position\":2,\"name\":\"Tienda\",\"item\":\"https:\/\/aivlisoft.net\/shop\/tienda\/\"},{\"@type\":\"ListItem\",\"position\":3,\"name\":\"Nanocable Cable USB 3.0 Prolongador Amplificador 1\"}]},{\"@type\":\"WebSite\",\"@id\":\"https:\/\/aivlisoft.net\/shop\/#website\",\"url\":\"https:\/\/aivlisoft.net\/shop\/\",\"name\":\"Aivlisoft Inform\u00e1tica\",\"description\":\"En Aivlisoft Inform\u00e1tica ofrecemos soluciones tecnol\u00f3gicas para empresas: venta de ordenadores, consumibles, perif\u00e9ricos y m\u00e1s. Calidad, atenci\u00f3n personalizada y los mejores precios para tu negocio.\",\"publisher\":{\"@id\":\"https:\/\/aivlisoft.net\/shop\/#organization\"},\"potentialAction\":[{\"@type\":\"SearchAction\",\"target\":{\"@type\":\"EntryPoint\",\"urlTemplate\":\"https:\/\/aivlisoft.net\/shop\/?s={search_term_string}\"},\"query-input\":{\"@type\":\"PropertyValueSpecification\",\"valueRequired\":true,\"valueName\":\"search_term_string\"}}],\"inLanguage\":\"es\"},{\"@type\":\"Organization\",\"@id\":\"https:\/\/aivlisoft.net\/shop\/#organization\",\"name\":\"Aivlisoft Inform\u00e1tica\",\"url\":\"https:\/\/aivlisoft.net\/shop\/\",\"logo\":{\"@type\":\"ImageObject\",\"inLanguage\":\"es\",\"@id\":\"https:\/\/aivlisoft.net\/shop\/#\/schema\/logo\/image\/\",\"url\":\"https:\/\/aivlisoft.net\/shop\/wp-content\/uploads\/2024\/12\/removal.ai_5b848c54-0cdf-4140-95c5-c5536bb7573b-logodef.png\",\"contentUrl\":\"https:\/\/aivlisoft.net\/shop\/wp-content\/uploads\/2024\/12\/removal.ai_5b848c54-0cdf-4140-95c5-c5536bb7573b-logodef.png\",\"width\":484,\"height\":182,\"caption\":\"Aivlisoft Inform\u00e1tica\"},\"image\":{\"@id\":\"https:\/\/aivlisoft.net\/shop\/#\/schema\/logo\/image\/\"}}]}<\/script>\n<!-- \/ Yoast SEO plugin. -->","yoast_head_json":{"title":"Nanocable Cable USB 3.0 Prolongador Amplificador 1 - Aivlisoft Inform\u00e1tica","robots":{"index":"index","follow":"follow","max-snippet":"max-snippet:-1","max-image-preview":"max-image-preview:large","max-video-preview":"max-video-preview:-1"},"canonical":"https:\/\/aivlisoft.net\/shop\/producto\/nanocable-cable-usb-3-0-prolongador-amplificador-1\/","og_locale":"es_ES","og_type":"article","og_title":"Nanocable Cable USB 3.0 Prolongador Amplificador 1 - Aivlisoft Inform\u00e1tica","og_description":"Marca Nanocable Modelo 10.01.0312 Caracteristicas &#8211; Cable prolongador USB 3.0 con conector tipo A macho en un extremo y tipo A hembra en el otro. &#8211; Lleva amplificador para amplificar la se&ntilde;al de USB &#8211; M&aacute;xima velocidad de transferencia: 5Gbps &#8211; No requiere software ni controladores, una soluci&oacute;n totalmente plug and play &#8211; Compatible con&hellip;&nbsp;Nanocable Cable USB 3.0 Prolongador Amplificador 1","og_url":"https:\/\/aivlisoft.net\/shop\/producto\/nanocable-cable-usb-3-0-prolongador-amplificador-1\/","og_site_name":"Aivlisoft Inform\u00e1tica","article_modified_time":"2025-01-14T10:25:24+00:00","og_image":[{"width":800,"height":800,"url":"https:\/\/aivlisoft.net\/shop\/wp-content\/uploads\/2025\/01\/APTAPC0750_800-1.jpg","type":"image\/jpeg"}],"twitter_card":"summary_large_image","schema":{"@context":"https:\/\/schema.org","@graph":[{"@type":"WebPage","@id":"https:\/\/aivlisoft.net\/shop\/producto\/nanocable-cable-usb-3-0-prolongador-amplificador-1\/","url":"https:\/\/aivlisoft.net\/shop\/producto\/nanocable-cable-usb-3-0-prolongador-amplificador-1\/","name":"Nanocable Cable USB 3.0 Prolongador Amplificador 1 - Aivlisoft Inform\u00e1tica","isPartOf":{"@id":"https:\/\/aivlisoft.net\/shop\/#website"},"primaryImageOfPage":{"@id":"https:\/\/aivlisoft.net\/shop\/producto\/nanocable-cable-usb-3-0-prolongador-amplificador-1\/#primaryimage"},"image":{"@id":"https:\/\/aivlisoft.net\/shop\/producto\/nanocable-cable-usb-3-0-prolongador-amplificador-1\/#primaryimage"},"thumbnailUrl":"https:\/\/aivlisoft.net\/shop\/wp-content\/uploads\/2025\/01\/APTAPC0750_800-1.jpg","datePublished":"2025-01-13T13:32:07+00:00","dateModified":"2025-01-14T10:25:24+00:00","breadcrumb":{"@id":"https:\/\/aivlisoft.net\/shop\/producto\/nanocable-cable-usb-3-0-prolongador-amplificador-1\/#breadcrumb"},"inLanguage":"es","potentialAction":[{"@type":"ReadAction","target":["https:\/\/aivlisoft.net\/shop\/producto\/nanocable-cable-usb-3-0-prolongador-amplificador-1\/"]}]},{"@type":"ImageObject","inLanguage":"es","@id":"https:\/\/aivlisoft.net\/shop\/producto\/nanocable-cable-usb-3-0-prolongador-amplificador-1\/#primaryimage","url":"https:\/\/aivlisoft.net\/shop\/wp-content\/uploads\/2025\/01\/APTAPC0750_800-1.jpg","contentUrl":"https:\/\/aivlisoft.net\/shop\/wp-content\/uploads\/2025\/01\/APTAPC0750_800-1.jpg","width":800,"height":800},{"@type":"BreadcrumbList","@id":"https:\/\/aivlisoft.net\/shop\/producto\/nanocable-cable-usb-3-0-prolongador-amplificador-1\/#breadcrumb","itemListElement":[{"@type":"ListItem","position":1,"name":"Portada","item":"https:\/\/aivlisoft.net\/shop\/"},{"@type":"ListItem","position":2,"name":"Tienda","item":"https:\/\/aivlisoft.net\/shop\/tienda\/"},{"@type":"ListItem","position":3,"name":"Nanocable Cable USB 3.0 Prolongador Amplificador 1"}]},{"@type":"WebSite","@id":"https:\/\/aivlisoft.net\/shop\/#website","url":"https:\/\/aivlisoft.net\/shop\/","name":"Aivlisoft Inform\u00e1tica","description":"En Aivlisoft Inform\u00e1tica ofrecemos soluciones tecnol\u00f3gicas para empresas: venta de ordenadores, consumibles, perif\u00e9ricos y m\u00e1s. Calidad, atenci\u00f3n personalizada y los mejores precios para tu negocio.","publisher":{"@id":"https:\/\/aivlisoft.net\/shop\/#organization"},"potentialAction":[{"@type":"SearchAction","target":{"@type":"EntryPoint","urlTemplate":"https:\/\/aivlisoft.net\/shop\/?s={search_term_string}"},"query-input":{"@type":"PropertyValueSpecification","valueRequired":true,"valueName":"search_term_string"}}],"inLanguage":"es"},{"@type":"Organization","@id":"https:\/\/aivlisoft.net\/shop\/#organization","name":"Aivlisoft Inform\u00e1tica","url":"https:\/\/aivlisoft.net\/shop\/","logo":{"@type":"ImageObject","inLanguage":"es","@id":"https:\/\/aivlisoft.net\/shop\/#\/schema\/logo\/image\/","url":"https:\/\/aivlisoft.net\/shop\/wp-content\/uploads\/2024\/12\/removal.ai_5b848c54-0cdf-4140-95c5-c5536bb7573b-logodef.png","contentUrl":"https:\/\/aivlisoft.net\/shop\/wp-content\/uploads\/2024\/12\/removal.ai_5b848c54-0cdf-4140-95c5-c5536bb7573b-logodef.png","width":484,"height":182,"caption":"Aivlisoft Inform\u00e1tica"},"image":{"@id":"https:\/\/aivlisoft.net\/shop\/#\/schema\/logo\/image\/"}}]}},"_links":{"self":[{"href":"https:\/\/aivlisoft.net\/shop\/wp-json\/wp\/v2\/product\/6389","targetHints":{"allow":["GET"]}}],"collection":[{"href":"https:\/\/aivlisoft.net\/shop\/wp-json\/wp\/v2\/product"}],"about":[{"href":"https:\/\/aivlisoft.net\/shop\/wp-json\/wp\/v2\/types\/product"}],"wp:featuredmedia":[{"embeddable":true,"href":"https:\/\/aivlisoft.net\/shop\/wp-json\/wp\/v2\/media\/6390"}],"wp:attachment":[{"href":"https:\/\/aivlisoft.net\/shop\/wp-json\/wp\/v2\/media?parent=6389"}],"wp:term":[{"taxonomy":"product_brand","embeddable":true,"href":"https:\/\/aivlisoft.net\/shop\/wp-json\/wp\/v2\/product_brand?post=6389"},{"taxonomy":"product_cat","embeddable":true,"href":"https:\/\/aivlisoft.net\/shop\/wp-json\/wp\/v2\/product_cat?post=6389"},{"taxonomy":"product_tag","embeddable":true,"href":"https:\/\/aivlisoft.net\/shop\/wp-json\/wp\/v2\/product_tag?post=6389"}],"curies":[{"name":"wp","href":"https:\/\/api.w.org\/{rel}","templated":true}]}}