{"id":6343,"date":"2025-01-13T13:31:49","date_gmt":"2025-01-13T13:31:49","guid":{"rendered":"https:\/\/aivlisoft.com\/?post_type=product&#038;p=6343"},"modified":"2025-01-14T10:25:08","modified_gmt":"2025-01-14T10:25:08","slug":"krom-alfombrilla-gaming-knout-rgb","status":"publish","type":"product","link":"https:\/\/aivlisoft.net\/shop\/producto\/krom-alfombrilla-gaming-knout-rgb\/","title":{"rendered":"Krom Alfombrilla Gaming KNOUT RGB"},"content":{"rendered":"<p><strong>Knout RGB<\/strong><br \/>La gran aliada de tu set up ha sido concebida por Krom con un doble objetivo: dotar a tus movimientos de precisi&oacute;n, seguridad y velocidad y al mismo tiempo ofrecerte una incre&iacute;ble atm&oacute;sfera de juego gracias a sus efectos de iluminaci&oacute;n y colores vivos.<\/p>\n<p><strong>Optimizada para todos los sensores<\/strong><br \/>La superficie de la alfombrilla Knout RGB (320 x 270 mm) te ofrece el espectro necesario para un deslizamiento amplio y veloz tanto en ratones &oacute;pticos como l&aacute;ser gracias a su superficie tratada t&eacute;rmicamente que la dota de una suavidad y un tacto sobresaliente.<br \/>Su espesor, de solo 3 mm, la convierte en la c&oacute;mplice ideal ya que te proporciona la amortiguaci&oacute;n necesaria sin crear un desnivel entre teclado y rat&oacute;n. Todo ello, gracias a su base ultra adherente, que se fija perfectamente en tu mesa permaneciendo inm&oacute;vil incluso con los deslizamientos m&aacute;s bruscos.<\/p>\n<p><strong>Ilumina tus victorias<\/strong><br \/>Lleva tu experiencia de juego a otro nivel gracias a los 16.8 millones de colores que se proyectan en los bordes de la Knout RGB y disfruta de un aut&eacute;ntico espect&aacute;culo visual de efectos y colores mientras est&aacute;s sumergido en la adrenalina de la partida.<br \/>Elige entre 6 colores fijos y 3 modos (Breathing, Sparking y Spectrum) con tan solo un clic.<\/p>\n<p><strong>Resistente y duradera<\/strong><br \/>Knout RGB posee un cable USB extra&iacute;ble de 2 metros de longitud mallado que te garantiza mayor durabilidad y resistencia a los roces.<br \/>Adem&aacute;s, para que puedas disfrutar de tu alfombrilla gaming durante mucho tiempo, los laterales est&aacute;n reforzados, impidiendo as&iacute; cualquier deterioro por el uso.<\/p>\n<table class=\"tabla_caracteristicas k-table\" width=\"100%\">\n<tbody>\n<tr>\n<td><strong>Marca<\/strong><\/td>\n<td>KROM<\/td>\n<\/tr>\n<tr>\n<td><strong>Modelo<\/strong><\/td>\n<td><strong>NXKROMKNTRGB<\/strong><\/td>\n<\/tr>\n<tr>\n<td><strong>Caracteristicas<\/strong><\/td>\n<td><strong>Prestaciones<\/strong><br \/>&#8211; Acabado con costura doble para aumentar la durabilidad<br \/>&#8211; Superficie de microfibra con una fricci&oacute;n m&iacute;nima apta para ratones l&aacute;ser y &oacute;pticos<br \/>&#8211; Superficie de textura lisa y suave<br \/>&#8211; Iluminaci&oacute;n RGB con 6 colores fijos y 3 efectos de iluminaci&oacute;n<br \/><strong>Material<\/strong><br \/>&#8211; Tejido y goma<br \/><strong>Color<\/strong><br \/>&#8211; Negro y logo multicolor<br \/><strong>Dimensiones<\/strong><br \/>&#8211; 320 x 270 x 3 mm<br \/><strong>Conexi&oacute;n<\/strong><br \/>&#8211; USB<\/td>\n<\/tr>\n<tr>\n<td><strong>Fecha de revisi&oacute;n<\/strong><\/td>\n<td>30-05-2019 por AVN<\/td>\n<\/tr>\n<\/tbody>\n<\/table>\n","protected":false},"excerpt":{"rendered":"<p>Knout RGBLa gran aliada de tu set up ha sido concebida por Krom con un doble objetivo: dotar a tus movimientos de precisi&oacute;n, seguridad y velocidad y al mismo tiempo ofrecerte una incre&iacute;ble atm&oacute;sfera de juego gracias a sus efectos de iluminaci&oacute;n y colores vivos. Optimizada para todos los sensoresLa superficie de la alfombrilla Knout&hellip;&nbsp;<a href=\"https:\/\/aivlisoft.net\/shop\/producto\/krom-alfombrilla-gaming-knout-rgb\/\" rel=\"bookmark\"><span class=\"screen-reader-text\">Krom Alfombrilla Gaming KNOUT RGB<\/span><\/a><\/p>\n","protected":false},"featured_media":6344,"template":"","meta":{"neve_meta_sidebar":"","neve_meta_container":"","neve_meta_enable_content_width":"","neve_meta_content_width":0,"neve_meta_title_alignment":"","neve_meta_author_avatar":"","neve_post_elements_order":"","neve_meta_disable_header":"","neve_meta_disable_footer":"","neve_meta_disable_title":""},"product_brand":[],"product_cat":[8706],"product_tag":[2047],"class_list":{"0":"post-6343","1":"product","2":"type-product","3":"status-publish","4":"has-post-thumbnail","6":"product_cat-cables-y-accesorios-pc","7":"product_tag-nxkromkntrgb","9":"first","10":"instock","11":"taxable","12":"shipping-taxable","13":"purchasable","14":"product-type-simple"},"yoast_head":"<!-- This site is optimized with the Yoast SEO plugin v26.0 - https:\/\/yoast.com\/wordpress\/plugins\/seo\/ -->\n<title>Krom Alfombrilla Gaming KNOUT RGB - Aivlisoft Inform\u00e1tica<\/title>\n<meta name=\"robots\" content=\"index, follow, max-snippet:-1, max-image-preview:large, max-video-preview:-1\" \/>\n<link rel=\"canonical\" href=\"https:\/\/aivlisoft.net\/shop\/producto\/krom-alfombrilla-gaming-knout-rgb\/\" \/>\n<meta property=\"og:locale\" content=\"es_ES\" \/>\n<meta property=\"og:type\" content=\"article\" \/>\n<meta property=\"og:title\" content=\"Krom Alfombrilla Gaming KNOUT RGB - Aivlisoft Inform\u00e1tica\" \/>\n<meta property=\"og:description\" content=\"Knout RGBLa gran aliada de tu set up ha sido concebida por Krom con un doble objetivo: dotar a tus movimientos de precisi&oacute;n, seguridad y velocidad y al mismo tiempo ofrecerte una incre&iacute;ble atm&oacute;sfera de juego gracias a sus efectos de iluminaci&oacute;n y colores vivos. Optimizada para todos los sensoresLa superficie de la alfombrilla Knout&hellip;&nbsp;Krom Alfombrilla Gaming KNOUT RGB\" \/>\n<meta property=\"og:url\" content=\"https:\/\/aivlisoft.net\/shop\/producto\/krom-alfombrilla-gaming-knout-rgb\/\" \/>\n<meta property=\"og:site_name\" content=\"Aivlisoft Inform\u00e1tica\" \/>\n<meta property=\"article:modified_time\" content=\"2025-01-14T10:25:08+00:00\" \/>\n<meta property=\"og:image\" content=\"https:\/\/aivlisoft.net\/shop\/wp-content\/uploads\/2025\/01\/APTAPC0723_800-1.jpg\" \/>\n\t<meta property=\"og:image:width\" content=\"800\" \/>\n\t<meta property=\"og:image:height\" content=\"800\" \/>\n\t<meta property=\"og:image:type\" content=\"image\/jpeg\" \/>\n<meta name=\"twitter:card\" content=\"summary_large_image\" \/>\n<meta name=\"twitter:label1\" content=\"Tiempo de lectura\" \/>\n\t<meta name=\"twitter:data1\" content=\"2 minutos\" \/>\n<script type=\"application\/ld+json\" class=\"yoast-schema-graph\">{\"@context\":\"https:\/\/schema.org\",\"@graph\":[{\"@type\":\"WebPage\",\"@id\":\"https:\/\/aivlisoft.net\/shop\/producto\/krom-alfombrilla-gaming-knout-rgb\/\",\"url\":\"https:\/\/aivlisoft.net\/shop\/producto\/krom-alfombrilla-gaming-knout-rgb\/\",\"name\":\"Krom Alfombrilla Gaming KNOUT RGB - Aivlisoft Inform\u00e1tica\",\"isPartOf\":{\"@id\":\"https:\/\/aivlisoft.net\/shop\/#website\"},\"primaryImageOfPage\":{\"@id\":\"https:\/\/aivlisoft.net\/shop\/producto\/krom-alfombrilla-gaming-knout-rgb\/#primaryimage\"},\"image\":{\"@id\":\"https:\/\/aivlisoft.net\/shop\/producto\/krom-alfombrilla-gaming-knout-rgb\/#primaryimage\"},\"thumbnailUrl\":\"https:\/\/aivlisoft.net\/shop\/wp-content\/uploads\/2025\/01\/APTAPC0723_800-1.jpg\",\"datePublished\":\"2025-01-13T13:31:49+00:00\",\"dateModified\":\"2025-01-14T10:25:08+00:00\",\"breadcrumb\":{\"@id\":\"https:\/\/aivlisoft.net\/shop\/producto\/krom-alfombrilla-gaming-knout-rgb\/#breadcrumb\"},\"inLanguage\":\"es\",\"potentialAction\":[{\"@type\":\"ReadAction\",\"target\":[\"https:\/\/aivlisoft.net\/shop\/producto\/krom-alfombrilla-gaming-knout-rgb\/\"]}]},{\"@type\":\"ImageObject\",\"inLanguage\":\"es\",\"@id\":\"https:\/\/aivlisoft.net\/shop\/producto\/krom-alfombrilla-gaming-knout-rgb\/#primaryimage\",\"url\":\"https:\/\/aivlisoft.net\/shop\/wp-content\/uploads\/2025\/01\/APTAPC0723_800-1.jpg\",\"contentUrl\":\"https:\/\/aivlisoft.net\/shop\/wp-content\/uploads\/2025\/01\/APTAPC0723_800-1.jpg\",\"width\":800,\"height\":800},{\"@type\":\"BreadcrumbList\",\"@id\":\"https:\/\/aivlisoft.net\/shop\/producto\/krom-alfombrilla-gaming-knout-rgb\/#breadcrumb\",\"itemListElement\":[{\"@type\":\"ListItem\",\"position\":1,\"name\":\"Portada\",\"item\":\"https:\/\/aivlisoft.net\/shop\/\"},{\"@type\":\"ListItem\",\"position\":2,\"name\":\"Tienda\",\"item\":\"https:\/\/aivlisoft.net\/shop\/tienda\/\"},{\"@type\":\"ListItem\",\"position\":3,\"name\":\"Krom Alfombrilla Gaming KNOUT RGB\"}]},{\"@type\":\"WebSite\",\"@id\":\"https:\/\/aivlisoft.net\/shop\/#website\",\"url\":\"https:\/\/aivlisoft.net\/shop\/\",\"name\":\"Aivlisoft Inform\u00e1tica\",\"description\":\"En Aivlisoft Inform\u00e1tica ofrecemos soluciones tecnol\u00f3gicas para empresas: venta de ordenadores, consumibles, perif\u00e9ricos y m\u00e1s. Calidad, atenci\u00f3n personalizada y los mejores precios para tu negocio.\",\"publisher\":{\"@id\":\"https:\/\/aivlisoft.net\/shop\/#organization\"},\"potentialAction\":[{\"@type\":\"SearchAction\",\"target\":{\"@type\":\"EntryPoint\",\"urlTemplate\":\"https:\/\/aivlisoft.net\/shop\/?s={search_term_string}\"},\"query-input\":{\"@type\":\"PropertyValueSpecification\",\"valueRequired\":true,\"valueName\":\"search_term_string\"}}],\"inLanguage\":\"es\"},{\"@type\":\"Organization\",\"@id\":\"https:\/\/aivlisoft.net\/shop\/#organization\",\"name\":\"Aivlisoft Inform\u00e1tica\",\"url\":\"https:\/\/aivlisoft.net\/shop\/\",\"logo\":{\"@type\":\"ImageObject\",\"inLanguage\":\"es\",\"@id\":\"https:\/\/aivlisoft.net\/shop\/#\/schema\/logo\/image\/\",\"url\":\"https:\/\/aivlisoft.net\/shop\/wp-content\/uploads\/2024\/12\/removal.ai_5b848c54-0cdf-4140-95c5-c5536bb7573b-logodef.png\",\"contentUrl\":\"https:\/\/aivlisoft.net\/shop\/wp-content\/uploads\/2024\/12\/removal.ai_5b848c54-0cdf-4140-95c5-c5536bb7573b-logodef.png\",\"width\":484,\"height\":182,\"caption\":\"Aivlisoft Inform\u00e1tica\"},\"image\":{\"@id\":\"https:\/\/aivlisoft.net\/shop\/#\/schema\/logo\/image\/\"}}]}<\/script>\n<!-- \/ Yoast SEO plugin. -->","yoast_head_json":{"title":"Krom Alfombrilla Gaming KNOUT RGB - Aivlisoft Inform\u00e1tica","robots":{"index":"index","follow":"follow","max-snippet":"max-snippet:-1","max-image-preview":"max-image-preview:large","max-video-preview":"max-video-preview:-1"},"canonical":"https:\/\/aivlisoft.net\/shop\/producto\/krom-alfombrilla-gaming-knout-rgb\/","og_locale":"es_ES","og_type":"article","og_title":"Krom Alfombrilla Gaming KNOUT RGB - Aivlisoft Inform\u00e1tica","og_description":"Knout RGBLa gran aliada de tu set up ha sido concebida por Krom con un doble objetivo: dotar a tus movimientos de precisi&oacute;n, seguridad y velocidad y al mismo tiempo ofrecerte una incre&iacute;ble atm&oacute;sfera de juego gracias a sus efectos de iluminaci&oacute;n y colores vivos. Optimizada para todos los sensoresLa superficie de la alfombrilla Knout&hellip;&nbsp;Krom Alfombrilla Gaming KNOUT RGB","og_url":"https:\/\/aivlisoft.net\/shop\/producto\/krom-alfombrilla-gaming-knout-rgb\/","og_site_name":"Aivlisoft Inform\u00e1tica","article_modified_time":"2025-01-14T10:25:08+00:00","og_image":[{"width":800,"height":800,"url":"https:\/\/aivlisoft.net\/shop\/wp-content\/uploads\/2025\/01\/APTAPC0723_800-1.jpg","type":"image\/jpeg"}],"twitter_card":"summary_large_image","twitter_misc":{"Tiempo de lectura":"2 minutos"},"schema":{"@context":"https:\/\/schema.org","@graph":[{"@type":"WebPage","@id":"https:\/\/aivlisoft.net\/shop\/producto\/krom-alfombrilla-gaming-knout-rgb\/","url":"https:\/\/aivlisoft.net\/shop\/producto\/krom-alfombrilla-gaming-knout-rgb\/","name":"Krom Alfombrilla Gaming KNOUT RGB - Aivlisoft Inform\u00e1tica","isPartOf":{"@id":"https:\/\/aivlisoft.net\/shop\/#website"},"primaryImageOfPage":{"@id":"https:\/\/aivlisoft.net\/shop\/producto\/krom-alfombrilla-gaming-knout-rgb\/#primaryimage"},"image":{"@id":"https:\/\/aivlisoft.net\/shop\/producto\/krom-alfombrilla-gaming-knout-rgb\/#primaryimage"},"thumbnailUrl":"https:\/\/aivlisoft.net\/shop\/wp-content\/uploads\/2025\/01\/APTAPC0723_800-1.jpg","datePublished":"2025-01-13T13:31:49+00:00","dateModified":"2025-01-14T10:25:08+00:00","breadcrumb":{"@id":"https:\/\/aivlisoft.net\/shop\/producto\/krom-alfombrilla-gaming-knout-rgb\/#breadcrumb"},"inLanguage":"es","potentialAction":[{"@type":"ReadAction","target":["https:\/\/aivlisoft.net\/shop\/producto\/krom-alfombrilla-gaming-knout-rgb\/"]}]},{"@type":"ImageObject","inLanguage":"es","@id":"https:\/\/aivlisoft.net\/shop\/producto\/krom-alfombrilla-gaming-knout-rgb\/#primaryimage","url":"https:\/\/aivlisoft.net\/shop\/wp-content\/uploads\/2025\/01\/APTAPC0723_800-1.jpg","contentUrl":"https:\/\/aivlisoft.net\/shop\/wp-content\/uploads\/2025\/01\/APTAPC0723_800-1.jpg","width":800,"height":800},{"@type":"BreadcrumbList","@id":"https:\/\/aivlisoft.net\/shop\/producto\/krom-alfombrilla-gaming-knout-rgb\/#breadcrumb","itemListElement":[{"@type":"ListItem","position":1,"name":"Portada","item":"https:\/\/aivlisoft.net\/shop\/"},{"@type":"ListItem","position":2,"name":"Tienda","item":"https:\/\/aivlisoft.net\/shop\/tienda\/"},{"@type":"ListItem","position":3,"name":"Krom Alfombrilla Gaming KNOUT RGB"}]},{"@type":"WebSite","@id":"https:\/\/aivlisoft.net\/shop\/#website","url":"https:\/\/aivlisoft.net\/shop\/","name":"Aivlisoft Inform\u00e1tica","description":"En Aivlisoft Inform\u00e1tica ofrecemos soluciones tecnol\u00f3gicas para empresas: venta de ordenadores, consumibles, perif\u00e9ricos y m\u00e1s. Calidad, atenci\u00f3n personalizada y los mejores precios para tu negocio.","publisher":{"@id":"https:\/\/aivlisoft.net\/shop\/#organization"},"potentialAction":[{"@type":"SearchAction","target":{"@type":"EntryPoint","urlTemplate":"https:\/\/aivlisoft.net\/shop\/?s={search_term_string}"},"query-input":{"@type":"PropertyValueSpecification","valueRequired":true,"valueName":"search_term_string"}}],"inLanguage":"es"},{"@type":"Organization","@id":"https:\/\/aivlisoft.net\/shop\/#organization","name":"Aivlisoft Inform\u00e1tica","url":"https:\/\/aivlisoft.net\/shop\/","logo":{"@type":"ImageObject","inLanguage":"es","@id":"https:\/\/aivlisoft.net\/shop\/#\/schema\/logo\/image\/","url":"https:\/\/aivlisoft.net\/shop\/wp-content\/uploads\/2024\/12\/removal.ai_5b848c54-0cdf-4140-95c5-c5536bb7573b-logodef.png","contentUrl":"https:\/\/aivlisoft.net\/shop\/wp-content\/uploads\/2024\/12\/removal.ai_5b848c54-0cdf-4140-95c5-c5536bb7573b-logodef.png","width":484,"height":182,"caption":"Aivlisoft Inform\u00e1tica"},"image":{"@id":"https:\/\/aivlisoft.net\/shop\/#\/schema\/logo\/image\/"}}]}},"_links":{"self":[{"href":"https:\/\/aivlisoft.net\/shop\/wp-json\/wp\/v2\/product\/6343","targetHints":{"allow":["GET"]}}],"collection":[{"href":"https:\/\/aivlisoft.net\/shop\/wp-json\/wp\/v2\/product"}],"about":[{"href":"https:\/\/aivlisoft.net\/shop\/wp-json\/wp\/v2\/types\/product"}],"wp:featuredmedia":[{"embeddable":true,"href":"https:\/\/aivlisoft.net\/shop\/wp-json\/wp\/v2\/media\/6344"}],"wp:attachment":[{"href":"https:\/\/aivlisoft.net\/shop\/wp-json\/wp\/v2\/media?parent=6343"}],"wp:term":[{"taxonomy":"product_brand","embeddable":true,"href":"https:\/\/aivlisoft.net\/shop\/wp-json\/wp\/v2\/product_brand?post=6343"},{"taxonomy":"product_cat","embeddable":true,"href":"https:\/\/aivlisoft.net\/shop\/wp-json\/wp\/v2\/product_cat?post=6343"},{"taxonomy":"product_tag","embeddable":true,"href":"https:\/\/aivlisoft.net\/shop\/wp-json\/wp\/v2\/product_tag?post=6343"}],"curies":[{"name":"wp","href":"https:\/\/api.w.org\/{rel}","templated":true}]}}