{"id":6335,"date":"2025-01-13T13:31:47","date_gmt":"2025-01-13T13:31:47","guid":{"rendered":"https:\/\/aivlisoft.com\/?post_type=product&#038;p=6335"},"modified":"2025-01-14T10:25:04","modified_gmt":"2025-01-14T10:25:04","slug":"coolbox-adaptador-bahia-3-5-a-22-5-ssd-metal","status":"publish","type":"product","link":"https:\/\/aivlisoft.net\/shop\/producto\/coolbox-adaptador-bahia-3-5-a-22-5-ssd-metal\/","title":{"rendered":"CoolBox Adaptador BAHIA 3.5 A 2*2.5 (SSD) METAL"},"content":{"rendered":"<p>Este kit adaptador de montaje interno permite instalar dos unidades de disco duro de 2,5&#8243; en una bah&iacute;a de disco duro de&nbsp; 3,5&#8243; o lo que es lo mismo convierte una bah&iacute;a de disco duro de 3,5&#8243; en una de 2,5&#8243;. Funciona con discos HDD y SSD.<\/p>\n<table>\n<tbody>\n<tr>\n<td><strong>Marca<\/strong><\/td>\n<td>CoolBox<\/td>\n<\/tr>\n<tr>\n<td><strong>Modelo<\/strong><\/td>\n<td><strong>COO-AB3525X2<\/strong><\/td>\n<\/tr>\n<tr>\n<td><strong>Caracteristicas<\/strong><\/td>\n<td>&#8211; Maximiza el espacio interior de la caja del ordenador para un uso eficiente.<br \/>&#8211; Compatible con cualquier caja de ordenador con una&nbsp; bah&iacute;a de 3,5 est&aacute;ndar disponible.<br \/>&#8211; Compatible con discos duros HDD y SSD de 2,5&#8243;<br \/>&#8211; Incluye 12 tornillos para montar el disco duro y el soporte dentro de la caja del PC<br \/>&#8211; Estructura met&aacute;lica con recubrimiento negro mate.<br \/>&#8211; Dimensiones: 102 x 115 x 23 mm<\/td>\n<\/tr>\n<tr>\n<td><strong>Fecha de revisi&oacute;n<\/strong><\/td>\n<td>04-04-2019 por MSB<\/td>\n<\/tr>\n<\/tbody>\n<\/table>\n","protected":false},"excerpt":{"rendered":"<p>Este kit adaptador de montaje interno permite instalar dos unidades de disco duro de 2,5&#8243; en una bah&iacute;a de disco duro de&nbsp; 3,5&#8243; o lo que es lo mismo convierte una bah&iacute;a de disco duro de 3,5&#8243; en una de 2,5&#8243;. Funciona con discos HDD y SSD. Marca CoolBox Modelo COO-AB3525X2 Caracteristicas &#8211; Maximiza el&hellip;&nbsp;<a href=\"https:\/\/aivlisoft.net\/shop\/producto\/coolbox-adaptador-bahia-3-5-a-22-5-ssd-metal\/\" rel=\"bookmark\"><span class=\"screen-reader-text\">CoolBox Adaptador BAHIA 3.5 A 2*2.5 (SSD) METAL<\/span><\/a><\/p>\n","protected":false},"featured_media":6336,"template":"","meta":{"neve_meta_sidebar":"","neve_meta_container":"","neve_meta_enable_content_width":"","neve_meta_content_width":0,"neve_meta_title_alignment":"","neve_meta_author_avatar":"","neve_post_elements_order":"","neve_meta_disable_header":"","neve_meta_disable_footer":"","neve_meta_disable_title":""},"product_brand":[],"product_cat":[8706],"product_tag":[2042],"class_list":{"0":"post-6335","1":"product","2":"type-product","3":"status-publish","4":"has-post-thumbnail","6":"product_cat-cables-y-accesorios-pc","7":"product_tag-coo-ab3525x2","9":"first","10":"instock","11":"taxable","12":"shipping-taxable","13":"purchasable","14":"product-type-simple"},"yoast_head":"<!-- This site is optimized with the Yoast SEO plugin v26.0 - https:\/\/yoast.com\/wordpress\/plugins\/seo\/ -->\n<title>CoolBox Adaptador BAHIA 3.5 A 2*2.5 (SSD) METAL - Aivlisoft Inform\u00e1tica<\/title>\n<meta name=\"robots\" content=\"index, follow, max-snippet:-1, max-image-preview:large, max-video-preview:-1\" \/>\n<link rel=\"canonical\" href=\"https:\/\/aivlisoft.net\/shop\/producto\/coolbox-adaptador-bahia-3-5-a-22-5-ssd-metal\/\" \/>\n<meta property=\"og:locale\" content=\"es_ES\" \/>\n<meta property=\"og:type\" content=\"article\" \/>\n<meta property=\"og:title\" content=\"CoolBox Adaptador BAHIA 3.5 A 2*2.5 (SSD) METAL - Aivlisoft Inform\u00e1tica\" \/>\n<meta property=\"og:description\" content=\"Este kit adaptador de montaje interno permite instalar dos unidades de disco duro de 2,5&#8243; en una bah&iacute;a de disco duro de&nbsp; 3,5&#8243; o lo que es lo mismo convierte una bah&iacute;a de disco duro de 3,5&#8243; en una de 2,5&#8243;. Funciona con discos HDD y SSD. Marca CoolBox Modelo COO-AB3525X2 Caracteristicas &#8211; Maximiza el&hellip;&nbsp;CoolBox Adaptador BAHIA 3.5 A 2*2.5 (SSD) METAL\" \/>\n<meta property=\"og:url\" content=\"https:\/\/aivlisoft.net\/shop\/producto\/coolbox-adaptador-bahia-3-5-a-22-5-ssd-metal\/\" \/>\n<meta property=\"og:site_name\" content=\"Aivlisoft Inform\u00e1tica\" \/>\n<meta property=\"article:modified_time\" content=\"2025-01-14T10:25:04+00:00\" \/>\n<meta property=\"og:image\" content=\"https:\/\/aivlisoft.net\/shop\/wp-content\/uploads\/2025\/01\/APTAPC0678_800-1.jpg\" \/>\n\t<meta property=\"og:image:width\" content=\"800\" \/>\n\t<meta property=\"og:image:height\" content=\"800\" \/>\n\t<meta property=\"og:image:type\" content=\"image\/jpeg\" \/>\n<meta name=\"twitter:card\" content=\"summary_large_image\" \/>\n<meta name=\"twitter:label1\" content=\"Tiempo de lectura\" \/>\n\t<meta name=\"twitter:data1\" content=\"1 minuto\" \/>\n<script type=\"application\/ld+json\" class=\"yoast-schema-graph\">{\"@context\":\"https:\/\/schema.org\",\"@graph\":[{\"@type\":\"WebPage\",\"@id\":\"https:\/\/aivlisoft.net\/shop\/producto\/coolbox-adaptador-bahia-3-5-a-22-5-ssd-metal\/\",\"url\":\"https:\/\/aivlisoft.net\/shop\/producto\/coolbox-adaptador-bahia-3-5-a-22-5-ssd-metal\/\",\"name\":\"CoolBox Adaptador BAHIA 3.5 A 2*2.5 (SSD) METAL - Aivlisoft Inform\u00e1tica\",\"isPartOf\":{\"@id\":\"https:\/\/aivlisoft.net\/shop\/#website\"},\"primaryImageOfPage\":{\"@id\":\"https:\/\/aivlisoft.net\/shop\/producto\/coolbox-adaptador-bahia-3-5-a-22-5-ssd-metal\/#primaryimage\"},\"image\":{\"@id\":\"https:\/\/aivlisoft.net\/shop\/producto\/coolbox-adaptador-bahia-3-5-a-22-5-ssd-metal\/#primaryimage\"},\"thumbnailUrl\":\"https:\/\/aivlisoft.net\/shop\/wp-content\/uploads\/2025\/01\/APTAPC0678_800-1.jpg\",\"datePublished\":\"2025-01-13T13:31:47+00:00\",\"dateModified\":\"2025-01-14T10:25:04+00:00\",\"breadcrumb\":{\"@id\":\"https:\/\/aivlisoft.net\/shop\/producto\/coolbox-adaptador-bahia-3-5-a-22-5-ssd-metal\/#breadcrumb\"},\"inLanguage\":\"es\",\"potentialAction\":[{\"@type\":\"ReadAction\",\"target\":[\"https:\/\/aivlisoft.net\/shop\/producto\/coolbox-adaptador-bahia-3-5-a-22-5-ssd-metal\/\"]}]},{\"@type\":\"ImageObject\",\"inLanguage\":\"es\",\"@id\":\"https:\/\/aivlisoft.net\/shop\/producto\/coolbox-adaptador-bahia-3-5-a-22-5-ssd-metal\/#primaryimage\",\"url\":\"https:\/\/aivlisoft.net\/shop\/wp-content\/uploads\/2025\/01\/APTAPC0678_800-1.jpg\",\"contentUrl\":\"https:\/\/aivlisoft.net\/shop\/wp-content\/uploads\/2025\/01\/APTAPC0678_800-1.jpg\",\"width\":800,\"height\":800},{\"@type\":\"BreadcrumbList\",\"@id\":\"https:\/\/aivlisoft.net\/shop\/producto\/coolbox-adaptador-bahia-3-5-a-22-5-ssd-metal\/#breadcrumb\",\"itemListElement\":[{\"@type\":\"ListItem\",\"position\":1,\"name\":\"Portada\",\"item\":\"https:\/\/aivlisoft.net\/shop\/\"},{\"@type\":\"ListItem\",\"position\":2,\"name\":\"Tienda\",\"item\":\"https:\/\/aivlisoft.net\/shop\/tienda\/\"},{\"@type\":\"ListItem\",\"position\":3,\"name\":\"CoolBox Adaptador BAHIA 3.5 A 2*2.5 (SSD) METAL\"}]},{\"@type\":\"WebSite\",\"@id\":\"https:\/\/aivlisoft.net\/shop\/#website\",\"url\":\"https:\/\/aivlisoft.net\/shop\/\",\"name\":\"Aivlisoft Inform\u00e1tica\",\"description\":\"En Aivlisoft Inform\u00e1tica ofrecemos soluciones tecnol\u00f3gicas para empresas: venta de ordenadores, consumibles, perif\u00e9ricos y m\u00e1s. Calidad, atenci\u00f3n personalizada y los mejores precios para tu negocio.\",\"publisher\":{\"@id\":\"https:\/\/aivlisoft.net\/shop\/#organization\"},\"potentialAction\":[{\"@type\":\"SearchAction\",\"target\":{\"@type\":\"EntryPoint\",\"urlTemplate\":\"https:\/\/aivlisoft.net\/shop\/?s={search_term_string}\"},\"query-input\":{\"@type\":\"PropertyValueSpecification\",\"valueRequired\":true,\"valueName\":\"search_term_string\"}}],\"inLanguage\":\"es\"},{\"@type\":\"Organization\",\"@id\":\"https:\/\/aivlisoft.net\/shop\/#organization\",\"name\":\"Aivlisoft Inform\u00e1tica\",\"url\":\"https:\/\/aivlisoft.net\/shop\/\",\"logo\":{\"@type\":\"ImageObject\",\"inLanguage\":\"es\",\"@id\":\"https:\/\/aivlisoft.net\/shop\/#\/schema\/logo\/image\/\",\"url\":\"https:\/\/aivlisoft.net\/shop\/wp-content\/uploads\/2024\/12\/removal.ai_5b848c54-0cdf-4140-95c5-c5536bb7573b-logodef.png\",\"contentUrl\":\"https:\/\/aivlisoft.net\/shop\/wp-content\/uploads\/2024\/12\/removal.ai_5b848c54-0cdf-4140-95c5-c5536bb7573b-logodef.png\",\"width\":484,\"height\":182,\"caption\":\"Aivlisoft Inform\u00e1tica\"},\"image\":{\"@id\":\"https:\/\/aivlisoft.net\/shop\/#\/schema\/logo\/image\/\"}}]}<\/script>\n<!-- \/ Yoast SEO plugin. -->","yoast_head_json":{"title":"CoolBox Adaptador BAHIA 3.5 A 2*2.5 (SSD) METAL - Aivlisoft Inform\u00e1tica","robots":{"index":"index","follow":"follow","max-snippet":"max-snippet:-1","max-image-preview":"max-image-preview:large","max-video-preview":"max-video-preview:-1"},"canonical":"https:\/\/aivlisoft.net\/shop\/producto\/coolbox-adaptador-bahia-3-5-a-22-5-ssd-metal\/","og_locale":"es_ES","og_type":"article","og_title":"CoolBox Adaptador BAHIA 3.5 A 2*2.5 (SSD) METAL - Aivlisoft Inform\u00e1tica","og_description":"Este kit adaptador de montaje interno permite instalar dos unidades de disco duro de 2,5&#8243; en una bah&iacute;a de disco duro de&nbsp; 3,5&#8243; o lo que es lo mismo convierte una bah&iacute;a de disco duro de 3,5&#8243; en una de 2,5&#8243;. Funciona con discos HDD y SSD. Marca CoolBox Modelo COO-AB3525X2 Caracteristicas &#8211; Maximiza el&hellip;&nbsp;CoolBox Adaptador BAHIA 3.5 A 2*2.5 (SSD) METAL","og_url":"https:\/\/aivlisoft.net\/shop\/producto\/coolbox-adaptador-bahia-3-5-a-22-5-ssd-metal\/","og_site_name":"Aivlisoft Inform\u00e1tica","article_modified_time":"2025-01-14T10:25:04+00:00","og_image":[{"width":800,"height":800,"url":"https:\/\/aivlisoft.net\/shop\/wp-content\/uploads\/2025\/01\/APTAPC0678_800-1.jpg","type":"image\/jpeg"}],"twitter_card":"summary_large_image","twitter_misc":{"Tiempo de lectura":"1 minuto"},"schema":{"@context":"https:\/\/schema.org","@graph":[{"@type":"WebPage","@id":"https:\/\/aivlisoft.net\/shop\/producto\/coolbox-adaptador-bahia-3-5-a-22-5-ssd-metal\/","url":"https:\/\/aivlisoft.net\/shop\/producto\/coolbox-adaptador-bahia-3-5-a-22-5-ssd-metal\/","name":"CoolBox Adaptador BAHIA 3.5 A 2*2.5 (SSD) METAL - Aivlisoft Inform\u00e1tica","isPartOf":{"@id":"https:\/\/aivlisoft.net\/shop\/#website"},"primaryImageOfPage":{"@id":"https:\/\/aivlisoft.net\/shop\/producto\/coolbox-adaptador-bahia-3-5-a-22-5-ssd-metal\/#primaryimage"},"image":{"@id":"https:\/\/aivlisoft.net\/shop\/producto\/coolbox-adaptador-bahia-3-5-a-22-5-ssd-metal\/#primaryimage"},"thumbnailUrl":"https:\/\/aivlisoft.net\/shop\/wp-content\/uploads\/2025\/01\/APTAPC0678_800-1.jpg","datePublished":"2025-01-13T13:31:47+00:00","dateModified":"2025-01-14T10:25:04+00:00","breadcrumb":{"@id":"https:\/\/aivlisoft.net\/shop\/producto\/coolbox-adaptador-bahia-3-5-a-22-5-ssd-metal\/#breadcrumb"},"inLanguage":"es","potentialAction":[{"@type":"ReadAction","target":["https:\/\/aivlisoft.net\/shop\/producto\/coolbox-adaptador-bahia-3-5-a-22-5-ssd-metal\/"]}]},{"@type":"ImageObject","inLanguage":"es","@id":"https:\/\/aivlisoft.net\/shop\/producto\/coolbox-adaptador-bahia-3-5-a-22-5-ssd-metal\/#primaryimage","url":"https:\/\/aivlisoft.net\/shop\/wp-content\/uploads\/2025\/01\/APTAPC0678_800-1.jpg","contentUrl":"https:\/\/aivlisoft.net\/shop\/wp-content\/uploads\/2025\/01\/APTAPC0678_800-1.jpg","width":800,"height":800},{"@type":"BreadcrumbList","@id":"https:\/\/aivlisoft.net\/shop\/producto\/coolbox-adaptador-bahia-3-5-a-22-5-ssd-metal\/#breadcrumb","itemListElement":[{"@type":"ListItem","position":1,"name":"Portada","item":"https:\/\/aivlisoft.net\/shop\/"},{"@type":"ListItem","position":2,"name":"Tienda","item":"https:\/\/aivlisoft.net\/shop\/tienda\/"},{"@type":"ListItem","position":3,"name":"CoolBox Adaptador BAHIA 3.5 A 2*2.5 (SSD) METAL"}]},{"@type":"WebSite","@id":"https:\/\/aivlisoft.net\/shop\/#website","url":"https:\/\/aivlisoft.net\/shop\/","name":"Aivlisoft Inform\u00e1tica","description":"En Aivlisoft Inform\u00e1tica ofrecemos soluciones tecnol\u00f3gicas para empresas: venta de ordenadores, consumibles, perif\u00e9ricos y m\u00e1s. Calidad, atenci\u00f3n personalizada y los mejores precios para tu negocio.","publisher":{"@id":"https:\/\/aivlisoft.net\/shop\/#organization"},"potentialAction":[{"@type":"SearchAction","target":{"@type":"EntryPoint","urlTemplate":"https:\/\/aivlisoft.net\/shop\/?s={search_term_string}"},"query-input":{"@type":"PropertyValueSpecification","valueRequired":true,"valueName":"search_term_string"}}],"inLanguage":"es"},{"@type":"Organization","@id":"https:\/\/aivlisoft.net\/shop\/#organization","name":"Aivlisoft Inform\u00e1tica","url":"https:\/\/aivlisoft.net\/shop\/","logo":{"@type":"ImageObject","inLanguage":"es","@id":"https:\/\/aivlisoft.net\/shop\/#\/schema\/logo\/image\/","url":"https:\/\/aivlisoft.net\/shop\/wp-content\/uploads\/2024\/12\/removal.ai_5b848c54-0cdf-4140-95c5-c5536bb7573b-logodef.png","contentUrl":"https:\/\/aivlisoft.net\/shop\/wp-content\/uploads\/2024\/12\/removal.ai_5b848c54-0cdf-4140-95c5-c5536bb7573b-logodef.png","width":484,"height":182,"caption":"Aivlisoft Inform\u00e1tica"},"image":{"@id":"https:\/\/aivlisoft.net\/shop\/#\/schema\/logo\/image\/"}}]}},"_links":{"self":[{"href":"https:\/\/aivlisoft.net\/shop\/wp-json\/wp\/v2\/product\/6335","targetHints":{"allow":["GET"]}}],"collection":[{"href":"https:\/\/aivlisoft.net\/shop\/wp-json\/wp\/v2\/product"}],"about":[{"href":"https:\/\/aivlisoft.net\/shop\/wp-json\/wp\/v2\/types\/product"}],"wp:featuredmedia":[{"embeddable":true,"href":"https:\/\/aivlisoft.net\/shop\/wp-json\/wp\/v2\/media\/6336"}],"wp:attachment":[{"href":"https:\/\/aivlisoft.net\/shop\/wp-json\/wp\/v2\/media?parent=6335"}],"wp:term":[{"taxonomy":"product_brand","embeddable":true,"href":"https:\/\/aivlisoft.net\/shop\/wp-json\/wp\/v2\/product_brand?post=6335"},{"taxonomy":"product_cat","embeddable":true,"href":"https:\/\/aivlisoft.net\/shop\/wp-json\/wp\/v2\/product_cat?post=6335"},{"taxonomy":"product_tag","embeddable":true,"href":"https:\/\/aivlisoft.net\/shop\/wp-json\/wp\/v2\/product_tag?post=6335"}],"curies":[{"name":"wp","href":"https:\/\/api.w.org\/{rel}","templated":true}]}}