{"id":6315,"date":"2025-01-13T13:31:40","date_gmt":"2025-01-13T13:31:40","guid":{"rendered":"https:\/\/aivlisoft.com\/?post_type=product&#038;p=6315"},"modified":"2025-01-14T10:24:56","modified_gmt":"2025-01-14T10:24:56","slug":"gembird-cable-usb-2-0-a-m-a-h-18-mts-ngr-ferr","status":"publish","type":"product","link":"https:\/\/aivlisoft.net\/shop\/producto\/gembird-cable-usb-2-0-a-m-a-h-18-mts-ngr-ferr\/","title":{"rendered":"Gembird Cable USB 2.0  A\/M-A\/H 1,8 Mts Ngr Ferr"},"content":{"rendered":"<p><\/p>\n<table class=\"tabla_caracteristicas k-table\" width=\"100%\">\n<tbody>\n<tr>\n<td><strong>Marca<\/strong><\/td>\n<td>GEMBIRD<\/td>\n<\/tr>\n<tr>\n<td><strong>Modelo<\/strong><\/td>\n<td><strong>CCF-USB2-AMAF-6<\/strong><\/td>\n<\/tr>\n<tr>\n<td><strong>Caracteristicas<\/strong><\/td>\n<td>&#8211; Conexi&oacute;n fiable<br \/>&#8211; Ampl&iacute;a facilmente sus cables USB<br \/>&#8211; Cable de extensi&oacute;n USB 2.0 Tipo A Macho a Tipo A Hembra<br \/>&#8211; Contactos chapados en oro 30u\u00bb, para transferencia fiable de datos de alta velocidad<br \/>&#8211; Conectores moldeados con alivio de tension integrados<br \/>&#8211; Nucleo de filtro de ferrita<br \/>&#8211; Color negro<br \/>&#8211; Longitud: 1.8m<\/td>\n<\/tr>\n<tr>\n<td><strong>Fecha de revisi&oacute;n<\/strong><\/td>\n<td>22-02-2019 por MSB<\/td>\n<\/tr>\n<\/tbody>\n<\/table>\n","protected":false},"excerpt":{"rendered":"<p>Marca GEMBIRD Modelo CCF-USB2-AMAF-6 Caracteristicas &#8211; Conexi&oacute;n fiable&#8211; Ampl&iacute;a facilmente sus cables USB&#8211; Cable de extensi&oacute;n USB 2.0 Tipo A Macho a Tipo A Hembra&#8211; Contactos chapados en oro 30u\u00bb, para transferencia fiable de datos de alta velocidad&#8211; Conectores moldeados con alivio de tension integrados&#8211; Nucleo de filtro de ferrita&#8211; Color negro&#8211; Longitud: 1.8m Fecha&hellip;&nbsp;<a href=\"https:\/\/aivlisoft.net\/shop\/producto\/gembird-cable-usb-2-0-a-m-a-h-18-mts-ngr-ferr\/\" rel=\"bookmark\"><span class=\"screen-reader-text\">Gembird Cable USB 2.0  A\/M-A\/H 1,8 Mts Ngr Ferr<\/span><\/a><\/p>\n","protected":false},"featured_media":6316,"template":"","meta":{"neve_meta_sidebar":"","neve_meta_container":"","neve_meta_enable_content_width":"","neve_meta_content_width":0,"neve_meta_title_alignment":"","neve_meta_author_avatar":"","neve_post_elements_order":"","neve_meta_disable_header":"","neve_meta_disable_footer":"","neve_meta_disable_title":""},"product_brand":[],"product_cat":[8706],"product_tag":[2035],"class_list":{"0":"post-6315","1":"product","2":"type-product","3":"status-publish","4":"has-post-thumbnail","6":"product_cat-cables-y-accesorios-pc","7":"product_tag-ccf-usb2-amaf-6","9":"first","10":"instock","11":"taxable","12":"shipping-taxable","13":"purchasable","14":"product-type-simple"},"yoast_head":"<!-- This site is optimized with the Yoast SEO plugin v26.0 - https:\/\/yoast.com\/wordpress\/plugins\/seo\/ -->\n<title>Gembird Cable USB 2.0 A\/M-A\/H 1,8 Mts Ngr Ferr - Aivlisoft Inform\u00e1tica<\/title>\n<meta name=\"robots\" content=\"index, follow, max-snippet:-1, max-image-preview:large, max-video-preview:-1\" \/>\n<link rel=\"canonical\" href=\"https:\/\/aivlisoft.net\/shop\/producto\/gembird-cable-usb-2-0-a-m-a-h-18-mts-ngr-ferr\/\" \/>\n<meta property=\"og:locale\" content=\"es_ES\" \/>\n<meta property=\"og:type\" content=\"article\" \/>\n<meta property=\"og:title\" content=\"Gembird Cable USB 2.0 A\/M-A\/H 1,8 Mts Ngr Ferr - Aivlisoft Inform\u00e1tica\" \/>\n<meta property=\"og:description\" content=\"Marca GEMBIRD Modelo CCF-USB2-AMAF-6 Caracteristicas &#8211; Conexi&oacute;n fiable&#8211; Ampl&iacute;a facilmente sus cables USB&#8211; Cable de extensi&oacute;n USB 2.0 Tipo A Macho a Tipo A Hembra&#8211; Contactos chapados en oro 30u\u00bb, para transferencia fiable de datos de alta velocidad&#8211; Conectores moldeados con alivio de tension integrados&#8211; Nucleo de filtro de ferrita&#8211; Color negro&#8211; Longitud: 1.8m Fecha&hellip;&nbsp;Gembird Cable USB 2.0 A\/M-A\/H 1,8 Mts Ngr Ferr\" \/>\n<meta property=\"og:url\" content=\"https:\/\/aivlisoft.net\/shop\/producto\/gembird-cable-usb-2-0-a-m-a-h-18-mts-ngr-ferr\/\" \/>\n<meta property=\"og:site_name\" content=\"Aivlisoft Inform\u00e1tica\" \/>\n<meta property=\"article:modified_time\" content=\"2025-01-14T10:24:56+00:00\" \/>\n<meta property=\"og:image\" content=\"https:\/\/aivlisoft.net\/shop\/wp-content\/uploads\/2025\/01\/APTAPC0641_800-1.jpg\" \/>\n\t<meta property=\"og:image:width\" content=\"800\" \/>\n\t<meta property=\"og:image:height\" content=\"800\" \/>\n\t<meta property=\"og:image:type\" content=\"image\/jpeg\" \/>\n<meta name=\"twitter:card\" content=\"summary_large_image\" \/>\n<script type=\"application\/ld+json\" class=\"yoast-schema-graph\">{\"@context\":\"https:\/\/schema.org\",\"@graph\":[{\"@type\":\"WebPage\",\"@id\":\"https:\/\/aivlisoft.net\/shop\/producto\/gembird-cable-usb-2-0-a-m-a-h-18-mts-ngr-ferr\/\",\"url\":\"https:\/\/aivlisoft.net\/shop\/producto\/gembird-cable-usb-2-0-a-m-a-h-18-mts-ngr-ferr\/\",\"name\":\"Gembird Cable USB 2.0 A\/M-A\/H 1,8 Mts Ngr Ferr - Aivlisoft Inform\u00e1tica\",\"isPartOf\":{\"@id\":\"https:\/\/aivlisoft.net\/shop\/#website\"},\"primaryImageOfPage\":{\"@id\":\"https:\/\/aivlisoft.net\/shop\/producto\/gembird-cable-usb-2-0-a-m-a-h-18-mts-ngr-ferr\/#primaryimage\"},\"image\":{\"@id\":\"https:\/\/aivlisoft.net\/shop\/producto\/gembird-cable-usb-2-0-a-m-a-h-18-mts-ngr-ferr\/#primaryimage\"},\"thumbnailUrl\":\"https:\/\/aivlisoft.net\/shop\/wp-content\/uploads\/2025\/01\/APTAPC0641_800-1.jpg\",\"datePublished\":\"2025-01-13T13:31:40+00:00\",\"dateModified\":\"2025-01-14T10:24:56+00:00\",\"breadcrumb\":{\"@id\":\"https:\/\/aivlisoft.net\/shop\/producto\/gembird-cable-usb-2-0-a-m-a-h-18-mts-ngr-ferr\/#breadcrumb\"},\"inLanguage\":\"es\",\"potentialAction\":[{\"@type\":\"ReadAction\",\"target\":[\"https:\/\/aivlisoft.net\/shop\/producto\/gembird-cable-usb-2-0-a-m-a-h-18-mts-ngr-ferr\/\"]}]},{\"@type\":\"ImageObject\",\"inLanguage\":\"es\",\"@id\":\"https:\/\/aivlisoft.net\/shop\/producto\/gembird-cable-usb-2-0-a-m-a-h-18-mts-ngr-ferr\/#primaryimage\",\"url\":\"https:\/\/aivlisoft.net\/shop\/wp-content\/uploads\/2025\/01\/APTAPC0641_800-1.jpg\",\"contentUrl\":\"https:\/\/aivlisoft.net\/shop\/wp-content\/uploads\/2025\/01\/APTAPC0641_800-1.jpg\",\"width\":800,\"height\":800},{\"@type\":\"BreadcrumbList\",\"@id\":\"https:\/\/aivlisoft.net\/shop\/producto\/gembird-cable-usb-2-0-a-m-a-h-18-mts-ngr-ferr\/#breadcrumb\",\"itemListElement\":[{\"@type\":\"ListItem\",\"position\":1,\"name\":\"Portada\",\"item\":\"https:\/\/aivlisoft.net\/shop\/\"},{\"@type\":\"ListItem\",\"position\":2,\"name\":\"Tienda\",\"item\":\"https:\/\/aivlisoft.net\/shop\/tienda\/\"},{\"@type\":\"ListItem\",\"position\":3,\"name\":\"Gembird Cable USB 2.0 A\/M-A\/H 1,8 Mts Ngr Ferr\"}]},{\"@type\":\"WebSite\",\"@id\":\"https:\/\/aivlisoft.net\/shop\/#website\",\"url\":\"https:\/\/aivlisoft.net\/shop\/\",\"name\":\"Aivlisoft Inform\u00e1tica\",\"description\":\"En Aivlisoft Inform\u00e1tica ofrecemos soluciones tecnol\u00f3gicas para empresas: venta de ordenadores, consumibles, perif\u00e9ricos y m\u00e1s. Calidad, atenci\u00f3n personalizada y los mejores precios para tu negocio.\",\"publisher\":{\"@id\":\"https:\/\/aivlisoft.net\/shop\/#organization\"},\"potentialAction\":[{\"@type\":\"SearchAction\",\"target\":{\"@type\":\"EntryPoint\",\"urlTemplate\":\"https:\/\/aivlisoft.net\/shop\/?s={search_term_string}\"},\"query-input\":{\"@type\":\"PropertyValueSpecification\",\"valueRequired\":true,\"valueName\":\"search_term_string\"}}],\"inLanguage\":\"es\"},{\"@type\":\"Organization\",\"@id\":\"https:\/\/aivlisoft.net\/shop\/#organization\",\"name\":\"Aivlisoft Inform\u00e1tica\",\"url\":\"https:\/\/aivlisoft.net\/shop\/\",\"logo\":{\"@type\":\"ImageObject\",\"inLanguage\":\"es\",\"@id\":\"https:\/\/aivlisoft.net\/shop\/#\/schema\/logo\/image\/\",\"url\":\"https:\/\/aivlisoft.net\/shop\/wp-content\/uploads\/2024\/12\/removal.ai_5b848c54-0cdf-4140-95c5-c5536bb7573b-logodef.png\",\"contentUrl\":\"https:\/\/aivlisoft.net\/shop\/wp-content\/uploads\/2024\/12\/removal.ai_5b848c54-0cdf-4140-95c5-c5536bb7573b-logodef.png\",\"width\":484,\"height\":182,\"caption\":\"Aivlisoft Inform\u00e1tica\"},\"image\":{\"@id\":\"https:\/\/aivlisoft.net\/shop\/#\/schema\/logo\/image\/\"}}]}<\/script>\n<!-- \/ Yoast SEO plugin. -->","yoast_head_json":{"title":"Gembird Cable USB 2.0 A\/M-A\/H 1,8 Mts Ngr Ferr - Aivlisoft Inform\u00e1tica","robots":{"index":"index","follow":"follow","max-snippet":"max-snippet:-1","max-image-preview":"max-image-preview:large","max-video-preview":"max-video-preview:-1"},"canonical":"https:\/\/aivlisoft.net\/shop\/producto\/gembird-cable-usb-2-0-a-m-a-h-18-mts-ngr-ferr\/","og_locale":"es_ES","og_type":"article","og_title":"Gembird Cable USB 2.0 A\/M-A\/H 1,8 Mts Ngr Ferr - Aivlisoft Inform\u00e1tica","og_description":"Marca GEMBIRD Modelo CCF-USB2-AMAF-6 Caracteristicas &#8211; Conexi&oacute;n fiable&#8211; Ampl&iacute;a facilmente sus cables USB&#8211; Cable de extensi&oacute;n USB 2.0 Tipo A Macho a Tipo A Hembra&#8211; Contactos chapados en oro 30u\u00bb, para transferencia fiable de datos de alta velocidad&#8211; Conectores moldeados con alivio de tension integrados&#8211; Nucleo de filtro de ferrita&#8211; Color negro&#8211; Longitud: 1.8m Fecha&hellip;&nbsp;Gembird Cable USB 2.0 A\/M-A\/H 1,8 Mts Ngr Ferr","og_url":"https:\/\/aivlisoft.net\/shop\/producto\/gembird-cable-usb-2-0-a-m-a-h-18-mts-ngr-ferr\/","og_site_name":"Aivlisoft Inform\u00e1tica","article_modified_time":"2025-01-14T10:24:56+00:00","og_image":[{"width":800,"height":800,"url":"https:\/\/aivlisoft.net\/shop\/wp-content\/uploads\/2025\/01\/APTAPC0641_800-1.jpg","type":"image\/jpeg"}],"twitter_card":"summary_large_image","schema":{"@context":"https:\/\/schema.org","@graph":[{"@type":"WebPage","@id":"https:\/\/aivlisoft.net\/shop\/producto\/gembird-cable-usb-2-0-a-m-a-h-18-mts-ngr-ferr\/","url":"https:\/\/aivlisoft.net\/shop\/producto\/gembird-cable-usb-2-0-a-m-a-h-18-mts-ngr-ferr\/","name":"Gembird Cable USB 2.0 A\/M-A\/H 1,8 Mts Ngr Ferr - Aivlisoft Inform\u00e1tica","isPartOf":{"@id":"https:\/\/aivlisoft.net\/shop\/#website"},"primaryImageOfPage":{"@id":"https:\/\/aivlisoft.net\/shop\/producto\/gembird-cable-usb-2-0-a-m-a-h-18-mts-ngr-ferr\/#primaryimage"},"image":{"@id":"https:\/\/aivlisoft.net\/shop\/producto\/gembird-cable-usb-2-0-a-m-a-h-18-mts-ngr-ferr\/#primaryimage"},"thumbnailUrl":"https:\/\/aivlisoft.net\/shop\/wp-content\/uploads\/2025\/01\/APTAPC0641_800-1.jpg","datePublished":"2025-01-13T13:31:40+00:00","dateModified":"2025-01-14T10:24:56+00:00","breadcrumb":{"@id":"https:\/\/aivlisoft.net\/shop\/producto\/gembird-cable-usb-2-0-a-m-a-h-18-mts-ngr-ferr\/#breadcrumb"},"inLanguage":"es","potentialAction":[{"@type":"ReadAction","target":["https:\/\/aivlisoft.net\/shop\/producto\/gembird-cable-usb-2-0-a-m-a-h-18-mts-ngr-ferr\/"]}]},{"@type":"ImageObject","inLanguage":"es","@id":"https:\/\/aivlisoft.net\/shop\/producto\/gembird-cable-usb-2-0-a-m-a-h-18-mts-ngr-ferr\/#primaryimage","url":"https:\/\/aivlisoft.net\/shop\/wp-content\/uploads\/2025\/01\/APTAPC0641_800-1.jpg","contentUrl":"https:\/\/aivlisoft.net\/shop\/wp-content\/uploads\/2025\/01\/APTAPC0641_800-1.jpg","width":800,"height":800},{"@type":"BreadcrumbList","@id":"https:\/\/aivlisoft.net\/shop\/producto\/gembird-cable-usb-2-0-a-m-a-h-18-mts-ngr-ferr\/#breadcrumb","itemListElement":[{"@type":"ListItem","position":1,"name":"Portada","item":"https:\/\/aivlisoft.net\/shop\/"},{"@type":"ListItem","position":2,"name":"Tienda","item":"https:\/\/aivlisoft.net\/shop\/tienda\/"},{"@type":"ListItem","position":3,"name":"Gembird Cable USB 2.0 A\/M-A\/H 1,8 Mts Ngr Ferr"}]},{"@type":"WebSite","@id":"https:\/\/aivlisoft.net\/shop\/#website","url":"https:\/\/aivlisoft.net\/shop\/","name":"Aivlisoft Inform\u00e1tica","description":"En Aivlisoft Inform\u00e1tica ofrecemos soluciones tecnol\u00f3gicas para empresas: venta de ordenadores, consumibles, perif\u00e9ricos y m\u00e1s. Calidad, atenci\u00f3n personalizada y los mejores precios para tu negocio.","publisher":{"@id":"https:\/\/aivlisoft.net\/shop\/#organization"},"potentialAction":[{"@type":"SearchAction","target":{"@type":"EntryPoint","urlTemplate":"https:\/\/aivlisoft.net\/shop\/?s={search_term_string}"},"query-input":{"@type":"PropertyValueSpecification","valueRequired":true,"valueName":"search_term_string"}}],"inLanguage":"es"},{"@type":"Organization","@id":"https:\/\/aivlisoft.net\/shop\/#organization","name":"Aivlisoft Inform\u00e1tica","url":"https:\/\/aivlisoft.net\/shop\/","logo":{"@type":"ImageObject","inLanguage":"es","@id":"https:\/\/aivlisoft.net\/shop\/#\/schema\/logo\/image\/","url":"https:\/\/aivlisoft.net\/shop\/wp-content\/uploads\/2024\/12\/removal.ai_5b848c54-0cdf-4140-95c5-c5536bb7573b-logodef.png","contentUrl":"https:\/\/aivlisoft.net\/shop\/wp-content\/uploads\/2024\/12\/removal.ai_5b848c54-0cdf-4140-95c5-c5536bb7573b-logodef.png","width":484,"height":182,"caption":"Aivlisoft Inform\u00e1tica"},"image":{"@id":"https:\/\/aivlisoft.net\/shop\/#\/schema\/logo\/image\/"}}]}},"_links":{"self":[{"href":"https:\/\/aivlisoft.net\/shop\/wp-json\/wp\/v2\/product\/6315","targetHints":{"allow":["GET"]}}],"collection":[{"href":"https:\/\/aivlisoft.net\/shop\/wp-json\/wp\/v2\/product"}],"about":[{"href":"https:\/\/aivlisoft.net\/shop\/wp-json\/wp\/v2\/types\/product"}],"wp:featuredmedia":[{"embeddable":true,"href":"https:\/\/aivlisoft.net\/shop\/wp-json\/wp\/v2\/media\/6316"}],"wp:attachment":[{"href":"https:\/\/aivlisoft.net\/shop\/wp-json\/wp\/v2\/media?parent=6315"}],"wp:term":[{"taxonomy":"product_brand","embeddable":true,"href":"https:\/\/aivlisoft.net\/shop\/wp-json\/wp\/v2\/product_brand?post=6315"},{"taxonomy":"product_cat","embeddable":true,"href":"https:\/\/aivlisoft.net\/shop\/wp-json\/wp\/v2\/product_cat?post=6315"},{"taxonomy":"product_tag","embeddable":true,"href":"https:\/\/aivlisoft.net\/shop\/wp-json\/wp\/v2\/product_tag?post=6315"}],"curies":[{"name":"wp","href":"https:\/\/api.w.org\/{rel}","templated":true}]}}