{"id":6274,"date":"2025-01-13T13:31:23","date_gmt":"2025-01-13T13:31:23","guid":{"rendered":"https:\/\/aivlisoft.com\/?post_type=product&#038;p=6274"},"modified":"2025-01-14T10:24:44","modified_gmt":"2025-01-14T10:24:44","slug":"krom-alfombrilla-gaming-knout-xl-extended","status":"publish","type":"product","link":"https:\/\/aivlisoft.net\/shop\/producto\/krom-alfombrilla-gaming-knout-xl-extended\/","title":{"rendered":"Krom Alfombrilla Gaming Knout XL Extended"},"content":{"rendered":"<p><\/p>\n<div><strong>Knout XL<\/strong><\/div>\n<p>Krom ampl&iacute;a su serie de alfombrillas Knout, en esta ocasi&oacute;n incorporamos la Knout XL. Con su tama&ntilde;o extra grande podr&eacute;is convertir gran parte de vuestro escritorio en alfombrilla.<\/p>\n<div><strong>Calidad de materiales<\/strong><\/div>\n<p>La superficie de <strong>Knout XL<\/strong> es de tela, esto ayudar&aacute; a que tu rat&oacute;n se deslice por ella sin problemas <strong>proporcion&aacute;ndote unos movimientos suaves y precisos<\/strong>.<\/p>\n<p>Su <strong>base de goma<\/strong> te asegura un agarre extremo a tu mesa.&nbsp;<\/p>\n<p>&nbsp;<\/p>\n<table class=\"tabla_caracteristicas\" width=\"100%\">\n<tr>\n<td valign=\"top\"><strong>Marca<\/strong><\/td>\n<td>Krom<\/td>\n<\/tr>\n<tr>\n<td valign=\"top\"><strong>Modelo<\/strong><\/td>\n<td valign=\"top\"><strong>NXKROMKNTXL<\/strong><\/td>\n<\/tr>\n<tr>\n<td valign=\"top\"><strong>Uso<\/strong><\/td>\n<td>&#8211; Alfombrilla Gaming<\/td>\n<\/tr>\n<tr>\n<td valign=\"top\"><strong>Caracter&iacute;sticas<\/strong><\/td>\n<td>\n<div><strong>Prestaciones<\/strong><br \/>\t\t\t&#8211; Superficie de microfibra con una fricci&oacute;n m&iacute;nima apta para ratones l&aacute;ser y &oacute;pticos<br \/>\t\t\t&#8211; Acabado con costura doble para aumentar la durabilidad<br \/>\t\t\t<strong>Material<\/strong><br \/>\t\t\t&#8211; Base de caucho antideslizante para una mayor estabilidad<br \/>\t\t\t&#8211; Superficie de textura lisa y suave<br \/>\t\t\t<strong>Color<\/strong><br \/>\t\t\t&#8211; Negro<br \/>\t\t\t<strong>Dimensiones<\/strong><br \/>\t\t\t&#8211; 900x 350 x 3 mm<\/div>\n<\/td>\n<\/tr>\n<tr>\n<td valign=\"top\"><strong>Fecha de revisi&oacute;n<\/strong><\/td>\n<td>11-08-2022 por MPM<\/td>\n<\/tr>\n<\/table>\n","protected":false},"excerpt":{"rendered":"<p>Knout XL Krom ampl&iacute;a su serie de alfombrillas Knout, en esta ocasi&oacute;n incorporamos la Knout XL. Con su tama&ntilde;o extra grande podr&eacute;is convertir gran parte de vuestro escritorio en alfombrilla. Calidad de materiales La superficie de Knout XL es de tela, esto ayudar&aacute; a que tu rat&oacute;n se deslice por ella sin problemas proporcion&aacute;ndote unos&hellip;&nbsp;<a href=\"https:\/\/aivlisoft.net\/shop\/producto\/krom-alfombrilla-gaming-knout-xl-extended\/\" rel=\"bookmark\"><span class=\"screen-reader-text\">Krom Alfombrilla Gaming Knout XL Extended<\/span><\/a><\/p>\n","protected":false},"featured_media":6275,"template":"","meta":{"neve_meta_sidebar":"","neve_meta_container":"","neve_meta_enable_content_width":"","neve_meta_content_width":0,"neve_meta_title_alignment":"","neve_meta_author_avatar":"","neve_post_elements_order":"","neve_meta_disable_header":"","neve_meta_disable_footer":"","neve_meta_disable_title":""},"product_brand":[],"product_cat":[8706],"product_tag":[2021],"class_list":{"0":"post-6274","1":"product","2":"type-product","3":"status-publish","4":"has-post-thumbnail","6":"product_cat-cables-y-accesorios-pc","7":"product_tag-nxkromkntxl","9":"first","10":"instock","11":"taxable","12":"shipping-taxable","13":"purchasable","14":"product-type-simple"},"yoast_head":"<!-- This site is optimized with the Yoast SEO plugin v26.0 - https:\/\/yoast.com\/wordpress\/plugins\/seo\/ -->\n<title>Krom Alfombrilla Gaming Knout XL Extended - Aivlisoft Inform\u00e1tica<\/title>\n<meta name=\"robots\" content=\"index, follow, max-snippet:-1, max-image-preview:large, max-video-preview:-1\" \/>\n<link rel=\"canonical\" href=\"https:\/\/aivlisoft.net\/shop\/producto\/krom-alfombrilla-gaming-knout-xl-extended\/\" \/>\n<meta property=\"og:locale\" content=\"es_ES\" \/>\n<meta property=\"og:type\" content=\"article\" \/>\n<meta property=\"og:title\" content=\"Krom Alfombrilla Gaming Knout XL Extended - Aivlisoft Inform\u00e1tica\" \/>\n<meta property=\"og:description\" content=\"Knout XL Krom ampl&iacute;a su serie de alfombrillas Knout, en esta ocasi&oacute;n incorporamos la Knout XL. Con su tama&ntilde;o extra grande podr&eacute;is convertir gran parte de vuestro escritorio en alfombrilla. Calidad de materiales La superficie de Knout XL es de tela, esto ayudar&aacute; a que tu rat&oacute;n se deslice por ella sin problemas proporcion&aacute;ndote unos&hellip;&nbsp;Krom Alfombrilla Gaming Knout XL Extended\" \/>\n<meta property=\"og:url\" content=\"https:\/\/aivlisoft.net\/shop\/producto\/krom-alfombrilla-gaming-knout-xl-extended\/\" \/>\n<meta property=\"og:site_name\" content=\"Aivlisoft Inform\u00e1tica\" \/>\n<meta property=\"article:modified_time\" content=\"2025-01-14T10:24:44+00:00\" \/>\n<meta property=\"og:image\" content=\"https:\/\/aivlisoft.net\/shop\/wp-content\/uploads\/2025\/01\/APTAPC0377_large-1.jpg\" \/>\n\t<meta property=\"og:image:width\" content=\"400\" \/>\n\t<meta property=\"og:image:height\" content=\"400\" \/>\n\t<meta property=\"og:image:type\" content=\"image\/jpeg\" \/>\n<meta name=\"twitter:card\" content=\"summary_large_image\" \/>\n<meta name=\"twitter:label1\" content=\"Tiempo de lectura\" \/>\n\t<meta name=\"twitter:data1\" content=\"1 minuto\" \/>\n<script type=\"application\/ld+json\" class=\"yoast-schema-graph\">{\"@context\":\"https:\/\/schema.org\",\"@graph\":[{\"@type\":\"WebPage\",\"@id\":\"https:\/\/aivlisoft.net\/shop\/producto\/krom-alfombrilla-gaming-knout-xl-extended\/\",\"url\":\"https:\/\/aivlisoft.net\/shop\/producto\/krom-alfombrilla-gaming-knout-xl-extended\/\",\"name\":\"Krom Alfombrilla Gaming Knout XL Extended - Aivlisoft Inform\u00e1tica\",\"isPartOf\":{\"@id\":\"https:\/\/aivlisoft.net\/shop\/#website\"},\"primaryImageOfPage\":{\"@id\":\"https:\/\/aivlisoft.net\/shop\/producto\/krom-alfombrilla-gaming-knout-xl-extended\/#primaryimage\"},\"image\":{\"@id\":\"https:\/\/aivlisoft.net\/shop\/producto\/krom-alfombrilla-gaming-knout-xl-extended\/#primaryimage\"},\"thumbnailUrl\":\"https:\/\/aivlisoft.net\/shop\/wp-content\/uploads\/2025\/01\/APTAPC0377_large-1.jpg\",\"datePublished\":\"2025-01-13T13:31:23+00:00\",\"dateModified\":\"2025-01-14T10:24:44+00:00\",\"breadcrumb\":{\"@id\":\"https:\/\/aivlisoft.net\/shop\/producto\/krom-alfombrilla-gaming-knout-xl-extended\/#breadcrumb\"},\"inLanguage\":\"es\",\"potentialAction\":[{\"@type\":\"ReadAction\",\"target\":[\"https:\/\/aivlisoft.net\/shop\/producto\/krom-alfombrilla-gaming-knout-xl-extended\/\"]}]},{\"@type\":\"ImageObject\",\"inLanguage\":\"es\",\"@id\":\"https:\/\/aivlisoft.net\/shop\/producto\/krom-alfombrilla-gaming-knout-xl-extended\/#primaryimage\",\"url\":\"https:\/\/aivlisoft.net\/shop\/wp-content\/uploads\/2025\/01\/APTAPC0377_large-1.jpg\",\"contentUrl\":\"https:\/\/aivlisoft.net\/shop\/wp-content\/uploads\/2025\/01\/APTAPC0377_large-1.jpg\",\"width\":400,\"height\":400},{\"@type\":\"BreadcrumbList\",\"@id\":\"https:\/\/aivlisoft.net\/shop\/producto\/krom-alfombrilla-gaming-knout-xl-extended\/#breadcrumb\",\"itemListElement\":[{\"@type\":\"ListItem\",\"position\":1,\"name\":\"Portada\",\"item\":\"https:\/\/aivlisoft.net\/shop\/\"},{\"@type\":\"ListItem\",\"position\":2,\"name\":\"Tienda\",\"item\":\"https:\/\/aivlisoft.net\/shop\/tienda\/\"},{\"@type\":\"ListItem\",\"position\":3,\"name\":\"Krom Alfombrilla Gaming Knout XL Extended\"}]},{\"@type\":\"WebSite\",\"@id\":\"https:\/\/aivlisoft.net\/shop\/#website\",\"url\":\"https:\/\/aivlisoft.net\/shop\/\",\"name\":\"Aivlisoft Inform\u00e1tica\",\"description\":\"En Aivlisoft Inform\u00e1tica ofrecemos soluciones tecnol\u00f3gicas para empresas: venta de ordenadores, consumibles, perif\u00e9ricos y m\u00e1s. Calidad, atenci\u00f3n personalizada y los mejores precios para tu negocio.\",\"publisher\":{\"@id\":\"https:\/\/aivlisoft.net\/shop\/#organization\"},\"potentialAction\":[{\"@type\":\"SearchAction\",\"target\":{\"@type\":\"EntryPoint\",\"urlTemplate\":\"https:\/\/aivlisoft.net\/shop\/?s={search_term_string}\"},\"query-input\":{\"@type\":\"PropertyValueSpecification\",\"valueRequired\":true,\"valueName\":\"search_term_string\"}}],\"inLanguage\":\"es\"},{\"@type\":\"Organization\",\"@id\":\"https:\/\/aivlisoft.net\/shop\/#organization\",\"name\":\"Aivlisoft Inform\u00e1tica\",\"url\":\"https:\/\/aivlisoft.net\/shop\/\",\"logo\":{\"@type\":\"ImageObject\",\"inLanguage\":\"es\",\"@id\":\"https:\/\/aivlisoft.net\/shop\/#\/schema\/logo\/image\/\",\"url\":\"https:\/\/aivlisoft.net\/shop\/wp-content\/uploads\/2024\/12\/removal.ai_5b848c54-0cdf-4140-95c5-c5536bb7573b-logodef.png\",\"contentUrl\":\"https:\/\/aivlisoft.net\/shop\/wp-content\/uploads\/2024\/12\/removal.ai_5b848c54-0cdf-4140-95c5-c5536bb7573b-logodef.png\",\"width\":484,\"height\":182,\"caption\":\"Aivlisoft Inform\u00e1tica\"},\"image\":{\"@id\":\"https:\/\/aivlisoft.net\/shop\/#\/schema\/logo\/image\/\"}}]}<\/script>\n<!-- \/ Yoast SEO plugin. -->","yoast_head_json":{"title":"Krom Alfombrilla Gaming Knout XL Extended - Aivlisoft Inform\u00e1tica","robots":{"index":"index","follow":"follow","max-snippet":"max-snippet:-1","max-image-preview":"max-image-preview:large","max-video-preview":"max-video-preview:-1"},"canonical":"https:\/\/aivlisoft.net\/shop\/producto\/krom-alfombrilla-gaming-knout-xl-extended\/","og_locale":"es_ES","og_type":"article","og_title":"Krom Alfombrilla Gaming Knout XL Extended - Aivlisoft Inform\u00e1tica","og_description":"Knout XL Krom ampl&iacute;a su serie de alfombrillas Knout, en esta ocasi&oacute;n incorporamos la Knout XL. Con su tama&ntilde;o extra grande podr&eacute;is convertir gran parte de vuestro escritorio en alfombrilla. Calidad de materiales La superficie de Knout XL es de tela, esto ayudar&aacute; a que tu rat&oacute;n se deslice por ella sin problemas proporcion&aacute;ndote unos&hellip;&nbsp;Krom Alfombrilla Gaming Knout XL Extended","og_url":"https:\/\/aivlisoft.net\/shop\/producto\/krom-alfombrilla-gaming-knout-xl-extended\/","og_site_name":"Aivlisoft Inform\u00e1tica","article_modified_time":"2025-01-14T10:24:44+00:00","og_image":[{"width":400,"height":400,"url":"https:\/\/aivlisoft.net\/shop\/wp-content\/uploads\/2025\/01\/APTAPC0377_large-1.jpg","type":"image\/jpeg"}],"twitter_card":"summary_large_image","twitter_misc":{"Tiempo de lectura":"1 minuto"},"schema":{"@context":"https:\/\/schema.org","@graph":[{"@type":"WebPage","@id":"https:\/\/aivlisoft.net\/shop\/producto\/krom-alfombrilla-gaming-knout-xl-extended\/","url":"https:\/\/aivlisoft.net\/shop\/producto\/krom-alfombrilla-gaming-knout-xl-extended\/","name":"Krom Alfombrilla Gaming Knout XL Extended - Aivlisoft Inform\u00e1tica","isPartOf":{"@id":"https:\/\/aivlisoft.net\/shop\/#website"},"primaryImageOfPage":{"@id":"https:\/\/aivlisoft.net\/shop\/producto\/krom-alfombrilla-gaming-knout-xl-extended\/#primaryimage"},"image":{"@id":"https:\/\/aivlisoft.net\/shop\/producto\/krom-alfombrilla-gaming-knout-xl-extended\/#primaryimage"},"thumbnailUrl":"https:\/\/aivlisoft.net\/shop\/wp-content\/uploads\/2025\/01\/APTAPC0377_large-1.jpg","datePublished":"2025-01-13T13:31:23+00:00","dateModified":"2025-01-14T10:24:44+00:00","breadcrumb":{"@id":"https:\/\/aivlisoft.net\/shop\/producto\/krom-alfombrilla-gaming-knout-xl-extended\/#breadcrumb"},"inLanguage":"es","potentialAction":[{"@type":"ReadAction","target":["https:\/\/aivlisoft.net\/shop\/producto\/krom-alfombrilla-gaming-knout-xl-extended\/"]}]},{"@type":"ImageObject","inLanguage":"es","@id":"https:\/\/aivlisoft.net\/shop\/producto\/krom-alfombrilla-gaming-knout-xl-extended\/#primaryimage","url":"https:\/\/aivlisoft.net\/shop\/wp-content\/uploads\/2025\/01\/APTAPC0377_large-1.jpg","contentUrl":"https:\/\/aivlisoft.net\/shop\/wp-content\/uploads\/2025\/01\/APTAPC0377_large-1.jpg","width":400,"height":400},{"@type":"BreadcrumbList","@id":"https:\/\/aivlisoft.net\/shop\/producto\/krom-alfombrilla-gaming-knout-xl-extended\/#breadcrumb","itemListElement":[{"@type":"ListItem","position":1,"name":"Portada","item":"https:\/\/aivlisoft.net\/shop\/"},{"@type":"ListItem","position":2,"name":"Tienda","item":"https:\/\/aivlisoft.net\/shop\/tienda\/"},{"@type":"ListItem","position":3,"name":"Krom Alfombrilla Gaming Knout XL Extended"}]},{"@type":"WebSite","@id":"https:\/\/aivlisoft.net\/shop\/#website","url":"https:\/\/aivlisoft.net\/shop\/","name":"Aivlisoft Inform\u00e1tica","description":"En Aivlisoft Inform\u00e1tica ofrecemos soluciones tecnol\u00f3gicas para empresas: venta de ordenadores, consumibles, perif\u00e9ricos y m\u00e1s. Calidad, atenci\u00f3n personalizada y los mejores precios para tu negocio.","publisher":{"@id":"https:\/\/aivlisoft.net\/shop\/#organization"},"potentialAction":[{"@type":"SearchAction","target":{"@type":"EntryPoint","urlTemplate":"https:\/\/aivlisoft.net\/shop\/?s={search_term_string}"},"query-input":{"@type":"PropertyValueSpecification","valueRequired":true,"valueName":"search_term_string"}}],"inLanguage":"es"},{"@type":"Organization","@id":"https:\/\/aivlisoft.net\/shop\/#organization","name":"Aivlisoft Inform\u00e1tica","url":"https:\/\/aivlisoft.net\/shop\/","logo":{"@type":"ImageObject","inLanguage":"es","@id":"https:\/\/aivlisoft.net\/shop\/#\/schema\/logo\/image\/","url":"https:\/\/aivlisoft.net\/shop\/wp-content\/uploads\/2024\/12\/removal.ai_5b848c54-0cdf-4140-95c5-c5536bb7573b-logodef.png","contentUrl":"https:\/\/aivlisoft.net\/shop\/wp-content\/uploads\/2024\/12\/removal.ai_5b848c54-0cdf-4140-95c5-c5536bb7573b-logodef.png","width":484,"height":182,"caption":"Aivlisoft Inform\u00e1tica"},"image":{"@id":"https:\/\/aivlisoft.net\/shop\/#\/schema\/logo\/image\/"}}]}},"_links":{"self":[{"href":"https:\/\/aivlisoft.net\/shop\/wp-json\/wp\/v2\/product\/6274","targetHints":{"allow":["GET"]}}],"collection":[{"href":"https:\/\/aivlisoft.net\/shop\/wp-json\/wp\/v2\/product"}],"about":[{"href":"https:\/\/aivlisoft.net\/shop\/wp-json\/wp\/v2\/types\/product"}],"wp:featuredmedia":[{"embeddable":true,"href":"https:\/\/aivlisoft.net\/shop\/wp-json\/wp\/v2\/media\/6275"}],"wp:attachment":[{"href":"https:\/\/aivlisoft.net\/shop\/wp-json\/wp\/v2\/media?parent=6274"}],"wp:term":[{"taxonomy":"product_brand","embeddable":true,"href":"https:\/\/aivlisoft.net\/shop\/wp-json\/wp\/v2\/product_brand?post=6274"},{"taxonomy":"product_cat","embeddable":true,"href":"https:\/\/aivlisoft.net\/shop\/wp-json\/wp\/v2\/product_cat?post=6274"},{"taxonomy":"product_tag","embeddable":true,"href":"https:\/\/aivlisoft.net\/shop\/wp-json\/wp\/v2\/product_tag?post=6274"}],"curies":[{"name":"wp","href":"https:\/\/api.w.org\/{rel}","templated":true}]}}