{"id":6268,"date":"2025-01-13T13:31:19","date_gmt":"2025-01-13T13:31:19","guid":{"rendered":"https:\/\/aivlisoft.com\/?post_type=product&#038;p=6268"},"modified":"2025-01-14T10:24:37","modified_gmt":"2025-01-14T10:24:37","slug":"delock-cable-usb-2-0-hembra-usb-3-0-macho","status":"publish","type":"product","link":"https:\/\/aivlisoft.net\/shop\/producto\/delock-cable-usb-2-0-hembra-usb-3-0-macho\/","title":{"rendered":"Delock Cable USB 2.0 Hembra\/ USB 3.0 Macho"},"content":{"rendered":"<div>Este cable de pines USB de Delock permite la conexi&oacute;n de diferentes dispositivos USB 3.0 a trav&eacute;s del conector macho USB 2.0 de la placa base.<\/div>\n<p><\/p>\n<table class=\"tabla_caracteristicas\" width=\"100%\">\n<tbody>\n<tr>\n<td valign=\"top\"><strong>Marca<\/strong><\/td>\n<td>Delock<\/td>\n<\/tr>\n<tr>\n<td valign=\"top\"><strong>Modelo<\/strong><\/td>\n<td valign=\"top\"><strong>83281<\/strong><\/td>\n<\/tr>\n<tr>\n<td valign=\"top\"><strong>Uso<\/strong><\/td>\n<td>Cable USB 2.0 hembra &gt; USB 3.0 macho<\/td>\n<\/tr>\n<tr>\n<td valign=\"top\"><strong>Otras caracter&iacute;sticas<\/strong><\/td>\n<td>\n<div>&#8211; Velocidad de transferencia de<\/div>\n<div>&nbsp; datos de hasta 480 Mb \/ s<br \/>\t\t\t&#8211; Fuente de alimentaci&oacute;n de hasta 500 mA<br \/>\t\t\t&#8211; Longitud ( sin conector) ca. 30 cm<br \/>\t\t\t&#8211; Color: negro<br \/>\t\t\tConectores:<br \/>\t\t\t&#8211; USB 2.0 pin cabezal de 9 pines hembra<br \/>\t\t\t&#8211; USB 3.0 de las clavijas de 19 pines macho<br \/>\t\t\tRequisitos del sistema<br \/>\t\t\t&#8211; Placa base con un puerto de pin libre USB 2.0,<\/div>\n<div>&nbsp; cabezal de 9 pines macho<\/div>\n<\/td>\n<\/tr>\n<tr>\n<td valign=\"top\"><strong>Fecha de revisi&oacute;n<\/strong><\/td>\n<td>\n<div>03-02-2015 por MSB<\/div>\n<\/td>\n<\/tr>\n<\/tbody>\n<\/table>\n","protected":false},"excerpt":{"rendered":"<p>Este cable de pines USB de Delock permite la conexi&oacute;n de diferentes dispositivos USB 3.0 a trav&eacute;s del conector macho USB 2.0 de la placa base. Marca Delock Modelo 83281 Uso Cable USB 2.0 hembra &gt; USB 3.0 macho Otras caracter&iacute;sticas &#8211; Velocidad de transferencia de &nbsp; datos de hasta 480 Mb \/ s &#8211;&hellip;&nbsp;<a href=\"https:\/\/aivlisoft.net\/shop\/producto\/delock-cable-usb-2-0-hembra-usb-3-0-macho\/\" rel=\"bookmark\"><span class=\"screen-reader-text\">Delock Cable USB 2.0 Hembra\/ USB 3.0 Macho<\/span><\/a><\/p>\n","protected":false},"featured_media":6269,"template":"","meta":{"neve_meta_sidebar":"","neve_meta_container":"","neve_meta_enable_content_width":"","neve_meta_content_width":0,"neve_meta_title_alignment":"","neve_meta_author_avatar":"","neve_post_elements_order":"","neve_meta_disable_header":"","neve_meta_disable_footer":"","neve_meta_disable_title":""},"product_brand":[],"product_cat":[8706],"product_tag":[2017],"class_list":{"0":"post-6268","1":"product","2":"type-product","3":"status-publish","4":"has-post-thumbnail","6":"product_cat-cables-y-accesorios-pc","7":"product_tag-2017","9":"first","10":"instock","11":"taxable","12":"shipping-taxable","13":"purchasable","14":"product-type-simple"},"yoast_head":"<!-- This site is optimized with the Yoast SEO plugin v26.0 - https:\/\/yoast.com\/wordpress\/plugins\/seo\/ -->\n<title>Delock Cable USB 2.0 Hembra\/ USB 3.0 Macho - Aivlisoft Inform\u00e1tica<\/title>\n<meta name=\"robots\" content=\"index, follow, max-snippet:-1, max-image-preview:large, max-video-preview:-1\" \/>\n<link rel=\"canonical\" href=\"https:\/\/aivlisoft.net\/shop\/producto\/delock-cable-usb-2-0-hembra-usb-3-0-macho\/\" \/>\n<meta property=\"og:locale\" content=\"es_ES\" \/>\n<meta property=\"og:type\" content=\"article\" \/>\n<meta property=\"og:title\" content=\"Delock Cable USB 2.0 Hembra\/ USB 3.0 Macho - Aivlisoft Inform\u00e1tica\" \/>\n<meta property=\"og:description\" content=\"Este cable de pines USB de Delock permite la conexi&oacute;n de diferentes dispositivos USB 3.0 a trav&eacute;s del conector macho USB 2.0 de la placa base. Marca Delock Modelo 83281 Uso Cable USB 2.0 hembra &gt; USB 3.0 macho Otras caracter&iacute;sticas &#8211; Velocidad de transferencia de &nbsp; datos de hasta 480 Mb \/ s &#8211;&hellip;&nbsp;Delock Cable USB 2.0 Hembra\/ USB 3.0 Macho\" \/>\n<meta property=\"og:url\" content=\"https:\/\/aivlisoft.net\/shop\/producto\/delock-cable-usb-2-0-hembra-usb-3-0-macho\/\" \/>\n<meta property=\"og:site_name\" content=\"Aivlisoft Inform\u00e1tica\" \/>\n<meta property=\"article:modified_time\" content=\"2025-01-14T10:24:37+00:00\" \/>\n<meta property=\"og:image\" content=\"https:\/\/aivlisoft.net\/shop\/wp-content\/uploads\/2025\/01\/APTAPC0331_large-1.jpg\" \/>\n\t<meta property=\"og:image:width\" content=\"400\" \/>\n\t<meta property=\"og:image:height\" content=\"400\" \/>\n\t<meta property=\"og:image:type\" content=\"image\/jpeg\" \/>\n<meta name=\"twitter:card\" content=\"summary_large_image\" \/>\n<meta name=\"twitter:label1\" content=\"Tiempo de lectura\" \/>\n\t<meta name=\"twitter:data1\" content=\"1 minuto\" \/>\n<script type=\"application\/ld+json\" class=\"yoast-schema-graph\">{\"@context\":\"https:\/\/schema.org\",\"@graph\":[{\"@type\":\"WebPage\",\"@id\":\"https:\/\/aivlisoft.net\/shop\/producto\/delock-cable-usb-2-0-hembra-usb-3-0-macho\/\",\"url\":\"https:\/\/aivlisoft.net\/shop\/producto\/delock-cable-usb-2-0-hembra-usb-3-0-macho\/\",\"name\":\"Delock Cable USB 2.0 Hembra\/ USB 3.0 Macho - Aivlisoft Inform\u00e1tica\",\"isPartOf\":{\"@id\":\"https:\/\/aivlisoft.net\/shop\/#website\"},\"primaryImageOfPage\":{\"@id\":\"https:\/\/aivlisoft.net\/shop\/producto\/delock-cable-usb-2-0-hembra-usb-3-0-macho\/#primaryimage\"},\"image\":{\"@id\":\"https:\/\/aivlisoft.net\/shop\/producto\/delock-cable-usb-2-0-hembra-usb-3-0-macho\/#primaryimage\"},\"thumbnailUrl\":\"https:\/\/aivlisoft.net\/shop\/wp-content\/uploads\/2025\/01\/APTAPC0331_large-1.jpg\",\"datePublished\":\"2025-01-13T13:31:19+00:00\",\"dateModified\":\"2025-01-14T10:24:37+00:00\",\"breadcrumb\":{\"@id\":\"https:\/\/aivlisoft.net\/shop\/producto\/delock-cable-usb-2-0-hembra-usb-3-0-macho\/#breadcrumb\"},\"inLanguage\":\"es\",\"potentialAction\":[{\"@type\":\"ReadAction\",\"target\":[\"https:\/\/aivlisoft.net\/shop\/producto\/delock-cable-usb-2-0-hembra-usb-3-0-macho\/\"]}]},{\"@type\":\"ImageObject\",\"inLanguage\":\"es\",\"@id\":\"https:\/\/aivlisoft.net\/shop\/producto\/delock-cable-usb-2-0-hembra-usb-3-0-macho\/#primaryimage\",\"url\":\"https:\/\/aivlisoft.net\/shop\/wp-content\/uploads\/2025\/01\/APTAPC0331_large-1.jpg\",\"contentUrl\":\"https:\/\/aivlisoft.net\/shop\/wp-content\/uploads\/2025\/01\/APTAPC0331_large-1.jpg\",\"width\":400,\"height\":400},{\"@type\":\"BreadcrumbList\",\"@id\":\"https:\/\/aivlisoft.net\/shop\/producto\/delock-cable-usb-2-0-hembra-usb-3-0-macho\/#breadcrumb\",\"itemListElement\":[{\"@type\":\"ListItem\",\"position\":1,\"name\":\"Portada\",\"item\":\"https:\/\/aivlisoft.net\/shop\/\"},{\"@type\":\"ListItem\",\"position\":2,\"name\":\"Tienda\",\"item\":\"https:\/\/aivlisoft.net\/shop\/tienda\/\"},{\"@type\":\"ListItem\",\"position\":3,\"name\":\"Delock Cable USB 2.0 Hembra\/ USB 3.0 Macho\"}]},{\"@type\":\"WebSite\",\"@id\":\"https:\/\/aivlisoft.net\/shop\/#website\",\"url\":\"https:\/\/aivlisoft.net\/shop\/\",\"name\":\"Aivlisoft Inform\u00e1tica\",\"description\":\"En Aivlisoft Inform\u00e1tica ofrecemos soluciones tecnol\u00f3gicas para empresas: venta de ordenadores, consumibles, perif\u00e9ricos y m\u00e1s. Calidad, atenci\u00f3n personalizada y los mejores precios para tu negocio.\",\"publisher\":{\"@id\":\"https:\/\/aivlisoft.net\/shop\/#organization\"},\"potentialAction\":[{\"@type\":\"SearchAction\",\"target\":{\"@type\":\"EntryPoint\",\"urlTemplate\":\"https:\/\/aivlisoft.net\/shop\/?s={search_term_string}\"},\"query-input\":{\"@type\":\"PropertyValueSpecification\",\"valueRequired\":true,\"valueName\":\"search_term_string\"}}],\"inLanguage\":\"es\"},{\"@type\":\"Organization\",\"@id\":\"https:\/\/aivlisoft.net\/shop\/#organization\",\"name\":\"Aivlisoft Inform\u00e1tica\",\"url\":\"https:\/\/aivlisoft.net\/shop\/\",\"logo\":{\"@type\":\"ImageObject\",\"inLanguage\":\"es\",\"@id\":\"https:\/\/aivlisoft.net\/shop\/#\/schema\/logo\/image\/\",\"url\":\"https:\/\/aivlisoft.net\/shop\/wp-content\/uploads\/2024\/12\/removal.ai_5b848c54-0cdf-4140-95c5-c5536bb7573b-logodef.png\",\"contentUrl\":\"https:\/\/aivlisoft.net\/shop\/wp-content\/uploads\/2024\/12\/removal.ai_5b848c54-0cdf-4140-95c5-c5536bb7573b-logodef.png\",\"width\":484,\"height\":182,\"caption\":\"Aivlisoft Inform\u00e1tica\"},\"image\":{\"@id\":\"https:\/\/aivlisoft.net\/shop\/#\/schema\/logo\/image\/\"}}]}<\/script>\n<!-- \/ Yoast SEO plugin. -->","yoast_head_json":{"title":"Delock Cable USB 2.0 Hembra\/ USB 3.0 Macho - Aivlisoft Inform\u00e1tica","robots":{"index":"index","follow":"follow","max-snippet":"max-snippet:-1","max-image-preview":"max-image-preview:large","max-video-preview":"max-video-preview:-1"},"canonical":"https:\/\/aivlisoft.net\/shop\/producto\/delock-cable-usb-2-0-hembra-usb-3-0-macho\/","og_locale":"es_ES","og_type":"article","og_title":"Delock Cable USB 2.0 Hembra\/ USB 3.0 Macho - Aivlisoft Inform\u00e1tica","og_description":"Este cable de pines USB de Delock permite la conexi&oacute;n de diferentes dispositivos USB 3.0 a trav&eacute;s del conector macho USB 2.0 de la placa base. Marca Delock Modelo 83281 Uso Cable USB 2.0 hembra &gt; USB 3.0 macho Otras caracter&iacute;sticas &#8211; Velocidad de transferencia de &nbsp; datos de hasta 480 Mb \/ s &#8211;&hellip;&nbsp;Delock Cable USB 2.0 Hembra\/ USB 3.0 Macho","og_url":"https:\/\/aivlisoft.net\/shop\/producto\/delock-cable-usb-2-0-hembra-usb-3-0-macho\/","og_site_name":"Aivlisoft Inform\u00e1tica","article_modified_time":"2025-01-14T10:24:37+00:00","og_image":[{"width":400,"height":400,"url":"https:\/\/aivlisoft.net\/shop\/wp-content\/uploads\/2025\/01\/APTAPC0331_large-1.jpg","type":"image\/jpeg"}],"twitter_card":"summary_large_image","twitter_misc":{"Tiempo de lectura":"1 minuto"},"schema":{"@context":"https:\/\/schema.org","@graph":[{"@type":"WebPage","@id":"https:\/\/aivlisoft.net\/shop\/producto\/delock-cable-usb-2-0-hembra-usb-3-0-macho\/","url":"https:\/\/aivlisoft.net\/shop\/producto\/delock-cable-usb-2-0-hembra-usb-3-0-macho\/","name":"Delock Cable USB 2.0 Hembra\/ USB 3.0 Macho - Aivlisoft Inform\u00e1tica","isPartOf":{"@id":"https:\/\/aivlisoft.net\/shop\/#website"},"primaryImageOfPage":{"@id":"https:\/\/aivlisoft.net\/shop\/producto\/delock-cable-usb-2-0-hembra-usb-3-0-macho\/#primaryimage"},"image":{"@id":"https:\/\/aivlisoft.net\/shop\/producto\/delock-cable-usb-2-0-hembra-usb-3-0-macho\/#primaryimage"},"thumbnailUrl":"https:\/\/aivlisoft.net\/shop\/wp-content\/uploads\/2025\/01\/APTAPC0331_large-1.jpg","datePublished":"2025-01-13T13:31:19+00:00","dateModified":"2025-01-14T10:24:37+00:00","breadcrumb":{"@id":"https:\/\/aivlisoft.net\/shop\/producto\/delock-cable-usb-2-0-hembra-usb-3-0-macho\/#breadcrumb"},"inLanguage":"es","potentialAction":[{"@type":"ReadAction","target":["https:\/\/aivlisoft.net\/shop\/producto\/delock-cable-usb-2-0-hembra-usb-3-0-macho\/"]}]},{"@type":"ImageObject","inLanguage":"es","@id":"https:\/\/aivlisoft.net\/shop\/producto\/delock-cable-usb-2-0-hembra-usb-3-0-macho\/#primaryimage","url":"https:\/\/aivlisoft.net\/shop\/wp-content\/uploads\/2025\/01\/APTAPC0331_large-1.jpg","contentUrl":"https:\/\/aivlisoft.net\/shop\/wp-content\/uploads\/2025\/01\/APTAPC0331_large-1.jpg","width":400,"height":400},{"@type":"BreadcrumbList","@id":"https:\/\/aivlisoft.net\/shop\/producto\/delock-cable-usb-2-0-hembra-usb-3-0-macho\/#breadcrumb","itemListElement":[{"@type":"ListItem","position":1,"name":"Portada","item":"https:\/\/aivlisoft.net\/shop\/"},{"@type":"ListItem","position":2,"name":"Tienda","item":"https:\/\/aivlisoft.net\/shop\/tienda\/"},{"@type":"ListItem","position":3,"name":"Delock Cable USB 2.0 Hembra\/ USB 3.0 Macho"}]},{"@type":"WebSite","@id":"https:\/\/aivlisoft.net\/shop\/#website","url":"https:\/\/aivlisoft.net\/shop\/","name":"Aivlisoft Inform\u00e1tica","description":"En Aivlisoft Inform\u00e1tica ofrecemos soluciones tecnol\u00f3gicas para empresas: venta de ordenadores, consumibles, perif\u00e9ricos y m\u00e1s. Calidad, atenci\u00f3n personalizada y los mejores precios para tu negocio.","publisher":{"@id":"https:\/\/aivlisoft.net\/shop\/#organization"},"potentialAction":[{"@type":"SearchAction","target":{"@type":"EntryPoint","urlTemplate":"https:\/\/aivlisoft.net\/shop\/?s={search_term_string}"},"query-input":{"@type":"PropertyValueSpecification","valueRequired":true,"valueName":"search_term_string"}}],"inLanguage":"es"},{"@type":"Organization","@id":"https:\/\/aivlisoft.net\/shop\/#organization","name":"Aivlisoft Inform\u00e1tica","url":"https:\/\/aivlisoft.net\/shop\/","logo":{"@type":"ImageObject","inLanguage":"es","@id":"https:\/\/aivlisoft.net\/shop\/#\/schema\/logo\/image\/","url":"https:\/\/aivlisoft.net\/shop\/wp-content\/uploads\/2024\/12\/removal.ai_5b848c54-0cdf-4140-95c5-c5536bb7573b-logodef.png","contentUrl":"https:\/\/aivlisoft.net\/shop\/wp-content\/uploads\/2024\/12\/removal.ai_5b848c54-0cdf-4140-95c5-c5536bb7573b-logodef.png","width":484,"height":182,"caption":"Aivlisoft Inform\u00e1tica"},"image":{"@id":"https:\/\/aivlisoft.net\/shop\/#\/schema\/logo\/image\/"}}]}},"_links":{"self":[{"href":"https:\/\/aivlisoft.net\/shop\/wp-json\/wp\/v2\/product\/6268","targetHints":{"allow":["GET"]}}],"collection":[{"href":"https:\/\/aivlisoft.net\/shop\/wp-json\/wp\/v2\/product"}],"about":[{"href":"https:\/\/aivlisoft.net\/shop\/wp-json\/wp\/v2\/types\/product"}],"wp:featuredmedia":[{"embeddable":true,"href":"https:\/\/aivlisoft.net\/shop\/wp-json\/wp\/v2\/media\/6269"}],"wp:attachment":[{"href":"https:\/\/aivlisoft.net\/shop\/wp-json\/wp\/v2\/media?parent=6268"}],"wp:term":[{"taxonomy":"product_brand","embeddable":true,"href":"https:\/\/aivlisoft.net\/shop\/wp-json\/wp\/v2\/product_brand?post=6268"},{"taxonomy":"product_cat","embeddable":true,"href":"https:\/\/aivlisoft.net\/shop\/wp-json\/wp\/v2\/product_cat?post=6268"},{"taxonomy":"product_tag","embeddable":true,"href":"https:\/\/aivlisoft.net\/shop\/wp-json\/wp\/v2\/product_tag?post=6268"}],"curies":[{"name":"wp","href":"https:\/\/api.w.org\/{rel}","templated":true}]}}