{"id":6260,"date":"2025-01-13T13:31:16","date_gmt":"2025-01-13T13:31:16","guid":{"rendered":"https:\/\/aivlisoft.com\/?post_type=product&#038;p=6260"},"modified":"2025-01-14T10:24:33","modified_gmt":"2025-01-14T10:24:33","slug":"delock-adaptador-mini-displayport-m-a-hdmi-h","status":"publish","type":"product","link":"https:\/\/aivlisoft.net\/shop\/producto\/delock-adaptador-mini-displayport-m-a-hdmi-h\/","title":{"rendered":"Delock Adaptador Mini Displayport M a HDMI H"},"content":{"rendered":"<div>\tEste mini adaptador de Displayport de Delock le permite conectar cualquier dispositivo HDMI, como un monitor al MacBook, MacBook Pro o MacBook Air.<\/div>\n<p><\/p>\n<table class=\"tabla_caracteristicas\" width=\"100%\">\n<tbody>\n<tr>\n<td valign=\"top\" width=\"35%\">\t\t\t\t<font face=\"Tahoma, Arial, Helvetica, sans-serif\"><span style=\"font-size: 11px;\"><b>Marca<\/b><\/span><\/font><\/td>\n<td valign=\"top\" width=\"65%\">\t\t\t\t<font face=\"Tahoma, Arial, Helvetica, sans-serif\"><span style=\"font-size: 11px;\">Delock<br \/>\t\t\t\t<\/span><\/font><\/td>\n<\/tr>\n<tr>\n<td valign=\"top\" width=\"35%\">\t\t\t\t<font face=\"Tahoma, Arial, Helvetica, sans-serif\"><span style=\"font-size: 11px;\"><b>Modelo<\/b><\/span><\/font><\/td>\n<td valign=\"top\" width=\"65%\">\t\t\t\t<font face=\"Tahoma, Arial, Helvetica, sans-serif\"><span style=\"font-size: 11px;\">Adaptador Mini DisplayPort &gt; HDMI<\/span> <\/font><\/td>\n<\/tr>\n<tr>\n<td valign=\"top\" width=\"35%\">\t\t\t\t<strong><small><font face=\"Tahoma,Arial, Helvetica, sans-serif\" style=\"font-size: 11px\">Especificaciones <br \/>\t\t\t\t<\/font><\/small><\/strong><\/td>\n<td valign=\"top\" width=\"65%\">\t\t\t\t<font face=\"Tahoma, Arial, Helvetica, sans-serif\"><span style=\"font-size: 11px;\"><font face=\"Tahoma, Arial, Helvetica, sans-serif\"><span style=\"font-size: 11px;\">&#8211; Conexi&oacute;n: mini Displayport 20 pines macho &gt; HDMI hembra 19pin <br \/>\t\t\t\t&#8211; Mini Displayport 1.1a <br \/>\t\t\t\t&#8211; HDMI 1.3b <br \/>\t\t\t\t&#8211; Soporta video y audio <br \/>\t\t\t\t&#8211; Soporte&nbsp; alta resoluci&oacute;n de hasta 1080p <br \/>\t\t\t\t&#8211; Tasa de transferencia de hasta 6,75 Gbps&nbsp; <br \/>\t\t\t\t&#8211; Ancho de banda: 225MHz\/2.25 Gbps \/ canal <br \/>\t\t\t\t&#8211; Rango de frecuencia vertical: 162 MHz <br \/>\t\t\t\t&#8211; Detecci&oacute;n de Standby, entra en suspensi&oacute;n de forma autom&aacute;tica <br \/>\t\t\t\t&#8211; Cable de 18cm<br \/>\t\t\t\t<\/span><\/font><\/span><\/font><\/td>\n<\/tr>\n<tr>\n<td valign=\"top\" width=\"35%\">\t\t\t\t<b><small><font face=\"Tahoma,Arial, Helvetica, sans-serif\" style=\"font-size: 11px\">Fecha de revisi&oacute;n<\/font><\/small><\/b><\/td>\n<td valign=\"top\" width=\"65%\">\t\t\t\t<span style=\"font-size:11px;\"><small><font face=\"Tahoma,Arial, Helvetica, sans-serif\" style=\"font-size: 11px\">11-04-2014 por JAV<br \/>\t\t\t\t<\/font><\/small><\/span><\/td>\n<\/tr>\n<\/tbody>\n<\/table>\n","protected":false},"excerpt":{"rendered":"<p>Este mini adaptador de Displayport de Delock le permite conectar cualquier dispositivo HDMI, como un monitor al MacBook, MacBook Pro o MacBook Air. Marca Delock Modelo Adaptador Mini DisplayPort &gt; HDMI Especificaciones &#8211; Conexi&oacute;n: mini Displayport 20 pines macho &gt; HDMI hembra 19pin &#8211; Mini Displayport 1.1a &#8211; HDMI 1.3b &#8211; Soporta video y audio&hellip;&nbsp;<a href=\"https:\/\/aivlisoft.net\/shop\/producto\/delock-adaptador-mini-displayport-m-a-hdmi-h\/\" rel=\"bookmark\"><span class=\"screen-reader-text\">Delock Adaptador Mini Displayport M a HDMI H<\/span><\/a><\/p>\n","protected":false},"featured_media":6261,"template":"","meta":{"neve_meta_sidebar":"","neve_meta_container":"","neve_meta_enable_content_width":"","neve_meta_content_width":0,"neve_meta_title_alignment":"","neve_meta_author_avatar":"","neve_post_elements_order":"","neve_meta_disable_header":"","neve_meta_disable_footer":"","neve_meta_disable_title":""},"product_brand":[],"product_cat":[8706],"product_tag":[2013],"class_list":{"0":"post-6260","1":"product","2":"type-product","3":"status-publish","4":"has-post-thumbnail","6":"product_cat-cables-y-accesorios-pc","7":"product_tag-2013","9":"first","10":"instock","11":"taxable","12":"shipping-taxable","13":"purchasable","14":"product-type-simple"},"yoast_head":"<!-- This site is optimized with the Yoast SEO plugin v26.0 - https:\/\/yoast.com\/wordpress\/plugins\/seo\/ -->\n<title>Delock Adaptador Mini Displayport M a HDMI H - Aivlisoft Inform\u00e1tica<\/title>\n<meta name=\"robots\" content=\"index, follow, max-snippet:-1, max-image-preview:large, max-video-preview:-1\" \/>\n<link rel=\"canonical\" href=\"https:\/\/aivlisoft.net\/shop\/producto\/delock-adaptador-mini-displayport-m-a-hdmi-h\/\" \/>\n<meta property=\"og:locale\" content=\"es_ES\" \/>\n<meta property=\"og:type\" content=\"article\" \/>\n<meta property=\"og:title\" content=\"Delock Adaptador Mini Displayport M a HDMI H - Aivlisoft Inform\u00e1tica\" \/>\n<meta property=\"og:description\" content=\"Este mini adaptador de Displayport de Delock le permite conectar cualquier dispositivo HDMI, como un monitor al MacBook, MacBook Pro o MacBook Air. Marca Delock Modelo Adaptador Mini DisplayPort &gt; HDMI Especificaciones &#8211; Conexi&oacute;n: mini Displayport 20 pines macho &gt; HDMI hembra 19pin &#8211; Mini Displayport 1.1a &#8211; HDMI 1.3b &#8211; Soporta video y audio&hellip;&nbsp;Delock Adaptador Mini Displayport M a HDMI H\" \/>\n<meta property=\"og:url\" content=\"https:\/\/aivlisoft.net\/shop\/producto\/delock-adaptador-mini-displayport-m-a-hdmi-h\/\" \/>\n<meta property=\"og:site_name\" content=\"Aivlisoft Inform\u00e1tica\" \/>\n<meta property=\"article:modified_time\" content=\"2025-01-14T10:24:33+00:00\" \/>\n<meta property=\"og:image\" content=\"https:\/\/aivlisoft.net\/shop\/wp-content\/uploads\/2025\/01\/APTAPC0272_large-1.jpg\" \/>\n\t<meta property=\"og:image:width\" content=\"400\" \/>\n\t<meta property=\"og:image:height\" content=\"400\" \/>\n\t<meta property=\"og:image:type\" content=\"image\/jpeg\" \/>\n<meta name=\"twitter:card\" content=\"summary_large_image\" \/>\n<meta name=\"twitter:label1\" content=\"Tiempo de lectura\" \/>\n\t<meta name=\"twitter:data1\" content=\"1 minuto\" \/>\n<script type=\"application\/ld+json\" class=\"yoast-schema-graph\">{\"@context\":\"https:\/\/schema.org\",\"@graph\":[{\"@type\":\"WebPage\",\"@id\":\"https:\/\/aivlisoft.net\/shop\/producto\/delock-adaptador-mini-displayport-m-a-hdmi-h\/\",\"url\":\"https:\/\/aivlisoft.net\/shop\/producto\/delock-adaptador-mini-displayport-m-a-hdmi-h\/\",\"name\":\"Delock Adaptador Mini Displayport M a HDMI H - Aivlisoft Inform\u00e1tica\",\"isPartOf\":{\"@id\":\"https:\/\/aivlisoft.net\/shop\/#website\"},\"primaryImageOfPage\":{\"@id\":\"https:\/\/aivlisoft.net\/shop\/producto\/delock-adaptador-mini-displayport-m-a-hdmi-h\/#primaryimage\"},\"image\":{\"@id\":\"https:\/\/aivlisoft.net\/shop\/producto\/delock-adaptador-mini-displayport-m-a-hdmi-h\/#primaryimage\"},\"thumbnailUrl\":\"https:\/\/aivlisoft.net\/shop\/wp-content\/uploads\/2025\/01\/APTAPC0272_large-1.jpg\",\"datePublished\":\"2025-01-13T13:31:16+00:00\",\"dateModified\":\"2025-01-14T10:24:33+00:00\",\"breadcrumb\":{\"@id\":\"https:\/\/aivlisoft.net\/shop\/producto\/delock-adaptador-mini-displayport-m-a-hdmi-h\/#breadcrumb\"},\"inLanguage\":\"es\",\"potentialAction\":[{\"@type\":\"ReadAction\",\"target\":[\"https:\/\/aivlisoft.net\/shop\/producto\/delock-adaptador-mini-displayport-m-a-hdmi-h\/\"]}]},{\"@type\":\"ImageObject\",\"inLanguage\":\"es\",\"@id\":\"https:\/\/aivlisoft.net\/shop\/producto\/delock-adaptador-mini-displayport-m-a-hdmi-h\/#primaryimage\",\"url\":\"https:\/\/aivlisoft.net\/shop\/wp-content\/uploads\/2025\/01\/APTAPC0272_large-1.jpg\",\"contentUrl\":\"https:\/\/aivlisoft.net\/shop\/wp-content\/uploads\/2025\/01\/APTAPC0272_large-1.jpg\",\"width\":400,\"height\":400},{\"@type\":\"BreadcrumbList\",\"@id\":\"https:\/\/aivlisoft.net\/shop\/producto\/delock-adaptador-mini-displayport-m-a-hdmi-h\/#breadcrumb\",\"itemListElement\":[{\"@type\":\"ListItem\",\"position\":1,\"name\":\"Portada\",\"item\":\"https:\/\/aivlisoft.net\/shop\/\"},{\"@type\":\"ListItem\",\"position\":2,\"name\":\"Tienda\",\"item\":\"https:\/\/aivlisoft.net\/shop\/tienda\/\"},{\"@type\":\"ListItem\",\"position\":3,\"name\":\"Delock Adaptador Mini Displayport M a HDMI H\"}]},{\"@type\":\"WebSite\",\"@id\":\"https:\/\/aivlisoft.net\/shop\/#website\",\"url\":\"https:\/\/aivlisoft.net\/shop\/\",\"name\":\"Aivlisoft Inform\u00e1tica\",\"description\":\"En Aivlisoft Inform\u00e1tica ofrecemos soluciones tecnol\u00f3gicas para empresas: venta de ordenadores, consumibles, perif\u00e9ricos y m\u00e1s. Calidad, atenci\u00f3n personalizada y los mejores precios para tu negocio.\",\"publisher\":{\"@id\":\"https:\/\/aivlisoft.net\/shop\/#organization\"},\"potentialAction\":[{\"@type\":\"SearchAction\",\"target\":{\"@type\":\"EntryPoint\",\"urlTemplate\":\"https:\/\/aivlisoft.net\/shop\/?s={search_term_string}\"},\"query-input\":{\"@type\":\"PropertyValueSpecification\",\"valueRequired\":true,\"valueName\":\"search_term_string\"}}],\"inLanguage\":\"es\"},{\"@type\":\"Organization\",\"@id\":\"https:\/\/aivlisoft.net\/shop\/#organization\",\"name\":\"Aivlisoft Inform\u00e1tica\",\"url\":\"https:\/\/aivlisoft.net\/shop\/\",\"logo\":{\"@type\":\"ImageObject\",\"inLanguage\":\"es\",\"@id\":\"https:\/\/aivlisoft.net\/shop\/#\/schema\/logo\/image\/\",\"url\":\"https:\/\/aivlisoft.net\/shop\/wp-content\/uploads\/2024\/12\/removal.ai_5b848c54-0cdf-4140-95c5-c5536bb7573b-logodef.png\",\"contentUrl\":\"https:\/\/aivlisoft.net\/shop\/wp-content\/uploads\/2024\/12\/removal.ai_5b848c54-0cdf-4140-95c5-c5536bb7573b-logodef.png\",\"width\":484,\"height\":182,\"caption\":\"Aivlisoft Inform\u00e1tica\"},\"image\":{\"@id\":\"https:\/\/aivlisoft.net\/shop\/#\/schema\/logo\/image\/\"}}]}<\/script>\n<!-- \/ Yoast SEO plugin. -->","yoast_head_json":{"title":"Delock Adaptador Mini Displayport M a HDMI H - Aivlisoft Inform\u00e1tica","robots":{"index":"index","follow":"follow","max-snippet":"max-snippet:-1","max-image-preview":"max-image-preview:large","max-video-preview":"max-video-preview:-1"},"canonical":"https:\/\/aivlisoft.net\/shop\/producto\/delock-adaptador-mini-displayport-m-a-hdmi-h\/","og_locale":"es_ES","og_type":"article","og_title":"Delock Adaptador Mini Displayport M a HDMI H - Aivlisoft Inform\u00e1tica","og_description":"Este mini adaptador de Displayport de Delock le permite conectar cualquier dispositivo HDMI, como un monitor al MacBook, MacBook Pro o MacBook Air. Marca Delock Modelo Adaptador Mini DisplayPort &gt; HDMI Especificaciones &#8211; Conexi&oacute;n: mini Displayport 20 pines macho &gt; HDMI hembra 19pin &#8211; Mini Displayport 1.1a &#8211; HDMI 1.3b &#8211; Soporta video y audio&hellip;&nbsp;Delock Adaptador Mini Displayport M a HDMI H","og_url":"https:\/\/aivlisoft.net\/shop\/producto\/delock-adaptador-mini-displayport-m-a-hdmi-h\/","og_site_name":"Aivlisoft Inform\u00e1tica","article_modified_time":"2025-01-14T10:24:33+00:00","og_image":[{"width":400,"height":400,"url":"https:\/\/aivlisoft.net\/shop\/wp-content\/uploads\/2025\/01\/APTAPC0272_large-1.jpg","type":"image\/jpeg"}],"twitter_card":"summary_large_image","twitter_misc":{"Tiempo de lectura":"1 minuto"},"schema":{"@context":"https:\/\/schema.org","@graph":[{"@type":"WebPage","@id":"https:\/\/aivlisoft.net\/shop\/producto\/delock-adaptador-mini-displayport-m-a-hdmi-h\/","url":"https:\/\/aivlisoft.net\/shop\/producto\/delock-adaptador-mini-displayport-m-a-hdmi-h\/","name":"Delock Adaptador Mini Displayport M a HDMI H - Aivlisoft Inform\u00e1tica","isPartOf":{"@id":"https:\/\/aivlisoft.net\/shop\/#website"},"primaryImageOfPage":{"@id":"https:\/\/aivlisoft.net\/shop\/producto\/delock-adaptador-mini-displayport-m-a-hdmi-h\/#primaryimage"},"image":{"@id":"https:\/\/aivlisoft.net\/shop\/producto\/delock-adaptador-mini-displayport-m-a-hdmi-h\/#primaryimage"},"thumbnailUrl":"https:\/\/aivlisoft.net\/shop\/wp-content\/uploads\/2025\/01\/APTAPC0272_large-1.jpg","datePublished":"2025-01-13T13:31:16+00:00","dateModified":"2025-01-14T10:24:33+00:00","breadcrumb":{"@id":"https:\/\/aivlisoft.net\/shop\/producto\/delock-adaptador-mini-displayport-m-a-hdmi-h\/#breadcrumb"},"inLanguage":"es","potentialAction":[{"@type":"ReadAction","target":["https:\/\/aivlisoft.net\/shop\/producto\/delock-adaptador-mini-displayport-m-a-hdmi-h\/"]}]},{"@type":"ImageObject","inLanguage":"es","@id":"https:\/\/aivlisoft.net\/shop\/producto\/delock-adaptador-mini-displayport-m-a-hdmi-h\/#primaryimage","url":"https:\/\/aivlisoft.net\/shop\/wp-content\/uploads\/2025\/01\/APTAPC0272_large-1.jpg","contentUrl":"https:\/\/aivlisoft.net\/shop\/wp-content\/uploads\/2025\/01\/APTAPC0272_large-1.jpg","width":400,"height":400},{"@type":"BreadcrumbList","@id":"https:\/\/aivlisoft.net\/shop\/producto\/delock-adaptador-mini-displayport-m-a-hdmi-h\/#breadcrumb","itemListElement":[{"@type":"ListItem","position":1,"name":"Portada","item":"https:\/\/aivlisoft.net\/shop\/"},{"@type":"ListItem","position":2,"name":"Tienda","item":"https:\/\/aivlisoft.net\/shop\/tienda\/"},{"@type":"ListItem","position":3,"name":"Delock Adaptador Mini Displayport M a HDMI H"}]},{"@type":"WebSite","@id":"https:\/\/aivlisoft.net\/shop\/#website","url":"https:\/\/aivlisoft.net\/shop\/","name":"Aivlisoft Inform\u00e1tica","description":"En Aivlisoft Inform\u00e1tica ofrecemos soluciones tecnol\u00f3gicas para empresas: venta de ordenadores, consumibles, perif\u00e9ricos y m\u00e1s. Calidad, atenci\u00f3n personalizada y los mejores precios para tu negocio.","publisher":{"@id":"https:\/\/aivlisoft.net\/shop\/#organization"},"potentialAction":[{"@type":"SearchAction","target":{"@type":"EntryPoint","urlTemplate":"https:\/\/aivlisoft.net\/shop\/?s={search_term_string}"},"query-input":{"@type":"PropertyValueSpecification","valueRequired":true,"valueName":"search_term_string"}}],"inLanguage":"es"},{"@type":"Organization","@id":"https:\/\/aivlisoft.net\/shop\/#organization","name":"Aivlisoft Inform\u00e1tica","url":"https:\/\/aivlisoft.net\/shop\/","logo":{"@type":"ImageObject","inLanguage":"es","@id":"https:\/\/aivlisoft.net\/shop\/#\/schema\/logo\/image\/","url":"https:\/\/aivlisoft.net\/shop\/wp-content\/uploads\/2024\/12\/removal.ai_5b848c54-0cdf-4140-95c5-c5536bb7573b-logodef.png","contentUrl":"https:\/\/aivlisoft.net\/shop\/wp-content\/uploads\/2024\/12\/removal.ai_5b848c54-0cdf-4140-95c5-c5536bb7573b-logodef.png","width":484,"height":182,"caption":"Aivlisoft Inform\u00e1tica"},"image":{"@id":"https:\/\/aivlisoft.net\/shop\/#\/schema\/logo\/image\/"}}]}},"_links":{"self":[{"href":"https:\/\/aivlisoft.net\/shop\/wp-json\/wp\/v2\/product\/6260","targetHints":{"allow":["GET"]}}],"collection":[{"href":"https:\/\/aivlisoft.net\/shop\/wp-json\/wp\/v2\/product"}],"about":[{"href":"https:\/\/aivlisoft.net\/shop\/wp-json\/wp\/v2\/types\/product"}],"wp:featuredmedia":[{"embeddable":true,"href":"https:\/\/aivlisoft.net\/shop\/wp-json\/wp\/v2\/media\/6261"}],"wp:attachment":[{"href":"https:\/\/aivlisoft.net\/shop\/wp-json\/wp\/v2\/media?parent=6260"}],"wp:term":[{"taxonomy":"product_brand","embeddable":true,"href":"https:\/\/aivlisoft.net\/shop\/wp-json\/wp\/v2\/product_brand?post=6260"},{"taxonomy":"product_cat","embeddable":true,"href":"https:\/\/aivlisoft.net\/shop\/wp-json\/wp\/v2\/product_cat?post=6260"},{"taxonomy":"product_tag","embeddable":true,"href":"https:\/\/aivlisoft.net\/shop\/wp-json\/wp\/v2\/product_tag?post=6260"}],"curies":[{"name":"wp","href":"https:\/\/api.w.org\/{rel}","templated":true}]}}