{"id":6255,"date":"2025-01-13T13:31:12","date_gmt":"2025-01-13T13:31:12","guid":{"rendered":"https:\/\/aivlisoft.com\/?post_type=product&#038;p=6255"},"modified":"2025-01-14T10:24:29","modified_gmt":"2025-01-14T10:24:29","slug":"ewent-ew3751-adaptador-usb-soundcard-5-1","status":"publish","type":"product","link":"https:\/\/aivlisoft.net\/shop\/producto\/ewent-ew3751-adaptador-usb-soundcard-5-1\/","title":{"rendered":"EWENT EW3751 Adaptador Usb soundcard 5.1"},"content":{"rendered":"<p>A&ntilde;ada una entrada de auriculares o altavoces y micr&oacute;fono a su equipo, equipo port&aacute;til o subport&aacute;til con el adaptador Audio Blaster USB Ewent EW3751. Es f&aacute;cil de instalar: s&oacute;lo con&eacute;ctelo en un puerto USB disponible. &iexcl;Descubra c&oacute;mo el sonido 3D virtual mejora la calidad de la m&uacute;sica!<\/p>\n<p><strong>Escuche y hable<\/strong><br \/>Puede escuchar m&uacute;sica y video conectando al EW3751 los auriculares o altavoces. Adem&aacute;s, si conecta unos auriculares con micr&oacute;fono o un micr&oacute;fono independiente, tambi&eacute;n puede hablar con sus familiares, amigos o compa&ntilde;eros de juegos. Es compatible con el software de mensajer&iacute;a instant&aacute;nea como Live Messenger&trade; y Skype&trade;, y con las funciones de audio\/di&aacute;logo de los juegos.<\/p>\n<p><strong>F&aacute;cil de instalar y transportar<\/strong><br \/>El EW3751 es f&aacute;cil de instalar y Windows Vista y Windows 7 lo detecta e instala de forma autom&aacute;tica. Gracias a su tama&ntilde;o peque&ntilde;o, el adaptador Audio Blaster es f&aacute;cil de utilizar y transportar dondequiera que vaya. &iexcl;Puede utilizarlo en el hogar, oficina y en viajes en un equipo, equipo port&aacute;til o subport&aacute;til!<\/p>\n<p><strong>Entrada de auriculares y micr&oacute;fono incluidas<\/strong><br \/>Puede conectar los auriculares o altavoces y el micr&oacute;fono en este adaptador de audio. El EW3751 incluye dos conectores de 3,5 mm y un cable de extensi&oacute;n USB.<\/p>\n<div style=\"text-align: justify;\">&nbsp;<\/div>\n<p>&nbsp;<\/p>\n<table class=\"tabla_caracteristicas\" width=\"100%\">\n<tr>\n<td valign=\"top\" width=\"35%\"><b>Marca<\/b><\/td>\n<td valign=\"top\" width=\"65%\">Ewent<\/td>\n<\/tr>\n<tr>\n<td valign=\"top\" width=\"35%\"><b>Modelo<\/b><\/td>\n<td valign=\"top\" width=\"65%\"><strong>EW3751<\/strong><\/td>\n<\/tr>\n<tr>\n<td valign=\"top\" width=\"35%\"><b>Caracter&iacute;sticas<\/b><\/td>\n<td valign=\"top\" width=\"65%\">&#8211; Interface: USB 1.1 and USB 2.0<br \/>\t\t\t&#8211; Chipset: C-Media CM108<br \/>\t\t\t&#8211; Sonido virtual 3D 5.1<br \/>\t\t\t&#8211; Entrada de microfono y altavoces \/ auriculares<br \/>\t\t\t&#8211; Conectores: 2 x 3.5 mm jack para micr&oacute;fono y a auriculares<br \/>\t\t\t&#8211; F&aacute;cil instalaci&oacute;n<\/td>\n<\/tr>\n<tr>\n<td height=\"15\" valign=\"top\"><b>Fecha de revisi&oacute;n<\/b><\/td>\n<td valign=\"top\">28-04-2021 por MPM<\/td>\n<\/tr>\n<\/table>\n","protected":false},"excerpt":{"rendered":"<p>A&ntilde;ada una entrada de auriculares o altavoces y micr&oacute;fono a su equipo, equipo port&aacute;til o subport&aacute;til con el adaptador Audio Blaster USB Ewent EW3751. Es f&aacute;cil de instalar: s&oacute;lo con&eacute;ctelo en un puerto USB disponible. &iexcl;Descubra c&oacute;mo el sonido 3D virtual mejora la calidad de la m&uacute;sica! Escuche y hablePuede escuchar m&uacute;sica y video conectando&hellip;&nbsp;<a href=\"https:\/\/aivlisoft.net\/shop\/producto\/ewent-ew3751-adaptador-usb-soundcard-5-1\/\" rel=\"bookmark\"><span class=\"screen-reader-text\">EWENT EW3751 Adaptador Usb soundcard 5.1<\/span><\/a><\/p>\n","protected":false},"featured_media":6256,"template":"","meta":{"neve_meta_sidebar":"","neve_meta_container":"","neve_meta_enable_content_width":"","neve_meta_content_width":0,"neve_meta_title_alignment":"","neve_meta_author_avatar":"","neve_post_elements_order":"","neve_meta_disable_header":"","neve_meta_disable_footer":"","neve_meta_disable_title":""},"product_brand":[],"product_cat":[8706],"product_tag":[2011],"class_list":{"0":"post-6255","1":"product","2":"type-product","3":"status-publish","4":"has-post-thumbnail","6":"product_cat-cables-y-accesorios-pc","7":"product_tag-ew3751","9":"first","10":"instock","11":"taxable","12":"shipping-taxable","13":"purchasable","14":"product-type-simple"},"yoast_head":"<!-- This site is optimized with the Yoast SEO plugin v26.0 - https:\/\/yoast.com\/wordpress\/plugins\/seo\/ -->\n<title>EWENT EW3751 Adaptador Usb soundcard 5.1 - Aivlisoft Inform\u00e1tica<\/title>\n<meta name=\"robots\" content=\"index, follow, max-snippet:-1, max-image-preview:large, max-video-preview:-1\" \/>\n<link rel=\"canonical\" href=\"https:\/\/aivlisoft.net\/shop\/producto\/ewent-ew3751-adaptador-usb-soundcard-5-1\/\" \/>\n<meta property=\"og:locale\" content=\"es_ES\" \/>\n<meta property=\"og:type\" content=\"article\" \/>\n<meta property=\"og:title\" content=\"EWENT EW3751 Adaptador Usb soundcard 5.1 - Aivlisoft Inform\u00e1tica\" \/>\n<meta property=\"og:description\" content=\"A&ntilde;ada una entrada de auriculares o altavoces y micr&oacute;fono a su equipo, equipo port&aacute;til o subport&aacute;til con el adaptador Audio Blaster USB Ewent EW3751. Es f&aacute;cil de instalar: s&oacute;lo con&eacute;ctelo en un puerto USB disponible. &iexcl;Descubra c&oacute;mo el sonido 3D virtual mejora la calidad de la m&uacute;sica! Escuche y hablePuede escuchar m&uacute;sica y video conectando&hellip;&nbsp;EWENT EW3751 Adaptador Usb soundcard 5.1\" \/>\n<meta property=\"og:url\" content=\"https:\/\/aivlisoft.net\/shop\/producto\/ewent-ew3751-adaptador-usb-soundcard-5-1\/\" \/>\n<meta property=\"og:site_name\" content=\"Aivlisoft Inform\u00e1tica\" \/>\n<meta property=\"article:modified_time\" content=\"2025-01-14T10:24:29+00:00\" \/>\n<meta property=\"og:image\" content=\"https:\/\/aivlisoft.net\/shop\/wp-content\/uploads\/2025\/01\/APTAPC0197_800-1.jpg\" \/>\n\t<meta property=\"og:image:width\" content=\"800\" \/>\n\t<meta property=\"og:image:height\" content=\"799\" \/>\n\t<meta property=\"og:image:type\" content=\"image\/jpeg\" \/>\n<meta name=\"twitter:card\" content=\"summary_large_image\" \/>\n<meta name=\"twitter:label1\" content=\"Tiempo de lectura\" \/>\n\t<meta name=\"twitter:data1\" content=\"2 minutos\" \/>\n<script type=\"application\/ld+json\" class=\"yoast-schema-graph\">{\"@context\":\"https:\/\/schema.org\",\"@graph\":[{\"@type\":\"WebPage\",\"@id\":\"https:\/\/aivlisoft.net\/shop\/producto\/ewent-ew3751-adaptador-usb-soundcard-5-1\/\",\"url\":\"https:\/\/aivlisoft.net\/shop\/producto\/ewent-ew3751-adaptador-usb-soundcard-5-1\/\",\"name\":\"EWENT EW3751 Adaptador Usb soundcard 5.1 - Aivlisoft Inform\u00e1tica\",\"isPartOf\":{\"@id\":\"https:\/\/aivlisoft.net\/shop\/#website\"},\"primaryImageOfPage\":{\"@id\":\"https:\/\/aivlisoft.net\/shop\/producto\/ewent-ew3751-adaptador-usb-soundcard-5-1\/#primaryimage\"},\"image\":{\"@id\":\"https:\/\/aivlisoft.net\/shop\/producto\/ewent-ew3751-adaptador-usb-soundcard-5-1\/#primaryimage\"},\"thumbnailUrl\":\"https:\/\/aivlisoft.net\/shop\/wp-content\/uploads\/2025\/01\/APTAPC0197_800-1.jpg\",\"datePublished\":\"2025-01-13T13:31:12+00:00\",\"dateModified\":\"2025-01-14T10:24:29+00:00\",\"breadcrumb\":{\"@id\":\"https:\/\/aivlisoft.net\/shop\/producto\/ewent-ew3751-adaptador-usb-soundcard-5-1\/#breadcrumb\"},\"inLanguage\":\"es\",\"potentialAction\":[{\"@type\":\"ReadAction\",\"target\":[\"https:\/\/aivlisoft.net\/shop\/producto\/ewent-ew3751-adaptador-usb-soundcard-5-1\/\"]}]},{\"@type\":\"ImageObject\",\"inLanguage\":\"es\",\"@id\":\"https:\/\/aivlisoft.net\/shop\/producto\/ewent-ew3751-adaptador-usb-soundcard-5-1\/#primaryimage\",\"url\":\"https:\/\/aivlisoft.net\/shop\/wp-content\/uploads\/2025\/01\/APTAPC0197_800-1.jpg\",\"contentUrl\":\"https:\/\/aivlisoft.net\/shop\/wp-content\/uploads\/2025\/01\/APTAPC0197_800-1.jpg\",\"width\":800,\"height\":799},{\"@type\":\"BreadcrumbList\",\"@id\":\"https:\/\/aivlisoft.net\/shop\/producto\/ewent-ew3751-adaptador-usb-soundcard-5-1\/#breadcrumb\",\"itemListElement\":[{\"@type\":\"ListItem\",\"position\":1,\"name\":\"Portada\",\"item\":\"https:\/\/aivlisoft.net\/shop\/\"},{\"@type\":\"ListItem\",\"position\":2,\"name\":\"Tienda\",\"item\":\"https:\/\/aivlisoft.net\/shop\/tienda\/\"},{\"@type\":\"ListItem\",\"position\":3,\"name\":\"EWENT EW3751 Adaptador Usb soundcard 5.1\"}]},{\"@type\":\"WebSite\",\"@id\":\"https:\/\/aivlisoft.net\/shop\/#website\",\"url\":\"https:\/\/aivlisoft.net\/shop\/\",\"name\":\"Aivlisoft Inform\u00e1tica\",\"description\":\"En Aivlisoft Inform\u00e1tica ofrecemos soluciones tecnol\u00f3gicas para empresas: venta de ordenadores, consumibles, perif\u00e9ricos y m\u00e1s. Calidad, atenci\u00f3n personalizada y los mejores precios para tu negocio.\",\"publisher\":{\"@id\":\"https:\/\/aivlisoft.net\/shop\/#organization\"},\"potentialAction\":[{\"@type\":\"SearchAction\",\"target\":{\"@type\":\"EntryPoint\",\"urlTemplate\":\"https:\/\/aivlisoft.net\/shop\/?s={search_term_string}\"},\"query-input\":{\"@type\":\"PropertyValueSpecification\",\"valueRequired\":true,\"valueName\":\"search_term_string\"}}],\"inLanguage\":\"es\"},{\"@type\":\"Organization\",\"@id\":\"https:\/\/aivlisoft.net\/shop\/#organization\",\"name\":\"Aivlisoft Inform\u00e1tica\",\"url\":\"https:\/\/aivlisoft.net\/shop\/\",\"logo\":{\"@type\":\"ImageObject\",\"inLanguage\":\"es\",\"@id\":\"https:\/\/aivlisoft.net\/shop\/#\/schema\/logo\/image\/\",\"url\":\"https:\/\/aivlisoft.net\/shop\/wp-content\/uploads\/2024\/12\/removal.ai_5b848c54-0cdf-4140-95c5-c5536bb7573b-logodef.png\",\"contentUrl\":\"https:\/\/aivlisoft.net\/shop\/wp-content\/uploads\/2024\/12\/removal.ai_5b848c54-0cdf-4140-95c5-c5536bb7573b-logodef.png\",\"width\":484,\"height\":182,\"caption\":\"Aivlisoft Inform\u00e1tica\"},\"image\":{\"@id\":\"https:\/\/aivlisoft.net\/shop\/#\/schema\/logo\/image\/\"}}]}<\/script>\n<!-- \/ Yoast SEO plugin. -->","yoast_head_json":{"title":"EWENT EW3751 Adaptador Usb soundcard 5.1 - Aivlisoft Inform\u00e1tica","robots":{"index":"index","follow":"follow","max-snippet":"max-snippet:-1","max-image-preview":"max-image-preview:large","max-video-preview":"max-video-preview:-1"},"canonical":"https:\/\/aivlisoft.net\/shop\/producto\/ewent-ew3751-adaptador-usb-soundcard-5-1\/","og_locale":"es_ES","og_type":"article","og_title":"EWENT EW3751 Adaptador Usb soundcard 5.1 - Aivlisoft Inform\u00e1tica","og_description":"A&ntilde;ada una entrada de auriculares o altavoces y micr&oacute;fono a su equipo, equipo port&aacute;til o subport&aacute;til con el adaptador Audio Blaster USB Ewent EW3751. Es f&aacute;cil de instalar: s&oacute;lo con&eacute;ctelo en un puerto USB disponible. &iexcl;Descubra c&oacute;mo el sonido 3D virtual mejora la calidad de la m&uacute;sica! Escuche y hablePuede escuchar m&uacute;sica y video conectando&hellip;&nbsp;EWENT EW3751 Adaptador Usb soundcard 5.1","og_url":"https:\/\/aivlisoft.net\/shop\/producto\/ewent-ew3751-adaptador-usb-soundcard-5-1\/","og_site_name":"Aivlisoft Inform\u00e1tica","article_modified_time":"2025-01-14T10:24:29+00:00","og_image":[{"width":800,"height":799,"url":"https:\/\/aivlisoft.net\/shop\/wp-content\/uploads\/2025\/01\/APTAPC0197_800-1.jpg","type":"image\/jpeg"}],"twitter_card":"summary_large_image","twitter_misc":{"Tiempo de lectura":"2 minutos"},"schema":{"@context":"https:\/\/schema.org","@graph":[{"@type":"WebPage","@id":"https:\/\/aivlisoft.net\/shop\/producto\/ewent-ew3751-adaptador-usb-soundcard-5-1\/","url":"https:\/\/aivlisoft.net\/shop\/producto\/ewent-ew3751-adaptador-usb-soundcard-5-1\/","name":"EWENT EW3751 Adaptador Usb soundcard 5.1 - Aivlisoft Inform\u00e1tica","isPartOf":{"@id":"https:\/\/aivlisoft.net\/shop\/#website"},"primaryImageOfPage":{"@id":"https:\/\/aivlisoft.net\/shop\/producto\/ewent-ew3751-adaptador-usb-soundcard-5-1\/#primaryimage"},"image":{"@id":"https:\/\/aivlisoft.net\/shop\/producto\/ewent-ew3751-adaptador-usb-soundcard-5-1\/#primaryimage"},"thumbnailUrl":"https:\/\/aivlisoft.net\/shop\/wp-content\/uploads\/2025\/01\/APTAPC0197_800-1.jpg","datePublished":"2025-01-13T13:31:12+00:00","dateModified":"2025-01-14T10:24:29+00:00","breadcrumb":{"@id":"https:\/\/aivlisoft.net\/shop\/producto\/ewent-ew3751-adaptador-usb-soundcard-5-1\/#breadcrumb"},"inLanguage":"es","potentialAction":[{"@type":"ReadAction","target":["https:\/\/aivlisoft.net\/shop\/producto\/ewent-ew3751-adaptador-usb-soundcard-5-1\/"]}]},{"@type":"ImageObject","inLanguage":"es","@id":"https:\/\/aivlisoft.net\/shop\/producto\/ewent-ew3751-adaptador-usb-soundcard-5-1\/#primaryimage","url":"https:\/\/aivlisoft.net\/shop\/wp-content\/uploads\/2025\/01\/APTAPC0197_800-1.jpg","contentUrl":"https:\/\/aivlisoft.net\/shop\/wp-content\/uploads\/2025\/01\/APTAPC0197_800-1.jpg","width":800,"height":799},{"@type":"BreadcrumbList","@id":"https:\/\/aivlisoft.net\/shop\/producto\/ewent-ew3751-adaptador-usb-soundcard-5-1\/#breadcrumb","itemListElement":[{"@type":"ListItem","position":1,"name":"Portada","item":"https:\/\/aivlisoft.net\/shop\/"},{"@type":"ListItem","position":2,"name":"Tienda","item":"https:\/\/aivlisoft.net\/shop\/tienda\/"},{"@type":"ListItem","position":3,"name":"EWENT EW3751 Adaptador Usb soundcard 5.1"}]},{"@type":"WebSite","@id":"https:\/\/aivlisoft.net\/shop\/#website","url":"https:\/\/aivlisoft.net\/shop\/","name":"Aivlisoft Inform\u00e1tica","description":"En Aivlisoft Inform\u00e1tica ofrecemos soluciones tecnol\u00f3gicas para empresas: venta de ordenadores, consumibles, perif\u00e9ricos y m\u00e1s. Calidad, atenci\u00f3n personalizada y los mejores precios para tu negocio.","publisher":{"@id":"https:\/\/aivlisoft.net\/shop\/#organization"},"potentialAction":[{"@type":"SearchAction","target":{"@type":"EntryPoint","urlTemplate":"https:\/\/aivlisoft.net\/shop\/?s={search_term_string}"},"query-input":{"@type":"PropertyValueSpecification","valueRequired":true,"valueName":"search_term_string"}}],"inLanguage":"es"},{"@type":"Organization","@id":"https:\/\/aivlisoft.net\/shop\/#organization","name":"Aivlisoft Inform\u00e1tica","url":"https:\/\/aivlisoft.net\/shop\/","logo":{"@type":"ImageObject","inLanguage":"es","@id":"https:\/\/aivlisoft.net\/shop\/#\/schema\/logo\/image\/","url":"https:\/\/aivlisoft.net\/shop\/wp-content\/uploads\/2024\/12\/removal.ai_5b848c54-0cdf-4140-95c5-c5536bb7573b-logodef.png","contentUrl":"https:\/\/aivlisoft.net\/shop\/wp-content\/uploads\/2024\/12\/removal.ai_5b848c54-0cdf-4140-95c5-c5536bb7573b-logodef.png","width":484,"height":182,"caption":"Aivlisoft Inform\u00e1tica"},"image":{"@id":"https:\/\/aivlisoft.net\/shop\/#\/schema\/logo\/image\/"}}]}},"_links":{"self":[{"href":"https:\/\/aivlisoft.net\/shop\/wp-json\/wp\/v2\/product\/6255","targetHints":{"allow":["GET"]}}],"collection":[{"href":"https:\/\/aivlisoft.net\/shop\/wp-json\/wp\/v2\/product"}],"about":[{"href":"https:\/\/aivlisoft.net\/shop\/wp-json\/wp\/v2\/types\/product"}],"wp:featuredmedia":[{"embeddable":true,"href":"https:\/\/aivlisoft.net\/shop\/wp-json\/wp\/v2\/media\/6256"}],"wp:attachment":[{"href":"https:\/\/aivlisoft.net\/shop\/wp-json\/wp\/v2\/media?parent=6255"}],"wp:term":[{"taxonomy":"product_brand","embeddable":true,"href":"https:\/\/aivlisoft.net\/shop\/wp-json\/wp\/v2\/product_brand?post=6255"},{"taxonomy":"product_cat","embeddable":true,"href":"https:\/\/aivlisoft.net\/shop\/wp-json\/wp\/v2\/product_cat?post=6255"},{"taxonomy":"product_tag","embeddable":true,"href":"https:\/\/aivlisoft.net\/shop\/wp-json\/wp\/v2\/product_tag?post=6255"}],"curies":[{"name":"wp","href":"https:\/\/api.w.org\/{rel}","templated":true}]}}