{"id":6165,"date":"2025-01-13T13:30:35","date_gmt":"2025-01-13T13:30:35","guid":{"rendered":"https:\/\/aivlisoft.com\/?post_type=product&#038;p=6165"},"modified":"2025-01-14T10:23:53","modified_gmt":"2025-01-14T10:23:53","slug":"edimax-gp-201it-inyector-poe-gigabit-30w-802-3at","status":"publish","type":"product","link":"https:\/\/aivlisoft.net\/shop\/producto\/edimax-gp-201it-inyector-poe-gigabit-30w-802-3at\/","title":{"rendered":"Edimax GP-201IT Inyector POE+ Gigabit 30W 802.3at"},"content":{"rendered":"<p><strong>Puerto PoE de alta potencia<\/strong><br \/>Gracias a la fuente de alimentaci&oacute;n integrada de 30 W, se conecta directamente a la toma de corriente con el cable de alimentaci&oacute;n. No requiere un adaptador de corriente grande externo, y ello facilita la instalaci&oacute;n y ahorra espacio.<\/p>\n<p><strong>Los puertos de 2,5 Gigabit garantizan conexiones m&aacute;s r&aacute;pidas<\/strong><br \/>El puerto de entrada y el puerto de salida de 10\/100\/1000\/2500 Mbps garantizan conexiones m&aacute;s r&aacute;pidas y fiables para todas las aplicaciones. Ofrece potencia hasta 100 metros (328 pies), por lo que es perfecto para c&aacute;maras IP o para implementar puntos de acceso en grandes &aacute;reas.<\/p>\n<p><strong>Conexi&oacute;n f&aacute;cil &quot;Plug-and-Play&quot;<\/strong><br \/>Solo tiene que conectar el dispositivo habilitado para Ethernet en el inyector. No requiere cables adicionales, configuraci&oacute;n de software ni configuraci&oacute;n.<\/p>\n<p><strong>Instalaci&oacute;n r&aacute;pida y f&aacute;cil<\/strong><br \/>Opciones de montaje flexibles<br \/>El pr&aacute;ctico dise&ntilde;o de montaje de pared ahorra espacio y permite una instalaci&oacute;n f&aacute;cil.<\/p>\n<table class=\"tabla_caracteristicas k-table\" width=\"100%\">\n<tr>\n<td valign=\"top\"><strong>Marca<\/strong><\/td>\n<td>Edimax<\/td>\n<\/tr>\n<tr>\n<td valign=\"top\"><strong>Modelo<\/strong><\/td>\n<td><strong>GP-201IT<\/strong><\/td>\n<\/tr>\n<tr>\n<td valign=\"top\"><strong>Caracter&iacute;sticas<\/strong><\/td>\n<td>&#8211; Puertos:<br \/>\t\t\t&nbsp; 1 x puerto de entrada RJ-45 10 \/ 100 \/ 1000 \/ 2500 Base-T<br \/>\t\t\t&nbsp; 1 x puerto PoE RJ-45 10\/100\/1000\/2500 Base-T<br \/>\t\t\t&#8211; Indicadores de LED &nbsp;&nbsp; &nbsp;<br \/>\t\t\t&nbsp; Alimentaci&oacute;n CA (PWR)<br \/>\t\t\t&nbsp; Potencia PoE<br \/>\t\t\t&#8211; Potencia de entrada: 100-240 V CA, 50-60 Hz, 1.5 A<br \/>\t\t\t&#8211; Consumo energ&eacute;tico: 33W (m&aacute;x.)<br \/>\t\t\t&#8211; Montaje: Pared<br \/>\t\t\t&#8211; Carcasa: Metal<br \/>\t\t\t&#8211; Ventilador: Sin ventilador<br \/>\t\t\t&#8211; Est&aacute;ndar: &nbsp;&nbsp; &nbsp;<br \/>\t\t\t&nbsp; IEEE 802.3af (PoE)<br \/>\t\t\t&nbsp; IEEE 802.3at (PoE+)<br \/>\t\t\t&#8211; Asignaci&oacute;n de energ&iacute;a: 30 vatios<br \/>\t\t\t&#8211; Asignaci&oacute;n de pin:<br \/>\t\t\t&nbsp; Pins 3, 6, 4, 5 (+),&nbsp; Pins 1, 2, 7,8 (-)&nbsp;&nbsp;&nbsp; &nbsp;<br \/>\t\t\t&nbsp; Output Power Voltage: 53V DC<br \/>\t\t\t&#8211; Protecci&oacute;n contra cortocircuitos &nbsp;&nbsp; &nbsp;<br \/>\t\t\t&#8211; Protecci&oacute;n contra sobrecorriente<br \/>\t\t\t&#8211; Detecci&oacute;n autom&aacute;tica de PoE PD<br \/>\t\t\t<strong>Otras caracter&iacute;sticas<\/strong><br \/>\t\t\t&#8211; Est&aacute;ndares:<br \/>\t\t\t&nbsp; IEEE 802.3 10Base-T Ethernet<br \/>\t\t\t&nbsp; IEEE 802.3u 100Base-TX Fast Ethernet<br \/>\t\t\t&nbsp; IEEE 802.3ab 1000Base-T Gigabit Ethernet<br \/>\t\t\t&nbsp; IEEE 802.3an 2.5GBase-T Gigabit Ethernet<br \/>\t\t\t&nbsp; IEEE 802.3af alimentaci&oacute;n por Ethernet (PoE)<br \/>\t\t\t&nbsp; IEEE 802.3at Alimentaci&oacute;n por Ethernet Plus (PoE+)<br \/>\t\t\t&#8211; Certificaci&oacute;n:<br \/>\t\t\t&nbsp; CE<br \/>\t\t\t&nbsp; FCC<br \/>\t\t\t<strong>Ambiente<\/strong><br \/>\t\t\t&#8211; Temperatura de funcionamiento: 32~104 &deg;F (0~40 &deg;C)<br \/>\t\t\t&#8211; Temperatura de almacenamiento: -4~158 &deg;F (-20~70 &deg;C)<br \/>\t\t\t&#8211; Humedad de funcionamiento: 10~90 % (sin condensaci&oacute;n)<br \/>\t\t\t&#8211; Humedad de almacenamiento: 5~90 % (sin condensaci&oacute;n)<br \/>\t\t\t<strong>Dimensiones y peso<\/strong><br \/>\t\t\t&#8211; 73 x 154 x 36 mm<br \/>\t\t\t&#8211; 485 g<\/td>\n<\/tr>\n<tr>\n<td valign=\"top\"><strong>Fecha de revisi&oacute;n<\/strong><\/td>\n<td>12-07-2023 por RTY<\/td>\n<\/tr>\n<\/table>\n","protected":false},"excerpt":{"rendered":"<p>Puerto PoE de alta potenciaGracias a la fuente de alimentaci&oacute;n integrada de 30 W, se conecta directamente a la toma de corriente con el cable de alimentaci&oacute;n. No requiere un adaptador de corriente grande externo, y ello facilita la instalaci&oacute;n y ahorra espacio. Los puertos de 2,5 Gigabit garantizan conexiones m&aacute;s r&aacute;pidasEl puerto de entrada&hellip;&nbsp;<a href=\"https:\/\/aivlisoft.net\/shop\/producto\/edimax-gp-201it-inyector-poe-gigabit-30w-802-3at\/\" rel=\"bookmark\"><span class=\"screen-reader-text\">Edimax GP-201IT Inyector POE+ Gigabit 30W 802.3at<\/span><\/a><\/p>\n","protected":false},"featured_media":6166,"template":"","meta":{"neve_meta_sidebar":"","neve_meta_container":"","neve_meta_enable_content_width":"","neve_meta_content_width":0,"neve_meta_title_alignment":"","neve_meta_author_avatar":"","neve_post_elements_order":"","neve_meta_disable_header":"","neve_meta_disable_footer":"","neve_meta_disable_title":""},"product_brand":[],"product_cat":[8705],"product_tag":[1962],"class_list":{"0":"post-6165","1":"product","2":"type-product","3":"status-publish","4":"has-post-thumbnail","6":"product_cat-accesorios-redes-wifi","7":"product_tag-gp-201it","9":"first","10":"instock","11":"taxable","12":"shipping-taxable","13":"purchasable","14":"product-type-simple"},"yoast_head":"<!-- This site is optimized with the Yoast SEO plugin v26.0 - https:\/\/yoast.com\/wordpress\/plugins\/seo\/ -->\n<title>Edimax GP-201IT Inyector POE+ Gigabit 30W 802.3at - Aivlisoft Inform\u00e1tica<\/title>\n<meta name=\"robots\" content=\"index, follow, max-snippet:-1, max-image-preview:large, max-video-preview:-1\" \/>\n<link rel=\"canonical\" href=\"https:\/\/aivlisoft.net\/shop\/producto\/edimax-gp-201it-inyector-poe-gigabit-30w-802-3at\/\" \/>\n<meta property=\"og:locale\" content=\"es_ES\" \/>\n<meta property=\"og:type\" content=\"article\" \/>\n<meta property=\"og:title\" content=\"Edimax GP-201IT Inyector POE+ Gigabit 30W 802.3at - Aivlisoft Inform\u00e1tica\" \/>\n<meta property=\"og:description\" content=\"Puerto PoE de alta potenciaGracias a la fuente de alimentaci&oacute;n integrada de 30 W, se conecta directamente a la toma de corriente con el cable de alimentaci&oacute;n. No requiere un adaptador de corriente grande externo, y ello facilita la instalaci&oacute;n y ahorra espacio. Los puertos de 2,5 Gigabit garantizan conexiones m&aacute;s r&aacute;pidasEl puerto de entrada&hellip;&nbsp;Edimax GP-201IT Inyector POE+ Gigabit 30W 802.3at\" \/>\n<meta property=\"og:url\" content=\"https:\/\/aivlisoft.net\/shop\/producto\/edimax-gp-201it-inyector-poe-gigabit-30w-802-3at\/\" \/>\n<meta property=\"og:site_name\" content=\"Aivlisoft Inform\u00e1tica\" \/>\n<meta property=\"article:modified_time\" content=\"2025-01-14T10:23:53+00:00\" \/>\n<meta property=\"og:image\" content=\"https:\/\/aivlisoft.net\/shop\/wp-content\/uploads\/2025\/01\/ANEAWI0185_800-1.jpg\" \/>\n\t<meta property=\"og:image:width\" content=\"800\" \/>\n\t<meta property=\"og:image:height\" content=\"800\" \/>\n\t<meta property=\"og:image:type\" content=\"image\/jpeg\" \/>\n<meta name=\"twitter:card\" content=\"summary_large_image\" \/>\n<meta name=\"twitter:label1\" content=\"Tiempo de lectura\" \/>\n\t<meta name=\"twitter:data1\" content=\"2 minutos\" \/>\n<script type=\"application\/ld+json\" class=\"yoast-schema-graph\">{\"@context\":\"https:\/\/schema.org\",\"@graph\":[{\"@type\":\"WebPage\",\"@id\":\"https:\/\/aivlisoft.net\/shop\/producto\/edimax-gp-201it-inyector-poe-gigabit-30w-802-3at\/\",\"url\":\"https:\/\/aivlisoft.net\/shop\/producto\/edimax-gp-201it-inyector-poe-gigabit-30w-802-3at\/\",\"name\":\"Edimax GP-201IT Inyector POE+ Gigabit 30W 802.3at - Aivlisoft Inform\u00e1tica\",\"isPartOf\":{\"@id\":\"https:\/\/aivlisoft.net\/shop\/#website\"},\"primaryImageOfPage\":{\"@id\":\"https:\/\/aivlisoft.net\/shop\/producto\/edimax-gp-201it-inyector-poe-gigabit-30w-802-3at\/#primaryimage\"},\"image\":{\"@id\":\"https:\/\/aivlisoft.net\/shop\/producto\/edimax-gp-201it-inyector-poe-gigabit-30w-802-3at\/#primaryimage\"},\"thumbnailUrl\":\"https:\/\/aivlisoft.net\/shop\/wp-content\/uploads\/2025\/01\/ANEAWI0185_800-1.jpg\",\"datePublished\":\"2025-01-13T13:30:35+00:00\",\"dateModified\":\"2025-01-14T10:23:53+00:00\",\"breadcrumb\":{\"@id\":\"https:\/\/aivlisoft.net\/shop\/producto\/edimax-gp-201it-inyector-poe-gigabit-30w-802-3at\/#breadcrumb\"},\"inLanguage\":\"es\",\"potentialAction\":[{\"@type\":\"ReadAction\",\"target\":[\"https:\/\/aivlisoft.net\/shop\/producto\/edimax-gp-201it-inyector-poe-gigabit-30w-802-3at\/\"]}]},{\"@type\":\"ImageObject\",\"inLanguage\":\"es\",\"@id\":\"https:\/\/aivlisoft.net\/shop\/producto\/edimax-gp-201it-inyector-poe-gigabit-30w-802-3at\/#primaryimage\",\"url\":\"https:\/\/aivlisoft.net\/shop\/wp-content\/uploads\/2025\/01\/ANEAWI0185_800-1.jpg\",\"contentUrl\":\"https:\/\/aivlisoft.net\/shop\/wp-content\/uploads\/2025\/01\/ANEAWI0185_800-1.jpg\",\"width\":800,\"height\":800},{\"@type\":\"BreadcrumbList\",\"@id\":\"https:\/\/aivlisoft.net\/shop\/producto\/edimax-gp-201it-inyector-poe-gigabit-30w-802-3at\/#breadcrumb\",\"itemListElement\":[{\"@type\":\"ListItem\",\"position\":1,\"name\":\"Portada\",\"item\":\"https:\/\/aivlisoft.net\/shop\/\"},{\"@type\":\"ListItem\",\"position\":2,\"name\":\"Tienda\",\"item\":\"https:\/\/aivlisoft.net\/shop\/tienda\/\"},{\"@type\":\"ListItem\",\"position\":3,\"name\":\"Edimax GP-201IT Inyector POE+ Gigabit 30W 802.3at\"}]},{\"@type\":\"WebSite\",\"@id\":\"https:\/\/aivlisoft.net\/shop\/#website\",\"url\":\"https:\/\/aivlisoft.net\/shop\/\",\"name\":\"Aivlisoft Inform\u00e1tica\",\"description\":\"En Aivlisoft Inform\u00e1tica ofrecemos soluciones tecnol\u00f3gicas para empresas: venta de ordenadores, consumibles, perif\u00e9ricos y m\u00e1s. Calidad, atenci\u00f3n personalizada y los mejores precios para tu negocio.\",\"publisher\":{\"@id\":\"https:\/\/aivlisoft.net\/shop\/#organization\"},\"potentialAction\":[{\"@type\":\"SearchAction\",\"target\":{\"@type\":\"EntryPoint\",\"urlTemplate\":\"https:\/\/aivlisoft.net\/shop\/?s={search_term_string}\"},\"query-input\":{\"@type\":\"PropertyValueSpecification\",\"valueRequired\":true,\"valueName\":\"search_term_string\"}}],\"inLanguage\":\"es\"},{\"@type\":\"Organization\",\"@id\":\"https:\/\/aivlisoft.net\/shop\/#organization\",\"name\":\"Aivlisoft Inform\u00e1tica\",\"url\":\"https:\/\/aivlisoft.net\/shop\/\",\"logo\":{\"@type\":\"ImageObject\",\"inLanguage\":\"es\",\"@id\":\"https:\/\/aivlisoft.net\/shop\/#\/schema\/logo\/image\/\",\"url\":\"https:\/\/aivlisoft.net\/shop\/wp-content\/uploads\/2024\/12\/removal.ai_5b848c54-0cdf-4140-95c5-c5536bb7573b-logodef.png\",\"contentUrl\":\"https:\/\/aivlisoft.net\/shop\/wp-content\/uploads\/2024\/12\/removal.ai_5b848c54-0cdf-4140-95c5-c5536bb7573b-logodef.png\",\"width\":484,\"height\":182,\"caption\":\"Aivlisoft Inform\u00e1tica\"},\"image\":{\"@id\":\"https:\/\/aivlisoft.net\/shop\/#\/schema\/logo\/image\/\"}}]}<\/script>\n<!-- \/ Yoast SEO plugin. -->","yoast_head_json":{"title":"Edimax GP-201IT Inyector POE+ Gigabit 30W 802.3at - Aivlisoft Inform\u00e1tica","robots":{"index":"index","follow":"follow","max-snippet":"max-snippet:-1","max-image-preview":"max-image-preview:large","max-video-preview":"max-video-preview:-1"},"canonical":"https:\/\/aivlisoft.net\/shop\/producto\/edimax-gp-201it-inyector-poe-gigabit-30w-802-3at\/","og_locale":"es_ES","og_type":"article","og_title":"Edimax GP-201IT Inyector POE+ Gigabit 30W 802.3at - Aivlisoft Inform\u00e1tica","og_description":"Puerto PoE de alta potenciaGracias a la fuente de alimentaci&oacute;n integrada de 30 W, se conecta directamente a la toma de corriente con el cable de alimentaci&oacute;n. No requiere un adaptador de corriente grande externo, y ello facilita la instalaci&oacute;n y ahorra espacio. Los puertos de 2,5 Gigabit garantizan conexiones m&aacute;s r&aacute;pidasEl puerto de entrada&hellip;&nbsp;Edimax GP-201IT Inyector POE+ Gigabit 30W 802.3at","og_url":"https:\/\/aivlisoft.net\/shop\/producto\/edimax-gp-201it-inyector-poe-gigabit-30w-802-3at\/","og_site_name":"Aivlisoft Inform\u00e1tica","article_modified_time":"2025-01-14T10:23:53+00:00","og_image":[{"width":800,"height":800,"url":"https:\/\/aivlisoft.net\/shop\/wp-content\/uploads\/2025\/01\/ANEAWI0185_800-1.jpg","type":"image\/jpeg"}],"twitter_card":"summary_large_image","twitter_misc":{"Tiempo de lectura":"2 minutos"},"schema":{"@context":"https:\/\/schema.org","@graph":[{"@type":"WebPage","@id":"https:\/\/aivlisoft.net\/shop\/producto\/edimax-gp-201it-inyector-poe-gigabit-30w-802-3at\/","url":"https:\/\/aivlisoft.net\/shop\/producto\/edimax-gp-201it-inyector-poe-gigabit-30w-802-3at\/","name":"Edimax GP-201IT Inyector POE+ Gigabit 30W 802.3at - Aivlisoft Inform\u00e1tica","isPartOf":{"@id":"https:\/\/aivlisoft.net\/shop\/#website"},"primaryImageOfPage":{"@id":"https:\/\/aivlisoft.net\/shop\/producto\/edimax-gp-201it-inyector-poe-gigabit-30w-802-3at\/#primaryimage"},"image":{"@id":"https:\/\/aivlisoft.net\/shop\/producto\/edimax-gp-201it-inyector-poe-gigabit-30w-802-3at\/#primaryimage"},"thumbnailUrl":"https:\/\/aivlisoft.net\/shop\/wp-content\/uploads\/2025\/01\/ANEAWI0185_800-1.jpg","datePublished":"2025-01-13T13:30:35+00:00","dateModified":"2025-01-14T10:23:53+00:00","breadcrumb":{"@id":"https:\/\/aivlisoft.net\/shop\/producto\/edimax-gp-201it-inyector-poe-gigabit-30w-802-3at\/#breadcrumb"},"inLanguage":"es","potentialAction":[{"@type":"ReadAction","target":["https:\/\/aivlisoft.net\/shop\/producto\/edimax-gp-201it-inyector-poe-gigabit-30w-802-3at\/"]}]},{"@type":"ImageObject","inLanguage":"es","@id":"https:\/\/aivlisoft.net\/shop\/producto\/edimax-gp-201it-inyector-poe-gigabit-30w-802-3at\/#primaryimage","url":"https:\/\/aivlisoft.net\/shop\/wp-content\/uploads\/2025\/01\/ANEAWI0185_800-1.jpg","contentUrl":"https:\/\/aivlisoft.net\/shop\/wp-content\/uploads\/2025\/01\/ANEAWI0185_800-1.jpg","width":800,"height":800},{"@type":"BreadcrumbList","@id":"https:\/\/aivlisoft.net\/shop\/producto\/edimax-gp-201it-inyector-poe-gigabit-30w-802-3at\/#breadcrumb","itemListElement":[{"@type":"ListItem","position":1,"name":"Portada","item":"https:\/\/aivlisoft.net\/shop\/"},{"@type":"ListItem","position":2,"name":"Tienda","item":"https:\/\/aivlisoft.net\/shop\/tienda\/"},{"@type":"ListItem","position":3,"name":"Edimax GP-201IT Inyector POE+ Gigabit 30W 802.3at"}]},{"@type":"WebSite","@id":"https:\/\/aivlisoft.net\/shop\/#website","url":"https:\/\/aivlisoft.net\/shop\/","name":"Aivlisoft Inform\u00e1tica","description":"En Aivlisoft Inform\u00e1tica ofrecemos soluciones tecnol\u00f3gicas para empresas: venta de ordenadores, consumibles, perif\u00e9ricos y m\u00e1s. Calidad, atenci\u00f3n personalizada y los mejores precios para tu negocio.","publisher":{"@id":"https:\/\/aivlisoft.net\/shop\/#organization"},"potentialAction":[{"@type":"SearchAction","target":{"@type":"EntryPoint","urlTemplate":"https:\/\/aivlisoft.net\/shop\/?s={search_term_string}"},"query-input":{"@type":"PropertyValueSpecification","valueRequired":true,"valueName":"search_term_string"}}],"inLanguage":"es"},{"@type":"Organization","@id":"https:\/\/aivlisoft.net\/shop\/#organization","name":"Aivlisoft Inform\u00e1tica","url":"https:\/\/aivlisoft.net\/shop\/","logo":{"@type":"ImageObject","inLanguage":"es","@id":"https:\/\/aivlisoft.net\/shop\/#\/schema\/logo\/image\/","url":"https:\/\/aivlisoft.net\/shop\/wp-content\/uploads\/2024\/12\/removal.ai_5b848c54-0cdf-4140-95c5-c5536bb7573b-logodef.png","contentUrl":"https:\/\/aivlisoft.net\/shop\/wp-content\/uploads\/2024\/12\/removal.ai_5b848c54-0cdf-4140-95c5-c5536bb7573b-logodef.png","width":484,"height":182,"caption":"Aivlisoft Inform\u00e1tica"},"image":{"@id":"https:\/\/aivlisoft.net\/shop\/#\/schema\/logo\/image\/"}}]}},"_links":{"self":[{"href":"https:\/\/aivlisoft.net\/shop\/wp-json\/wp\/v2\/product\/6165","targetHints":{"allow":["GET"]}}],"collection":[{"href":"https:\/\/aivlisoft.net\/shop\/wp-json\/wp\/v2\/product"}],"about":[{"href":"https:\/\/aivlisoft.net\/shop\/wp-json\/wp\/v2\/types\/product"}],"wp:featuredmedia":[{"embeddable":true,"href":"https:\/\/aivlisoft.net\/shop\/wp-json\/wp\/v2\/media\/6166"}],"wp:attachment":[{"href":"https:\/\/aivlisoft.net\/shop\/wp-json\/wp\/v2\/media?parent=6165"}],"wp:term":[{"taxonomy":"product_brand","embeddable":true,"href":"https:\/\/aivlisoft.net\/shop\/wp-json\/wp\/v2\/product_brand?post=6165"},{"taxonomy":"product_cat","embeddable":true,"href":"https:\/\/aivlisoft.net\/shop\/wp-json\/wp\/v2\/product_cat?post=6165"},{"taxonomy":"product_tag","embeddable":true,"href":"https:\/\/aivlisoft.net\/shop\/wp-json\/wp\/v2\/product_tag?post=6165"}],"curies":[{"name":"wp","href":"https:\/\/api.w.org\/{rel}","templated":true}]}}