{"id":6144,"date":"2025-01-13T13:30:26","date_gmt":"2025-01-13T13:30:26","guid":{"rendered":"https:\/\/aivlisoft.com\/?post_type=product&#038;p=6144"},"modified":"2025-01-14T10:23:45","modified_gmt":"2025-01-14T10:23:45","slug":"tp-link-oc300-omada-controlador-hardware","status":"publish","type":"product","link":"https:\/\/aivlisoft.net\/shop\/producto\/tp-link-oc300-omada-controlador-hardware\/","title":{"rendered":"TP-Link OC300 Omada Controlador Hardware"},"content":{"rendered":"<p>&#8211; Gesti&oacute;n centralizada de hasta 500 puntos de acceso Omada, conmutadores JetStream y enrutadores SafeStream.<br \/>&#8211; Acceso a la nube para administrar desde cualquier lugar, en cualquier momento.<br \/>&#8211; Monitoree y administre dispositivos localmente con la m&aacute;xima seguridad y estabilidad.<br \/>&#8211; La aplicaci&oacute;n Omada para una gesti&oacute;n conveniente.<br \/>&#8211; Dise&ntilde;o de hardware l&iacute;der en la industria con un potente conjunto de chips, carcasa met&aacute;lica duradera y puerto USB 3.0 para copia de seguridad autom&aacute;tica.<br \/>&#8211; La administraci&oacute;n por lotes, la administraci&oacute;n de sitios m&uacute;ltiples y las actualizaciones remotas de firmware benefician el mantenimiento de la red.<br \/>&#8211; El panel de control f&aacute;cil de usar hace que sea f&aacute;cil ver el estado de su red en tiempo real y verificar el uso de la red y la distribuci&oacute;n del tr&aacute;fico.<br \/>&#8211; La topolog&iacute;a de red ayuda a los administradores de TI a ver y solucionar problemas r&aacute;pidamente de las conexiones de un vistazo.<\/p>\n<table width=\"100%\">\n<tr>\n<td valign=\"top\"><strong>Marca<\/strong><\/td>\n<td>TP-Link<\/td>\n<\/tr>\n<tr>\n<td valign=\"top\"><strong>Modelo<\/strong><\/td>\n<td valign=\"top\"><strong>OC300<\/strong><\/td>\n<\/tr>\n<tr>\n<td valign=\"top\"><strong>Tipo<\/strong><\/td>\n<td>Controlador Omada hardware<\/td>\n<\/tr>\n<tr>\n<td valign=\"top\"><strong>Otras caracter&iacute;sticas<\/strong><\/td>\n<td><strong>Hardware<\/strong><br \/>\t\t\t&#8211; Fuente de Alimentaci&oacute;n: 100&ndash;240 V~50\/60 Hz, 0.6 A<br \/>\t\t\t&#8211; Dimensiones: 294 &times; 180 &times; 44 mm (11.6 &times; 7.1 &times; 1.7 in )<br \/>\t\t\t<strong>Interfaz<\/strong><br \/>\t\t\t&#8211; 2 puertos &times; 10\/100\/1000 Mbps Ethernet<br \/>\t\t\t&#8211; 1 puerto &times; USB 3.0<br \/>\t\t\t<strong>Gesti&oacute;n<\/strong><br \/>\t\t\t&#8211; Omada&nbsp;<br \/>\t\t\t&#8211; AppCloud Access&nbsp;&nbsp; &nbsp;<br \/>\t\t\t&#8211; Gesti&oacute;n L3&nbsp;&nbsp; &nbsp;<br \/>\t\t\t&#8211; Gesti&oacute;n Multi-sitio<br \/>\t\t\t<strong>Centralized Management<\/strong><br \/>\t\t\t&#8211; Hasta 500 puntos de acceso Omada, conmutadores JetStream y enrutadores SafeStream<br \/>\t\t\t&#8211; Hasta 15,000 clientes.<br \/>\t\t\t<strong>Funciones de gesti&oacute;n<\/strong><br \/>\t\t\t&#8211; Detecci&oacute;n autom&aacute;tica de dispositivos<br \/>\t\t\t&#8211; Configuraci&oacute;n por lotes<br \/>\t\t\t&#8211; Actualizaci&oacute;n de firmware por lotes<br \/>\t\t\t&#8211; Monitorizaci&oacute;n inteligente de red<br \/>\t\t\t&#8211; Advertencias de eventos anormales<br \/>\t\t\t&#8211; Configuraci&oacute;n unificada<br \/>\t\t\t&#8211; Programa de reinicio<br \/>\t\t\t&#8211; Configuraci&oacute;n del portal cautivo<br \/>\t\t\t<strong>Requisitos del sistema<\/strong><br \/>\t\t\t&#8211; Microsoft&reg; Windows&reg;10, 8, 7,Vista&trade;, XP o MAC&reg; OS, NetWare&reg;, UNIX&reg; o Linux<br \/>\t\t\t<strong>Contenido del Paquete&nbsp;&nbsp; &nbsp;<\/strong><br \/>\t\t\t&#8211; Omada Hardware Controller OC300<br \/>\t\t\t&#8211; Quick Installation Guide<br \/>\t\t\t&#8211; Ethernet Cable<br \/>\t\t\t&#8211; Power Cord<br \/>\t\t\t&#8211; Rackmount Kit<\/td>\n<\/tr>\n<tr>\n<td valign=\"top\"><strong>Fecha de revisi&oacute;n<\/strong><\/td>\n<td>04-12-2014 por MSB<\/td>\n<\/tr>\n<\/table>\n","protected":false},"excerpt":{"rendered":"<p>&#8211; Gesti&oacute;n centralizada de hasta 500 puntos de acceso Omada, conmutadores JetStream y enrutadores SafeStream.&#8211; Acceso a la nube para administrar desde cualquier lugar, en cualquier momento.&#8211; Monitoree y administre dispositivos localmente con la m&aacute;xima seguridad y estabilidad.&#8211; La aplicaci&oacute;n Omada para una gesti&oacute;n conveniente.&#8211; Dise&ntilde;o de hardware l&iacute;der en la industria con un potente&hellip;&nbsp;<a href=\"https:\/\/aivlisoft.net\/shop\/producto\/tp-link-oc300-omada-controlador-hardware\/\" rel=\"bookmark\"><span class=\"screen-reader-text\">TP-Link OC300 Omada Controlador Hardware<\/span><\/a><\/p>\n","protected":false},"featured_media":6145,"template":"","meta":{"neve_meta_sidebar":"","neve_meta_container":"","neve_meta_enable_content_width":"","neve_meta_content_width":0,"neve_meta_title_alignment":"","neve_meta_author_avatar":"","neve_post_elements_order":"","neve_meta_disable_header":"","neve_meta_disable_footer":"","neve_meta_disable_title":""},"product_brand":[],"product_cat":[8705],"product_tag":[1954],"class_list":{"0":"post-6144","1":"product","2":"type-product","3":"status-publish","4":"has-post-thumbnail","6":"product_cat-accesorios-redes-wifi","7":"product_tag-oc300","9":"first","10":"instock","11":"taxable","12":"shipping-taxable","13":"purchasable","14":"product-type-simple"},"yoast_head":"<!-- This site is optimized with the Yoast SEO plugin v26.0 - https:\/\/yoast.com\/wordpress\/plugins\/seo\/ -->\n<title>TP-Link OC300 Omada Controlador Hardware - Aivlisoft Inform\u00e1tica<\/title>\n<meta name=\"robots\" content=\"index, follow, max-snippet:-1, max-image-preview:large, max-video-preview:-1\" \/>\n<link rel=\"canonical\" href=\"https:\/\/aivlisoft.net\/shop\/producto\/tp-link-oc300-omada-controlador-hardware\/\" \/>\n<meta property=\"og:locale\" content=\"es_ES\" \/>\n<meta property=\"og:type\" content=\"article\" \/>\n<meta property=\"og:title\" content=\"TP-Link OC300 Omada Controlador Hardware - Aivlisoft Inform\u00e1tica\" \/>\n<meta property=\"og:description\" content=\"&#8211; Gesti&oacute;n centralizada de hasta 500 puntos de acceso Omada, conmutadores JetStream y enrutadores SafeStream.&#8211; Acceso a la nube para administrar desde cualquier lugar, en cualquier momento.&#8211; Monitoree y administre dispositivos localmente con la m&aacute;xima seguridad y estabilidad.&#8211; La aplicaci&oacute;n Omada para una gesti&oacute;n conveniente.&#8211; Dise&ntilde;o de hardware l&iacute;der en la industria con un potente&hellip;&nbsp;TP-Link OC300 Omada Controlador Hardware\" \/>\n<meta property=\"og:url\" content=\"https:\/\/aivlisoft.net\/shop\/producto\/tp-link-oc300-omada-controlador-hardware\/\" \/>\n<meta property=\"og:site_name\" content=\"Aivlisoft Inform\u00e1tica\" \/>\n<meta property=\"article:modified_time\" content=\"2025-01-14T10:23:45+00:00\" \/>\n<meta property=\"og:image\" content=\"https:\/\/aivlisoft.net\/shop\/wp-content\/uploads\/2025\/01\/ANEAWI0176_800-1.jpg\" \/>\n\t<meta property=\"og:image:width\" content=\"800\" \/>\n\t<meta property=\"og:image:height\" content=\"800\" \/>\n\t<meta property=\"og:image:type\" content=\"image\/jpeg\" \/>\n<meta name=\"twitter:card\" content=\"summary_large_image\" \/>\n<meta name=\"twitter:label1\" content=\"Tiempo de lectura\" \/>\n\t<meta name=\"twitter:data1\" content=\"2 minutos\" \/>\n<script type=\"application\/ld+json\" class=\"yoast-schema-graph\">{\"@context\":\"https:\/\/schema.org\",\"@graph\":[{\"@type\":\"WebPage\",\"@id\":\"https:\/\/aivlisoft.net\/shop\/producto\/tp-link-oc300-omada-controlador-hardware\/\",\"url\":\"https:\/\/aivlisoft.net\/shop\/producto\/tp-link-oc300-omada-controlador-hardware\/\",\"name\":\"TP-Link OC300 Omada Controlador Hardware - Aivlisoft Inform\u00e1tica\",\"isPartOf\":{\"@id\":\"https:\/\/aivlisoft.net\/shop\/#website\"},\"primaryImageOfPage\":{\"@id\":\"https:\/\/aivlisoft.net\/shop\/producto\/tp-link-oc300-omada-controlador-hardware\/#primaryimage\"},\"image\":{\"@id\":\"https:\/\/aivlisoft.net\/shop\/producto\/tp-link-oc300-omada-controlador-hardware\/#primaryimage\"},\"thumbnailUrl\":\"https:\/\/aivlisoft.net\/shop\/wp-content\/uploads\/2025\/01\/ANEAWI0176_800-1.jpg\",\"datePublished\":\"2025-01-13T13:30:26+00:00\",\"dateModified\":\"2025-01-14T10:23:45+00:00\",\"breadcrumb\":{\"@id\":\"https:\/\/aivlisoft.net\/shop\/producto\/tp-link-oc300-omada-controlador-hardware\/#breadcrumb\"},\"inLanguage\":\"es\",\"potentialAction\":[{\"@type\":\"ReadAction\",\"target\":[\"https:\/\/aivlisoft.net\/shop\/producto\/tp-link-oc300-omada-controlador-hardware\/\"]}]},{\"@type\":\"ImageObject\",\"inLanguage\":\"es\",\"@id\":\"https:\/\/aivlisoft.net\/shop\/producto\/tp-link-oc300-omada-controlador-hardware\/#primaryimage\",\"url\":\"https:\/\/aivlisoft.net\/shop\/wp-content\/uploads\/2025\/01\/ANEAWI0176_800-1.jpg\",\"contentUrl\":\"https:\/\/aivlisoft.net\/shop\/wp-content\/uploads\/2025\/01\/ANEAWI0176_800-1.jpg\",\"width\":800,\"height\":800},{\"@type\":\"BreadcrumbList\",\"@id\":\"https:\/\/aivlisoft.net\/shop\/producto\/tp-link-oc300-omada-controlador-hardware\/#breadcrumb\",\"itemListElement\":[{\"@type\":\"ListItem\",\"position\":1,\"name\":\"Portada\",\"item\":\"https:\/\/aivlisoft.net\/shop\/\"},{\"@type\":\"ListItem\",\"position\":2,\"name\":\"Tienda\",\"item\":\"https:\/\/aivlisoft.net\/shop\/tienda\/\"},{\"@type\":\"ListItem\",\"position\":3,\"name\":\"TP-Link OC300 Omada Controlador Hardware\"}]},{\"@type\":\"WebSite\",\"@id\":\"https:\/\/aivlisoft.net\/shop\/#website\",\"url\":\"https:\/\/aivlisoft.net\/shop\/\",\"name\":\"Aivlisoft Inform\u00e1tica\",\"description\":\"En Aivlisoft Inform\u00e1tica ofrecemos soluciones tecnol\u00f3gicas para empresas: venta de ordenadores, consumibles, perif\u00e9ricos y m\u00e1s. Calidad, atenci\u00f3n personalizada y los mejores precios para tu negocio.\",\"publisher\":{\"@id\":\"https:\/\/aivlisoft.net\/shop\/#organization\"},\"potentialAction\":[{\"@type\":\"SearchAction\",\"target\":{\"@type\":\"EntryPoint\",\"urlTemplate\":\"https:\/\/aivlisoft.net\/shop\/?s={search_term_string}\"},\"query-input\":{\"@type\":\"PropertyValueSpecification\",\"valueRequired\":true,\"valueName\":\"search_term_string\"}}],\"inLanguage\":\"es\"},{\"@type\":\"Organization\",\"@id\":\"https:\/\/aivlisoft.net\/shop\/#organization\",\"name\":\"Aivlisoft Inform\u00e1tica\",\"url\":\"https:\/\/aivlisoft.net\/shop\/\",\"logo\":{\"@type\":\"ImageObject\",\"inLanguage\":\"es\",\"@id\":\"https:\/\/aivlisoft.net\/shop\/#\/schema\/logo\/image\/\",\"url\":\"https:\/\/aivlisoft.net\/shop\/wp-content\/uploads\/2024\/12\/removal.ai_5b848c54-0cdf-4140-95c5-c5536bb7573b-logodef.png\",\"contentUrl\":\"https:\/\/aivlisoft.net\/shop\/wp-content\/uploads\/2024\/12\/removal.ai_5b848c54-0cdf-4140-95c5-c5536bb7573b-logodef.png\",\"width\":484,\"height\":182,\"caption\":\"Aivlisoft Inform\u00e1tica\"},\"image\":{\"@id\":\"https:\/\/aivlisoft.net\/shop\/#\/schema\/logo\/image\/\"}}]}<\/script>\n<!-- \/ Yoast SEO plugin. -->","yoast_head_json":{"title":"TP-Link OC300 Omada Controlador Hardware - Aivlisoft Inform\u00e1tica","robots":{"index":"index","follow":"follow","max-snippet":"max-snippet:-1","max-image-preview":"max-image-preview:large","max-video-preview":"max-video-preview:-1"},"canonical":"https:\/\/aivlisoft.net\/shop\/producto\/tp-link-oc300-omada-controlador-hardware\/","og_locale":"es_ES","og_type":"article","og_title":"TP-Link OC300 Omada Controlador Hardware - Aivlisoft Inform\u00e1tica","og_description":"&#8211; Gesti&oacute;n centralizada de hasta 500 puntos de acceso Omada, conmutadores JetStream y enrutadores SafeStream.&#8211; Acceso a la nube para administrar desde cualquier lugar, en cualquier momento.&#8211; Monitoree y administre dispositivos localmente con la m&aacute;xima seguridad y estabilidad.&#8211; La aplicaci&oacute;n Omada para una gesti&oacute;n conveniente.&#8211; Dise&ntilde;o de hardware l&iacute;der en la industria con un potente&hellip;&nbsp;TP-Link OC300 Omada Controlador Hardware","og_url":"https:\/\/aivlisoft.net\/shop\/producto\/tp-link-oc300-omada-controlador-hardware\/","og_site_name":"Aivlisoft Inform\u00e1tica","article_modified_time":"2025-01-14T10:23:45+00:00","og_image":[{"width":800,"height":800,"url":"https:\/\/aivlisoft.net\/shop\/wp-content\/uploads\/2025\/01\/ANEAWI0176_800-1.jpg","type":"image\/jpeg"}],"twitter_card":"summary_large_image","twitter_misc":{"Tiempo de lectura":"2 minutos"},"schema":{"@context":"https:\/\/schema.org","@graph":[{"@type":"WebPage","@id":"https:\/\/aivlisoft.net\/shop\/producto\/tp-link-oc300-omada-controlador-hardware\/","url":"https:\/\/aivlisoft.net\/shop\/producto\/tp-link-oc300-omada-controlador-hardware\/","name":"TP-Link OC300 Omada Controlador Hardware - Aivlisoft Inform\u00e1tica","isPartOf":{"@id":"https:\/\/aivlisoft.net\/shop\/#website"},"primaryImageOfPage":{"@id":"https:\/\/aivlisoft.net\/shop\/producto\/tp-link-oc300-omada-controlador-hardware\/#primaryimage"},"image":{"@id":"https:\/\/aivlisoft.net\/shop\/producto\/tp-link-oc300-omada-controlador-hardware\/#primaryimage"},"thumbnailUrl":"https:\/\/aivlisoft.net\/shop\/wp-content\/uploads\/2025\/01\/ANEAWI0176_800-1.jpg","datePublished":"2025-01-13T13:30:26+00:00","dateModified":"2025-01-14T10:23:45+00:00","breadcrumb":{"@id":"https:\/\/aivlisoft.net\/shop\/producto\/tp-link-oc300-omada-controlador-hardware\/#breadcrumb"},"inLanguage":"es","potentialAction":[{"@type":"ReadAction","target":["https:\/\/aivlisoft.net\/shop\/producto\/tp-link-oc300-omada-controlador-hardware\/"]}]},{"@type":"ImageObject","inLanguage":"es","@id":"https:\/\/aivlisoft.net\/shop\/producto\/tp-link-oc300-omada-controlador-hardware\/#primaryimage","url":"https:\/\/aivlisoft.net\/shop\/wp-content\/uploads\/2025\/01\/ANEAWI0176_800-1.jpg","contentUrl":"https:\/\/aivlisoft.net\/shop\/wp-content\/uploads\/2025\/01\/ANEAWI0176_800-1.jpg","width":800,"height":800},{"@type":"BreadcrumbList","@id":"https:\/\/aivlisoft.net\/shop\/producto\/tp-link-oc300-omada-controlador-hardware\/#breadcrumb","itemListElement":[{"@type":"ListItem","position":1,"name":"Portada","item":"https:\/\/aivlisoft.net\/shop\/"},{"@type":"ListItem","position":2,"name":"Tienda","item":"https:\/\/aivlisoft.net\/shop\/tienda\/"},{"@type":"ListItem","position":3,"name":"TP-Link OC300 Omada Controlador Hardware"}]},{"@type":"WebSite","@id":"https:\/\/aivlisoft.net\/shop\/#website","url":"https:\/\/aivlisoft.net\/shop\/","name":"Aivlisoft Inform\u00e1tica","description":"En Aivlisoft Inform\u00e1tica ofrecemos soluciones tecnol\u00f3gicas para empresas: venta de ordenadores, consumibles, perif\u00e9ricos y m\u00e1s. Calidad, atenci\u00f3n personalizada y los mejores precios para tu negocio.","publisher":{"@id":"https:\/\/aivlisoft.net\/shop\/#organization"},"potentialAction":[{"@type":"SearchAction","target":{"@type":"EntryPoint","urlTemplate":"https:\/\/aivlisoft.net\/shop\/?s={search_term_string}"},"query-input":{"@type":"PropertyValueSpecification","valueRequired":true,"valueName":"search_term_string"}}],"inLanguage":"es"},{"@type":"Organization","@id":"https:\/\/aivlisoft.net\/shop\/#organization","name":"Aivlisoft Inform\u00e1tica","url":"https:\/\/aivlisoft.net\/shop\/","logo":{"@type":"ImageObject","inLanguage":"es","@id":"https:\/\/aivlisoft.net\/shop\/#\/schema\/logo\/image\/","url":"https:\/\/aivlisoft.net\/shop\/wp-content\/uploads\/2024\/12\/removal.ai_5b848c54-0cdf-4140-95c5-c5536bb7573b-logodef.png","contentUrl":"https:\/\/aivlisoft.net\/shop\/wp-content\/uploads\/2024\/12\/removal.ai_5b848c54-0cdf-4140-95c5-c5536bb7573b-logodef.png","width":484,"height":182,"caption":"Aivlisoft Inform\u00e1tica"},"image":{"@id":"https:\/\/aivlisoft.net\/shop\/#\/schema\/logo\/image\/"}}]}},"_links":{"self":[{"href":"https:\/\/aivlisoft.net\/shop\/wp-json\/wp\/v2\/product\/6144","targetHints":{"allow":["GET"]}}],"collection":[{"href":"https:\/\/aivlisoft.net\/shop\/wp-json\/wp\/v2\/product"}],"about":[{"href":"https:\/\/aivlisoft.net\/shop\/wp-json\/wp\/v2\/types\/product"}],"wp:featuredmedia":[{"embeddable":true,"href":"https:\/\/aivlisoft.net\/shop\/wp-json\/wp\/v2\/media\/6145"}],"wp:attachment":[{"href":"https:\/\/aivlisoft.net\/shop\/wp-json\/wp\/v2\/media?parent=6144"}],"wp:term":[{"taxonomy":"product_brand","embeddable":true,"href":"https:\/\/aivlisoft.net\/shop\/wp-json\/wp\/v2\/product_brand?post=6144"},{"taxonomy":"product_cat","embeddable":true,"href":"https:\/\/aivlisoft.net\/shop\/wp-json\/wp\/v2\/product_cat?post=6144"},{"taxonomy":"product_tag","embeddable":true,"href":"https:\/\/aivlisoft.net\/shop\/wp-json\/wp\/v2\/product_tag?post=6144"}],"curies":[{"name":"wp","href":"https:\/\/api.w.org\/{rel}","templated":true}]}}