{"id":6139,"date":"2025-01-13T13:30:25","date_gmt":"2025-01-13T13:30:25","guid":{"rendered":"https:\/\/aivlisoft.com\/?post_type=product&#038;p=6139"},"modified":"2025-01-14T10:23:45","modified_gmt":"2025-01-14T10:23:45","slug":"ubiquiti-ltu-lr-radio-cliente-5ghz-cpe-ptmp","status":"publish","type":"product","link":"https:\/\/aivlisoft.net\/shop\/producto\/ubiquiti-ltu-lr-radio-cliente-5ghz-cpe-ptmp\/","title":{"rendered":"Ubiquiti LTU-LR Radio Cliente 5Ghz CPE PtMP"},"content":{"rendered":"<p><strong>Cliente de largo alcance PtMP LTU de 5 GHz, funciona en un entorno PtMP con LTU-Rocket como la estaci&oacute;n base.<\/strong><br \/>Al incorporar un dise&ntilde;o industrial innovador con tecnolog&iacute;a avanzada, el LTU LR es un radio punto a multipunto (PtMP) de 5 GHz con una antena integrada dise&ntilde;ada para usarse como un CPE PtMP. Tecnolog&iacute;a LTU que supera las limitaciones de la tecnolog&iacute;a Wi-Fi 802.11 y admite 1024QAM para un alto rendimiento y ancho de banda flexible (10\/20\/30\/40\/50 MHz).<\/p>\n<p>Caracter&iacute;sticas:<br \/>&#8211; PtMP CPE<br \/>&#8211; 1024 QAM<br \/>&#8211; Ancho de banda de canal de 10\/20\/30\/40\/50 MHz<br \/>&#8211; Gesti&oacute;n de configuraci&oacute;n central desde el lado AP<br \/>&#8211; Divisi&oacute;n de frecuencia<br \/>&#8211; Ajustes autom&aacute;ticos de potencia<br \/>&#8211; Soporte de modo de enrutador<br \/>&#8211; Alcance hasta 30 km<\/p>\n<table class=\"tabla_caracteristicas\" width=\"100%\">\n<tr>\n<td><strong>Marca<\/strong><\/td>\n<td>Ubiquiti<\/td>\n<\/tr>\n<tr>\n<td><strong>Modelo<\/strong><\/td>\n<td><strong>LTU-LR<\/strong><\/td>\n<\/tr>\n<tr>\n<td><strong>Especificaciones<\/strong><\/td>\n<td>&#8211; Interfaz de red: 1 x 10\/100\/1000 Ethernet<br \/>\t\t\t&#8211; Caja: pl&aacute;stico estabilizado a los rayos UV para exteriores<br \/>\t\t\t&#8211; M&aacute;x. Consumo de energ&iacute;a: 8,5 W<br \/>\t\t\t&#8211; Fuente de alimentaci&oacute;n: adaptador PoE Gigabit de 24 V, 0,5 A (incluido)<br \/>\t\t\t&#8211; M&eacute;todo de alimentaci&oacute;n: PoE pasivo de 24 V (pares 4, 5+; 7, \ud83d\ude0e<br \/>\t\t\t&#8211; Rango de voltaje: 22 &#8211; 26V<br \/>\t\t\t&#8211; M&aacute;x. Potencia TX conducida: 22 dBm (por cadena)<br \/>\t\t\t&#8211; Ganancia: 26 dBi<br \/>\t\t\t&#8211; Montaje: montaje en poste (kit incluido)<br \/>\t\t\t&#8211; Carga de viento: 550 N a 200 km \/ h<br \/>\t\t\t&#8211; Resistencia al viento: 200 km \/ h<br \/>\t\t\t&#8211; Protecci&oacute;n ESD \/ EMP: &plusmn; 24kV Contacto \/ Aire<br \/>\t\t\t&#8211; Dimensiones: 512,5 x 385,75 x 258,3 mm<br \/>\t\t\t&#8211; Peso: 1.360 kg<br \/>\t\t\t&#8211; Peso con soporte: 1.735 kg<br \/>\t\t\t&#8211; Temperatura de funcionamiento: -40 a 60 &deg; C<br \/>\t\t\t&#8211; Humedad de funcionamiento: 5 a 95% sin condensaci&oacute;n<br \/>\t\t\t&#8211; Certificaciones: CE, FCC, IC<\/td>\n<\/tr>\n<tr>\n<td><strong>Fecha de revisi&oacute;n<\/strong><\/td>\n<td>22-04-2021 por MSB<\/td>\n<\/tr>\n<\/table>\n","protected":false},"excerpt":{"rendered":"<p>Cliente de largo alcance PtMP LTU de 5 GHz, funciona en un entorno PtMP con LTU-Rocket como la estaci&oacute;n base.Al incorporar un dise&ntilde;o industrial innovador con tecnolog&iacute;a avanzada, el LTU LR es un radio punto a multipunto (PtMP) de 5 GHz con una antena integrada dise&ntilde;ada para usarse como un CPE PtMP. Tecnolog&iacute;a LTU que&hellip;&nbsp;<a href=\"https:\/\/aivlisoft.net\/shop\/producto\/ubiquiti-ltu-lr-radio-cliente-5ghz-cpe-ptmp\/\" rel=\"bookmark\"><span class=\"screen-reader-text\">Ubiquiti LTU-LR Radio Cliente 5Ghz CPE PtMP<\/span><\/a><\/p>\n","protected":false},"featured_media":6140,"template":"","meta":{"neve_meta_sidebar":"","neve_meta_container":"","neve_meta_enable_content_width":"","neve_meta_content_width":0,"neve_meta_title_alignment":"","neve_meta_author_avatar":"","neve_post_elements_order":"","neve_meta_disable_header":"","neve_meta_disable_footer":"","neve_meta_disable_title":""},"product_brand":[],"product_cat":[8705],"product_tag":[1952],"class_list":{"0":"post-6139","1":"product","2":"type-product","3":"status-publish","4":"has-post-thumbnail","6":"product_cat-accesorios-redes-wifi","7":"product_tag-ltu-lr","9":"first","10":"instock","11":"taxable","12":"shipping-taxable","13":"purchasable","14":"product-type-simple"},"yoast_head":"<!-- This site is optimized with the Yoast SEO plugin v26.0 - https:\/\/yoast.com\/wordpress\/plugins\/seo\/ -->\n<title>Ubiquiti LTU-LR Radio Cliente 5Ghz CPE PtMP - Aivlisoft Inform\u00e1tica<\/title>\n<meta name=\"robots\" content=\"index, follow, max-snippet:-1, max-image-preview:large, max-video-preview:-1\" \/>\n<link rel=\"canonical\" href=\"https:\/\/aivlisoft.net\/shop\/producto\/ubiquiti-ltu-lr-radio-cliente-5ghz-cpe-ptmp\/\" \/>\n<meta property=\"og:locale\" content=\"es_ES\" \/>\n<meta property=\"og:type\" content=\"article\" \/>\n<meta property=\"og:title\" content=\"Ubiquiti LTU-LR Radio Cliente 5Ghz CPE PtMP - Aivlisoft Inform\u00e1tica\" \/>\n<meta property=\"og:description\" content=\"Cliente de largo alcance PtMP LTU de 5 GHz, funciona en un entorno PtMP con LTU-Rocket como la estaci&oacute;n base.Al incorporar un dise&ntilde;o industrial innovador con tecnolog&iacute;a avanzada, el LTU LR es un radio punto a multipunto (PtMP) de 5 GHz con una antena integrada dise&ntilde;ada para usarse como un CPE PtMP. Tecnolog&iacute;a LTU que&hellip;&nbsp;Ubiquiti LTU-LR Radio Cliente 5Ghz CPE PtMP\" \/>\n<meta property=\"og:url\" content=\"https:\/\/aivlisoft.net\/shop\/producto\/ubiquiti-ltu-lr-radio-cliente-5ghz-cpe-ptmp\/\" \/>\n<meta property=\"og:site_name\" content=\"Aivlisoft Inform\u00e1tica\" \/>\n<meta property=\"article:modified_time\" content=\"2025-01-14T10:23:45+00:00\" \/>\n<meta property=\"og:image\" content=\"https:\/\/aivlisoft.net\/shop\/wp-content\/uploads\/2025\/01\/ANEAWI0173_800-1.jpg\" \/>\n\t<meta property=\"og:image:width\" content=\"800\" \/>\n\t<meta property=\"og:image:height\" content=\"800\" \/>\n\t<meta property=\"og:image:type\" content=\"image\/jpeg\" \/>\n<meta name=\"twitter:card\" content=\"summary_large_image\" \/>\n<meta name=\"twitter:label1\" content=\"Tiempo de lectura\" \/>\n\t<meta name=\"twitter:data1\" content=\"1 minuto\" \/>\n<script type=\"application\/ld+json\" class=\"yoast-schema-graph\">{\"@context\":\"https:\/\/schema.org\",\"@graph\":[{\"@type\":\"WebPage\",\"@id\":\"https:\/\/aivlisoft.net\/shop\/producto\/ubiquiti-ltu-lr-radio-cliente-5ghz-cpe-ptmp\/\",\"url\":\"https:\/\/aivlisoft.net\/shop\/producto\/ubiquiti-ltu-lr-radio-cliente-5ghz-cpe-ptmp\/\",\"name\":\"Ubiquiti LTU-LR Radio Cliente 5Ghz CPE PtMP - Aivlisoft Inform\u00e1tica\",\"isPartOf\":{\"@id\":\"https:\/\/aivlisoft.net\/shop\/#website\"},\"primaryImageOfPage\":{\"@id\":\"https:\/\/aivlisoft.net\/shop\/producto\/ubiquiti-ltu-lr-radio-cliente-5ghz-cpe-ptmp\/#primaryimage\"},\"image\":{\"@id\":\"https:\/\/aivlisoft.net\/shop\/producto\/ubiquiti-ltu-lr-radio-cliente-5ghz-cpe-ptmp\/#primaryimage\"},\"thumbnailUrl\":\"https:\/\/aivlisoft.net\/shop\/wp-content\/uploads\/2025\/01\/ANEAWI0173_800-1.jpg\",\"datePublished\":\"2025-01-13T13:30:25+00:00\",\"dateModified\":\"2025-01-14T10:23:45+00:00\",\"breadcrumb\":{\"@id\":\"https:\/\/aivlisoft.net\/shop\/producto\/ubiquiti-ltu-lr-radio-cliente-5ghz-cpe-ptmp\/#breadcrumb\"},\"inLanguage\":\"es\",\"potentialAction\":[{\"@type\":\"ReadAction\",\"target\":[\"https:\/\/aivlisoft.net\/shop\/producto\/ubiquiti-ltu-lr-radio-cliente-5ghz-cpe-ptmp\/\"]}]},{\"@type\":\"ImageObject\",\"inLanguage\":\"es\",\"@id\":\"https:\/\/aivlisoft.net\/shop\/producto\/ubiquiti-ltu-lr-radio-cliente-5ghz-cpe-ptmp\/#primaryimage\",\"url\":\"https:\/\/aivlisoft.net\/shop\/wp-content\/uploads\/2025\/01\/ANEAWI0173_800-1.jpg\",\"contentUrl\":\"https:\/\/aivlisoft.net\/shop\/wp-content\/uploads\/2025\/01\/ANEAWI0173_800-1.jpg\",\"width\":800,\"height\":800},{\"@type\":\"BreadcrumbList\",\"@id\":\"https:\/\/aivlisoft.net\/shop\/producto\/ubiquiti-ltu-lr-radio-cliente-5ghz-cpe-ptmp\/#breadcrumb\",\"itemListElement\":[{\"@type\":\"ListItem\",\"position\":1,\"name\":\"Portada\",\"item\":\"https:\/\/aivlisoft.net\/shop\/\"},{\"@type\":\"ListItem\",\"position\":2,\"name\":\"Tienda\",\"item\":\"https:\/\/aivlisoft.net\/shop\/tienda\/\"},{\"@type\":\"ListItem\",\"position\":3,\"name\":\"Ubiquiti LTU-LR Radio Cliente 5Ghz CPE PtMP\"}]},{\"@type\":\"WebSite\",\"@id\":\"https:\/\/aivlisoft.net\/shop\/#website\",\"url\":\"https:\/\/aivlisoft.net\/shop\/\",\"name\":\"Aivlisoft Inform\u00e1tica\",\"description\":\"En Aivlisoft Inform\u00e1tica ofrecemos soluciones tecnol\u00f3gicas para empresas: venta de ordenadores, consumibles, perif\u00e9ricos y m\u00e1s. Calidad, atenci\u00f3n personalizada y los mejores precios para tu negocio.\",\"publisher\":{\"@id\":\"https:\/\/aivlisoft.net\/shop\/#organization\"},\"potentialAction\":[{\"@type\":\"SearchAction\",\"target\":{\"@type\":\"EntryPoint\",\"urlTemplate\":\"https:\/\/aivlisoft.net\/shop\/?s={search_term_string}\"},\"query-input\":{\"@type\":\"PropertyValueSpecification\",\"valueRequired\":true,\"valueName\":\"search_term_string\"}}],\"inLanguage\":\"es\"},{\"@type\":\"Organization\",\"@id\":\"https:\/\/aivlisoft.net\/shop\/#organization\",\"name\":\"Aivlisoft Inform\u00e1tica\",\"url\":\"https:\/\/aivlisoft.net\/shop\/\",\"logo\":{\"@type\":\"ImageObject\",\"inLanguage\":\"es\",\"@id\":\"https:\/\/aivlisoft.net\/shop\/#\/schema\/logo\/image\/\",\"url\":\"https:\/\/aivlisoft.net\/shop\/wp-content\/uploads\/2024\/12\/removal.ai_5b848c54-0cdf-4140-95c5-c5536bb7573b-logodef.png\",\"contentUrl\":\"https:\/\/aivlisoft.net\/shop\/wp-content\/uploads\/2024\/12\/removal.ai_5b848c54-0cdf-4140-95c5-c5536bb7573b-logodef.png\",\"width\":484,\"height\":182,\"caption\":\"Aivlisoft Inform\u00e1tica\"},\"image\":{\"@id\":\"https:\/\/aivlisoft.net\/shop\/#\/schema\/logo\/image\/\"}}]}<\/script>\n<!-- \/ Yoast SEO plugin. -->","yoast_head_json":{"title":"Ubiquiti LTU-LR Radio Cliente 5Ghz CPE PtMP - Aivlisoft Inform\u00e1tica","robots":{"index":"index","follow":"follow","max-snippet":"max-snippet:-1","max-image-preview":"max-image-preview:large","max-video-preview":"max-video-preview:-1"},"canonical":"https:\/\/aivlisoft.net\/shop\/producto\/ubiquiti-ltu-lr-radio-cliente-5ghz-cpe-ptmp\/","og_locale":"es_ES","og_type":"article","og_title":"Ubiquiti LTU-LR Radio Cliente 5Ghz CPE PtMP - Aivlisoft Inform\u00e1tica","og_description":"Cliente de largo alcance PtMP LTU de 5 GHz, funciona en un entorno PtMP con LTU-Rocket como la estaci&oacute;n base.Al incorporar un dise&ntilde;o industrial innovador con tecnolog&iacute;a avanzada, el LTU LR es un radio punto a multipunto (PtMP) de 5 GHz con una antena integrada dise&ntilde;ada para usarse como un CPE PtMP. Tecnolog&iacute;a LTU que&hellip;&nbsp;Ubiquiti LTU-LR Radio Cliente 5Ghz CPE PtMP","og_url":"https:\/\/aivlisoft.net\/shop\/producto\/ubiquiti-ltu-lr-radio-cliente-5ghz-cpe-ptmp\/","og_site_name":"Aivlisoft Inform\u00e1tica","article_modified_time":"2025-01-14T10:23:45+00:00","og_image":[{"width":800,"height":800,"url":"https:\/\/aivlisoft.net\/shop\/wp-content\/uploads\/2025\/01\/ANEAWI0173_800-1.jpg","type":"image\/jpeg"}],"twitter_card":"summary_large_image","twitter_misc":{"Tiempo de lectura":"1 minuto"},"schema":{"@context":"https:\/\/schema.org","@graph":[{"@type":"WebPage","@id":"https:\/\/aivlisoft.net\/shop\/producto\/ubiquiti-ltu-lr-radio-cliente-5ghz-cpe-ptmp\/","url":"https:\/\/aivlisoft.net\/shop\/producto\/ubiquiti-ltu-lr-radio-cliente-5ghz-cpe-ptmp\/","name":"Ubiquiti LTU-LR Radio Cliente 5Ghz CPE PtMP - Aivlisoft Inform\u00e1tica","isPartOf":{"@id":"https:\/\/aivlisoft.net\/shop\/#website"},"primaryImageOfPage":{"@id":"https:\/\/aivlisoft.net\/shop\/producto\/ubiquiti-ltu-lr-radio-cliente-5ghz-cpe-ptmp\/#primaryimage"},"image":{"@id":"https:\/\/aivlisoft.net\/shop\/producto\/ubiquiti-ltu-lr-radio-cliente-5ghz-cpe-ptmp\/#primaryimage"},"thumbnailUrl":"https:\/\/aivlisoft.net\/shop\/wp-content\/uploads\/2025\/01\/ANEAWI0173_800-1.jpg","datePublished":"2025-01-13T13:30:25+00:00","dateModified":"2025-01-14T10:23:45+00:00","breadcrumb":{"@id":"https:\/\/aivlisoft.net\/shop\/producto\/ubiquiti-ltu-lr-radio-cliente-5ghz-cpe-ptmp\/#breadcrumb"},"inLanguage":"es","potentialAction":[{"@type":"ReadAction","target":["https:\/\/aivlisoft.net\/shop\/producto\/ubiquiti-ltu-lr-radio-cliente-5ghz-cpe-ptmp\/"]}]},{"@type":"ImageObject","inLanguage":"es","@id":"https:\/\/aivlisoft.net\/shop\/producto\/ubiquiti-ltu-lr-radio-cliente-5ghz-cpe-ptmp\/#primaryimage","url":"https:\/\/aivlisoft.net\/shop\/wp-content\/uploads\/2025\/01\/ANEAWI0173_800-1.jpg","contentUrl":"https:\/\/aivlisoft.net\/shop\/wp-content\/uploads\/2025\/01\/ANEAWI0173_800-1.jpg","width":800,"height":800},{"@type":"BreadcrumbList","@id":"https:\/\/aivlisoft.net\/shop\/producto\/ubiquiti-ltu-lr-radio-cliente-5ghz-cpe-ptmp\/#breadcrumb","itemListElement":[{"@type":"ListItem","position":1,"name":"Portada","item":"https:\/\/aivlisoft.net\/shop\/"},{"@type":"ListItem","position":2,"name":"Tienda","item":"https:\/\/aivlisoft.net\/shop\/tienda\/"},{"@type":"ListItem","position":3,"name":"Ubiquiti LTU-LR Radio Cliente 5Ghz CPE PtMP"}]},{"@type":"WebSite","@id":"https:\/\/aivlisoft.net\/shop\/#website","url":"https:\/\/aivlisoft.net\/shop\/","name":"Aivlisoft Inform\u00e1tica","description":"En Aivlisoft Inform\u00e1tica ofrecemos soluciones tecnol\u00f3gicas para empresas: venta de ordenadores, consumibles, perif\u00e9ricos y m\u00e1s. Calidad, atenci\u00f3n personalizada y los mejores precios para tu negocio.","publisher":{"@id":"https:\/\/aivlisoft.net\/shop\/#organization"},"potentialAction":[{"@type":"SearchAction","target":{"@type":"EntryPoint","urlTemplate":"https:\/\/aivlisoft.net\/shop\/?s={search_term_string}"},"query-input":{"@type":"PropertyValueSpecification","valueRequired":true,"valueName":"search_term_string"}}],"inLanguage":"es"},{"@type":"Organization","@id":"https:\/\/aivlisoft.net\/shop\/#organization","name":"Aivlisoft Inform\u00e1tica","url":"https:\/\/aivlisoft.net\/shop\/","logo":{"@type":"ImageObject","inLanguage":"es","@id":"https:\/\/aivlisoft.net\/shop\/#\/schema\/logo\/image\/","url":"https:\/\/aivlisoft.net\/shop\/wp-content\/uploads\/2024\/12\/removal.ai_5b848c54-0cdf-4140-95c5-c5536bb7573b-logodef.png","contentUrl":"https:\/\/aivlisoft.net\/shop\/wp-content\/uploads\/2024\/12\/removal.ai_5b848c54-0cdf-4140-95c5-c5536bb7573b-logodef.png","width":484,"height":182,"caption":"Aivlisoft Inform\u00e1tica"},"image":{"@id":"https:\/\/aivlisoft.net\/shop\/#\/schema\/logo\/image\/"}}]}},"_links":{"self":[{"href":"https:\/\/aivlisoft.net\/shop\/wp-json\/wp\/v2\/product\/6139","targetHints":{"allow":["GET"]}}],"collection":[{"href":"https:\/\/aivlisoft.net\/shop\/wp-json\/wp\/v2\/product"}],"about":[{"href":"https:\/\/aivlisoft.net\/shop\/wp-json\/wp\/v2\/types\/product"}],"wp:featuredmedia":[{"embeddable":true,"href":"https:\/\/aivlisoft.net\/shop\/wp-json\/wp\/v2\/media\/6140"}],"wp:attachment":[{"href":"https:\/\/aivlisoft.net\/shop\/wp-json\/wp\/v2\/media?parent=6139"}],"wp:term":[{"taxonomy":"product_brand","embeddable":true,"href":"https:\/\/aivlisoft.net\/shop\/wp-json\/wp\/v2\/product_brand?post=6139"},{"taxonomy":"product_cat","embeddable":true,"href":"https:\/\/aivlisoft.net\/shop\/wp-json\/wp\/v2\/product_cat?post=6139"},{"taxonomy":"product_tag","embeddable":true,"href":"https:\/\/aivlisoft.net\/shop\/wp-json\/wp\/v2\/product_tag?post=6139"}],"curies":[{"name":"wp","href":"https:\/\/api.w.org\/{rel}","templated":true}]}}