{"id":6136,"date":"2025-01-13T13:30:24","date_gmt":"2025-01-13T13:30:24","guid":{"rendered":"https:\/\/aivlisoft.com\/?post_type=product&#038;p=6136"},"modified":"2025-01-14T10:23:44","modified_gmt":"2025-01-14T10:23:44","slug":"tp-link-cpe710-5ghz-ac867-23dbi-outdoor","status":"publish","type":"product","link":"https:\/\/aivlisoft.net\/shop\/producto\/tp-link-cpe710-5ghz-ac867-23dbi-outdoor\/","title":{"rendered":"TP-Link CPE710 5GHz AC867 23dBi Outdoor"},"content":{"rendered":"<p>&nbsp;<\/p>\n<table class=\"tabla_caracteristicas k-table\" width=\"100%\">\n<tbody>\n<tr>\n<td valign=\"top\"><strong>Marca<\/strong><\/td>\n<td>TP-Link<\/td>\n<\/tr>\n<tr>\n<td valign=\"top\"><strong>Modelo<\/strong><\/td>\n<td><strong>CPE710<\/strong><\/td>\n<\/tr>\n<tr>\n<td valign=\"top\"><strong>Caracter&iacute;sticas Hardware<\/strong><\/td>\n<td>&#8211; Procesador: Qualcomm 750MHz CPU, MIPS 74Kc<br \/>&#8211; Memoria: 128 MB DDR2 RAM, 16 MB Flash<br \/>&#8211; Interfaz: <br \/>&nbsp; 1 Puerto 10\/100\/1000 Mbps Shielded Ethernet (LAN\/POE)<br \/>&nbsp; 1 Bot&oacute;n Reset<br \/>&#8211; Fuente de Alimentaci&oacute;n: <br \/>&nbsp; Passive Power over Ethernet via LAN (+4,5pins; -7,8pins)<br \/>&nbsp; Voltage range: 16-27V DC<br \/>&#8211; Dimensiones: 366 x 280 x 207 mm<br \/>&#8211; Ganancia de Antena: 23 dBi<br \/>&#8211; Ancho de Haz de la Antena: 9&deg; (Azimuth)\/7&deg; (Elevation)<br \/>&#8211; Protecci&oacute;n: 15 KV Protecci&oacute;n ESD<br \/>&#8211; 6 KV Protecci&oacute;n contra rayos<br \/>&#8211; Carcasa: Material: Plastico Exterior PC<br \/>&#8211; Prueba Intemperie: IP65 Dise&ntilde;o anti agua y polvo<\/td>\n<\/tr>\n<tr>\n<td><strong>Caracter&iacute;sticas Software<\/strong><\/td>\n<td>&#8211; Configuraci&oacute;n de Red:<br \/>&nbsp; WAN: est&aacute;tico \/ din&aacute;mico \/ PPPoE<br \/>&nbsp; LAN: Est&aacute;tica \/ Din&aacute;mica \/ DHCP<br \/>&nbsp; Reenv&iacute;o: ALG \/ UPnP \/ Servidor virtual \/ Activador de puertos<br \/>&nbsp; Seguridad: Firewall SPI \/ Ping prohibido \/ Protecci&oacute;n DoS<br \/>&nbsp; Control de acceso<br \/>&nbsp; enrutamiento estatico<br \/>&nbsp; Control de Ancho de Banda<br \/>&nbsp; Enlace de IP y MAC<br \/>&#8211; Configuraciones Inal&aacute;mbricas: <br \/>&nbsp; Ancho de canal seleccionable: 20\/40\/80 MHz<br \/>&nbsp; Selecci&oacute;n autom&aacute;tica de canales<br \/>&nbsp; Control de potencia de transmisi&oacute;n<br \/>&nbsp; Selecci&oacute;n de frecuencia din&aacute;mica (DFS)<br \/>&nbsp; WDS: Habilitar \/ Deshabilitar<br \/>&nbsp; Seguridad: Cifrado WPA \/ WPA2, WPA-PSK \/ WPA2-PSK (AES \/ TKIP),<br \/>&nbsp; SSID: Habilitar \/ Deshabilitar<br \/>&nbsp; Multi-SSID con etiquetado VLAN (solo modo AP)<br \/>&nbsp; Distancia \/ Configuraci&oacute;n de tiempo de espera ACK<br \/>&nbsp; filtro direcci&oacute;n MAC in&aacute;lambrico<br \/>&nbsp; Inal&aacute;mbrica avanzada:<br \/>&nbsp; Intervalo de baliza \/ Umbral RTS \/ Umbral de fragmentaci&oacute;n \/ Intervalo DTIM \/ Aislamiento AP \/ GI corto \/ Multimedia Wi-Fi<br \/>&nbsp; PtP de largo alcance<br \/>&#8211; Gesti&oacute;n:<br \/>&nbsp; Descubrimiento y gesti&oacute;n remota a trav&eacute;s de la aplicaci&oacute;n Pharos Control<br \/>&nbsp; Administraci&oacute;n basada en web HTTP \/ HTTPS<br \/>&nbsp; Registro del sistema<br \/>&nbsp; Agente SNMP (v2c)<br \/>&nbsp; Ping Watch Dog<br \/>&nbsp; DDNS din&aacute;mico<br \/>&nbsp; Servidor SSH<br \/>&#8211; Herramientas Del Sistema: <br \/>&nbsp; Indicadores: intensidad de la se&ntilde;al \/ ruido \/ transmisi&oacute;n CCQ \/ CPU \/ memoria<br \/>&nbsp; Monitores: Rendimiento \/ Estaciones \/ Interfaces \/ ARP \/ Rutas \/ WAN \/ DHCP<br \/>&nbsp; Analizador de espectro<br \/>&nbsp; Prueba de velocidad<br \/>&nbsp; Silbido<br \/>&nbsp; Traceroute<br \/>&nbsp; Alineaci&oacute;n de la antena<br \/>&#8211; Optimizaciones Nivel de Sistema: IGMP Snooping Optimizado \/ Proxy para aplicaciones multicast<br \/><strong>Caracter&iacute;sticas Inal&aacute;mbricas<br \/><\/strong>&#8211; Est&aacute;ndares Inal&aacute;mbricos: IEEE 802.11a\/n\/ac<br \/>&#8211; Velocidad Inal&aacute;mbrica: <br \/>&nbsp; Hasta 867 Mbps (80 MHz, Dynamic)<br \/>&nbsp; Hasta 400 Mbps (40 MHz, Dynamic)<br \/>&nbsp; Hasta 173.4 Mbps (20 MHz, Dynamic)<br \/>&#8211; Frecuencia: 5.15~5.85 GHz<br \/>&#8211; Potencia de Transmisi&oacute;n: Max. 27 dBm (Potencia ajustable 1dBm)<strong><\/strong><\/td>\n<\/tr>\n<tr>\n<td><strong>Caracter&iacute;sticas Adaptador POE<\/strong><\/td>\n<td>&#8211; Dimensiones(W*D*H): 85.8&times;43.9&times;29.7 mm<br \/>&#8211; Interfaces:<br \/>&nbsp; 1 Toma AC con protecci&oacute;n tierra<br \/>&nbsp; 1 Puerto &times; 10\/100\/1000 Mbps Shielded Ethernet (Energ&iacute;a + Datos)<br \/>&nbsp; 1 Puerto&times; 10\/100\/1000 Mbps Shielded Ethernet (Datos)<br \/>&#8211; Bot&oacute;n: Bot&oacute;n Reset Remoto<br \/>&#8211; LEDs de Estado Power: Green<br \/>&#8211; Entrada: 100-240VAC, 50\/60Hz<br \/>&#8211; Salida: 24VDC, 0.5A Max<br \/>&nbsp; +4, 5pins; -7, 8pins. (Soporte hasta 60m Energ&iacute;a sobre Ethernet)<br \/>&#8211; Eficiencia: &gt;84.29%<\/td>\n<\/tr>\n<tr>\n<td><strong>Otras Caracter&iacute;sticas<\/strong><\/td>\n<td>&#8211; Contenido del Paquete:<br \/>&nbsp; Outdoor Wireless CPE<br \/>&nbsp; Adaptador 24V 0.5A PoE Passivo PoE<br \/>&nbsp; Kit Montaje en M&aacute;stil<br \/>&nbsp; Cable de energ&iacute;a AC<br \/>&nbsp; Gu&iacute;a de Instalaci&oacute;n<br \/>&#8211; Requisitos del sistema:<br \/>&nbsp; Windows 98SE, NT, 2000, XP, Vista&trade; o Windows 10, Windows 8, Windows 7, <br \/>&nbsp; MAC OS, NetWare, UNIX o Linux.<br \/>&#8211; Certificaciones: CE\/FCC\/UL\/IC\/GS\/PSB\/C-tick\/SAA\/S-Mark\/KC\/RoHS, IP65<\/td>\n<\/tr>\n<tr>\n<td><strong>Fecha de revisi&oacute;n<\/strong><\/td>\n<td>22-10-2020 por MPM<\/td>\n<\/tr>\n<\/tbody>\n<\/table>\n","protected":false},"excerpt":{"rendered":"<p>&nbsp; Marca TP-Link Modelo CPE710 Caracter&iacute;sticas Hardware &#8211; Procesador: Qualcomm 750MHz CPU, MIPS 74Kc&#8211; Memoria: 128 MB DDR2 RAM, 16 MB Flash&#8211; Interfaz: &nbsp; 1 Puerto 10\/100\/1000 Mbps Shielded Ethernet (LAN\/POE)&nbsp; 1 Bot&oacute;n Reset&#8211; Fuente de Alimentaci&oacute;n: &nbsp; Passive Power over Ethernet via LAN (+4,5pins; -7,8pins)&nbsp; Voltage range: 16-27V DC&#8211; Dimensiones: 366 x 280 x&hellip;&nbsp;<a href=\"https:\/\/aivlisoft.net\/shop\/producto\/tp-link-cpe710-5ghz-ac867-23dbi-outdoor\/\" rel=\"bookmark\"><span class=\"screen-reader-text\">TP-Link CPE710 5GHz AC867 23dBi Outdoor<\/span><\/a><\/p>\n","protected":false},"featured_media":6137,"template":"","meta":{"neve_meta_sidebar":"","neve_meta_container":"","neve_meta_enable_content_width":"","neve_meta_content_width":0,"neve_meta_title_alignment":"","neve_meta_author_avatar":"","neve_post_elements_order":"","neve_meta_disable_header":"","neve_meta_disable_footer":"","neve_meta_disable_title":""},"product_brand":[],"product_cat":[8705],"product_tag":[1951],"class_list":{"0":"post-6136","1":"product","2":"type-product","3":"status-publish","4":"has-post-thumbnail","6":"product_cat-accesorios-redes-wifi","7":"product_tag-cpe710","9":"first","10":"instock","11":"taxable","12":"shipping-taxable","13":"purchasable","14":"product-type-simple"},"yoast_head":"<!-- This site is optimized with the Yoast SEO plugin v26.0 - https:\/\/yoast.com\/wordpress\/plugins\/seo\/ -->\n<title>TP-Link CPE710 5GHz AC867 23dBi Outdoor - Aivlisoft Inform\u00e1tica<\/title>\n<meta name=\"robots\" content=\"index, follow, max-snippet:-1, max-image-preview:large, max-video-preview:-1\" \/>\n<link rel=\"canonical\" href=\"https:\/\/aivlisoft.net\/shop\/producto\/tp-link-cpe710-5ghz-ac867-23dbi-outdoor\/\" \/>\n<meta property=\"og:locale\" content=\"es_ES\" \/>\n<meta property=\"og:type\" content=\"article\" \/>\n<meta property=\"og:title\" content=\"TP-Link CPE710 5GHz AC867 23dBi Outdoor - Aivlisoft Inform\u00e1tica\" \/>\n<meta property=\"og:description\" content=\"&nbsp; Marca TP-Link Modelo CPE710 Caracter&iacute;sticas Hardware &#8211; Procesador: Qualcomm 750MHz CPU, MIPS 74Kc&#8211; Memoria: 128 MB DDR2 RAM, 16 MB Flash&#8211; Interfaz: &nbsp; 1 Puerto 10\/100\/1000 Mbps Shielded Ethernet (LAN\/POE)&nbsp; 1 Bot&oacute;n Reset&#8211; Fuente de Alimentaci&oacute;n: &nbsp; Passive Power over Ethernet via LAN (+4,5pins; -7,8pins)&nbsp; Voltage range: 16-27V DC&#8211; Dimensiones: 366 x 280 x&hellip;&nbsp;TP-Link CPE710 5GHz AC867 23dBi Outdoor\" \/>\n<meta property=\"og:url\" content=\"https:\/\/aivlisoft.net\/shop\/producto\/tp-link-cpe710-5ghz-ac867-23dbi-outdoor\/\" \/>\n<meta property=\"og:site_name\" content=\"Aivlisoft Inform\u00e1tica\" \/>\n<meta property=\"article:modified_time\" content=\"2025-01-14T10:23:44+00:00\" \/>\n<meta property=\"og:image\" content=\"https:\/\/aivlisoft.net\/shop\/wp-content\/uploads\/2025\/01\/ANEAWI0171_800-1.jpg\" \/>\n\t<meta property=\"og:image:width\" content=\"800\" \/>\n\t<meta property=\"og:image:height\" content=\"800\" \/>\n\t<meta property=\"og:image:type\" content=\"image\/jpeg\" \/>\n<meta name=\"twitter:card\" content=\"summary_large_image\" \/>\n<meta name=\"twitter:label1\" content=\"Tiempo de lectura\" \/>\n\t<meta name=\"twitter:data1\" content=\"3 minutos\" \/>\n<script type=\"application\/ld+json\" class=\"yoast-schema-graph\">{\"@context\":\"https:\/\/schema.org\",\"@graph\":[{\"@type\":\"WebPage\",\"@id\":\"https:\/\/aivlisoft.net\/shop\/producto\/tp-link-cpe710-5ghz-ac867-23dbi-outdoor\/\",\"url\":\"https:\/\/aivlisoft.net\/shop\/producto\/tp-link-cpe710-5ghz-ac867-23dbi-outdoor\/\",\"name\":\"TP-Link CPE710 5GHz AC867 23dBi Outdoor - Aivlisoft Inform\u00e1tica\",\"isPartOf\":{\"@id\":\"https:\/\/aivlisoft.net\/shop\/#website\"},\"primaryImageOfPage\":{\"@id\":\"https:\/\/aivlisoft.net\/shop\/producto\/tp-link-cpe710-5ghz-ac867-23dbi-outdoor\/#primaryimage\"},\"image\":{\"@id\":\"https:\/\/aivlisoft.net\/shop\/producto\/tp-link-cpe710-5ghz-ac867-23dbi-outdoor\/#primaryimage\"},\"thumbnailUrl\":\"https:\/\/aivlisoft.net\/shop\/wp-content\/uploads\/2025\/01\/ANEAWI0171_800-1.jpg\",\"datePublished\":\"2025-01-13T13:30:24+00:00\",\"dateModified\":\"2025-01-14T10:23:44+00:00\",\"breadcrumb\":{\"@id\":\"https:\/\/aivlisoft.net\/shop\/producto\/tp-link-cpe710-5ghz-ac867-23dbi-outdoor\/#breadcrumb\"},\"inLanguage\":\"es\",\"potentialAction\":[{\"@type\":\"ReadAction\",\"target\":[\"https:\/\/aivlisoft.net\/shop\/producto\/tp-link-cpe710-5ghz-ac867-23dbi-outdoor\/\"]}]},{\"@type\":\"ImageObject\",\"inLanguage\":\"es\",\"@id\":\"https:\/\/aivlisoft.net\/shop\/producto\/tp-link-cpe710-5ghz-ac867-23dbi-outdoor\/#primaryimage\",\"url\":\"https:\/\/aivlisoft.net\/shop\/wp-content\/uploads\/2025\/01\/ANEAWI0171_800-1.jpg\",\"contentUrl\":\"https:\/\/aivlisoft.net\/shop\/wp-content\/uploads\/2025\/01\/ANEAWI0171_800-1.jpg\",\"width\":800,\"height\":800},{\"@type\":\"BreadcrumbList\",\"@id\":\"https:\/\/aivlisoft.net\/shop\/producto\/tp-link-cpe710-5ghz-ac867-23dbi-outdoor\/#breadcrumb\",\"itemListElement\":[{\"@type\":\"ListItem\",\"position\":1,\"name\":\"Portada\",\"item\":\"https:\/\/aivlisoft.net\/shop\/\"},{\"@type\":\"ListItem\",\"position\":2,\"name\":\"Tienda\",\"item\":\"https:\/\/aivlisoft.net\/shop\/tienda\/\"},{\"@type\":\"ListItem\",\"position\":3,\"name\":\"TP-Link CPE710 5GHz AC867 23dBi Outdoor\"}]},{\"@type\":\"WebSite\",\"@id\":\"https:\/\/aivlisoft.net\/shop\/#website\",\"url\":\"https:\/\/aivlisoft.net\/shop\/\",\"name\":\"Aivlisoft Inform\u00e1tica\",\"description\":\"En Aivlisoft Inform\u00e1tica ofrecemos soluciones tecnol\u00f3gicas para empresas: venta de ordenadores, consumibles, perif\u00e9ricos y m\u00e1s. Calidad, atenci\u00f3n personalizada y los mejores precios para tu negocio.\",\"publisher\":{\"@id\":\"https:\/\/aivlisoft.net\/shop\/#organization\"},\"potentialAction\":[{\"@type\":\"SearchAction\",\"target\":{\"@type\":\"EntryPoint\",\"urlTemplate\":\"https:\/\/aivlisoft.net\/shop\/?s={search_term_string}\"},\"query-input\":{\"@type\":\"PropertyValueSpecification\",\"valueRequired\":true,\"valueName\":\"search_term_string\"}}],\"inLanguage\":\"es\"},{\"@type\":\"Organization\",\"@id\":\"https:\/\/aivlisoft.net\/shop\/#organization\",\"name\":\"Aivlisoft Inform\u00e1tica\",\"url\":\"https:\/\/aivlisoft.net\/shop\/\",\"logo\":{\"@type\":\"ImageObject\",\"inLanguage\":\"es\",\"@id\":\"https:\/\/aivlisoft.net\/shop\/#\/schema\/logo\/image\/\",\"url\":\"https:\/\/aivlisoft.net\/shop\/wp-content\/uploads\/2024\/12\/removal.ai_5b848c54-0cdf-4140-95c5-c5536bb7573b-logodef.png\",\"contentUrl\":\"https:\/\/aivlisoft.net\/shop\/wp-content\/uploads\/2024\/12\/removal.ai_5b848c54-0cdf-4140-95c5-c5536bb7573b-logodef.png\",\"width\":484,\"height\":182,\"caption\":\"Aivlisoft Inform\u00e1tica\"},\"image\":{\"@id\":\"https:\/\/aivlisoft.net\/shop\/#\/schema\/logo\/image\/\"}}]}<\/script>\n<!-- \/ Yoast SEO plugin. -->","yoast_head_json":{"title":"TP-Link CPE710 5GHz AC867 23dBi Outdoor - Aivlisoft Inform\u00e1tica","robots":{"index":"index","follow":"follow","max-snippet":"max-snippet:-1","max-image-preview":"max-image-preview:large","max-video-preview":"max-video-preview:-1"},"canonical":"https:\/\/aivlisoft.net\/shop\/producto\/tp-link-cpe710-5ghz-ac867-23dbi-outdoor\/","og_locale":"es_ES","og_type":"article","og_title":"TP-Link CPE710 5GHz AC867 23dBi Outdoor - Aivlisoft Inform\u00e1tica","og_description":"&nbsp; Marca TP-Link Modelo CPE710 Caracter&iacute;sticas Hardware &#8211; Procesador: Qualcomm 750MHz CPU, MIPS 74Kc&#8211; Memoria: 128 MB DDR2 RAM, 16 MB Flash&#8211; Interfaz: &nbsp; 1 Puerto 10\/100\/1000 Mbps Shielded Ethernet (LAN\/POE)&nbsp; 1 Bot&oacute;n Reset&#8211; Fuente de Alimentaci&oacute;n: &nbsp; Passive Power over Ethernet via LAN (+4,5pins; -7,8pins)&nbsp; Voltage range: 16-27V DC&#8211; Dimensiones: 366 x 280 x&hellip;&nbsp;TP-Link CPE710 5GHz AC867 23dBi Outdoor","og_url":"https:\/\/aivlisoft.net\/shop\/producto\/tp-link-cpe710-5ghz-ac867-23dbi-outdoor\/","og_site_name":"Aivlisoft Inform\u00e1tica","article_modified_time":"2025-01-14T10:23:44+00:00","og_image":[{"width":800,"height":800,"url":"https:\/\/aivlisoft.net\/shop\/wp-content\/uploads\/2025\/01\/ANEAWI0171_800-1.jpg","type":"image\/jpeg"}],"twitter_card":"summary_large_image","twitter_misc":{"Tiempo de lectura":"3 minutos"},"schema":{"@context":"https:\/\/schema.org","@graph":[{"@type":"WebPage","@id":"https:\/\/aivlisoft.net\/shop\/producto\/tp-link-cpe710-5ghz-ac867-23dbi-outdoor\/","url":"https:\/\/aivlisoft.net\/shop\/producto\/tp-link-cpe710-5ghz-ac867-23dbi-outdoor\/","name":"TP-Link CPE710 5GHz AC867 23dBi Outdoor - Aivlisoft Inform\u00e1tica","isPartOf":{"@id":"https:\/\/aivlisoft.net\/shop\/#website"},"primaryImageOfPage":{"@id":"https:\/\/aivlisoft.net\/shop\/producto\/tp-link-cpe710-5ghz-ac867-23dbi-outdoor\/#primaryimage"},"image":{"@id":"https:\/\/aivlisoft.net\/shop\/producto\/tp-link-cpe710-5ghz-ac867-23dbi-outdoor\/#primaryimage"},"thumbnailUrl":"https:\/\/aivlisoft.net\/shop\/wp-content\/uploads\/2025\/01\/ANEAWI0171_800-1.jpg","datePublished":"2025-01-13T13:30:24+00:00","dateModified":"2025-01-14T10:23:44+00:00","breadcrumb":{"@id":"https:\/\/aivlisoft.net\/shop\/producto\/tp-link-cpe710-5ghz-ac867-23dbi-outdoor\/#breadcrumb"},"inLanguage":"es","potentialAction":[{"@type":"ReadAction","target":["https:\/\/aivlisoft.net\/shop\/producto\/tp-link-cpe710-5ghz-ac867-23dbi-outdoor\/"]}]},{"@type":"ImageObject","inLanguage":"es","@id":"https:\/\/aivlisoft.net\/shop\/producto\/tp-link-cpe710-5ghz-ac867-23dbi-outdoor\/#primaryimage","url":"https:\/\/aivlisoft.net\/shop\/wp-content\/uploads\/2025\/01\/ANEAWI0171_800-1.jpg","contentUrl":"https:\/\/aivlisoft.net\/shop\/wp-content\/uploads\/2025\/01\/ANEAWI0171_800-1.jpg","width":800,"height":800},{"@type":"BreadcrumbList","@id":"https:\/\/aivlisoft.net\/shop\/producto\/tp-link-cpe710-5ghz-ac867-23dbi-outdoor\/#breadcrumb","itemListElement":[{"@type":"ListItem","position":1,"name":"Portada","item":"https:\/\/aivlisoft.net\/shop\/"},{"@type":"ListItem","position":2,"name":"Tienda","item":"https:\/\/aivlisoft.net\/shop\/tienda\/"},{"@type":"ListItem","position":3,"name":"TP-Link CPE710 5GHz AC867 23dBi Outdoor"}]},{"@type":"WebSite","@id":"https:\/\/aivlisoft.net\/shop\/#website","url":"https:\/\/aivlisoft.net\/shop\/","name":"Aivlisoft Inform\u00e1tica","description":"En Aivlisoft Inform\u00e1tica ofrecemos soluciones tecnol\u00f3gicas para empresas: venta de ordenadores, consumibles, perif\u00e9ricos y m\u00e1s. Calidad, atenci\u00f3n personalizada y los mejores precios para tu negocio.","publisher":{"@id":"https:\/\/aivlisoft.net\/shop\/#organization"},"potentialAction":[{"@type":"SearchAction","target":{"@type":"EntryPoint","urlTemplate":"https:\/\/aivlisoft.net\/shop\/?s={search_term_string}"},"query-input":{"@type":"PropertyValueSpecification","valueRequired":true,"valueName":"search_term_string"}}],"inLanguage":"es"},{"@type":"Organization","@id":"https:\/\/aivlisoft.net\/shop\/#organization","name":"Aivlisoft Inform\u00e1tica","url":"https:\/\/aivlisoft.net\/shop\/","logo":{"@type":"ImageObject","inLanguage":"es","@id":"https:\/\/aivlisoft.net\/shop\/#\/schema\/logo\/image\/","url":"https:\/\/aivlisoft.net\/shop\/wp-content\/uploads\/2024\/12\/removal.ai_5b848c54-0cdf-4140-95c5-c5536bb7573b-logodef.png","contentUrl":"https:\/\/aivlisoft.net\/shop\/wp-content\/uploads\/2024\/12\/removal.ai_5b848c54-0cdf-4140-95c5-c5536bb7573b-logodef.png","width":484,"height":182,"caption":"Aivlisoft Inform\u00e1tica"},"image":{"@id":"https:\/\/aivlisoft.net\/shop\/#\/schema\/logo\/image\/"}}]}},"_links":{"self":[{"href":"https:\/\/aivlisoft.net\/shop\/wp-json\/wp\/v2\/product\/6136","targetHints":{"allow":["GET"]}}],"collection":[{"href":"https:\/\/aivlisoft.net\/shop\/wp-json\/wp\/v2\/product"}],"about":[{"href":"https:\/\/aivlisoft.net\/shop\/wp-json\/wp\/v2\/types\/product"}],"wp:featuredmedia":[{"embeddable":true,"href":"https:\/\/aivlisoft.net\/shop\/wp-json\/wp\/v2\/media\/6137"}],"wp:attachment":[{"href":"https:\/\/aivlisoft.net\/shop\/wp-json\/wp\/v2\/media?parent=6136"}],"wp:term":[{"taxonomy":"product_brand","embeddable":true,"href":"https:\/\/aivlisoft.net\/shop\/wp-json\/wp\/v2\/product_brand?post=6136"},{"taxonomy":"product_cat","embeddable":true,"href":"https:\/\/aivlisoft.net\/shop\/wp-json\/wp\/v2\/product_cat?post=6136"},{"taxonomy":"product_tag","embeddable":true,"href":"https:\/\/aivlisoft.net\/shop\/wp-json\/wp\/v2\/product_tag?post=6136"}],"curies":[{"name":"wp","href":"https:\/\/api.w.org\/{rel}","templated":true}]}}