{"id":6133,"date":"2025-01-13T13:30:20","date_gmt":"2025-01-13T13:30:20","guid":{"rendered":"https:\/\/aivlisoft.com\/?post_type=product&#038;p=6133"},"modified":"2025-01-14T10:23:40","modified_gmt":"2025-01-14T10:23:40","slug":"edimax-gp-1021t-inyector-poe-gigabit-60w","status":"publish","type":"product","link":"https:\/\/aivlisoft.net\/shop\/producto\/edimax-gp-1021t-inyector-poe-gigabit-60w\/","title":{"rendered":"Edimax GP-1021T Inyector POE++ Gigabit 60W"},"content":{"rendered":"<p>&#8211; Complies with IEEE 802.3af, IEEE 802.3at and IEEE 802.3bt Power over Ethernet (PoE) Standards.<br \/>&#8211; Adds PoE capability to a non-PoE Ethernet switch or router.<br \/>&#8211; Gigabit LAN ports provide high-speed connectivity.<br \/>&#8211; Supports PoE Powered Device (PD) up to 60W.<br \/>&#8211; PoE short circuit protection to safeguard network devices.<br \/>&#8211; Delivers power and data to PoE device from up to 100 meters (328 feet) over a single Ethernet cable.<br \/>&#8211; Reduces installation and equipment costs.<br \/>&#8211; Easy plug-and-play desktop or wall-mounted installation.<\/p>\n<table class=\"tabla_caracteristicas k-table\" width=\"100%\">\n<tr>\n<td valign=\"top\"><strong>Marca<\/strong><\/td>\n<td>Edimax<\/td>\n<\/tr>\n<tr>\n<td valign=\"top\"><strong>Modelo<\/strong><\/td>\n<td valign=\"top\"><strong>GP-102IT<\/strong><\/td>\n<\/tr>\n<tr>\n<td valign=\"top\"><strong>Caracter&iacute;sticas hardware<\/strong><\/td>\n<td>&#8211; Puertos:<br \/>\t\t\t&nbsp;&nbsp; 1 x puertos de entrada RJ-45 10\/100 \/ 1000Base-T<br \/>\t\t\t&nbsp;&nbsp; 1 x puertos de salida RJ-45 10\/100 \/ 1000Base-T PoE<br \/>\t\t\t&#8211; Indicadores LED: alimentaci&oacute;n de CA (PWR), alimentaci&oacute;n PoE<br \/>\t\t\t&#8211; Entrada de energ&iacute;a: 100-240V AC, 50-60Hz, 1.5A<br \/>\t\t\t&#8211; Montaje: Escritorio \/ Pared<br \/>\t\t\t&#8211; Vivienda: Metal<br \/>\t\t\t&#8211; Ventilador: sin ventilador<br \/>\t\t\t&#8211; Dimensi&oacute;n: 73 (W) x 154 (D) x 36 (H) mm<br \/>\t\t\t&#8211; Peso: 568g<\/td>\n<\/tr>\n<tr>\n<td valign=\"top\"><strong>Otras caracter&iacute;sticas<\/strong><\/td>\n<td>&#8211; Est&aacute;ndar:<br \/>\t\t\t&nbsp;&nbsp; IEEE 802.3af (PoE)<br \/>\t\t\t&nbsp;&nbsp; IEEE 802.3at (PoE +)<br \/>\t\t\t&nbsp;&nbsp; IEEE 802.3bt (PoE ++)<br \/>\t\t\t&#8211; Potencia de salida: DC 54V \/ 1.67A, hasta 60W<br \/>\t\t\t&#8211; Asignaci&oacute;n de pines:<br \/>\t\t\t&nbsp;&nbsp; 1\/2, 3\/6 para IEEE 802.3at \/ af<br \/>\t\t\t&nbsp;&nbsp; 1\/2, 3\/6 y 4\/5, 7\/8 para alimentaci&oacute;n IEEE 802.3bt 60W PoE ++<br \/>\t\t\t&#8211; Protecci&oacute;n contra cortocircuitos: s&iacute;<br \/>\t\t\t&#8211; Protecci&oacute;n contra sobrecircuitos: S&iacute;<br \/>\t\t\t&#8211; Detecci&oacute;n autom&aacute;tica PoE PD: S&iacute;<br \/>\t\t\t<strong>Otros<\/strong><br \/>\t\t\t&#8211; Est&aacute;ndar:<br \/>\t\t\t&nbsp;&nbsp; Ethernet IEEE 802.3 10BaseT<br \/>\t\t\t&nbsp;&nbsp; IEEE 802.3u 100BaseTX Fast Ethernet<br \/>\t\t\t&nbsp;&nbsp; IEEE 802.3ab 1000BaseT Gigabit Ethernet<br \/>\t\t\t&nbsp;&nbsp; Alimentaci&oacute;n a trav&eacute;s de Ethernet (PoE) IEEE 802.3af<br \/>\t\t\t&nbsp;&nbsp; IEEE 802.3at Power Over Ethernet Plus (PoE +)<br \/>\t\t\t&nbsp;&nbsp; Alimentaci&oacute;n a trav&eacute;s de Ethernet de 4 pares IEEE 802.3bt tipo 3<br \/>\t\t\t&#8211; Certificaci&oacute;n: CE, FCC<\/td>\n<\/tr>\n<tr>\n<td valign=\"top\"><strong>Fecha Revisi&oacute;n<\/strong><\/td>\n<td>24-09-2020 por MSB<\/td>\n<\/tr>\n<\/table>\n","protected":false},"excerpt":{"rendered":"<p>&#8211; Complies with IEEE 802.3af, IEEE 802.3at and IEEE 802.3bt Power over Ethernet (PoE) Standards.&#8211; Adds PoE capability to a non-PoE Ethernet switch or router.&#8211; Gigabit LAN ports provide high-speed connectivity.&#8211; Supports PoE Powered Device (PD) up to 60W.&#8211; PoE short circuit protection to safeguard network devices.&#8211; Delivers power and data to PoE device from&hellip;&nbsp;<a href=\"https:\/\/aivlisoft.net\/shop\/producto\/edimax-gp-1021t-inyector-poe-gigabit-60w\/\" rel=\"bookmark\"><span class=\"screen-reader-text\">Edimax GP-1021T Inyector POE++ Gigabit 60W<\/span><\/a><\/p>\n","protected":false},"featured_media":6134,"template":"","meta":{"neve_meta_sidebar":"","neve_meta_container":"","neve_meta_enable_content_width":"","neve_meta_content_width":0,"neve_meta_title_alignment":"","neve_meta_author_avatar":"","neve_post_elements_order":"","neve_meta_disable_header":"","neve_meta_disable_footer":"","neve_meta_disable_title":""},"product_brand":[],"product_cat":[8705],"product_tag":[1950],"class_list":{"0":"post-6133","1":"product","2":"type-product","3":"status-publish","4":"has-post-thumbnail","6":"product_cat-accesorios-redes-wifi","7":"product_tag-gp-102it","9":"first","10":"instock","11":"taxable","12":"shipping-taxable","13":"purchasable","14":"product-type-simple"},"yoast_head":"<!-- This site is optimized with the Yoast SEO plugin v26.0 - https:\/\/yoast.com\/wordpress\/plugins\/seo\/ -->\n<title>Edimax GP-1021T Inyector POE++ Gigabit 60W - Aivlisoft Inform\u00e1tica<\/title>\n<meta name=\"robots\" content=\"index, follow, max-snippet:-1, max-image-preview:large, max-video-preview:-1\" \/>\n<link rel=\"canonical\" href=\"https:\/\/aivlisoft.net\/shop\/producto\/edimax-gp-1021t-inyector-poe-gigabit-60w\/\" \/>\n<meta property=\"og:locale\" content=\"es_ES\" \/>\n<meta property=\"og:type\" content=\"article\" \/>\n<meta property=\"og:title\" content=\"Edimax GP-1021T Inyector POE++ Gigabit 60W - Aivlisoft Inform\u00e1tica\" \/>\n<meta property=\"og:description\" content=\"&#8211; Complies with IEEE 802.3af, IEEE 802.3at and IEEE 802.3bt Power over Ethernet (PoE) Standards.&#8211; Adds PoE capability to a non-PoE Ethernet switch or router.&#8211; Gigabit LAN ports provide high-speed connectivity.&#8211; Supports PoE Powered Device (PD) up to 60W.&#8211; PoE short circuit protection to safeguard network devices.&#8211; Delivers power and data to PoE device from&hellip;&nbsp;Edimax GP-1021T Inyector POE++ Gigabit 60W\" \/>\n<meta property=\"og:url\" content=\"https:\/\/aivlisoft.net\/shop\/producto\/edimax-gp-1021t-inyector-poe-gigabit-60w\/\" \/>\n<meta property=\"og:site_name\" content=\"Aivlisoft Inform\u00e1tica\" \/>\n<meta property=\"article:modified_time\" content=\"2025-01-14T10:23:40+00:00\" \/>\n<meta property=\"og:image\" content=\"https:\/\/aivlisoft.net\/shop\/wp-content\/uploads\/2025\/01\/ANEAWI0170_800-1.jpg\" \/>\n\t<meta property=\"og:image:width\" content=\"800\" \/>\n\t<meta property=\"og:image:height\" content=\"800\" \/>\n\t<meta property=\"og:image:type\" content=\"image\/jpeg\" \/>\n<meta name=\"twitter:card\" content=\"summary_large_image\" \/>\n<meta name=\"twitter:label1\" content=\"Tiempo de lectura\" \/>\n\t<meta name=\"twitter:data1\" content=\"2 minutos\" \/>\n<script type=\"application\/ld+json\" class=\"yoast-schema-graph\">{\"@context\":\"https:\/\/schema.org\",\"@graph\":[{\"@type\":\"WebPage\",\"@id\":\"https:\/\/aivlisoft.net\/shop\/producto\/edimax-gp-1021t-inyector-poe-gigabit-60w\/\",\"url\":\"https:\/\/aivlisoft.net\/shop\/producto\/edimax-gp-1021t-inyector-poe-gigabit-60w\/\",\"name\":\"Edimax GP-1021T Inyector POE++ Gigabit 60W - Aivlisoft Inform\u00e1tica\",\"isPartOf\":{\"@id\":\"https:\/\/aivlisoft.net\/shop\/#website\"},\"primaryImageOfPage\":{\"@id\":\"https:\/\/aivlisoft.net\/shop\/producto\/edimax-gp-1021t-inyector-poe-gigabit-60w\/#primaryimage\"},\"image\":{\"@id\":\"https:\/\/aivlisoft.net\/shop\/producto\/edimax-gp-1021t-inyector-poe-gigabit-60w\/#primaryimage\"},\"thumbnailUrl\":\"https:\/\/aivlisoft.net\/shop\/wp-content\/uploads\/2025\/01\/ANEAWI0170_800-1.jpg\",\"datePublished\":\"2025-01-13T13:30:20+00:00\",\"dateModified\":\"2025-01-14T10:23:40+00:00\",\"breadcrumb\":{\"@id\":\"https:\/\/aivlisoft.net\/shop\/producto\/edimax-gp-1021t-inyector-poe-gigabit-60w\/#breadcrumb\"},\"inLanguage\":\"es\",\"potentialAction\":[{\"@type\":\"ReadAction\",\"target\":[\"https:\/\/aivlisoft.net\/shop\/producto\/edimax-gp-1021t-inyector-poe-gigabit-60w\/\"]}]},{\"@type\":\"ImageObject\",\"inLanguage\":\"es\",\"@id\":\"https:\/\/aivlisoft.net\/shop\/producto\/edimax-gp-1021t-inyector-poe-gigabit-60w\/#primaryimage\",\"url\":\"https:\/\/aivlisoft.net\/shop\/wp-content\/uploads\/2025\/01\/ANEAWI0170_800-1.jpg\",\"contentUrl\":\"https:\/\/aivlisoft.net\/shop\/wp-content\/uploads\/2025\/01\/ANEAWI0170_800-1.jpg\",\"width\":800,\"height\":800},{\"@type\":\"BreadcrumbList\",\"@id\":\"https:\/\/aivlisoft.net\/shop\/producto\/edimax-gp-1021t-inyector-poe-gigabit-60w\/#breadcrumb\",\"itemListElement\":[{\"@type\":\"ListItem\",\"position\":1,\"name\":\"Portada\",\"item\":\"https:\/\/aivlisoft.net\/shop\/\"},{\"@type\":\"ListItem\",\"position\":2,\"name\":\"Tienda\",\"item\":\"https:\/\/aivlisoft.net\/shop\/tienda\/\"},{\"@type\":\"ListItem\",\"position\":3,\"name\":\"Edimax GP-1021T Inyector POE++ Gigabit 60W\"}]},{\"@type\":\"WebSite\",\"@id\":\"https:\/\/aivlisoft.net\/shop\/#website\",\"url\":\"https:\/\/aivlisoft.net\/shop\/\",\"name\":\"Aivlisoft Inform\u00e1tica\",\"description\":\"En Aivlisoft Inform\u00e1tica ofrecemos soluciones tecnol\u00f3gicas para empresas: venta de ordenadores, consumibles, perif\u00e9ricos y m\u00e1s. Calidad, atenci\u00f3n personalizada y los mejores precios para tu negocio.\",\"publisher\":{\"@id\":\"https:\/\/aivlisoft.net\/shop\/#organization\"},\"potentialAction\":[{\"@type\":\"SearchAction\",\"target\":{\"@type\":\"EntryPoint\",\"urlTemplate\":\"https:\/\/aivlisoft.net\/shop\/?s={search_term_string}\"},\"query-input\":{\"@type\":\"PropertyValueSpecification\",\"valueRequired\":true,\"valueName\":\"search_term_string\"}}],\"inLanguage\":\"es\"},{\"@type\":\"Organization\",\"@id\":\"https:\/\/aivlisoft.net\/shop\/#organization\",\"name\":\"Aivlisoft Inform\u00e1tica\",\"url\":\"https:\/\/aivlisoft.net\/shop\/\",\"logo\":{\"@type\":\"ImageObject\",\"inLanguage\":\"es\",\"@id\":\"https:\/\/aivlisoft.net\/shop\/#\/schema\/logo\/image\/\",\"url\":\"https:\/\/aivlisoft.net\/shop\/wp-content\/uploads\/2024\/12\/removal.ai_5b848c54-0cdf-4140-95c5-c5536bb7573b-logodef.png\",\"contentUrl\":\"https:\/\/aivlisoft.net\/shop\/wp-content\/uploads\/2024\/12\/removal.ai_5b848c54-0cdf-4140-95c5-c5536bb7573b-logodef.png\",\"width\":484,\"height\":182,\"caption\":\"Aivlisoft Inform\u00e1tica\"},\"image\":{\"@id\":\"https:\/\/aivlisoft.net\/shop\/#\/schema\/logo\/image\/\"}}]}<\/script>\n<!-- \/ Yoast SEO plugin. -->","yoast_head_json":{"title":"Edimax GP-1021T Inyector POE++ Gigabit 60W - Aivlisoft Inform\u00e1tica","robots":{"index":"index","follow":"follow","max-snippet":"max-snippet:-1","max-image-preview":"max-image-preview:large","max-video-preview":"max-video-preview:-1"},"canonical":"https:\/\/aivlisoft.net\/shop\/producto\/edimax-gp-1021t-inyector-poe-gigabit-60w\/","og_locale":"es_ES","og_type":"article","og_title":"Edimax GP-1021T Inyector POE++ Gigabit 60W - Aivlisoft Inform\u00e1tica","og_description":"&#8211; Complies with IEEE 802.3af, IEEE 802.3at and IEEE 802.3bt Power over Ethernet (PoE) Standards.&#8211; Adds PoE capability to a non-PoE Ethernet switch or router.&#8211; Gigabit LAN ports provide high-speed connectivity.&#8211; Supports PoE Powered Device (PD) up to 60W.&#8211; PoE short circuit protection to safeguard network devices.&#8211; Delivers power and data to PoE device from&hellip;&nbsp;Edimax GP-1021T Inyector POE++ Gigabit 60W","og_url":"https:\/\/aivlisoft.net\/shop\/producto\/edimax-gp-1021t-inyector-poe-gigabit-60w\/","og_site_name":"Aivlisoft Inform\u00e1tica","article_modified_time":"2025-01-14T10:23:40+00:00","og_image":[{"width":800,"height":800,"url":"https:\/\/aivlisoft.net\/shop\/wp-content\/uploads\/2025\/01\/ANEAWI0170_800-1.jpg","type":"image\/jpeg"}],"twitter_card":"summary_large_image","twitter_misc":{"Tiempo de lectura":"2 minutos"},"schema":{"@context":"https:\/\/schema.org","@graph":[{"@type":"WebPage","@id":"https:\/\/aivlisoft.net\/shop\/producto\/edimax-gp-1021t-inyector-poe-gigabit-60w\/","url":"https:\/\/aivlisoft.net\/shop\/producto\/edimax-gp-1021t-inyector-poe-gigabit-60w\/","name":"Edimax GP-1021T Inyector POE++ Gigabit 60W - Aivlisoft Inform\u00e1tica","isPartOf":{"@id":"https:\/\/aivlisoft.net\/shop\/#website"},"primaryImageOfPage":{"@id":"https:\/\/aivlisoft.net\/shop\/producto\/edimax-gp-1021t-inyector-poe-gigabit-60w\/#primaryimage"},"image":{"@id":"https:\/\/aivlisoft.net\/shop\/producto\/edimax-gp-1021t-inyector-poe-gigabit-60w\/#primaryimage"},"thumbnailUrl":"https:\/\/aivlisoft.net\/shop\/wp-content\/uploads\/2025\/01\/ANEAWI0170_800-1.jpg","datePublished":"2025-01-13T13:30:20+00:00","dateModified":"2025-01-14T10:23:40+00:00","breadcrumb":{"@id":"https:\/\/aivlisoft.net\/shop\/producto\/edimax-gp-1021t-inyector-poe-gigabit-60w\/#breadcrumb"},"inLanguage":"es","potentialAction":[{"@type":"ReadAction","target":["https:\/\/aivlisoft.net\/shop\/producto\/edimax-gp-1021t-inyector-poe-gigabit-60w\/"]}]},{"@type":"ImageObject","inLanguage":"es","@id":"https:\/\/aivlisoft.net\/shop\/producto\/edimax-gp-1021t-inyector-poe-gigabit-60w\/#primaryimage","url":"https:\/\/aivlisoft.net\/shop\/wp-content\/uploads\/2025\/01\/ANEAWI0170_800-1.jpg","contentUrl":"https:\/\/aivlisoft.net\/shop\/wp-content\/uploads\/2025\/01\/ANEAWI0170_800-1.jpg","width":800,"height":800},{"@type":"BreadcrumbList","@id":"https:\/\/aivlisoft.net\/shop\/producto\/edimax-gp-1021t-inyector-poe-gigabit-60w\/#breadcrumb","itemListElement":[{"@type":"ListItem","position":1,"name":"Portada","item":"https:\/\/aivlisoft.net\/shop\/"},{"@type":"ListItem","position":2,"name":"Tienda","item":"https:\/\/aivlisoft.net\/shop\/tienda\/"},{"@type":"ListItem","position":3,"name":"Edimax GP-1021T Inyector POE++ Gigabit 60W"}]},{"@type":"WebSite","@id":"https:\/\/aivlisoft.net\/shop\/#website","url":"https:\/\/aivlisoft.net\/shop\/","name":"Aivlisoft Inform\u00e1tica","description":"En Aivlisoft Inform\u00e1tica ofrecemos soluciones tecnol\u00f3gicas para empresas: venta de ordenadores, consumibles, perif\u00e9ricos y m\u00e1s. Calidad, atenci\u00f3n personalizada y los mejores precios para tu negocio.","publisher":{"@id":"https:\/\/aivlisoft.net\/shop\/#organization"},"potentialAction":[{"@type":"SearchAction","target":{"@type":"EntryPoint","urlTemplate":"https:\/\/aivlisoft.net\/shop\/?s={search_term_string}"},"query-input":{"@type":"PropertyValueSpecification","valueRequired":true,"valueName":"search_term_string"}}],"inLanguage":"es"},{"@type":"Organization","@id":"https:\/\/aivlisoft.net\/shop\/#organization","name":"Aivlisoft Inform\u00e1tica","url":"https:\/\/aivlisoft.net\/shop\/","logo":{"@type":"ImageObject","inLanguage":"es","@id":"https:\/\/aivlisoft.net\/shop\/#\/schema\/logo\/image\/","url":"https:\/\/aivlisoft.net\/shop\/wp-content\/uploads\/2024\/12\/removal.ai_5b848c54-0cdf-4140-95c5-c5536bb7573b-logodef.png","contentUrl":"https:\/\/aivlisoft.net\/shop\/wp-content\/uploads\/2024\/12\/removal.ai_5b848c54-0cdf-4140-95c5-c5536bb7573b-logodef.png","width":484,"height":182,"caption":"Aivlisoft Inform\u00e1tica"},"image":{"@id":"https:\/\/aivlisoft.net\/shop\/#\/schema\/logo\/image\/"}}]}},"_links":{"self":[{"href":"https:\/\/aivlisoft.net\/shop\/wp-json\/wp\/v2\/product\/6133","targetHints":{"allow":["GET"]}}],"collection":[{"href":"https:\/\/aivlisoft.net\/shop\/wp-json\/wp\/v2\/product"}],"about":[{"href":"https:\/\/aivlisoft.net\/shop\/wp-json\/wp\/v2\/types\/product"}],"wp:featuredmedia":[{"embeddable":true,"href":"https:\/\/aivlisoft.net\/shop\/wp-json\/wp\/v2\/media\/6134"}],"wp:attachment":[{"href":"https:\/\/aivlisoft.net\/shop\/wp-json\/wp\/v2\/media?parent=6133"}],"wp:term":[{"taxonomy":"product_brand","embeddable":true,"href":"https:\/\/aivlisoft.net\/shop\/wp-json\/wp\/v2\/product_brand?post=6133"},{"taxonomy":"product_cat","embeddable":true,"href":"https:\/\/aivlisoft.net\/shop\/wp-json\/wp\/v2\/product_cat?post=6133"},{"taxonomy":"product_tag","embeddable":true,"href":"https:\/\/aivlisoft.net\/shop\/wp-json\/wp\/v2\/product_tag?post=6133"}],"curies":[{"name":"wp","href":"https:\/\/api.w.org\/{rel}","templated":true}]}}