{"id":6111,"date":"2025-01-13T13:30:12","date_gmt":"2025-01-13T13:30:12","guid":{"rendered":"https:\/\/aivlisoft.com\/?post_type=product&#038;p=6111"},"modified":"2025-01-14T10:23:36","modified_gmt":"2025-01-14T10:23:36","slug":"tp-link-oc200-omada-controlador-cloud","status":"publish","type":"product","link":"https:\/\/aivlisoft.net\/shop\/producto\/tp-link-oc200-omada-controlador-cloud\/","title":{"rendered":"TP-LINK OC200 Omada Controlador Cloud"},"content":{"rendered":"<p><strong>Controlador Cloud Omada <\/strong><\/p>\n<p>&#8211; Gesti&oacute;n centralizada profesional para redes Wi-Fi<br \/>&#8211; Acceso v&iacute;a Nube gratuito para gestionar desde d&oacute;nde y siempre que prefiera<br \/>&#8211; Soporte PoE (802.3af\/802.3at) para una f&aacute;cil instalaci&oacute;n<br \/>&#8211; Dise&ntilde;o de hardware l&iacute;der en la industria con chipset poderoso, caja met&aacute;lica de alta resistencia y puerto USB para backup autom&aacute;tico<br \/>&#8211; Omada App para una gesti&oacute;n pr&aacute;ctica<br \/>&#8211; Red de invitados segura con m&uacute;ltiples opciones de logueo (Facebook Wi-Fi, SMS login, Voucher)<\/p>\n<p><strong>Dedicado a la gesti&oacute;n centralizada de la red<\/strong><br \/>El Controlador Cloud Omada OC200 est&aacute; dedicado a proveer una gesti&oacute;n centralizada para toda la red Omada. Monitorice estad&iacute;sticas en tiempo real, gr&aacute;ficos con anal&iacute;tica del tr&aacute;fico de red, creaci&oacute;n de portal cautivo, actualice y reinicie su sistema y escale de manera sencilla su red para potenciar su negocio.<\/p>\n<p><strong>Gesti&oacute;n Cloud Gratuita &ndash; en cualquier lugar, cuando quiera<\/strong><br \/>Omada ofrece acceso cloud gratuito a su plataforma de gesti&oacute;n centralizada. Lleve su red consigo, a donde quiera que vaya.<\/p>\n<p><strong>Dise&ntilde;o de Hardware L&iacute;der en la Industria<\/strong><br \/>Equipado con un dise&ntilde;o hardware avanzado y uno de los &uacute;ltimos chipsets, el OC200 tiene una potencia de procesamiento impresionante para soportar la gesti&oacute;n masiva de la red de su negocio.<\/p>\n<p><strong>Red de Invitados con Logueo v&iacute;a Facebook y SMS<\/strong><br \/>Los visitantes tienen acceso a una Wi-Fi segura gracias al portal cautivo y la tecnolog&iacute;a de aislamiento inal&aacute;mbrico. La autenticaci&oacute;n SMS reci&eacute;n a&ntilde;adida simplifica el proceso de conexi&oacute;n, mientras que la autenticaci&oacute;n Facebook aumenta el perfil de las redes sociales de su negocio.<\/p>\n<table class=\"tabla_caracteristicas k-table\" width=\"100%\">\n<tbody>\n<tr>\n<td valign=\"top\"><strong>Marca<\/strong><\/td>\n<td>TP-LINK<\/td>\n<\/tr>\n<tr>\n<td valign=\"top\"><strong>Modelo<\/strong><\/td>\n<td valign=\"top\"><strong>OC200<\/strong><\/td>\n<\/tr>\n<tr>\n<td valign=\"top\"><strong>Caracteristicas de Hardware<\/strong><\/td>\n<td><strong>Interfaz &nbsp;&nbsp; &nbsp;<\/strong><br \/>&#8211; 2* Puertos Ethernet 10\/100<br \/>&#8211; 1*Puerto USB 2.0<br \/>&#8211; 1* Puerto Micro USB<br \/><strong>Fuente de Alimentaci&oacute;n &nbsp;&nbsp; &nbsp;<\/strong><br \/>&#8211; 802.3af\/at PoE o Micro USB(DC 5V\/Minimo 1A)<br \/>&#8211; Dimensions: 100 &times; 98 &times; 25 mm. <\/td>\n<\/tr>\n<tr>\n<td valign=\"top\"><strong>Caracteristicas<\/strong><\/td>\n<td><strong>Funciones Inal&aacute;mbricas &nbsp;&nbsp; &nbsp;<\/strong><br \/>&#8211; Gesti&oacute;n L3<br \/>&#8211; Multi-SSID<br \/>&#8211; Balanceo de Carga<br \/>&#8211; Band Steering<br \/>&#8211; Airtime Fariness<br \/>&#8211; Beamforming<br \/>&#8211; L&iacute;mitador de Ancho de Banda<br \/>&#8211; Horario Inal&aacute;mbrico<br \/>&#8211; QoS<br \/><strong>Seguridad Inal&aacute;mbrica &nbsp;&nbsp; &nbsp;<\/strong><br \/>&#8211; Autenticaci&oacute;n v&iacute;a Portal Cautivo<br \/>&#8211; Control de Acceso<br \/>&#8211; Filtrado Direcci&oacute;n MAC Inal&aacute;mbrica<br \/>&#8211; Aislamiento Inal&aacute;mbrico Entre Cliente<br \/>&#8211; Mapeado VLAN a SSID<br \/>&#8211; Detecci&oacute;n de Puntos de Acceso No Autorizados<br \/><strong>Gesti&oacute;n de AP &nbsp;&nbsp; &nbsp;<\/strong><br \/>&#8211; Descubrimiento Autom&aacute;tico<br \/>&#8211; Configuraci&oacute;n Unificada<br \/>&#8211; Horario de Reinicio<br \/>&#8211; Actualizaci&oacute;n de Firmware en Lote<br \/>&#8211; LED ON\/OFF<br \/>Autenticaci&oacute;n &nbsp;&nbsp; &nbsp;<br \/>&#8211; Portal Cautivo <\/td>\n<\/tr>\n<tr>\n<td valign=\"top\"><strong>Otros<\/strong><\/td>\n<td><strong>Certificaciones &nbsp;&nbsp; &nbsp;<\/strong><br \/>&#8211; CE, FCC, RoHS<br \/><strong>Contenido del Paquete &nbsp;&nbsp; &nbsp;<\/strong><br \/>&#8211; Controlador Cloud Omada<br \/>&#8211; OC200<br \/>&#8211; Gu&iacute;a de Instalaci&oacute;n R&aacute;pida<br \/>&#8211; Cable Ethernet<br \/><strong>Requisitos del sistema &nbsp;&nbsp; &nbsp;<\/strong><br \/>&#8211; Microsoft&reg; Windows&reg;10, 8, 7,Vista&trade;, XP o MAC&reg; OS, NetWare&reg;, UNIX&reg; o Linux<br \/><strong>Factores Ambientales &nbsp;&nbsp; &nbsp;<\/strong><br \/>&#8211; Temperatura de funcionamiento: 0?~40? (32?~104?)<br \/>&#8211; Temperatura de almacenamiento: -40?~70? (-40?~158?)<br \/>&#8211; Humedad de funcionamiento: 10%~90% sin condensaci&oacute;n<br \/>&#8211; Humedad de almacenamiento: 5%~90% sin condensaci&oacute;n <\/td>\n<\/tr>\n<tr>\n<td valign=\"top\"><strong>Fecha Revisi&oacute;n<\/strong><\/td>\n<td>18-11-2018 por AVN<\/td>\n<\/tr>\n<\/tbody>\n<\/table>\n","protected":false},"excerpt":{"rendered":"<p>Controlador Cloud Omada &#8211; Gesti&oacute;n centralizada profesional para redes Wi-Fi&#8211; Acceso v&iacute;a Nube gratuito para gestionar desde d&oacute;nde y siempre que prefiera&#8211; Soporte PoE (802.3af\/802.3at) para una f&aacute;cil instalaci&oacute;n&#8211; Dise&ntilde;o de hardware l&iacute;der en la industria con chipset poderoso, caja met&aacute;lica de alta resistencia y puerto USB para backup autom&aacute;tico&#8211; Omada App para una gesti&oacute;n&hellip;&nbsp;<a href=\"https:\/\/aivlisoft.net\/shop\/producto\/tp-link-oc200-omada-controlador-cloud\/\" rel=\"bookmark\"><span class=\"screen-reader-text\">TP-LINK OC200 Omada Controlador Cloud<\/span><\/a><\/p>\n","protected":false},"featured_media":6112,"template":"","meta":{"neve_meta_sidebar":"","neve_meta_container":"","neve_meta_enable_content_width":"","neve_meta_content_width":0,"neve_meta_title_alignment":"","neve_meta_author_avatar":"","neve_post_elements_order":"","neve_meta_disable_header":"","neve_meta_disable_footer":"","neve_meta_disable_title":""},"product_brand":[],"product_cat":[8705],"product_tag":[1945],"class_list":{"0":"post-6111","1":"product","2":"type-product","3":"status-publish","4":"has-post-thumbnail","6":"product_cat-accesorios-redes-wifi","7":"product_tag-oc200","9":"first","10":"instock","11":"taxable","12":"shipping-taxable","13":"purchasable","14":"product-type-simple"},"yoast_head":"<!-- This site is optimized with the Yoast SEO plugin v26.0 - https:\/\/yoast.com\/wordpress\/plugins\/seo\/ -->\n<title>TP-LINK OC200 Omada Controlador Cloud - Aivlisoft Inform\u00e1tica<\/title>\n<meta name=\"robots\" content=\"index, follow, max-snippet:-1, max-image-preview:large, max-video-preview:-1\" \/>\n<link rel=\"canonical\" href=\"https:\/\/aivlisoft.net\/shop\/producto\/tp-link-oc200-omada-controlador-cloud\/\" \/>\n<meta property=\"og:locale\" content=\"es_ES\" \/>\n<meta property=\"og:type\" content=\"article\" \/>\n<meta property=\"og:title\" content=\"TP-LINK OC200 Omada Controlador Cloud - Aivlisoft Inform\u00e1tica\" \/>\n<meta property=\"og:description\" content=\"Controlador Cloud Omada &#8211; Gesti&oacute;n centralizada profesional para redes Wi-Fi&#8211; Acceso v&iacute;a Nube gratuito para gestionar desde d&oacute;nde y siempre que prefiera&#8211; Soporte PoE (802.3af\/802.3at) para una f&aacute;cil instalaci&oacute;n&#8211; Dise&ntilde;o de hardware l&iacute;der en la industria con chipset poderoso, caja met&aacute;lica de alta resistencia y puerto USB para backup autom&aacute;tico&#8211; Omada App para una gesti&oacute;n&hellip;&nbsp;TP-LINK OC200 Omada Controlador Cloud\" \/>\n<meta property=\"og:url\" content=\"https:\/\/aivlisoft.net\/shop\/producto\/tp-link-oc200-omada-controlador-cloud\/\" \/>\n<meta property=\"og:site_name\" content=\"Aivlisoft Inform\u00e1tica\" \/>\n<meta property=\"article:modified_time\" content=\"2025-01-14T10:23:36+00:00\" \/>\n<meta property=\"og:image\" content=\"https:\/\/aivlisoft.net\/shop\/wp-content\/uploads\/2025\/01\/ANEAWI0158_800-1.jpg\" \/>\n\t<meta property=\"og:image:width\" content=\"800\" \/>\n\t<meta property=\"og:image:height\" content=\"800\" \/>\n\t<meta property=\"og:image:type\" content=\"image\/jpeg\" \/>\n<meta name=\"twitter:card\" content=\"summary_large_image\" \/>\n<meta name=\"twitter:label1\" content=\"Tiempo de lectura\" \/>\n\t<meta name=\"twitter:data1\" content=\"3 minutos\" \/>\n<script type=\"application\/ld+json\" class=\"yoast-schema-graph\">{\"@context\":\"https:\/\/schema.org\",\"@graph\":[{\"@type\":\"WebPage\",\"@id\":\"https:\/\/aivlisoft.net\/shop\/producto\/tp-link-oc200-omada-controlador-cloud\/\",\"url\":\"https:\/\/aivlisoft.net\/shop\/producto\/tp-link-oc200-omada-controlador-cloud\/\",\"name\":\"TP-LINK OC200 Omada Controlador Cloud - Aivlisoft Inform\u00e1tica\",\"isPartOf\":{\"@id\":\"https:\/\/aivlisoft.net\/shop\/#website\"},\"primaryImageOfPage\":{\"@id\":\"https:\/\/aivlisoft.net\/shop\/producto\/tp-link-oc200-omada-controlador-cloud\/#primaryimage\"},\"image\":{\"@id\":\"https:\/\/aivlisoft.net\/shop\/producto\/tp-link-oc200-omada-controlador-cloud\/#primaryimage\"},\"thumbnailUrl\":\"https:\/\/aivlisoft.net\/shop\/wp-content\/uploads\/2025\/01\/ANEAWI0158_800-1.jpg\",\"datePublished\":\"2025-01-13T13:30:12+00:00\",\"dateModified\":\"2025-01-14T10:23:36+00:00\",\"breadcrumb\":{\"@id\":\"https:\/\/aivlisoft.net\/shop\/producto\/tp-link-oc200-omada-controlador-cloud\/#breadcrumb\"},\"inLanguage\":\"es\",\"potentialAction\":[{\"@type\":\"ReadAction\",\"target\":[\"https:\/\/aivlisoft.net\/shop\/producto\/tp-link-oc200-omada-controlador-cloud\/\"]}]},{\"@type\":\"ImageObject\",\"inLanguage\":\"es\",\"@id\":\"https:\/\/aivlisoft.net\/shop\/producto\/tp-link-oc200-omada-controlador-cloud\/#primaryimage\",\"url\":\"https:\/\/aivlisoft.net\/shop\/wp-content\/uploads\/2025\/01\/ANEAWI0158_800-1.jpg\",\"contentUrl\":\"https:\/\/aivlisoft.net\/shop\/wp-content\/uploads\/2025\/01\/ANEAWI0158_800-1.jpg\",\"width\":800,\"height\":800},{\"@type\":\"BreadcrumbList\",\"@id\":\"https:\/\/aivlisoft.net\/shop\/producto\/tp-link-oc200-omada-controlador-cloud\/#breadcrumb\",\"itemListElement\":[{\"@type\":\"ListItem\",\"position\":1,\"name\":\"Portada\",\"item\":\"https:\/\/aivlisoft.net\/shop\/\"},{\"@type\":\"ListItem\",\"position\":2,\"name\":\"Tienda\",\"item\":\"https:\/\/aivlisoft.net\/shop\/tienda\/\"},{\"@type\":\"ListItem\",\"position\":3,\"name\":\"TP-LINK OC200 Omada Controlador Cloud\"}]},{\"@type\":\"WebSite\",\"@id\":\"https:\/\/aivlisoft.net\/shop\/#website\",\"url\":\"https:\/\/aivlisoft.net\/shop\/\",\"name\":\"Aivlisoft Inform\u00e1tica\",\"description\":\"En Aivlisoft Inform\u00e1tica ofrecemos soluciones tecnol\u00f3gicas para empresas: venta de ordenadores, consumibles, perif\u00e9ricos y m\u00e1s. Calidad, atenci\u00f3n personalizada y los mejores precios para tu negocio.\",\"publisher\":{\"@id\":\"https:\/\/aivlisoft.net\/shop\/#organization\"},\"potentialAction\":[{\"@type\":\"SearchAction\",\"target\":{\"@type\":\"EntryPoint\",\"urlTemplate\":\"https:\/\/aivlisoft.net\/shop\/?s={search_term_string}\"},\"query-input\":{\"@type\":\"PropertyValueSpecification\",\"valueRequired\":true,\"valueName\":\"search_term_string\"}}],\"inLanguage\":\"es\"},{\"@type\":\"Organization\",\"@id\":\"https:\/\/aivlisoft.net\/shop\/#organization\",\"name\":\"Aivlisoft Inform\u00e1tica\",\"url\":\"https:\/\/aivlisoft.net\/shop\/\",\"logo\":{\"@type\":\"ImageObject\",\"inLanguage\":\"es\",\"@id\":\"https:\/\/aivlisoft.net\/shop\/#\/schema\/logo\/image\/\",\"url\":\"https:\/\/aivlisoft.net\/shop\/wp-content\/uploads\/2024\/12\/removal.ai_5b848c54-0cdf-4140-95c5-c5536bb7573b-logodef.png\",\"contentUrl\":\"https:\/\/aivlisoft.net\/shop\/wp-content\/uploads\/2024\/12\/removal.ai_5b848c54-0cdf-4140-95c5-c5536bb7573b-logodef.png\",\"width\":484,\"height\":182,\"caption\":\"Aivlisoft Inform\u00e1tica\"},\"image\":{\"@id\":\"https:\/\/aivlisoft.net\/shop\/#\/schema\/logo\/image\/\"}}]}<\/script>\n<!-- \/ Yoast SEO plugin. -->","yoast_head_json":{"title":"TP-LINK OC200 Omada Controlador Cloud - Aivlisoft Inform\u00e1tica","robots":{"index":"index","follow":"follow","max-snippet":"max-snippet:-1","max-image-preview":"max-image-preview:large","max-video-preview":"max-video-preview:-1"},"canonical":"https:\/\/aivlisoft.net\/shop\/producto\/tp-link-oc200-omada-controlador-cloud\/","og_locale":"es_ES","og_type":"article","og_title":"TP-LINK OC200 Omada Controlador Cloud - Aivlisoft Inform\u00e1tica","og_description":"Controlador Cloud Omada &#8211; Gesti&oacute;n centralizada profesional para redes Wi-Fi&#8211; Acceso v&iacute;a Nube gratuito para gestionar desde d&oacute;nde y siempre que prefiera&#8211; Soporte PoE (802.3af\/802.3at) para una f&aacute;cil instalaci&oacute;n&#8211; Dise&ntilde;o de hardware l&iacute;der en la industria con chipset poderoso, caja met&aacute;lica de alta resistencia y puerto USB para backup autom&aacute;tico&#8211; Omada App para una gesti&oacute;n&hellip;&nbsp;TP-LINK OC200 Omada Controlador Cloud","og_url":"https:\/\/aivlisoft.net\/shop\/producto\/tp-link-oc200-omada-controlador-cloud\/","og_site_name":"Aivlisoft Inform\u00e1tica","article_modified_time":"2025-01-14T10:23:36+00:00","og_image":[{"width":800,"height":800,"url":"https:\/\/aivlisoft.net\/shop\/wp-content\/uploads\/2025\/01\/ANEAWI0158_800-1.jpg","type":"image\/jpeg"}],"twitter_card":"summary_large_image","twitter_misc":{"Tiempo de lectura":"3 minutos"},"schema":{"@context":"https:\/\/schema.org","@graph":[{"@type":"WebPage","@id":"https:\/\/aivlisoft.net\/shop\/producto\/tp-link-oc200-omada-controlador-cloud\/","url":"https:\/\/aivlisoft.net\/shop\/producto\/tp-link-oc200-omada-controlador-cloud\/","name":"TP-LINK OC200 Omada Controlador Cloud - Aivlisoft Inform\u00e1tica","isPartOf":{"@id":"https:\/\/aivlisoft.net\/shop\/#website"},"primaryImageOfPage":{"@id":"https:\/\/aivlisoft.net\/shop\/producto\/tp-link-oc200-omada-controlador-cloud\/#primaryimage"},"image":{"@id":"https:\/\/aivlisoft.net\/shop\/producto\/tp-link-oc200-omada-controlador-cloud\/#primaryimage"},"thumbnailUrl":"https:\/\/aivlisoft.net\/shop\/wp-content\/uploads\/2025\/01\/ANEAWI0158_800-1.jpg","datePublished":"2025-01-13T13:30:12+00:00","dateModified":"2025-01-14T10:23:36+00:00","breadcrumb":{"@id":"https:\/\/aivlisoft.net\/shop\/producto\/tp-link-oc200-omada-controlador-cloud\/#breadcrumb"},"inLanguage":"es","potentialAction":[{"@type":"ReadAction","target":["https:\/\/aivlisoft.net\/shop\/producto\/tp-link-oc200-omada-controlador-cloud\/"]}]},{"@type":"ImageObject","inLanguage":"es","@id":"https:\/\/aivlisoft.net\/shop\/producto\/tp-link-oc200-omada-controlador-cloud\/#primaryimage","url":"https:\/\/aivlisoft.net\/shop\/wp-content\/uploads\/2025\/01\/ANEAWI0158_800-1.jpg","contentUrl":"https:\/\/aivlisoft.net\/shop\/wp-content\/uploads\/2025\/01\/ANEAWI0158_800-1.jpg","width":800,"height":800},{"@type":"BreadcrumbList","@id":"https:\/\/aivlisoft.net\/shop\/producto\/tp-link-oc200-omada-controlador-cloud\/#breadcrumb","itemListElement":[{"@type":"ListItem","position":1,"name":"Portada","item":"https:\/\/aivlisoft.net\/shop\/"},{"@type":"ListItem","position":2,"name":"Tienda","item":"https:\/\/aivlisoft.net\/shop\/tienda\/"},{"@type":"ListItem","position":3,"name":"TP-LINK OC200 Omada Controlador Cloud"}]},{"@type":"WebSite","@id":"https:\/\/aivlisoft.net\/shop\/#website","url":"https:\/\/aivlisoft.net\/shop\/","name":"Aivlisoft Inform\u00e1tica","description":"En Aivlisoft Inform\u00e1tica ofrecemos soluciones tecnol\u00f3gicas para empresas: venta de ordenadores, consumibles, perif\u00e9ricos y m\u00e1s. Calidad, atenci\u00f3n personalizada y los mejores precios para tu negocio.","publisher":{"@id":"https:\/\/aivlisoft.net\/shop\/#organization"},"potentialAction":[{"@type":"SearchAction","target":{"@type":"EntryPoint","urlTemplate":"https:\/\/aivlisoft.net\/shop\/?s={search_term_string}"},"query-input":{"@type":"PropertyValueSpecification","valueRequired":true,"valueName":"search_term_string"}}],"inLanguage":"es"},{"@type":"Organization","@id":"https:\/\/aivlisoft.net\/shop\/#organization","name":"Aivlisoft Inform\u00e1tica","url":"https:\/\/aivlisoft.net\/shop\/","logo":{"@type":"ImageObject","inLanguage":"es","@id":"https:\/\/aivlisoft.net\/shop\/#\/schema\/logo\/image\/","url":"https:\/\/aivlisoft.net\/shop\/wp-content\/uploads\/2024\/12\/removal.ai_5b848c54-0cdf-4140-95c5-c5536bb7573b-logodef.png","contentUrl":"https:\/\/aivlisoft.net\/shop\/wp-content\/uploads\/2024\/12\/removal.ai_5b848c54-0cdf-4140-95c5-c5536bb7573b-logodef.png","width":484,"height":182,"caption":"Aivlisoft Inform\u00e1tica"},"image":{"@id":"https:\/\/aivlisoft.net\/shop\/#\/schema\/logo\/image\/"}}]}},"_links":{"self":[{"href":"https:\/\/aivlisoft.net\/shop\/wp-json\/wp\/v2\/product\/6111","targetHints":{"allow":["GET"]}}],"collection":[{"href":"https:\/\/aivlisoft.net\/shop\/wp-json\/wp\/v2\/product"}],"about":[{"href":"https:\/\/aivlisoft.net\/shop\/wp-json\/wp\/v2\/types\/product"}],"wp:featuredmedia":[{"embeddable":true,"href":"https:\/\/aivlisoft.net\/shop\/wp-json\/wp\/v2\/media\/6112"}],"wp:attachment":[{"href":"https:\/\/aivlisoft.net\/shop\/wp-json\/wp\/v2\/media?parent=6111"}],"wp:term":[{"taxonomy":"product_brand","embeddable":true,"href":"https:\/\/aivlisoft.net\/shop\/wp-json\/wp\/v2\/product_brand?post=6111"},{"taxonomy":"product_cat","embeddable":true,"href":"https:\/\/aivlisoft.net\/shop\/wp-json\/wp\/v2\/product_cat?post=6111"},{"taxonomy":"product_tag","embeddable":true,"href":"https:\/\/aivlisoft.net\/shop\/wp-json\/wp\/v2\/product_tag?post=6111"}],"curies":[{"name":"wp","href":"https:\/\/api.w.org\/{rel}","templated":true}]}}