{"id":6104,"date":"2025-01-13T13:30:10","date_gmt":"2025-01-13T13:30:10","guid":{"rendered":"https:\/\/aivlisoft.com\/?post_type=product&#038;p=6104"},"modified":"2025-01-14T10:23:33","modified_gmt":"2025-01-14T10:23:33","slug":"ubiquiti-rocketdish-rd-5g34-5ghz-34dbi","status":"publish","type":"product","link":"https:\/\/aivlisoft.net\/shop\/producto\/ubiquiti-rocketdish-rd-5g34-5ghz-34dbi\/","title":{"rendered":"Ubiquiti RocketDish RD-5G34 5GHz 34dBi"},"content":{"rendered":"<p>La antena Ubiquiti RD-5G34 es el complemento perfecto de la serie RocketDish, compuesta por dispositivos innovadores y de gran calidad.<br \/>La antena parab&oacute;lica direccional de doble polaridad ofrece una ganancia que alcanza los 34 dBi.<br \/><strong>Funcionamiento<\/strong><br \/>El dispositivo propuesto se caracteriza por un funcionamiento en una banda con una frecuencia de 5.15 &#8211; 5.85 GHz. El dispositivo de la marca Ubiquiti ha sido creado pensando en sistemas de soluciones compatibles con el est&aacute;ndar 802.11n. <br \/>Aplicaciones<br \/>La antena direccional RD-5G34 puede ser utilizada para la creaci&oacute;n de enlaces Point-to-Point.<\/p>\n<p><strong>Caracter&iacute;sticas principales<\/strong><br \/>&#8211; funciona en una banda con una frecuencia de 5 GHz<br \/>&#8211; potencia m&aacute;xima de la antena 34 dBi.<br \/>&#8211; polarizaci&oacute;n Dual Linear<br \/>&#8211; tecnolog&iacute;a airMax<br \/>&#8211; dise&ntilde;o duradero<br \/>&#8211; dimensiones 1050 x 1050 x 421 mm<\/p>\n<table class=\"tabla_caracteristicas k-table\" width=\"100%\">\n<tbody>\n<tr>\n<td><strong>Marca<\/strong><\/td>\n<td>Ubiquiti<\/td>\n<\/tr>\n<tr>\n<td valign=\"top\"><strong>Modelo<\/strong><\/td>\n<td><strong>RD-5G34<\/strong><\/td>\n<\/tr>\n<tr>\n<td valign=\"top\"><strong>Caracteristicas<\/strong><\/td>\n<td>&#8211; Frecuencia de banda: 5.15 &#8211; 5.85 GHz<br \/>&#8211; Tipo de antena: Directional antenna &nbsp;<br \/>&#8211; Ganancia de la antena (max): 34 dBi<br \/>&#8211; Ancho de viga horizontal: 3&deg;<br \/>&#8211; Ancho de viga vertical: 3&deg;<br \/>&#8211; Montaje: Wall &nbsp;<br \/>&#8211; Utilizar con: Outdoor &nbsp;<br \/>&#8211; Color del producto: White &nbsp;<br \/><strong>Peso y dimensiones<\/strong><br \/>&#8211; Ancho: 1050 mm<br \/>&#8211; Profundidad: 1050 mm<br \/>&#8211; Altura: 421 mm<br \/>&#8211; Peso: 13500 g <\/td>\n<\/tr>\n<tr>\n<td><strong>Fecha de revisi&oacute;n<\/strong><\/td>\n<td>30-04-2018 por AVN<\/td>\n<\/tr>\n<\/tbody>\n<\/table>\n","protected":false},"excerpt":{"rendered":"<p>La antena Ubiquiti RD-5G34 es el complemento perfecto de la serie RocketDish, compuesta por dispositivos innovadores y de gran calidad.La antena parab&oacute;lica direccional de doble polaridad ofrece una ganancia que alcanza los 34 dBi.FuncionamientoEl dispositivo propuesto se caracteriza por un funcionamiento en una banda con una frecuencia de 5.15 &#8211; 5.85 GHz. El dispositivo de&hellip;&nbsp;<a href=\"https:\/\/aivlisoft.net\/shop\/producto\/ubiquiti-rocketdish-rd-5g34-5ghz-34dbi\/\" rel=\"bookmark\"><span class=\"screen-reader-text\">Ubiquiti RocketDish RD-5G34 5GHz 34dBi<\/span><\/a><\/p>\n","protected":false},"featured_media":6105,"template":"","meta":{"neve_meta_sidebar":"","neve_meta_container":"","neve_meta_enable_content_width":"","neve_meta_content_width":0,"neve_meta_title_alignment":"","neve_meta_author_avatar":"","neve_post_elements_order":"","neve_meta_disable_header":"","neve_meta_disable_footer":"","neve_meta_disable_title":""},"product_brand":[],"product_cat":[8705],"product_tag":[1942],"class_list":{"0":"post-6104","1":"product","2":"type-product","3":"status-publish","4":"has-post-thumbnail","6":"product_cat-accesorios-redes-wifi","7":"product_tag-rd-5g34","9":"first","10":"instock","11":"taxable","12":"shipping-taxable","13":"purchasable","14":"product-type-simple"},"yoast_head":"<!-- This site is optimized with the Yoast SEO plugin v26.0 - https:\/\/yoast.com\/wordpress\/plugins\/seo\/ -->\n<title>Ubiquiti RocketDish RD-5G34 5GHz 34dBi - Aivlisoft Inform\u00e1tica<\/title>\n<meta name=\"robots\" content=\"index, follow, max-snippet:-1, max-image-preview:large, max-video-preview:-1\" \/>\n<link rel=\"canonical\" href=\"https:\/\/aivlisoft.net\/shop\/producto\/ubiquiti-rocketdish-rd-5g34-5ghz-34dbi\/\" \/>\n<meta property=\"og:locale\" content=\"es_ES\" \/>\n<meta property=\"og:type\" content=\"article\" \/>\n<meta property=\"og:title\" content=\"Ubiquiti RocketDish RD-5G34 5GHz 34dBi - Aivlisoft Inform\u00e1tica\" \/>\n<meta property=\"og:description\" content=\"La antena Ubiquiti RD-5G34 es el complemento perfecto de la serie RocketDish, compuesta por dispositivos innovadores y de gran calidad.La antena parab&oacute;lica direccional de doble polaridad ofrece una ganancia que alcanza los 34 dBi.FuncionamientoEl dispositivo propuesto se caracteriza por un funcionamiento en una banda con una frecuencia de 5.15 &#8211; 5.85 GHz. El dispositivo de&hellip;&nbsp;Ubiquiti RocketDish RD-5G34 5GHz 34dBi\" \/>\n<meta property=\"og:url\" content=\"https:\/\/aivlisoft.net\/shop\/producto\/ubiquiti-rocketdish-rd-5g34-5ghz-34dbi\/\" \/>\n<meta property=\"og:site_name\" content=\"Aivlisoft Inform\u00e1tica\" \/>\n<meta property=\"article:modified_time\" content=\"2025-01-14T10:23:33+00:00\" \/>\n<meta property=\"og:image\" content=\"https:\/\/aivlisoft.net\/shop\/wp-content\/uploads\/2025\/01\/ANEAWI0154_800-1.jpg\" \/>\n\t<meta property=\"og:image:width\" content=\"800\" \/>\n\t<meta property=\"og:image:height\" content=\"800\" \/>\n\t<meta property=\"og:image:type\" content=\"image\/jpeg\" \/>\n<meta name=\"twitter:card\" content=\"summary_large_image\" \/>\n<meta name=\"twitter:label1\" content=\"Tiempo de lectura\" \/>\n\t<meta name=\"twitter:data1\" content=\"1 minuto\" \/>\n<script type=\"application\/ld+json\" class=\"yoast-schema-graph\">{\"@context\":\"https:\/\/schema.org\",\"@graph\":[{\"@type\":\"WebPage\",\"@id\":\"https:\/\/aivlisoft.net\/shop\/producto\/ubiquiti-rocketdish-rd-5g34-5ghz-34dbi\/\",\"url\":\"https:\/\/aivlisoft.net\/shop\/producto\/ubiquiti-rocketdish-rd-5g34-5ghz-34dbi\/\",\"name\":\"Ubiquiti RocketDish RD-5G34 5GHz 34dBi - Aivlisoft Inform\u00e1tica\",\"isPartOf\":{\"@id\":\"https:\/\/aivlisoft.net\/shop\/#website\"},\"primaryImageOfPage\":{\"@id\":\"https:\/\/aivlisoft.net\/shop\/producto\/ubiquiti-rocketdish-rd-5g34-5ghz-34dbi\/#primaryimage\"},\"image\":{\"@id\":\"https:\/\/aivlisoft.net\/shop\/producto\/ubiquiti-rocketdish-rd-5g34-5ghz-34dbi\/#primaryimage\"},\"thumbnailUrl\":\"https:\/\/aivlisoft.net\/shop\/wp-content\/uploads\/2025\/01\/ANEAWI0154_800-1.jpg\",\"datePublished\":\"2025-01-13T13:30:10+00:00\",\"dateModified\":\"2025-01-14T10:23:33+00:00\",\"breadcrumb\":{\"@id\":\"https:\/\/aivlisoft.net\/shop\/producto\/ubiquiti-rocketdish-rd-5g34-5ghz-34dbi\/#breadcrumb\"},\"inLanguage\":\"es\",\"potentialAction\":[{\"@type\":\"ReadAction\",\"target\":[\"https:\/\/aivlisoft.net\/shop\/producto\/ubiquiti-rocketdish-rd-5g34-5ghz-34dbi\/\"]}]},{\"@type\":\"ImageObject\",\"inLanguage\":\"es\",\"@id\":\"https:\/\/aivlisoft.net\/shop\/producto\/ubiquiti-rocketdish-rd-5g34-5ghz-34dbi\/#primaryimage\",\"url\":\"https:\/\/aivlisoft.net\/shop\/wp-content\/uploads\/2025\/01\/ANEAWI0154_800-1.jpg\",\"contentUrl\":\"https:\/\/aivlisoft.net\/shop\/wp-content\/uploads\/2025\/01\/ANEAWI0154_800-1.jpg\",\"width\":800,\"height\":800},{\"@type\":\"BreadcrumbList\",\"@id\":\"https:\/\/aivlisoft.net\/shop\/producto\/ubiquiti-rocketdish-rd-5g34-5ghz-34dbi\/#breadcrumb\",\"itemListElement\":[{\"@type\":\"ListItem\",\"position\":1,\"name\":\"Portada\",\"item\":\"https:\/\/aivlisoft.net\/shop\/\"},{\"@type\":\"ListItem\",\"position\":2,\"name\":\"Tienda\",\"item\":\"https:\/\/aivlisoft.net\/shop\/tienda\/\"},{\"@type\":\"ListItem\",\"position\":3,\"name\":\"Ubiquiti RocketDish RD-5G34 5GHz 34dBi\"}]},{\"@type\":\"WebSite\",\"@id\":\"https:\/\/aivlisoft.net\/shop\/#website\",\"url\":\"https:\/\/aivlisoft.net\/shop\/\",\"name\":\"Aivlisoft Inform\u00e1tica\",\"description\":\"En Aivlisoft Inform\u00e1tica ofrecemos soluciones tecnol\u00f3gicas para empresas: venta de ordenadores, consumibles, perif\u00e9ricos y m\u00e1s. Calidad, atenci\u00f3n personalizada y los mejores precios para tu negocio.\",\"publisher\":{\"@id\":\"https:\/\/aivlisoft.net\/shop\/#organization\"},\"potentialAction\":[{\"@type\":\"SearchAction\",\"target\":{\"@type\":\"EntryPoint\",\"urlTemplate\":\"https:\/\/aivlisoft.net\/shop\/?s={search_term_string}\"},\"query-input\":{\"@type\":\"PropertyValueSpecification\",\"valueRequired\":true,\"valueName\":\"search_term_string\"}}],\"inLanguage\":\"es\"},{\"@type\":\"Organization\",\"@id\":\"https:\/\/aivlisoft.net\/shop\/#organization\",\"name\":\"Aivlisoft Inform\u00e1tica\",\"url\":\"https:\/\/aivlisoft.net\/shop\/\",\"logo\":{\"@type\":\"ImageObject\",\"inLanguage\":\"es\",\"@id\":\"https:\/\/aivlisoft.net\/shop\/#\/schema\/logo\/image\/\",\"url\":\"https:\/\/aivlisoft.net\/shop\/wp-content\/uploads\/2024\/12\/removal.ai_5b848c54-0cdf-4140-95c5-c5536bb7573b-logodef.png\",\"contentUrl\":\"https:\/\/aivlisoft.net\/shop\/wp-content\/uploads\/2024\/12\/removal.ai_5b848c54-0cdf-4140-95c5-c5536bb7573b-logodef.png\",\"width\":484,\"height\":182,\"caption\":\"Aivlisoft Inform\u00e1tica\"},\"image\":{\"@id\":\"https:\/\/aivlisoft.net\/shop\/#\/schema\/logo\/image\/\"}}]}<\/script>\n<!-- \/ Yoast SEO plugin. -->","yoast_head_json":{"title":"Ubiquiti RocketDish RD-5G34 5GHz 34dBi - Aivlisoft Inform\u00e1tica","robots":{"index":"index","follow":"follow","max-snippet":"max-snippet:-1","max-image-preview":"max-image-preview:large","max-video-preview":"max-video-preview:-1"},"canonical":"https:\/\/aivlisoft.net\/shop\/producto\/ubiquiti-rocketdish-rd-5g34-5ghz-34dbi\/","og_locale":"es_ES","og_type":"article","og_title":"Ubiquiti RocketDish RD-5G34 5GHz 34dBi - Aivlisoft Inform\u00e1tica","og_description":"La antena Ubiquiti RD-5G34 es el complemento perfecto de la serie RocketDish, compuesta por dispositivos innovadores y de gran calidad.La antena parab&oacute;lica direccional de doble polaridad ofrece una ganancia que alcanza los 34 dBi.FuncionamientoEl dispositivo propuesto se caracteriza por un funcionamiento en una banda con una frecuencia de 5.15 &#8211; 5.85 GHz. El dispositivo de&hellip;&nbsp;Ubiquiti RocketDish RD-5G34 5GHz 34dBi","og_url":"https:\/\/aivlisoft.net\/shop\/producto\/ubiquiti-rocketdish-rd-5g34-5ghz-34dbi\/","og_site_name":"Aivlisoft Inform\u00e1tica","article_modified_time":"2025-01-14T10:23:33+00:00","og_image":[{"width":800,"height":800,"url":"https:\/\/aivlisoft.net\/shop\/wp-content\/uploads\/2025\/01\/ANEAWI0154_800-1.jpg","type":"image\/jpeg"}],"twitter_card":"summary_large_image","twitter_misc":{"Tiempo de lectura":"1 minuto"},"schema":{"@context":"https:\/\/schema.org","@graph":[{"@type":"WebPage","@id":"https:\/\/aivlisoft.net\/shop\/producto\/ubiquiti-rocketdish-rd-5g34-5ghz-34dbi\/","url":"https:\/\/aivlisoft.net\/shop\/producto\/ubiquiti-rocketdish-rd-5g34-5ghz-34dbi\/","name":"Ubiquiti RocketDish RD-5G34 5GHz 34dBi - Aivlisoft Inform\u00e1tica","isPartOf":{"@id":"https:\/\/aivlisoft.net\/shop\/#website"},"primaryImageOfPage":{"@id":"https:\/\/aivlisoft.net\/shop\/producto\/ubiquiti-rocketdish-rd-5g34-5ghz-34dbi\/#primaryimage"},"image":{"@id":"https:\/\/aivlisoft.net\/shop\/producto\/ubiquiti-rocketdish-rd-5g34-5ghz-34dbi\/#primaryimage"},"thumbnailUrl":"https:\/\/aivlisoft.net\/shop\/wp-content\/uploads\/2025\/01\/ANEAWI0154_800-1.jpg","datePublished":"2025-01-13T13:30:10+00:00","dateModified":"2025-01-14T10:23:33+00:00","breadcrumb":{"@id":"https:\/\/aivlisoft.net\/shop\/producto\/ubiquiti-rocketdish-rd-5g34-5ghz-34dbi\/#breadcrumb"},"inLanguage":"es","potentialAction":[{"@type":"ReadAction","target":["https:\/\/aivlisoft.net\/shop\/producto\/ubiquiti-rocketdish-rd-5g34-5ghz-34dbi\/"]}]},{"@type":"ImageObject","inLanguage":"es","@id":"https:\/\/aivlisoft.net\/shop\/producto\/ubiquiti-rocketdish-rd-5g34-5ghz-34dbi\/#primaryimage","url":"https:\/\/aivlisoft.net\/shop\/wp-content\/uploads\/2025\/01\/ANEAWI0154_800-1.jpg","contentUrl":"https:\/\/aivlisoft.net\/shop\/wp-content\/uploads\/2025\/01\/ANEAWI0154_800-1.jpg","width":800,"height":800},{"@type":"BreadcrumbList","@id":"https:\/\/aivlisoft.net\/shop\/producto\/ubiquiti-rocketdish-rd-5g34-5ghz-34dbi\/#breadcrumb","itemListElement":[{"@type":"ListItem","position":1,"name":"Portada","item":"https:\/\/aivlisoft.net\/shop\/"},{"@type":"ListItem","position":2,"name":"Tienda","item":"https:\/\/aivlisoft.net\/shop\/tienda\/"},{"@type":"ListItem","position":3,"name":"Ubiquiti RocketDish RD-5G34 5GHz 34dBi"}]},{"@type":"WebSite","@id":"https:\/\/aivlisoft.net\/shop\/#website","url":"https:\/\/aivlisoft.net\/shop\/","name":"Aivlisoft Inform\u00e1tica","description":"En Aivlisoft Inform\u00e1tica ofrecemos soluciones tecnol\u00f3gicas para empresas: venta de ordenadores, consumibles, perif\u00e9ricos y m\u00e1s. Calidad, atenci\u00f3n personalizada y los mejores precios para tu negocio.","publisher":{"@id":"https:\/\/aivlisoft.net\/shop\/#organization"},"potentialAction":[{"@type":"SearchAction","target":{"@type":"EntryPoint","urlTemplate":"https:\/\/aivlisoft.net\/shop\/?s={search_term_string}"},"query-input":{"@type":"PropertyValueSpecification","valueRequired":true,"valueName":"search_term_string"}}],"inLanguage":"es"},{"@type":"Organization","@id":"https:\/\/aivlisoft.net\/shop\/#organization","name":"Aivlisoft Inform\u00e1tica","url":"https:\/\/aivlisoft.net\/shop\/","logo":{"@type":"ImageObject","inLanguage":"es","@id":"https:\/\/aivlisoft.net\/shop\/#\/schema\/logo\/image\/","url":"https:\/\/aivlisoft.net\/shop\/wp-content\/uploads\/2024\/12\/removal.ai_5b848c54-0cdf-4140-95c5-c5536bb7573b-logodef.png","contentUrl":"https:\/\/aivlisoft.net\/shop\/wp-content\/uploads\/2024\/12\/removal.ai_5b848c54-0cdf-4140-95c5-c5536bb7573b-logodef.png","width":484,"height":182,"caption":"Aivlisoft Inform\u00e1tica"},"image":{"@id":"https:\/\/aivlisoft.net\/shop\/#\/schema\/logo\/image\/"}}]}},"_links":{"self":[{"href":"https:\/\/aivlisoft.net\/shop\/wp-json\/wp\/v2\/product\/6104","targetHints":{"allow":["GET"]}}],"collection":[{"href":"https:\/\/aivlisoft.net\/shop\/wp-json\/wp\/v2\/product"}],"about":[{"href":"https:\/\/aivlisoft.net\/shop\/wp-json\/wp\/v2\/types\/product"}],"wp:featuredmedia":[{"embeddable":true,"href":"https:\/\/aivlisoft.net\/shop\/wp-json\/wp\/v2\/media\/6105"}],"wp:attachment":[{"href":"https:\/\/aivlisoft.net\/shop\/wp-json\/wp\/v2\/media?parent=6104"}],"wp:term":[{"taxonomy":"product_brand","embeddable":true,"href":"https:\/\/aivlisoft.net\/shop\/wp-json\/wp\/v2\/product_brand?post=6104"},{"taxonomy":"product_cat","embeddable":true,"href":"https:\/\/aivlisoft.net\/shop\/wp-json\/wp\/v2\/product_cat?post=6104"},{"taxonomy":"product_tag","embeddable":true,"href":"https:\/\/aivlisoft.net\/shop\/wp-json\/wp\/v2\/product_tag?post=6104"}],"curies":[{"name":"wp","href":"https:\/\/api.w.org\/{rel}","templated":true}]}}