{"id":6086,"date":"2025-01-13T13:30:01","date_gmt":"2025-01-13T13:30:01","guid":{"rendered":"https:\/\/aivlisoft.com\/?post_type=product&#038;p=6086"},"modified":"2025-01-14T10:23:25","modified_gmt":"2025-01-14T10:23:25","slug":"ubiquiti-airmax-prismstation-ps-5ac-5ghz","status":"publish","type":"product","link":"https:\/\/aivlisoft.net\/shop\/producto\/ubiquiti-airmax-prismstation-ps-5ac-5ghz\/","title":{"rendered":"Ubiquiti AirMax PrismStation PS-5AC 5GHz"},"content":{"rendered":"<p>Usando tecnolog&iacute;a airMAX ac, el Ubiquiti PrismStation AC soporta hasta 500 Mbps reales TCP\/IP. Tiene una antena que ofrece 14 dBi de ganancia, opera en el intervalo de frecuencia de 5150 &ndash; 5875 MHz. Cuenta con un procesador Atheros MIPS 74KC a 560 MHz y 64MB de RAM. Tambi&eacute;n tiene un puerto Gigabit Ethernet 10\/100\/1000.<\/p>\n<p><strong>Tecnologia de filtrado revolucionaria<\/strong><br \/>Gracias a la tecnologia airPrism patentada por Ubiquiti es capaz de aislar la se&ntilde;al dentro de cada canal, lo que incrementa el ancho de banda y rendimiento en instalaciones colocalizadas.<\/p>\n<p><strong>Red de gestion integrada<\/strong><br \/>El Ubiquiti IsoStation integra una red Wireless independiente para agilizar y facilitar la instalacion del equipo con un dispositivo movil.<\/p>\n<p><strong>Colocalizaci&oacute;n mejorada<\/strong><br \/>Las opciones de antena asimetrica (60&deg; y 90&deg;) proporcionan de forma natural un lobulo de radiacion mas atenuado y una menor energia de retorno. Las opciones de antena asimetrica (30&deg; y 45&ordm; opcion por defecto) son ideales para clusters centrales con gran densidad de dispositivos proximos entre si.<\/p>\n<p><strong>Inmunidad al ruido mejorada<\/strong><br \/>El Ubiquiti PrismStation AC bloquea o flitra espacialmente el ruido, por lo que la inmunidad al mismo mejora notablemente. Dicha funcionalidad es especialmente importante en areas de alta densidad con otras se&ntilde;ales trabajando en frencuencias similares.<\/p>\n<table class=\"tabla_caracteristicas k-table\" width=\"100%\">\n<tbody>\n<tr>\n<td><strong>Marca<\/strong><\/td>\n<td>Ubiquiti<\/td>\n<\/tr>\n<tr>\n<td valign=\"top\"><strong>Modelo<\/strong><\/td>\n<td><strong>PS-5AC<\/strong><\/td>\n<\/tr>\n<tr>\n<td valign=\"top\"><strong>Caracteristicas<\/strong><\/td>\n<td>&#8211; Dimensiones 174 x 174 x 184 mm<br \/>&#8211; Peso 1.07 kg (2.36 lb) Sin antena, 0.77 kg (1.70 lb), solo hardware, 0.79 kg (1.74 lb)<br \/>&#8211; Fuente de alimentacion 24V, 0.5A Gigabit PoE<br \/>&#8211; Modo de alimentacion Passive PoE (Pairs 4, 5+; 7, 8 Return)<br \/>&#8211; Consumo maximo 10W<br \/>&#8211; Ganancia 14 dBi<br \/>&#8211; Frecuencia de operacion 5150 &#8211; 5875 MHz<br \/>&#8211; LEDs (1) Power<br \/>&#8211; Ancho de canal<br \/>&#8211; Modo PTP 10\/20\/30\/40\/50\/60\/80 MHz<br \/>&#8211; Modo PTMP 10\/20\/30\/40 MHz<br \/>&#8211; Polarizacion Dual Linear<br \/>&#8211; Kit de montaje en mastil incluido<br \/>&#8211; Proteccion ESD\/EMP Aire: &plusmn; 24 kV, Contacta: &plusmn; 24 kV<br \/>&#8211; Temperatura de funcionamiento -40 to 70&deg; C<br \/>&#8211; Humedad de funcionamiento 5 to 95% Sin condensacion<\/td>\n<\/tr>\n<tr>\n<td><strong>Fecha de revisi&oacute;n<\/strong><\/td>\n<td>26-12-2017 por MSB<\/td>\n<\/tr>\n<\/tbody>\n<\/table>\n","protected":false},"excerpt":{"rendered":"<p>Usando tecnolog&iacute;a airMAX ac, el Ubiquiti PrismStation AC soporta hasta 500 Mbps reales TCP\/IP. Tiene una antena que ofrece 14 dBi de ganancia, opera en el intervalo de frecuencia de 5150 &ndash; 5875 MHz. Cuenta con un procesador Atheros MIPS 74KC a 560 MHz y 64MB de RAM. Tambi&eacute;n tiene un puerto Gigabit Ethernet 10\/100\/1000.&hellip;&nbsp;<a href=\"https:\/\/aivlisoft.net\/shop\/producto\/ubiquiti-airmax-prismstation-ps-5ac-5ghz\/\" rel=\"bookmark\"><span class=\"screen-reader-text\">Ubiquiti AirMax PrismStation PS-5AC 5GHz<\/span><\/a><\/p>\n","protected":false},"featured_media":6087,"template":"","meta":{"neve_meta_sidebar":"","neve_meta_container":"","neve_meta_enable_content_width":"","neve_meta_content_width":0,"neve_meta_title_alignment":"","neve_meta_author_avatar":"","neve_post_elements_order":"","neve_meta_disable_header":"","neve_meta_disable_footer":"","neve_meta_disable_title":""},"product_brand":[],"product_cat":[8705],"product_tag":[1934],"class_list":{"0":"post-6086","1":"product","2":"type-product","3":"status-publish","4":"has-post-thumbnail","6":"product_cat-accesorios-redes-wifi","7":"product_tag-ps-5ac","9":"first","10":"instock","11":"taxable","12":"shipping-taxable","13":"purchasable","14":"product-type-simple"},"yoast_head":"<!-- This site is optimized with the Yoast SEO plugin v26.0 - https:\/\/yoast.com\/wordpress\/plugins\/seo\/ -->\n<title>Ubiquiti AirMax PrismStation PS-5AC 5GHz - Aivlisoft Inform\u00e1tica<\/title>\n<meta name=\"robots\" content=\"index, follow, max-snippet:-1, max-image-preview:large, max-video-preview:-1\" \/>\n<link rel=\"canonical\" href=\"https:\/\/aivlisoft.net\/shop\/producto\/ubiquiti-airmax-prismstation-ps-5ac-5ghz\/\" \/>\n<meta property=\"og:locale\" content=\"es_ES\" \/>\n<meta property=\"og:type\" content=\"article\" \/>\n<meta property=\"og:title\" content=\"Ubiquiti AirMax PrismStation PS-5AC 5GHz - Aivlisoft Inform\u00e1tica\" \/>\n<meta property=\"og:description\" content=\"Usando tecnolog&iacute;a airMAX ac, el Ubiquiti PrismStation AC soporta hasta 500 Mbps reales TCP\/IP. Tiene una antena que ofrece 14 dBi de ganancia, opera en el intervalo de frecuencia de 5150 &ndash; 5875 MHz. Cuenta con un procesador Atheros MIPS 74KC a 560 MHz y 64MB de RAM. Tambi&eacute;n tiene un puerto Gigabit Ethernet 10\/100\/1000.&hellip;&nbsp;Ubiquiti AirMax PrismStation PS-5AC 5GHz\" \/>\n<meta property=\"og:url\" content=\"https:\/\/aivlisoft.net\/shop\/producto\/ubiquiti-airmax-prismstation-ps-5ac-5ghz\/\" \/>\n<meta property=\"og:site_name\" content=\"Aivlisoft Inform\u00e1tica\" \/>\n<meta property=\"article:modified_time\" content=\"2025-01-14T10:23:25+00:00\" \/>\n<meta property=\"og:image\" content=\"https:\/\/aivlisoft.net\/shop\/wp-content\/uploads\/2025\/01\/ANEAWI0144_800-1.jpg\" \/>\n\t<meta property=\"og:image:width\" content=\"800\" \/>\n\t<meta property=\"og:image:height\" content=\"800\" \/>\n\t<meta property=\"og:image:type\" content=\"image\/jpeg\" \/>\n<meta name=\"twitter:card\" content=\"summary_large_image\" \/>\n<meta name=\"twitter:label1\" content=\"Tiempo de lectura\" \/>\n\t<meta name=\"twitter:data1\" content=\"1 minuto\" \/>\n<script type=\"application\/ld+json\" class=\"yoast-schema-graph\">{\"@context\":\"https:\/\/schema.org\",\"@graph\":[{\"@type\":\"WebPage\",\"@id\":\"https:\/\/aivlisoft.net\/shop\/producto\/ubiquiti-airmax-prismstation-ps-5ac-5ghz\/\",\"url\":\"https:\/\/aivlisoft.net\/shop\/producto\/ubiquiti-airmax-prismstation-ps-5ac-5ghz\/\",\"name\":\"Ubiquiti AirMax PrismStation PS-5AC 5GHz - Aivlisoft Inform\u00e1tica\",\"isPartOf\":{\"@id\":\"https:\/\/aivlisoft.net\/shop\/#website\"},\"primaryImageOfPage\":{\"@id\":\"https:\/\/aivlisoft.net\/shop\/producto\/ubiquiti-airmax-prismstation-ps-5ac-5ghz\/#primaryimage\"},\"image\":{\"@id\":\"https:\/\/aivlisoft.net\/shop\/producto\/ubiquiti-airmax-prismstation-ps-5ac-5ghz\/#primaryimage\"},\"thumbnailUrl\":\"https:\/\/aivlisoft.net\/shop\/wp-content\/uploads\/2025\/01\/ANEAWI0144_800-1.jpg\",\"datePublished\":\"2025-01-13T13:30:01+00:00\",\"dateModified\":\"2025-01-14T10:23:25+00:00\",\"breadcrumb\":{\"@id\":\"https:\/\/aivlisoft.net\/shop\/producto\/ubiquiti-airmax-prismstation-ps-5ac-5ghz\/#breadcrumb\"},\"inLanguage\":\"es\",\"potentialAction\":[{\"@type\":\"ReadAction\",\"target\":[\"https:\/\/aivlisoft.net\/shop\/producto\/ubiquiti-airmax-prismstation-ps-5ac-5ghz\/\"]}]},{\"@type\":\"ImageObject\",\"inLanguage\":\"es\",\"@id\":\"https:\/\/aivlisoft.net\/shop\/producto\/ubiquiti-airmax-prismstation-ps-5ac-5ghz\/#primaryimage\",\"url\":\"https:\/\/aivlisoft.net\/shop\/wp-content\/uploads\/2025\/01\/ANEAWI0144_800-1.jpg\",\"contentUrl\":\"https:\/\/aivlisoft.net\/shop\/wp-content\/uploads\/2025\/01\/ANEAWI0144_800-1.jpg\",\"width\":800,\"height\":800},{\"@type\":\"BreadcrumbList\",\"@id\":\"https:\/\/aivlisoft.net\/shop\/producto\/ubiquiti-airmax-prismstation-ps-5ac-5ghz\/#breadcrumb\",\"itemListElement\":[{\"@type\":\"ListItem\",\"position\":1,\"name\":\"Portada\",\"item\":\"https:\/\/aivlisoft.net\/shop\/\"},{\"@type\":\"ListItem\",\"position\":2,\"name\":\"Tienda\",\"item\":\"https:\/\/aivlisoft.net\/shop\/tienda\/\"},{\"@type\":\"ListItem\",\"position\":3,\"name\":\"Ubiquiti AirMax PrismStation PS-5AC 5GHz\"}]},{\"@type\":\"WebSite\",\"@id\":\"https:\/\/aivlisoft.net\/shop\/#website\",\"url\":\"https:\/\/aivlisoft.net\/shop\/\",\"name\":\"Aivlisoft Inform\u00e1tica\",\"description\":\"En Aivlisoft Inform\u00e1tica ofrecemos soluciones tecnol\u00f3gicas para empresas: venta de ordenadores, consumibles, perif\u00e9ricos y m\u00e1s. Calidad, atenci\u00f3n personalizada y los mejores precios para tu negocio.\",\"publisher\":{\"@id\":\"https:\/\/aivlisoft.net\/shop\/#organization\"},\"potentialAction\":[{\"@type\":\"SearchAction\",\"target\":{\"@type\":\"EntryPoint\",\"urlTemplate\":\"https:\/\/aivlisoft.net\/shop\/?s={search_term_string}\"},\"query-input\":{\"@type\":\"PropertyValueSpecification\",\"valueRequired\":true,\"valueName\":\"search_term_string\"}}],\"inLanguage\":\"es\"},{\"@type\":\"Organization\",\"@id\":\"https:\/\/aivlisoft.net\/shop\/#organization\",\"name\":\"Aivlisoft Inform\u00e1tica\",\"url\":\"https:\/\/aivlisoft.net\/shop\/\",\"logo\":{\"@type\":\"ImageObject\",\"inLanguage\":\"es\",\"@id\":\"https:\/\/aivlisoft.net\/shop\/#\/schema\/logo\/image\/\",\"url\":\"https:\/\/aivlisoft.net\/shop\/wp-content\/uploads\/2024\/12\/removal.ai_5b848c54-0cdf-4140-95c5-c5536bb7573b-logodef.png\",\"contentUrl\":\"https:\/\/aivlisoft.net\/shop\/wp-content\/uploads\/2024\/12\/removal.ai_5b848c54-0cdf-4140-95c5-c5536bb7573b-logodef.png\",\"width\":484,\"height\":182,\"caption\":\"Aivlisoft Inform\u00e1tica\"},\"image\":{\"@id\":\"https:\/\/aivlisoft.net\/shop\/#\/schema\/logo\/image\/\"}}]}<\/script>\n<!-- \/ Yoast SEO plugin. -->","yoast_head_json":{"title":"Ubiquiti AirMax PrismStation PS-5AC 5GHz - Aivlisoft Inform\u00e1tica","robots":{"index":"index","follow":"follow","max-snippet":"max-snippet:-1","max-image-preview":"max-image-preview:large","max-video-preview":"max-video-preview:-1"},"canonical":"https:\/\/aivlisoft.net\/shop\/producto\/ubiquiti-airmax-prismstation-ps-5ac-5ghz\/","og_locale":"es_ES","og_type":"article","og_title":"Ubiquiti AirMax PrismStation PS-5AC 5GHz - Aivlisoft Inform\u00e1tica","og_description":"Usando tecnolog&iacute;a airMAX ac, el Ubiquiti PrismStation AC soporta hasta 500 Mbps reales TCP\/IP. Tiene una antena que ofrece 14 dBi de ganancia, opera en el intervalo de frecuencia de 5150 &ndash; 5875 MHz. Cuenta con un procesador Atheros MIPS 74KC a 560 MHz y 64MB de RAM. Tambi&eacute;n tiene un puerto Gigabit Ethernet 10\/100\/1000.&hellip;&nbsp;Ubiquiti AirMax PrismStation PS-5AC 5GHz","og_url":"https:\/\/aivlisoft.net\/shop\/producto\/ubiquiti-airmax-prismstation-ps-5ac-5ghz\/","og_site_name":"Aivlisoft Inform\u00e1tica","article_modified_time":"2025-01-14T10:23:25+00:00","og_image":[{"width":800,"height":800,"url":"https:\/\/aivlisoft.net\/shop\/wp-content\/uploads\/2025\/01\/ANEAWI0144_800-1.jpg","type":"image\/jpeg"}],"twitter_card":"summary_large_image","twitter_misc":{"Tiempo de lectura":"1 minuto"},"schema":{"@context":"https:\/\/schema.org","@graph":[{"@type":"WebPage","@id":"https:\/\/aivlisoft.net\/shop\/producto\/ubiquiti-airmax-prismstation-ps-5ac-5ghz\/","url":"https:\/\/aivlisoft.net\/shop\/producto\/ubiquiti-airmax-prismstation-ps-5ac-5ghz\/","name":"Ubiquiti AirMax PrismStation PS-5AC 5GHz - Aivlisoft Inform\u00e1tica","isPartOf":{"@id":"https:\/\/aivlisoft.net\/shop\/#website"},"primaryImageOfPage":{"@id":"https:\/\/aivlisoft.net\/shop\/producto\/ubiquiti-airmax-prismstation-ps-5ac-5ghz\/#primaryimage"},"image":{"@id":"https:\/\/aivlisoft.net\/shop\/producto\/ubiquiti-airmax-prismstation-ps-5ac-5ghz\/#primaryimage"},"thumbnailUrl":"https:\/\/aivlisoft.net\/shop\/wp-content\/uploads\/2025\/01\/ANEAWI0144_800-1.jpg","datePublished":"2025-01-13T13:30:01+00:00","dateModified":"2025-01-14T10:23:25+00:00","breadcrumb":{"@id":"https:\/\/aivlisoft.net\/shop\/producto\/ubiquiti-airmax-prismstation-ps-5ac-5ghz\/#breadcrumb"},"inLanguage":"es","potentialAction":[{"@type":"ReadAction","target":["https:\/\/aivlisoft.net\/shop\/producto\/ubiquiti-airmax-prismstation-ps-5ac-5ghz\/"]}]},{"@type":"ImageObject","inLanguage":"es","@id":"https:\/\/aivlisoft.net\/shop\/producto\/ubiquiti-airmax-prismstation-ps-5ac-5ghz\/#primaryimage","url":"https:\/\/aivlisoft.net\/shop\/wp-content\/uploads\/2025\/01\/ANEAWI0144_800-1.jpg","contentUrl":"https:\/\/aivlisoft.net\/shop\/wp-content\/uploads\/2025\/01\/ANEAWI0144_800-1.jpg","width":800,"height":800},{"@type":"BreadcrumbList","@id":"https:\/\/aivlisoft.net\/shop\/producto\/ubiquiti-airmax-prismstation-ps-5ac-5ghz\/#breadcrumb","itemListElement":[{"@type":"ListItem","position":1,"name":"Portada","item":"https:\/\/aivlisoft.net\/shop\/"},{"@type":"ListItem","position":2,"name":"Tienda","item":"https:\/\/aivlisoft.net\/shop\/tienda\/"},{"@type":"ListItem","position":3,"name":"Ubiquiti AirMax PrismStation PS-5AC 5GHz"}]},{"@type":"WebSite","@id":"https:\/\/aivlisoft.net\/shop\/#website","url":"https:\/\/aivlisoft.net\/shop\/","name":"Aivlisoft Inform\u00e1tica","description":"En Aivlisoft Inform\u00e1tica ofrecemos soluciones tecnol\u00f3gicas para empresas: venta de ordenadores, consumibles, perif\u00e9ricos y m\u00e1s. Calidad, atenci\u00f3n personalizada y los mejores precios para tu negocio.","publisher":{"@id":"https:\/\/aivlisoft.net\/shop\/#organization"},"potentialAction":[{"@type":"SearchAction","target":{"@type":"EntryPoint","urlTemplate":"https:\/\/aivlisoft.net\/shop\/?s={search_term_string}"},"query-input":{"@type":"PropertyValueSpecification","valueRequired":true,"valueName":"search_term_string"}}],"inLanguage":"es"},{"@type":"Organization","@id":"https:\/\/aivlisoft.net\/shop\/#organization","name":"Aivlisoft Inform\u00e1tica","url":"https:\/\/aivlisoft.net\/shop\/","logo":{"@type":"ImageObject","inLanguage":"es","@id":"https:\/\/aivlisoft.net\/shop\/#\/schema\/logo\/image\/","url":"https:\/\/aivlisoft.net\/shop\/wp-content\/uploads\/2024\/12\/removal.ai_5b848c54-0cdf-4140-95c5-c5536bb7573b-logodef.png","contentUrl":"https:\/\/aivlisoft.net\/shop\/wp-content\/uploads\/2024\/12\/removal.ai_5b848c54-0cdf-4140-95c5-c5536bb7573b-logodef.png","width":484,"height":182,"caption":"Aivlisoft Inform\u00e1tica"},"image":{"@id":"https:\/\/aivlisoft.net\/shop\/#\/schema\/logo\/image\/"}}]}},"_links":{"self":[{"href":"https:\/\/aivlisoft.net\/shop\/wp-json\/wp\/v2\/product\/6086","targetHints":{"allow":["GET"]}}],"collection":[{"href":"https:\/\/aivlisoft.net\/shop\/wp-json\/wp\/v2\/product"}],"about":[{"href":"https:\/\/aivlisoft.net\/shop\/wp-json\/wp\/v2\/types\/product"}],"wp:featuredmedia":[{"embeddable":true,"href":"https:\/\/aivlisoft.net\/shop\/wp-json\/wp\/v2\/media\/6087"}],"wp:attachment":[{"href":"https:\/\/aivlisoft.net\/shop\/wp-json\/wp\/v2\/media?parent=6086"}],"wp:term":[{"taxonomy":"product_brand","embeddable":true,"href":"https:\/\/aivlisoft.net\/shop\/wp-json\/wp\/v2\/product_brand?post=6086"},{"taxonomy":"product_cat","embeddable":true,"href":"https:\/\/aivlisoft.net\/shop\/wp-json\/wp\/v2\/product_cat?post=6086"},{"taxonomy":"product_tag","embeddable":true,"href":"https:\/\/aivlisoft.net\/shop\/wp-json\/wp\/v2\/product_tag?post=6086"}],"curies":[{"name":"wp","href":"https:\/\/api.w.org\/{rel}","templated":true}]}}