{"id":6080,"date":"2025-01-13T13:29:59","date_gmt":"2025-01-13T13:29:59","guid":{"rendered":"https:\/\/aivlisoft.com\/?post_type=product&#038;p=6080"},"modified":"2025-01-14T10:23:23","modified_gmt":"2025-01-14T10:23:23","slug":"ubiquiti-airmax-horn-5-horn-5-60-5ghz-16dbi","status":"publish","type":"product","link":"https:\/\/aivlisoft.net\/shop\/producto\/ubiquiti-airmax-horn-5-horn-5-60-5ghz-16dbi\/","title":{"rendered":"Ubiquiti AirMax Horn 5 Horn-5-60 5GHz 16dBi"},"content":{"rendered":"<p>Nuevas antenas \u00abHorn\u00bb (Bocina) compatibles con los modelos PS-5AC, ISO-5AC e ISO-M5.<\/p>\n<p>Esta nueva generaci&oacute;n de antenas sectoriales permite flexibilizar los enlaces segundo nuestras necesidades.<\/p>\n<p>Esta antena asim&eacute;trica dispone de l&oacute;bilos laterales atenuados para una baja radiaci&oacute;n trasera, ofreciendo el mejor ratio frontal-trasero con la menor radiaci&oacute;n lateral. Las antenas asim&eacute;tricas son ideales para cl&uacute;steres de antenas sectoriales.<\/p>\n<table class=\"tabla_caracteristicas k-table\" width=\"100%\">\n<tbody>\n<tr>\n<td><strong>Marca<\/strong><\/td>\n<td>Ubiquiti<\/td>\n<\/tr>\n<tr>\n<td valign=\"top\"><strong>Modelo<\/strong><\/td>\n<td><strong>Horn-5-60<\/strong><\/td>\n<\/tr>\n<tr>\n<td valign=\"top\"><strong>Caracteristicas<\/strong><\/td>\n<td>&#8211; Rango de Frecuencias soportado: 5.15-5.85 GHz<br \/>&#8211; Ganancia: 16 dBi<br \/>&#8211; Ancho de haz horizontal: 60&deg;<br \/>&#8211; Ancho de haz vertical: 60&deg;<br \/>&#8211; &Aacute;ngulo de elevaci&oacute;n: 30&deg;<br \/>&#8211; VSWR M&aacute;ximo: 2:1<br \/>&#8211; Carga de viento: 50N &#8211; 200 km\/h<br \/>&#8211; Polarizaci&oacute;n: Dual-Lineal<br \/>&#8211; Aislamiento en polarizaci&oacute;n cruzada: 17 dB<br \/>&#8211; Dimensiones: 161.6 x 173.3 x 170.9 mm<br \/>&#8211; Peso: 720g<\/td>\n<\/tr>\n<tr>\n<td><strong>Fecha de revisi&oacute;n<\/strong><\/td>\n<td>26-12-2017 por MSB<\/td>\n<\/tr>\n<\/tbody>\n<\/table>\n","protected":false},"excerpt":{"rendered":"<p>Nuevas antenas \u00abHorn\u00bb (Bocina) compatibles con los modelos PS-5AC, ISO-5AC e ISO-M5. Esta nueva generaci&oacute;n de antenas sectoriales permite flexibilizar los enlaces segundo nuestras necesidades. Esta antena asim&eacute;trica dispone de l&oacute;bilos laterales atenuados para una baja radiaci&oacute;n trasera, ofreciendo el mejor ratio frontal-trasero con la menor radiaci&oacute;n lateral. Las antenas asim&eacute;tricas son ideales para cl&uacute;steres&hellip;&nbsp;<a href=\"https:\/\/aivlisoft.net\/shop\/producto\/ubiquiti-airmax-horn-5-horn-5-60-5ghz-16dbi\/\" rel=\"bookmark\"><span class=\"screen-reader-text\">Ubiquiti AirMax Horn 5 Horn-5-60 5GHz 16dBi<\/span><\/a><\/p>\n","protected":false},"featured_media":6081,"template":"","meta":{"neve_meta_sidebar":"","neve_meta_container":"","neve_meta_enable_content_width":"","neve_meta_content_width":0,"neve_meta_title_alignment":"","neve_meta_author_avatar":"","neve_post_elements_order":"","neve_meta_disable_header":"","neve_meta_disable_footer":"","neve_meta_disable_title":""},"product_brand":[],"product_cat":[8705],"product_tag":[1931],"class_list":{"0":"post-6080","1":"product","2":"type-product","3":"status-publish","4":"has-post-thumbnail","6":"product_cat-accesorios-redes-wifi","7":"product_tag-horn-5-60","9":"first","10":"instock","11":"taxable","12":"shipping-taxable","13":"purchasable","14":"product-type-simple"},"yoast_head":"<!-- This site is optimized with the Yoast SEO plugin v26.0 - https:\/\/yoast.com\/wordpress\/plugins\/seo\/ -->\n<title>Ubiquiti AirMax Horn 5 Horn-5-60 5GHz 16dBi - Aivlisoft Inform\u00e1tica<\/title>\n<meta name=\"robots\" content=\"index, follow, max-snippet:-1, max-image-preview:large, max-video-preview:-1\" \/>\n<link rel=\"canonical\" href=\"https:\/\/aivlisoft.net\/shop\/producto\/ubiquiti-airmax-horn-5-horn-5-60-5ghz-16dbi\/\" \/>\n<meta property=\"og:locale\" content=\"es_ES\" \/>\n<meta property=\"og:type\" content=\"article\" \/>\n<meta property=\"og:title\" content=\"Ubiquiti AirMax Horn 5 Horn-5-60 5GHz 16dBi - Aivlisoft Inform\u00e1tica\" \/>\n<meta property=\"og:description\" content=\"Nuevas antenas \u00abHorn\u00bb (Bocina) compatibles con los modelos PS-5AC, ISO-5AC e ISO-M5. Esta nueva generaci&oacute;n de antenas sectoriales permite flexibilizar los enlaces segundo nuestras necesidades. Esta antena asim&eacute;trica dispone de l&oacute;bilos laterales atenuados para una baja radiaci&oacute;n trasera, ofreciendo el mejor ratio frontal-trasero con la menor radiaci&oacute;n lateral. Las antenas asim&eacute;tricas son ideales para cl&uacute;steres&hellip;&nbsp;Ubiquiti AirMax Horn 5 Horn-5-60 5GHz 16dBi\" \/>\n<meta property=\"og:url\" content=\"https:\/\/aivlisoft.net\/shop\/producto\/ubiquiti-airmax-horn-5-horn-5-60-5ghz-16dbi\/\" \/>\n<meta property=\"og:site_name\" content=\"Aivlisoft Inform\u00e1tica\" \/>\n<meta property=\"article:modified_time\" content=\"2025-01-14T10:23:23+00:00\" \/>\n<meta property=\"og:image\" content=\"https:\/\/aivlisoft.net\/shop\/wp-content\/uploads\/2025\/01\/ANEAWI0141_800-1.jpg\" \/>\n\t<meta property=\"og:image:width\" content=\"800\" \/>\n\t<meta property=\"og:image:height\" content=\"800\" \/>\n\t<meta property=\"og:image:type\" content=\"image\/jpeg\" \/>\n<meta name=\"twitter:card\" content=\"summary_large_image\" \/>\n<meta name=\"twitter:label1\" content=\"Tiempo de lectura\" \/>\n\t<meta name=\"twitter:data1\" content=\"1 minuto\" \/>\n<script type=\"application\/ld+json\" class=\"yoast-schema-graph\">{\"@context\":\"https:\/\/schema.org\",\"@graph\":[{\"@type\":\"WebPage\",\"@id\":\"https:\/\/aivlisoft.net\/shop\/producto\/ubiquiti-airmax-horn-5-horn-5-60-5ghz-16dbi\/\",\"url\":\"https:\/\/aivlisoft.net\/shop\/producto\/ubiquiti-airmax-horn-5-horn-5-60-5ghz-16dbi\/\",\"name\":\"Ubiquiti AirMax Horn 5 Horn-5-60 5GHz 16dBi - Aivlisoft Inform\u00e1tica\",\"isPartOf\":{\"@id\":\"https:\/\/aivlisoft.net\/shop\/#website\"},\"primaryImageOfPage\":{\"@id\":\"https:\/\/aivlisoft.net\/shop\/producto\/ubiquiti-airmax-horn-5-horn-5-60-5ghz-16dbi\/#primaryimage\"},\"image\":{\"@id\":\"https:\/\/aivlisoft.net\/shop\/producto\/ubiquiti-airmax-horn-5-horn-5-60-5ghz-16dbi\/#primaryimage\"},\"thumbnailUrl\":\"https:\/\/aivlisoft.net\/shop\/wp-content\/uploads\/2025\/01\/ANEAWI0141_800-1.jpg\",\"datePublished\":\"2025-01-13T13:29:59+00:00\",\"dateModified\":\"2025-01-14T10:23:23+00:00\",\"breadcrumb\":{\"@id\":\"https:\/\/aivlisoft.net\/shop\/producto\/ubiquiti-airmax-horn-5-horn-5-60-5ghz-16dbi\/#breadcrumb\"},\"inLanguage\":\"es\",\"potentialAction\":[{\"@type\":\"ReadAction\",\"target\":[\"https:\/\/aivlisoft.net\/shop\/producto\/ubiquiti-airmax-horn-5-horn-5-60-5ghz-16dbi\/\"]}]},{\"@type\":\"ImageObject\",\"inLanguage\":\"es\",\"@id\":\"https:\/\/aivlisoft.net\/shop\/producto\/ubiquiti-airmax-horn-5-horn-5-60-5ghz-16dbi\/#primaryimage\",\"url\":\"https:\/\/aivlisoft.net\/shop\/wp-content\/uploads\/2025\/01\/ANEAWI0141_800-1.jpg\",\"contentUrl\":\"https:\/\/aivlisoft.net\/shop\/wp-content\/uploads\/2025\/01\/ANEAWI0141_800-1.jpg\",\"width\":800,\"height\":800},{\"@type\":\"BreadcrumbList\",\"@id\":\"https:\/\/aivlisoft.net\/shop\/producto\/ubiquiti-airmax-horn-5-horn-5-60-5ghz-16dbi\/#breadcrumb\",\"itemListElement\":[{\"@type\":\"ListItem\",\"position\":1,\"name\":\"Portada\",\"item\":\"https:\/\/aivlisoft.net\/shop\/\"},{\"@type\":\"ListItem\",\"position\":2,\"name\":\"Tienda\",\"item\":\"https:\/\/aivlisoft.net\/shop\/tienda\/\"},{\"@type\":\"ListItem\",\"position\":3,\"name\":\"Ubiquiti AirMax Horn 5 Horn-5-60 5GHz 16dBi\"}]},{\"@type\":\"WebSite\",\"@id\":\"https:\/\/aivlisoft.net\/shop\/#website\",\"url\":\"https:\/\/aivlisoft.net\/shop\/\",\"name\":\"Aivlisoft Inform\u00e1tica\",\"description\":\"En Aivlisoft Inform\u00e1tica ofrecemos soluciones tecnol\u00f3gicas para empresas: venta de ordenadores, consumibles, perif\u00e9ricos y m\u00e1s. Calidad, atenci\u00f3n personalizada y los mejores precios para tu negocio.\",\"publisher\":{\"@id\":\"https:\/\/aivlisoft.net\/shop\/#organization\"},\"potentialAction\":[{\"@type\":\"SearchAction\",\"target\":{\"@type\":\"EntryPoint\",\"urlTemplate\":\"https:\/\/aivlisoft.net\/shop\/?s={search_term_string}\"},\"query-input\":{\"@type\":\"PropertyValueSpecification\",\"valueRequired\":true,\"valueName\":\"search_term_string\"}}],\"inLanguage\":\"es\"},{\"@type\":\"Organization\",\"@id\":\"https:\/\/aivlisoft.net\/shop\/#organization\",\"name\":\"Aivlisoft Inform\u00e1tica\",\"url\":\"https:\/\/aivlisoft.net\/shop\/\",\"logo\":{\"@type\":\"ImageObject\",\"inLanguage\":\"es\",\"@id\":\"https:\/\/aivlisoft.net\/shop\/#\/schema\/logo\/image\/\",\"url\":\"https:\/\/aivlisoft.net\/shop\/wp-content\/uploads\/2024\/12\/removal.ai_5b848c54-0cdf-4140-95c5-c5536bb7573b-logodef.png\",\"contentUrl\":\"https:\/\/aivlisoft.net\/shop\/wp-content\/uploads\/2024\/12\/removal.ai_5b848c54-0cdf-4140-95c5-c5536bb7573b-logodef.png\",\"width\":484,\"height\":182,\"caption\":\"Aivlisoft Inform\u00e1tica\"},\"image\":{\"@id\":\"https:\/\/aivlisoft.net\/shop\/#\/schema\/logo\/image\/\"}}]}<\/script>\n<!-- \/ Yoast SEO plugin. -->","yoast_head_json":{"title":"Ubiquiti AirMax Horn 5 Horn-5-60 5GHz 16dBi - Aivlisoft Inform\u00e1tica","robots":{"index":"index","follow":"follow","max-snippet":"max-snippet:-1","max-image-preview":"max-image-preview:large","max-video-preview":"max-video-preview:-1"},"canonical":"https:\/\/aivlisoft.net\/shop\/producto\/ubiquiti-airmax-horn-5-horn-5-60-5ghz-16dbi\/","og_locale":"es_ES","og_type":"article","og_title":"Ubiquiti AirMax Horn 5 Horn-5-60 5GHz 16dBi - Aivlisoft Inform\u00e1tica","og_description":"Nuevas antenas \u00abHorn\u00bb (Bocina) compatibles con los modelos PS-5AC, ISO-5AC e ISO-M5. Esta nueva generaci&oacute;n de antenas sectoriales permite flexibilizar los enlaces segundo nuestras necesidades. Esta antena asim&eacute;trica dispone de l&oacute;bilos laterales atenuados para una baja radiaci&oacute;n trasera, ofreciendo el mejor ratio frontal-trasero con la menor radiaci&oacute;n lateral. Las antenas asim&eacute;tricas son ideales para cl&uacute;steres&hellip;&nbsp;Ubiquiti AirMax Horn 5 Horn-5-60 5GHz 16dBi","og_url":"https:\/\/aivlisoft.net\/shop\/producto\/ubiquiti-airmax-horn-5-horn-5-60-5ghz-16dbi\/","og_site_name":"Aivlisoft Inform\u00e1tica","article_modified_time":"2025-01-14T10:23:23+00:00","og_image":[{"width":800,"height":800,"url":"https:\/\/aivlisoft.net\/shop\/wp-content\/uploads\/2025\/01\/ANEAWI0141_800-1.jpg","type":"image\/jpeg"}],"twitter_card":"summary_large_image","twitter_misc":{"Tiempo de lectura":"1 minuto"},"schema":{"@context":"https:\/\/schema.org","@graph":[{"@type":"WebPage","@id":"https:\/\/aivlisoft.net\/shop\/producto\/ubiquiti-airmax-horn-5-horn-5-60-5ghz-16dbi\/","url":"https:\/\/aivlisoft.net\/shop\/producto\/ubiquiti-airmax-horn-5-horn-5-60-5ghz-16dbi\/","name":"Ubiquiti AirMax Horn 5 Horn-5-60 5GHz 16dBi - Aivlisoft Inform\u00e1tica","isPartOf":{"@id":"https:\/\/aivlisoft.net\/shop\/#website"},"primaryImageOfPage":{"@id":"https:\/\/aivlisoft.net\/shop\/producto\/ubiquiti-airmax-horn-5-horn-5-60-5ghz-16dbi\/#primaryimage"},"image":{"@id":"https:\/\/aivlisoft.net\/shop\/producto\/ubiquiti-airmax-horn-5-horn-5-60-5ghz-16dbi\/#primaryimage"},"thumbnailUrl":"https:\/\/aivlisoft.net\/shop\/wp-content\/uploads\/2025\/01\/ANEAWI0141_800-1.jpg","datePublished":"2025-01-13T13:29:59+00:00","dateModified":"2025-01-14T10:23:23+00:00","breadcrumb":{"@id":"https:\/\/aivlisoft.net\/shop\/producto\/ubiquiti-airmax-horn-5-horn-5-60-5ghz-16dbi\/#breadcrumb"},"inLanguage":"es","potentialAction":[{"@type":"ReadAction","target":["https:\/\/aivlisoft.net\/shop\/producto\/ubiquiti-airmax-horn-5-horn-5-60-5ghz-16dbi\/"]}]},{"@type":"ImageObject","inLanguage":"es","@id":"https:\/\/aivlisoft.net\/shop\/producto\/ubiquiti-airmax-horn-5-horn-5-60-5ghz-16dbi\/#primaryimage","url":"https:\/\/aivlisoft.net\/shop\/wp-content\/uploads\/2025\/01\/ANEAWI0141_800-1.jpg","contentUrl":"https:\/\/aivlisoft.net\/shop\/wp-content\/uploads\/2025\/01\/ANEAWI0141_800-1.jpg","width":800,"height":800},{"@type":"BreadcrumbList","@id":"https:\/\/aivlisoft.net\/shop\/producto\/ubiquiti-airmax-horn-5-horn-5-60-5ghz-16dbi\/#breadcrumb","itemListElement":[{"@type":"ListItem","position":1,"name":"Portada","item":"https:\/\/aivlisoft.net\/shop\/"},{"@type":"ListItem","position":2,"name":"Tienda","item":"https:\/\/aivlisoft.net\/shop\/tienda\/"},{"@type":"ListItem","position":3,"name":"Ubiquiti AirMax Horn 5 Horn-5-60 5GHz 16dBi"}]},{"@type":"WebSite","@id":"https:\/\/aivlisoft.net\/shop\/#website","url":"https:\/\/aivlisoft.net\/shop\/","name":"Aivlisoft Inform\u00e1tica","description":"En Aivlisoft Inform\u00e1tica ofrecemos soluciones tecnol\u00f3gicas para empresas: venta de ordenadores, consumibles, perif\u00e9ricos y m\u00e1s. Calidad, atenci\u00f3n personalizada y los mejores precios para tu negocio.","publisher":{"@id":"https:\/\/aivlisoft.net\/shop\/#organization"},"potentialAction":[{"@type":"SearchAction","target":{"@type":"EntryPoint","urlTemplate":"https:\/\/aivlisoft.net\/shop\/?s={search_term_string}"},"query-input":{"@type":"PropertyValueSpecification","valueRequired":true,"valueName":"search_term_string"}}],"inLanguage":"es"},{"@type":"Organization","@id":"https:\/\/aivlisoft.net\/shop\/#organization","name":"Aivlisoft Inform\u00e1tica","url":"https:\/\/aivlisoft.net\/shop\/","logo":{"@type":"ImageObject","inLanguage":"es","@id":"https:\/\/aivlisoft.net\/shop\/#\/schema\/logo\/image\/","url":"https:\/\/aivlisoft.net\/shop\/wp-content\/uploads\/2024\/12\/removal.ai_5b848c54-0cdf-4140-95c5-c5536bb7573b-logodef.png","contentUrl":"https:\/\/aivlisoft.net\/shop\/wp-content\/uploads\/2024\/12\/removal.ai_5b848c54-0cdf-4140-95c5-c5536bb7573b-logodef.png","width":484,"height":182,"caption":"Aivlisoft Inform\u00e1tica"},"image":{"@id":"https:\/\/aivlisoft.net\/shop\/#\/schema\/logo\/image\/"}}]}},"_links":{"self":[{"href":"https:\/\/aivlisoft.net\/shop\/wp-json\/wp\/v2\/product\/6080","targetHints":{"allow":["GET"]}}],"collection":[{"href":"https:\/\/aivlisoft.net\/shop\/wp-json\/wp\/v2\/product"}],"about":[{"href":"https:\/\/aivlisoft.net\/shop\/wp-json\/wp\/v2\/types\/product"}],"wp:featuredmedia":[{"embeddable":true,"href":"https:\/\/aivlisoft.net\/shop\/wp-json\/wp\/v2\/media\/6081"}],"wp:attachment":[{"href":"https:\/\/aivlisoft.net\/shop\/wp-json\/wp\/v2\/media?parent=6080"}],"wp:term":[{"taxonomy":"product_brand","embeddable":true,"href":"https:\/\/aivlisoft.net\/shop\/wp-json\/wp\/v2\/product_brand?post=6080"},{"taxonomy":"product_cat","embeddable":true,"href":"https:\/\/aivlisoft.net\/shop\/wp-json\/wp\/v2\/product_cat?post=6080"},{"taxonomy":"product_tag","embeddable":true,"href":"https:\/\/aivlisoft.net\/shop\/wp-json\/wp\/v2\/product_tag?post=6080"}],"curies":[{"name":"wp","href":"https:\/\/api.w.org\/{rel}","templated":true}]}}