{"id":6053,"date":"2025-01-13T13:29:45","date_gmt":"2025-01-13T13:29:45","guid":{"rendered":"https:\/\/aivlisoft.com\/?post_type=product&#038;p=6053"},"modified":"2025-01-14T10:23:09","modified_gmt":"2025-01-14T10:23:09","slug":"edimax-pro-apc500-controlador-inalambrico-3xgb","status":"publish","type":"product","link":"https:\/\/aivlisoft.net\/shop\/producto\/edimax-pro-apc500-controlador-inalambrico-3xgb\/","title":{"rendered":"Edimax PRO APC500 Controlador Inalambrico 3xGB"},"content":{"rendered":"<p>&nbsp;&#8211; Interfaz de alta velocidad: Compatible con puertos gigabit y USB 3.0.<br \/>&#8211; F&aacute;cil instalaci&oacute;n: Dise&ntilde;o con montaje en soporte\/pared\/escritorio, con kit de instalaci&oacute;n f&aacute;cil y asistente de instalaci&oacute;n en cinco pasos.<br \/>&#8211; Arquitectura escalable: Gestiona hasta 128 puntos de acceso Edimax Pro, incluidos AP interiores y exteriores.<br \/>&#8211; F&aacute;cil gesti&oacute;n centralizada: Software basado en web para configuraci&oacute;n y control remotos de AP.<br \/>&#8211; Gesti&oacute;n AP L2\/L3: Compatible con instalaci&oacute;n y configuraci&oacute;n de lotes con actualizaci&oacute;n de firmware de grupo y reinicio de grupo.<br \/>&#8211; Gesti&oacute;n RF: Plan de zona gr&aacute;fico con integraci&oacute;n de Google Maps para una f&aacute;cil simulaci&oacute;n de implementaci&oacute;n, planificaci&oacute;n, monitorizaci&oacute;n en vivo y configuraci&oacute;n de personalizaci&oacute;n de AP.<br \/>&#8211; Seguridad s&oacute;lida: RADIUS (AAA) incorporado compatible con autenticaci&oacute;n y autorizaci&oacute;n para hasta 512 cuentas de usuario.<br \/>&#8211; Acceso para invitados y portal cautivo: Compatible con nombre de usuario y autenticaci&oacute;n basada en contrase&ntilde;a con configuraci&oacute;n independiente de red para invitados para velocidades de ancho de banda (carga\/descarga), filtro IP, duraci&oacute;n de uso\/expiraci&oacute;n de cuenta y f&aacute;cil sistema de Front Desk para generaci&oacute;n de cuentas y control de tickets.<br \/>&#8211; Entornos empresariales: Amplia gama de aplicaciones comerciales tales como oficinas, hoteles, salas de reuniones, escuelas, campus, complejos, tiendas minoristas, centros comerciales y otros. Ideal para SMB.<br \/>&#8211; Modelos de AP compatibles: Edimax serie Pro CAP, WAP, OAP y IAP<\/p>\n<table class=\"tabla_caracteristicas k-table\" width=\"100%\">\n<tr>\n<td><strong>Marca<\/strong><\/td>\n<td>Edimax Pro<\/td>\n<\/tr>\n<tr>\n<td><strong>Modelo<\/strong><\/td>\n<td><strong>APC500<\/strong><\/td>\n<\/tr>\n<tr>\n<td><strong>Caracteristicas<\/strong><\/td>\n<td><strong>Hardware<\/strong><br \/>\t\t\t&#8211; H\/W: Independiente<br \/>\t\t\t&#8211; Licencia: Libre<br \/>\t\t\t&#8211; Segmento: Medio<br \/>\t\t\t&#8211; WAN: Giga x 1<br \/>\t\t\t&#8211; LAN: Giga x 3<br \/>\t\t\t&#8211; Consola: RJ45<br \/>\t\t\t&#8211; Flash: 8 GB para almacenamiento de registro<br \/>\t\t\t&#8211; Alimentaci&oacute;n: CC: 12 V\/1.5 A<br \/>\t\t\t&#8211; Consumo de energ&iacute;a (Carga completa): 8W<br \/>\t\t\t&#8211; Montaje: Montaje en soporte \/ escritorio \/ pared<br \/>\t\t\t&#8211; Candado de seguridad: Compatible con candado Kensington y en U<br \/>\t\t\t&#8211; Restablecer<br \/>\t\t\t&#8211; Indicadores LED:<br \/>\t\t\t&nbsp; Sistema<br \/>\t\t\t&nbsp; Encendido<br \/>\t\t\t&nbsp; Alimentaci&oacute;n<br \/>\t\t\t&nbsp; LINK\/ACT<br \/>\t\t\t&#8211; Condiciones medioambientales: Temperatura de funcionamiento: 0 &deg;C-50 &deg;C (32 &deg;F-122 &deg;F)<br \/>\t\t\t&nbsp; Humedad de funcionamiento: 90 % m&aacute;x.<br \/>\t\t\t&#8211; Dimensiones: 265 (L) x 178 (A) x 44 (H) mm<br \/>\t\t\t&#8211; Peso: 1030g<br \/>\t\t\t&#8211; Carcasa: Estuche de metal<br \/>\t\t\t<strong>Gesti&oacute;n<\/strong><br \/>\t\t\t&#8211; N.&ordm; AP gestionados Edimax Pro: 1-128<br \/>\t\t\t&#8211; Dispositivo IP gestionado<br \/>\t\t\t&#8211; Estad&iacute;stica de tr&aacute;fico: Tr&aacute;fico de red \/ carga de la CPU \/ uso de memoria<br \/>\t\t\t&#8211; Registro de invitados<br \/>\t\t\t&#8211; Actualizaci&oacute;n m&uacute;ltiple de firmware<br \/>\t\t\t<strong>Implementaci&oacute;n<\/strong><br \/>\t\t\t&#8211; Detecci&oacute;n autom&aacute;tica L2<br \/>\t\t\t&#8211; Planificaci&oacute;n AP<br \/>\t\t\t&#8211; Buscar AP (Zumbador\/LED)<br \/>\t\t\t&#8211; WDS entre AP<br \/>\t\t\t&#8211; Compatible con Google Map<br \/>\t\t\t<strong>Gesti&oacute;n de recursos de radio<\/strong><br \/>\t\t\t&#8211; Umbral RSSI de cliente<br \/>\t\t\t&#8211; Selecci&oacute;n de canal din&aacute;mico<br \/>\t\t\t&#8211; Piloto autom&aacute;tico (canal autom&aacute;tico\/alimentaci&oacute;n)<br \/>\t\t\t<strong>Seguridad<\/strong><br \/>\t\t\t&#8211; Filtrado MAC<br \/>\t\t\t&#8211; Bloqueo de filtrado intra-BSS<br \/>\t\t\t&#8211; Detecci&oacute;n de AP no autorizada<br \/>\t\t\t&#8211; Aislamiento inal&aacute;mbrico L2<br \/>\t\t\t<strong>Control de acceso<\/strong><br \/>\t\t\t&#8211; Portal cautivo (interno y externo)<br \/>\t\t\t&#8211; Cuenta de invitado<br \/>\t\t\t&#8211; Autenticaci&oacute;n RADIUS<br \/>\t\t\t&#8211; Contabilizaci&oacute;n de RADIUS<br \/>\t\t\t<strong>QoS Inal&aacute;mbrico<\/strong><br \/>\t\t\t&#8211; Equilibrio de carga AP<br \/>\t\t\t&#8211; Limitaci&oacute;n de ancho de banda de estaci&oacute;n WLAN (Por-SSID)<br \/>\t\t\t&#8211; HERRAMIENTA DE DIAGN&Oacute;STICO<br \/>\t\t\t&#8211; Ruta de trazado\/ping<br \/>\t\t\t<strong>F&iacute;sica<\/strong><br \/>\t\t\t&#8211; Primair\/Secundair Controller Ondersteuning<br \/>\t\t\t<strong>Elementos de funciones de software<\/strong><br \/>\t\t\t&#8211; AP activo: 128<br \/>\t\t\t&#8211; Grupos AP: 32<br \/>\t\t\t&#8211; SSID de WLAN: 150<br \/>\t\t\t&#8211; Grupos WLAN: 32<br \/>\t\t\t&#8211; Cuentas de RADIUS: 512<br \/>\t\t\t&#8211; Grupos RADIUS: 32<br \/>\t\t\t&#8211; Control de acceso (Lista blanca-negra): 512<br \/>\t\t\t&#8211; Grupos de control de acceso: 32<br \/>\t\t\t&#8211; SSID de red de invitados: 100<br \/>\t\t\t<strong>Volumen de suministro<\/strong><br \/>\t\t\t&#8211; Soporte para montaje: Kit con soporte para montaje,<br \/>\t\t\t&nbsp; Kit con montaje de pared<br \/>\t\t\t&#8211; Adaptador de corriente: Adaptador de corriente de 12 V \/ 1.5 A<br \/>\t\t\t&#8211; Cables: Cable Ethernet, Cable de consola<\/td>\n<\/tr>\n<tr>\n<td><strong>Fecha Revisi&oacute;n<\/strong><\/td>\n<td>27-09-2016 por MSB<\/td>\n<\/tr>\n<\/table>\n","protected":false},"excerpt":{"rendered":"<p>&nbsp;&#8211; Interfaz de alta velocidad: Compatible con puertos gigabit y USB 3.0.&#8211; F&aacute;cil instalaci&oacute;n: Dise&ntilde;o con montaje en soporte\/pared\/escritorio, con kit de instalaci&oacute;n f&aacute;cil y asistente de instalaci&oacute;n en cinco pasos.&#8211; Arquitectura escalable: Gestiona hasta 128 puntos de acceso Edimax Pro, incluidos AP interiores y exteriores.&#8211; F&aacute;cil gesti&oacute;n centralizada: Software basado en web para configuraci&oacute;n&hellip;&nbsp;<a href=\"https:\/\/aivlisoft.net\/shop\/producto\/edimax-pro-apc500-controlador-inalambrico-3xgb\/\" rel=\"bookmark\"><span class=\"screen-reader-text\">Edimax PRO APC500 Controlador Inalambrico 3xGB<\/span><\/a><\/p>\n","protected":false},"featured_media":6054,"template":"","meta":{"neve_meta_sidebar":"","neve_meta_container":"","neve_meta_enable_content_width":"","neve_meta_content_width":0,"neve_meta_title_alignment":"","neve_meta_author_avatar":"","neve_post_elements_order":"","neve_meta_disable_header":"","neve_meta_disable_footer":"","neve_meta_disable_title":""},"product_brand":[],"product_cat":[8705],"product_tag":[1920],"class_list":{"0":"post-6053","1":"product","2":"type-product","3":"status-publish","4":"has-post-thumbnail","6":"product_cat-accesorios-redes-wifi","7":"product_tag-apc500","9":"first","10":"instock","11":"taxable","12":"shipping-taxable","13":"purchasable","14":"product-type-simple"},"yoast_head":"<!-- This site is optimized with the Yoast SEO plugin v26.0 - https:\/\/yoast.com\/wordpress\/plugins\/seo\/ -->\n<title>Edimax PRO APC500 Controlador Inalambrico 3xGB - Aivlisoft Inform\u00e1tica<\/title>\n<meta name=\"robots\" content=\"index, follow, max-snippet:-1, max-image-preview:large, max-video-preview:-1\" \/>\n<link rel=\"canonical\" href=\"https:\/\/aivlisoft.net\/shop\/producto\/edimax-pro-apc500-controlador-inalambrico-3xgb\/\" \/>\n<meta property=\"og:locale\" content=\"es_ES\" \/>\n<meta property=\"og:type\" content=\"article\" \/>\n<meta property=\"og:title\" content=\"Edimax PRO APC500 Controlador Inalambrico 3xGB - Aivlisoft Inform\u00e1tica\" \/>\n<meta property=\"og:description\" content=\"&nbsp;&#8211; Interfaz de alta velocidad: Compatible con puertos gigabit y USB 3.0.&#8211; F&aacute;cil instalaci&oacute;n: Dise&ntilde;o con montaje en soporte\/pared\/escritorio, con kit de instalaci&oacute;n f&aacute;cil y asistente de instalaci&oacute;n en cinco pasos.&#8211; Arquitectura escalable: Gestiona hasta 128 puntos de acceso Edimax Pro, incluidos AP interiores y exteriores.&#8211; F&aacute;cil gesti&oacute;n centralizada: Software basado en web para configuraci&oacute;n&hellip;&nbsp;Edimax PRO APC500 Controlador Inalambrico 3xGB\" \/>\n<meta property=\"og:url\" content=\"https:\/\/aivlisoft.net\/shop\/producto\/edimax-pro-apc500-controlador-inalambrico-3xgb\/\" \/>\n<meta property=\"og:site_name\" content=\"Aivlisoft Inform\u00e1tica\" \/>\n<meta property=\"article:modified_time\" content=\"2025-01-14T10:23:09+00:00\" \/>\n<meta property=\"og:image\" content=\"https:\/\/aivlisoft.net\/shop\/wp-content\/uploads\/2025\/01\/ANEAWI0107_800-1.jpg\" \/>\n\t<meta property=\"og:image:width\" content=\"800\" \/>\n\t<meta property=\"og:image:height\" content=\"800\" \/>\n\t<meta property=\"og:image:type\" content=\"image\/jpeg\" \/>\n<meta name=\"twitter:card\" content=\"summary_large_image\" \/>\n<meta name=\"twitter:label1\" content=\"Tiempo de lectura\" \/>\n\t<meta name=\"twitter:data1\" content=\"3 minutos\" \/>\n<script type=\"application\/ld+json\" class=\"yoast-schema-graph\">{\"@context\":\"https:\/\/schema.org\",\"@graph\":[{\"@type\":\"WebPage\",\"@id\":\"https:\/\/aivlisoft.net\/shop\/producto\/edimax-pro-apc500-controlador-inalambrico-3xgb\/\",\"url\":\"https:\/\/aivlisoft.net\/shop\/producto\/edimax-pro-apc500-controlador-inalambrico-3xgb\/\",\"name\":\"Edimax PRO APC500 Controlador Inalambrico 3xGB - Aivlisoft Inform\u00e1tica\",\"isPartOf\":{\"@id\":\"https:\/\/aivlisoft.net\/shop\/#website\"},\"primaryImageOfPage\":{\"@id\":\"https:\/\/aivlisoft.net\/shop\/producto\/edimax-pro-apc500-controlador-inalambrico-3xgb\/#primaryimage\"},\"image\":{\"@id\":\"https:\/\/aivlisoft.net\/shop\/producto\/edimax-pro-apc500-controlador-inalambrico-3xgb\/#primaryimage\"},\"thumbnailUrl\":\"https:\/\/aivlisoft.net\/shop\/wp-content\/uploads\/2025\/01\/ANEAWI0107_800-1.jpg\",\"datePublished\":\"2025-01-13T13:29:45+00:00\",\"dateModified\":\"2025-01-14T10:23:09+00:00\",\"breadcrumb\":{\"@id\":\"https:\/\/aivlisoft.net\/shop\/producto\/edimax-pro-apc500-controlador-inalambrico-3xgb\/#breadcrumb\"},\"inLanguage\":\"es\",\"potentialAction\":[{\"@type\":\"ReadAction\",\"target\":[\"https:\/\/aivlisoft.net\/shop\/producto\/edimax-pro-apc500-controlador-inalambrico-3xgb\/\"]}]},{\"@type\":\"ImageObject\",\"inLanguage\":\"es\",\"@id\":\"https:\/\/aivlisoft.net\/shop\/producto\/edimax-pro-apc500-controlador-inalambrico-3xgb\/#primaryimage\",\"url\":\"https:\/\/aivlisoft.net\/shop\/wp-content\/uploads\/2025\/01\/ANEAWI0107_800-1.jpg\",\"contentUrl\":\"https:\/\/aivlisoft.net\/shop\/wp-content\/uploads\/2025\/01\/ANEAWI0107_800-1.jpg\",\"width\":800,\"height\":800},{\"@type\":\"BreadcrumbList\",\"@id\":\"https:\/\/aivlisoft.net\/shop\/producto\/edimax-pro-apc500-controlador-inalambrico-3xgb\/#breadcrumb\",\"itemListElement\":[{\"@type\":\"ListItem\",\"position\":1,\"name\":\"Portada\",\"item\":\"https:\/\/aivlisoft.net\/shop\/\"},{\"@type\":\"ListItem\",\"position\":2,\"name\":\"Tienda\",\"item\":\"https:\/\/aivlisoft.net\/shop\/tienda\/\"},{\"@type\":\"ListItem\",\"position\":3,\"name\":\"Edimax PRO APC500 Controlador Inalambrico 3xGB\"}]},{\"@type\":\"WebSite\",\"@id\":\"https:\/\/aivlisoft.net\/shop\/#website\",\"url\":\"https:\/\/aivlisoft.net\/shop\/\",\"name\":\"Aivlisoft Inform\u00e1tica\",\"description\":\"En Aivlisoft Inform\u00e1tica ofrecemos soluciones tecnol\u00f3gicas para empresas: venta de ordenadores, consumibles, perif\u00e9ricos y m\u00e1s. Calidad, atenci\u00f3n personalizada y los mejores precios para tu negocio.\",\"publisher\":{\"@id\":\"https:\/\/aivlisoft.net\/shop\/#organization\"},\"potentialAction\":[{\"@type\":\"SearchAction\",\"target\":{\"@type\":\"EntryPoint\",\"urlTemplate\":\"https:\/\/aivlisoft.net\/shop\/?s={search_term_string}\"},\"query-input\":{\"@type\":\"PropertyValueSpecification\",\"valueRequired\":true,\"valueName\":\"search_term_string\"}}],\"inLanguage\":\"es\"},{\"@type\":\"Organization\",\"@id\":\"https:\/\/aivlisoft.net\/shop\/#organization\",\"name\":\"Aivlisoft Inform\u00e1tica\",\"url\":\"https:\/\/aivlisoft.net\/shop\/\",\"logo\":{\"@type\":\"ImageObject\",\"inLanguage\":\"es\",\"@id\":\"https:\/\/aivlisoft.net\/shop\/#\/schema\/logo\/image\/\",\"url\":\"https:\/\/aivlisoft.net\/shop\/wp-content\/uploads\/2024\/12\/removal.ai_5b848c54-0cdf-4140-95c5-c5536bb7573b-logodef.png\",\"contentUrl\":\"https:\/\/aivlisoft.net\/shop\/wp-content\/uploads\/2024\/12\/removal.ai_5b848c54-0cdf-4140-95c5-c5536bb7573b-logodef.png\",\"width\":484,\"height\":182,\"caption\":\"Aivlisoft Inform\u00e1tica\"},\"image\":{\"@id\":\"https:\/\/aivlisoft.net\/shop\/#\/schema\/logo\/image\/\"}}]}<\/script>\n<!-- \/ Yoast SEO plugin. -->","yoast_head_json":{"title":"Edimax PRO APC500 Controlador Inalambrico 3xGB - Aivlisoft Inform\u00e1tica","robots":{"index":"index","follow":"follow","max-snippet":"max-snippet:-1","max-image-preview":"max-image-preview:large","max-video-preview":"max-video-preview:-1"},"canonical":"https:\/\/aivlisoft.net\/shop\/producto\/edimax-pro-apc500-controlador-inalambrico-3xgb\/","og_locale":"es_ES","og_type":"article","og_title":"Edimax PRO APC500 Controlador Inalambrico 3xGB - Aivlisoft Inform\u00e1tica","og_description":"&nbsp;&#8211; Interfaz de alta velocidad: Compatible con puertos gigabit y USB 3.0.&#8211; F&aacute;cil instalaci&oacute;n: Dise&ntilde;o con montaje en soporte\/pared\/escritorio, con kit de instalaci&oacute;n f&aacute;cil y asistente de instalaci&oacute;n en cinco pasos.&#8211; Arquitectura escalable: Gestiona hasta 128 puntos de acceso Edimax Pro, incluidos AP interiores y exteriores.&#8211; F&aacute;cil gesti&oacute;n centralizada: Software basado en web para configuraci&oacute;n&hellip;&nbsp;Edimax PRO APC500 Controlador Inalambrico 3xGB","og_url":"https:\/\/aivlisoft.net\/shop\/producto\/edimax-pro-apc500-controlador-inalambrico-3xgb\/","og_site_name":"Aivlisoft Inform\u00e1tica","article_modified_time":"2025-01-14T10:23:09+00:00","og_image":[{"width":800,"height":800,"url":"https:\/\/aivlisoft.net\/shop\/wp-content\/uploads\/2025\/01\/ANEAWI0107_800-1.jpg","type":"image\/jpeg"}],"twitter_card":"summary_large_image","twitter_misc":{"Tiempo de lectura":"3 minutos"},"schema":{"@context":"https:\/\/schema.org","@graph":[{"@type":"WebPage","@id":"https:\/\/aivlisoft.net\/shop\/producto\/edimax-pro-apc500-controlador-inalambrico-3xgb\/","url":"https:\/\/aivlisoft.net\/shop\/producto\/edimax-pro-apc500-controlador-inalambrico-3xgb\/","name":"Edimax PRO APC500 Controlador Inalambrico 3xGB - Aivlisoft Inform\u00e1tica","isPartOf":{"@id":"https:\/\/aivlisoft.net\/shop\/#website"},"primaryImageOfPage":{"@id":"https:\/\/aivlisoft.net\/shop\/producto\/edimax-pro-apc500-controlador-inalambrico-3xgb\/#primaryimage"},"image":{"@id":"https:\/\/aivlisoft.net\/shop\/producto\/edimax-pro-apc500-controlador-inalambrico-3xgb\/#primaryimage"},"thumbnailUrl":"https:\/\/aivlisoft.net\/shop\/wp-content\/uploads\/2025\/01\/ANEAWI0107_800-1.jpg","datePublished":"2025-01-13T13:29:45+00:00","dateModified":"2025-01-14T10:23:09+00:00","breadcrumb":{"@id":"https:\/\/aivlisoft.net\/shop\/producto\/edimax-pro-apc500-controlador-inalambrico-3xgb\/#breadcrumb"},"inLanguage":"es","potentialAction":[{"@type":"ReadAction","target":["https:\/\/aivlisoft.net\/shop\/producto\/edimax-pro-apc500-controlador-inalambrico-3xgb\/"]}]},{"@type":"ImageObject","inLanguage":"es","@id":"https:\/\/aivlisoft.net\/shop\/producto\/edimax-pro-apc500-controlador-inalambrico-3xgb\/#primaryimage","url":"https:\/\/aivlisoft.net\/shop\/wp-content\/uploads\/2025\/01\/ANEAWI0107_800-1.jpg","contentUrl":"https:\/\/aivlisoft.net\/shop\/wp-content\/uploads\/2025\/01\/ANEAWI0107_800-1.jpg","width":800,"height":800},{"@type":"BreadcrumbList","@id":"https:\/\/aivlisoft.net\/shop\/producto\/edimax-pro-apc500-controlador-inalambrico-3xgb\/#breadcrumb","itemListElement":[{"@type":"ListItem","position":1,"name":"Portada","item":"https:\/\/aivlisoft.net\/shop\/"},{"@type":"ListItem","position":2,"name":"Tienda","item":"https:\/\/aivlisoft.net\/shop\/tienda\/"},{"@type":"ListItem","position":3,"name":"Edimax PRO APC500 Controlador Inalambrico 3xGB"}]},{"@type":"WebSite","@id":"https:\/\/aivlisoft.net\/shop\/#website","url":"https:\/\/aivlisoft.net\/shop\/","name":"Aivlisoft Inform\u00e1tica","description":"En Aivlisoft Inform\u00e1tica ofrecemos soluciones tecnol\u00f3gicas para empresas: venta de ordenadores, consumibles, perif\u00e9ricos y m\u00e1s. Calidad, atenci\u00f3n personalizada y los mejores precios para tu negocio.","publisher":{"@id":"https:\/\/aivlisoft.net\/shop\/#organization"},"potentialAction":[{"@type":"SearchAction","target":{"@type":"EntryPoint","urlTemplate":"https:\/\/aivlisoft.net\/shop\/?s={search_term_string}"},"query-input":{"@type":"PropertyValueSpecification","valueRequired":true,"valueName":"search_term_string"}}],"inLanguage":"es"},{"@type":"Organization","@id":"https:\/\/aivlisoft.net\/shop\/#organization","name":"Aivlisoft Inform\u00e1tica","url":"https:\/\/aivlisoft.net\/shop\/","logo":{"@type":"ImageObject","inLanguage":"es","@id":"https:\/\/aivlisoft.net\/shop\/#\/schema\/logo\/image\/","url":"https:\/\/aivlisoft.net\/shop\/wp-content\/uploads\/2024\/12\/removal.ai_5b848c54-0cdf-4140-95c5-c5536bb7573b-logodef.png","contentUrl":"https:\/\/aivlisoft.net\/shop\/wp-content\/uploads\/2024\/12\/removal.ai_5b848c54-0cdf-4140-95c5-c5536bb7573b-logodef.png","width":484,"height":182,"caption":"Aivlisoft Inform\u00e1tica"},"image":{"@id":"https:\/\/aivlisoft.net\/shop\/#\/schema\/logo\/image\/"}}]}},"_links":{"self":[{"href":"https:\/\/aivlisoft.net\/shop\/wp-json\/wp\/v2\/product\/6053","targetHints":{"allow":["GET"]}}],"collection":[{"href":"https:\/\/aivlisoft.net\/shop\/wp-json\/wp\/v2\/product"}],"about":[{"href":"https:\/\/aivlisoft.net\/shop\/wp-json\/wp\/v2\/types\/product"}],"wp:featuredmedia":[{"embeddable":true,"href":"https:\/\/aivlisoft.net\/shop\/wp-json\/wp\/v2\/media\/6054"}],"wp:attachment":[{"href":"https:\/\/aivlisoft.net\/shop\/wp-json\/wp\/v2\/media?parent=6053"}],"wp:term":[{"taxonomy":"product_brand","embeddable":true,"href":"https:\/\/aivlisoft.net\/shop\/wp-json\/wp\/v2\/product_brand?post=6053"},{"taxonomy":"product_cat","embeddable":true,"href":"https:\/\/aivlisoft.net\/shop\/wp-json\/wp\/v2\/product_cat?post=6053"},{"taxonomy":"product_tag","embeddable":true,"href":"https:\/\/aivlisoft.net\/shop\/wp-json\/wp\/v2\/product_tag?post=6053"}],"curies":[{"name":"wp","href":"https:\/\/api.w.org\/{rel}","templated":true}]}}