{"id":6035,"date":"2025-01-13T13:29:39","date_gmt":"2025-01-13T13:29:39","guid":{"rendered":"https:\/\/aivlisoft.com\/?post_type=product&#038;p=6035"},"modified":"2025-01-14T10:23:04","modified_gmt":"2025-01-14T10:23:04","slug":"d-link-dwc-2000-controlador-inalambrico-4xgb","status":"publish","type":"product","link":"https:\/\/aivlisoft.net\/shop\/producto\/d-link-dwc-2000-controlador-inalambrico-4xgb\/","title":{"rendered":"D-Link DWC-2000 Controlador Inalambrico 4xGB"},"content":{"rendered":"<table class=\"tabla_caracteristicas\" width=\"100%\">\n<tbody>\n<tr>\n<td><strong>Marca<\/strong><\/td>\n<td>D-Link<\/td>\n<\/tr>\n<tr>\n<td><strong>Modelo<\/strong><\/td>\n<td><strong>DWC-2000<\/strong><\/td>\n<\/tr>\n<tr>\n<td valign=\"top\"><strong>Interf&aacute;z<\/strong><\/td>\n<td>&#8211; 4 x 10\/100\/1000 RJ-45 y 4 puertos SFP Combo 100\/1000<br \/>\t\t\t&#8211; 2 puertos USB 2.0<br \/>\t\t\t&#8211; 1 x puerto de consola<br \/>\t\t\t&#8211; 1 RJ-45<\/td>\n<\/tr>\n<tr>\n<td valign=\"top\"><strong>Caracter&iacute;sticas<\/strong><\/td>\n<td>\n<div>&#8211; Ranura de extensi&oacute;n:<\/div>\n<div>&nbsp; 1 ranura de controlador de disco duro<br \/>\t\t\tActuaci&oacute;n<br \/>\t\t\t&#8211; Acceso m&aacute;ximo de puntos por unidad 64\/256 (por defecto \/ actualizar)<br \/>\t\t\t&#8211; Acceso m&aacute;ximo de puntos por grupo: 256\/1024 (por defecto \/ actualizar)<br \/>\t\t\t&#8211; Los usuarios concurrentes en cautividad de autenticaci&oacute;n del portal: 3072<br \/>\t\t\tAP Descubrimiento y Control<br \/>\t\t\t&#8211; Capa-2<br \/>\t\t\t&#8211; Layer-3<br \/>\t\t\tMonitoreo AP<br \/>\t\t\t&#8211; Gestionado AP<br \/>\t\t\t&#8211; Rogue AP<br \/>\t\t\t&#8211; Autenticaci&oacute;n Falla AP<br \/>\t\t\t&#8211; Independiente AP<br \/>\t\t\tsupervisi&oacute;n de cliente<br \/>\t\t\t&#8211; Cliente autenticado<br \/>\t\t\t&#8211; El cliente Rogue<br \/>\t\t\t&#8211; Fallo de autenticaci&oacute;n de cliente<br \/>\t\t\t&#8211; Cliente Ad-hoc<br \/>\t\t\tRF centralizado \/ Gesti&oacute;n de Pol&iacute;ticas de Seguridad<br \/>\t\t\t&#8211; Soportado<br \/>\t\t\tItinerancia<br \/>\t\t\t&#8211; Movilidad r&aacute;pida: Apoyado<br \/>\t\t\t&#8211; Intra-controlador \/ Inter-controlador de Roaming: Apoyado<br \/>\t\t\t&#8211; Intra-subred \/ Inter-subred Roaming: Apoyado<br \/>\t\t\tSeguridad<br \/>\t\t\tSeguridad inal&aacute;mbrica:<br \/>\t\t\t&#8211; WEP<br \/>\t\t\t&#8211; WEP din&aacute;mico<br \/>\t\t\t&#8211; WPA-Personal \/ Empresa<br \/>\t\t\t&#8211; WPA2-Personal \/ Empresa<br \/>\t\t\tDetecci&oacute;n de intrusi&oacute;n inal&aacute;mbrica y sistema de prevenci&oacute;n (WIDS)<br \/>\t\t\t&#8211; Rogue y Clasificaci&oacute;n AP V&aacute;lido<br \/>\t\t\t&#8211; Mitigaci&oacute;n de Rogue AP<br \/>\t\t\tSeguridad LAN<br \/>\t\t\t&#8211; 802.1x control de acceso basado en puerto y VLAN de invitados<br \/>\t\t\tAutenticaci&oacute;n<br \/>\t\t\t&#8211; Cautivo Porta<br \/>\t\t\t&#8211; Autenticaci&oacute;n MAC<br \/>\t\t\tVLAN<br \/>\t\t\tGrupo de VLAN<br \/>\t\t\t&#8211; Hasta 255 entradas<br \/>\t\t\t802.1q VLAN Tagging<br \/>\t\t\t&#8211; Soportado<br \/>\t\t\tVLAN basada en subred<br \/>\t\t\t&#8211; Soportado<br \/>\t\t\tVLAN basada en el puerto<br \/>\t\t\t&#8211; Soportado<br \/>\t\t\tGesti&oacute;n de cuentas de usuario<br \/>\t\t\tCuenta Permanente m&eacute;todo de autenticaci&oacute;n<br \/>\t\t\t&#8211; Base de datos local<br \/>\t\t\t&#8211; Radio externo<br \/>\t\t\t&#8211; LDAP externo<br \/>\t\t\t&#8211; POP3 externa<br \/>\t\t\t&#8211; Windows Active Directory externo (solo cableado)<br \/>\t\t\tCuenta temporal m&eacute;todo de autenticaci&oacute;n<br \/>\t\t\t&#8211; Base de datos local<br \/>\t\t\tGesti&oacute;n del sistema<br \/>\t\t\tInterfaz de usuario basada en Web<br \/>\t\t\t&#8211; HTTP<br \/>\t\t\tL&iacute;nea de comando<br \/>\t\t\t&#8211; Soportado<br \/>\t\t\tSNMP<br \/>\t\t\t&#8211; V1, v2c, v3<br \/>\t\t\tF&iacute;sico \/ Ambiental<br \/>\t\t\tFuente de alimentaci&oacute;n<br \/>\t\t\t&#8211; 100-240 V CA, 50-60 Hz Fuente de alimentaci&oacute;n interna<br \/>\t\t\tMax. El consumo de energ&iacute;a<br \/>\t\t\t&#8211; 26.95 W<br \/>\t\t\tDimensiones<br \/>\t\t\t&#8211; 440 x 310 x 44 mm<br \/>\t\t\tTemperatura de funcionamiento<br \/>\t\t\t&#8211; 0 a 40 &deg; C<br \/>\t\t\tTemperatura de almacenamiento<br \/>\t\t\t&#8211; -20 A 70 &deg; C<br \/>\t\t\tHumedad de funcionamiento<br \/>\t\t\t&#8211; 5% a 95%, sin condensaci&oacute;n<br \/>\t\t\tEmisiones (EMI)<br \/>\t\t\t&#8211; FCC Clase A, CE Clase A, C-Tick, IC<br \/>\t\t\tLa seguridad<br \/>\t\t\t&#8211; CUL, LVD (EN60950-1)<\/div>\n<\/td>\n<\/tr>\n<tr>\n<td><strong>Fecha Revisi&oacute;n<\/strong><\/td>\n<td>14-04-2016 por MSB<\/td>\n<\/tr>\n<\/tbody>\n<\/table>\n","protected":false},"excerpt":{"rendered":"<p>Marca D-Link Modelo DWC-2000 Interf&aacute;z &#8211; 4 x 10\/100\/1000 RJ-45 y 4 puertos SFP Combo 100\/1000 &#8211; 2 puertos USB 2.0 &#8211; 1 x puerto de consola &#8211; 1 RJ-45 Caracter&iacute;sticas &#8211; Ranura de extensi&oacute;n: &nbsp; 1 ranura de controlador de disco duro Actuaci&oacute;n &#8211; Acceso m&aacute;ximo de puntos por unidad 64\/256 (por defecto \/&hellip;&nbsp;<a href=\"https:\/\/aivlisoft.net\/shop\/producto\/d-link-dwc-2000-controlador-inalambrico-4xgb\/\" rel=\"bookmark\"><span class=\"screen-reader-text\">D-Link DWC-2000 Controlador Inalambrico 4xGB<\/span><\/a><\/p>\n","protected":false},"featured_media":6036,"template":"","meta":{"neve_meta_sidebar":"","neve_meta_container":"","neve_meta_enable_content_width":"","neve_meta_content_width":0,"neve_meta_title_alignment":"","neve_meta_author_avatar":"","neve_post_elements_order":"","neve_meta_disable_header":"","neve_meta_disable_footer":"","neve_meta_disable_title":""},"product_brand":[],"product_cat":[8705],"product_tag":[1915],"class_list":{"0":"post-6035","1":"product","2":"type-product","3":"status-publish","4":"has-post-thumbnail","6":"product_cat-accesorios-redes-wifi","7":"product_tag-dwc-2000","9":"first","10":"instock","11":"taxable","12":"shipping-taxable","13":"purchasable","14":"product-type-simple"},"yoast_head":"<!-- This site is optimized with the Yoast SEO plugin v26.0 - https:\/\/yoast.com\/wordpress\/plugins\/seo\/ -->\n<title>D-Link DWC-2000 Controlador Inalambrico 4xGB - Aivlisoft Inform\u00e1tica<\/title>\n<meta name=\"robots\" content=\"index, follow, max-snippet:-1, max-image-preview:large, max-video-preview:-1\" \/>\n<link rel=\"canonical\" href=\"https:\/\/aivlisoft.net\/shop\/producto\/d-link-dwc-2000-controlador-inalambrico-4xgb\/\" \/>\n<meta property=\"og:locale\" content=\"es_ES\" \/>\n<meta property=\"og:type\" content=\"article\" \/>\n<meta property=\"og:title\" content=\"D-Link DWC-2000 Controlador Inalambrico 4xGB - Aivlisoft Inform\u00e1tica\" \/>\n<meta property=\"og:description\" content=\"Marca D-Link Modelo DWC-2000 Interf&aacute;z &#8211; 4 x 10\/100\/1000 RJ-45 y 4 puertos SFP Combo 100\/1000 &#8211; 2 puertos USB 2.0 &#8211; 1 x puerto de consola &#8211; 1 RJ-45 Caracter&iacute;sticas &#8211; Ranura de extensi&oacute;n: &nbsp; 1 ranura de controlador de disco duro Actuaci&oacute;n &#8211; Acceso m&aacute;ximo de puntos por unidad 64\/256 (por defecto \/&hellip;&nbsp;D-Link DWC-2000 Controlador Inalambrico 4xGB\" \/>\n<meta property=\"og:url\" content=\"https:\/\/aivlisoft.net\/shop\/producto\/d-link-dwc-2000-controlador-inalambrico-4xgb\/\" \/>\n<meta property=\"og:site_name\" content=\"Aivlisoft Inform\u00e1tica\" \/>\n<meta property=\"article:modified_time\" content=\"2025-01-14T10:23:04+00:00\" \/>\n<meta property=\"og:image\" content=\"https:\/\/aivlisoft.net\/shop\/wp-content\/uploads\/2025\/01\/ANEAWI0082_800-1.jpg\" \/>\n\t<meta property=\"og:image:width\" content=\"800\" \/>\n\t<meta property=\"og:image:height\" content=\"800\" \/>\n\t<meta property=\"og:image:type\" content=\"image\/jpeg\" \/>\n<meta name=\"twitter:card\" content=\"summary_large_image\" \/>\n<meta name=\"twitter:label1\" content=\"Tiempo de lectura\" \/>\n\t<meta name=\"twitter:data1\" content=\"2 minutos\" \/>\n<script type=\"application\/ld+json\" class=\"yoast-schema-graph\">{\"@context\":\"https:\/\/schema.org\",\"@graph\":[{\"@type\":\"WebPage\",\"@id\":\"https:\/\/aivlisoft.net\/shop\/producto\/d-link-dwc-2000-controlador-inalambrico-4xgb\/\",\"url\":\"https:\/\/aivlisoft.net\/shop\/producto\/d-link-dwc-2000-controlador-inalambrico-4xgb\/\",\"name\":\"D-Link DWC-2000 Controlador Inalambrico 4xGB - Aivlisoft Inform\u00e1tica\",\"isPartOf\":{\"@id\":\"https:\/\/aivlisoft.net\/shop\/#website\"},\"primaryImageOfPage\":{\"@id\":\"https:\/\/aivlisoft.net\/shop\/producto\/d-link-dwc-2000-controlador-inalambrico-4xgb\/#primaryimage\"},\"image\":{\"@id\":\"https:\/\/aivlisoft.net\/shop\/producto\/d-link-dwc-2000-controlador-inalambrico-4xgb\/#primaryimage\"},\"thumbnailUrl\":\"https:\/\/aivlisoft.net\/shop\/wp-content\/uploads\/2025\/01\/ANEAWI0082_800-1.jpg\",\"datePublished\":\"2025-01-13T13:29:39+00:00\",\"dateModified\":\"2025-01-14T10:23:04+00:00\",\"breadcrumb\":{\"@id\":\"https:\/\/aivlisoft.net\/shop\/producto\/d-link-dwc-2000-controlador-inalambrico-4xgb\/#breadcrumb\"},\"inLanguage\":\"es\",\"potentialAction\":[{\"@type\":\"ReadAction\",\"target\":[\"https:\/\/aivlisoft.net\/shop\/producto\/d-link-dwc-2000-controlador-inalambrico-4xgb\/\"]}]},{\"@type\":\"ImageObject\",\"inLanguage\":\"es\",\"@id\":\"https:\/\/aivlisoft.net\/shop\/producto\/d-link-dwc-2000-controlador-inalambrico-4xgb\/#primaryimage\",\"url\":\"https:\/\/aivlisoft.net\/shop\/wp-content\/uploads\/2025\/01\/ANEAWI0082_800-1.jpg\",\"contentUrl\":\"https:\/\/aivlisoft.net\/shop\/wp-content\/uploads\/2025\/01\/ANEAWI0082_800-1.jpg\",\"width\":800,\"height\":800},{\"@type\":\"BreadcrumbList\",\"@id\":\"https:\/\/aivlisoft.net\/shop\/producto\/d-link-dwc-2000-controlador-inalambrico-4xgb\/#breadcrumb\",\"itemListElement\":[{\"@type\":\"ListItem\",\"position\":1,\"name\":\"Portada\",\"item\":\"https:\/\/aivlisoft.net\/shop\/\"},{\"@type\":\"ListItem\",\"position\":2,\"name\":\"Tienda\",\"item\":\"https:\/\/aivlisoft.net\/shop\/tienda\/\"},{\"@type\":\"ListItem\",\"position\":3,\"name\":\"D-Link DWC-2000 Controlador Inalambrico 4xGB\"}]},{\"@type\":\"WebSite\",\"@id\":\"https:\/\/aivlisoft.net\/shop\/#website\",\"url\":\"https:\/\/aivlisoft.net\/shop\/\",\"name\":\"Aivlisoft Inform\u00e1tica\",\"description\":\"En Aivlisoft Inform\u00e1tica ofrecemos soluciones tecnol\u00f3gicas para empresas: venta de ordenadores, consumibles, perif\u00e9ricos y m\u00e1s. Calidad, atenci\u00f3n personalizada y los mejores precios para tu negocio.\",\"publisher\":{\"@id\":\"https:\/\/aivlisoft.net\/shop\/#organization\"},\"potentialAction\":[{\"@type\":\"SearchAction\",\"target\":{\"@type\":\"EntryPoint\",\"urlTemplate\":\"https:\/\/aivlisoft.net\/shop\/?s={search_term_string}\"},\"query-input\":{\"@type\":\"PropertyValueSpecification\",\"valueRequired\":true,\"valueName\":\"search_term_string\"}}],\"inLanguage\":\"es\"},{\"@type\":\"Organization\",\"@id\":\"https:\/\/aivlisoft.net\/shop\/#organization\",\"name\":\"Aivlisoft Inform\u00e1tica\",\"url\":\"https:\/\/aivlisoft.net\/shop\/\",\"logo\":{\"@type\":\"ImageObject\",\"inLanguage\":\"es\",\"@id\":\"https:\/\/aivlisoft.net\/shop\/#\/schema\/logo\/image\/\",\"url\":\"https:\/\/aivlisoft.net\/shop\/wp-content\/uploads\/2024\/12\/removal.ai_5b848c54-0cdf-4140-95c5-c5536bb7573b-logodef.png\",\"contentUrl\":\"https:\/\/aivlisoft.net\/shop\/wp-content\/uploads\/2024\/12\/removal.ai_5b848c54-0cdf-4140-95c5-c5536bb7573b-logodef.png\",\"width\":484,\"height\":182,\"caption\":\"Aivlisoft Inform\u00e1tica\"},\"image\":{\"@id\":\"https:\/\/aivlisoft.net\/shop\/#\/schema\/logo\/image\/\"}}]}<\/script>\n<!-- \/ Yoast SEO plugin. -->","yoast_head_json":{"title":"D-Link DWC-2000 Controlador Inalambrico 4xGB - Aivlisoft Inform\u00e1tica","robots":{"index":"index","follow":"follow","max-snippet":"max-snippet:-1","max-image-preview":"max-image-preview:large","max-video-preview":"max-video-preview:-1"},"canonical":"https:\/\/aivlisoft.net\/shop\/producto\/d-link-dwc-2000-controlador-inalambrico-4xgb\/","og_locale":"es_ES","og_type":"article","og_title":"D-Link DWC-2000 Controlador Inalambrico 4xGB - Aivlisoft Inform\u00e1tica","og_description":"Marca D-Link Modelo DWC-2000 Interf&aacute;z &#8211; 4 x 10\/100\/1000 RJ-45 y 4 puertos SFP Combo 100\/1000 &#8211; 2 puertos USB 2.0 &#8211; 1 x puerto de consola &#8211; 1 RJ-45 Caracter&iacute;sticas &#8211; Ranura de extensi&oacute;n: &nbsp; 1 ranura de controlador de disco duro Actuaci&oacute;n &#8211; Acceso m&aacute;ximo de puntos por unidad 64\/256 (por defecto \/&hellip;&nbsp;D-Link DWC-2000 Controlador Inalambrico 4xGB","og_url":"https:\/\/aivlisoft.net\/shop\/producto\/d-link-dwc-2000-controlador-inalambrico-4xgb\/","og_site_name":"Aivlisoft Inform\u00e1tica","article_modified_time":"2025-01-14T10:23:04+00:00","og_image":[{"width":800,"height":800,"url":"https:\/\/aivlisoft.net\/shop\/wp-content\/uploads\/2025\/01\/ANEAWI0082_800-1.jpg","type":"image\/jpeg"}],"twitter_card":"summary_large_image","twitter_misc":{"Tiempo de lectura":"2 minutos"},"schema":{"@context":"https:\/\/schema.org","@graph":[{"@type":"WebPage","@id":"https:\/\/aivlisoft.net\/shop\/producto\/d-link-dwc-2000-controlador-inalambrico-4xgb\/","url":"https:\/\/aivlisoft.net\/shop\/producto\/d-link-dwc-2000-controlador-inalambrico-4xgb\/","name":"D-Link DWC-2000 Controlador Inalambrico 4xGB - Aivlisoft Inform\u00e1tica","isPartOf":{"@id":"https:\/\/aivlisoft.net\/shop\/#website"},"primaryImageOfPage":{"@id":"https:\/\/aivlisoft.net\/shop\/producto\/d-link-dwc-2000-controlador-inalambrico-4xgb\/#primaryimage"},"image":{"@id":"https:\/\/aivlisoft.net\/shop\/producto\/d-link-dwc-2000-controlador-inalambrico-4xgb\/#primaryimage"},"thumbnailUrl":"https:\/\/aivlisoft.net\/shop\/wp-content\/uploads\/2025\/01\/ANEAWI0082_800-1.jpg","datePublished":"2025-01-13T13:29:39+00:00","dateModified":"2025-01-14T10:23:04+00:00","breadcrumb":{"@id":"https:\/\/aivlisoft.net\/shop\/producto\/d-link-dwc-2000-controlador-inalambrico-4xgb\/#breadcrumb"},"inLanguage":"es","potentialAction":[{"@type":"ReadAction","target":["https:\/\/aivlisoft.net\/shop\/producto\/d-link-dwc-2000-controlador-inalambrico-4xgb\/"]}]},{"@type":"ImageObject","inLanguage":"es","@id":"https:\/\/aivlisoft.net\/shop\/producto\/d-link-dwc-2000-controlador-inalambrico-4xgb\/#primaryimage","url":"https:\/\/aivlisoft.net\/shop\/wp-content\/uploads\/2025\/01\/ANEAWI0082_800-1.jpg","contentUrl":"https:\/\/aivlisoft.net\/shop\/wp-content\/uploads\/2025\/01\/ANEAWI0082_800-1.jpg","width":800,"height":800},{"@type":"BreadcrumbList","@id":"https:\/\/aivlisoft.net\/shop\/producto\/d-link-dwc-2000-controlador-inalambrico-4xgb\/#breadcrumb","itemListElement":[{"@type":"ListItem","position":1,"name":"Portada","item":"https:\/\/aivlisoft.net\/shop\/"},{"@type":"ListItem","position":2,"name":"Tienda","item":"https:\/\/aivlisoft.net\/shop\/tienda\/"},{"@type":"ListItem","position":3,"name":"D-Link DWC-2000 Controlador Inalambrico 4xGB"}]},{"@type":"WebSite","@id":"https:\/\/aivlisoft.net\/shop\/#website","url":"https:\/\/aivlisoft.net\/shop\/","name":"Aivlisoft Inform\u00e1tica","description":"En Aivlisoft Inform\u00e1tica ofrecemos soluciones tecnol\u00f3gicas para empresas: venta de ordenadores, consumibles, perif\u00e9ricos y m\u00e1s. Calidad, atenci\u00f3n personalizada y los mejores precios para tu negocio.","publisher":{"@id":"https:\/\/aivlisoft.net\/shop\/#organization"},"potentialAction":[{"@type":"SearchAction","target":{"@type":"EntryPoint","urlTemplate":"https:\/\/aivlisoft.net\/shop\/?s={search_term_string}"},"query-input":{"@type":"PropertyValueSpecification","valueRequired":true,"valueName":"search_term_string"}}],"inLanguage":"es"},{"@type":"Organization","@id":"https:\/\/aivlisoft.net\/shop\/#organization","name":"Aivlisoft Inform\u00e1tica","url":"https:\/\/aivlisoft.net\/shop\/","logo":{"@type":"ImageObject","inLanguage":"es","@id":"https:\/\/aivlisoft.net\/shop\/#\/schema\/logo\/image\/","url":"https:\/\/aivlisoft.net\/shop\/wp-content\/uploads\/2024\/12\/removal.ai_5b848c54-0cdf-4140-95c5-c5536bb7573b-logodef.png","contentUrl":"https:\/\/aivlisoft.net\/shop\/wp-content\/uploads\/2024\/12\/removal.ai_5b848c54-0cdf-4140-95c5-c5536bb7573b-logodef.png","width":484,"height":182,"caption":"Aivlisoft Inform\u00e1tica"},"image":{"@id":"https:\/\/aivlisoft.net\/shop\/#\/schema\/logo\/image\/"}}]}},"_links":{"self":[{"href":"https:\/\/aivlisoft.net\/shop\/wp-json\/wp\/v2\/product\/6035","targetHints":{"allow":["GET"]}}],"collection":[{"href":"https:\/\/aivlisoft.net\/shop\/wp-json\/wp\/v2\/product"}],"about":[{"href":"https:\/\/aivlisoft.net\/shop\/wp-json\/wp\/v2\/types\/product"}],"wp:featuredmedia":[{"embeddable":true,"href":"https:\/\/aivlisoft.net\/shop\/wp-json\/wp\/v2\/media\/6036"}],"wp:attachment":[{"href":"https:\/\/aivlisoft.net\/shop\/wp-json\/wp\/v2\/media?parent=6035"}],"wp:term":[{"taxonomy":"product_brand","embeddable":true,"href":"https:\/\/aivlisoft.net\/shop\/wp-json\/wp\/v2\/product_brand?post=6035"},{"taxonomy":"product_cat","embeddable":true,"href":"https:\/\/aivlisoft.net\/shop\/wp-json\/wp\/v2\/product_cat?post=6035"},{"taxonomy":"product_tag","embeddable":true,"href":"https:\/\/aivlisoft.net\/shop\/wp-json\/wp\/v2\/product_tag?post=6035"}],"curies":[{"name":"wp","href":"https:\/\/api.w.org\/{rel}","templated":true}]}}