{"id":6027,"date":"2025-01-13T13:29:37","date_gmt":"2025-01-13T13:29:37","guid":{"rendered":"https:\/\/aivlisoft.com\/?post_type=product&#038;p=6027"},"modified":"2025-01-14T10:23:03","modified_gmt":"2025-01-14T10:23:03","slug":"ubiquiti-airmax-omni-amo-2g13-2-4ghz-13dbi","status":"publish","type":"product","link":"https:\/\/aivlisoft.net\/shop\/producto\/ubiquiti-airmax-omni-amo-2g13-2-4ghz-13dbi\/","title":{"rendered":"Ubiquiti AirMax Omni AMO-2G13 2.4GHz 13dBi"},"content":{"rendered":"<div>\n<div>La antena Omni AirMax es una antena MIMO omnidireccional Carrier Class con Polarizaci&oacute;n Dual 2&#215;2, especialmente dise&ntilde;ada para el Rocket (Rocket no incluido). Solo necesita un Rocket y una antena Omni AirMax para crear una estaci&oacute;n base 360&ordm; de gran alcance. &nbsp;<\/div>\n<div>A diferencia de los protocolos WiFi est&aacute;ndar, el protocolo AirMax propietario de Ubiquiti basado en Acceso M&uacute;ltiple por Divisi&oacute;n de Tiempo (TDMA) permite a cada cliente enviar y recibir datos en unos intervalos de tiempos pre-designados por un controlador inteligente que incorpora el AP. Este m&eacute;todo &quot;time slot&quot; de asignaci&oacute;n de tiempo elimina las colisiones del nodo oculto, y maximiza la eficiencia. Los equipos basados en AirMax ofrecen un mayor rendimiento, menor latencia y mayor escalabilidad en comparaci&oacute;n con otros equipos de exterior en su clase. La funci&oacute;n QoS Inteligente prioriza la voz y video para evitar interrupciones. Alta capacidad y escalabilidad, alta velocidad a larga distancia, enlaces Carrier Class, baja latencia y reducci&oacute;n dr&aacute;stica del ruido son otras de sus caracter&iacute;sticas.<\/div>\n<\/div>\n<p><\/p>\n<table class=\"tabla_caracteristicas\" width=\"100%\">\n<tbody>\n<tr>\n<td><strong>Marca<\/strong><\/td>\n<td>Ubiquiti<\/td>\n<\/tr>\n<tr>\n<td><strong>Modelo<\/strong><\/td>\n<td><strong>AMO-5G13<\/strong><\/td>\n<\/tr>\n<tr>\n<td><strong>Caracter&iacute;sticas<\/strong><\/td>\n<td>\n<div>&#8211; Rango de Frecuencia: 2.35 &#8211; 5.55 GHz<br \/>\t\t\t&#8211; Ganancia: 13 dBi<br \/>\t\t\t&#8211; Ancho del haz de elevaci&oacute;n: 7 &ordm;<br \/>\t\t\t&#8211; Max VSWR: 1.5:1<\/div>\n<div>&#8211; Downtilt: 2 &ordm;<br \/>\t\t\t&#8211; Dimensiones: 217 x 123 x 1386 mm<br \/>\t\t\t&#8211; Peso: 2.4 kg<br \/>\t\t\t&#8211; Resistencia al viento: 100 mph<br \/>\t\t\t&#8211; Polarizaci&oacute;n: Dual Lineal<br \/>\t\t\t&#8211; Aislamiento Polarizaci&oacute;n cruzada: 25 dB min<br \/>\t\t\t&#8211; Especificaci&oacute;n ETSI: EN 302 326 DN2<\/div>\n<\/td>\n<\/tr>\n<tr>\n<td><strong>Otras Caracter&iacute;sticas<\/strong><\/td>\n<td>\n<div>&#8211; Montaje: Kit de montaje para m&aacute;stil,<\/div>\n<div>&nbsp; bracket para acoplar el Rocket,<\/div>\n<div>&nbsp; jumpers RF resistentes a la intemperie.<\/div>\n<div><strong>Incluye<\/strong><br \/>\t\t\t&#8211; Antena Airmax Omni<br \/>\t\t\t&#8211; Cable RF resistente a la intemperie<br \/>\t\t\t&#8211; Kit de montaje para acoplar el Rocket<br \/>\t\t\t&#8211; Kit de montaje universal para m&aacute;stil<\/div>\n<\/td>\n<\/tr>\n<tr>\n<td><strong>Folleto t&eacute;cnico<\/strong><\/td>\n<td><a href=\"https:\/\/dl.ubnt.com\/datasheets\/airmaxomni\/amo_ds_web.pdf\" target=\"_blank\">https:\/\/dl.ubnt.com\/datasheets\/airmaxomni\/amo_ds_web.pdf<\/a><\/td>\n<\/tr>\n<tr>\n<td><strong>Gu&iacute;a de instalaci&oacute;n<\/strong><\/td>\n<td><a href=\"https:\/\/dl.ubnt.com\/guides\/omni\/airMAX_Omni_AMO-2G13_QSG.pdf\" target=\"_blank\">https:\/\/dl.ubnt.com\/guides\/omni\/airMAX_Omni_AMO-2G13_QSG.pdf<\/a><\/td>\n<\/tr>\n<tr>\n<td><strong>Fecha de revisi&oacute;n<\/strong><\/td>\n<td>16-03-2016 por MSB<\/td>\n<\/tr>\n<\/tbody>\n<\/table>\n","protected":false},"excerpt":{"rendered":"<p>La antena Omni AirMax es una antena MIMO omnidireccional Carrier Class con Polarizaci&oacute;n Dual 2&#215;2, especialmente dise&ntilde;ada para el Rocket (Rocket no incluido). Solo necesita un Rocket y una antena Omni AirMax para crear una estaci&oacute;n base 360&ordm; de gran alcance. &nbsp; A diferencia de los protocolos WiFi est&aacute;ndar, el protocolo AirMax propietario de Ubiquiti&hellip;&nbsp;<a href=\"https:\/\/aivlisoft.net\/shop\/producto\/ubiquiti-airmax-omni-amo-2g13-2-4ghz-13dbi\/\" rel=\"bookmark\"><span class=\"screen-reader-text\">Ubiquiti AirMax Omni AMO-2G13 2.4GHz 13dBi<\/span><\/a><\/p>\n","protected":false},"featured_media":6028,"template":"","meta":{"neve_meta_sidebar":"","neve_meta_container":"","neve_meta_enable_content_width":"","neve_meta_content_width":0,"neve_meta_title_alignment":"","neve_meta_author_avatar":"","neve_post_elements_order":"","neve_meta_disable_header":"","neve_meta_disable_footer":"","neve_meta_disable_title":""},"product_brand":[],"product_cat":[8705],"product_tag":[1913],"class_list":{"0":"post-6027","1":"product","2":"type-product","3":"status-publish","4":"has-post-thumbnail","6":"product_cat-accesorios-redes-wifi","7":"product_tag-amo-2g13","9":"first","10":"instock","11":"taxable","12":"shipping-taxable","13":"purchasable","14":"product-type-simple"},"yoast_head":"<!-- This site is optimized with the Yoast SEO plugin v26.0 - https:\/\/yoast.com\/wordpress\/plugins\/seo\/ -->\n<title>Ubiquiti AirMax Omni AMO-2G13 2.4GHz 13dBi - Aivlisoft Inform\u00e1tica<\/title>\n<meta name=\"robots\" content=\"index, follow, max-snippet:-1, max-image-preview:large, max-video-preview:-1\" \/>\n<link rel=\"canonical\" href=\"https:\/\/aivlisoft.net\/shop\/producto\/ubiquiti-airmax-omni-amo-2g13-2-4ghz-13dbi\/\" \/>\n<meta property=\"og:locale\" content=\"es_ES\" \/>\n<meta property=\"og:type\" content=\"article\" \/>\n<meta property=\"og:title\" content=\"Ubiquiti AirMax Omni AMO-2G13 2.4GHz 13dBi - Aivlisoft Inform\u00e1tica\" \/>\n<meta property=\"og:description\" content=\"La antena Omni AirMax es una antena MIMO omnidireccional Carrier Class con Polarizaci&oacute;n Dual 2&#215;2, especialmente dise&ntilde;ada para el Rocket (Rocket no incluido). Solo necesita un Rocket y una antena Omni AirMax para crear una estaci&oacute;n base 360&ordm; de gran alcance. &nbsp; A diferencia de los protocolos WiFi est&aacute;ndar, el protocolo AirMax propietario de Ubiquiti&hellip;&nbsp;Ubiquiti AirMax Omni AMO-2G13 2.4GHz 13dBi\" \/>\n<meta property=\"og:url\" content=\"https:\/\/aivlisoft.net\/shop\/producto\/ubiquiti-airmax-omni-amo-2g13-2-4ghz-13dbi\/\" \/>\n<meta property=\"og:site_name\" content=\"Aivlisoft Inform\u00e1tica\" \/>\n<meta property=\"article:modified_time\" content=\"2025-01-14T10:23:03+00:00\" \/>\n<meta property=\"og:image\" content=\"https:\/\/aivlisoft.net\/shop\/wp-content\/uploads\/2025\/01\/ANEAWI0080_800-1.jpg\" \/>\n\t<meta property=\"og:image:width\" content=\"800\" \/>\n\t<meta property=\"og:image:height\" content=\"800\" \/>\n\t<meta property=\"og:image:type\" content=\"image\/jpeg\" \/>\n<meta name=\"twitter:card\" content=\"summary_large_image\" \/>\n<meta name=\"twitter:label1\" content=\"Tiempo de lectura\" \/>\n\t<meta name=\"twitter:data1\" content=\"2 minutos\" \/>\n<script type=\"application\/ld+json\" class=\"yoast-schema-graph\">{\"@context\":\"https:\/\/schema.org\",\"@graph\":[{\"@type\":\"WebPage\",\"@id\":\"https:\/\/aivlisoft.net\/shop\/producto\/ubiquiti-airmax-omni-amo-2g13-2-4ghz-13dbi\/\",\"url\":\"https:\/\/aivlisoft.net\/shop\/producto\/ubiquiti-airmax-omni-amo-2g13-2-4ghz-13dbi\/\",\"name\":\"Ubiquiti AirMax Omni AMO-2G13 2.4GHz 13dBi - Aivlisoft Inform\u00e1tica\",\"isPartOf\":{\"@id\":\"https:\/\/aivlisoft.net\/shop\/#website\"},\"primaryImageOfPage\":{\"@id\":\"https:\/\/aivlisoft.net\/shop\/producto\/ubiquiti-airmax-omni-amo-2g13-2-4ghz-13dbi\/#primaryimage\"},\"image\":{\"@id\":\"https:\/\/aivlisoft.net\/shop\/producto\/ubiquiti-airmax-omni-amo-2g13-2-4ghz-13dbi\/#primaryimage\"},\"thumbnailUrl\":\"https:\/\/aivlisoft.net\/shop\/wp-content\/uploads\/2025\/01\/ANEAWI0080_800-1.jpg\",\"datePublished\":\"2025-01-13T13:29:37+00:00\",\"dateModified\":\"2025-01-14T10:23:03+00:00\",\"breadcrumb\":{\"@id\":\"https:\/\/aivlisoft.net\/shop\/producto\/ubiquiti-airmax-omni-amo-2g13-2-4ghz-13dbi\/#breadcrumb\"},\"inLanguage\":\"es\",\"potentialAction\":[{\"@type\":\"ReadAction\",\"target\":[\"https:\/\/aivlisoft.net\/shop\/producto\/ubiquiti-airmax-omni-amo-2g13-2-4ghz-13dbi\/\"]}]},{\"@type\":\"ImageObject\",\"inLanguage\":\"es\",\"@id\":\"https:\/\/aivlisoft.net\/shop\/producto\/ubiquiti-airmax-omni-amo-2g13-2-4ghz-13dbi\/#primaryimage\",\"url\":\"https:\/\/aivlisoft.net\/shop\/wp-content\/uploads\/2025\/01\/ANEAWI0080_800-1.jpg\",\"contentUrl\":\"https:\/\/aivlisoft.net\/shop\/wp-content\/uploads\/2025\/01\/ANEAWI0080_800-1.jpg\",\"width\":800,\"height\":800},{\"@type\":\"BreadcrumbList\",\"@id\":\"https:\/\/aivlisoft.net\/shop\/producto\/ubiquiti-airmax-omni-amo-2g13-2-4ghz-13dbi\/#breadcrumb\",\"itemListElement\":[{\"@type\":\"ListItem\",\"position\":1,\"name\":\"Portada\",\"item\":\"https:\/\/aivlisoft.net\/shop\/\"},{\"@type\":\"ListItem\",\"position\":2,\"name\":\"Tienda\",\"item\":\"https:\/\/aivlisoft.net\/shop\/tienda\/\"},{\"@type\":\"ListItem\",\"position\":3,\"name\":\"Ubiquiti AirMax Omni AMO-2G13 2.4GHz 13dBi\"}]},{\"@type\":\"WebSite\",\"@id\":\"https:\/\/aivlisoft.net\/shop\/#website\",\"url\":\"https:\/\/aivlisoft.net\/shop\/\",\"name\":\"Aivlisoft Inform\u00e1tica\",\"description\":\"En Aivlisoft Inform\u00e1tica ofrecemos soluciones tecnol\u00f3gicas para empresas: venta de ordenadores, consumibles, perif\u00e9ricos y m\u00e1s. Calidad, atenci\u00f3n personalizada y los mejores precios para tu negocio.\",\"publisher\":{\"@id\":\"https:\/\/aivlisoft.net\/shop\/#organization\"},\"potentialAction\":[{\"@type\":\"SearchAction\",\"target\":{\"@type\":\"EntryPoint\",\"urlTemplate\":\"https:\/\/aivlisoft.net\/shop\/?s={search_term_string}\"},\"query-input\":{\"@type\":\"PropertyValueSpecification\",\"valueRequired\":true,\"valueName\":\"search_term_string\"}}],\"inLanguage\":\"es\"},{\"@type\":\"Organization\",\"@id\":\"https:\/\/aivlisoft.net\/shop\/#organization\",\"name\":\"Aivlisoft Inform\u00e1tica\",\"url\":\"https:\/\/aivlisoft.net\/shop\/\",\"logo\":{\"@type\":\"ImageObject\",\"inLanguage\":\"es\",\"@id\":\"https:\/\/aivlisoft.net\/shop\/#\/schema\/logo\/image\/\",\"url\":\"https:\/\/aivlisoft.net\/shop\/wp-content\/uploads\/2024\/12\/removal.ai_5b848c54-0cdf-4140-95c5-c5536bb7573b-logodef.png\",\"contentUrl\":\"https:\/\/aivlisoft.net\/shop\/wp-content\/uploads\/2024\/12\/removal.ai_5b848c54-0cdf-4140-95c5-c5536bb7573b-logodef.png\",\"width\":484,\"height\":182,\"caption\":\"Aivlisoft Inform\u00e1tica\"},\"image\":{\"@id\":\"https:\/\/aivlisoft.net\/shop\/#\/schema\/logo\/image\/\"}}]}<\/script>\n<!-- \/ Yoast SEO plugin. -->","yoast_head_json":{"title":"Ubiquiti AirMax Omni AMO-2G13 2.4GHz 13dBi - Aivlisoft Inform\u00e1tica","robots":{"index":"index","follow":"follow","max-snippet":"max-snippet:-1","max-image-preview":"max-image-preview:large","max-video-preview":"max-video-preview:-1"},"canonical":"https:\/\/aivlisoft.net\/shop\/producto\/ubiquiti-airmax-omni-amo-2g13-2-4ghz-13dbi\/","og_locale":"es_ES","og_type":"article","og_title":"Ubiquiti AirMax Omni AMO-2G13 2.4GHz 13dBi - Aivlisoft Inform\u00e1tica","og_description":"La antena Omni AirMax es una antena MIMO omnidireccional Carrier Class con Polarizaci&oacute;n Dual 2&#215;2, especialmente dise&ntilde;ada para el Rocket (Rocket no incluido). Solo necesita un Rocket y una antena Omni AirMax para crear una estaci&oacute;n base 360&ordm; de gran alcance. &nbsp; A diferencia de los protocolos WiFi est&aacute;ndar, el protocolo AirMax propietario de Ubiquiti&hellip;&nbsp;Ubiquiti AirMax Omni AMO-2G13 2.4GHz 13dBi","og_url":"https:\/\/aivlisoft.net\/shop\/producto\/ubiquiti-airmax-omni-amo-2g13-2-4ghz-13dbi\/","og_site_name":"Aivlisoft Inform\u00e1tica","article_modified_time":"2025-01-14T10:23:03+00:00","og_image":[{"width":800,"height":800,"url":"https:\/\/aivlisoft.net\/shop\/wp-content\/uploads\/2025\/01\/ANEAWI0080_800-1.jpg","type":"image\/jpeg"}],"twitter_card":"summary_large_image","twitter_misc":{"Tiempo de lectura":"2 minutos"},"schema":{"@context":"https:\/\/schema.org","@graph":[{"@type":"WebPage","@id":"https:\/\/aivlisoft.net\/shop\/producto\/ubiquiti-airmax-omni-amo-2g13-2-4ghz-13dbi\/","url":"https:\/\/aivlisoft.net\/shop\/producto\/ubiquiti-airmax-omni-amo-2g13-2-4ghz-13dbi\/","name":"Ubiquiti AirMax Omni AMO-2G13 2.4GHz 13dBi - Aivlisoft Inform\u00e1tica","isPartOf":{"@id":"https:\/\/aivlisoft.net\/shop\/#website"},"primaryImageOfPage":{"@id":"https:\/\/aivlisoft.net\/shop\/producto\/ubiquiti-airmax-omni-amo-2g13-2-4ghz-13dbi\/#primaryimage"},"image":{"@id":"https:\/\/aivlisoft.net\/shop\/producto\/ubiquiti-airmax-omni-amo-2g13-2-4ghz-13dbi\/#primaryimage"},"thumbnailUrl":"https:\/\/aivlisoft.net\/shop\/wp-content\/uploads\/2025\/01\/ANEAWI0080_800-1.jpg","datePublished":"2025-01-13T13:29:37+00:00","dateModified":"2025-01-14T10:23:03+00:00","breadcrumb":{"@id":"https:\/\/aivlisoft.net\/shop\/producto\/ubiquiti-airmax-omni-amo-2g13-2-4ghz-13dbi\/#breadcrumb"},"inLanguage":"es","potentialAction":[{"@type":"ReadAction","target":["https:\/\/aivlisoft.net\/shop\/producto\/ubiquiti-airmax-omni-amo-2g13-2-4ghz-13dbi\/"]}]},{"@type":"ImageObject","inLanguage":"es","@id":"https:\/\/aivlisoft.net\/shop\/producto\/ubiquiti-airmax-omni-amo-2g13-2-4ghz-13dbi\/#primaryimage","url":"https:\/\/aivlisoft.net\/shop\/wp-content\/uploads\/2025\/01\/ANEAWI0080_800-1.jpg","contentUrl":"https:\/\/aivlisoft.net\/shop\/wp-content\/uploads\/2025\/01\/ANEAWI0080_800-1.jpg","width":800,"height":800},{"@type":"BreadcrumbList","@id":"https:\/\/aivlisoft.net\/shop\/producto\/ubiquiti-airmax-omni-amo-2g13-2-4ghz-13dbi\/#breadcrumb","itemListElement":[{"@type":"ListItem","position":1,"name":"Portada","item":"https:\/\/aivlisoft.net\/shop\/"},{"@type":"ListItem","position":2,"name":"Tienda","item":"https:\/\/aivlisoft.net\/shop\/tienda\/"},{"@type":"ListItem","position":3,"name":"Ubiquiti AirMax Omni AMO-2G13 2.4GHz 13dBi"}]},{"@type":"WebSite","@id":"https:\/\/aivlisoft.net\/shop\/#website","url":"https:\/\/aivlisoft.net\/shop\/","name":"Aivlisoft Inform\u00e1tica","description":"En Aivlisoft Inform\u00e1tica ofrecemos soluciones tecnol\u00f3gicas para empresas: venta de ordenadores, consumibles, perif\u00e9ricos y m\u00e1s. Calidad, atenci\u00f3n personalizada y los mejores precios para tu negocio.","publisher":{"@id":"https:\/\/aivlisoft.net\/shop\/#organization"},"potentialAction":[{"@type":"SearchAction","target":{"@type":"EntryPoint","urlTemplate":"https:\/\/aivlisoft.net\/shop\/?s={search_term_string}"},"query-input":{"@type":"PropertyValueSpecification","valueRequired":true,"valueName":"search_term_string"}}],"inLanguage":"es"},{"@type":"Organization","@id":"https:\/\/aivlisoft.net\/shop\/#organization","name":"Aivlisoft Inform\u00e1tica","url":"https:\/\/aivlisoft.net\/shop\/","logo":{"@type":"ImageObject","inLanguage":"es","@id":"https:\/\/aivlisoft.net\/shop\/#\/schema\/logo\/image\/","url":"https:\/\/aivlisoft.net\/shop\/wp-content\/uploads\/2024\/12\/removal.ai_5b848c54-0cdf-4140-95c5-c5536bb7573b-logodef.png","contentUrl":"https:\/\/aivlisoft.net\/shop\/wp-content\/uploads\/2024\/12\/removal.ai_5b848c54-0cdf-4140-95c5-c5536bb7573b-logodef.png","width":484,"height":182,"caption":"Aivlisoft Inform\u00e1tica"},"image":{"@id":"https:\/\/aivlisoft.net\/shop\/#\/schema\/logo\/image\/"}}]}},"_links":{"self":[{"href":"https:\/\/aivlisoft.net\/shop\/wp-json\/wp\/v2\/product\/6027","targetHints":{"allow":["GET"]}}],"collection":[{"href":"https:\/\/aivlisoft.net\/shop\/wp-json\/wp\/v2\/product"}],"about":[{"href":"https:\/\/aivlisoft.net\/shop\/wp-json\/wp\/v2\/types\/product"}],"wp:featuredmedia":[{"embeddable":true,"href":"https:\/\/aivlisoft.net\/shop\/wp-json\/wp\/v2\/media\/6028"}],"wp:attachment":[{"href":"https:\/\/aivlisoft.net\/shop\/wp-json\/wp\/v2\/media?parent=6027"}],"wp:term":[{"taxonomy":"product_brand","embeddable":true,"href":"https:\/\/aivlisoft.net\/shop\/wp-json\/wp\/v2\/product_brand?post=6027"},{"taxonomy":"product_cat","embeddable":true,"href":"https:\/\/aivlisoft.net\/shop\/wp-json\/wp\/v2\/product_cat?post=6027"},{"taxonomy":"product_tag","embeddable":true,"href":"https:\/\/aivlisoft.net\/shop\/wp-json\/wp\/v2\/product_tag?post=6027"}],"curies":[{"name":"wp","href":"https:\/\/api.w.org\/{rel}","templated":true}]}}