{"id":6025,"date":"2025-01-13T13:29:36","date_gmt":"2025-01-13T13:29:36","guid":{"rendered":"https:\/\/aivlisoft.com\/?post_type=product&#038;p=6025"},"modified":"2025-01-14T10:23:02","modified_gmt":"2025-01-14T10:23:02","slug":"ubiquiti-inyector-poe-poe-50-60w-50vdc-1-2a","status":"publish","type":"product","link":"https:\/\/aivlisoft.net\/shop\/producto\/ubiquiti-inyector-poe-poe-50-60w-50vdc-1-2a\/","title":{"rendered":"Ubiquiti Inyector PoE POE-50-60W 50VDC 1.2A"},"content":{"rendered":"<div>Alimentador PoE de repuesto para Ubiquiti AirFiber. PoE (50V, 1.2A) con cable de corriente EU.<\/div>\n<p><\/p>\n<table class=\"tabla_caracteristicas\" width=\"100%\">\n<tbody>\n<tr>\n<td><strong>Marca<\/strong><\/td>\n<td>Ubiquiti<\/td>\n<\/tr>\n<tr>\n<td><strong>Modelo<\/strong><\/td>\n<td><strong>POE-50-60W<\/strong><\/td>\n<\/tr>\n<tr>\n<td valign=\"top\"><strong>Especificaciones<\/strong><\/td>\n<td>\n<div>&#8211; Dimensiones: 100.95 x 60 x 33 mm<br \/>\t\t\t&#8211; Peso: 192 g<br \/>\t\t\t&#8211; Puerto Gigabit LAN<br \/>\t\t\t&#8211; Tensi&oacute;n de salida: 50VDC @ 1.2A<br \/>\t\t\t&#8211; Tension de entrada: 90-260VAC @ 47-63 Hz<br \/>\t\t\t&#8211; Corriente de entrada:<\/div>\n<div>&nbsp; 1.3A @ 120VAC, 0.75A @ 240VAC<br \/>\t\t\t&#8211; Eficiencia 85+%<br \/>\t\t\t&#8211; Frecuencia de switching: 65kHz<br \/>\t\t\t&#8211; Regulaci&oacute;n de linea: +-1%<br \/>\t\t\t&#8211; Regulaci&oacute;n de carga +-3%<br \/>\t\t\t&#8211; 4-Par de alimentaci&oacute;n:<\/div>\n<div>&nbsp; Pins 1, 2, 4, 5 (+) y Pins 7, 8, 3, 6 (-)<br \/>\t\t\t&#8211; Temperatura de operaci&oacute;n: 0 a 40&ordm;C<br \/>\t\t\t&#8211; Temperatura de almacenamiento: -30 a 70&ordm;C<br \/>\t\t\t&#8211; Humedad de operaci&oacute;n:<\/div>\n<div>&nbsp; 35 a 95 Sin condensaci&oacute;n<br \/>\t\t\t&#8211; Conector AC: IEC-320 C6<br \/>\t\t\t&#8211; Conformidad:<br \/>\t\t\t&nbsp; IEC 60950-1:2005+A1<br \/>\t\t\t&nbsp; UL60950-1<br \/>\t\t\t&nbsp; EN55022:2010<br \/>\t\t\t&nbsp; EN55024:2010<br \/>\t\t\t&nbsp; FCC Class B<\/div>\n<\/td>\n<\/tr>\n<tr>\n<td valign=\"top\"><strong>Folleto t&eacute;cnico<\/strong><\/td>\n<td><a href=\"https:\/\/dl.ubnt.com\/datasheets\/poe\/PoE_Adapters_DS.pdf\" target=\"_blank\">https:\/\/dl.ubnt.com\/datasheets\/poe\/PoE_Adapters_DS.pdf<\/a><\/td>\n<\/tr>\n<tr>\n<td><strong>Fecha Revisi&oacute;n<\/strong><\/td>\n<td>10-03-2016 por MSB<\/td>\n<\/tr>\n<\/tbody>\n<\/table>\n","protected":false},"excerpt":{"rendered":"<p>Alimentador PoE de repuesto para Ubiquiti AirFiber. PoE (50V, 1.2A) con cable de corriente EU. Marca Ubiquiti Modelo POE-50-60W Especificaciones &#8211; Dimensiones: 100.95 x 60 x 33 mm &#8211; Peso: 192 g &#8211; Puerto Gigabit LAN &#8211; Tensi&oacute;n de salida: 50VDC @ 1.2A &#8211; Tension de entrada: 90-260VAC @ 47-63 Hz &#8211; Corriente de entrada:&hellip;&nbsp;<a href=\"https:\/\/aivlisoft.net\/shop\/producto\/ubiquiti-inyector-poe-poe-50-60w-50vdc-1-2a\/\" rel=\"bookmark\"><span class=\"screen-reader-text\">Ubiquiti Inyector PoE POE-50-60W 50VDC 1.2A<\/span><\/a><\/p>\n","protected":false},"featured_media":6026,"template":"","meta":{"neve_meta_sidebar":"","neve_meta_container":"","neve_meta_enable_content_width":"","neve_meta_content_width":0,"neve_meta_title_alignment":"","neve_meta_author_avatar":"","neve_post_elements_order":"","neve_meta_disable_header":"","neve_meta_disable_footer":"","neve_meta_disable_title":""},"product_brand":[],"product_cat":[8705],"product_tag":[1912],"class_list":{"0":"post-6025","1":"product","2":"type-product","3":"status-publish","4":"has-post-thumbnail","6":"product_cat-accesorios-redes-wifi","7":"product_tag-poe-50-60w","9":"first","10":"instock","11":"taxable","12":"shipping-taxable","13":"purchasable","14":"product-type-simple"},"yoast_head":"<!-- This site is optimized with the Yoast SEO plugin v26.0 - https:\/\/yoast.com\/wordpress\/plugins\/seo\/ -->\n<title>Ubiquiti Inyector PoE POE-50-60W 50VDC 1.2A - Aivlisoft Inform\u00e1tica<\/title>\n<meta name=\"robots\" content=\"index, follow, max-snippet:-1, max-image-preview:large, max-video-preview:-1\" \/>\n<link rel=\"canonical\" href=\"https:\/\/aivlisoft.net\/shop\/producto\/ubiquiti-inyector-poe-poe-50-60w-50vdc-1-2a\/\" \/>\n<meta property=\"og:locale\" content=\"es_ES\" \/>\n<meta property=\"og:type\" content=\"article\" \/>\n<meta property=\"og:title\" content=\"Ubiquiti Inyector PoE POE-50-60W 50VDC 1.2A - Aivlisoft Inform\u00e1tica\" \/>\n<meta property=\"og:description\" content=\"Alimentador PoE de repuesto para Ubiquiti AirFiber. PoE (50V, 1.2A) con cable de corriente EU. Marca Ubiquiti Modelo POE-50-60W Especificaciones &#8211; Dimensiones: 100.95 x 60 x 33 mm &#8211; Peso: 192 g &#8211; Puerto Gigabit LAN &#8211; Tensi&oacute;n de salida: 50VDC @ 1.2A &#8211; Tension de entrada: 90-260VAC @ 47-63 Hz &#8211; Corriente de entrada:&hellip;&nbsp;Ubiquiti Inyector PoE POE-50-60W 50VDC 1.2A\" \/>\n<meta property=\"og:url\" content=\"https:\/\/aivlisoft.net\/shop\/producto\/ubiquiti-inyector-poe-poe-50-60w-50vdc-1-2a\/\" \/>\n<meta property=\"og:site_name\" content=\"Aivlisoft Inform\u00e1tica\" \/>\n<meta property=\"article:modified_time\" content=\"2025-01-14T10:23:02+00:00\" \/>\n<meta property=\"og:image\" content=\"https:\/\/aivlisoft.net\/shop\/wp-content\/uploads\/2025\/01\/ANEAWI0079_800-1.jpg\" \/>\n\t<meta property=\"og:image:width\" content=\"800\" \/>\n\t<meta property=\"og:image:height\" content=\"800\" \/>\n\t<meta property=\"og:image:type\" content=\"image\/jpeg\" \/>\n<meta name=\"twitter:card\" content=\"summary_large_image\" \/>\n<meta name=\"twitter:label1\" content=\"Tiempo de lectura\" \/>\n\t<meta name=\"twitter:data1\" content=\"1 minuto\" \/>\n<script type=\"application\/ld+json\" class=\"yoast-schema-graph\">{\"@context\":\"https:\/\/schema.org\",\"@graph\":[{\"@type\":\"WebPage\",\"@id\":\"https:\/\/aivlisoft.net\/shop\/producto\/ubiquiti-inyector-poe-poe-50-60w-50vdc-1-2a\/\",\"url\":\"https:\/\/aivlisoft.net\/shop\/producto\/ubiquiti-inyector-poe-poe-50-60w-50vdc-1-2a\/\",\"name\":\"Ubiquiti Inyector PoE POE-50-60W 50VDC 1.2A - Aivlisoft Inform\u00e1tica\",\"isPartOf\":{\"@id\":\"https:\/\/aivlisoft.net\/shop\/#website\"},\"primaryImageOfPage\":{\"@id\":\"https:\/\/aivlisoft.net\/shop\/producto\/ubiquiti-inyector-poe-poe-50-60w-50vdc-1-2a\/#primaryimage\"},\"image\":{\"@id\":\"https:\/\/aivlisoft.net\/shop\/producto\/ubiquiti-inyector-poe-poe-50-60w-50vdc-1-2a\/#primaryimage\"},\"thumbnailUrl\":\"https:\/\/aivlisoft.net\/shop\/wp-content\/uploads\/2025\/01\/ANEAWI0079_800-1.jpg\",\"datePublished\":\"2025-01-13T13:29:36+00:00\",\"dateModified\":\"2025-01-14T10:23:02+00:00\",\"breadcrumb\":{\"@id\":\"https:\/\/aivlisoft.net\/shop\/producto\/ubiquiti-inyector-poe-poe-50-60w-50vdc-1-2a\/#breadcrumb\"},\"inLanguage\":\"es\",\"potentialAction\":[{\"@type\":\"ReadAction\",\"target\":[\"https:\/\/aivlisoft.net\/shop\/producto\/ubiquiti-inyector-poe-poe-50-60w-50vdc-1-2a\/\"]}]},{\"@type\":\"ImageObject\",\"inLanguage\":\"es\",\"@id\":\"https:\/\/aivlisoft.net\/shop\/producto\/ubiquiti-inyector-poe-poe-50-60w-50vdc-1-2a\/#primaryimage\",\"url\":\"https:\/\/aivlisoft.net\/shop\/wp-content\/uploads\/2025\/01\/ANEAWI0079_800-1.jpg\",\"contentUrl\":\"https:\/\/aivlisoft.net\/shop\/wp-content\/uploads\/2025\/01\/ANEAWI0079_800-1.jpg\",\"width\":800,\"height\":800},{\"@type\":\"BreadcrumbList\",\"@id\":\"https:\/\/aivlisoft.net\/shop\/producto\/ubiquiti-inyector-poe-poe-50-60w-50vdc-1-2a\/#breadcrumb\",\"itemListElement\":[{\"@type\":\"ListItem\",\"position\":1,\"name\":\"Portada\",\"item\":\"https:\/\/aivlisoft.net\/shop\/\"},{\"@type\":\"ListItem\",\"position\":2,\"name\":\"Tienda\",\"item\":\"https:\/\/aivlisoft.net\/shop\/tienda\/\"},{\"@type\":\"ListItem\",\"position\":3,\"name\":\"Ubiquiti Inyector PoE POE-50-60W 50VDC 1.2A\"}]},{\"@type\":\"WebSite\",\"@id\":\"https:\/\/aivlisoft.net\/shop\/#website\",\"url\":\"https:\/\/aivlisoft.net\/shop\/\",\"name\":\"Aivlisoft Inform\u00e1tica\",\"description\":\"En Aivlisoft Inform\u00e1tica ofrecemos soluciones tecnol\u00f3gicas para empresas: venta de ordenadores, consumibles, perif\u00e9ricos y m\u00e1s. Calidad, atenci\u00f3n personalizada y los mejores precios para tu negocio.\",\"publisher\":{\"@id\":\"https:\/\/aivlisoft.net\/shop\/#organization\"},\"potentialAction\":[{\"@type\":\"SearchAction\",\"target\":{\"@type\":\"EntryPoint\",\"urlTemplate\":\"https:\/\/aivlisoft.net\/shop\/?s={search_term_string}\"},\"query-input\":{\"@type\":\"PropertyValueSpecification\",\"valueRequired\":true,\"valueName\":\"search_term_string\"}}],\"inLanguage\":\"es\"},{\"@type\":\"Organization\",\"@id\":\"https:\/\/aivlisoft.net\/shop\/#organization\",\"name\":\"Aivlisoft Inform\u00e1tica\",\"url\":\"https:\/\/aivlisoft.net\/shop\/\",\"logo\":{\"@type\":\"ImageObject\",\"inLanguage\":\"es\",\"@id\":\"https:\/\/aivlisoft.net\/shop\/#\/schema\/logo\/image\/\",\"url\":\"https:\/\/aivlisoft.net\/shop\/wp-content\/uploads\/2024\/12\/removal.ai_5b848c54-0cdf-4140-95c5-c5536bb7573b-logodef.png\",\"contentUrl\":\"https:\/\/aivlisoft.net\/shop\/wp-content\/uploads\/2024\/12\/removal.ai_5b848c54-0cdf-4140-95c5-c5536bb7573b-logodef.png\",\"width\":484,\"height\":182,\"caption\":\"Aivlisoft Inform\u00e1tica\"},\"image\":{\"@id\":\"https:\/\/aivlisoft.net\/shop\/#\/schema\/logo\/image\/\"}}]}<\/script>\n<!-- \/ Yoast SEO plugin. -->","yoast_head_json":{"title":"Ubiquiti Inyector PoE POE-50-60W 50VDC 1.2A - Aivlisoft Inform\u00e1tica","robots":{"index":"index","follow":"follow","max-snippet":"max-snippet:-1","max-image-preview":"max-image-preview:large","max-video-preview":"max-video-preview:-1"},"canonical":"https:\/\/aivlisoft.net\/shop\/producto\/ubiquiti-inyector-poe-poe-50-60w-50vdc-1-2a\/","og_locale":"es_ES","og_type":"article","og_title":"Ubiquiti Inyector PoE POE-50-60W 50VDC 1.2A - Aivlisoft Inform\u00e1tica","og_description":"Alimentador PoE de repuesto para Ubiquiti AirFiber. PoE (50V, 1.2A) con cable de corriente EU. Marca Ubiquiti Modelo POE-50-60W Especificaciones &#8211; Dimensiones: 100.95 x 60 x 33 mm &#8211; Peso: 192 g &#8211; Puerto Gigabit LAN &#8211; Tensi&oacute;n de salida: 50VDC @ 1.2A &#8211; Tension de entrada: 90-260VAC @ 47-63 Hz &#8211; Corriente de entrada:&hellip;&nbsp;Ubiquiti Inyector PoE POE-50-60W 50VDC 1.2A","og_url":"https:\/\/aivlisoft.net\/shop\/producto\/ubiquiti-inyector-poe-poe-50-60w-50vdc-1-2a\/","og_site_name":"Aivlisoft Inform\u00e1tica","article_modified_time":"2025-01-14T10:23:02+00:00","og_image":[{"width":800,"height":800,"url":"https:\/\/aivlisoft.net\/shop\/wp-content\/uploads\/2025\/01\/ANEAWI0079_800-1.jpg","type":"image\/jpeg"}],"twitter_card":"summary_large_image","twitter_misc":{"Tiempo de lectura":"1 minuto"},"schema":{"@context":"https:\/\/schema.org","@graph":[{"@type":"WebPage","@id":"https:\/\/aivlisoft.net\/shop\/producto\/ubiquiti-inyector-poe-poe-50-60w-50vdc-1-2a\/","url":"https:\/\/aivlisoft.net\/shop\/producto\/ubiquiti-inyector-poe-poe-50-60w-50vdc-1-2a\/","name":"Ubiquiti Inyector PoE POE-50-60W 50VDC 1.2A - Aivlisoft Inform\u00e1tica","isPartOf":{"@id":"https:\/\/aivlisoft.net\/shop\/#website"},"primaryImageOfPage":{"@id":"https:\/\/aivlisoft.net\/shop\/producto\/ubiquiti-inyector-poe-poe-50-60w-50vdc-1-2a\/#primaryimage"},"image":{"@id":"https:\/\/aivlisoft.net\/shop\/producto\/ubiquiti-inyector-poe-poe-50-60w-50vdc-1-2a\/#primaryimage"},"thumbnailUrl":"https:\/\/aivlisoft.net\/shop\/wp-content\/uploads\/2025\/01\/ANEAWI0079_800-1.jpg","datePublished":"2025-01-13T13:29:36+00:00","dateModified":"2025-01-14T10:23:02+00:00","breadcrumb":{"@id":"https:\/\/aivlisoft.net\/shop\/producto\/ubiquiti-inyector-poe-poe-50-60w-50vdc-1-2a\/#breadcrumb"},"inLanguage":"es","potentialAction":[{"@type":"ReadAction","target":["https:\/\/aivlisoft.net\/shop\/producto\/ubiquiti-inyector-poe-poe-50-60w-50vdc-1-2a\/"]}]},{"@type":"ImageObject","inLanguage":"es","@id":"https:\/\/aivlisoft.net\/shop\/producto\/ubiquiti-inyector-poe-poe-50-60w-50vdc-1-2a\/#primaryimage","url":"https:\/\/aivlisoft.net\/shop\/wp-content\/uploads\/2025\/01\/ANEAWI0079_800-1.jpg","contentUrl":"https:\/\/aivlisoft.net\/shop\/wp-content\/uploads\/2025\/01\/ANEAWI0079_800-1.jpg","width":800,"height":800},{"@type":"BreadcrumbList","@id":"https:\/\/aivlisoft.net\/shop\/producto\/ubiquiti-inyector-poe-poe-50-60w-50vdc-1-2a\/#breadcrumb","itemListElement":[{"@type":"ListItem","position":1,"name":"Portada","item":"https:\/\/aivlisoft.net\/shop\/"},{"@type":"ListItem","position":2,"name":"Tienda","item":"https:\/\/aivlisoft.net\/shop\/tienda\/"},{"@type":"ListItem","position":3,"name":"Ubiquiti Inyector PoE POE-50-60W 50VDC 1.2A"}]},{"@type":"WebSite","@id":"https:\/\/aivlisoft.net\/shop\/#website","url":"https:\/\/aivlisoft.net\/shop\/","name":"Aivlisoft Inform\u00e1tica","description":"En Aivlisoft Inform\u00e1tica ofrecemos soluciones tecnol\u00f3gicas para empresas: venta de ordenadores, consumibles, perif\u00e9ricos y m\u00e1s. Calidad, atenci\u00f3n personalizada y los mejores precios para tu negocio.","publisher":{"@id":"https:\/\/aivlisoft.net\/shop\/#organization"},"potentialAction":[{"@type":"SearchAction","target":{"@type":"EntryPoint","urlTemplate":"https:\/\/aivlisoft.net\/shop\/?s={search_term_string}"},"query-input":{"@type":"PropertyValueSpecification","valueRequired":true,"valueName":"search_term_string"}}],"inLanguage":"es"},{"@type":"Organization","@id":"https:\/\/aivlisoft.net\/shop\/#organization","name":"Aivlisoft Inform\u00e1tica","url":"https:\/\/aivlisoft.net\/shop\/","logo":{"@type":"ImageObject","inLanguage":"es","@id":"https:\/\/aivlisoft.net\/shop\/#\/schema\/logo\/image\/","url":"https:\/\/aivlisoft.net\/shop\/wp-content\/uploads\/2024\/12\/removal.ai_5b848c54-0cdf-4140-95c5-c5536bb7573b-logodef.png","contentUrl":"https:\/\/aivlisoft.net\/shop\/wp-content\/uploads\/2024\/12\/removal.ai_5b848c54-0cdf-4140-95c5-c5536bb7573b-logodef.png","width":484,"height":182,"caption":"Aivlisoft Inform\u00e1tica"},"image":{"@id":"https:\/\/aivlisoft.net\/shop\/#\/schema\/logo\/image\/"}}]}},"_links":{"self":[{"href":"https:\/\/aivlisoft.net\/shop\/wp-json\/wp\/v2\/product\/6025","targetHints":{"allow":["GET"]}}],"collection":[{"href":"https:\/\/aivlisoft.net\/shop\/wp-json\/wp\/v2\/product"}],"about":[{"href":"https:\/\/aivlisoft.net\/shop\/wp-json\/wp\/v2\/types\/product"}],"wp:featuredmedia":[{"embeddable":true,"href":"https:\/\/aivlisoft.net\/shop\/wp-json\/wp\/v2\/media\/6026"}],"wp:attachment":[{"href":"https:\/\/aivlisoft.net\/shop\/wp-json\/wp\/v2\/media?parent=6025"}],"wp:term":[{"taxonomy":"product_brand","embeddable":true,"href":"https:\/\/aivlisoft.net\/shop\/wp-json\/wp\/v2\/product_brand?post=6025"},{"taxonomy":"product_cat","embeddable":true,"href":"https:\/\/aivlisoft.net\/shop\/wp-json\/wp\/v2\/product_cat?post=6025"},{"taxonomy":"product_tag","embeddable":true,"href":"https:\/\/aivlisoft.net\/shop\/wp-json\/wp\/v2\/product_tag?post=6025"}],"curies":[{"name":"wp","href":"https:\/\/api.w.org\/{rel}","templated":true}]}}