{"id":6011,"date":"2025-01-13T13:29:27","date_gmt":"2025-01-13T13:29:27","guid":{"rendered":"https:\/\/aivlisoft.com\/?post_type=product&#038;p=6011"},"modified":"2025-01-14T10:22:51","modified_gmt":"2025-01-14T10:22:51","slug":"ubiquiti-airmax-sector-am-5g17-90-5ghz-17dbi","status":"publish","type":"product","link":"https:\/\/aivlisoft.net\/shop\/producto\/ubiquiti-airmax-sector-am-5g17-90-5ghz-17dbi\/","title":{"rendered":"Ubiquiti AirMax Sector AM-5G17-90 5GHz 17dBi"},"content":{"rendered":"<div>\n<div><strong>Antena Sectorial&nbsp;AM-5G17-90 2&#215;2 MIMO para Estaci&oacute;n Base, 5 GHz, 17 dBi<\/strong><\/div>\n<div>&nbsp;<\/div>\n<div><strong>Cobertura sectorial <\/strong><\/div>\n<div>La Antena Sector AirMax es sectorial 2&#215;2 Doble Polaridad antena MIMO Sector que fue dise&ntilde;ado para integrarse perfectamente con radios RocketM (RocketM se vende por separado). Une el radio de la RocketM con alcance de la antena de Airmax Sector para crear una potente estaci&oacute;n base. Esta combinaci&oacute;n vers&aacute;til da arquitecturas de redes flexibles y c&oacute;modas.<\/div>\n<div>&nbsp;<\/div>\n<div><strong>Utiliza Tecnolog&iacute;a AIRMAX<\/strong><br \/>A diferencia de protocolo est&aacute;ndar Wi-Fi, por divisi&oacute;n de tiempo (TDMA), el protocolo AirMax permite a cada cliente para enviar y recibir datos a trav&eacute;s de las ranuras pre-designados de tiempo programados por un controlador inteligente AP.<\/div>\n<div>Este m&eacute;todo &quot;ventana de tiempo&quot; elimina las colisiones de nodos ocultos y maximiza la eficiencia de tiempo aire. Proporciona muchas magnitudes de mejoras en el rendimiento de latencia, rendimiento y escalabilidad en comparaci&oacute;n con todos los dem&aacute;s sistemas aire libre en su clase.<\/div>\n<div>&nbsp;<\/div>\n<div><strong>QoS inteligente<\/strong><br \/>Se da prioridad a la voz \/ video para la transmisi&oacute;n sin fisuras.<\/div>\n<div>&nbsp;<\/div>\n<div><strong>Escalabilidad<\/strong><br \/>Alta capacidad y escalabilidad.<\/div>\n<div>&nbsp;<\/div>\n<div><strong>Larga distancia<\/strong><br \/>Capacidad de alta velocidad<\/div>\n<div>&nbsp;<\/div>\n<\/div>\n<p><\/p>\n<table class=\"tabla_caracteristicas\" width=\"100%\">\n<tbody>\n<tr>\n<td><strong>Marca<\/strong><\/td>\n<td>Ubiquiti<\/td>\n<\/tr>\n<tr>\n<td><strong>Modelo<\/strong><\/td>\n<td><strong>AM-5G17-90<\/strong><\/td>\n<\/tr>\n<tr>\n<td valign=\"top\"><strong>Caracter&iacute;sticas<\/strong><\/td>\n<td>\n<div><strong>&#8211; Banda de frecuencia: 5 GHz<br \/>\t\t\t&#8211; Tipo de antena: Sectorial&nbsp;<br \/>\t\t\t&#8211; Ganancia de la antena (m&aacute;x.): 17.1&nbsp; dBi<br \/>\t\t\t&#8211; Ratio de voltaje de onda estacionaria (VSWR): 1.5:1 &nbsp;<br \/>\t\t\t&#8211; Polarizaci&oacute;n: Dual Lineal<\/strong><\/div>\n<div><strong>&#8211; Ancho del haz horizontal: 72&deg;&nbsp; <\/strong><\/div>\n<div><strong>&#8211; Ancho del haz vertical: 93&deg;<br \/>\t\t\t&#8211; Inclinaci&oacute;n baja plano-E: 4&deg;<\/strong><\/div>\n<div><strong>&#8211; Ancho del haz plano-E: 8&deg;<br \/>\t\t\t&#8211; Montaje: Pared<br \/>\t\t\t&#8211; Uso: Exterior<\/strong><\/div>\n<\/td>\n<\/tr>\n<tr>\n<td valign=\"top\"><strong>Otras Caracter&iacute;sticas<\/strong><\/td>\n<td>\n<div>&#8211; Color del producto: Blanco<br \/>\t\t\t&#8211; Certificaci&oacute;n: EN 302 326 DN2 &nbsp;<br \/>\t\t\t&#8211; Dimensiones*: 367X63X41mm<br \/>\t\t\t&#8211; Peso*: 1,1kg<br \/>\t\t\t&#8211; Resistencia al viento: 125 mph<br \/>\t\t\t<strong>Montaje<\/strong><br \/>\t\t\t&#8211; Kit de montaje para m&aacute;stil, bracket<\/div>\n<div>&nbsp; para acoplar el Rocket , jumper RF resistentes<\/div>\n<div>&nbsp; a la intemperie incluido.&nbsp;&nbsp; &nbsp;<br \/>\t\t\t* Las dimensiones excluyen el kit de montaje<\/div>\n<div>&nbsp; para m&aacute;stil y el RocketM. El peso incluye<\/div>\n<div>&nbsp; el kit de montaje (RocketM se vende por separado).<\/div>\n<\/td>\n<\/tr>\n<tr>\n<td valign=\"top\"><strong>Folleto t&eacute;cnico<\/strong><\/td>\n<td><a href=\"https:\/\/dl.ubnt.com\/datasheets\/airmaxsector\/airMAX_Sector_Antennas_DS.pdf\" target=\"_blank\">https:\/\/dl.ubnt.com\/datasheets\/airmaxsector\/airMAX_Sector_Antennas_DS.pdf<\/a><\/td>\n<\/tr>\n<tr>\n<td valign=\"top\"><strong>Gu&iacute;a de instalaci&oacute;n<\/strong><\/td>\n<td><a href=\"https:\/\/dl.ubnt.com\/guides\/sector\/airMAX_Sector_AM-5G16-120_AM-5G17-90_QSG.pdf\" target=\"_blank\">https:\/\/dl.ubnt.com\/guides\/sector\/airMAX_Sector_AM-5G16-120_AM-5G17-90_QSG.pdf<\/a><\/td>\n<\/tr>\n<tr>\n<td><strong>Fecha de revisi&oacute;n<\/strong><\/td>\n<td>08-04-2016 por MSB<\/td>\n<\/tr>\n<\/tbody>\n<\/table>\n","protected":false},"excerpt":{"rendered":"<p>Antena Sectorial&nbsp;AM-5G17-90 2&#215;2 MIMO para Estaci&oacute;n Base, 5 GHz, 17 dBi &nbsp; Cobertura sectorial La Antena Sector AirMax es sectorial 2&#215;2 Doble Polaridad antena MIMO Sector que fue dise&ntilde;ado para integrarse perfectamente con radios RocketM (RocketM se vende por separado). Une el radio de la RocketM con alcance de la antena de Airmax Sector para&hellip;&nbsp;<a href=\"https:\/\/aivlisoft.net\/shop\/producto\/ubiquiti-airmax-sector-am-5g17-90-5ghz-17dbi\/\" rel=\"bookmark\"><span class=\"screen-reader-text\">Ubiquiti AirMax Sector AM-5G17-90 5GHz 17dBi<\/span><\/a><\/p>\n","protected":false},"featured_media":6012,"template":"","meta":{"neve_meta_sidebar":"","neve_meta_container":"","neve_meta_enable_content_width":"","neve_meta_content_width":0,"neve_meta_title_alignment":"","neve_meta_author_avatar":"","neve_post_elements_order":"","neve_meta_disable_header":"","neve_meta_disable_footer":"","neve_meta_disable_title":""},"product_brand":[],"product_cat":[8705],"product_tag":[1906],"class_list":{"0":"post-6011","1":"product","2":"type-product","3":"status-publish","4":"has-post-thumbnail","6":"product_cat-accesorios-redes-wifi","7":"product_tag-am-5g17-90","9":"first","10":"instock","11":"taxable","12":"shipping-taxable","13":"purchasable","14":"product-type-simple"},"yoast_head":"<!-- This site is optimized with the Yoast SEO plugin v26.0 - https:\/\/yoast.com\/wordpress\/plugins\/seo\/ -->\n<title>Ubiquiti AirMax Sector AM-5G17-90 5GHz 17dBi - Aivlisoft Inform\u00e1tica<\/title>\n<meta name=\"robots\" content=\"index, follow, max-snippet:-1, max-image-preview:large, max-video-preview:-1\" \/>\n<link rel=\"canonical\" href=\"https:\/\/aivlisoft.net\/shop\/producto\/ubiquiti-airmax-sector-am-5g17-90-5ghz-17dbi\/\" \/>\n<meta property=\"og:locale\" content=\"es_ES\" \/>\n<meta property=\"og:type\" content=\"article\" \/>\n<meta property=\"og:title\" content=\"Ubiquiti AirMax Sector AM-5G17-90 5GHz 17dBi - Aivlisoft Inform\u00e1tica\" \/>\n<meta property=\"og:description\" content=\"Antena Sectorial&nbsp;AM-5G17-90 2&#215;2 MIMO para Estaci&oacute;n Base, 5 GHz, 17 dBi &nbsp; Cobertura sectorial La Antena Sector AirMax es sectorial 2&#215;2 Doble Polaridad antena MIMO Sector que fue dise&ntilde;ado para integrarse perfectamente con radios RocketM (RocketM se vende por separado). Une el radio de la RocketM con alcance de la antena de Airmax Sector para&hellip;&nbsp;Ubiquiti AirMax Sector AM-5G17-90 5GHz 17dBi\" \/>\n<meta property=\"og:url\" content=\"https:\/\/aivlisoft.net\/shop\/producto\/ubiquiti-airmax-sector-am-5g17-90-5ghz-17dbi\/\" \/>\n<meta property=\"og:site_name\" content=\"Aivlisoft Inform\u00e1tica\" \/>\n<meta property=\"article:modified_time\" content=\"2025-01-14T10:22:51+00:00\" \/>\n<meta property=\"og:image\" content=\"https:\/\/aivlisoft.net\/shop\/wp-content\/uploads\/2025\/01\/ANEAWI0052_800-1.jpg\" \/>\n\t<meta property=\"og:image:width\" content=\"800\" \/>\n\t<meta property=\"og:image:height\" content=\"800\" \/>\n\t<meta property=\"og:image:type\" content=\"image\/jpeg\" \/>\n<meta name=\"twitter:card\" content=\"summary_large_image\" \/>\n<meta name=\"twitter:label1\" content=\"Tiempo de lectura\" \/>\n\t<meta name=\"twitter:data1\" content=\"2 minutos\" \/>\n<script type=\"application\/ld+json\" class=\"yoast-schema-graph\">{\"@context\":\"https:\/\/schema.org\",\"@graph\":[{\"@type\":\"WebPage\",\"@id\":\"https:\/\/aivlisoft.net\/shop\/producto\/ubiquiti-airmax-sector-am-5g17-90-5ghz-17dbi\/\",\"url\":\"https:\/\/aivlisoft.net\/shop\/producto\/ubiquiti-airmax-sector-am-5g17-90-5ghz-17dbi\/\",\"name\":\"Ubiquiti AirMax Sector AM-5G17-90 5GHz 17dBi - Aivlisoft Inform\u00e1tica\",\"isPartOf\":{\"@id\":\"https:\/\/aivlisoft.net\/shop\/#website\"},\"primaryImageOfPage\":{\"@id\":\"https:\/\/aivlisoft.net\/shop\/producto\/ubiquiti-airmax-sector-am-5g17-90-5ghz-17dbi\/#primaryimage\"},\"image\":{\"@id\":\"https:\/\/aivlisoft.net\/shop\/producto\/ubiquiti-airmax-sector-am-5g17-90-5ghz-17dbi\/#primaryimage\"},\"thumbnailUrl\":\"https:\/\/aivlisoft.net\/shop\/wp-content\/uploads\/2025\/01\/ANEAWI0052_800-1.jpg\",\"datePublished\":\"2025-01-13T13:29:27+00:00\",\"dateModified\":\"2025-01-14T10:22:51+00:00\",\"breadcrumb\":{\"@id\":\"https:\/\/aivlisoft.net\/shop\/producto\/ubiquiti-airmax-sector-am-5g17-90-5ghz-17dbi\/#breadcrumb\"},\"inLanguage\":\"es\",\"potentialAction\":[{\"@type\":\"ReadAction\",\"target\":[\"https:\/\/aivlisoft.net\/shop\/producto\/ubiquiti-airmax-sector-am-5g17-90-5ghz-17dbi\/\"]}]},{\"@type\":\"ImageObject\",\"inLanguage\":\"es\",\"@id\":\"https:\/\/aivlisoft.net\/shop\/producto\/ubiquiti-airmax-sector-am-5g17-90-5ghz-17dbi\/#primaryimage\",\"url\":\"https:\/\/aivlisoft.net\/shop\/wp-content\/uploads\/2025\/01\/ANEAWI0052_800-1.jpg\",\"contentUrl\":\"https:\/\/aivlisoft.net\/shop\/wp-content\/uploads\/2025\/01\/ANEAWI0052_800-1.jpg\",\"width\":800,\"height\":800},{\"@type\":\"BreadcrumbList\",\"@id\":\"https:\/\/aivlisoft.net\/shop\/producto\/ubiquiti-airmax-sector-am-5g17-90-5ghz-17dbi\/#breadcrumb\",\"itemListElement\":[{\"@type\":\"ListItem\",\"position\":1,\"name\":\"Portada\",\"item\":\"https:\/\/aivlisoft.net\/shop\/\"},{\"@type\":\"ListItem\",\"position\":2,\"name\":\"Tienda\",\"item\":\"https:\/\/aivlisoft.net\/shop\/tienda\/\"},{\"@type\":\"ListItem\",\"position\":3,\"name\":\"Ubiquiti AirMax Sector AM-5G17-90 5GHz 17dBi\"}]},{\"@type\":\"WebSite\",\"@id\":\"https:\/\/aivlisoft.net\/shop\/#website\",\"url\":\"https:\/\/aivlisoft.net\/shop\/\",\"name\":\"Aivlisoft Inform\u00e1tica\",\"description\":\"En Aivlisoft Inform\u00e1tica ofrecemos soluciones tecnol\u00f3gicas para empresas: venta de ordenadores, consumibles, perif\u00e9ricos y m\u00e1s. Calidad, atenci\u00f3n personalizada y los mejores precios para tu negocio.\",\"publisher\":{\"@id\":\"https:\/\/aivlisoft.net\/shop\/#organization\"},\"potentialAction\":[{\"@type\":\"SearchAction\",\"target\":{\"@type\":\"EntryPoint\",\"urlTemplate\":\"https:\/\/aivlisoft.net\/shop\/?s={search_term_string}\"},\"query-input\":{\"@type\":\"PropertyValueSpecification\",\"valueRequired\":true,\"valueName\":\"search_term_string\"}}],\"inLanguage\":\"es\"},{\"@type\":\"Organization\",\"@id\":\"https:\/\/aivlisoft.net\/shop\/#organization\",\"name\":\"Aivlisoft Inform\u00e1tica\",\"url\":\"https:\/\/aivlisoft.net\/shop\/\",\"logo\":{\"@type\":\"ImageObject\",\"inLanguage\":\"es\",\"@id\":\"https:\/\/aivlisoft.net\/shop\/#\/schema\/logo\/image\/\",\"url\":\"https:\/\/aivlisoft.net\/shop\/wp-content\/uploads\/2024\/12\/removal.ai_5b848c54-0cdf-4140-95c5-c5536bb7573b-logodef.png\",\"contentUrl\":\"https:\/\/aivlisoft.net\/shop\/wp-content\/uploads\/2024\/12\/removal.ai_5b848c54-0cdf-4140-95c5-c5536bb7573b-logodef.png\",\"width\":484,\"height\":182,\"caption\":\"Aivlisoft Inform\u00e1tica\"},\"image\":{\"@id\":\"https:\/\/aivlisoft.net\/shop\/#\/schema\/logo\/image\/\"}}]}<\/script>\n<!-- \/ Yoast SEO plugin. -->","yoast_head_json":{"title":"Ubiquiti AirMax Sector AM-5G17-90 5GHz 17dBi - Aivlisoft Inform\u00e1tica","robots":{"index":"index","follow":"follow","max-snippet":"max-snippet:-1","max-image-preview":"max-image-preview:large","max-video-preview":"max-video-preview:-1"},"canonical":"https:\/\/aivlisoft.net\/shop\/producto\/ubiquiti-airmax-sector-am-5g17-90-5ghz-17dbi\/","og_locale":"es_ES","og_type":"article","og_title":"Ubiquiti AirMax Sector AM-5G17-90 5GHz 17dBi - Aivlisoft Inform\u00e1tica","og_description":"Antena Sectorial&nbsp;AM-5G17-90 2&#215;2 MIMO para Estaci&oacute;n Base, 5 GHz, 17 dBi &nbsp; Cobertura sectorial La Antena Sector AirMax es sectorial 2&#215;2 Doble Polaridad antena MIMO Sector que fue dise&ntilde;ado para integrarse perfectamente con radios RocketM (RocketM se vende por separado). Une el radio de la RocketM con alcance de la antena de Airmax Sector para&hellip;&nbsp;Ubiquiti AirMax Sector AM-5G17-90 5GHz 17dBi","og_url":"https:\/\/aivlisoft.net\/shop\/producto\/ubiquiti-airmax-sector-am-5g17-90-5ghz-17dbi\/","og_site_name":"Aivlisoft Inform\u00e1tica","article_modified_time":"2025-01-14T10:22:51+00:00","og_image":[{"width":800,"height":800,"url":"https:\/\/aivlisoft.net\/shop\/wp-content\/uploads\/2025\/01\/ANEAWI0052_800-1.jpg","type":"image\/jpeg"}],"twitter_card":"summary_large_image","twitter_misc":{"Tiempo de lectura":"2 minutos"},"schema":{"@context":"https:\/\/schema.org","@graph":[{"@type":"WebPage","@id":"https:\/\/aivlisoft.net\/shop\/producto\/ubiquiti-airmax-sector-am-5g17-90-5ghz-17dbi\/","url":"https:\/\/aivlisoft.net\/shop\/producto\/ubiquiti-airmax-sector-am-5g17-90-5ghz-17dbi\/","name":"Ubiquiti AirMax Sector AM-5G17-90 5GHz 17dBi - Aivlisoft Inform\u00e1tica","isPartOf":{"@id":"https:\/\/aivlisoft.net\/shop\/#website"},"primaryImageOfPage":{"@id":"https:\/\/aivlisoft.net\/shop\/producto\/ubiquiti-airmax-sector-am-5g17-90-5ghz-17dbi\/#primaryimage"},"image":{"@id":"https:\/\/aivlisoft.net\/shop\/producto\/ubiquiti-airmax-sector-am-5g17-90-5ghz-17dbi\/#primaryimage"},"thumbnailUrl":"https:\/\/aivlisoft.net\/shop\/wp-content\/uploads\/2025\/01\/ANEAWI0052_800-1.jpg","datePublished":"2025-01-13T13:29:27+00:00","dateModified":"2025-01-14T10:22:51+00:00","breadcrumb":{"@id":"https:\/\/aivlisoft.net\/shop\/producto\/ubiquiti-airmax-sector-am-5g17-90-5ghz-17dbi\/#breadcrumb"},"inLanguage":"es","potentialAction":[{"@type":"ReadAction","target":["https:\/\/aivlisoft.net\/shop\/producto\/ubiquiti-airmax-sector-am-5g17-90-5ghz-17dbi\/"]}]},{"@type":"ImageObject","inLanguage":"es","@id":"https:\/\/aivlisoft.net\/shop\/producto\/ubiquiti-airmax-sector-am-5g17-90-5ghz-17dbi\/#primaryimage","url":"https:\/\/aivlisoft.net\/shop\/wp-content\/uploads\/2025\/01\/ANEAWI0052_800-1.jpg","contentUrl":"https:\/\/aivlisoft.net\/shop\/wp-content\/uploads\/2025\/01\/ANEAWI0052_800-1.jpg","width":800,"height":800},{"@type":"BreadcrumbList","@id":"https:\/\/aivlisoft.net\/shop\/producto\/ubiquiti-airmax-sector-am-5g17-90-5ghz-17dbi\/#breadcrumb","itemListElement":[{"@type":"ListItem","position":1,"name":"Portada","item":"https:\/\/aivlisoft.net\/shop\/"},{"@type":"ListItem","position":2,"name":"Tienda","item":"https:\/\/aivlisoft.net\/shop\/tienda\/"},{"@type":"ListItem","position":3,"name":"Ubiquiti AirMax Sector AM-5G17-90 5GHz 17dBi"}]},{"@type":"WebSite","@id":"https:\/\/aivlisoft.net\/shop\/#website","url":"https:\/\/aivlisoft.net\/shop\/","name":"Aivlisoft Inform\u00e1tica","description":"En Aivlisoft Inform\u00e1tica ofrecemos soluciones tecnol\u00f3gicas para empresas: venta de ordenadores, consumibles, perif\u00e9ricos y m\u00e1s. Calidad, atenci\u00f3n personalizada y los mejores precios para tu negocio.","publisher":{"@id":"https:\/\/aivlisoft.net\/shop\/#organization"},"potentialAction":[{"@type":"SearchAction","target":{"@type":"EntryPoint","urlTemplate":"https:\/\/aivlisoft.net\/shop\/?s={search_term_string}"},"query-input":{"@type":"PropertyValueSpecification","valueRequired":true,"valueName":"search_term_string"}}],"inLanguage":"es"},{"@type":"Organization","@id":"https:\/\/aivlisoft.net\/shop\/#organization","name":"Aivlisoft Inform\u00e1tica","url":"https:\/\/aivlisoft.net\/shop\/","logo":{"@type":"ImageObject","inLanguage":"es","@id":"https:\/\/aivlisoft.net\/shop\/#\/schema\/logo\/image\/","url":"https:\/\/aivlisoft.net\/shop\/wp-content\/uploads\/2024\/12\/removal.ai_5b848c54-0cdf-4140-95c5-c5536bb7573b-logodef.png","contentUrl":"https:\/\/aivlisoft.net\/shop\/wp-content\/uploads\/2024\/12\/removal.ai_5b848c54-0cdf-4140-95c5-c5536bb7573b-logodef.png","width":484,"height":182,"caption":"Aivlisoft Inform\u00e1tica"},"image":{"@id":"https:\/\/aivlisoft.net\/shop\/#\/schema\/logo\/image\/"}}]}},"_links":{"self":[{"href":"https:\/\/aivlisoft.net\/shop\/wp-json\/wp\/v2\/product\/6011","targetHints":{"allow":["GET"]}}],"collection":[{"href":"https:\/\/aivlisoft.net\/shop\/wp-json\/wp\/v2\/product"}],"about":[{"href":"https:\/\/aivlisoft.net\/shop\/wp-json\/wp\/v2\/types\/product"}],"wp:featuredmedia":[{"embeddable":true,"href":"https:\/\/aivlisoft.net\/shop\/wp-json\/wp\/v2\/media\/6012"}],"wp:attachment":[{"href":"https:\/\/aivlisoft.net\/shop\/wp-json\/wp\/v2\/media?parent=6011"}],"wp:term":[{"taxonomy":"product_brand","embeddable":true,"href":"https:\/\/aivlisoft.net\/shop\/wp-json\/wp\/v2\/product_brand?post=6011"},{"taxonomy":"product_cat","embeddable":true,"href":"https:\/\/aivlisoft.net\/shop\/wp-json\/wp\/v2\/product_cat?post=6011"},{"taxonomy":"product_tag","embeddable":true,"href":"https:\/\/aivlisoft.net\/shop\/wp-json\/wp\/v2\/product_tag?post=6011"}],"curies":[{"name":"wp","href":"https:\/\/api.w.org\/{rel}","templated":true}]}}