{"id":6007,"date":"2025-01-13T13:29:25","date_gmt":"2025-01-13T13:29:25","guid":{"rendered":"https:\/\/aivlisoft.com\/?post_type=product&#038;p=6007"},"modified":"2025-01-14T10:22:49","modified_gmt":"2025-01-14T10:22:49","slug":"ubiquiti-inyector-poe-poe-2412w-24vdc-0-5a","status":"publish","type":"product","link":"https:\/\/aivlisoft.net\/shop\/producto\/ubiquiti-inyector-poe-poe-2412w-24vdc-0-5a\/","title":{"rendered":"Ubiquiti Inyector PoE POE-2412W 24VDC 0.5A"},"content":{"rendered":"<div>PoE 24V Dise&ntilde;ado por Ubiquiti para sus Estaciones y CPEs. Los modelos de 24V, 0.5A , POE- 24-12W y POE- 24-12W -G , se pueden montar en la pared utilizando los soportes opcionales de montaje.<\/div>\n<p><\/p>\n<table class=\"tabla_caracteristicas\" width=\"100%\">\n<tbody>\n<tr>\n<td><strong>Marca<\/strong><\/td>\n<td>Ubiquiti<\/td>\n<\/tr>\n<tr>\n<td><strong>Modelo<\/strong><\/td>\n<td>POE-2412W<\/td>\n<\/tr>\n<tr>\n<td><strong>Funci&oacute;n<\/strong><\/td>\n<td>\n<div>Adaptador PoE 24V (24V 0.5A)<\/div>\n<\/td>\n<\/tr>\n<tr>\n<td><strong>Caracter&iacute;sticas<\/strong><\/td>\n<td>\n<div>&#8211; Tensi&oacute;n de salida 24VDC @0.5A<br \/>\t\t\t&#8211; Tensi&oacute;n de entrada 90-260VAC @47-63Hz&quot;&gt; @47-63Hz<br \/>\t\t\t&#8211; Corriente de entrada 0.3A @120VAC&quot;&gt;<\/div>\n<div>&nbsp; @120VAC, 0.2A @230VAC&quot;&gt; @230VAC<br \/>\t\t\t&#8211; Corrientes m&aacute;ximas @230VAC<br \/>\t\t\t&#8211; Eficiencia 70+%<br \/>\t\t\t&#8211; Rizado de salida 1% Max<br \/>\t\t\t&#8211; Frecuencia de conmutaci&oacute;n 200kHz<br \/>\t\t\t&#8211; Regulaci&oacute;n de l&iacute;nea +\/- 0.5%<br \/>\t\t\t&#8211; Regulaci&oacute;n de carga +\/- 1%<br \/>\t\t\t&#8211; Temperatura de Operaci&oacute;n -10C a +60C<br \/>\t\t\t&#8211; Temperatura de Almacenamiento -20 a +85C<br \/>\t\t\t&#8211; Humedad relativa 5% a 90% sin condensaci&oacute;n<br \/>\t\t\t&#8211; Dimensiones (LxWxH) 85x43x30 mm<br \/>\t\t\t&#8211; Peso 100 grs.<br \/>\t\t\t&#8211; Conector AC IEC-320 C6 Data IN \/ POE Conector RJ45 reforzado 80%<br \/>\t\t\t&#8211; Indicator de Corriente LED<br \/>\t\t\t&#8211; Protecci&oacute;n contra descargas Modo com&uacute;n<br \/>\t\t\t&#8211; Protecci&oacute;n de voltaje residual 11V<br \/>\t\t\t&#8211; Datos, 77.5V<br \/>\t\t\t&#8211; Energ&iacute;a M&aacute;xima descarga 1200A (8\/20uS)<br \/>\t\t\t&#8211; Energ&iacute;a Pico de Corriente 36A (10\/1000uS)<br \/>\t\t\t&#8211; Datos Capacitancia &lt;5pf datos<br \/>\t\t\t&#8211; Tiempo de respuesta &lt;1nS<br \/>\t\t\t&#8211; Normas UL, EN55022 (CISPR22) class B, CE<\/div>\n<\/td>\n<\/tr>\n<tr>\n<td><strong>Folleto t&eacute;cnico<\/strong><\/td>\n<td><a href=\"https:\/\/dl.ubnt.com\/datasheets\/poe\/PoE_Adapters_DS.pdf\" target=\"_blank\">https:\/\/dl.ubnt.com\/datasheets\/poe\/PoE_Adapters_DS.pdf<\/a><\/td>\n<\/tr>\n<tr>\n<td><strong>Fecha Revisi&oacute;n<\/strong><\/td>\n<td>11-08-2014 por FE4<\/td>\n<\/tr>\n<\/tbody>\n<\/table>\n","protected":false},"excerpt":{"rendered":"<p>PoE 24V Dise&ntilde;ado por Ubiquiti para sus Estaciones y CPEs. Los modelos de 24V, 0.5A , POE- 24-12W y POE- 24-12W -G , se pueden montar en la pared utilizando los soportes opcionales de montaje. Marca Ubiquiti Modelo POE-2412W Funci&oacute;n Adaptador PoE 24V (24V 0.5A) Caracter&iacute;sticas &#8211; Tensi&oacute;n de salida 24VDC @0.5A &#8211; Tensi&oacute;n de&hellip;&nbsp;<a href=\"https:\/\/aivlisoft.net\/shop\/producto\/ubiquiti-inyector-poe-poe-2412w-24vdc-0-5a\/\" rel=\"bookmark\"><span class=\"screen-reader-text\">Ubiquiti Inyector PoE POE-2412W 24VDC 0.5A<\/span><\/a><\/p>\n","protected":false},"featured_media":6008,"template":"","meta":{"neve_meta_sidebar":"","neve_meta_container":"","neve_meta_enable_content_width":"","neve_meta_content_width":0,"neve_meta_title_alignment":"","neve_meta_author_avatar":"","neve_post_elements_order":"","neve_meta_disable_header":"","neve_meta_disable_footer":"","neve_meta_disable_title":""},"product_brand":[],"product_cat":[8705],"product_tag":[1904],"class_list":{"0":"post-6007","1":"product","2":"type-product","3":"status-publish","4":"has-post-thumbnail","6":"product_cat-accesorios-redes-wifi","7":"product_tag-poe-2412w","9":"first","10":"instock","11":"taxable","12":"shipping-taxable","13":"purchasable","14":"product-type-simple"},"yoast_head":"<!-- This site is optimized with the Yoast SEO plugin v26.0 - https:\/\/yoast.com\/wordpress\/plugins\/seo\/ -->\n<title>Ubiquiti Inyector PoE POE-2412W 24VDC 0.5A - Aivlisoft Inform\u00e1tica<\/title>\n<meta name=\"robots\" content=\"index, follow, max-snippet:-1, max-image-preview:large, max-video-preview:-1\" \/>\n<link rel=\"canonical\" href=\"https:\/\/aivlisoft.net\/shop\/producto\/ubiquiti-inyector-poe-poe-2412w-24vdc-0-5a\/\" \/>\n<meta property=\"og:locale\" content=\"es_ES\" \/>\n<meta property=\"og:type\" content=\"article\" \/>\n<meta property=\"og:title\" content=\"Ubiquiti Inyector PoE POE-2412W 24VDC 0.5A - Aivlisoft Inform\u00e1tica\" \/>\n<meta property=\"og:description\" content=\"PoE 24V Dise&ntilde;ado por Ubiquiti para sus Estaciones y CPEs. Los modelos de 24V, 0.5A , POE- 24-12W y POE- 24-12W -G , se pueden montar en la pared utilizando los soportes opcionales de montaje. Marca Ubiquiti Modelo POE-2412W Funci&oacute;n Adaptador PoE 24V (24V 0.5A) Caracter&iacute;sticas &#8211; Tensi&oacute;n de salida 24VDC @0.5A &#8211; Tensi&oacute;n de&hellip;&nbsp;Ubiquiti Inyector PoE POE-2412W 24VDC 0.5A\" \/>\n<meta property=\"og:url\" content=\"https:\/\/aivlisoft.net\/shop\/producto\/ubiquiti-inyector-poe-poe-2412w-24vdc-0-5a\/\" \/>\n<meta property=\"og:site_name\" content=\"Aivlisoft Inform\u00e1tica\" \/>\n<meta property=\"article:modified_time\" content=\"2025-01-14T10:22:49+00:00\" \/>\n<meta property=\"og:image\" content=\"https:\/\/aivlisoft.net\/shop\/wp-content\/uploads\/2025\/01\/ANEAWI0049_800-1.jpg\" \/>\n\t<meta property=\"og:image:width\" content=\"800\" \/>\n\t<meta property=\"og:image:height\" content=\"800\" \/>\n\t<meta property=\"og:image:type\" content=\"image\/jpeg\" \/>\n<meta name=\"twitter:card\" content=\"summary_large_image\" \/>\n<meta name=\"twitter:label1\" content=\"Tiempo de lectura\" \/>\n\t<meta name=\"twitter:data1\" content=\"1 minuto\" \/>\n<script type=\"application\/ld+json\" class=\"yoast-schema-graph\">{\"@context\":\"https:\/\/schema.org\",\"@graph\":[{\"@type\":\"WebPage\",\"@id\":\"https:\/\/aivlisoft.net\/shop\/producto\/ubiquiti-inyector-poe-poe-2412w-24vdc-0-5a\/\",\"url\":\"https:\/\/aivlisoft.net\/shop\/producto\/ubiquiti-inyector-poe-poe-2412w-24vdc-0-5a\/\",\"name\":\"Ubiquiti Inyector PoE POE-2412W 24VDC 0.5A - Aivlisoft Inform\u00e1tica\",\"isPartOf\":{\"@id\":\"https:\/\/aivlisoft.net\/shop\/#website\"},\"primaryImageOfPage\":{\"@id\":\"https:\/\/aivlisoft.net\/shop\/producto\/ubiquiti-inyector-poe-poe-2412w-24vdc-0-5a\/#primaryimage\"},\"image\":{\"@id\":\"https:\/\/aivlisoft.net\/shop\/producto\/ubiquiti-inyector-poe-poe-2412w-24vdc-0-5a\/#primaryimage\"},\"thumbnailUrl\":\"https:\/\/aivlisoft.net\/shop\/wp-content\/uploads\/2025\/01\/ANEAWI0049_800-1.jpg\",\"datePublished\":\"2025-01-13T13:29:25+00:00\",\"dateModified\":\"2025-01-14T10:22:49+00:00\",\"breadcrumb\":{\"@id\":\"https:\/\/aivlisoft.net\/shop\/producto\/ubiquiti-inyector-poe-poe-2412w-24vdc-0-5a\/#breadcrumb\"},\"inLanguage\":\"es\",\"potentialAction\":[{\"@type\":\"ReadAction\",\"target\":[\"https:\/\/aivlisoft.net\/shop\/producto\/ubiquiti-inyector-poe-poe-2412w-24vdc-0-5a\/\"]}]},{\"@type\":\"ImageObject\",\"inLanguage\":\"es\",\"@id\":\"https:\/\/aivlisoft.net\/shop\/producto\/ubiquiti-inyector-poe-poe-2412w-24vdc-0-5a\/#primaryimage\",\"url\":\"https:\/\/aivlisoft.net\/shop\/wp-content\/uploads\/2025\/01\/ANEAWI0049_800-1.jpg\",\"contentUrl\":\"https:\/\/aivlisoft.net\/shop\/wp-content\/uploads\/2025\/01\/ANEAWI0049_800-1.jpg\",\"width\":800,\"height\":800},{\"@type\":\"BreadcrumbList\",\"@id\":\"https:\/\/aivlisoft.net\/shop\/producto\/ubiquiti-inyector-poe-poe-2412w-24vdc-0-5a\/#breadcrumb\",\"itemListElement\":[{\"@type\":\"ListItem\",\"position\":1,\"name\":\"Portada\",\"item\":\"https:\/\/aivlisoft.net\/shop\/\"},{\"@type\":\"ListItem\",\"position\":2,\"name\":\"Tienda\",\"item\":\"https:\/\/aivlisoft.net\/shop\/tienda\/\"},{\"@type\":\"ListItem\",\"position\":3,\"name\":\"Ubiquiti Inyector PoE POE-2412W 24VDC 0.5A\"}]},{\"@type\":\"WebSite\",\"@id\":\"https:\/\/aivlisoft.net\/shop\/#website\",\"url\":\"https:\/\/aivlisoft.net\/shop\/\",\"name\":\"Aivlisoft Inform\u00e1tica\",\"description\":\"En Aivlisoft Inform\u00e1tica ofrecemos soluciones tecnol\u00f3gicas para empresas: venta de ordenadores, consumibles, perif\u00e9ricos y m\u00e1s. Calidad, atenci\u00f3n personalizada y los mejores precios para tu negocio.\",\"publisher\":{\"@id\":\"https:\/\/aivlisoft.net\/shop\/#organization\"},\"potentialAction\":[{\"@type\":\"SearchAction\",\"target\":{\"@type\":\"EntryPoint\",\"urlTemplate\":\"https:\/\/aivlisoft.net\/shop\/?s={search_term_string}\"},\"query-input\":{\"@type\":\"PropertyValueSpecification\",\"valueRequired\":true,\"valueName\":\"search_term_string\"}}],\"inLanguage\":\"es\"},{\"@type\":\"Organization\",\"@id\":\"https:\/\/aivlisoft.net\/shop\/#organization\",\"name\":\"Aivlisoft Inform\u00e1tica\",\"url\":\"https:\/\/aivlisoft.net\/shop\/\",\"logo\":{\"@type\":\"ImageObject\",\"inLanguage\":\"es\",\"@id\":\"https:\/\/aivlisoft.net\/shop\/#\/schema\/logo\/image\/\",\"url\":\"https:\/\/aivlisoft.net\/shop\/wp-content\/uploads\/2024\/12\/removal.ai_5b848c54-0cdf-4140-95c5-c5536bb7573b-logodef.png\",\"contentUrl\":\"https:\/\/aivlisoft.net\/shop\/wp-content\/uploads\/2024\/12\/removal.ai_5b848c54-0cdf-4140-95c5-c5536bb7573b-logodef.png\",\"width\":484,\"height\":182,\"caption\":\"Aivlisoft Inform\u00e1tica\"},\"image\":{\"@id\":\"https:\/\/aivlisoft.net\/shop\/#\/schema\/logo\/image\/\"}}]}<\/script>\n<!-- \/ Yoast SEO plugin. -->","yoast_head_json":{"title":"Ubiquiti Inyector PoE POE-2412W 24VDC 0.5A - Aivlisoft Inform\u00e1tica","robots":{"index":"index","follow":"follow","max-snippet":"max-snippet:-1","max-image-preview":"max-image-preview:large","max-video-preview":"max-video-preview:-1"},"canonical":"https:\/\/aivlisoft.net\/shop\/producto\/ubiquiti-inyector-poe-poe-2412w-24vdc-0-5a\/","og_locale":"es_ES","og_type":"article","og_title":"Ubiquiti Inyector PoE POE-2412W 24VDC 0.5A - Aivlisoft Inform\u00e1tica","og_description":"PoE 24V Dise&ntilde;ado por Ubiquiti para sus Estaciones y CPEs. Los modelos de 24V, 0.5A , POE- 24-12W y POE- 24-12W -G , se pueden montar en la pared utilizando los soportes opcionales de montaje. Marca Ubiquiti Modelo POE-2412W Funci&oacute;n Adaptador PoE 24V (24V 0.5A) Caracter&iacute;sticas &#8211; Tensi&oacute;n de salida 24VDC @0.5A &#8211; Tensi&oacute;n de&hellip;&nbsp;Ubiquiti Inyector PoE POE-2412W 24VDC 0.5A","og_url":"https:\/\/aivlisoft.net\/shop\/producto\/ubiquiti-inyector-poe-poe-2412w-24vdc-0-5a\/","og_site_name":"Aivlisoft Inform\u00e1tica","article_modified_time":"2025-01-14T10:22:49+00:00","og_image":[{"width":800,"height":800,"url":"https:\/\/aivlisoft.net\/shop\/wp-content\/uploads\/2025\/01\/ANEAWI0049_800-1.jpg","type":"image\/jpeg"}],"twitter_card":"summary_large_image","twitter_misc":{"Tiempo de lectura":"1 minuto"},"schema":{"@context":"https:\/\/schema.org","@graph":[{"@type":"WebPage","@id":"https:\/\/aivlisoft.net\/shop\/producto\/ubiquiti-inyector-poe-poe-2412w-24vdc-0-5a\/","url":"https:\/\/aivlisoft.net\/shop\/producto\/ubiquiti-inyector-poe-poe-2412w-24vdc-0-5a\/","name":"Ubiquiti Inyector PoE POE-2412W 24VDC 0.5A - Aivlisoft Inform\u00e1tica","isPartOf":{"@id":"https:\/\/aivlisoft.net\/shop\/#website"},"primaryImageOfPage":{"@id":"https:\/\/aivlisoft.net\/shop\/producto\/ubiquiti-inyector-poe-poe-2412w-24vdc-0-5a\/#primaryimage"},"image":{"@id":"https:\/\/aivlisoft.net\/shop\/producto\/ubiquiti-inyector-poe-poe-2412w-24vdc-0-5a\/#primaryimage"},"thumbnailUrl":"https:\/\/aivlisoft.net\/shop\/wp-content\/uploads\/2025\/01\/ANEAWI0049_800-1.jpg","datePublished":"2025-01-13T13:29:25+00:00","dateModified":"2025-01-14T10:22:49+00:00","breadcrumb":{"@id":"https:\/\/aivlisoft.net\/shop\/producto\/ubiquiti-inyector-poe-poe-2412w-24vdc-0-5a\/#breadcrumb"},"inLanguage":"es","potentialAction":[{"@type":"ReadAction","target":["https:\/\/aivlisoft.net\/shop\/producto\/ubiquiti-inyector-poe-poe-2412w-24vdc-0-5a\/"]}]},{"@type":"ImageObject","inLanguage":"es","@id":"https:\/\/aivlisoft.net\/shop\/producto\/ubiquiti-inyector-poe-poe-2412w-24vdc-0-5a\/#primaryimage","url":"https:\/\/aivlisoft.net\/shop\/wp-content\/uploads\/2025\/01\/ANEAWI0049_800-1.jpg","contentUrl":"https:\/\/aivlisoft.net\/shop\/wp-content\/uploads\/2025\/01\/ANEAWI0049_800-1.jpg","width":800,"height":800},{"@type":"BreadcrumbList","@id":"https:\/\/aivlisoft.net\/shop\/producto\/ubiquiti-inyector-poe-poe-2412w-24vdc-0-5a\/#breadcrumb","itemListElement":[{"@type":"ListItem","position":1,"name":"Portada","item":"https:\/\/aivlisoft.net\/shop\/"},{"@type":"ListItem","position":2,"name":"Tienda","item":"https:\/\/aivlisoft.net\/shop\/tienda\/"},{"@type":"ListItem","position":3,"name":"Ubiquiti Inyector PoE POE-2412W 24VDC 0.5A"}]},{"@type":"WebSite","@id":"https:\/\/aivlisoft.net\/shop\/#website","url":"https:\/\/aivlisoft.net\/shop\/","name":"Aivlisoft Inform\u00e1tica","description":"En Aivlisoft Inform\u00e1tica ofrecemos soluciones tecnol\u00f3gicas para empresas: venta de ordenadores, consumibles, perif\u00e9ricos y m\u00e1s. Calidad, atenci\u00f3n personalizada y los mejores precios para tu negocio.","publisher":{"@id":"https:\/\/aivlisoft.net\/shop\/#organization"},"potentialAction":[{"@type":"SearchAction","target":{"@type":"EntryPoint","urlTemplate":"https:\/\/aivlisoft.net\/shop\/?s={search_term_string}"},"query-input":{"@type":"PropertyValueSpecification","valueRequired":true,"valueName":"search_term_string"}}],"inLanguage":"es"},{"@type":"Organization","@id":"https:\/\/aivlisoft.net\/shop\/#organization","name":"Aivlisoft Inform\u00e1tica","url":"https:\/\/aivlisoft.net\/shop\/","logo":{"@type":"ImageObject","inLanguage":"es","@id":"https:\/\/aivlisoft.net\/shop\/#\/schema\/logo\/image\/","url":"https:\/\/aivlisoft.net\/shop\/wp-content\/uploads\/2024\/12\/removal.ai_5b848c54-0cdf-4140-95c5-c5536bb7573b-logodef.png","contentUrl":"https:\/\/aivlisoft.net\/shop\/wp-content\/uploads\/2024\/12\/removal.ai_5b848c54-0cdf-4140-95c5-c5536bb7573b-logodef.png","width":484,"height":182,"caption":"Aivlisoft Inform\u00e1tica"},"image":{"@id":"https:\/\/aivlisoft.net\/shop\/#\/schema\/logo\/image\/"}}]}},"_links":{"self":[{"href":"https:\/\/aivlisoft.net\/shop\/wp-json\/wp\/v2\/product\/6007","targetHints":{"allow":["GET"]}}],"collection":[{"href":"https:\/\/aivlisoft.net\/shop\/wp-json\/wp\/v2\/product"}],"about":[{"href":"https:\/\/aivlisoft.net\/shop\/wp-json\/wp\/v2\/types\/product"}],"wp:featuredmedia":[{"embeddable":true,"href":"https:\/\/aivlisoft.net\/shop\/wp-json\/wp\/v2\/media\/6008"}],"wp:attachment":[{"href":"https:\/\/aivlisoft.net\/shop\/wp-json\/wp\/v2\/media?parent=6007"}],"wp:term":[{"taxonomy":"product_brand","embeddable":true,"href":"https:\/\/aivlisoft.net\/shop\/wp-json\/wp\/v2\/product_brand?post=6007"},{"taxonomy":"product_cat","embeddable":true,"href":"https:\/\/aivlisoft.net\/shop\/wp-json\/wp\/v2\/product_cat?post=6007"},{"taxonomy":"product_tag","embeddable":true,"href":"https:\/\/aivlisoft.net\/shop\/wp-json\/wp\/v2\/product_tag?post=6007"}],"curies":[{"name":"wp","href":"https:\/\/api.w.org\/{rel}","templated":true}]}}